{"id":36243,"date":"2024-09-23T15:43:24","date_gmt":"2024-09-23T08:43:24","guid":{"rendered":"https:\/\/havamall.com\/?page_id=36243"},"modified":"2024-09-23T16:12:56","modified_gmt":"2024-09-23T09:12:56","slug":"doi-tra","status":"publish","type":"page","link":"https:\/\/havamall.com\/en\/doi-tra\/","title":{"rendered":"Ch\u00ednh s\u00e1ch \u0111\u1ed5i tr\u1ea3"},"content":{"rendered":"<div class=\"heading-pageDetail\">\n<h1>Ch\u00ednh s\u00e1ch mua v\u00e0 \u0111\u1ed5i, tr\u1ea3 h\u00e0ng<\/h1>\n<\/div>\n<div class=\"content-pageDetail typeList-style\">\n<div>\n<p><strong>\u0110i\u1ec1u ki\u1ec7n \u0111\u1ed5i \/ tr\u1ea3 h\u00e0ng:<\/strong><\/p>\n<p>Ng\u01b0\u1eddi mua c\u00f3 th\u1ec3 y\u00eau c\u1ea7u tr\u1ea3 h\u00e0ng\/ho\u00e0n ti\u1ec1n trong c\u00e1c tr\u01b0\u1eddng h\u1ee3p sau:<\/p>\n<ul>\n<li>Ng\u01b0\u1eddi mua \u0111\u00e3 thanh to\u00e1n nh\u01b0ng kh\u00f4ng nh\u1eadn \u0111\u01b0\u1ee3c s\u1ea3n ph\u1ea9m, ho\u1eb7c kh\u00f4ng nh\u1eadn \u0111\u01b0\u1ee3c to\u00e0n b\u1ed9 c\u00e1c s\u1ea3n ph\u1ea9m \u0111\u00e3 \u0111\u1eb7t, ho\u1eb7c nh\u1eadn \u0111\u01b0\u1ee3c s\u1ea3n ph\u1ea9m kh\u00f4ng \u0111\u00fang v\u1edbi \u0111\u01a1n h\u00e0ng.<\/li>\n<li>S\u1ea3n ph\u1ea9m \u0111\u1ed5i tr\u1ea3 ph\u1ea3i m\u1edbi 100% ch\u01b0a \u0111\u01b0\u1ee3c s\u1eed d\u1ee5ng, c\u00f2n nguy\u00ean nh\u00e3n m\u00e1c, nguy\u00ean h\u1ed9p, ph\u1ee5 ki\u1ec7n, v\u00e0 qu\u00e0 t\u1eb7ng k\u00e8m theo (n\u1ebfu c\u00f3).<\/li>\n<li>Ng\u01b0\u1eddi mua ph\u1ea3i quay video ho\u1eb7c ch\u1ee5p l\u1ea1i \u1ea3nh s\u1ea3n ph\u1ea9m c\u00f9ng l\u00fd do mu\u1ed1n \u0111\u1ed5i tr\u1ea3 h\u00e0ng ho\u00e1 \u0111\u1ec3 x\u00e1c \u0111\u1ecbnh \u0111\u1ee7 \u0111i\u1ec1u ki\u1ec7n \u0111\u1ed5i tr\u1ea3 h\u00e0ng v\u00e0 gi\u1ea3i quy\u1ebft khi\u1ebfu n\u1ea1i n\u1ebfu c\u00f3.<\/li>\n<\/ul>\n<p><strong>Th\u1eddi gian cho ph\u00e9p \u0111\u1ed5i \/ tr\u1ea3 h\u00e0ng<\/strong>: Ng\u01b0\u1eddi mua c\u00f3 th\u1ec3 g\u1eedi y\u00eau c\u1ea7u tr\u1ea3 h\u00e0ng\/ho\u00e0n ti\u1ec1n trong v\u00f2ng\u00a0 v\u00e0 03 (ba) ng\u00e0y k\u1ec3 t\u1eeb l\u00fac \u0111\u01a1n h\u00e0ng \u0111\u01b0\u1ee3c c\u1eadp nh\u1eadt giao h\u00e0ng th\u00e0nh c\u00f4ng.<\/p>\n<p><strong>H\u00ecnh th\u1ee9c \u0111\u1ed5i \/ tr\u1ea3 h\u00e0ng:<\/strong><\/p>\n<ul>\n<li>Theo h\u00ecnh th\u1ee9c \u201cL\u1ea5y h\u00e0ng ho\u00e0n tr\u1ea3 t\u1ea1i nh\u00e0\u201d ho\u1eb7c \u201cG\u1eedi tr\u1ea3 h\u00e0ng t\u1ea1i b\u01b0u c\u1ee5c\u201d: Ng\u01b0\u1eddi mua kh\u00f4ng ph\u1ea3i thanh to\u00e1n b\u1ea5t c\u1ee9 kho\u1ea3n ph\u00ed v\u1eadn chuy\u1ec3n n\u00e0o cho vi\u1ec7c tr\u1ea3 h\u00e0ng<\/li>\n<li>Theo h\u00ecnh th\u1ee9c \u201cT\u1ef1 s\u1eafp x\u1ebfp\u201d: Ng\u01b0\u1eddi mua c\u1ea7n thanh to\u00e1n tr\u01b0\u1edbc chi ph\u00ed v\u1eadn chuy\u1ec3n cho vi\u1ec7c tr\u1ea3 h\u00e0ng. Khi ng\u01b0\u1eddi mua \u0111\u00e1p \u1ee9ng \u0111\u01b0\u1ee3c c\u00e1c \u0111i\u1ec1u ki\u1ec7n \u0111\u1ec3 \u0111\u01b0\u1ee3c h\u1ed7 tr\u1ee3 trong th\u1eddi h\u1ea1n 3-5 ng\u00e0y l\u00e0m vi\u1ec7c k\u1ec3 t\u1eeb ng\u00e0y Ng\u01b0\u1eddi mua \u0111\u00e3 g\u1eedi tr\u1ea3 h\u00e0ng cho \u0111\u01a1n v\u1ecb v\u1eadn chuy\u1ec3n v\u00e0 y\u00eau c\u1ea7u tr\u1ea3 h\u00e0ng\/ho\u00e0n ti\u1ec1n c\u1ee7a ng\u01b0\u1eddi mua \u0111\u01b0\u1ee3c ch\u1ea5p nh\u1eadn.<\/li>\n<\/ul>\n<\/div>\n<\/div>","protected":false},"excerpt":{"rendered":"<p>Ch\u00ednh s\u00e1ch mua v\u00e0 \u0111\u1ed5i, tr\u1ea3 h\u00e0ng \u0110i\u1ec1u ki\u1ec7n \u0111\u1ed5i \/ tr\u1ea3 h\u00e0ng: Ng\u01b0\u1eddi mua c\u00f3 th\u1ec3 y\u00eau c\u1ea7u tr\u1ea3<\/p>","protected":false},"author":59002,"featured_media":0,"parent":0,"menu_order":0,"comment_status":"closed","ping_status":"closed","template":"","meta":{"footnotes":""},"class_list":["post-36243","page","type-page","status-publish","hentry"],"_links":{"self":[{"href":"https:\/\/havamall.com\/en\/wp-json\/wp\/v2\/pages\/36243","targetHints":{"allow":["GET"]}}],"collection":[{"href":"https:\/\/havamall.com\/en\/wp-json\/wp\/v2\/pages"}],"about":[{"href":"https:\/\/havamall.com\/en\/wp-json\/wp\/v2\/types\/page"}],"author":[{"embeddable":true,"href":"https:\/\/havamall.com\/en\/wp-json\/wp\/v2\/users\/59002"}],"replies":[{"embeddable":true,"href":"https:\/\/havamall.com\/en\/wp-json\/wp\/v2\/comments?post=36243"}],"version-history":[{"count":0,"href":"https:\/\/havamall.com\/en\/wp-json\/wp\/v2\/pages\/36243\/revisions"}],"wp:attachment":[{"href":"https:\/\/havamall.com\/en\/wp-json\/wp\/v2\/media?parent=36243"}],"curies":[{"name":"wp","href":"https:\/\/api.w.org\/{rel}","templated":true}]}}