{"id":36247,"date":"2024-09-23T15:47:12","date_gmt":"2024-09-23T08:47:12","guid":{"rendered":"https:\/\/havamall.com\/?page_id=36247"},"modified":"2024-09-23T15:47:43","modified_gmt":"2024-09-23T08:47:43","slug":"hoan-tien","status":"publish","type":"page","link":"https:\/\/havamall.com\/en\/hoan-tien\/","title":{"rendered":"Ch\u00ednh s\u00e1ch ho\u00e0n ti\u1ec1n cho h\u00e0ng tr\u1ea3 l\u1ea1i"},"content":{"rendered":"<p>Ch\u1ec9 ho\u00e0n ti\u1ec1n cho ng\u01b0\u1eddi mua khi ng\u01b0\u1eddi mua \u0111\u00e1p \u1ee9ng m\u1ed9t trong c\u00e1c tr\u01b0\u1eddng h\u1ee3p sau:<\/p>\n<ul>\n<li>Ng\u01b0\u1eddi b\u00e1n x\u00e1c nh\u1eadn \u0111\u00e3 nh\u1eadn \u0111\u01b0\u1ee3c H\u00e0ng tr\u1ea3 l\u1ea1i.<\/li>\n<li>Ng\u01b0\u1eddi mua ch\u1ea5p nh\u1eadn \u0111\u1ec1 xu\u1ea5t ho\u00e0n ti\u1ec1n kh\u00f4ng c\u1ea7n tr\u1ea3 h\u00e0ng c\u1ee7a Ng\u01b0\u1eddi b\u00e1n<\/li>\n<li>\u0110\u01a1n h\u00e0ng c\u1ee7a Ng\u01b0\u1eddi mua \u0111\u1ee7 \u0111i\u1ec1u ki\u1ec7n \u0111\u01b0\u1ee3c tr\u1ea3 h\u00e0ng\/ho\u00e0n ti\u1ec1n quy\u1ebft \u0111\u1ecbnh cho Ng\u01b0\u1eddi mua \u0111\u01b0\u1ee3c ho\u00e0n ti\u1ec1n khi Ng\u01b0\u1eddi mua \u0111\u00e3 g\u1eedi tr\u1ea3 h\u00e0ng cho \u0111\u01a1n v\u1ecb v\u1eadn chuy\u1ec3n v\u00e0 \u0111\u01a1n v\u1ecb v\u1eadn chuy\u1ec3n x\u00e1c nh\u1eadn \u0111\u00e3 nh\u1eadn \u0111\u01b0\u1ee3c h\u00e0ng ho\u00e0n tr\u1ea3.<\/li>\n<\/ul>\n<p>T\u00f9y t\u1eebng tr\u01b0\u1eddng h\u1ee3p, ti\u1ec1n ho\u00e0n tr\u1ea3 s\u1ebd \u0111\u01b0\u1ee3c chuy\u1ec3n v\u00e0o s\u1ed1 d\u01b0 t\u00e0i kho\u1ea3n ho\u0103\u0323c th\u1ebb t\u00edn d\u1ee5ng\/ ghi n\u01a1\u0323 cu\u0309a Ng\u01b0\u01a1\u0300i mua.<\/p>\n<p>Th\u1eddi gian ho\u00e0n ti\u1ec1n:<\/p>\n<ul>\n<li>\u0110\u1ed1i v\u1edbi c\u00e1c \u0111\u01a1n h\u00e0ng \u0111\u01b0\u1ee3c thanh to\u00e1n b\u1eb1ng th\u1ebb ATM ho\u1eb7c t\u00e0i kho\u1ea3n ng\u00e2n h\u00e0ng: th\u1eddi gian ho\u00e0n ti\u1ec1n l\u00e0 4 &#8211; 6 ng\u00e0y l\u00e0m vi\u1ec7c.<\/li>\n<li>\u0110\u1ed1i v\u1edbi c\u00e1c \u0111\u01a1n h\u00e0ng \u0111\u01b0\u1ee3c thanh to\u00e1n b\u1eb1ng c\u00e1c lo\u1ea1i th\u1ebb thanh to\u00e1n qu\u1ed1c t\u1ebf nh\u01b0 VISA, Master Card, JCB: th\u1eddi gian ho\u00e0n ti\u1ec1n t\u1eeb 6 &#8211; 8 ng\u00e0y l\u00e0m vi\u1ec7c.<\/li>\n<\/ul>","protected":false},"excerpt":{"rendered":"<p>Ch\u1ec9 ho\u00e0n ti\u1ec1n cho ng\u01b0\u1eddi mua khi ng\u01b0\u1eddi mua \u0111\u00e1p \u1ee9ng m\u1ed9t trong c\u00e1c tr\u01b0\u1eddng h\u1ee3p sau: Ng\u01b0\u1eddi b\u00e1n x\u00e1c<\/p>","protected":false},"author":59002,"featured_media":0,"parent":0,"menu_order":0,"comment_status":"closed","ping_status":"closed","template":"","meta":{"footnotes":""},"class_list":["post-36247","page","type-page","status-publish","hentry"],"_links":{"self":[{"href":"https:\/\/havamall.com\/en\/wp-json\/wp\/v2\/pages\/36247","targetHints":{"allow":["GET"]}}],"collection":[{"href":"https:\/\/havamall.com\/en\/wp-json\/wp\/v2\/pages"}],"about":[{"href":"https:\/\/havamall.com\/en\/wp-json\/wp\/v2\/types\/page"}],"author":[{"embeddable":true,"href":"https:\/\/havamall.com\/en\/wp-json\/wp\/v2\/users\/59002"}],"replies":[{"embeddable":true,"href":"https:\/\/havamall.com\/en\/wp-json\/wp\/v2\/comments?post=36247"}],"version-history":[{"count":0,"href":"https:\/\/havamall.com\/en\/wp-json\/wp\/v2\/pages\/36247\/revisions"}],"wp:attachment":[{"href":"https:\/\/havamall.com\/en\/wp-json\/wp\/v2\/media?parent=36247"}],"curies":[{"name":"wp","href":"https:\/\/api.w.org\/{rel}","templated":true}]}}