{"id":36256,"date":"2024-09-23T15:57:46","date_gmt":"2024-09-23T08:57:46","guid":{"rendered":"https:\/\/havamall.com\/?page_id=36256"},"modified":"2024-09-23T15:57:46","modified_gmt":"2024-09-23T08:57:46","slug":"phan-dinh-trach-nhiem","status":"publish","type":"page","link":"https:\/\/havamall.com\/en\/phan-dinh-trach-nhiem\/","title":{"rendered":"Ph\u00e2n \u0111\u1ecbnh tr\u00e1ch nhi\u1ec7m c\u1ee7a th\u01b0\u01a1ng nh\u00e2n, t\u1ed5 ch\u1ee9c cung \u1ee9ng d\u1ecbch v\u1ee5 logistics v\u1ec1 cung c\u1ea5p ch\u1ee9ng t\u1eeb h\u00e0ng h\u00f3a trong qu\u00e1 tr\u00ecnh giao nh\u1eadn."},"content":{"rendered":"<div class=\"heading-pageDetail\">\n<h1>Ph\u00e2n \u0111\u1ecbnh tr\u00e1ch nhi\u1ec7m c\u1ee7a th\u01b0\u01a1ng nh\u00e2n, t\u1ed5 ch\u1ee9c cung \u1ee9ng d\u1ecbch v\u1ee5 logistics v\u1ec1 cung c\u1ea5p ch\u1ee9ng t\u1eeb h\u00e0ng h\u00f3a trong qu\u00e1 tr\u00ecnh giao nh\u1eadn.<\/h1>\n<\/div>\n<div class=\"content-pageDetail typeList-style\">\n<p><strong><u>T\u1ea5t c\u1ea3 c\u00e1c \u0111\u01a1n h\u00e0ng \u0111\u1ec1u \u0111\u01b0\u1ee3c \u0111\u00f3ng g\u00f3i s\u1eb5n s\u00e0ng tr\u01b0\u1edbc khi v\u1eadn chuy\u1ec3n<\/u><\/strong><\/p>\n<p>\u0110\u01a1n v\u1ecb v\u1eadn chuy\u1ec3n s\u1ebd ch\u1ec9 ch\u1ecbu tr\u00e1ch nhi\u1ec7m v\u1eadn chuy\u1ec3n h\u00e0ng h\u00f3a theo nguy\u00ean t\u1eafc \u201cnguy\u00ean \u0111ai, nguy\u00ean ki\u1ec7n.<\/p>\n<p>Tr\u00ean bao b\u00ec t\u1ea5t c\u1ea3 c\u00e1c \u0111\u01a1n h\u00e0ng \u0111\u1ec1u c\u00f3 th\u00f4ng tin:<\/p>\n<p>Th\u00f4ng tin Ng\u01b0\u1eddi nh\u1eadn, bao g\u1ed3m: T\u00ean ng\u01b0\u1eddi nh\u1eadn, s\u1ed1 \u0111i\u1ec7n tho\u1ea1i v\u00e0 \u0111\u1ecba ch\u1ec9 ng\u01b0\u1eddi nh\u1eadn<\/p>\n<p>M\u00e3 v\u1eadn \u0111\u01a1n c\u1ee7a \u0111\u01a1n h\u00e0ng<\/p>\n<p>\u0110\u1ec3 \u0111\u1ea3m b\u1ea3o an to\u00e0n cho h\u00e0ng h\u00f3a Havamall s\u1ebd g\u1eedi k\u00e8m h\u00f3a \u0111\u01a1n t\u00e0i ch\u00ednh ho\u1eb7c phi\u1ebfu xu\u1ea5t kho h\u1ee3p l\u1ec7 c\u1ee7a s\u1ea3n ph\u1ea9m trong b\u01b0u ki\u1ec7n (n\u1ebfu c\u00f3).<\/p>\n<p>H\u00f3a \u0111\u01a1n t\u00e0i ch\u00ednh ho\u1eb7c phi\u1ebfu xu\u1ea5t kho l\u00e0 c\u0103n c\u1ee9 h\u1ed7 tr\u1ee3 qu\u00e1 tr\u00ecnh x\u1eed l\u00fd khi\u1ebfu n\u1ea1i nh\u01b0: x\u00e1c \u0111\u1ecbnh gi\u00e1 tr\u1ecb th\u1ecb tr\u01b0\u1eddng c\u1ee7a h\u00e0ng h\u00f3a, \u0111\u1ea3m b\u1ea3o h\u00e0ng h\u00f3a l\u01b0u th\u00f4ng h\u1ee3p l\u1ec7<\/p>\n<h3><strong><u>Tr\u00e1ch nhi\u1ec7m v\u1ec1 tr\u01b0\u1eddng h\u1ee3p h\u00e0ng b\u1ecb h\u01b0 h\u1ecfng do qu\u00e1 tr\u00ecnh v\u1eadn chuy\u1ec3n<\/u><\/strong><\/h3>\n<p>V\u1ec1 vi\u1ec7c cung c\u1ea5p ch\u1ee9ng t\u1eeb h\u00e0ng h\u00f3a trong qu\u00e1 tr\u00ecnh giao nh\u1eadn.<\/p>\n<p>\u0110\u1ed1i v\u1edbi h\u00e0ng h\u00f3a b\u1ecb h\u01b0 h\u1ecfng do qu\u00e1 tr\u00ecnh v\u1eadn chuy\u1ec3n d\u00f9 l\u00e0 \u0111\u01a1n h\u00e0ng do ch\u00ednh c\u1eeda h\u00e0ng v\u1eadn chuy\u1ec3n hay do b\u00ean th\u1ee9 3 v\u1eadn chuy\u1ec3n th\u00ec ch\u00fang t\u00f4i s\u1ebd l\u00e0 b\u00ean \u0111\u1ee9ng ra ch\u1ecbu tr\u00e1ch nhi\u1ec7m gi\u1ea3i quy\u1ebft v\u1ea5n \u0111\u1ec1 cho kh\u00e1ch h\u00e0ng.<\/p>\n<p>Kh\u00e1ch h\u00e0ng c\u00f3 quy\u1ec1n t\u1eeb ch\u1ed1i nh\u1eadn s\u1ea3n ph\u1ea9m v\u00e0 y\u00eau c\u1ea7u \u0111\u1ed5i tr\u1ea3 theo quy \u0111\u1ecbnh \u201c\u00a0<em><strong>\u0111\u1ed5i tr\u1ea3 ho\u00e0n ph\u00ed<\/strong><\/em>\u201d c\u00f2n m\u1ecdi v\u1ea5n \u0111\u1ec1 ph\u00e1t sinh ch\u00fang t\u00f4i s\u1ebd l\u00e0m vi\u1ec7c l\u1ea1i v\u1edbi \u0111\u1ed1i t\u00e1c v\u1eadn chuy\u1ec3n \u0111\u1ec3 gi\u1ea3i quy\u1ebft \u0111\u1ec1n b\u00f9 cho \u0111\u01a1n h\u00e0ng theo th\u1ecfa thu\u1eadn h\u1ee3p t\u00e1c gi\u1eefa c\u00f4ng ty v\u1edbi \u0111\u1ed1i t\u00e1c th\u1ee9 3 cung c\u1ea5p d\u1ecbch v\u1ee5 v\u1eadn chuy\u1ec3n.<\/p>\n<p>L\u01b0u \u00fd: Tr\u01b0\u1eddng h\u1ee3p ph\u00e1t sinh ch\u1eadm tr\u1ec5 trong vi\u1ec7c giao h\u00e0ng ch\u00fang t\u00f4i s\u1ebd th\u00f4ng tin k\u1ecbp th\u1eddi cho kh\u00e1ch h\u00e0ng v\u00e0 kh\u00e1ch h\u00e0ng c\u00f3 th\u1ec3 l\u1ef1a ch\u1ecdn gi\u1eefa vi\u1ec7c H\u1ee7y ho\u1eb7c ti\u1ebfp t\u1ee5c ch\u1edd h\u00e0ng.<\/p>\n<\/div>","protected":false},"excerpt":{"rendered":"<p>Ph\u00e2n \u0111\u1ecbnh tr\u00e1ch nhi\u1ec7m c\u1ee7a th\u01b0\u01a1ng nh\u00e2n, t\u1ed5 ch\u1ee9c cung \u1ee9ng d\u1ecbch v\u1ee5 logistics v\u1ec1 cung c\u1ea5p ch\u1ee9ng t\u1eeb h\u00e0ng<\/p>","protected":false},"author":59002,"featured_media":0,"parent":0,"menu_order":0,"comment_status":"closed","ping_status":"closed","template":"","meta":{"footnotes":""},"class_list":["post-36256","page","type-page","status-publish","hentry"],"_links":{"self":[{"href":"https:\/\/havamall.com\/en\/wp-json\/wp\/v2\/pages\/36256","targetHints":{"allow":["GET"]}}],"collection":[{"href":"https:\/\/havamall.com\/en\/wp-json\/wp\/v2\/pages"}],"about":[{"href":"https:\/\/havamall.com\/en\/wp-json\/wp\/v2\/types\/page"}],"author":[{"embeddable":true,"href":"https:\/\/havamall.com\/en\/wp-json\/wp\/v2\/users\/59002"}],"replies":[{"embeddable":true,"href":"https:\/\/havamall.com\/en\/wp-json\/wp\/v2\/comments?post=36256"}],"version-history":[{"count":0,"href":"https:\/\/havamall.com\/en\/wp-json\/wp\/v2\/pages\/36256\/revisions"}],"wp:attachment":[{"href":"https:\/\/havamall.com\/en\/wp-json\/wp\/v2\/media?parent=36256"}],"curies":[{"name":"wp","href":"https:\/\/api.w.org\/{rel}","templated":true}]}}