{"id":36259,"date":"2024-09-23T15:59:47","date_gmt":"2024-09-23T08:59:47","guid":{"rendered":"https:\/\/havamall.com\/?page_id=36259"},"modified":"2024-09-23T15:59:47","modified_gmt":"2024-09-23T08:59:47","slug":"bao-mat-thong-tin","status":"publish","type":"page","link":"https:\/\/havamall.com\/en\/bao-mat-thong-tin\/","title":{"rendered":"Ch\u00ednh s\u00e1ch v\u1ec1 b\u1ea3o m\u1eadt th\u00f4ng tin thanh to\u00e1n cho kh\u00e1ch h\u00e0ng"},"content":{"rendered":"<p><u><strong>Quy tr\u00ecnh thanh to\u00e1n<\/strong><\/u><\/p>\n<p>Hi\u1ec7n t\u1ea1i c\u1eeda h\u00e0ng ch\u00fang t\u00f4i h\u1ed7 tr\u1ee3 02 h\u00ecnh th\u1ee9c thanh to\u00e1n, gi\u00fap b\u1ea1n ch\u1ee7 \u0111\u1ed9ng v\u00e0 thu\u1eadn ti\u1ec7n h\u01a1n trong qu\u00e1 tr\u00ecnh giao h\u00e0ng:<\/p>\n<p><u><em>1. Thanh to\u00e1n tr\u1ef1c tuy\u1ebfn tr\u00ean website<\/em><\/u><\/p>\n<p>\u0110\u1ed1i v\u1edbi h\u00ecnh th\u1ee9c n\u00e0y, sau khi b\u1ea1n \u0111\u00e3 t\u1ea1o \u0111\u01a1n h\u00e0ng th\u00e0nh c\u00f4ng \u1edf tr\u00ean website b\u1ea1n vui l\u00f2ng chuy\u1ec3n kho\u1ea3n t\u1ed5ng gi\u00e1 tr\u1ecb \u0111\u01a1n h\u00e0ng qua t\u00e0i kho\u1ea3n sau \u0111\u00e2y:<\/p>\n<p class=\"p1\">Th\u00f4ng tin STK ng\u00e2n h\u00e0ng:<\/p>\n<p class=\"p1\">Ng\u00e2n h\u00e0ng ACB<\/p>\n<p class=\"p1\">Ch\u1ee7 t\u00e0i kho\u1ea3n: CTY TNHH HAVAMALL VIET NAM<\/p>\n<p class=\"p1\">S\u1ed1 t\u00e0i kho\u1ea3n: 8888999808<\/p>\n<p class=\"p1\">Chi nh\u00e1nh Ph\u00fa L\u00e2m<\/p>\n<p><strong>L\u01b0u \u00fd:<\/strong>\u00a0Khi kh\u00e1ch h\u00e0ng chuy\u1ec3n kho\u1ea3n, vui l\u00f2ng ghi r\u00f5: H\u1ecd t\u00ean, s\u1ea3n ph\u1ea9m mua v\u00e0 M\u00e3 s\u1ea3n ph\u1ea9m \u1edf ph\u1ea7n n\u1ed9i dung chuy\u1ec3n kho\u1ea3n.<\/p>\n<p><u><em>2. Thanh to\u00e1n khi nh\u1eadn h\u00e0ng (COD &#8211; Cash On Delivery)<\/em><\/u><\/p>\n<p>Havamall s\u1ebd li\u00ean h\u1ec7 v\u1edbi \u0111\u01a1n v\u1ecb v\u1eadn chuy\u1ec3n \u0111\u1ec3 g\u1eedi \u0111\u01a1n h\u00e0ng t\u1edbi Kh\u00e1ch h\u00e0ng. Khi kh\u00e1ch h\u00e0ng nh\u1eadn \u0111\u01b0\u1ee3c s\u1ea3n ph\u1ea9m, ki\u1ec3m tra ch\u1ea5t l\u01b0\u1ee3ng, quy c\u00e1ch \u0111\u00f3ng h\u00e0ng v\u00e0 H\u00f3a \u0111\u01a1n ch\u00ednh x\u00e1c s\u1ebd ti\u1ebfn h\u00e0nh thanh to\u00e1n.<\/p>\n<p>N\u1ebfu kh\u00e1ch h\u00e0ng nh\u1eadn th\u1ea5y c\u00f3 b\u1ea5t k\u1ef3 d\u1ea5u hi\u1ec7u n\u00e0o kh\u00f4ng \u0111\u00fang s\u1ef1 th\u1eadt ho\u1eb7c ch\u1ea5t l\u01b0\u1ee3ng h\u00e0ng h\u00f3a b\u1ecb h\u01b0 h\u1ecfng, vui l\u00f2ng li\u00ean h\u1ec7 ngay cho ch\u00fang t\u00f4i th\u00f4ng qua s\u1ed1 Hotline: 0946 229 642<\/p>\n<p><u><strong>II. \u0110\u1ea3m b\u1ea3o an to\u00e0n giao d\u1ecbch<\/strong><\/u><br \/>\n\u0110\u1ec3 \u0111\u1ea3m b\u1ea3o an to\u00e0n trong qu\u00e1 tr\u00ecnh giao d\u1ecbch gi\u1eefa Havamall shop v\u00e0 kh\u00e1ch h\u00e0ng, Ng\u01b0\u1eddi mua kh\u00f4ng n\u00ean \u0111\u01b0a th\u00f4ng tin chi ti\u1ebft v\u1ec1 vi\u1ec7c thanh to\u00e1n v\u1edbi b\u1ea5t k\u1ef3 ai b\u1eb1ng email ho\u1eb7c h\u00ecnh th\u1ee9c li\u00ean l\u1ea1c kh\u00e1c.<\/p>\n<p>Havamall kh\u00f4ng ch\u1ecbu tr\u00e1ch nhi\u1ec7m v\u1ec1 nh\u1eefng thi\u1ec7t h\u1ea1i hay r\u1ee7i ro th\u00e0nh vi\u00ean c\u00f3 th\u1ec3 g\u00e1nh ch\u1ecbu trong vi\u1ec7c trao \u0111\u1ed5i th\u00f4ng tin c\u1ee7a ng\u01b0\u1eddi mua qua Internet ho\u1eb7c email.<br \/>\nNg\u01b0\u1eddi mua tuy\u1ec7t \u0111\u1ed1i kh\u00f4ng s\u1eed d\u1ee5ng b\u1ea5t k\u1ef3 ch\u01b0\u01a1ng tr\u00ecnh, c\u00f4ng c\u1ee5 hay h\u00ecnh th\u1ee9c n\u00e0o kh\u00e1c \u0111\u1ec3 can thi\u1ec7p v\u00e0o h\u1ec7 th\u1ed1ng hay l\u00e0m thay \u0111\u1ed5i c\u1ea5u tr\u00fac d\u1eef li\u1ec7u.<\/p>\n<p>Nghi\u00eam c\u1ea5m vi\u1ec7c ph\u00e1t t\u00e1n, truy\u1ec1n b\u00e1 hay c\u1ed5 v\u0169 cho b\u1ea5t k\u1ef3 ho\u1ea1t \u0111\u1ed9ng n\u00e0o nh\u1eb1m can thi\u1ec7p, ph\u00e1 ho\u1ea1i hay x\u00e2m c\u1ee7a h\u1ec7 th\u1ed1ng website. M\u1ecdi vi ph\u1ea1m s\u1ebd b\u1ecb x\u1eed l\u00fd theo Quy ch\u1ebf v\u00e0 quy \u0111\u1ecbnh c\u1ee7a ph\u00e1p lu\u1eadt.<br \/>\nM\u1ecdi th\u00f4ng tin giao d\u1ecbch \u0111\u01b0\u1ee3c b\u1ea3o m\u1eadt, tr\u1eeb tr\u01b0\u1eddng h\u1ee3p bu\u1ed9c ph\u1ea3i cung c\u1ea5p khi C\u01a1 quan ph\u00e1p lu\u1eadt y\u00eau c\u1ea7u.<\/p>","protected":false},"excerpt":{"rendered":"<p>Quy tr\u00ecnh thanh to\u00e1n Hi\u1ec7n t\u1ea1i c\u1eeda h\u00e0ng ch\u00fang t\u00f4i h\u1ed7 tr\u1ee3 02 h\u00ecnh th\u1ee9c thanh to\u00e1n, gi\u00fap b\u1ea1n ch\u1ee7<\/p>","protected":false},"author":59002,"featured_media":0,"parent":0,"menu_order":0,"comment_status":"closed","ping_status":"closed","template":"","meta":{"footnotes":""},"class_list":["post-36259","page","type-page","status-publish","hentry"],"_links":{"self":[{"href":"https:\/\/havamall.com\/en\/wp-json\/wp\/v2\/pages\/36259","targetHints":{"allow":["GET"]}}],"collection":[{"href":"https:\/\/havamall.com\/en\/wp-json\/wp\/v2\/pages"}],"about":[{"href":"https:\/\/havamall.com\/en\/wp-json\/wp\/v2\/types\/page"}],"author":[{"embeddable":true,"href":"https:\/\/havamall.com\/en\/wp-json\/wp\/v2\/users\/59002"}],"replies":[{"embeddable":true,"href":"https:\/\/havamall.com\/en\/wp-json\/wp\/v2\/comments?post=36259"}],"version-history":[{"count":0,"href":"https:\/\/havamall.com\/en\/wp-json\/wp\/v2\/pages\/36259\/revisions"}],"wp:attachment":[{"href":"https:\/\/havamall.com\/en\/wp-json\/wp\/v2\/media?parent=36259"}],"curies":[{"name":"wp","href":"https:\/\/api.w.org\/{rel}","templated":true}]}}