{"id":36261,"date":"2024-09-23T16:03:54","date_gmt":"2024-09-23T09:03:54","guid":{"rendered":"https:\/\/havamall.com\/?page_id=36261"},"modified":"2024-09-23T16:03:54","modified_gmt":"2024-09-23T09:03:54","slug":"chu-so-huu","status":"publish","type":"page","link":"https:\/\/havamall.com\/en\/chu-so-huu\/","title":{"rendered":"Th\u00f4ng tin v\u1ec1 ch\u1ee7 s\u1edf h\u1eefu website(Chi ti\u1ebft: \u0110i\u1ec1u 29)"},"content":{"rendered":"<p><span class=\"text\"><strong>C\u00d4NG TY TNHH HAVAMALL VI\u1ec6T NAM<\/strong><\/span><\/p>\n<p><span class=\"text\">\u0110\u1ecba ch\u1ec9 \u0111\u0103ng k\u00fd kinh doanh: 114A B\u1ea1ch \u0110\u1eb1ng, ph\u01b0\u1eddng 02, qu\u1eadn T\u00e2n B\u00ecnh, TPHCM.<\/span><\/p>\n<p><span class=\"text\">Gi\u1ea5y ch\u1ee9ng nh\u1eadn \u0110\u0103ng k\u00fd Kinh doanh s\u1ed1\u00a0<\/span><strong><a class=\"text-is-phone-number\" data-z-element-type=\"phone-number\">0317998034<\/a><\/strong><span class=\"text\">\u00a0do\u00a0<strong>S\u1edf K\u1ebf ho\u1ea1ch v\u00e0 \u0110\u1ea7u t\u01b0 Th\u00e0nh ph\u1ed1 H\u1ed3 Ch\u00ed Minh<\/strong>\u00a0c\u1ea5p ng\u00e0y 17\/08\/2023<\/span><\/p>\n<p>Hotline: 0946 229 642<\/p>\n<p>Email: havamall.ltd@gmail.com<\/p>\n<p>Website: http:\/\/havamall.com<\/p>","protected":false},"excerpt":{"rendered":"<p>C\u00d4NG TY TNHH HAVAMALL VI\u1ec6T NAM \u0110\u1ecba ch\u1ec9 \u0111\u0103ng k\u00fd kinh doanh: 114A B\u1ea1ch \u0110\u1eb1ng, ph\u01b0\u1eddng 02, qu\u1eadn T\u00e2n B\u00ecnh,<\/p>","protected":false},"author":59002,"featured_media":0,"parent":0,"menu_order":0,"comment_status":"closed","ping_status":"closed","template":"","meta":{"footnotes":""},"class_list":["post-36261","page","type-page","status-publish","hentry"],"_links":{"self":[{"href":"https:\/\/havamall.com\/en\/wp-json\/wp\/v2\/pages\/36261","targetHints":{"allow":["GET"]}}],"collection":[{"href":"https:\/\/havamall.com\/en\/wp-json\/wp\/v2\/pages"}],"about":[{"href":"https:\/\/havamall.com\/en\/wp-json\/wp\/v2\/types\/page"}],"author":[{"embeddable":true,"href":"https:\/\/havamall.com\/en\/wp-json\/wp\/v2\/users\/59002"}],"replies":[{"embeddable":true,"href":"https:\/\/havamall.com\/en\/wp-json\/wp\/v2\/comments?post=36261"}],"version-history":[{"count":0,"href":"https:\/\/havamall.com\/en\/wp-json\/wp\/v2\/pages\/36261\/revisions"}],"wp:attachment":[{"href":"https:\/\/havamall.com\/en\/wp-json\/wp\/v2\/media?parent=36261"}],"curies":[{"name":"wp","href":"https:\/\/api.w.org\/{rel}","templated":true}]}}