{"id":36264,"date":"2024-09-23T16:07:26","date_gmt":"2024-09-23T09:07:26","guid":{"rendered":"https:\/\/havamall.com\/?page_id=36264"},"modified":"2024-09-23T16:07:26","modified_gmt":"2024-09-23T09:07:26","slug":"phuong-thuc-thanh-toan","status":"publish","type":"page","link":"https:\/\/havamall.com\/en\/phuong-thuc-thanh-toan\/","title":{"rendered":"Th\u00f4ng tin v\u1ec1 c\u00e1c ph\u01b0\u01a1ng th\u1ee9c thanh to\u00e1n (Chi ti\u1ebft: \u0110i\u1ec1u 34)"},"content":{"rendered":"<p><strong><u>H\u01b0\u1edbng d\u1eabn chi ti\u1ebft c\u00e1ch th\u1ee9c thanh to\u00e1n :<\/u><\/strong><\/p>\n<p>1. Thanh to\u00e1n khi nh\u1eadn h\u00e0ng (COD \/ Cash On Delivery):<\/p>\n<p>L\u00e0 c\u00e1ch thanh to\u00e1n d\u1ec5 d\u00e0ng nh\u1ea5t, \u0111\u1eb7c bi\u1ec7t khi qu\u00fd kh\u00e1ch kh\u00f4ng quen v\u1edbi c\u00e1c h\u00ecnh th\u1ee9c thanh to\u00e1n tr\u1ef1c tuy\u1ebfn.<br \/>\nXin h\u00e3y li\u00ean h\u1ec7 v\u1edbi hotline 0946 229 642 ho\u1eb7c email havamall.ltd@gmail.com \u0111\u1ec3 \u0111\u01b0\u1ee3c g\u1eb7p b\u1ed9 ph\u1eadn ch\u0103m s\u00f3c kh\u00e1ch h\u00e0ng x\u00e1c nh\u1eadn l\u1ea1i \u0111\u01a1n h\u00e0ng v\u00e0 thanh to\u00e1n.<\/p>\n<p>Ch\u00fang t\u00f4i s\u1ebd g\u1eedi h\u00e0ng t\u1edbi t\u1eadn n\u01a1i cho qu\u00fd kh\u00e1ch, v\u00e0 thu ti\u1ec1n qua h\u00ecnh th\u1ee9c COD.<\/p>\n<p>2.\u00a0Thanh to\u00e1n b\u1eb1ng h\u00ecnh th\u1ee9c chuy\u1ec3n kho\u1ea3n qua t\u00e0i kho\u1ea3n ng\u00e2n h\u00e0ng d\u01b0\u1edbi \u0111\u00e2y.<\/p>\n<p>\u0110\u00e2y l\u00e0 th\u00f4ng tin s\u1ed1 t\u00e0i kho\u1ea3n c\u1ee7a C\u00f4ng ty TNHH Havamall Vi\u1ec7t Nam<\/p>\n<ul>\n<li>\n<p class=\"p1\">Th\u00f4ng tin STK ng\u00e2n h\u00e0ng:<\/p>\n<p class=\"p1\">Ng\u00e2n h\u00e0ng ACB<\/p>\n<p class=\"p1\">Ch\u1ee7 t\u00e0i kho\u1ea3n: CTY TNHH HAVAMALL VIET NAM<\/p>\n<p class=\"p1\">S\u1ed1 t\u00e0i kho\u1ea3n: 8888999808<\/p>\n<p class=\"p1\">Chi nh\u00e1nh Ph\u00fa L\u00e2m<\/p>\n<\/li>\n<\/ul>","protected":false},"excerpt":{"rendered":"<p>H\u01b0\u1edbng d\u1eabn chi ti\u1ebft c\u00e1ch th\u1ee9c thanh to\u00e1n : 1. Thanh to\u00e1n khi nh\u1eadn h\u00e0ng (COD \/ Cash On Delivery):<\/p>","protected":false},"author":59002,"featured_media":0,"parent":0,"menu_order":0,"comment_status":"closed","ping_status":"closed","template":"","meta":{"footnotes":""},"class_list":["post-36264","page","type-page","status-publish","hentry"],"_links":{"self":[{"href":"https:\/\/havamall.com\/en\/wp-json\/wp\/v2\/pages\/36264","targetHints":{"allow":["GET"]}}],"collection":[{"href":"https:\/\/havamall.com\/en\/wp-json\/wp\/v2\/pages"}],"about":[{"href":"https:\/\/havamall.com\/en\/wp-json\/wp\/v2\/types\/page"}],"author":[{"embeddable":true,"href":"https:\/\/havamall.com\/en\/wp-json\/wp\/v2\/users\/59002"}],"replies":[{"embeddable":true,"href":"https:\/\/havamall.com\/en\/wp-json\/wp\/v2\/comments?post=36264"}],"version-history":[{"count":0,"href":"https:\/\/havamall.com\/en\/wp-json\/wp\/v2\/pages\/36264\/revisions"}],"wp:attachment":[{"href":"https:\/\/havamall.com\/en\/wp-json\/wp\/v2\/media?parent=36264"}],"curies":[{"name":"wp","href":"https:\/\/api.w.org\/{rel}","templated":true}]}}