{"id":36266,"date":"2024-09-23T16:11:41","date_gmt":"2024-09-23T09:11:41","guid":{"rendered":"https:\/\/havamall.com\/?page_id=36266"},"modified":"2024-09-23T16:14:02","modified_gmt":"2024-09-23T09:14:02","slug":"chinh-sach-thong-tin-ca-nhan","status":"publish","type":"page","link":"https:\/\/havamall.com\/en\/chinh-sach-thong-tin-ca-nhan\/","title":{"rendered":"Ch\u00ednh s\u00e1ch b\u1ea3o v\u1ec7 th\u00f4ng tin c\u00e1 nh\u00e2n c\u1ee7a ng\u01b0\u1eddi ti\u00eau d\u00f9ng (\u0110i\u1ec1u 68 \u0111\u1ebfn \u0110i\u1ec1u 73)"},"content":{"rendered":"<p>C\u1ea3m \u01a1n b\u1ea1n \u0111\u00e3 truy c\u1eadp v\u00e0o trang website \u0111\u01b0\u1ee3c v\u1eadn h\u00e0nh b\u1edfi Havamall. Ch\u00fang t\u00f4i t\u00f4n tr\u1ecdng v\u00e0 cam k\u1ebft s\u1ebd b\u1ea3o m\u1eadt nh\u1eefng th\u00f4ng tin mang t\u00ednh ri\u00eang t\u01b0 c\u1ee7a b\u1ea1n. Xin vui l\u00f2ng \u0111\u1ecdc b\u1ea3n <strong>Ch\u00ednh s\u00e1ch b\u1ea3o v\u1ec7 th\u00f4ng tin c\u00e1 nh\u00e2n c\u1ee7a ng\u01b0\u1eddi ti\u00eau d\u00f9ng<\/strong>\u00a0d\u01b0\u1edbi \u0111\u00e2y \u0111\u1ec3 hi\u1ec3u h\u01a1n nh\u1eefng cam k\u1ebft m\u00e0 ch\u00fang t\u00f4i th\u1ef1c hi\u1ec7n nh\u1eb1m t\u00f4n tr\u1ecdng v\u00e0 b\u1ea3o v\u1ec7 quy\u1ec1n l\u1ee3i c\u1ee7a ng\u01b0\u1eddi truy c\u1eadp.<br \/>\nB\u1ea3o v\u1ec7 th\u00f4ng tin c\u00e1 nh\u00e2n c\u1ee7a ng\u01b0\u1eddi ti\u00eau d\u00f9ng v\u00e0 g\u00e2y d\u1ef1ng \u0111\u01b0\u1ee3c ni\u1ec1m tin cho b\u1ea1n l\u00e0 v\u1ea5n \u0111\u1ec1 r\u1ea5t quan tr\u1ecdng v\u1edbi ch\u00fang t\u00f4i. V\u00ec v\u1eady, ch\u00fang t\u00f4i s\u1ebd d\u00f9ng t\u00ean v\u00e0 c\u00e1c th\u00f4ng tin kh\u00e1c li\u00ean quan \u0111\u1ebfn b\u1ea1n tu\u00e2n th\u1ee7 theo n\u1ed9i dung c\u1ee7a ch\u00ednh s\u00e1ch n\u00e0y. Ch\u00fang t\u00f4i ch\u1ec9 thu th\u1eadp nh\u1eefng th\u00f4ng tin c\u1ea7n thi\u1ebft li\u00ean quan \u0111\u1ebfn giao d\u1ecbch mua b\u00e1n.<\/p>\n<p><strong>CH\u00cdNH S\u00c1CH B\u1ea2O V\u1ec6 TH\u00d4NG TIN C\u00c1 NH\u00c2N C\u1ee6A NG\u01af\u1edcI TI\u00caU D\u00d9NG<\/strong><\/p>\n<p>Ng\u01b0\u1eddi Ti\u00eau D\u00f9ng ho\u1eb7c Kh\u00e1ch h\u00e0ng s\u1ebd \u0111\u01b0\u1ee3c y\u00eau c\u00e2\u0300u \u0111i\u1ec1n \u0111\u1ea7y \u0111\u1ee7 c\u00e1c th\u00f4ng tin theo c\u00e1c tr\u01b0\u1eddng th\u00f4ng tin theo m\u1eabu c\u00f3 s\u1eb5n tr\u00ean Website Havamall.com nh\u01b0: H\u1ecd v\u00e0 T\u00ean, \u0111\u1ecba ch\u1ec9 (nh\u00e0 ri\u00eang ho\u1eb7c v\u0103n ph\u00f2ng), \u0111\u1ecba ch\u1ec9 email (c\u00f4ng ty ho\u1eb7c c\u00e1 nh\u00e2n), s\u00f4\u0301 \u0111i\u00ea\u0323n tho\u1ea1i (di \u0111\u00f4\u0323ng, nh\u00e0 ri\u00eang ho\u1eb7c v\u0103n ph\u00f2ng), c\u00e1c chi ti\u00ea\u0301t th\u1ebb t\u00edn d\u1ee5ng (l\u00e0 lo\u1ea1i v\u00e0 s\u00f4\u0301 th\u1ebb t\u00edn d\u1ee5ng, m\u00e3 CVC, ng\u00e0y th\u00e1ng h\u00ea\u0301t h\u1ea1n, t\u00ean ch\u1ee7 th\u1ebb) v\u00e0 trong m\u1ee9c \u0111\u00f4\u0323 c\u00f3 th\u00ea\u0309, c\u00e1c tu\u1ef3 ch\u1ecdn&#8230; Th\u00f4ng tin n\u00e0y \u0111\u01b0\u1ee3c y\u00eau c\u00e2\u0300u \u0111\u00ea\u0309 \u0111\u1eb7t v\u00e0 ho\u00e0n t\u00e2\u0301t vi\u00ea\u0323c \u0111\u1eb7t h\u00e0ng online c\u1ee7a Kh\u00e1ch h\u00e0ng (bao g\u00f4\u0300m g\u1eedi email x\u00e1c nh\u00e2\u0323n \u0111\u1eb7t h\u00e0ng \u0111\u00ea\u0301n Kh\u00e1ch h\u00e0ng)<\/p>\n<p><strong>a) M\u1ee4C \u0110\u00cdCH THU TH\u1eacP TH\u00d4NG TIN C\u00c1 NH\u00c2N C\u1ee6A NG\u01af\u1edcI TI\u00caU D\u00d9NG<\/strong><\/p>\n<p>Cung c\u1ea5p d\u1ecbch v\u1ee5 cho Kh\u00e1ch h\u00e0ng v\u00e0 qu\u1ea3n l\u00fd, s\u1eed d\u1ee5ng th\u00f4ng tin c\u00e1 nh\u00e2n c\u1ee7a Ng\u01b0\u1eddi Ti\u00eau D\u00f9ng nh\u1eb1m m\u1ee5c \u0111\u00edch qu\u1ea3n l\u00fd c\u01a1 s\u1edf d\u1eef li\u1ec7u v\u1ec1 Ng\u01b0\u1eddi Ti\u00eau D\u00f9ng v\u00e0 k\u1ecbp th\u1eddi x\u1eed l\u00fd c\u00e1c t\u00ecnh hu\u1ed1ng ph\u00e1t sinh (n\u1ebfu c\u00f3).<\/p>\n<p><strong>b) PH\u1ea0M VI S\u1eec D\u1ee4NG TH\u00d4NG TIN C\u00c1 NH\u00c2N<\/strong><\/p>\n<p>Website Havamall s\u1eed d\u1ee5ng th\u00f4ng tin c\u1ee7a Ng\u01b0\u1eddi Ti\u00eau D\u00f9ng cung c\u1ea5p \u0111\u1ec3:<\/p>\n<p>\u2022 Cung c\u1ea5p c\u00e1c d\u1ecbch v\u1ee5 \u0111\u1ebfn Ng\u01b0\u1eddi Ti\u00eau D\u00f9ng;<br \/>\n\u2022 G\u1eedi c\u00e1c th\u00f4ng b\u00e1o v\u1ec1 c\u00e1c ho\u1ea1t \u0111\u1ed9ng trao \u0111\u1ed5i th\u00f4ng tin gi\u1eefa Ng\u01b0\u1eddi Ti\u00eau D\u00f9ng v\u00e0 Havamall<br \/>\n\u2022 Ng\u0103n ng\u1eeba c\u00e1c ho\u1ea1t \u0111\u1ed9ng ph\u00e1 h\u1ee7y, chi\u1ebfm \u0111o\u1ea1t t\u00e0i kho\u1ea3n ng\u01b0\u1eddi d\u00f9ng c\u1ee7a Ng\u01b0\u1eddi Ti\u00eau D\u00f9ng ho\u1eb7c c\u00e1c ho\u1ea1t \u0111\u1ed9ng gi\u1ea3 m\u1ea1o Ng\u01b0\u1eddi Ti\u00eau D\u00f9ng;<br \/>\n\u2022 Li\u00ean l\u1ea1c v\u00e0 gi\u1ea3i quy\u1ebft khi\u1ebfu n\u1ea1i v\u1edbi Ng\u01b0\u1eddi Ti\u00eau D\u00f9ng;<br \/>\n\u2022 X\u00e1c nh\u1eadn v\u00e0 trao \u0111\u1ed5i th\u00f4ng tin v\u1ec1 giao d\u1ecbch c\u1ee7a Ng\u01b0\u1eddi Ti\u00eau D\u00f9ng t\u1ea1i Havamall<br \/>\n\u2022 Trong tr\u01b0\u1eddng h\u1ee3p c\u00f3 y\u00eau c\u1ea7u c\u1ee7a c\u01a1 quan qu\u1ea3n l\u00fd nh\u00e0 n\u01b0\u1edbc c\u00f3 th\u1ea9m quy\u1ec1n.<\/p>\n<p><strong>c)TH\u1edcI GIAN L\u01afU TR\u1eee TH\u00d4NG TIN C\u00c1 NH\u00c2N<\/strong><\/p>\n<p>Kh\u00f4ng c\u00f3 th\u1eddi h\u1ea1n ngo\u1ea1i tr\u1eeb tr\u01b0\u1eddng h\u1ee3p Ng\u01b0\u1eddi Ti\u00eau D\u00f9ng g\u1eedi c\u00f3 y\u00eau c\u1ea7u h\u1ee7y b\u1ecf t\u1edbi cho Ban qu\u1ea3n tr\u1ecb ho\u1eb7c C\u00f4ng ty gi\u1ea3i th\u1ec3 ho\u1eb7c b\u1ecb ph\u00e1 s\u1ea3n.<\/p>\n<p><strong>d)NH\u1eeeNG NG\u01af\u1edcI HO\u1eb6C T\u1ed4 CH\u1ee8C C\u00d3 TH\u1ec2 \u0110\u01af\u1ee2C TI\u1ebeP C\u1eacN V\u1edaI TH\u00d4NG TIN C\u00c1 NH\u00c2N C\u1ee6A NG\u01af\u1edcI TI\u00caU D\u00d9NG<\/strong><\/p>\n<p>Ng\u01b0\u1eddi Ti\u00eau D\u00f9ng \u0111\u1ed3ng \u00fd r\u1eb1ng, trong tr\u01b0\u1eddng h\u1ee3p c\u1ea7n thi\u1ebft, c\u00e1c c\u01a1 quan\/ t\u1ed5 ch\u1ee9c\/c\u00e1 nh\u00e2n sau c\u00f3 quy\u1ec1n \u0111\u01b0\u1ee3c ti\u1ebfp c\u1eadn v\u00e0 thu th\u1eadp c\u00e1c th\u00f4ng tin c\u00e1 nh\u00e2n c\u1ee7a m\u00ecnh, bao g\u1ed3m:<\/p>\n<p>\u2022 Ban qu\u1ea3n tr\u1ecb.<br \/>\n\u2022 B\u00ean th\u1ee9 B\u00ean th\u1ee9 ba c\u00f3 d\u1ecbch v\u1ee5 t\u00edch h\u1ee3p v\u1edbi Website Havamall.com<br \/>\n\u2022 C\u00f4ng ty t\u1ed5 ch\u1ee9c s\u1ef1 ki\u1ec7n v\u00e0 nh\u00e0 t\u00e0i tr\u1ee3<br \/>\n\u2022 C\u01a1 quan nh\u00e0 n\u01b0\u1edbc c\u00f3 th\u1ea9m quy\u1ec1n trong tr\u01b0\u1eddng h\u1ee3p c\u00f3 y\u00eau c\u1ea7u theo quy \u0111\u1ecbnh t\u1ea1i quy ch\u1ebf \u00a0ho\u1ea1t \u0111\u1ed9ng<br \/>\n\u2022 C\u00f4ng ty nghi\u00ean c\u1ee9u th\u1ecb tr\u01b0\u1eddng<br \/>\n\u2022 C\u1ed1 v\u1ea5n t\u00e0i ch\u00ednh, ph\u00e1p l\u00fd v\u00e0 C\u00f4ng ty ki\u1ec3m to\u00e1n<br \/>\n\u2022 B\u00ean khi\u1ebfu n\u1ea1i ch\u1ee9ng minh \u0111\u01b0\u1ee3c h\u00e0nh vi vi ph\u1ea1m c\u1ee7a Ng\u01b0\u1eddi Ti\u00eau D\u00f9ng<br \/>\n\u2022 Theo y\u00eau c\u1ea7u c\u1ee7a c\u01a1 quan nh\u00e0 n\u01b0\u1edbc c\u00f3 th\u1ea9m quy\u1ec1n<\/p>\n<p><strong>\u00a0\u00a0 \u00a0\u0110\u1ecaA CH\u1ec8 C\u1ee6A \u0110\u01a0N V\u1eca THU TH\u1eacP V\u00c0 QU\u1ea2N L\u00dd TH\u00d4NG TIN<\/strong><\/p>\n<p><span class=\"text\"><strong>C\u00d4NG TY TNHH HAVAMALL VI\u1ec6T NAM<\/strong><\/span><\/p>\n<p><span class=\"text\">\u0110\u1ecba ch\u1ec9 \u0111\u0103ng k\u00fd kinh doanh: 114A B\u1ea1ch \u0110\u1eb1ng, ph\u01b0\u1eddng 02, qu\u1eadn T\u00e2n B\u00ecnh, TPHCM.<\/span><\/p>\n<p><span class=\"text\">Gi\u1ea5y ch\u1ee9ng nh\u1eadn \u0110\u0103ng k\u00fd Kinh doanh s\u1ed1\u00a0<\/span><strong><a class=\"text-is-phone-number\" data-z-element-type=\"phone-number\">0317998034<\/a><\/strong><span class=\"text\">\u00a0do\u00a0<strong>S\u1edf K\u1ebf ho\u1ea1ch v\u00e0 \u0110\u1ea7u t\u01b0 Th\u00e0nh ph\u1ed1 H\u1ed3 Ch\u00ed Minh<\/strong>\u00a0c\u1ea5p ng\u00e0y 17\/08\/2023<\/span><\/p>\n<p>Hotline: 0946 229 642<\/p>\n<p>Email: havamall.ltd@gmail.com<\/p>\n<p>Website: http:\/\/havamall.com<\/p>\n<p><strong>\u0111)<\/strong><strong>. PH\u01af\u01a0NG TI\u1ec6N V\u00c0 C\u00d4NG C\u1ee4 \u0110\u1ec2 NG\u01af\u1edcI TI\u00caU\u00a0<\/strong><strong>D\u00d9NG TI\u1ebeP C\u1eacN V\u00c0 CH\u1ec8NH S\u1eecA D\u1eee LI\u1ec6U TH\u00d4NG TIN C\u00c1 NH\u00c2N C\u1ee6A M\u00ccNH<\/strong><\/p>\n<p>Ng\u01b0\u1eddi Ti\u00eau D\u00f9ng c\u00f3 quy\u1ec1n t\u1ef1 ki\u1ec3m tra, c\u1eadp nh\u1eadt, \u0111i\u1ec1u ch\u1ec9nh ho\u1eb7c h\u1ee7y b\u1ecf th\u00f4ng tin c\u00e1 nh\u00e2n c\u1ee7a m\u00ecnh b\u1eb1ng c\u00e1ch \u0111\u0103ng nh\u1eadp v\u00e0o Website Havamall v\u00e0 ch\u1ec9nh s\u1eeda th\u00f4ng tin c\u00e1 nh\u00e2n ho\u1eb7c y\u00eau c\u1ea7u Ban qu\u1ea3n tr\u1ecb th\u1ef1c hi\u1ec7n vi\u1ec7c n\u00e0y.<br \/>\nNg\u01b0\u1eddi Ti\u00eau D\u00f9ng c\u00f3 quy\u1ec1n g\u1eedi khi\u1ebfu n\u1ea1i v\u1ec1 vi\u1ec7c l\u1ed9 th\u00f4ng tin c\u00e1 nh\u00e2n c\u1ee7a m\u00ecnh cho b\u00ean th\u1ee9 3 \u0111\u1ebfn Ban qu\u1ea3n tr\u1ecb. Khi ti\u1ebfp nh\u1eadn nh\u1eefng ph\u1ea3n h\u1ed3i n\u00e0y, Havamall s\u1ebd x\u00e1c nh\u1eadn l\u1ea1i th\u00f4ng tin, ph\u1ea3i c\u00f3 tr\u00e1ch nhi\u1ec7m tr\u1ea3 l\u1eddi l\u00fd do v\u00e0 h\u01b0\u1edbng d\u1eabn Ng\u01b0\u1eddi Ti\u00eau D\u00f9ng kh\u00f4i ph\u1ee5c v\u00e0 b\u1ea3o m\u1eadt l\u1ea1i th\u00f4ng tin.<\/p>\n<p>C\u00e1c h\u00ecnh th\u1ee9c ti\u1ebfp nh\u1eadn th\u00f4ng tin khi\u1ebfu n\u1ea1i c\u1ee7a Ng\u01b0\u1eddi Ti\u00eau D\u00f9ng:<br \/>\ni) Qua email: havamall.ltd@gmail.com<br \/>\nii) Qua \u0111i\u1ec7n tho\u1ea1i: 0946 229 642<\/p>\n<p><strong>e). CAM K\u1ebeT B\u1ea2O M\u1eacT TH\u00d4NG TIN C\u00c1 NH\u00c2N C\u1ee6A NG\u01af\u1edcI TI\u00caU D\u00d9NG<\/strong><\/p>\n<p>Th\u00f4ng tin c\u00e1 nh\u00e2n c\u1ee7a Ng\u01b0\u1eddi Ti\u00eau D\u00f9ng tr\u00ean Website Havamall \u0111\u01b0\u1ee3c Ban qu\u1ea3n tr\u1ecb cam k\u1ebft b\u1ea3o m\u1eadt tuy\u1ec7t \u0111\u1ed1i theo ch\u00ednh s\u00e1ch b\u1ea3o m\u1eadt th\u00f4ng tin c\u00e1 nh\u00e2n \u0111\u01b0\u1ee3c \u0111\u0103ng t\u1ea3i tr\u00ean Website Havamall. Vi\u1ec7c thu th\u1eadp v\u00e0 s\u1eed d\u1ee5ng th\u00f4ng tin c\u1ee7a m\u1ed7i Ng\u01b0\u1eddi Ti\u00eau D\u00f9ng ch\u1ec9 \u0111\u01b0\u1ee3c th\u1ef1c hi\u1ec7n khi c\u00f3 s\u1ef1 \u0111\u1ed3ng \u00fd c\u1ee7a Ng\u01b0\u1eddi Ti\u00eau D\u00f9ng tr\u1eeb nh\u1eefng tr\u01b0\u1eddng h\u1ee3p ph\u00e1p lu\u1eadt c\u00f3 quy \u0111\u1ecbnh kh\u00e1c v\u00e0 quy \u0111\u1ecbnh n\u00e0y.<\/p>\n<p>Kh\u00f4ng s\u1eed d\u1ee5ng, kh\u00f4ng chuy\u1ec3n giao, cung c\u1ea5p ho\u1eb7c ti\u1ebft l\u1ed9 cho b\u00ean th\u1ee9 3 v\u1ec1 th\u00f4ng tin c\u00e1 nh\u00e2n c\u1ee7a Ng\u01b0\u1eddi Ti\u00eau D\u00f9ng khi kh\u00f4ng c\u00f3 s\u1ef1 \u0111\u1ed3ng \u00fd c\u1ee7a Ng\u01b0\u1eddi Ti\u00eau D\u00f9ng ngo\u1ea1i tr\u1eeb c\u00e1c tr\u01b0\u1eddng h\u1ee3p \u0111\u01b0\u1ee3c quy \u0111\u1ecbnh t\u1ea1i quy \u0111\u1ecbnh n\u00e0y ho\u1eb7c quy \u0111\u1ecbnh c\u1ee7a ph\u00e1p lu\u1eadt.<\/p>\n<p>Trong tr\u01b0\u1eddng h\u1ee3p m\u00e1y ch\u1ee7 l\u01b0u tr\u1eef th\u00f4ng tin b\u1ecb hacker t\u1ea5n c\u00f4ng d\u1eabn \u0111\u1ebfn m\u1ea5t m\u00e1t d\u1eef li\u1ec7u c\u00e1 nh\u00e2n c\u1ee7a Ng\u01b0\u1eddi Ti\u00eau D\u00f9ng, Ban qu\u1ea3n tr\u1ecb c\u00f3 tr\u00e1ch nhi\u1ec7m th\u00f4ng b\u00e1o v\u00e0 l\u00e0m vi\u1ec7c v\u1edbi c\u01a1 quan ch\u1ee9c n\u0103ng \u0111i\u1ec1u tra v\u00e0 x\u1eed l\u00fd k\u1ecbp th\u1eddi, \u0111\u1ed3ng th\u1eddi th\u00f4ng b\u00e1o cho Ng\u01b0\u1eddi Ti\u00eau D\u00f9ng \u0111\u01b0\u1ee3c bi\u1ebft v\u1ec1 v\u1ee5 vi\u1ec7c.<\/p>\n<p>B\u1ea3o m\u1eadt tuy\u1ec7t \u0111\u1ed1i m\u1ecdi th\u00f4ng tin giao d\u1ecbch tr\u1ef1c tuy\u1ebfn c\u1ee7a Ng\u01b0\u1eddi Ti\u00eau D\u00f9ng bao g\u1ed3m th\u00f4ng tin h\u00f3a \u0111\u01a1n k\u1ebf to\u00e1n ch\u1ee9ng t\u1eeb s\u1ed1 h\u00f3a t\u1ea1i khu v\u1ef1c\u00a0<strong>d\u1eef li\u1ec7u trung t\u00e2m an to\u00e0n c\u1ea5p 1 c\u1ee7a Havamall<\/strong><\/p>\n<ul>\n<li><strong>C\u01a0 CH\u1ebe TI\u1ebeP NH\u1eacN V\u00c0 GI\u1ea2I QUY\u1ebeT KHI\u1ebeU N\u1ea0I LI\u00caN QUAN \u0110\u1ebeN VI\u1ec6C TH\u00d4NG TIN C\u1ee6A NG\u01af\u1edcI TI\u00caU D\u00d9NG<\/strong><\/li>\n<\/ul>\n<p>Khi pha\u0301t hi\u00ea\u0323n th\u00f4ng tin ca\u0301 nh\u00e2n cu\u0309a mi\u0300nh bi\u0323 s\u01b0\u0309 du\u0323ng sai mu\u0323c \u0111i\u0301ch ho\u0103\u0323c pha\u0323m vi, Ng\u01b0\u1eddi Ti\u00eau D\u00f9ng g\u1eedi email khi\u00ea\u0301u na\u0323i \u0111\u00ea\u0301n email havamall.ltd@gmail.com ho\u1eb7c g\u1ecdi \u0111i\u1ec7n tho\u1ea1i t\u1edbi s\u1ed1 0946 229 642 \u0111\u1ec3 khi\u1ebfu n\u1ea1i v\u00e0 cung c\u1ea5p ch\u01b0\u0301ng c\u01b0\u0301 li\u00ean quan t\u01a1\u0301i v\u1ee5 vi\u00ea\u0323c cho Ban qu\u1ea3n tr\u1ecb. Ban qu\u1ea3n tr\u1ecb cam k\u00ea\u0301t se\u0303 pha\u0309n h\u00f4\u0300i ngay l\u1eadp t\u1ee9c ho\u1eb7c mu\u1ed9n nh\u1ea5t l\u00e0 trong vo\u0300ng 24 (hai m\u01b0\u01a1i t\u01b0) gi\u1edd l\u00e0m vi\u1ec7c k\u1ec3 t\u1eeb th\u1eddi \u0111i\u1ec3m nh\u1eadn \u0111\u01b0\u1ee3c khi\u1ebfu n\u1ea1i.<\/p>","protected":false},"excerpt":{"rendered":"<p>C\u1ea3m \u01a1n b\u1ea1n \u0111\u00e3 truy c\u1eadp v\u00e0o trang website \u0111\u01b0\u1ee3c v\u1eadn h\u00e0nh b\u1edfi Havamall. Ch\u00fang t\u00f4i t\u00f4n tr\u1ecdng v\u00e0 cam<\/p>","protected":false},"author":59002,"featured_media":0,"parent":0,"menu_order":0,"comment_status":"closed","ping_status":"closed","template":"","meta":{"footnotes":""},"class_list":["post-36266","page","type-page","status-publish","hentry"],"_links":{"self":[{"href":"https:\/\/havamall.com\/en\/wp-json\/wp\/v2\/pages\/36266","targetHints":{"allow":["GET"]}}],"collection":[{"href":"https:\/\/havamall.com\/en\/wp-json\/wp\/v2\/pages"}],"about":[{"href":"https:\/\/havamall.com\/en\/wp-json\/wp\/v2\/types\/page"}],"author":[{"embeddable":true,"href":"https:\/\/havamall.com\/en\/wp-json\/wp\/v2\/users\/59002"}],"replies":[{"embeddable":true,"href":"https:\/\/havamall.com\/en\/wp-json\/wp\/v2\/comments?post=36266"}],"version-history":[{"count":0,"href":"https:\/\/havamall.com\/en\/wp-json\/wp\/v2\/pages\/36266\/revisions"}],"wp:attachment":[{"href":"https:\/\/havamall.com\/en\/wp-json\/wp\/v2\/media?parent=36266"}],"curies":[{"name":"wp","href":"https:\/\/api.w.org\/{rel}","templated":true}]}}