{"id":10607,"date":"2019-05-13T17:33:13","date_gmt":"2019-05-13T10:33:13","guid":{"rendered":"https:\/\/havamall.com\/?post_type=product&#038;p=10607"},"modified":"2020-07-02T15:49:36","modified_gmt":"2020-07-02T08:49:36","slug":"banh-cuon-ngan-lop-baumkuchen","status":"publish","type":"product","link":"https:\/\/havamall.com\/en\/shop\/banh-cuon-ngan-lop-baumkuchen\/","title":{"rendered":"B\u00e1nh Cu\u1ed9n Ng\u00e0n L\u1edbp &#8211; Baumkuchen"},"content":{"rendered":"<p>B\u00e1nh b\u00f4ng lan cu\u1ed9n Nh\u1eadt Baumkuchen &#8211; Tan ch\u1ea3y trong mi\u1ec7ng<\/p>\n<p>Marukin l\u00e0 th\u01b0\u01a1ng hi\u1ec7u \u0111i \u0111\u1ea7u trong vi\u1ec7c tuy\u1ec3n ch\u1ecdn nguy\u00ean li\u1ec7u kh\u1eaft khe, c\u00f9ng quy tr\u00ecnh s\u1ea3n xu\u1ea5t nghi\u00eam ng\u1eb7t hi\u1ec7n \u0111\u1ea1i, \u0111\u1ec3 cho ra nh\u1eefng s\u1ea3n ph\u1ea9m t\u01b0\u01a1i s\u1ea1ch nh\u1ea5t.<\/p>\n<p><img fetchpriority=\"high\" decoding=\"async\" class=\"size-full wp-image-10608 aligncenter\" src=\"https:\/\/havamall.com\/wp-content\/uploads\/2019\/05\/nham-nhi.jpg\" alt=\"\" width=\"550\" height=\"413\" srcset=\"https:\/\/havamall.com\/wp-content\/uploads\/2019\/05\/nham-nhi.jpg 550w, https:\/\/havamall.com\/wp-content\/uploads\/2019\/05\/nham-nhi-150x113.jpg 150w\" sizes=\"(max-width: 550px) 100vw, 550px\" \/><\/p>\n<p>Baumkuchen l\u00e0 lo\u1ea1i b\u00e1nh pastry l\u00e2u \u0111\u1eddi v\u00e0 n\u1ed5i ti\u1ebfng nh\u1ea5t Nh\u1eadt B\u1ea3n B\u00e1nh cu\u1ed9n ng\u00e0n l\u1edbp n\u1ed5i b\u1eadt v\u1edbi l\u1edbp b\u1ed9t b\u00e1nh m\u1ec1m m\u1ecbn v\u00e0 h\u01b0\u01a1ng vanilla th\u01a1m l\u1eebng, b\u00e1nh &#8220;ch\u1eafc&#8221; h\u01a1n so v\u1edbi Gateau Nh\u1eadt B\u1ea3n v\u00ec nhi\u1ec1u b\u1ed9t h\u01a1n nh\u01b0ng v\u1eabn \u0111\u1ee7 \u0111\u1ed9 \u1ea9m v\u00e0 m\u1ec1m m\u1ea1i l\u00e0m say \u0111\u1eafm l\u00f2ng ng\u01b0\u1eddi. S\u1ea3n ph\u1ea9m &#8220;must-try&#8221; \u0111\u1ea5y \u1ea1.<\/p>\n<p><img decoding=\"async\" class=\"size-full wp-image-10610 aligncenter\" src=\"https:\/\/havamall.com\/wp-content\/uploads\/2019\/05\/cach-lam-banh-Baumkuchen-ngot-ngao-vua-cua-cac-loai-banh-11.jpg\" alt=\"\" width=\"850\" height=\"420\" srcset=\"https:\/\/havamall.com\/wp-content\/uploads\/2019\/05\/cach-lam-banh-Baumkuchen-ngot-ngao-vua-cua-cac-loai-banh-11.jpg 850w, https:\/\/havamall.com\/wp-content\/uploads\/2019\/05\/cach-lam-banh-Baumkuchen-ngot-ngao-vua-cua-cac-loai-banh-11-600x296.jpg 600w, https:\/\/havamall.com\/wp-content\/uploads\/2019\/05\/cach-lam-banh-Baumkuchen-ngot-ngao-vua-cua-cac-loai-banh-11-150x74.jpg 150w\" sizes=\"(max-width: 850px) 100vw, 850px\" \/>\u00a0Baumkuchen \u0103n kh\u00f4ng \u0111\u00e3 ngon m\u00e0 mix c\u00f9ng c\u00e1c lo\u1ea1i s\u1ed1t\/ tr\u00e1i c\u00e2y\/ h\u1ea1t dinh d\u01b0\u1ee1ng l\u00e0m topping s\u1ebd c\u00e0ng tuy\u1ec7t h\u01a1n. M\u1ed7i s\u00e1ng nh\u00e2m nhi v\u00e0i l\u00e1t b\u00e1nh c\u00f9ng ly cam t\u01b0\u01a1i l\u00e0 \u0111\u1ee7 d\u01b0\u1ee1ng ch\u1ea5t r\u1ed3i \u1ea1, m\u00f3n \u0103n h\u1ee3p l\u00fd cho c\u1ea3 ng\u01b0\u1eddi l\u1edbn v\u00e0 c\u00e1c b\u00e9 nh\u1ecf.<\/p>\n<p><img decoding=\"async\" class=\"aligncenter\" src=\"https:\/\/havamall.com\/wp-content\/uploads\/2019\/05\/b9f2622228b07551a570b46f3843f599.jpg\" alt=\"\" width=\"750\" height=\"277\" \/><\/p>\n<p>V\u1edbi th\u00e0nh ph\u1ea7n ch\u00ednh l\u00e0m t\u1eeb b\u1ed9t m\u00ec, tr\u1ee9ng, s\u1eefa , \u0111\u1eadu n\u00e0nh\u00a0b\u00e1nh b\u00f4ng lan cu\u1ed9n Baumkuchen\u00a0ch\u1ea5t b\u00e1nh r\u1ea5t m\u1ec1m m\u1ecbn, th\u01a1m, khi \u0111\u01b0a v\u00e0o mi\u1ec7ng tan ch\u1ea3y c\u1ea3m gi\u00e1c r\u1ea5t th\u00edch.<\/p>\n<p>S\u1ef1 h\u00f2a tr\u1ed9n gi\u1eefa b\u1ed9t m\u1ef3, tr\u1ee9ng, kem t\u01b0\u01a1i, m\u1eadt ong, h\u1ea1nh nh\u00e2n\u2026 \u0111\u00e3 t\u1ea1o n\u00ean m\u1ed9t h\u1ed7n h\u1ee3p th\u01a1m ngon \u0111\u1eb7c bi\u1ec7t. T\u1eebng l\u1edbp b\u1ed9t \u0111\u01b0\u1ee3c ph\u1ebft l\u00ean tr\u00ean m\u1ed9t thanh tr\u00f2n quay li\u00ean t\u1ee5c tr\u00ean l\u00f2 n\u01b0\u1edbng, h\u1ebft l\u1edbp n\u00e0y t\u1edbi l\u1edbp kh\u00e1c. Quy tr\u00ecnh n\u00e0y \u0111\u01b0\u1ee3c l\u1eb7p \u0111i l\u1eb7p l\u1ea1i nhi\u1ec1u l\u1ea7n cho t\u1edbi khi t\u1eebng l\u1edbp b\u00e1nh m\u1ecfng ch\u00edn v\u00e0ng, l\u1edbn d\u1ea7n ra, ch\u1ee9a \u0111\u1ef1ng c\u1ea3 t\u00e2m huy\u1ebft c\u1ee7a ng\u01b0\u1eddi th\u1ee3 trong t\u1eebng l\u1edbp b\u00e1nh.<\/p>\n<p><img loading=\"lazy\" decoding=\"async\" class=\"wp-image-11897 aligncenter\" src=\"https:\/\/havamall.com\/wp-content\/uploads\/2019\/05\/d7d1e1fc3e6f8922b78cc62b6912ee66-300x225.jpg\" alt=\"\" width=\"802\" height=\"602\" \/><\/p>\n<p>Sau khi \u0111\u1ec3 ngu\u1ed9i, b\u00e1nh \u0111\u01b0\u1ee3c c\u1eaft th\u00e0nh t\u1eebng khoanh nh\u1ecf, t\u1eebng l\u1edbp t\u1eebng l\u1edbp b\u00e1nh hi\u1ec7n ra th\u00e0nh nh\u1eefng v\u00f2ng tr\u00f2n m\u1edf r\u1ed9ng d\u1ea7n gi\u1ed1ng nh\u01b0 nh\u1eefng v\u00e2n g\u1ed7 tr\u00ean th\u00e2n c\u00e2y c\u1ed5 th\u1ee5 c\u1eaft ngang. T\u00ean g\u1ecdi Baumkuchen \u0111\u01b0\u1ee3c b\u1eaft ngu\u1ed3n t\u1eeb h\u00ecnh \u1ea3nh \u0111\u00f3, gh\u00e9p b\u1edfi hai t\u1eeb Baum \u2013 \u201cc\u00e2y\u201d v\u00e0 Kuchen \u2013 \u201cb\u00e1nh\u201d. Ch\u00ednh v\u00e2n g\u1ed7 n\u00e0y t\u1ea1o n\u00ean n\u00e9t \u0111\u1ed9c \u0111\u00e1o ri\u00eang cho Baumkuchen. Nh\u1eefng v\u00f2ng tr\u00f2n kh\u00e9p k\u00edn, n\u1ed1i ti\u1ebfp nhau kh\u00f4ng c\u00f3 \u0111i\u1ec3m \u0111\u1ea7u v\u00e0 \u0111i\u1ec3m k\u1ebft th\u00fac, t\u01b0\u1ee3ng tr\u01b0ng cho s\u1ef1 th\u1ecbnh v\u01b0\u1ee3ng, v\u0129nh c\u1eedu, t\u00ecnh y\u00eau b\u1ea5t di\u1ec7t v\u00e0 h\u1ea1nh ph\u00fac vi\u00ean m\u00e3n trong cu\u1ed9c s\u1ed1ng.<\/p>\n<p><img loading=\"lazy\" decoding=\"async\" class=\"wp-image-11898 aligncenter\" src=\"https:\/\/havamall.com\/wp-content\/uploads\/2019\/05\/anh-1-anh-avatar-15229308346451380051731-300x200.jpg\" alt=\"\" width=\"806\" height=\"537\" \/><\/p>\n<p>C\u00e1ch d\u00f9ng:\u00a0C\u00f3 th\u1ec3 \u0103n d\u1eb7m, mang theo khi \u0111i xa du l\u1ecbch, picnic, ra ngo\u00e0i.<\/p>\n<p>B\u1ea3o qu\u1ea3n:\u00a0\u0110\u1ec3 s\u1ea3n ph\u1ea9m n\u01a1i tho\u00e1ng m\u00e1t, nhi\u1ec7t \u0111\u1ed9 ph\u00f2ng. Tr\u00e1nh \u00e1nh s\u00e1ng tr\u1ef1c ti\u1ebfp m\u1eb7t tr\u1eddi.<\/p>","protected":false},"excerpt":{"rendered":"<p>B\u00e1nh b\u00f4ng lan cu\u1ed9n Nh\u1eadt Baumkuchen &#8211; Tan ch\u1ea3y trong mi\u1ec7ng Marukin l\u00e0 th\u01b0\u01a1ng hi\u1ec7u \u0111i \u0111\u1ea7u trong vi\u1ec7c tuy\u1ec3n<\/p>","protected":false},"featured_media":10605,"comment_status":"open","ping_status":"closed","template":"","meta":[],"product_brand":[],"product_cat":[133,36],"product_tag":[],"class_list":{"0":"post-10607","1":"product","2":"type-product","3":"status-publish","4":"has-post-thumbnail","6":"product_cat-banh-keo-chocolate","7":"product_cat-thuc-pham-tieu-dung","9":"first","10":"outofstock","11":"shipping-taxable","12":"product-type-simple"},"_links":{"self":[{"href":"https:\/\/havamall.com\/en\/wp-json\/wp\/v2\/product\/10607","targetHints":{"allow":["GET"]}}],"collection":[{"href":"https:\/\/havamall.com\/en\/wp-json\/wp\/v2\/product"}],"about":[{"href":"https:\/\/havamall.com\/en\/wp-json\/wp\/v2\/types\/product"}],"replies":[{"embeddable":true,"href":"https:\/\/havamall.com\/en\/wp-json\/wp\/v2\/comments?post=10607"}],"version-history":[{"count":0,"href":"https:\/\/havamall.com\/en\/wp-json\/wp\/v2\/product\/10607\/revisions"}],"wp:featuredmedia":[{"embeddable":true,"href":"https:\/\/havamall.com\/en\/wp-json\/wp\/v2\/media\/10605"}],"wp:attachment":[{"href":"https:\/\/havamall.com\/en\/wp-json\/wp\/v2\/media?parent=10607"}],"wp:term":[{"taxonomy":"product_brand","embeddable":true,"href":"https:\/\/havamall.com\/en\/wp-json\/wp\/v2\/product_brand?post=10607"},{"taxonomy":"product_cat","embeddable":true,"href":"https:\/\/havamall.com\/en\/wp-json\/wp\/v2\/product_cat?post=10607"},{"taxonomy":"product_tag","embeddable":true,"href":"https:\/\/havamall.com\/en\/wp-json\/wp\/v2\/product_tag?post=10607"}],"curies":[{"name":"wp","href":"https:\/\/api.w.org\/{rel}","templated":true}]}}