{"id":10793,"date":"2019-05-22T16:24:35","date_gmt":"2019-05-22T09:24:35","guid":{"rendered":"https:\/\/havamall.com\/?post_type=product&#038;p=10793"},"modified":"2022-05-13T11:52:00","modified_gmt":"2022-05-13T04:52:00","slug":"siro-dao-golden-fram-peach-syrup-520ml","status":"publish","type":"product","link":"https:\/\/havamall.com\/en\/shop\/siro-dao-golden-fram-peach-syrup-520ml\/","title":{"rendered":"Siro \u0110\u00e0o Golden Farm &#8211; Peach Syrup 520ml"},"content":{"rendered":"<p><span style=\"font-size: 12pt\">Siro \u0110\u00e0o 520ml l\u00e0 s\u1ea3n ph\u1ea9m gi\u00fap b\u1ea1n t\u1ea1o ra nh\u1eefng lo\u1ea1i \u0111\u1ed3 u\u1ed1ng th\u01a1m ngon, \u0111\u01b0\u1ee3c nhi\u1ec1u ng\u01b0\u1eddi y\u00eau th\u00edch nh\u01b0: b\u00e1nh, n\u01b0\u1edbc gi\u1ea3i kh\u00e1t, \u2026 S\u1ea3n ph\u1ea9m th\u00edch h\u1ee3p v\u1edbi kinh doanh nh\u00e0 h\u00e0ng, qu\u00e1n c\u00e0 ph\u00ea v\u00e0 ngay c\u1ea3 trong gia \u0111\u00ecnh.\u00a0<\/span><\/p>\n<p><img fetchpriority=\"high\" decoding=\"async\" class=\"aligncenter\" src=\"https:\/\/havamall.com\/wp-content\/uploads\/2019\/05\/NIACkZ_simg_d0daf0_800x1200_max.jpg\" width=\"681\" height=\"383\" \/><\/p>\n<p><span style=\"font-size: 12pt\">S\u1ea3n ph\u1ea9m c\u1ee7a Golden Farm \u0111\u00e3 nhanh ch\u00f3ng \u0111\u01b0\u1ee3c ng\u01b0\u1eddi ti\u00eau d\u00f9ng y\u00eau th\u00edch\u00a0v\u00e0 l\u1ef1a ch\u1ecdn. X\u00e2y d\u1ef1ng chu\u1ed7i cung \u1ee9ng t\u1ea1i c\u00e1c h\u1ec7 th\u1ed1ng si\u00eau th\u1ecb tr\u00ean to\u00e0n qu\u1ed1c, cung c\u1ea5p\u00a0<a style=\"color: #2d702d\" title=\"nguy\u00ean li\u1ec7u\">nguy\u00ean li\u1ec7u<\/a>\u00a0pha ch\u1ebf cho nh\u00e0 h\u00e0ng, kh\u00e1ch s\u1ea1n .\u00a0<\/span><\/p>\n<p>&nbsp;<\/p>\n<p><img decoding=\"async\" class=\"aligncenter\" src=\"https:\/\/havamall.com\/wp-content\/uploads\/2019\/05\/5.jpg\" alt=\"H\u00c3\u00acnh \u00e1\u00ba\u00a3nh c\u00c3\u00b3 li\u00c3\u00aan quan\" width=\"658\" height=\"658\" \/><\/p>\n<p style=\"text-align: center\">( Siro \u0110\u00e0o c\u00f3 th\u1ec3 ch\u1ebf bi\u1ebfn th\u00e0nh Tr\u00e0 \u0110\u00e0o Cam S\u1ea3 nh\u01b0 trong h\u00ecnh )<\/p>\n<p>&nbsp;<\/p>\n<p><span style=\"font-size: 12pt\">C\u00e1ch pha ch\u1ebf: <\/span><\/p>\n<ul>\n<li><span style=\"font-size: 12pt\">Pha n\u01b0\u1edbc gi\u1ea3i kh\u00e1t: <\/span><span style=\"font-size: 12pt\">Pha 30ml siro v\u1edbi 120ml n\u01b0\u1edbc, cho \u0111\u00e1 v\u00e0o ly. <\/span><\/li>\n<li><span style=\"font-size: 12pt\">Pha\u00a0<a style=\"color: #2d702d\" title=\"s\u1eefa t\u01b0\u01a1i\">s\u1eefa t\u01b0\u01a1i<\/a>\u00a0tr\u00e1i c\u00e2y: Pha siro v\u1edbi s\u1eefa t\u01b0\u01a1i l\u00e0m s\u1eefa t\u01b0\u01a1i tr\u00e1i c\u00e2y.<\/span><\/li>\n<li><span style=\"font-size: 12pt\">L\u00e0m rau c\u00e2u: Pha siro v\u00e0o h\u1ed7n h\u1ee3p l\u00e0m rau c\u00e2u \u0111\u1ec3 t\u1ea1o th\u00eam h\u01b0\u01a1ng v\u1ecb v\u00e0 m\u00e0u s\u1eafc h\u1ea5p d\u1eabn<\/span><\/li>\n<\/ul>","protected":false},"excerpt":{"rendered":"<p>Siro Golden Farm \u0110\u00e0o l\u00e0 d\u00f2ng si r\u00f4 b\u00e1n ch\u1ea1y nh\u1ea5t th\u1ecb tr\u01b0\u1eddng hi\u1ec7n t\u1ea1i. V\u1edbi v\u1ecb ng\u1ecdt \u0111\u1eadm, m\u00f9i th\u01a1m th\u00edch h\u1ee3p \u0111\u1ec3 l\u00e0m th\u1ea1ch v\u00e0 ch\u1ebf bi\u1ebfn th\u1ee9c u\u1ed1ng gi\u1ea3i kh\u00e1t.<\/p>","protected":false},"featured_media":10803,"comment_status":"open","ping_status":"closed","template":"","meta":[],"product_brand":[],"product_cat":[135,36],"product_tag":[],"class_list":{"0":"post-10793","1":"product","2":"type-product","3":"status-publish","4":"has-post-thumbnail","6":"product_cat-sua-do-uong","7":"product_cat-thuc-pham-tieu-dung","8":"pa_brand-golden-farm","10":"first","11":"instock","12":"sale","13":"shipping-taxable","14":"purchasable","15":"product-type-simple"},"_links":{"self":[{"href":"https:\/\/havamall.com\/en\/wp-json\/wp\/v2\/product\/10793","targetHints":{"allow":["GET"]}}],"collection":[{"href":"https:\/\/havamall.com\/en\/wp-json\/wp\/v2\/product"}],"about":[{"href":"https:\/\/havamall.com\/en\/wp-json\/wp\/v2\/types\/product"}],"replies":[{"embeddable":true,"href":"https:\/\/havamall.com\/en\/wp-json\/wp\/v2\/comments?post=10793"}],"version-history":[{"count":0,"href":"https:\/\/havamall.com\/en\/wp-json\/wp\/v2\/product\/10793\/revisions"}],"wp:featuredmedia":[{"embeddable":true,"href":"https:\/\/havamall.com\/en\/wp-json\/wp\/v2\/media\/10803"}],"wp:attachment":[{"href":"https:\/\/havamall.com\/en\/wp-json\/wp\/v2\/media?parent=10793"}],"wp:term":[{"taxonomy":"product_brand","embeddable":true,"href":"https:\/\/havamall.com\/en\/wp-json\/wp\/v2\/product_brand?post=10793"},{"taxonomy":"product_cat","embeddable":true,"href":"https:\/\/havamall.com\/en\/wp-json\/wp\/v2\/product_cat?post=10793"},{"taxonomy":"product_tag","embeddable":true,"href":"https:\/\/havamall.com\/en\/wp-json\/wp\/v2\/product_tag?post=10793"}],"curies":[{"name":"wp","href":"https:\/\/api.w.org\/{rel}","templated":true}]}}