{"id":10845,"date":"2019-05-23T13:36:47","date_gmt":"2019-05-23T06:36:47","guid":{"rendered":"https:\/\/havamall.com\/?post_type=product&#038;p=10845"},"modified":"2025-12-03T04:15:17","modified_gmt":"2025-12-02T21:15:17","slug":"sot-spaghetti-thit-bo-spaghetti-bolognese-sauce","status":"publish","type":"product","link":"https:\/\/havamall.com\/en\/shop\/sot-spaghetti-thit-bo-spaghetti-bolognese-sauce\/","title":{"rendered":"S\u1ed1t Spaghetti Th\u1ecbt B\u00f2 &#8211; Spaghetti Bolognese Sauce"},"content":{"rendered":"<p><span style=\"font-size: 12pt\">S\u1ed1t m\u00ec\u00a0spaghetti th\u1ecbt b\u00f2 Golden Farm\u00a0c\u00f3 th\u00e0nh ph\u1ea7n nguy\u00ean li\u1ec7u \u0111\u01b0\u1ee3c l\u1ef1a ch\u1ecdn k\u1ef9 l\u01b0\u1ee1ng, kh\u00f4ng ch\u1ee9a h\u00f3a ch\u1ea5t \u0111\u1ed9c h\u1ea1i, an to\u00e0n cho ng\u01b0\u1eddi d\u00f9ng. S\u1ea3n ph\u1ea9m \u0111\u01b0\u1ee3c s\u1ea3n xu\u1ea5t tr\u00ean quy tr\u00ecnh c\u00f4ng ngh\u1ec7 hi\u1ec7n \u0111\u1ea1i, \u0111\u01b0\u1ee3c ki\u1ec3m duy\u1ec7t ch\u1eb7t ch\u1ebd, \u0111\u1ea3m b\u1ea3o ch\u1ea5t l\u01b0\u1ee3ng.\u00a0<\/span><\/p>\n<p><img fetchpriority=\"high\" decoding=\"async\" class=\"size-full wp-image-10846 aligncenter\" src=\"https:\/\/havamall.com\/wp-content\/uploads\/2019\/05\/3c6c6ff98ab9622fa274747a271a804e-2.jpg\" alt=\"\" width=\"845\" height=\"564\" srcset=\"https:\/\/havamall.com\/wp-content\/uploads\/2019\/05\/3c6c6ff98ab9622fa274747a271a804e-2.jpg 845w, https:\/\/havamall.com\/wp-content\/uploads\/2019\/05\/3c6c6ff98ab9622fa274747a271a804e-2-600x400.jpg 600w, https:\/\/havamall.com\/wp-content\/uploads\/2019\/05\/3c6c6ff98ab9622fa274747a271a804e-2-150x100.jpg 150w\" sizes=\"(max-width: 845px) 100vw, 845px\" \/><\/p>\n<p><span style=\"font-size: 12pt\">S\u1ea3n ph\u1ea9m \u0111\u01b0\u1ee3c l\u00e0m t\u1eeb c\u00e0 chua v\u00e0 th\u1ecbt b\u00f2 nguy\u00ean ch\u1ea5t k\u1ebft h\u1ee3p v\u1edbi c\u00e1c lo\u1ea1i gia v\u1ecb kh\u00e1c nh\u01b0 \u0111\u01b0\u1eddng m\u00eda, mu\u1ed1i, d\u1ea7u th\u1ef1c v\u1eadt, h\u00e0nh, t\u1ecfi, h\u1ed3i, qu\u1ebf. C\u00e0 chua v\u00e0 th\u1ecbt b\u00f2 h\u00f2a v\u1edbi gia v\u1ecb v\u1eeba ph\u1ea3i t\u1ea1o n\u00ean h\u01b0\u01a1ng v\u1ecb \u0111\u1eb7c bi\u1ec7t th\u01a1m ngon. S\u1ed1t m\u00ec\u00a0spaghetti th\u1ecbt b\u00f2 Golden Farm c\u00f3 th\u1ec3 d\u00f9ng v\u1edbi m\u00ec spaghetti hay\u00a0d\u00f9ng l\u00e0m b\u00e1nh pizza, c\u01a1m chi\u00ean\u2026\u00a0gi\u00fap m\u00f3n \u0103n\u00a0th\u00eam ph\u1ea7n h\u1ea5p d\u1eabn.<\/span><\/p>\n<p><img decoding=\"async\" class=\"wp-image-12452 aligncenter\" src=\"https:\/\/havamall.com\/wp-content\/uploads\/2019\/05\/e7fefe151e9cdbed3f60e3d90e822090-cach-lam-my-spaghetti-sot-bo-bam-don-gian-sl-300x168.jpg\" alt=\"\" width=\"754\" height=\"422\" \/><\/p>\n<p>S\u1ed1t m\u00ec spaghetti th\u1ecbt b\u00f2 Golden Farm \u0111\u00f3ng l\u1ecd th\u1ee7y tinh c\u00f3 n\u1eafp \u0111\u1eady ti\u1ec7n d\u1ee5ng, d\u1ec5 b\u1ea3o qu\u1ea3n v\u00e0 d\u00f9ng \u0111\u01b0\u1ee3c l\u00e2u. V\u1edbi S\u1ed1t m\u00ec spaghetti th\u1ecbt b\u00f2 Golden Farm, gia \u0111\u00ecnh b\u1ea1n s\u1ebd d\u1ec5 d\u00e0ng ch\u1ebf bi\u1ebfn m\u00f3n \u0103n ngon nh\u01b0 \u1edf nh\u00e0 h\u00e0ng, gi\u00fap ti\u1ebft ki\u1ec7m th\u1eddi gian v\u00e0 chi ph\u00ed. Th\u00e0nh ph\u1ea7n bao g\u1ed3m: C\u00e0 chua, th\u1ecbt b\u00f2, \u0111\u01b0\u1eddng m\u00eda, mu\u1ed1i, d\u1ea7u th\u1ef1c v\u1eadt, h\u00e0nh, t\u1ecfi, h\u1ed3i, qu\u1ebf, ch\u1ea5t t\u1ea1o chua, ch\u1ea5t b\u1ea3o qu\u1ea3n<\/p>\n<p>&nbsp;<\/p>\n<p>&nbsp;<\/p>\n<p>&nbsp;<\/p>\n<p>&nbsp;<\/p>\n<p>&nbsp;<\/p>\n<p>&nbsp;<\/p>\n<p>&nbsp;<\/p>\n<p>&nbsp;<\/p>\n<p>&nbsp;<\/p>\n<p>&nbsp;<\/p>\n<p>&nbsp;<\/p>\n<p>&nbsp;<\/p>\n<p>&nbsp;<\/p>\n<p>&nbsp;<\/p>\n<p>&nbsp;<\/p>\n<p>&nbsp;<\/p>\n<p>&nbsp;<\/p>","protected":false},"excerpt":{"rendered":"<p>S\u1ed1t m\u00ec\u00a0spaghetti th\u1ecbt b\u00f2 Golden Farm\u00a0c\u00f3 th\u00e0nh ph\u1ea7n nguy\u00ean li\u1ec7u \u0111\u01b0\u1ee3c l\u1ef1a ch\u1ecdn k\u1ef9 l\u01b0\u1ee1ng, kh\u00f4ng ch\u1ee9a h\u00f3a ch\u1ea5t \u0111\u1ed9c<\/p>","protected":false},"featured_media":10848,"comment_status":"open","ping_status":"closed","template":"","meta":[],"product_brand":[],"product_cat":[36,143],"product_tag":[],"class_list":{"0":"post-10845","1":"product","2":"type-product","3":"status-publish","4":"has-post-thumbnail","6":"product_cat-thuc-pham-tieu-dung","7":"product_cat-thuc-pham-dong-hop","8":"pa_brand-golden-farm","10":"first","11":"outofstock","12":"sale","13":"shipping-taxable","14":"purchasable","15":"product-type-simple"},"_links":{"self":[{"href":"https:\/\/havamall.com\/en\/wp-json\/wp\/v2\/product\/10845","targetHints":{"allow":["GET"]}}],"collection":[{"href":"https:\/\/havamall.com\/en\/wp-json\/wp\/v2\/product"}],"about":[{"href":"https:\/\/havamall.com\/en\/wp-json\/wp\/v2\/types\/product"}],"replies":[{"embeddable":true,"href":"https:\/\/havamall.com\/en\/wp-json\/wp\/v2\/comments?post=10845"}],"version-history":[{"count":0,"href":"https:\/\/havamall.com\/en\/wp-json\/wp\/v2\/product\/10845\/revisions"}],"wp:featuredmedia":[{"embeddable":true,"href":"https:\/\/havamall.com\/en\/wp-json\/wp\/v2\/media\/10848"}],"wp:attachment":[{"href":"https:\/\/havamall.com\/en\/wp-json\/wp\/v2\/media?parent=10845"}],"wp:term":[{"taxonomy":"product_brand","embeddable":true,"href":"https:\/\/havamall.com\/en\/wp-json\/wp\/v2\/product_brand?post=10845"},{"taxonomy":"product_cat","embeddable":true,"href":"https:\/\/havamall.com\/en\/wp-json\/wp\/v2\/product_cat?post=10845"},{"taxonomy":"product_tag","embeddable":true,"href":"https:\/\/havamall.com\/en\/wp-json\/wp\/v2\/product_tag?post=10845"}],"curies":[{"name":"wp","href":"https:\/\/api.w.org\/{rel}","templated":true}]}}