{"id":10851,"date":"2019-05-23T13:43:40","date_gmt":"2019-05-23T06:43:40","guid":{"rendered":"https:\/\/havamall.com\/?post_type=product&#038;p=10851"},"modified":"2021-06-09T10:42:41","modified_gmt":"2021-06-09T03:42:41","slug":"sot-spaghetti-nam-spaghetti-mushroom-sauce","status":"publish","type":"product","link":"https:\/\/havamall.com\/en\/shop\/sot-spaghetti-nam-spaghetti-mushroom-sauce\/","title":{"rendered":"S\u1ed1t Spaghetti N\u1ea5m &#8211; Spaghetti Mushroom Sauce"},"content":{"rendered":"<p><span style=\"color: #595959;\">S\u1ed1t m\u00ec spaghetti n\u1ea5m Sauce Golden Farm c\u00f3 b\u1ed5 sung th\u00e0nh ph\u1ea7n n\u1ea5m, cho m\u00f3n s\u1ed1t th\u00eam ngon v\u00e0 gi\u00e0u dinh d\u01b0\u1ee1ng. S\u1ed1t m\u00ec Golden Farm t\u0103ng h\u01b0\u01a1ng v\u1ecb cho m\u00f3n m\u00ec, cho b\u1ea1n c\u00f3 th\u1ec3 ch\u1ebf bi\u1ebfn m\u00f3n m\u00ec spaghetti th\u01a1m ngon nh\u01b0 th\u01b0\u1edfng th\u1ee9c t\u1ea1i nh\u00e0 h\u00e0ng.\u00a0<\/span><\/p>\n<p>S\u1ed1t m\u00ec spaghetti n\u1ea5m\u00a0 Sauce Golden Farm l\u00e0 lo\u1ea1i s\u1ed1t d\u00e0nh cho m\u00f3n spaghetti, c\u00f3 b\u1ed5 sung n\u1ea5m cho m\u00f3n m\u00ec th\u00eam b\u1ed5 d\u01b0\u1ee1ng. S\u1ed1t c\u00f3 th\u1ec3 l\u00e0m m\u00f3n spaghetti ho\u1eb7c cho v\u00e0o c\u00e1c m\u00f3n lagu, &#8230; th\u00eam \u0111\u1eadm \u0111\u00e0, c\u00f3 v\u1ecb chua ng\u1ecdt t\u1ef1 nhi\u00ean.<\/p>\n<p><img fetchpriority=\"high\" decoding=\"async\" class=\"size-full wp-image-10852 aligncenter\" src=\"https:\/\/havamall.com\/wp-content\/uploads\/2019\/05\/582f17e0bce8be6270dacb488d8e10f9.jpg\" alt=\"\" width=\"846\" height=\"564\" srcset=\"https:\/\/havamall.com\/wp-content\/uploads\/2019\/05\/582f17e0bce8be6270dacb488d8e10f9.jpg 846w, https:\/\/havamall.com\/wp-content\/uploads\/2019\/05\/582f17e0bce8be6270dacb488d8e10f9-600x400.jpg 600w, https:\/\/havamall.com\/wp-content\/uploads\/2019\/05\/582f17e0bce8be6270dacb488d8e10f9-150x100.jpg 150w\" sizes=\"(max-width: 846px) 100vw, 846px\" \/><\/p>\n<p>S\u1ed1t c\u00f3 th\u1ec3 d\u00f9ng \u0111\u1ed9c l\u1eadp ho\u1eb7c cho th\u00eam c\u00e1c lo\u1ea1i th\u1ecbt, h\u00e0nh t\u00e2y, rau c\u1ee7 qu\u1ea3 v\u00e0o. S\u1ea3n ph\u1ea9m ch\u1ee9a trong h\u1ee7 th\u1ee7y tinh gi\u00fap b\u1ea3o qu\u1ea3n th\u1ef1c ph\u1ea9m t\u1ed1t nh\u1ea5t v\u00e0 an to\u00e0n cho ng\u01b0\u1eddi ti\u00eau d\u00f9ng. H\u01b0\u01a1ng v\u1ecb \u0111\u1eadm \u0111\u00e0 v\u1eeba mi\u1ec7ng kh\u00f4ng c\u1ea7n pha ch\u1ebf hay n\u00eam n\u1ebfm l\u1ea1i. D\u00f9ng pha ch\u1ebf c\u00e1c m\u00f3n \u0103n gi\u00fap ngon mi\u1ec7ng h\u01a1n, ho\u1eb7c d\u00f9ng l\u00e0m lagu, b\u00e1nh pizza, c\u01a1m chi\u00ean&#8230;<\/p>\n<p><img decoding=\"async\" class=\"size-full wp-image-10853 aligncenter\" src=\"https:\/\/havamall.com\/wp-content\/uploads\/2019\/05\/db8a046fc183c5cfe5437056b44c9cca.jpg\" alt=\"\" width=\"564\" height=\"564\" srcset=\"https:\/\/havamall.com\/wp-content\/uploads\/2019\/05\/db8a046fc183c5cfe5437056b44c9cca.jpg 564w, https:\/\/havamall.com\/wp-content\/uploads\/2019\/05\/db8a046fc183c5cfe5437056b44c9cca-150x150.jpg 150w\" sizes=\"(max-width: 564px) 100vw, 564px\" \/><\/p>\n<p><strong>H\u01b0\u1edbng d\u1eabn s\u1eed d\u1ee5ng:\u00a0<\/strong><\/p>\n<ul>\n<li><span style=\"color: #595959;\">Cho s\u1ed1t v\u00e0o n\u1ed3i, \u0111un n\u00f3ng, th\u00eam \u0111\u01b0\u1eddng v\u00e0 mu\u1ed1i n\u1ebfu c\u1ea7n. N\u1ebfu th\u00edch cho th\u00eam heo\/b\u00f2\/g\u00e0 xay \u0111\u00e3 \u0111\u01b0\u1ee3c phi th\u01a1m tr\u01b0\u1edbc.<\/span><\/li>\n<li>Lu\u1ed9c m\u00ec v\u1eeba ch\u00edn, v\u1edbt ra \u0111\u1ec3 r\u00e1o.<\/li>\n<li>B\u00e0y m\u00ec l\u00ean \u0111\u0129a v\u00e0 cho x\u1ed1t l\u00ean, 1 l\u1ecd x\u1ed1t l\u00e0m \u0111\u01b0\u1ee3c 8-9 ph\u1ea7n m\u00ec.<\/li>\n<li>X\u1ed1t c\u00f3 th\u1ec3 d\u00f9ng l\u00e0m lagu, pizza.<\/li>\n<\/ul>\n<p>&nbsp;<\/p>","protected":false},"excerpt":{"rendered":"<p>S\u1ed1t m\u00ec spaghetti n\u1ea5m Sauce Golden Farm c\u00f3 b\u1ed5 sung th\u00e0nh ph\u1ea7n n\u1ea5m, cho m\u00f3n s\u1ed1t th\u00eam ngon v\u00e0 gi\u00e0u<\/p>","protected":false},"featured_media":10847,"comment_status":"open","ping_status":"closed","template":"","meta":[],"product_brand":[],"product_cat":[36,143],"product_tag":[],"class_list":{"0":"post-10851","1":"product","2":"type-product","3":"status-publish","4":"has-post-thumbnail","6":"product_cat-thuc-pham-tieu-dung","7":"product_cat-thuc-pham-dong-hop","8":"pa_brand-golden-farm","10":"first","11":"outofstock","12":"sale","13":"shipping-taxable","14":"purchasable","15":"product-type-simple"},"_links":{"self":[{"href":"https:\/\/havamall.com\/en\/wp-json\/wp\/v2\/product\/10851","targetHints":{"allow":["GET"]}}],"collection":[{"href":"https:\/\/havamall.com\/en\/wp-json\/wp\/v2\/product"}],"about":[{"href":"https:\/\/havamall.com\/en\/wp-json\/wp\/v2\/types\/product"}],"replies":[{"embeddable":true,"href":"https:\/\/havamall.com\/en\/wp-json\/wp\/v2\/comments?post=10851"}],"version-history":[{"count":0,"href":"https:\/\/havamall.com\/en\/wp-json\/wp\/v2\/product\/10851\/revisions"}],"wp:featuredmedia":[{"embeddable":true,"href":"https:\/\/havamall.com\/en\/wp-json\/wp\/v2\/media\/10847"}],"wp:attachment":[{"href":"https:\/\/havamall.com\/en\/wp-json\/wp\/v2\/media?parent=10851"}],"wp:term":[{"taxonomy":"product_brand","embeddable":true,"href":"https:\/\/havamall.com\/en\/wp-json\/wp\/v2\/product_brand?post=10851"},{"taxonomy":"product_cat","embeddable":true,"href":"https:\/\/havamall.com\/en\/wp-json\/wp\/v2\/product_cat?post=10851"},{"taxonomy":"product_tag","embeddable":true,"href":"https:\/\/havamall.com\/en\/wp-json\/wp\/v2\/product_tag?post=10851"}],"curies":[{"name":"wp","href":"https:\/\/api.w.org\/{rel}","templated":true}]}}