{"id":10856,"date":"2019-05-23T14:21:22","date_gmt":"2019-05-23T07:21:22","guid":{"rendered":"https:\/\/havamall.com\/?post_type=product&#038;p=10856"},"modified":"2022-12-27T14:39:03","modified_gmt":"2022-12-27T07:39:03","slug":"sot-mayonnaise-250ml","status":"publish","type":"product","link":"https:\/\/havamall.com\/en\/shop\/sot-mayonnaise-250ml\/","title":{"rendered":"S\u1ed1t Salad Mayonnaise Golden Farm 250ml"},"content":{"rendered":"<p><span style=\"color: #000000\">S\u1ed1t mayonnaise Golden Farm chai 250ml c\u00f3 v\u1ecb b\u00e9o, th\u01a1m, chua nh\u1eb9 s\u1ebd l\u00e0 n\u01b0\u1edbc s\u1ed1t y\u00eau th\u00edch cho c\u1ea3 gia \u0111\u00ecnh. N\u01b0\u1edbc s\u1ed1t \u0111\u1ef1ng trong chai nh\u1ef1a an to\u00e0n, d\u1ec5 l\u1ea5y s\u1ed1t, d\u1ec5 b\u1ea3o qu\u1ea3n c\u0169ng nh\u01b0 d\u1ec5 d\u00e0ng mang theo khi \u0111i c\u1eafm tr\u1ea1i, d\u00e3 ngo\u1ea1i, t\u1ed5 ch\u1ee9c ti\u1ec7c ngo\u00e0i tr\u1eddi.\u00a0<\/span><\/p>\n<p><img fetchpriority=\"high\" decoding=\"async\" class=\"size-full wp-image-10857 aligncenter\" src=\"https:\/\/havamall.com\/wp-content\/uploads\/2019\/05\/3.saladraucu2.png\" alt=\"\" width=\"540\" height=\"360\" srcset=\"https:\/\/havamall.com\/wp-content\/uploads\/2019\/05\/3.saladraucu2.png 540w, https:\/\/havamall.com\/wp-content\/uploads\/2019\/05\/3.saladraucu2-150x100.png 150w\" sizes=\"(max-width: 540px) 100vw, 540px\" \/><\/p>\n<ul>\n<li><span style=\"color: #000000\">S\u1ed1t mayonnaise tr\u1ee9ng g\u00e0 t\u01b0\u01a1i c\u00f3 th\u00e0nh ph\u1ea7n ch\u00ednh t\u1eeb tr\u1ee9ng g\u00e0, d\u1ea7u n\u00e0nh v\u00e0 nhi\u1ec1u th\u00e0nh ph\u1ea7n t\u1ef1 nhi\u00ean kh\u00e1c.<\/span><\/li>\n<li><span style=\"color: #000000\">M\u00e0u tr\u1eafng \u0111\u1ee5c, cho ng\u01b0\u1eddi d\u00f9ng an t\u00e2m h\u01a1n v\u00ec s\u1ea3n ph\u1ea9m kh\u00f4ng ph\u1ea9m m\u00e0u g\u00e2y h\u1ea1i.<\/span><\/li>\n<li><span style=\"color: #000000\">\u0110\u01b0\u1ee3c s\u1ea3n xu\u1ea5t theo qui tr\u00ecnh kh\u00e9p k\u00edn, hi\u1ec7n \u0111\u1ea1i, \u0111\u1ea3m b\u1ea3o an to\u00e0n v\u1ec7 sinh th\u1ef1c ph\u1ea9m.<\/span><\/li>\n<li><span style=\"color: #000000\">S\u1ea3n ph\u1ea9m \u0111\u01b0\u1ee3c \u0111\u00f3ng g\u00f3i c\u1ea9n th\u1eadn, bao b\u00ec \u0111\u1ea7y \u0111\u1ee7 th\u00f4ng tin c\u1ea7n thi\u1ebft.<\/span><\/li>\n<\/ul>\n<p>&nbsp;<\/p>\n<p style=\"color: #595959\"><strong>C\u00f4ng d\u1ee5ng:<\/strong><\/p>\n<ul style=\"color: #595959\">\n<li>S\u1ed1t mayonnaise tr\u1ee9ng g\u00e0 t\u01b0\u01a1i d\u00f9ng \u0111\u1ec3 l\u00e0m gia v\u1ecb \u0103n k\u00e8m c\u00e1c m\u00f3n \u0103n nh\u01b0 chi\u00ean, x\u00e0o.<\/li>\n<li>Tr\u1ed9n salad cho m\u00f3n \u0103n th\u00eam h\u1ea5p d\u1eabn, k\u00edch th\u1ecb v\u1ecb gi\u00e1c ng\u01b0\u1eddi d\u00f9ng.<\/li>\n<li>Ch\u1ee9a nhi\u1ec1u gi\u00e1 tr\u1ecb dinh d\u01b0\u1ee1ng c\u1ea7n thi\u1ebft cho c\u01a1 th\u1ec3.<\/li>\n<\/ul>\n<p style=\"color: #595959\"><strong>Th\u00e0nh ph\u1ea7n:\u00a0<\/strong>Tr\u1ee9ng g\u00e0 t\u01b0\u01a1i (5%), d\u1ea7u n\u00e0nh, n\u01b0\u1edbc, gi\u1ea5m, \u0111\u01b0\u1eddng, mu\u1ed1i, b\u1ed9t m\u00f9 t\u1ea1t, ch\u1ea5t \u1ed5n \u0111\u1ecbnh: Grindsted (FF5218, FF1119), EDTA&#8230;<\/p>\n<p style=\"color: #595959\"><img decoding=\"async\" class=\"size-full wp-image-10859 aligncenter\" src=\"https:\/\/havamall.com\/wp-content\/uploads\/2019\/05\/3-salad-ca-ngu.jpg\" alt=\"\" width=\"640\" height=\"440\" srcset=\"https:\/\/havamall.com\/wp-content\/uploads\/2019\/05\/3-salad-ca-ngu.jpg 640w, https:\/\/havamall.com\/wp-content\/uploads\/2019\/05\/3-salad-ca-ngu-600x413.jpg 600w, https:\/\/havamall.com\/wp-content\/uploads\/2019\/05\/3-salad-ca-ngu-150x103.jpg 150w\" sizes=\"(max-width: 640px) 100vw, 640px\" \/><\/p>\n<p><span style=\"color: #000000\"><strong>H\u01b0\u1edbng d\u1eabn s\u1eed d\u1ee5ng:\u00a0<\/strong>D\u00f9ng tr\u1ed9n rau ho\u1eb7c l\u00e0m n\u01b0\u1edbc ch\u1ea5m v\u1edbi c\u00e1c m\u00f3n chi\u00ean, n\u01b0\u1edbng.<\/span><\/p>\n<p><span style=\"color: #000000\"><strong>H\u01b0\u1edbng d\u1eabn b\u1ea3o qu\u1ea3n:<\/strong>\u00a0N\u01a1i kh\u00f4 r\u00e1o, tho\u00e1ng m\u00e1t, tr\u00e1nh \u00e1nh s\u00e1ng tr\u1ef1c ti\u1ebfp t\u1eeb m\u1eb7t tr\u1eddi. Gi\u1eef l\u1ea1nh sau khi m\u1edf n\u1eafp.<\/span><\/p>\n<p>&nbsp;<\/p>\n<p>&nbsp;<\/p>","protected":false},"excerpt":{"rendered":"<p>S\u1ed1t mayonnaise Golden Farm chai 250ml c\u00f3 v\u1ecb b\u00e9o, th\u01a1m, chua nh\u1eb9 s\u1ebd l\u00e0 n\u01b0\u1edbc s\u1ed1t y\u00eau th\u00edch cho c\u1ea3<\/p>","protected":false},"featured_media":24582,"comment_status":"open","ping_status":"closed","template":"","meta":[],"product_brand":[],"product_cat":[36,143],"product_tag":[],"class_list":{"0":"post-10856","1":"product","2":"type-product","3":"status-publish","4":"has-post-thumbnail","6":"product_cat-thuc-pham-tieu-dung","7":"product_cat-thuc-pham-dong-hop","8":"pa_brand-golden-farm","10":"first","11":"instock","12":"sale","13":"shipping-taxable","14":"purchasable","15":"product-type-variable"},"_links":{"self":[{"href":"https:\/\/havamall.com\/en\/wp-json\/wp\/v2\/product\/10856","targetHints":{"allow":["GET"]}}],"collection":[{"href":"https:\/\/havamall.com\/en\/wp-json\/wp\/v2\/product"}],"about":[{"href":"https:\/\/havamall.com\/en\/wp-json\/wp\/v2\/types\/product"}],"replies":[{"embeddable":true,"href":"https:\/\/havamall.com\/en\/wp-json\/wp\/v2\/comments?post=10856"}],"version-history":[{"count":0,"href":"https:\/\/havamall.com\/en\/wp-json\/wp\/v2\/product\/10856\/revisions"}],"wp:featuredmedia":[{"embeddable":true,"href":"https:\/\/havamall.com\/en\/wp-json\/wp\/v2\/media\/24582"}],"wp:attachment":[{"href":"https:\/\/havamall.com\/en\/wp-json\/wp\/v2\/media?parent=10856"}],"wp:term":[{"taxonomy":"product_brand","embeddable":true,"href":"https:\/\/havamall.com\/en\/wp-json\/wp\/v2\/product_brand?post=10856"},{"taxonomy":"product_cat","embeddable":true,"href":"https:\/\/havamall.com\/en\/wp-json\/wp\/v2\/product_cat?post=10856"},{"taxonomy":"product_tag","embeddable":true,"href":"https:\/\/havamall.com\/en\/wp-json\/wp\/v2\/product_tag?post=10856"}],"curies":[{"name":"wp","href":"https:\/\/api.w.org\/{rel}","templated":true}]}}