{"id":10879,"date":"2019-05-23T15:01:13","date_gmt":"2019-05-23T08:01:13","guid":{"rendered":"https:\/\/havamall.com\/?post_type=product&#038;p=10879"},"modified":"2025-12-03T04:09:46","modified_gmt":"2025-12-02T21:09:46","slug":"sot-salad-thousand-island-250ml","status":"publish","type":"product","link":"https:\/\/havamall.com\/en\/shop\/sot-salad-thousand-island-250ml\/","title":{"rendered":"S\u1ed1t Salad Thousand Island Golden Farm"},"content":{"rendered":"<p style=\"color: #333333; font-size: 13px;\"><span style=\"font-size: 12pt;\">S\u1ed1t salad Thousand Island\u00a0c\u00f3\u00a0nguy\u00ean li\u1ec7u ch\u1ea5t l\u01b0\u1ee3ng cao, ho\u00e0n to\u00e0n t\u1eeb b\u1ed9t tr\u1ee9ng, gi\u1ea5m v\u00e0 d\u1ea7u n\u00e0nh\u00a0t\u1ef1 nhi\u00ean. Nh\u1edd \u0111\u00f3, s\u1ea3n ph\u1ea9m s\u1ebd\u00a0mang \u0111\u1ebfn cho m\u00f3n salad c\u1ee7a b\u1ea1n h\u01b0\u01a1ng v\u1ecb h\u1ea5p d\u1eabn v\u00e0 kho\u00e1i kh\u1ea9u.\u00a0<\/span><\/p>\n<p><img fetchpriority=\"high\" decoding=\"async\" class=\"size-full wp-image-10881 aligncenter\" src=\"https:\/\/havamall.com\/wp-content\/uploads\/2019\/05\/keto-thousand-island-dressing-featured.jpg\" alt=\"\" width=\"900\" height=\"600\" srcset=\"https:\/\/havamall.com\/wp-content\/uploads\/2019\/05\/keto-thousand-island-dressing-featured.jpg 900w, https:\/\/havamall.com\/wp-content\/uploads\/2019\/05\/keto-thousand-island-dressing-featured-600x400.jpg 600w, https:\/\/havamall.com\/wp-content\/uploads\/2019\/05\/keto-thousand-island-dressing-featured-150x100.jpg 150w\" sizes=\"(max-width: 900px) 100vw, 900px\" \/><\/p>\n<p style=\"color: #333333; font-size: 13px;\"><span style=\"font-size: 12pt;\">Ngo\u00e0i ra, s\u1ea3n ph\u1ea9m c\u00f2n c\u00f3 th\u1ec3 d\u00f9ng l\u00e0m t\u01b0\u01a1ng ch\u1ea5m cho c\u00e1c m\u00f3n chi\u00ean, n\u01b0\u1edbng r\u1ea5t ngon mi\u1ec7ng. S\u1ed1t\u00a0\u0111\u01b0\u1ee3c s\u1ea3n xu\u1ea5t theo c\u00f4ng ngh\u1ec7 hi\u1ec7n \u0111\u1ea1i c\u1ee7a M\u1ef9, \u0111\u1ea3m b\u1ea3o an to\u00e0n v\u1ec1 ch\u1ea5t l\u01b0\u1ee3ng, s\u1ebd l\u00e0m phong ph\u00fa b\u1eefa \u0103n h\u00e0ng ng\u00e0y c\u1ee7a gia \u0111\u00ecnh b\u1ea1n.<\/span><\/p>\n<p style=\"color: #333333; font-size: 13px;\"><img decoding=\"async\" class=\"wp-image-10880 aligncenter\" src=\"https:\/\/havamall.com\/wp-content\/uploads\/2019\/05\/Thousand-Island-Dressing-Close-Up.jpg\" alt=\"\" width=\"896\" height=\"505\" srcset=\"https:\/\/havamall.com\/wp-content\/uploads\/2019\/05\/Thousand-Island-Dressing-Close-Up.jpg 1000w, https:\/\/havamall.com\/wp-content\/uploads\/2019\/05\/Thousand-Island-Dressing-Close-Up-600x338.jpg 600w, https:\/\/havamall.com\/wp-content\/uploads\/2019\/05\/Thousand-Island-Dressing-Close-Up-150x84.jpg 150w\" sizes=\"(max-width: 896px) 100vw, 896px\" \/><\/p>\n<p style=\"color: #333333; font-size: 13px;\"><span style=\"font-size: 12pt;\">S\u1ed1t salad Thousand Island\u00a0\u0111\u01b0\u1ee3c \u0111\u00f3ng chai ti\u1ec7n d\u1ee5ng cho b\u1ea1n s\u1eed d\u1ee5ng c\u0169ng nh\u01b0 b\u1ea3o qu\u1ea3n, v\u1ecf\u00a0\u0111\u1ef1ng s\u1ea3n ph\u1ea9m l\u00e0m t\u1eeb nguy\u00ean li\u1ec7u s\u1ea1ch, kh\u00f4ng l\u1eabn t\u1ea1p ch\u1ea5t h\u00f3a h\u1ecdc \u0111\u1ed9c h\u1ea1i.\u00a0S\u1ea3n ph\u1ea9m lu\u00f4n mang \u0111\u1ebfn ch\u1ea5t l\u01b0\u1ee3ng\u00a0t\u1ed1t nh\u1ea5t cho ng\u01b0\u1eddi ti\u00eau d\u00f9ng.<\/span><\/p>","protected":false},"excerpt":{"rendered":"<p>S\u1ed1t salad Thousand Island\u00a0c\u00f3\u00a0nguy\u00ean li\u1ec7u ch\u1ea5t l\u01b0\u1ee3ng cao, ho\u00e0n to\u00e0n t\u1eeb b\u1ed9t tr\u1ee9ng, gi\u1ea5m v\u00e0 d\u1ea7u n\u00e0nh\u00a0t\u1ef1 nhi\u00ean. Nh\u1edd \u0111\u00f3,<\/p>","protected":false},"featured_media":24583,"comment_status":"open","ping_status":"closed","template":"","meta":[],"product_brand":[],"product_cat":[36,143],"product_tag":[],"class_list":{"0":"post-10879","1":"product","2":"type-product","3":"status-publish","4":"has-post-thumbnail","6":"product_cat-thuc-pham-tieu-dung","7":"product_cat-thuc-pham-dong-hop","8":"pa_brand-golden-farm","10":"first","11":"instock","12":"sale","13":"shipping-taxable","14":"purchasable","15":"product-type-variable"},"_links":{"self":[{"href":"https:\/\/havamall.com\/en\/wp-json\/wp\/v2\/product\/10879","targetHints":{"allow":["GET"]}}],"collection":[{"href":"https:\/\/havamall.com\/en\/wp-json\/wp\/v2\/product"}],"about":[{"href":"https:\/\/havamall.com\/en\/wp-json\/wp\/v2\/types\/product"}],"replies":[{"embeddable":true,"href":"https:\/\/havamall.com\/en\/wp-json\/wp\/v2\/comments?post=10879"}],"version-history":[{"count":0,"href":"https:\/\/havamall.com\/en\/wp-json\/wp\/v2\/product\/10879\/revisions"}],"wp:featuredmedia":[{"embeddable":true,"href":"https:\/\/havamall.com\/en\/wp-json\/wp\/v2\/media\/24583"}],"wp:attachment":[{"href":"https:\/\/havamall.com\/en\/wp-json\/wp\/v2\/media?parent=10879"}],"wp:term":[{"taxonomy":"product_brand","embeddable":true,"href":"https:\/\/havamall.com\/en\/wp-json\/wp\/v2\/product_brand?post=10879"},{"taxonomy":"product_cat","embeddable":true,"href":"https:\/\/havamall.com\/en\/wp-json\/wp\/v2\/product_cat?post=10879"},{"taxonomy":"product_tag","embeddable":true,"href":"https:\/\/havamall.com\/en\/wp-json\/wp\/v2\/product_tag?post=10879"}],"curies":[{"name":"wp","href":"https:\/\/api.w.org\/{rel}","templated":true}]}}