{"id":10903,"date":"2019-05-24T13:13:49","date_gmt":"2019-05-24T06:13:49","guid":{"rendered":"https:\/\/havamall.com\/?post_type=product&#038;p=10903"},"modified":"2025-09-04T11:15:40","modified_gmt":"2025-09-04T04:15:40","slug":"siro-bac-ha-peppermint-syrup-520ml","status":"publish","type":"product","link":"https:\/\/havamall.com\/en\/shop\/siro-bac-ha-peppermint-syrup-520ml\/","title":{"rendered":"Siro B\u1ea1c H\u00e0 &#8211; Peppermint Syrup 520ml"},"content":{"rendered":"<p>Siro H\u01b0\u01a1ng B\u1ea1c H\u00e0 (520ml) l\u00e0 s\u1ea3n ph\u1ea9m \u0111\u01b0\u1ee3c \u01b0u ti\u00ean h\u00e0ng \u0111\u00e2u khi b\u1ea1n c\u00f3 c\u00e1c bu\u1ed5i ti\u1ec7c v\u1edbi gia \u0111\u00ecnh hay nh\u1eefng khi h\u1ecdp m\u1eb7t b\u1ea1n b\u00e8.<\/p>\n<p><img fetchpriority=\"high\" decoding=\"async\" class=\"size-full wp-image-10907 aligncenter\" src=\"https:\/\/havamall.com\/wp-content\/uploads\/2019\/05\/Untitled12.png\" alt=\"\" width=\"2032\" height=\"1484\" srcset=\"https:\/\/havamall.com\/wp-content\/uploads\/2019\/05\/Untitled12.png 2032w, https:\/\/havamall.com\/wp-content\/uploads\/2019\/05\/Untitled12-600x438.png 600w, https:\/\/havamall.com\/wp-content\/uploads\/2019\/05\/Untitled12-150x110.png 150w, https:\/\/havamall.com\/wp-content\/uploads\/2019\/05\/Untitled12-1200x876.png 1200w\" sizes=\"(max-width: 2032px) 100vw, 2032px\" \/><\/p>\n<p>S\u1ea3n ph\u1ea9m c\u00f3 th\u1ec3 d\u00f9ng \u0111\u1ec3 pha ch\u1ebf t\u1ea1o n\u00ean nh\u1eefng th\u1ee9c u\u1ed1ng th\u01a1m ngon nh\u01b0 cocktail, s\u1eefa t\u01b0\u01a1i tr\u00e1i c\u00e2y, tr\u00e0 s\u1eefa hay rau c\u00e2u&#8230;<\/p>\n<p><img decoding=\"async\" class=\"size-full wp-image-10908 aligncenter\" src=\"https:\/\/havamall.com\/wp-content\/uploads\/2019\/05\/e139ea0a44d3a18df8c2.png\" alt=\"\" width=\"480\" height=\"720\" srcset=\"https:\/\/havamall.com\/wp-content\/uploads\/2019\/05\/e139ea0a44d3a18df8c2.png 480w, https:\/\/havamall.com\/wp-content\/uploads\/2019\/05\/e139ea0a44d3a18df8c2-150x225.png 150w\" sizes=\"(max-width: 480px) 100vw, 480px\" \/><\/p>\n<p>\u0110\u01b0\u1ee3c s\u1eed d\u1ee5ng nguy\u00ean li\u1ec7u t\u1ef1 nhi\u00ean ho\u00e0n to\u00e0n l\u00e0 nh\u1eefng l\u00e1 b\u1ea1c h\u00e0 t\u01b0\u01a1i xanh.<br \/>\nS\u1eed d\u1ee5ng c\u00f4ng ngh\u1ec7 s\u1ea3n xu\u1ea5t kh\u00e9p k\u00edn, \u0111\u1ea3m b\u1ea3o v\u1ec7 sinh gi\u00fap gi\u1eef l\u1ea1i to\u00e0n b\u1ed9 c\u00e1c vitamin.<br \/>\nH\u01b0\u01a1ng v\u1ecb b\u1ea1c h\u00e0 thanh m\u00e1t cho b\u1ea1n c\u1ea3m gi\u00e1c s\u1ea3ng kho\u00e1i t\u1ee9c th\u00ec.<br \/>\nSiro B\u1ea1c h\u00e0 xanh c\u00f3 m\u00e0u xanh ng\u1ecdc l\u1ee5c b\u1ea3o s\u1ebd khi\u1ebfn cho m\u00f3n cocktail c\u1ee7a b\u1ea1n c\u00f3 nhi\u1ec1u ng\u01b0\u1eddi ganh t\u1ef5 v\u00e0 th\u00e8m mu\u1ed1n th\u01b0\u1edfng th\u1ee9c.<\/p>","protected":false},"excerpt":{"rendered":"<p>Siro H\u01b0\u01a1ng B\u1ea1c H\u00e0 (520ml) l\u00e0 s\u1ea3n ph\u1ea9m \u0111\u01b0\u1ee3c \u01b0u ti\u00ean h\u00e0ng \u0111\u00e2u khi b\u1ea1n c\u00f3 c\u00e1c bu\u1ed5i ti\u1ec7c v\u1edbi<\/p>","protected":false},"featured_media":10909,"comment_status":"open","ping_status":"closed","template":"","meta":[],"product_brand":[],"product_cat":[681],"product_tag":[],"class_list":{"0":"post-10903","1":"product","2":"type-product","3":"status-publish","4":"has-post-thumbnail","6":"product_cat-chua-phan-loai","7":"pa_brand-golden-farm","9":"first","10":"instock","11":"sale","12":"shipping-taxable","13":"purchasable","14":"product-type-simple"},"_links":{"self":[{"href":"https:\/\/havamall.com\/en\/wp-json\/wp\/v2\/product\/10903","targetHints":{"allow":["GET"]}}],"collection":[{"href":"https:\/\/havamall.com\/en\/wp-json\/wp\/v2\/product"}],"about":[{"href":"https:\/\/havamall.com\/en\/wp-json\/wp\/v2\/types\/product"}],"replies":[{"embeddable":true,"href":"https:\/\/havamall.com\/en\/wp-json\/wp\/v2\/comments?post=10903"}],"version-history":[{"count":0,"href":"https:\/\/havamall.com\/en\/wp-json\/wp\/v2\/product\/10903\/revisions"}],"wp:featuredmedia":[{"embeddable":true,"href":"https:\/\/havamall.com\/en\/wp-json\/wp\/v2\/media\/10909"}],"wp:attachment":[{"href":"https:\/\/havamall.com\/en\/wp-json\/wp\/v2\/media?parent=10903"}],"wp:term":[{"taxonomy":"product_brand","embeddable":true,"href":"https:\/\/havamall.com\/en\/wp-json\/wp\/v2\/product_brand?post=10903"},{"taxonomy":"product_cat","embeddable":true,"href":"https:\/\/havamall.com\/en\/wp-json\/wp\/v2\/product_cat?post=10903"},{"taxonomy":"product_tag","embeddable":true,"href":"https:\/\/havamall.com\/en\/wp-json\/wp\/v2\/product_tag?post=10903"}],"curies":[{"name":"wp","href":"https:\/\/api.w.org\/{rel}","templated":true}]}}