{"id":10924,"date":"2019-05-24T14:42:28","date_gmt":"2019-05-24T07:42:28","guid":{"rendered":"https:\/\/havamall.com\/?post_type=product&#038;p=10924"},"modified":"2022-05-13T11:53:51","modified_gmt":"2022-05-13T04:53:51","slug":"siro-mojito-mojito-syrup-520ml","status":"publish","type":"product","link":"https:\/\/havamall.com\/en\/shop\/siro-mojito-mojito-syrup-520ml\/","title":{"rendered":"Siro Mojito &#8211; Mojito Syrup 520ml"},"content":{"rendered":"<p>D\u00f2ng sir\u00f4 Gi\u1ea3i Kh\u00e1t Golden Farm\u00a0l\u00e0 s\u1ef1 ch\u1ecdn l\u1ecdc k\u1ef9 l\u01b0\u1ee1ng tr\u00ean quy tr\u00ecnh s\u1ea3n xu\u1ea5t hi\u1ec7n \u0111\u1ea1i Ch\u00e2u \u00c2u, mang \u0111\u1ebfn cho s\u1ea3n ph\u1ea9m h\u01b0\u01a1ng th\u01a1m v\u00e0 v\u1ecb ng\u1ecdt t\u1ef1 nhi\u00ean t\u1eeb tr\u00e1i c\u00e2y t\u01b0\u01a1i.\u00a0Sir\u00f4 Gi\u1ea3i Kh\u00e1t Golden Farm\u00a0l\u00e0 ngu\u1ed3n nguy\u00ean li\u1ec7u tuy\u1ec7t v\u1eddi \u0111\u1ec3 pha ch\u1ebf b\u1ea5t k\u00ec m\u00f3n th\u1ee9c u\u1ed1ng n\u00e0o<\/p>\n<p style=\"color: #3b3b3b;font-size: 14px\"><span style=\"font-size: 12pt\">Siro Mojito l\u00e0 m\u1ed9t nguy\u00ean li\u1ec7u kh\u00f4ng th\u1ec3 thi\u1ebfu \u0111\u1ec3 t\u1ea1o n\u00ean nh\u1eefng ly \u0111\u1ed3 u\u1ed1ng m\u00e1t l\u1ea1nh v\u00e0 h\u1ea5p d\u1eabn. Ch\u1ec9 v\u1edbi m\u1ed9t v\u00e0i thao t\u00e1c \u0111\u01a1n gi\u1ea3n, b\u1ea1n \u0111\u00e3 c\u00f3 th\u1ec3 t\u1ea1o\u00a0n\u00ean c\u00e1c lo\u1ea1i \u0111\u1ed3 u\u1ed1ng gi\u1ea3i nhi\u1ec7t cho gia \u0111\u00ecnh v\u00e0 ng\u01b0\u1eddi th\u00e2n trong m\u00f9a h\u00e8 n\u00e0y.<\/span><\/p>\n<p><img fetchpriority=\"high\" decoding=\"async\" class=\"wp-image-10925 aligncenter\" src=\"https:\/\/havamall.com\/wp-content\/uploads\/2019\/05\/siro-huong-mojito-golden-farm-520-ml-2.jpg\" alt=\"\" width=\"725\" height=\"406\" srcset=\"https:\/\/havamall.com\/wp-content\/uploads\/2019\/05\/siro-huong-mojito-golden-farm-520-ml-2.jpg 772w, https:\/\/havamall.com\/wp-content\/uploads\/2019\/05\/siro-huong-mojito-golden-farm-520-ml-2-600x336.jpg 600w, https:\/\/havamall.com\/wp-content\/uploads\/2019\/05\/siro-huong-mojito-golden-farm-520-ml-2-150x84.jpg 150w\" sizes=\"(max-width: 725px) 100vw, 725px\" \/><\/p>\n<p>S\u1ea3n ph\u1ea9m \u0111\u01b0\u1ee3c ch\u1ecdn l\u1ecdc t\u1eeb nh\u1eefng nguy\u00ean li\u1ec7u t\u01b0\u01a1i\u00a0ngon nh\u1ea5t, s\u1ea3n ph\u1ea9m mang l\u1ea1i h\u01b0\u01a1ng v\u1ecb \u0111\u1eb7c tr\u01b0ng v\u00e0 \u0111\u1ed9c \u0111\u00e1o. V\u1edbi th\u1ec3 t\u00edch l\u00ean \u0111\u1ebfn 520ml, s\u1ea3n ph\u1ea9m ph\u00f9 h\u1ee3p v\u1edbi nh\u1eefng ng\u01b0\u1eddi c\u00f3 nhu c\u1ea7u s\u1eed d\u1ee5ng l\u00e2u d\u00e0i.\u00a0<span style=\"color: #3b3b3b;font-size: 12pt\"><span style=\"font-size: 12pt\">Siro Mojito c\u00f3 th\u1ec3<\/span>\u00a0s\u1eed d\u1ee5ng \u0111\u1ec3 pha ch\u1ebf c\u00e1c lo\u1ea1i \u0111\u1ed3 u\u1ed1ng gi\u1ea3i kh\u00e1t v\u00e0 m\u1ed9t s\u1ed1 \u0111\u1ed3 \u0103n\u00a0nh\u01b0: sinh t\u1ed1, s\u1eefa t\u01b0\u01a1i, coktail, mojito,\u00a0th\u1ea1ch rau c\u00e2u,..<\/span><\/p>\n<p><img decoding=\"async\" class=\"aligncenter\" src=\"https:\/\/nongsanvang.com.vn\/wp-content\/uploads\/2019\/03\/kiwi-hat-e.jpg\" alt=\"H\u1ea1t \u00c9 C\u00f3 T\u00e1c D\u1ee5ng G\u00ec \u0110\u1ed1i V\u1edbi S\u1ee9c Kh\u1ecfe V\u00e0 L\u00e0m \u0110\u1eb9p - N\u00f4ng s\u1ea3n v\u00e0ng\" width=\"727\" height=\"727\" \/><\/p>\n<h4><strong>\u0110\u1eb7c \u0111i\u1ec3m n\u1ed5i b\u1eadt c\u1ee7a s\u1ea3n ph\u1ea9m:<\/strong><\/h4>\n<p>&#8211; Chai \u0111\u01b0\u1ee3c l\u00e0m\u00a0b\u1eb1ng ch\u1ea5t li\u1ec7u th\u1ee7y tinh d\u00e0y, gi\u00fap b\u1ea1n d\u1ec5 d\u00e0ng b\u1ea3o qu\u1ea3n s\u1ea3n ph\u1ea9m.<\/p>\n<p>&#8211; \u01afu \u0111i\u1ec3m c\u1ee7a s\u1ea3n ph\u1ea9m l\u00e0 siro r\u1ea5t \u0111\u1eadm \u0111\u00e0,\u00a0trong su\u1ed1t v\u00e0\u00a0kh\u00f4ng c\u00f3 c\u1eb7n, l\u00e0m cho\u00a0\u0111\u1ed3 u\u1ed1ng c\u1ee7a b\u1ea1n th\u00eam ph\u1ea7n ch\u1ea5t l\u01b0\u1ee3ng v\u00e0 h\u1ea5p d\u1eabn h\u01a1n.<\/p>\n<p><img decoding=\"async\" class=\"aligncenter\" style=\"margin-left: auto;margin-right: auto\" src=\"\/\/media3.scdn.vn\/img3\/2019\/5_22\/H5YcPh.jpg\" width=\"721\" height=\"541\" \/><\/p>\n<h4><strong>C\u00e1ch s\u1eed d\u1ee5ng siro mojito Golden Farm<\/strong><\/h4>\n<p>&#8211; D\u00f9ng \u0111\u1ec3 pha n\u01b0\u1edbc gi\u1ea3i kh\u00e1t: Pha 30ml siro v\u01a1i 120ml n\u01b0\u1edbc, cho \u0111\u00e1 v\u00e0o ly v\u00e0 th\u01b0\u1edfng th\u1ee9c.<\/p>\n<p>&#8211; D\u00f9ng \u0111\u1ec3 pha cocktail: Cho 30ml siro, 30ml r\u01b0\u1ee3u Vodka, 50ml n\u01b0\u1edbc, 2 mu\u1ed7ng nh\u1ecf s\u1eefa chua v\u00e0o b\u00ecnh l\u1eafc. Cho \u0111\u00e1 v\u00e0o v\u00e0 l\u1eafc \u0111\u1ec1u. R\u00f3t ra ly v\u00e0 th\u01b0\u1edfng th\u1ee9c.<\/p>\n<p>&#8211; D\u00f9ng \u0111\u1ec3 pha s\u1eefa t\u01b0\u01a1i tr\u00e1i c\u00e2y: Pha siro v\u1edbi s\u1eefa t\u01b0\u01a1i l\u00e0m s\u1eefa t\u01b0\u01a1i tr\u00e1i c\u00e2y<\/p>\n<p>&#8211; D\u00f9ng \u0111\u1ec3 l\u00e0m th\u1ea1ch rau c\u00e2u: Pha siro v\u00e0o h\u1ed7n h\u1ee3p l\u00e0m rau c\u00e2u \u0111\u1ec3 t\u1ea1o th\u00eam h\u01b0\u01a1ng v\u1ecb v\u00e0 m\u00e0u s\u1eafc h\u1ea5p d\u1eabn.<\/p>\n<p style=\"font-size: 14px\">S\u1ea3m ph\u1ea9m hi\u1ec7n \u0111\u00e3 c\u00f3 m\u1eb7t t\u1ea1i Havamall.<\/p>","protected":false},"excerpt":{"rendered":"<p>D\u00f2ng sir\u00f4 Gi\u1ea3i Kh\u00e1t Golden Farm\u00a0l\u00e0 s\u1ef1 ch\u1ecdn l\u1ecdc k\u1ef9 l\u01b0\u1ee1ng tr\u00ean quy tr\u00ecnh s\u1ea3n xu\u1ea5t hi\u1ec7n \u0111\u1ea1i Ch\u00e2u \u00c2u,<\/p>","protected":false},"featured_media":10927,"comment_status":"open","ping_status":"closed","template":"","meta":[],"product_brand":[],"product_cat":[135,36],"product_tag":[],"class_list":{"0":"post-10924","1":"product","2":"type-product","3":"status-publish","4":"has-post-thumbnail","6":"product_cat-sua-do-uong","7":"product_cat-thuc-pham-tieu-dung","8":"pa_brand-golden-farm","10":"first","11":"instock","12":"sale","13":"shipping-taxable","14":"purchasable","15":"product-type-simple"},"_links":{"self":[{"href":"https:\/\/havamall.com\/en\/wp-json\/wp\/v2\/product\/10924","targetHints":{"allow":["GET"]}}],"collection":[{"href":"https:\/\/havamall.com\/en\/wp-json\/wp\/v2\/product"}],"about":[{"href":"https:\/\/havamall.com\/en\/wp-json\/wp\/v2\/types\/product"}],"replies":[{"embeddable":true,"href":"https:\/\/havamall.com\/en\/wp-json\/wp\/v2\/comments?post=10924"}],"version-history":[{"count":0,"href":"https:\/\/havamall.com\/en\/wp-json\/wp\/v2\/product\/10924\/revisions"}],"wp:featuredmedia":[{"embeddable":true,"href":"https:\/\/havamall.com\/en\/wp-json\/wp\/v2\/media\/10927"}],"wp:attachment":[{"href":"https:\/\/havamall.com\/en\/wp-json\/wp\/v2\/media?parent=10924"}],"wp:term":[{"taxonomy":"product_brand","embeddable":true,"href":"https:\/\/havamall.com\/en\/wp-json\/wp\/v2\/product_brand?post=10924"},{"taxonomy":"product_cat","embeddable":true,"href":"https:\/\/havamall.com\/en\/wp-json\/wp\/v2\/product_cat?post=10924"},{"taxonomy":"product_tag","embeddable":true,"href":"https:\/\/havamall.com\/en\/wp-json\/wp\/v2\/product_tag?post=10924"}],"curies":[{"name":"wp","href":"https:\/\/api.w.org\/{rel}","templated":true}]}}