{"id":11077,"date":"2019-06-14T16:14:22","date_gmt":"2019-06-14T09:14:22","guid":{"rendered":"https:\/\/havamall.com\/?post_type=product&#038;p=11077"},"modified":"2019-11-18T11:30:46","modified_gmt":"2019-11-18T04:30:46","slug":"sua-socola-guylian-original-250ml","status":"publish","type":"product","link":"https:\/\/havamall.com\/en\/shop\/sua-socola-guylian-original-250ml\/","title":{"rendered":"S\u1eefa Socola Guylian Original 250ml"},"content":{"rendered":"<p>Guylian l\u00e0 m\u1ed9t h\u00e3ng s\u1ea3n xu\u1ea5t s\u00f4-c\u00f4-la c\u1ee7a B\u1ec9, m\u1ed9t trong s\u1ed1 nh\u1eefng h\u00e3ng s\u1ea3n xu\u1ea5t t\u1ed1t nh\u1ea5t c\u00f2n l\u1ea1i c\u1ee7a s\u00f4-c\u00f4-la B\u1ec9 m\u1ed9t th\u1eddi. Guylian n\u1ed5i ti\u1ebfng nh\u1ea5t v\u1edbi nh\u1eefng s\u1ea3n ph\u1ea9m socola d\u1ea1ng v\u1ecf s\u00f2 bi\u1ec3n r\u1ea5t m\u1ecbn m\u00e0ng v\u00e0 tinh t\u1ebf.<br \/>\nS\u1eefa Socola Guylian \u0111\u01b0\u1ee3c nh\u00e0 s\u1ea3n xu\u1ea5t Yonsei Milk s\u1ea3n xu\u1ea5t \u0111\u1ed9c quy\u1ec1n t\u1ea1i nh\u00e0 m\u00e1y \u1edf Chungcheongnam-do, H\u00e0n Qu\u1ed1c<\/p>\n<p>Th\u01b0\u01a1ng hi\u1ec7u Socola n\u1ed5i ti\u1ebfng Guylian gi\u1edd \u0111\u00e2y \u0111\u00e3 cho ra \u0111\u1eddi d\u00f2ng S\u1eefa S\u00f4 c\u00f4 la cacao th\u00e0nh ph\u1ea7n g\u1ed3m \u0111\u01b0\u1eddng, s\u1eefa v\u00e0 cacao. Ch\u00fang\u00a0cung c\u1ea5p nhi\u1ec1u n\u0103ng l\u01b0\u1ee3ng, \u0111\u1ea1m, kho\u00e1ng, vitamin, cho nh\u1eefng ng\u00e0y m\u1ec7t m\u1ecfi c\u1ea7n s\u1ef1 t\u1eadp trung. Cacao v\u00e0 s\u1eefa cacao \u0111\u1ec1u c\u00f3 t\u00e1c d\u1ee5ng \u1ed5n \u0111\u1ecbnh huy\u1ebft \u00e1p, tim m\u1ea1ch.<\/p>\n<p><img fetchpriority=\"high\" decoding=\"async\" class=\"wp-image-12695 aligncenter\" src=\"https:\/\/havamall.com\/wp-content\/uploads\/2019\/06\/sua-chocolate-anh-shutterstock_gziq-300x225.jpg\" alt=\"\" width=\"536\" height=\"402\" \/><\/p>\n<div><\/div>\n<p>S\u1eefa Socola Ca cao c\u00f3 h\u01b0\u01a1ng v\u1ecb th\u01a1m ngon cung c\u1ea5p c\u00e1c vitamin v\u00e0 kho\u00e1ng ch\u1ea5t, l\u00e0 th\u1ee9c u\u1ed1ng h\u1ed3i ph\u1ee5c l\u00fd t\u01b0\u1edfng sau khi t\u1eadp luy\u1ec7n. H\u00e0m l\u01b0\u1ee3ng ch\u1ea5t x\u01a1 cao gi\u00fap t\u0103ng c\u1ea3m gi\u00e1c no khi u\u1ed1ng, th\u00edch h\u1ee3p d\u00f9ng \u0111\u1ec3 gi\u1ea3m c\u00e2n<\/p>\n<div>Cholesterol th\u1ea5p, l\u01b0\u1ee3ng \u0111\u01b0\u1eddng th\u1ea5p, ph\u00f9 h\u1ee3p cho ng\u01b0\u1eddi c\u00f3 v\u1ea5n \u0111\u1ec1 v\u1ec1 tim m\u1ea1ch.<\/div>\n<div><\/div>\n<p>U\u1ed1ng s\u1eefa socola sau khi t\u1eadp luy\u1ec7n c\u01b0\u1eddng \u0111\u1ed9 cao, ho\u1eb7c m\u1ea5t nhi\u1ec1u n\u0103ng l\u01b0\u1ee3ng l\u1ea1i c\u00f3 th\u1ec3 l\u00e0 v\u1ecb c\u1ee9u tinh cho s\u1ee9c kh\u1ecfe v\u00e0 t\u0103ng c\u01b0\u1eddng n\u0103ng l\u01b0\u1ee3ng r\u1ea5t hi\u1ec7u qu\u1ea3. Cung c\u1ea5p n\u0103ng l\u01b0\u1ee3ng v\u00e0 m\u1ed9t s\u1ed1 ch\u1ea5t dinh d\u01b0\u1ee1ng cho c\u01a1 th\u1ec3.<\/p>\n<p><img decoding=\"async\" class=\"wp-image-11090 aligncenter\" src=\"https:\/\/havamall.com\/wp-content\/uploads\/2019\/06\/Guylian-Chocolate-Milk-2-800x533.jpg\" alt=\"\" width=\"546\" height=\"364\" srcset=\"https:\/\/havamall.com\/wp-content\/uploads\/2019\/06\/Guylian-Chocolate-Milk-2-800x533.jpg 800w, https:\/\/havamall.com\/wp-content\/uploads\/2019\/06\/Guylian-Chocolate-Milk-2-800x533-600x400.jpg 600w, https:\/\/havamall.com\/wp-content\/uploads\/2019\/06\/Guylian-Chocolate-Milk-2-800x533-150x100.jpg 150w\" sizes=\"(max-width: 546px) 100vw, 546px\" \/><\/p>\n<div>S\u1eefa socola l\u00e0 l\u1ef1a ch\u1ecdn s\u1ed1 1 khi c\u01a1 th\u1ec3 m\u1ea5t qu\u00e1 nhi\u1ec1u n\u0103ng l\u01b0\u1ee3ng ho\u1eb7c luy\u1ec7n t\u1eadp c\u0103ng th\u1eb3ng.<\/div>\n<p>&nbsp;<\/p>\n<p>&nbsp;<\/p>","protected":false},"excerpt":{"rendered":"<p>S\u1eefa socola, m\u1ed9t th\u1ee9c u\u1ed1ng \u0111\u01b0\u1ee3c \u01b0a chu\u1ed9ng nh\u1ea5t tr\u00ean th\u1ebf gi\u1edbi. Socola kh\u00f4ng nh\u1eefng khi\u1ebfn cho b\u1ea1n c\u1ea3m th\u1ea5y vui v\u1ebb m\u1ed7i khi u\u1ed1ng n\u00f3, m\u00e0 c\u00f2n c\u00f3 nh\u1eefng t\u00e1c d\u1ee5ng r\u1ea5t t\u1ed1t cho s\u1ee9c kh\u1ecfe. C\u00f3 th\u1ec3 \u0111\u01b0\u1ee3c xem l\u00e0 m\u1ed9t ph\u01b0\u01a1ng ph\u00e1p ph\u1ee5c h\u1ed3i s\u1ee9c kh\u1ecfe m\u1ea1nh m\u1ebd cho m\u1ed9t c\u01a1 th\u1ec3 m\u1ec7t m\u1ecfi.<\/p>","protected":false},"featured_media":11084,"comment_status":"open","ping_status":"closed","template":"","meta":[],"product_brand":[],"product_cat":[135,36,143],"product_tag":[],"class_list":{"0":"post-11077","1":"product","2":"type-product","3":"status-publish","4":"has-post-thumbnail","6":"product_cat-sua-do-uong","7":"product_cat-thuc-pham-tieu-dung","8":"product_cat-thuc-pham-dong-hop","10":"first","11":"outofstock","12":"sale","13":"shipping-taxable","14":"purchasable","15":"product-type-variable","16":"has-default-attributes"},"_links":{"self":[{"href":"https:\/\/havamall.com\/en\/wp-json\/wp\/v2\/product\/11077","targetHints":{"allow":["GET"]}}],"collection":[{"href":"https:\/\/havamall.com\/en\/wp-json\/wp\/v2\/product"}],"about":[{"href":"https:\/\/havamall.com\/en\/wp-json\/wp\/v2\/types\/product"}],"replies":[{"embeddable":true,"href":"https:\/\/havamall.com\/en\/wp-json\/wp\/v2\/comments?post=11077"}],"version-history":[{"count":0,"href":"https:\/\/havamall.com\/en\/wp-json\/wp\/v2\/product\/11077\/revisions"}],"wp:featuredmedia":[{"embeddable":true,"href":"https:\/\/havamall.com\/en\/wp-json\/wp\/v2\/media\/11084"}],"wp:attachment":[{"href":"https:\/\/havamall.com\/en\/wp-json\/wp\/v2\/media?parent=11077"}],"wp:term":[{"taxonomy":"product_brand","embeddable":true,"href":"https:\/\/havamall.com\/en\/wp-json\/wp\/v2\/product_brand?post=11077"},{"taxonomy":"product_cat","embeddable":true,"href":"https:\/\/havamall.com\/en\/wp-json\/wp\/v2\/product_cat?post=11077"},{"taxonomy":"product_tag","embeddable":true,"href":"https:\/\/havamall.com\/en\/wp-json\/wp\/v2\/product_tag?post=11077"}],"curies":[{"name":"wp","href":"https:\/\/api.w.org\/{rel}","templated":true}]}}