{"id":11214,"date":"2019-06-19T10:59:21","date_gmt":"2019-06-19T03:59:21","guid":{"rendered":"https:\/\/havamall.com\/?post_type=product&#038;p=11214"},"modified":"2025-12-03T04:25:11","modified_gmt":"2025-12-02T21:25:11","slug":"giam-aceto-baisamico-divella-500ml","status":"publish","type":"product","link":"https:\/\/havamall.com\/en\/shop\/giam-aceto-baisamico-divella-500ml\/","title":{"rendered":"Gi\u00e2\u0301m Aceto Balsamico Divella 500ml"},"content":{"rendered":"<p>Gi\u1ea5m Balsamico \u0111\u01b0\u1ee3c bi\u1ebft \u0111\u1ebfn l\u00e0 lo\u1ea1i gia v\u1ecb \u0111\u01b0\u1ee3c l\u00e0m t\u1ea1i \u00dd, v\u1edbi nguy\u00ean li\u1ec7u ch\u00ednh \u0111\u1ebfn t\u1eeb nh\u1eefng qu\u1ea3 nho t\u01b0\u01a1i ch\u1eafc kho\u1ebb.<\/p>\n<p>M\u1ecdi ng\u01b0\u1eddi c\u00f2n th\u01b0\u1eddng n\u00f3i \u0111\u00f9a v\u1edbi nhau r\u1eb1ng, lo\u1ea1i gi\u1ea5m balsamico n\u00e0y \u0111\u01b0\u1ee3c bi\u1ebft \u0111\u1ebfn l\u00e0\u00a0lo\u1ea1i gi\u1ea5m d\u00e0nh cho vua v\u00e0 qu\u00fd t\u1ed9c. B\u1edfi v\u00ec\u00a0\u0111\u1ed9 ngon\u00a0c\u1ee7a n\u00f3 c\u0169ng nh\u01b0\u00a0h\u00e0m l\u01b0\u1ee3ng ch\u1ea5t dinh d\u01b0\u1ee1ng\u00a0m\u00e0 lo\u1ea1i gi\u1ea5m n\u00e0y mang l\u1ea1i cho b\u1eefa \u0103n h\u00e0ng ng\u00e0y c\u1ee7a b\u1ea1n.<\/p>\n<p>N\u1eafm b\u1eaft \u0111\u01b0\u1ee3c nhu c\u1ea7u th\u01b0\u1edfng th\u1ee9c v\u00e0 s\u1eed d\u1ee5ng m\u1ed9t lo\u1ea1i gia v\u1ecb t\u1ed1t cho s\u1ee9c kho\u1ebb v\u00e0 h\u1ed7 tr\u1ee3 cho giai \u0111o\u1ea1n ch\u1ebf bi\u1ebfn m\u00f3n \u0103n v\u00e0 n\u1ea5u n\u01b0\u1edbng c\u1ee7a c\u00e1c b\u00e0 n\u1ed9i tr\u1ee3, Divella \u0111\u00e3 mang \u0111\u1ebfn s\u1ea3n ph\u1ea9m gi\u1ea5m\u00a0Aceto Balsamico Divella\u00a0\u0111\u1ebfn t\u1eeb v\u00f9ng Modena n\u01b0\u1edbc \u00dd.<\/p>\n<p><img fetchpriority=\"high\" decoding=\"async\" class=\"wp-image-12493 aligncenter\" src=\"https:\/\/havamall.com\/wp-content\/uploads\/2019\/06\/loi-ich-cua-giam-balsamic-loai-giam-dat-nhat-the-gioi11528862910-300x191.png\" alt=\"\" width=\"521\" height=\"332\" \/><\/p>\n<p>&nbsp;<\/p>\n<p><strong>\u0110\u1eb7c \u0111i\u1ec3m c\u1ee7a gi\u1ea5m Balsamico:<\/strong><\/p>\n<p>Gi\u1ea5m th\u00e2n thu\u1ed9c \u0111\u1ebfn m\u1ee9c \u201cb\u00ecnh d\u00e2n\u201d trong m\u1eaft nhi\u1ec1u ng\u01b0\u1eddi, ngh\u0129a l\u00e0 v\u1eeba ti\u1ec7n d\u1ee5ng v\u1eeba r\u1ebb. Nh\u01b0ng c\u00f3 m\u1ed9t lo\u1ea1i gi\u1ea5m ch\u1eafc ch\u1eafn kh\u00f4ng d\u00e0nh cho t\u1ea5t c\u1ea3 m\u1ecdi ng\u01b0\u1eddi &#8211; gi\u1ea5m balsamic \u0111\u1ebfn t\u1eeb Emilia-Romagna, v\u00f9ng ph\u00eda B\u1eafc tr\u00f9 ph\u00fa b\u1eadc nh\u1ea5t n\u01b0\u1edbc \u00dd. Gi\u1edbi s\u00e0nh \u0103n x\u01b0ng t\u1ee5ng balsamic l\u00e0 gi\u1ea5m \u201cvua\u201d &#8211; c\u1ea3 v\u00ec ch\u1ea5t l\u01b0\u1ee3ng, qui tr\u00ecnh s\u1ea3n xu\u1ea5t c\u00f4ng phu, v\u00e0 t\u1ea5t nhi\u00ean l\u00e0 gi\u00e1 c\u1ea3 \u201cho\u00e0ng gia\u201d c\u1ee7a n\u00f3.<\/p>\n<p>&nbsp;<\/p>\n<p><strong>12 N\u0102M M\u1ed8T L\u1ecc GI\u1ea4M\u00a0<\/strong><\/p>\n<p>Qui tr\u00ecnh cho ra \u0111\u1eddi m\u1ed9t l\u1ecd gi\u1ea5m balsamic ph\u1ee9c t\u1ea1p v\u00e0 \u0111\u00f2i h\u1ecfi th\u1eddi gian c\u0169ng nh\u01b0 s\u1ef1 chuy\u00ean t\u00e2m c\u1ee7a ngh\u1ec7 nh\u00e2n &#8211; l\u00e0m gi\u1ea5m \u0111\u00e3 tr\u1edf th\u00e0nh ngh\u1ec7 thu\u1eadt \u1edf \u00dd. B\u1eaft \u0111\u1ea7u t\u1eeb vi\u1ec7c thu ho\u1ea1ch mu\u1ed9n nh\u1eefng ch\u00f9m nho tr\u1eafng, theo truy\u1ec1n th\u1ed1ng l\u00e0 nho Trebiano (c\u00f9ng nguy\u00ean li\u1ec7u v\u1edbi c\u00e1c lo\u1ea1i vang Orvieto, Cognac, Armagnac l\u1eebng danh) ho\u1eb7c Lambrusco. M\u1ed9t s\u1ed1 n\u01a1i d\u00f9ng nho Tocai Friulano v\u00e0 Refosco, l\u00e0 nh\u1eefng gi\u1ed1ng nho ngon \u0111\u1ecba ph\u01b0\u01a1ng. Sau khi l\u1ea5y n\u01b0\u1edbc, dung d\u1ecbch n\u00e0y \u0111\u01b0\u1ee3c n\u1ea5u s\u00f4i cho \u0111\u1ebfn khi m\u1ea5t \u0111i 30% dung t\u00edch. L\u1eafng c\u1eb7n xong, ngh\u1ec7 nh\u00e2n cho vi khu\u1ea9n v\u00e0o \u0111\u1ec3 l\u00ean men v\u00e0 \u1ee7 trong th\u00f9ng g\u1ed7 s\u1ed3i qua nhi\u1ec1u n\u0103m. Trong qu\u00e1 tr\u00ecnh \u0111\u00f3, gi\u1ea5m s\u1ebd \u0111\u01b0\u1ee3c chuy\u1ec3n qua nhi\u1ec1u th\u00f9ng g\u1ed7 kh\u00e1c nhau \u0111\u1ec3 \u01b0\u1edbp l\u1ea5y h\u01b0\u01a1ng v\u1ecb trong t\u1eebng th\u1edb g\u1ed7, t\u1ea1o v\u1ecb ng\u1ecdt t\u1ef1 nhi\u00ean. 12 n\u0103m l\u00e0 t\u1ed1i thi\u1ec3u \u0111\u1ec3 gi\u1ea5m balsamic truy\u1ec1n th\u1ed1ng \u0111\u01b0\u1ee3c \u0111\u01b0a v\u00e0o s\u1eed d\u1ee5ng. C\u00e1c giai \u0111o\u1ea1n ti\u1ebfp theo l\u00e0 18 v\u00e0 25 n\u0103m, th\u1eadm ch\u00ed m\u1ed9t s\u1ed1 lo\u1ea1i gi\u1ea5m \u0111\u1eb7c bi\u1ec7t k\u00e9o d\u00e0i t\u1eeb 35 \u0111\u1ebfn 40 n\u0103m. Gi\u1ed1ng nh\u01b0 r\u01b0\u1ee3u vang, c\u00e0ng l\u00e2u n\u0103m gi\u1ea5m s\u1ebd c\u00e0ng ngon v\u00e0 \u0111\u1eadm \u0111\u00e0.<\/p>\n<p>&nbsp;<\/p>\n<p><img decoding=\"async\" class=\"wp-image-12494 aligncenter\" src=\"https:\/\/havamall.com\/wp-content\/uploads\/2019\/06\/photo1533525983733-15335259837331073283987-300x187.jpg\" alt=\"\" width=\"581\" height=\"362\" \/><\/p>\n<p><strong>H\u01b0\u1edbng d\u1eabn s\u1eed d\u1ee5ng gi\u1ea5m Balsamico:<\/strong><\/p>\n<ul>\n<li>L\u00e0 lo\u1ea1i gia v\u1ecb kh\u00f4ng th\u1ec3 thi\u1ebfu khi tr\u1ed9n salad hay l\u00e0m n\u01b0\u1edbc s\u1ed1t. Ngo\u00e0i ra, gi\u1ea5m Balsamico c\u00f2n \u0111\u01b0\u1ee3c d\u00f9ng \u0111\u1ec3 l\u00e0m t\u0103ng m\u00f9i v\u1ecb c\u1ee7a m\u00f3n \u0103n v\u00e0 kh\u1eed nh\u1eefng m\u00f9i tanh kh\u00f3 ch\u1ecbu c\u1ee7a th\u1ecbt c\u00e1 hay h\u1ea3i s\u1ea3n.<\/li>\n<li>Lo\u1ea1i gi\u1ea5m n\u00e0y\u00a0n\u00e0y r\u1ea5t t\u1ed1t cho s\u1ee9c kho\u1ebb, \u0111em \u0111\u1ebfn cho ng\u01b0\u1eddi th\u01b0\u1edfng th\u1ee9c nh\u1eefng m\u00f3n \u0103n th\u01a1m ngon v\u00e0 d\u1eady h\u01b0\u01a1ng v\u1ecb.<\/li>\n<\/ul>\n<p>H\u00e3y l\u1ef1a ch\u1ecdn s\u1ea3n ph\u1ea9m gi\u1ea5m Balsamico t\u1eeb th\u01b0\u01a1ng hi\u1ec7u Divella cho nh\u1eefng b\u1eefa \u0103n th\u01a1m ngon h\u1ea5p d\u1eabn c\u1ee7a gia \u0111\u00ecnh b\u1ea1n.<\/p>\n<p>Gi\u1ea5m balsamic \u0111\u01b0\u1ee3c d\u00f9ng r\u1ea5t \u201ct\u1eb1n ti\u1ec7n\u201d (v\u00ec l\u00fd do gi\u00e1 c\u1ea3) \u0111\u1ec3 l\u00e0m t\u0103ng h\u01b0\u01a1ng v\u1ecb c\u1ee7a c\u00e1, th\u1ecbt t\u01b0\u01a1i, tr\u1ee9ng, tr\u00e1i c\u00e2y t\u01b0\u01a1 T\u1ea1i c\u00e1c nh\u00e0 h\u00e0ng ph\u1ee5c v\u1ee5 m\u00f3n \u0103n \u00dd hay phong c\u00e1ch \u0110\u1ecba Trung H\u1ea3i, m\u00f3n salad gi\u1ea5m balsamic ho\u1eb7c b\u00e1nh m\u00ec ch\u1ea5m balsamic pha d\u1ea7u \u00f4-liu kh\u00e1 \u0111\u01b0\u1ee3c \u01b0a chu\u1ed9ng, l\u00e0 m\u00f3n \u0103n ph\u1ee5 trong l\u00fac ch\u1edd m\u00f3n ch\u00ednh<\/p>\n<p>Quy c\u00e1ch s\u1ea3n ph\u1ea9m:<\/p>\n<p>+ M\u00f4 t\u1ea3:\u00a0M\u00e0u n\u00e2u s\u00e1nh \u0111\u1eadm, th\u01a1m m\u00f9i \u0111\u1eb7c tr\u01b0ng c\u1ee7a nho, v\u1ecb \u0111\u1eadm \u0111\u00e0.<\/p>\n<p>+ Quy c\u00e1ch \u0111\u00f3ng g\u00f3i: 500 ml<\/p>\n<p>+ Bao b\u00ec: chai th\u1ee7y tinh<br \/>\n+ Th\u00e0nh ph\u1ea7n: R\u01b0\u1ee3u gi\u1ea5m, h\u00e8m nho c\u00f4 \u0111\u1eb7c, m\u00e0u: Caramel E150d<\/p>\n<p>+ S\u1ea3n xu\u1ea5t t\u1ea1i: \u00dd<br \/>\n+ H\u00e3ng s\u1ea3n xu\u1ea5t: Divella<br \/>\n+ Th\u1eddi h\u1ea1n s\u1eed d\u1ee5ng: 3 n\u0103m k\u1ec3 t\u1eeb ng\u00e0y S\u1ea3n xu\u1ea5t<\/p>\n<p>+ H\u01b0\u1edbng d\u1eabn s\u1eed d\u1ee5ng:\u00a0D\u00f9ng tr\u1ef1c ti\u1ebfp ho\u1eb7c ch\u1ebf bi\u1ebfn c\u00e1c m\u00f3n \u0103n<br \/>\n+ B\u1ea3o qu\u1ea3n: B\u1ea3o qu\u1ea3n n\u01a1i kh\u00f4 r\u00e1o, tho\u00e1ng m\u00e1t, tr\u00e1nh \u00e1nh n\u1eafng tr\u1ef1c ti\u1ebfp<\/p>\n<p>&nbsp;<\/p>\n<p>&nbsp;<\/p>\n<p>&nbsp;<\/p>\n<p>&nbsp;<\/p>\n<p>&nbsp;<\/p>\n<p>&nbsp;<\/p>","protected":false},"excerpt":{"rendered":"<p class=\"preview-top-feature-item\">Gi\u1ea5m Balsamico \u0111\u01b0\u1ee3c bi\u1ebft \u0111\u1ebfn l\u00e0 lo\u1ea1i gia v\u1ecb \u0111\u01b0\u1ee3c l\u00e0m t\u1ea1i \u00dd, v\u1edbi nguy\u00ean li\u1ec7u ch\u00ednh \u0111\u1ebfn t\u1eeb nh\u1eefng qu\u1ea3 nho t\u01b0\u01a1i ch\u1eafc kho\u1ebb.<\/p>\n<p class=\"preview-top-feature-item\">Gi\u1ea5m Balsamico ch\u1ee9a c\u00e1c ch\u1ea5t ch\u1ed1ng oxi ho\u00e1 v\u00e0 gi\u00e0u protein cho c\u01a1 th\u1ec3. \u0110\u1eb7c bi\u1ec7t h\u01a1n, gi\u1ea5m Balsamico d\u00f9ng r\u1ea5t t\u1ed1t cho s\u1ee9c kho\u1ebb. \u0110\u1ed3ng th\u1eddi ng\u0103n ch\u1eb7n c\u00e1c b\u1ec7nh v\u1ec1 tim m\u1ea1ch.<\/p>\n<p class=\"preview-top-feature-item\">Gi\u1ea5m Balsamico c\u00f2n \u0111\u01b0\u1ee3c d\u00f9ng \u0111\u1ec3 l\u00e0m t\u0103ng m\u00f9i v\u1ecb c\u1ee7a m\u00f3n \u0103n v\u00e0 kh\u1eed nh\u1eefng m\u00f9i tanh kh\u00f3 ch\u1ecbu c\u1ee7a th\u1ecbt c\u00e1 hay h\u1ea3i s\u1ea3n.<\/p>\n<p class=\"preview-top-feature-item\">Lo\u1ea1i gi\u1ea5m n\u00e0y n\u00e0y r\u1ea5t t\u1ed1t cho s\u1ee9c kho\u1ebb, \u0111em \u0111\u1ebfn cho ng\u01b0\u1eddi th\u01b0\u1edfng th\u1ee9c nh\u1eefng m\u00f3n \u0103n th\u01a1m ngon v\u00e0 d\u1eady h\u01b0\u01a1ng v\u1ecb.<\/p>\n<p>&nbsp;<\/p>","protected":false},"featured_media":11217,"comment_status":"open","ping_status":"closed","template":"","meta":[],"product_brand":[],"product_cat":[724,719,36,143],"product_tag":[],"class_list":{"0":"post-11214","1":"product","2":"type-product","3":"status-publish","4":"has-post-thumbnail","6":"product_cat-nhap-khau-y","7":"product_cat-san-pham-theo-xuat-xu","8":"product_cat-thuc-pham-tieu-dung","9":"product_cat-thuc-pham-dong-hop","10":"pa_brand-divella","12":"first","13":"instock","14":"sale","15":"shipping-taxable","16":"purchasable","17":"product-type-simple"},"_links":{"self":[{"href":"https:\/\/havamall.com\/en\/wp-json\/wp\/v2\/product\/11214","targetHints":{"allow":["GET"]}}],"collection":[{"href":"https:\/\/havamall.com\/en\/wp-json\/wp\/v2\/product"}],"about":[{"href":"https:\/\/havamall.com\/en\/wp-json\/wp\/v2\/types\/product"}],"replies":[{"embeddable":true,"href":"https:\/\/havamall.com\/en\/wp-json\/wp\/v2\/comments?post=11214"}],"version-history":[{"count":0,"href":"https:\/\/havamall.com\/en\/wp-json\/wp\/v2\/product\/11214\/revisions"}],"wp:featuredmedia":[{"embeddable":true,"href":"https:\/\/havamall.com\/en\/wp-json\/wp\/v2\/media\/11217"}],"wp:attachment":[{"href":"https:\/\/havamall.com\/en\/wp-json\/wp\/v2\/media?parent=11214"}],"wp:term":[{"taxonomy":"product_brand","embeddable":true,"href":"https:\/\/havamall.com\/en\/wp-json\/wp\/v2\/product_brand?post=11214"},{"taxonomy":"product_cat","embeddable":true,"href":"https:\/\/havamall.com\/en\/wp-json\/wp\/v2\/product_cat?post=11214"},{"taxonomy":"product_tag","embeddable":true,"href":"https:\/\/havamall.com\/en\/wp-json\/wp\/v2\/product_tag?post=11214"}],"curies":[{"name":"wp","href":"https:\/\/api.w.org\/{rel}","templated":true}]}}