{"id":11255,"date":"2019-06-25T10:24:54","date_gmt":"2019-06-25T03:24:54","guid":{"rendered":"https:\/\/havamall.com\/?post_type=product&#038;p=11255"},"modified":"2025-03-24T11:11:23","modified_gmt":"2025-03-24T04:11:23","slug":"pate-thit-dui-jean-floch-130gr","status":"publish","type":"product","link":"https:\/\/havamall.com\/en\/shop\/pate-thit-dui-jean-floch-130gr\/","title":{"rendered":"Pate Th\u1ecbt \u0110\u00f9i Jean Floc&#8217;H 130gr"},"content":{"rendered":"<div class=\"html-content pdp-product-highlights\">\n<p>Pate gan heo \u201cFOIE\u201d hi\u1ec7u Jean Floc\u2019H \u0111\u01b0\u1ee3c nh\u1eadp kh\u1ea9u tr\u1ef1c ti\u1ebfp t\u1eeb Ph\u00e1p, mang \u0111\u00fang v\u1ecb chu\u1ea9n pate Ph\u00e1p, s\u1ea3n ph\u1ea9m \u0111\u01b0\u1ee3c s\u1ea3n xu\u1ea5t tr\u00ean d\u00e2y chuy\u1ec1n hi\u1ec7n \u0111\u1ea1i, \u0111\u1ea3m b\u1ea3o an to\u00e0n v\u1ec7 sinh th\u1ef1c ph\u1ea9m.<\/p>\n<p>Pate Foie Jean Floc&#8217;H kh\u00f4ng s\u1eed d\u1ee5ng ph\u1ee5 gia, ch\u1ea5t b\u1ea3o qu\u1ea3n \u0111\u1ed9c h\u1ea1i, \u0111\u1ea3m b\u1ea3o an to\u00e0n cho s\u1ee9c kh\u1ecfe ng\u01b0\u1eddi ti\u00eau d\u00f9ng. H\u1ed9p \u0111\u1ef1ng s\u1ea3n ph\u1ea9m l\u00e0m t\u1eeb nguy\u00ean li\u1ec7u s\u1ea1ch, kh\u00f4ng l\u1eabn t\u1ea1p ch\u1ea5t h\u00f3a h\u1ecdc \u0111\u1ed9c h\u1ea1i.<\/p>\n<p><img fetchpriority=\"high\" decoding=\"async\" class=\"size-full wp-image-11257 aligncenter\" src=\"https:\/\/havamall.com\/wp-content\/uploads\/2019\/06\/country-terrine.jpg\" alt=\"\" width=\"540\" height=\"540\" srcset=\"https:\/\/havamall.com\/wp-content\/uploads\/2019\/06\/country-terrine.jpg 540w, https:\/\/havamall.com\/wp-content\/uploads\/2019\/06\/country-terrine-150x150.jpg 150w\" sizes=\"(max-width: 540px) 100vw, 540px\" \/><\/p>\n<p>M\u00f3n n\u00e0y th\u01b0\u1eddng \u0111\u01b0\u1ee3c \u0103n k\u00e8m v\u1edbi b\u00e1nh m\u1ef3, x\u00f4i n\u00f3ng cho b\u1eefa s\u00e1ng ho\u1eb7c nh\u1eefng b\u1eefa \u0103n nh\u1eb9 \u0111\u1ec3 l\u1ea5y l\u1ea1i s\u1ee9c kh\u1ecfe cho c\u00f4ng vi\u1ec7c, h\u1ecdc t\u1eadp.<\/p>\n<p>S\u1ea3n ph\u1ea9m nh\u1eadp kh\u1ea9u nguy\u00ean h\u1ed9p t\u1eeb Ph\u00e1p.<\/p>\n<\/div>\n<div class=\"html-content detail-content\">\n<p>Pate gan, th\u1ecbt heo hi\u1ec7u Jean Floc&#8217;h, nguy\u00ean li\u1ec7u kh\u00f4ng th\u1ec3 thi\u1ebfu \u0111\u1ec3 n\u1ea5u m\u00f3n pate v\u1edbi th\u1ecbt heo\/th\u1ecbt b\u00f2\/th\u1ecbt g\u00e0. V\u1ecb b\u00e9o c\u1ee7a gan, \u0111\u1eadm \u0111\u00e0 c\u1ee7a th\u1ecbt, h\u01b0\u01a1ng v\u1ecb th\u01a1m ngon c\u1ee7a pate Ph\u00e1p gi\u00fap m\u00f3n \u0103n kh\u00f4ng ch\u00ea v\u00e0o \u0111\u00e2u \u0111\u01b0\u1ee3c. H\u01b0\u01a1ng v\u1ecb nh\u1edb m\u00e3i kh\u00f4ng qu\u00ean!<\/p>\n<div>\n<div><img decoding=\"async\" class=\"aligncenter\" src=\"https:\/\/havamall.com\/wp-content\/uploads\/2019\/06\/159acd4b8591cfa9e4c1eea4e65d2255.jpg\" \/><\/div>\n<\/div>\n<div><\/div>\n<div>Th\u00e0nh ph\u1ea7n: Th\u1ecbt \u0111\u00f9i heo ( 80%) mu\u1ed1i gia v\u1ecb v\u00e0 th\u1ea3o m\u1ed9c b\u1ed9t h\u1ea1t phi, h\u01b0\u01a1ng pate t\u1ed5ng h\u1ee3p.<\/div>\n<div>H\u01b0\u1edbng d\u1eabn s\u1eed d\u1ee5ng: d\u00f9ng \u0103n tr\u1ef1c ti\u1ebfp sau khi m\u1edf h\u1ed9p.<\/div>\n<div>H\u01b0\u1edbng d\u1eabn b\u1ea3o qu\u1ea3n: b\u1ea3o qu\u1ea3n n\u01a1i kh\u00f4 r\u00e1o v\u00e0 tho\u00e1ng m\u00e1t, s\u1eed d\u1ee5ng nhanh v\u00e0 b\u1ea3o qu\u1ea3n l\u1ea1nh, t\u1eeb 0-4 \u0111\u1ed9 C<\/div>\n<div>Kh\u1ed1i l\u01b0\u1ee3ng t\u1ecbnh: 130gr<\/div>\n<div>\n<div>\n<div>\n<div>\n<div><\/div>\n<\/div>\n<\/div>\n<\/div>\n<\/div>\n<\/div>","protected":false},"excerpt":{"rendered":"<p>Pate gan heo \u201cFOIE\u201d hi\u1ec7u Jean Floc\u2019H \u0111\u01b0\u1ee3c nh\u1eadp kh\u1ea9u tr\u1ef1c ti\u1ebfp t\u1eeb Ph\u00e1p, mang \u0111\u00fang v\u1ecb chu\u1ea9n pate Ph\u00e1p,<\/p>","protected":false},"featured_media":11258,"comment_status":"open","ping_status":"closed","template":"","meta":[],"product_brand":[],"product_cat":[723,143],"product_tag":[],"class_list":{"0":"post-11255","1":"product","2":"type-product","3":"status-publish","4":"has-post-thumbnail","6":"product_cat-nhap-khau-phap","7":"product_cat-thuc-pham-dong-hop","8":"pa_brand-jean-floch","10":"first","11":"instock","12":"sale","13":"shipping-taxable","14":"purchasable","15":"product-type-simple"},"_links":{"self":[{"href":"https:\/\/havamall.com\/en\/wp-json\/wp\/v2\/product\/11255","targetHints":{"allow":["GET"]}}],"collection":[{"href":"https:\/\/havamall.com\/en\/wp-json\/wp\/v2\/product"}],"about":[{"href":"https:\/\/havamall.com\/en\/wp-json\/wp\/v2\/types\/product"}],"replies":[{"embeddable":true,"href":"https:\/\/havamall.com\/en\/wp-json\/wp\/v2\/comments?post=11255"}],"version-history":[{"count":0,"href":"https:\/\/havamall.com\/en\/wp-json\/wp\/v2\/product\/11255\/revisions"}],"wp:featuredmedia":[{"embeddable":true,"href":"https:\/\/havamall.com\/en\/wp-json\/wp\/v2\/media\/11258"}],"wp:attachment":[{"href":"https:\/\/havamall.com\/en\/wp-json\/wp\/v2\/media?parent=11255"}],"wp:term":[{"taxonomy":"product_brand","embeddable":true,"href":"https:\/\/havamall.com\/en\/wp-json\/wp\/v2\/product_brand?post=11255"},{"taxonomy":"product_cat","embeddable":true,"href":"https:\/\/havamall.com\/en\/wp-json\/wp\/v2\/product_cat?post=11255"},{"taxonomy":"product_tag","embeddable":true,"href":"https:\/\/havamall.com\/en\/wp-json\/wp\/v2\/product_tag?post=11255"}],"curies":[{"name":"wp","href":"https:\/\/api.w.org\/{rel}","templated":true}]}}