{"id":11427,"date":"2019-07-03T13:41:47","date_gmt":"2019-07-03T06:41:47","guid":{"rendered":"https:\/\/havamall.com\/?post_type=product&#038;p=11427"},"modified":"2025-11-03T16:03:47","modified_gmt":"2025-11-03T09:03:47","slug":"rong-bien-cho-be-yeu-kids-world-seaweed","status":"publish","type":"product","link":"https:\/\/havamall.com\/en\/shop\/rong-bien-cho-be-yeu-kids-world-seaweed\/","title":{"rendered":"Rong Bi\u1ec3n Cho B\u00e9 Y\u00eau Humanwell &#8211; Seaweed For Kid Humanwell 12gr"},"content":{"rendered":"<div class=\"html-content pdp-product-highlights\">\n<p>Ch\u1ee9a nhi\u1ec1u kho\u00e1ng ch\u1ea5t, c\u00e1c y\u1ebfu t\u1ed1 vi l\u01b0\u1ee3ng v\u00e0 vitamin r\u1ea5t t\u1ed1t cho s\u1ee9c kh\u1ecfe nh\u01b0: gi\u1ea3i \u0111\u1ed9c, gi\u1ea3m cholesterol trong m\u00e1u, gi\u1ea3m b\u00e9o, b\u1ed5 m\u00e1u.<\/p>\n<\/div>\n<div class=\"html-content detail-content\">\n<p>Rong bi\u1ec3n cho b\u00e9 y\u00eau B\u1ed5 sung canxi v\u00e0 Ph\u00f4 mai<\/p>\n<p>Rong bi\u1ec3n cho b\u00e9 Humanwell l\u00e0 s\u1ea3n ph\u1ea9m nh\u1eadp kh\u1ea9u t\u1eeb H\u00e0n Qu\u1ed1c, \u0111\u01b0\u1ee3c l\u00e0m t\u1eeb nh\u1eefng nguy\u00ean li\u1ec7u t\u1ed1t \u1edf t\u1ea1i H\u00e0n Qu\u1ed1c, ch\u1ee9a nhi\u1ec1u kho\u00e1ng ch\u1ea5t v\u00e0 vitamin. B\u00ean c\u1ea1nh \u0111\u00f3 c\u00f2n c\u00f3 c\u00e1c nguy\u00ean t\u1ed1 vi l\u01b0\u1ee3ng r\u1ea5t t\u1ed1t cho c\u01a1 th\u1ec3 v\u00e0 s\u1ee9c kh\u1ecfe.<\/p>\n<div>\n<p><img fetchpriority=\"high\" decoding=\"async\" class=\"wp-image-12179 aligncenter\" src=\"https:\/\/havamall.com\/wp-content\/uploads\/2019\/07\/dac-san-han-quoc-1-300x216.jpg\" alt=\"\" width=\"518\" height=\"373\" \/><\/p>\n<\/div>\n<p>Rong Bi\u1ec3n N\u01b0\u1edbng D\u1ea7u Oliu Humanwell (4g x 3 G\u00f3i) \u0111\u01b0\u1ee3c l\u00e0m t\u1eeb th\u00e0nh ph\u1ea7n t\u1ef1 nhi\u00ean c\u00f9ng m\u00f9i v\u1ecb th\u01a1m ngon, l\u00e0 m\u00f3n \u0103n c\u00f3 th\u1ec3 b\u1ed5 sung d\u01b0\u1ee1ng ch\u1ea5t cho th\u1ef1c \u0111\u01a1n \u0103n h\u00e0ng ng\u00e0y c\u1ee7a c\u1ea3 gia \u0111\u00ecnh.<\/p>\n<p>H\u01b0\u01a1ng v\u1ecb rong bi\u1ec3n t\u1ef1 nhi\u00ean, \u0111\u01b0\u1ee3c l\u00e0m t\u1eeb rong bi\u1ec3n nguy\u00ean ch\u1ea5t, nh\u1eadp kh\u1ea9u tr\u1ef1c ti\u1ebfp t\u1eeb H\u00e0n Qu\u1ed1c.<\/p>\n<p>S\u1ea3n ph\u1ea9m \u0111\u01b0\u1ee3c s\u1ea3n xu\u1ea5t tr\u00ean d\u00e2y chuy\u1ec1n c\u00f4ng ngh\u1ec7 hi\u1ec7n \u0111\u1ea1i, \u0111\u1ea3m b\u1ea3o an to\u00e0n cho s\u1ee9c kh\u1ecfe ng\u01b0\u1eddi s\u1eed d\u1ee5ng.<\/p>\n<p>Rong bi\u1ec3n N\u01b0\u1edbng D\u1ea7u Oliu Humanwell mang h\u01b0\u01a1ng v\u1ecb truy\u1ec1n th\u1ed1ng, c\u00f3 th\u1ec3 d\u1ec5 d\u00e0ng ch\u1ebf bi\u1ebfn nhi\u1ec1u m\u00f3n \u0103n ngon. S\u1ea3n ph\u1ea9m gi\u1eef \u0111\u01b0\u1ee3c nguy\u00ean v\u1eb9n c\u00e1c ch\u1ea5t dinh d\u01b0\u1ee1ng trong rong bi\u1ec3n t\u01b0\u01a1i. S\u1ea3n ph\u1ea9m gi\u00fap b\u1ed5 sung c\u00e1c vitamin v\u00e0 kho\u00e1ng ch\u1ea5t thi\u1ebft y\u1ebfu cho c\u01a1 th\u1ec3, th\u01a1m ngon, k\u00edch th\u00edch \u0103n u\u1ed1ng.<\/p>\n<p>Quy tr\u00ecnh s\u1ea3n xu\u1ea5t kh\u00e9p k\u00edn, \u0111\u1ea1t ti\u00eau chu\u1ea9n v\u1ec7 sinh an to\u00e0n th\u1ef1c ph\u1ea9m, quy c\u00e1ch \u0111\u00f3ng g\u00f3i h\u1ee3p v\u1ec7 sinh, bao b\u00ec \u0111\u1eb9p m\u1eaft.<\/p>\n<p>Ngo\u00e0i ra, rong bi\u1ec3n c\u00f2n l\u00e0 b\u00e0i thu\u1ed1c qu\u00fd v\u1ec1 m\u1eb7t d\u01b0\u1ee3c l\u00fd nh\u01b0: Gi\u1ea3m cholesterol, gia\u0309i nhi\u00ea\u0323t,&#8230;<\/p>\n<p><img decoding=\"async\" class=\"wp-image-11428 aligncenter\" src=\"https:\/\/havamall.com\/wp-content\/uploads\/2019\/07\/c46203e28a05d9973482a55731484677.jpg\" alt=\"\" width=\"594\" height=\"594\" srcset=\"https:\/\/havamall.com\/wp-content\/uploads\/2019\/07\/c46203e28a05d9973482a55731484677.jpg 960w, https:\/\/havamall.com\/wp-content\/uploads\/2019\/07\/c46203e28a05d9973482a55731484677-600x600.jpg 600w, https:\/\/havamall.com\/wp-content\/uploads\/2019\/07\/c46203e28a05d9973482a55731484677-150x150.jpg 150w\" sizes=\"(max-width: 594px) 100vw, 594px\" \/><\/p>\n<p>S\u1ea3n ph\u1ea9m c\u00f3 h\u01b0\u01a1ng v\u1ecb th\u01a1m ngon c\u00f9ng nh\u1eefng nguy\u00ean li\u1ec7u t\u1ef1 nhi\u00ean \u0111\u01b0\u1ee3c ch\u1ecdn l\u1ecdc k\u1ef9 c\u00e0ng, s\u1ebd mang l\u1ea1i cho b\u1ea1n nh\u1eefng ph\u00fat gi\u1ea3i tr\u00ed v\u00e0 th\u01b0\u1edfng th\u1ee9c th\u1eadt tuy\u1ec7t v\u1eddi b\u00ean c\u1ea1nh b\u1ea1n b\u00e8 ho\u1eb7c ng\u01b0\u1eddi th\u00e2n.<\/p>\n<p>\u0110\u01b0\u1ee3c \u0111\u00f3ng g\u00f3i nh\u1ecf g\u1ecdn, ti\u1ec7n l\u1ee3i cho b\u1ea1n s\u1eed d\u1ee5ng c\u0169ng nh\u01b0 b\u1ea3o qu\u1ea3n, b\u1ea1n c\u0169ng c\u00f3 th\u1ec3 mang theo d\u1ec5 d\u00e0ng trong nh\u1eefng chuy\u1ebfn \u0111i ch\u01a1i, picnic \u0111\u1ec3 l\u00e0m b\u1eefa \u0103n ph\u1ee5, ti\u1ebft ki\u1ec7m th\u1eddi gian v\u00e0 c\u00f4ng s\u1ee9c.<\/p>\n<p>C\u00e1ch d\u00f9ng: D\u00f9ng tr\u1ef1c ti\u1ebfp ho\u1eb7c d\u00f9ng l\u00e0m nguy\u00ean li\u1ec7u c\u00e1c m\u00f3n \u0103n. Ti\u1ec7n l\u1ee3i \u0111\u1ec3 d\u00f9ng v\u1edbi nhi\u1ec1u m\u00f3n kh\u00e1c nhau: d\u00f9ng nh\u01b0 snack, d\u00f9ng v\u1edbi bia, cho v\u00e0o s\u00fap, d\u00f9ng v\u1edbi salad<\/p>\n<p>-H\u01b0\u1edbng d\u1eabn s\u1eed d\u1ee5ng: D\u00f9ng tr\u1ef1c ti\u1ebfp ho\u1eb7c d\u00f9ng l\u00e0m nguy\u00ean li\u1ec7u ch\u1ebf bi\u1ebfn c\u00e1c m\u00f3n \u0103n.<\/p>\n<p>-H\u01b0\u1edbng d\u1eabn b\u1ea3o qu\u1ea3n: B\u1ea3o qu\u1ea3n n\u01a1i kh\u00f4 r\u00e1o tho\u00e1ng m\u00e1t, tr\u00e1nh \u00e1nh n\u1eafng tr\u1ef1c ti\u1ebfp.<\/p>\n<p>-Xu\u1ea5t x\u1ee9: H\u00e0n Qu\u1ed1c<\/p>\n<p>-Ng\u00e0y s\u1ea3n xu\u1ea5t: In tr\u00ean bao b\u00ec s\u1ea3n ph\u1ea9m<\/p>\n<p>-H\u1ea1n s\u1eed d\u1ee5ng: 12 th\u00e1ng k\u1ec3 t\u1eeb NSX.<\/p>\n<\/div>\n<p>&nbsp;<\/p>","protected":false},"excerpt":{"rendered":"<p>Ch\u1ee9a nhi\u1ec1u kho\u00e1ng ch\u1ea5t, c\u00e1c y\u1ebfu t\u1ed1 vi l\u01b0\u1ee3ng v\u00e0 vitamin r\u1ea5t t\u1ed1t cho s\u1ee9c kh\u1ecfe nh\u01b0: gi\u1ea3i \u0111\u1ed9c, gi\u1ea3m<\/p>","protected":false},"featured_media":11429,"comment_status":"open","ping_status":"closed","template":"","meta":[],"product_brand":[],"product_cat":[36,134],"product_tag":[],"class_list":{"0":"post-11427","1":"product","2":"type-product","3":"status-publish","4":"has-post-thumbnail","6":"product_cat-thuc-pham-tieu-dung","7":"product_cat-thucpham-saykho","8":"pa_brand-humanwell","10":"first","11":"instock","12":"sale","13":"shipping-taxable","14":"purchasable","15":"product-type-simple"},"_links":{"self":[{"href":"https:\/\/havamall.com\/en\/wp-json\/wp\/v2\/product\/11427","targetHints":{"allow":["GET"]}}],"collection":[{"href":"https:\/\/havamall.com\/en\/wp-json\/wp\/v2\/product"}],"about":[{"href":"https:\/\/havamall.com\/en\/wp-json\/wp\/v2\/types\/product"}],"replies":[{"embeddable":true,"href":"https:\/\/havamall.com\/en\/wp-json\/wp\/v2\/comments?post=11427"}],"version-history":[{"count":0,"href":"https:\/\/havamall.com\/en\/wp-json\/wp\/v2\/product\/11427\/revisions"}],"wp:featuredmedia":[{"embeddable":true,"href":"https:\/\/havamall.com\/en\/wp-json\/wp\/v2\/media\/11429"}],"wp:attachment":[{"href":"https:\/\/havamall.com\/en\/wp-json\/wp\/v2\/media?parent=11427"}],"wp:term":[{"taxonomy":"product_brand","embeddable":true,"href":"https:\/\/havamall.com\/en\/wp-json\/wp\/v2\/product_brand?post=11427"},{"taxonomy":"product_cat","embeddable":true,"href":"https:\/\/havamall.com\/en\/wp-json\/wp\/v2\/product_cat?post=11427"},{"taxonomy":"product_tag","embeddable":true,"href":"https:\/\/havamall.com\/en\/wp-json\/wp\/v2\/product_tag?post=11427"}],"curies":[{"name":"wp","href":"https:\/\/api.w.org\/{rel}","templated":true}]}}