{"id":12344,"date":"2019-11-13T09:31:16","date_gmt":"2019-11-13T02:31:16","guid":{"rendered":"https:\/\/havamall.com\/?post_type=product&#038;p=12344"},"modified":"2025-12-03T04:13:26","modified_gmt":"2025-12-02T21:13:26","slug":"keo-nhan-vi-hoa-qua-yaokin-diamond-ring-goi-10gr","status":"publish","type":"product","link":"https:\/\/havamall.com\/en\/shop\/keo-nhan-vi-hoa-qua-yaokin-diamond-ring-goi-10gr\/","title":{"rendered":"K\u1eb9o nh\u1eabn v\u1ecb tr\u00e1i c\u00e2y Yaokin Diamond Ring &#8211; G\u00f3i 10gr"},"content":{"rendered":"<p><strong>K\u1eb9o nh\u1eabn Yaokin Diamond Ring<\/strong> l\u00e0 m\u1ed9t s\u1ea3n ph\u1ea9m c\u1ee7a Yaosin Nh\u1eadt B\u1ea3n, \u0111\u01b0\u1ee3c s\u1ea3n xu\u1ea5t tr\u00ean d\u00e2y chuy\u1ec1n hi\u1ec7n \u0111\u1ea1i, quy tr\u00ecnh \u0111\u00e1p \u1ee9ng \u0111\u01b0\u1ee3c nh\u1eefng ti\u00eau chu\u1ea9n v\u1ec1 v\u1ec7 sinh, an to\u00e0n th\u1ef1c ph\u1ea9m d\u00e0nh cho tr\u1ebb em t\u1ea1i Nh\u1eadt B\u1ea3n<\/p>\n<p><strong>K\u1eb9o nh\u1eabn\u00a0Yaokin Diamond Ring<\/strong>\u00a0\u0111\u1ed9c \u0111\u00e1o, l\u1ea1 m\u1eaft v\u00e0 kh\u00f4ng k\u00e9m ph\u1ea7n th\u01a1m ngon h\u1ea5p d\u1eabn v\u1edbi\u00a0v\u1ecb hoa qu\u1ea3 ng\u1ecdt ng\u00e0o, ch\u1eafc ch\u1eafn s\u1ebd\u00a0lu\u00f4n khi\u1ebfn c\u00e1c b\u00e9 y\u00eau th\u00edch. \u0110\u1ed1i v\u1edbi ng\u01b0\u1eddi l\u1edbn, thi tho\u1ea3ng nh\u00e2m nhi m\u1ed9t chi\u1ebfc\u00a0k\u1eb9o\u00a0ng\u1ecdt th\u01a1m\u00a0c\u0169ng r\u1ea5t th\u00fa v\u1ecb,\u00a0gi\u00fap th\u01b0 gi\u00e3n tinh th\u1ea7n v\u00e0 cung c\u1ea5p n\u0103ng l\u01b0\u1ee3ng cho c\u01a1 th\u1ec3 tho\u1ea3i m\u00e1i ho\u1ea1t \u0111\u1ed9ng.<\/p>\n<p>C\u00f3\u00a03 v\u1ecb nho, d\u00e2u v\u00e0 cam cho c\u00e1c b\u00e9 th\u1ecfa th\u00edch l\u1ef1a ch\u1ecdn<\/p>\n<p><img fetchpriority=\"high\" decoding=\"async\" class=\"wp-image-12345 aligncenter\" src=\"https:\/\/havamall.com\/wp-content\/uploads\/2019\/11\/maxresdefault-300x169.jpg\" alt=\"\" width=\"570\" height=\"321\" \/><\/p>\n<h5>\u01afU \u0110I\u1ec2M C\u1ee6A S\u1ea2N PH\u1ea8M<\/h5>\n<ul>\n<li><span lang=\"vi\">S\u1ea3n ph\u1ea9m ng\u1ecdt th\u01a1m r\u1ea5t th\u00fa v\u1ecb, gi\u00fap b\u00e9 y\u00eau th\u01b0 gi\u00e3n tinh th\u1ea7n v\u00e0 cung c\u1ea5p n\u0103ng l\u01b0\u1ee3ng cho c\u01a1 th\u1ec3 tho\u1ea3i m\u00e1i ho\u1ea1t \u0111\u1ed9ng.<\/span><\/li>\n<li><span lang=\"vi\">S\u1ea3n ph\u1ea9m h\u00ecnh d\u1ea1ng nh\u1eefng \u201cchi\u1ebfc nh\u1eabn kim c\u01b0\u01a1ng\u201d c\u00e0ng l\u00e0m c\u00e1c b\u00e9 th\u00edch th\u00fa khi s\u1eed d\u1ee5ng. C\u00e1c b\u00e9 v\u1eeba s\u1eed d\u1ee5ng, v\u1eeba th\u01b0 gi\u00e3n, r\u1ea5t vui v\u1ebb trong m\u1ecdi ho\u1ea1t \u0111\u1ed9ng. S\u1ea3n ph\u1ea9m \u0111\u00e3 tr\u1edf th\u00e0nh m\u1ed9t c\u01a1 s\u1ed1t v\u1ec1 \u0103n v\u1eb7t t\u1ea1i Nh\u1eadt B\u1ea3n trong th\u1eddi gian g\u1ea7n \u0111\u00e2y.<\/span><\/li>\n<li><span lang=\"vi\">S\u1ea3n ph\u1ea9m \u0111\u1ea1t ti\u00eau chu\u1ea9n v\u1ec1 v\u1ec7 sinh an to\u00e0n th\u1ef1c ph\u1ea9m d\u00e0nh cho tr\u1ebb em t\u1ea1i Nh\u1eadt. \u0110\u01b0\u1ee3c s\u1ea3n xu\u1ea5t v\u00e0 ki\u1ec3m so\u00e1t b\u1edfi nh\u1eefng ti\u00eau ch\u00ed r\u1ea5t cao v\u1ec1 th\u1ef1c ph\u1ea9m cho tr\u1ebb t\u1ea1i Nh\u1eadt B\u1ea3n<\/span><\/li>\n<li><span lang=\"vi\">B\u00ean c\u1ea1nh \u0111\u00f3, s\u1ea3n ph\u1ea9m kh\u00f4ng s\u1eed d\u1ee5ng h\u00f3a ch\u1ea5t hay ph\u1ea9m m\u00e0u, \u0111\u1ea3m b\u1ea3o an to\u00e0n cho ng\u01b0\u1eddi s\u1eed d\u1ee5ng , n\u00ean c\u00e1c m\u1eb9 ho\u00e0n to\u00e0n y\u00ean t\u00e2m khi cho c\u00e1c b\u00e9 s\u1eed d\u1ee5ng.<\/span><\/li>\n<li><span lang=\"vi\">K\u1eb9o nh\u1eabn Yaokin Nh\u1eadt B\u1ea3n g\u1ed3m nhi\u1ec1u v\u1ecb kh\u00e1c nhau, c\u00e1c b\u00e9 tha h\u1ed3 l\u1ef1a ch\u1ecdn, thay \u0111\u1ed5i theo kh\u1ea9u v\u1ecb.<\/span><\/li>\n<li><span lang=\"vi\"><span lang=\"vi\">\u0110\u1eb7c bi\u1ec7t s\u1ea3n ph\u1ea9m k\u1eb9o nh\u1eabn c\u1ee7a YaoKin khi s\u1eed d\u1ee5ng r\u1ea5t an to\u00e0n cho s\u1ee9c kh\u1ecfe r\u0103ng mi\u1ec7ng, do th\u00e0nh ph\u1ea7n \u0111\u01b0\u1eddng trong s\u1ea3n ph\u1ea9m \u0111\u01b0\u1ee3c t\u1ed5ng h\u1ee3p t\u1eeb nh\u1eefng nguy\u00ean li\u1ec7u \u0111\u1ea1t ti\u00eau chu\u1ea9n Nh\u1eadt B\u1ea3n v\u1ec1 s\u1ee9c kh\u1ecfe cho tr\u1ebb<\/span><\/span><\/li>\n<\/ul>\n<p><img decoding=\"async\" class=\"wp-image-12346 aligncenter\" src=\"https:\/\/havamall.com\/wp-content\/uploads\/2019\/11\/a7140ba0cb626508d5f1232c50450599-300x300.jpg\" alt=\"\" width=\"391\" height=\"391\" \/><\/p>\n<h5><b style=\"color: #1b1919;font-family: Karla, Arial, Helvetica, sans-serif\"><span lang=\"vi\">NGU\u1ed2N G\u1ed0C V\u00c0 TH\u00d4NG TIN<\/span><\/b><\/h5>\n<ul>\n<li><span lang=\"vi\">Xu\u1ea5t x\u1ee9 s\u1ea3n ph\u1ea9m: Nh\u1eadt B\u1ea3n<\/span><\/li>\n<li><span lang=\"vi\">Th\u01b0\u01a1ng hi\u1ec7u:\u00a0<\/span><span lang=\"EN-US\">Yaokin Nh\u1eadt B\u1ea3n<\/span><\/li>\n<li><span lang=\"vi\">\u0110\u1ed1i t\u01b0\u1ee3ng s\u1eed d\u1ee5ng: Tr\u1ebb em 2 tu\u1ed5i tr\u1edf l\u00ean<\/span><\/li>\n<li>Kh\u1ed1i l\u01b0\u1ee3ng: g\u00f3i 10gram<\/li>\n<\/ul>\n<h5><b><span lang=\"vi\">H\u01af\u1edaNG D\u1eaaN S\u1eec D\u1ee4NG:<\/span><\/b><\/h5>\n<ul>\n<li><span lang=\"vi\">B\u00f3c bao b\u00ec v\u00e0 d\u00f9ng tr\u1ef1c ti\u1ebfp s\u1ea3n ph\u1ea9m<\/span><\/li>\n<li><span lang=\"vi\">C\u00e1c b\u00e9 \u0111eo v\u00e0o ng\u00f3n tay \u0111\u1ec3 s\u1eed d\u1ee5ng t\u01b0\u01a1ng t\u1ef1 k\u1eb9o m\u00fat<\/span><\/li>\n<\/ul>\n<h5><b><span lang=\"vi\">KHUY\u1ebeN NGH\u1eca V\u00c0 B\u1ea2O QU\u1ea2N:<\/span><\/b><\/h5>\n<ul>\n<li><span lang=\"vi\">B\u1ea3o qu\u1ea3n n\u01a1i kh\u00f4 tho\u00e1ng, tr\u00e1nh \u00e1nh n\u1eafng tr\u1ef1c ti\u1ebfp m\u1eb7t tr\u1eddi<\/span><\/li>\n<li><span lang=\"vi\">L\u01b0u \u00fd khi s\u1eed d\u1ee5ng cho c\u00e1c b\u00e9 t\u1eeb 2-5 tu\u1ed5i, c\u1ea7n c\u00f3 s\u1ef1 gi\u00e1m s\u00e1t c\u1ee7a ng\u01b0\u1eddi l\u1edbn<\/span><\/li>\n<\/ul>\n<p>&nbsp;<\/p>\n<p>&nbsp;<\/p>\n<p>&nbsp;<\/p>\n<p>&nbsp;<\/p>\n<p>&nbsp;<\/p>\n<p>&nbsp;<\/p>\n<p>&nbsp;<\/p>\n<p>&nbsp;<\/p>\n<p>&nbsp;<\/p>\n<p>&nbsp;<\/p>\n<p>&nbsp;<\/p>\n<p>&nbsp;<\/p>","protected":false},"excerpt":{"rendered":"<p>K\u1eb9o nh\u1eabn Yaokin l\u00e0 m\u1ed9t s\u1ea3n ph\u1ea9m \u0111\u1ed9c \u0111\u00e1o, l\u1ea1 m\u1eaft, l\u00e0 m\u1ed9t c\u01a1n s\u1ed1t v\u1ec1 s\u1ea3n ph\u1ea9m \u0103n v\u1eb7t t\u1ea1i Nh\u1eadt B\u1ea3n trong su\u1ed1t m\u1ed9t th\u1eddi gian d\u00e0i. B\u00ean c\u1ea1nh \u0111\u00f3, s\u1ea3n ph\u1ea9m kh\u00f4ng k\u00e9m ph\u1ea7n th\u01a1m ngon h\u1ea5p d\u1eabn v\u1edbi v\u1ecb hoa qu\u1ea3 ng\u1ecdt ng\u00e0o<\/p>\n<p>&nbsp;<\/p>\n<p>&nbsp;<\/p>","protected":false},"featured_media":12397,"comment_status":"open","ping_status":"closed","template":"","meta":[],"product_brand":[],"product_cat":[681],"product_tag":[],"class_list":{"0":"post-12344","1":"product","2":"type-product","3":"status-publish","4":"has-post-thumbnail","6":"product_cat-chua-phan-loai","8":"first","9":"outofstock","10":"sale","11":"shipping-taxable","12":"purchasable","13":"product-type-simple"},"_links":{"self":[{"href":"https:\/\/havamall.com\/en\/wp-json\/wp\/v2\/product\/12344","targetHints":{"allow":["GET"]}}],"collection":[{"href":"https:\/\/havamall.com\/en\/wp-json\/wp\/v2\/product"}],"about":[{"href":"https:\/\/havamall.com\/en\/wp-json\/wp\/v2\/types\/product"}],"replies":[{"embeddable":true,"href":"https:\/\/havamall.com\/en\/wp-json\/wp\/v2\/comments?post=12344"}],"version-history":[{"count":0,"href":"https:\/\/havamall.com\/en\/wp-json\/wp\/v2\/product\/12344\/revisions"}],"wp:featuredmedia":[{"embeddable":true,"href":"https:\/\/havamall.com\/en\/wp-json\/wp\/v2\/media\/12397"}],"wp:attachment":[{"href":"https:\/\/havamall.com\/en\/wp-json\/wp\/v2\/media?parent=12344"}],"wp:term":[{"taxonomy":"product_brand","embeddable":true,"href":"https:\/\/havamall.com\/en\/wp-json\/wp\/v2\/product_brand?post=12344"},{"taxonomy":"product_cat","embeddable":true,"href":"https:\/\/havamall.com\/en\/wp-json\/wp\/v2\/product_cat?post=12344"},{"taxonomy":"product_tag","embeddable":true,"href":"https:\/\/havamall.com\/en\/wp-json\/wp\/v2\/product_tag?post=12344"}],"curies":[{"name":"wp","href":"https:\/\/api.w.org\/{rel}","templated":true}]}}