{"id":12419,"date":"2019-11-13T14:59:42","date_gmt":"2019-11-13T07:59:42","guid":{"rendered":"https:\/\/havamall.com\/?post_type=product&#038;p=12419"},"modified":"2023-06-09T11:15:09","modified_gmt":"2023-06-09T04:15:09","slug":"dau-trang-tay-white-kidney-beans-200gr","status":"publish","type":"product","link":"https:\/\/havamall.com\/en\/shop\/dau-trang-tay-white-kidney-beans-200gr\/","title":{"rendered":"\u0110\u1eadu tr\u1eafng t\u00e2y200gr &#8211; White Kidney Beans 200gr"},"content":{"rendered":"<p>\u0110\u1eadu tr\u1eafng t\u00e2y hay c\u00f2n g\u1ecdi l\u00e0 \u0111\u1eadu th\u1eadn tr\u1eafng (\u0111\u1eadu t\u00e2y), t\u00ean ti\u1ebfng anh l\u00e0\u00a0White Kidney Beans. \u0110\u1eadu tr\u1eafng nh\u1ecf h\u1ea1t r\u1ea5t gi\u00e0u protein, carbohydrate, ch\u1ea5t b\u00e9o, ch\u1ea5t x\u01a1\u2026, \u0111\u1eb7c bi\u1ec7t, \u0111\u1eadu m\u1eaft \u0111en r\u1ea5t gi\u00e0u canxi, folate v\u00e0 vitamin A. C\u00e1c nh\u00e0 nghi\u00ean c\u1ee9u khuy\u00ean m\u1ed7i tu\u1ea7n d\u00f9ng 1 &#8211; 3 c\u1ed1c l\u00e0 \u0111\u1ee7 mang l\u1ea1i nh\u1eefng l\u1ee3i \u00edch cho s\u1ee9c kh\u1ecfe<\/p>\n<p><img fetchpriority=\"high\" decoding=\"async\" class=\"wp-image-12422 aligncenter\" src=\"https:\/\/havamall.com\/wp-content\/uploads\/2019\/11\/t-n-khoa-h-c-c-a-300x300.jpg\" alt=\"\" width=\"487\" height=\"487\" \/><\/p>\n<h5><strong>Th\u00e0nh ph\u1ea7n dinh d\u01b0\u1ee1ng v\u00e0 c\u00f4ng d\u1ee5ng<\/strong><\/h5>\n<p>&#8211; \u0110\u1eadu tr\u1eafng r\u1ea5t gi\u00e0u ch\u1ea5t ch\u1ed1ng oxy h\u00f3a, \u0111\u01b0\u1ee3c bi\u1ebft l\u00e0 c\u00f3 \u0111\u1eb7c t\u00ednh ch\u1ed1ng ung th\u01b0. Ch\u1ea5t ch\u1ed1ng oxy h\u00f3a ph\u00e1 h\u1ee7y c\u00e1c g\u1ed1c t\u1ebf b\u00e0o t\u1ef1 do, ch\u1ed1ng l\u1ea1i t\u00e1c h\u1ea1i c\u1ee7a ch\u00fang gi\u00fap ng\u0103n ng\u1eeba b\u1ec7nh ung th\u01b0.<\/p>\n<p>&#8211; \u0110\u1eadu tr\u1eafng ch\u1ee9a c\u1ea3 ch\u1ea5t x\u01a1 h\u00f2a tan v\u00e0 kh\u00f4ng h\u00f2a tan. C\u1ea3 hai \u0111\u1ec1u r\u1ea5t t\u1ed1t cho h\u1ec7 ti\u00eau h\u00f3a b\u1edfi ch\u00fang gi\u00fap ng\u0103n ng\u1eeba t\u00e1o b\u00f3n v\u00e0 c\u00e1c bi\u1ebfn ch\u1ee9ng c\u1ee7a h\u1ec7 ti\u00eau h\u00f3a nh\u01b0 h\u1ed9i ch\u1ee9ng k\u00edch th\u00edch ru\u1ed9t v\u00e0 ru\u1ed9t th\u1eeba.<\/p>\n<p>&#8211; \u0110\u1eadu tr\u1eafng r\u1ea5t gi\u00e0u vitamin B9 &#8211; c\u00f2n g\u1ecdi l\u00e0 folate ho\u1eb7c axit folic &#8211; gi\u00fap l\u00e0m gi\u1ea3m m\u1ee9c \u0111\u1ed9 axit amin homocysteine trong m\u00e1u. H\u00e0m l\u01b0\u1ee3ng homocystein trong m\u00e1u cao l\u00e0m t\u0103ng nguy c\u01a1 \u0111au tim v\u00e0 \u0111\u1ed9t qu\u1ef5<\/p>\n<p>.- \u0110\u1eadu tr\u1eafng r\u1ea5t gi\u00e0u vitamin B1, hay thiamin, \u0111\u00f3 l\u00e0 c\u1ea7n thi\u1ebft cho s\u1ef1 h\u00ecnh th\u00e0nh v\u00e0 ho\u1ea1t \u0111\u1ed9ng c\u1ee7a c\u00e1c t\u1ebf b\u00e0o n\u00e3o.<\/p>\n<p>&#8211; \u0110\u1eadu th\u1eadn tr\u1eafng ch\u1ee9a molypden, l\u00e0 m\u1ed9t kho\u00e1ng ch\u1ea5t vi l\u01b0\u1ee3ng<\/p>\n<p>&#8211; M\u1ed9t th\u00e0nh ph\u1ea7n ch\u00ednh c\u1ee7a m\u1ed9t lo\u1ea1i enzyme \u0111\u01b0\u1ee3c g\u1ecdi l\u00e0 sulfite oxidase. Enzyme n\u00e0y gi\u1ea3i \u0111\u1ed9c sulfites th\u01b0\u1eddng \u0111\u01b0\u1ee3c t\u00ecm th\u1ea5y trong th\u1ef1c ph\u1ea9m ch\u1ebf bi\u1ebfn s\u1eb5n nh\u01b0 c\u00e1c lo\u1ea1i salad \u0111\u01b0\u1ee3c chu\u1ea9n b\u1ecb tr\u01b0\u1edbc.<\/p>\n<p>&nbsp;<\/p>\n<h5><strong><span id=\"HUONG_DAN_SU_DUNG_DAU_TRANG\">H\u01b0\u1edbng d\u1eabn s\u1eed d\u1ee5ng \u0111\u1eadu tr\u1eafng<\/span><\/strong><\/h5>\n<p><strong>\u0110\u1eadu tr\u1eafng n\u1ea5u g\u00ec ngon<\/strong>? \u0110\u1eadu h\u1ea1t tr\u1eafng \u0111\u01b0\u1ee3c bi\u1ebft \u0111\u1ebfn l\u00e0 vi\u1ebfn thu\u1ed1c gi\u1ea3m c\u00e2n,\u00a0<strong>\u0111\u1eadu tr\u1eafng n\u1ea5u ch\u00e8<\/strong>\u00a0hay n\u1ea5u canh, h\u1ea7m th\u1ecbt b\u00f2 r\u1ea5t ngon, h\u1ea1t \u0111\u1eadu m\u1ec1m, v\u1eeba b\u00f9i v\u1eeba b\u1edf.<\/p>\n<p>Th\u01b0\u1eddng m\u1ecdi ng\u01b0\u1eddi hay t\u00ecm\u00a0<strong>c\u00e1ch n\u1ea5u ch\u00e8 \u0111\u1eadu tr\u1eafng mau m\u1ec1m.<\/strong><\/p>\n<ul>\n<li>B\u1ea1n mu\u1ed1n s\u01a1 ch\u1ebf cho \u0111\u1eadu tr\u1eafng h\u1ebft ch\u00e1t v\u00e0 m\u1ec1m th\u00ec sau khi r\u1eeda xong cho \u0111\u1eadu v\u00e0o m\u1ed9t thau n\u01b0\u1edbc v\u00e0 b\u1eaft \u0111\u1ea7u ng\u00e2m \u0111\u1eadu \u0111\u1ec3 \u0111\u1eadu n\u1edf m\u1ec1m v\u00e0 khi n\u1ea5u ch\u00e8 th\u00ec m\u00ecnh c\u00f3 th\u1ec3 cho 1 th\u00eca c\u00e0 ph\u00ea mu\u1ed1i n\u1edf.<\/li>\n<li>Tr\u1ed9n \u0111\u1ec1u \u0111\u1eadu tr\u1eafng v\u1edbi mu\u1ed1i n\u1edf, n\u1ebfu ng\u00e2m tr\u1ef1c ti\u1ebfp mu\u1ed1i n\u1edf v\u1edbi \u0111\u1eadu tr\u1eafng th\u00ec h\u1ea1t \u0111\u1eadu s\u1ebd h\u01a1i \u0111en 1 ch\u00fat, n\u1ebfu mu\u1ed1n khi n\u1ea5u xong h\u1ea1t \u0111\u1eadu tr\u1eafng th\u00ec tr\u01b0\u1edbc khi cho mu\u1ed1i v\u00e0o b\u1ea1n n\u00ean cho th\u00eam 1 th\u00eca c\u00e0 ph\u00ea r\u01b0\u1ee3u tr\u1eafng sau \u0111\u00f3 m\u1edbi cho mu\u1ed1i n\u1edf v\u00e0 th\u00ec l\u00fac n\u1ea5u ch\u00e8 \u0111\u1eadu n\u1edf c\u00f3 m\u00e0u tr\u1eafng, ti\u1ebfp t\u1ee5c cho \u0111\u1eadu v\u00e0o n\u01b0\u1edbc ng\u00e2m 6h.<\/li>\n<li>Sau 6 ti\u1ebfng, b\u1ea1n ki\u1ec3m tra \u0111\u1eadu n\u1edf ch\u01b0a, h\u1ea1t \u0111\u1eadu sau khi n\u1edf to c\u0103ng tr\u00f2n th\u00ec c\u00f3 th\u1ec3 mang \u0111i lu\u1ed9c. N\u1ebfu s\u1eed d\u1ee5n n\u01b0\u1edbc ng\u00e2m n\u00e0y \u0111\u1ec3 n\u1ea5u th\u00ec s\u1ebd nhanh m\u1ec1m h\u01a1n, n\u1ebfu kh\u00f4ng th\u00edch th\u00ec c\u00f3 th\u1ec3 lu\u1ed9c b\u1eb1ng n\u01b0\u1edbc l\u1ecdc s\u1ebd l\u00e2u m\u1ec1m h\u01a1n m\u1ed9t ch\u00fat.<\/li>\n<\/ul>\n<p><strong>HSD:<\/strong>\u00a0xem tr\u00ean bao b\u00ec<\/p>\n<p><strong>B\u1ea3o qu\u1ea3n<\/strong>: n\u01a1i kh\u00f4 r\u00e1o, tho\u00e1ng m\u00e1t<\/p>\n<p>&nbsp;<\/p>\n<p>&nbsp;<\/p>\n<p>&nbsp;<\/p>\n<p>&nbsp;<\/p>\n<p>&nbsp;<\/p>\n<p>&nbsp;<\/p>\n<p>&nbsp;<\/p>\n<p>&nbsp;<\/p>\n<p>&nbsp;<\/p>","protected":false},"excerpt":{"rendered":"<p>100% \u0111\u1eadu tr\u1eafng t\u00e2y nguy\u00ean h\u1ea1t, gi\u00e0u Protein, vitamin v\u00e0 kho\u00e1ng ch\u1ea5t, d\u00f9ng \u0111\u1ec3 ch\u1ebf bi\u1ebfn th\u00e0nh c\u00e1c m\u00f3n \u0103n nh\u01b0: N\u1ea5u ch\u00e1o, n\u1ea5u ch\u00e8, n\u1ea5u canh, d\u00f9ng l\u00e0m b\u1ed9t ng\u0169 c\u1ed1c&#8230;<\/p>\n<p>&nbsp;<\/p>","protected":false},"featured_media":13026,"comment_status":"open","ping_status":"closed","template":"","meta":[],"product_brand":[],"product_cat":[594,36,134],"product_tag":[],"class_list":{"0":"post-12419","1":"product","2":"type-product","3":"status-publish","4":"has-post-thumbnail","6":"product_cat-dau-cu-qua-kho","7":"product_cat-thuc-pham-tieu-dung","8":"product_cat-thucpham-saykho","9":"pa_brand-skx","11":"first","12":"outofstock","13":"sale","14":"shipping-taxable","15":"purchasable","16":"product-type-simple"},"_links":{"self":[{"href":"https:\/\/havamall.com\/en\/wp-json\/wp\/v2\/product\/12419","targetHints":{"allow":["GET"]}}],"collection":[{"href":"https:\/\/havamall.com\/en\/wp-json\/wp\/v2\/product"}],"about":[{"href":"https:\/\/havamall.com\/en\/wp-json\/wp\/v2\/types\/product"}],"replies":[{"embeddable":true,"href":"https:\/\/havamall.com\/en\/wp-json\/wp\/v2\/comments?post=12419"}],"version-history":[{"count":0,"href":"https:\/\/havamall.com\/en\/wp-json\/wp\/v2\/product\/12419\/revisions"}],"wp:featuredmedia":[{"embeddable":true,"href":"https:\/\/havamall.com\/en\/wp-json\/wp\/v2\/media\/13026"}],"wp:attachment":[{"href":"https:\/\/havamall.com\/en\/wp-json\/wp\/v2\/media?parent=12419"}],"wp:term":[{"taxonomy":"product_brand","embeddable":true,"href":"https:\/\/havamall.com\/en\/wp-json\/wp\/v2\/product_brand?post=12419"},{"taxonomy":"product_cat","embeddable":true,"href":"https:\/\/havamall.com\/en\/wp-json\/wp\/v2\/product_cat?post=12419"},{"taxonomy":"product_tag","embeddable":true,"href":"https:\/\/havamall.com\/en\/wp-json\/wp\/v2\/product_tag?post=12419"}],"curies":[{"name":"wp","href":"https:\/\/api.w.org\/{rel}","templated":true}]}}