{"id":12817,"date":"2019-11-28T15:21:22","date_gmt":"2019-11-28T08:21:22","guid":{"rendered":"https:\/\/havamall.com\/?post_type=product&#038;p=12817"},"modified":"2021-08-25T11:07:13","modified_gmt":"2021-08-25T04:07:13","slug":"choco-rock-sum-vay-hop-354gr","status":"publish","type":"product","link":"https:\/\/havamall.com\/en\/shop\/choco-rock-sum-vay-hop-354gr\/","title":{"rendered":"Choco Rock Sum V\u1ea7y h\u1ed9p 354gr"},"content":{"rendered":"<p>&nbsp;<\/p>\n<h3><strong>TH\u00d4NG TIN S\u1ea2N PH\u1ea8M<\/strong><\/h3>\n<p>Trong m\u1ed9t h\u1ed9p Choco Rock Sum V\u1ea7y bao g\u1ed3m 6 lo\u1ea1i socola:<\/p>\n<ul>\n<li>Choco Rock Vi\u00ean \u0110\u00e1<\/li>\n<li>Choco Rock Vi\u00ean Bi<\/li>\n<li>Choco Rock H\u01b0\u1edbng D\u01b0\u01a1ng<\/li>\n<li>Choco Rock Tr\u1ee9ng Kh\u1ee7ng Long H\u1ea1nh Nh\u00e2n<\/li>\n<li>Andes B\u1ea1c H\u00e0 S\u1eefa<\/li>\n<li>Andes Socola S\u1eefa<\/li>\n<\/ul>\n<p><img fetchpriority=\"high\" decoding=\"async\" class=\"wp-image-12813 aligncenter\" src=\"https:\/\/havamall.com\/wp-content\/uploads\/2019\/11\/hopnnho-296x300.png\" alt=\"\" width=\"487\" height=\"494\" \/><\/p>\n<p><strong>K\u1eb9o Socola vi\u00ean \u0111\u00e1 Choco Rock <\/strong>v\u1edbi c\u00e1ch t\u1ea1o h\u00ecnh \u0111\u1eb7c bi\u1ec7t nh\u01b0 nh\u1eefng vi\u00ean \u0111\u00e1 th\u1eadt, \u0111\u1ea7y \u0111\u1ee7 m\u00e0u s\u1eafc h\u00fat m\u1eaft s\u1ebd\u00a0r\u1ea5t th\u00edch h\u1ee3p \u0111\u1ec3 l\u00e0m \u0111\u1ed3 trang tr\u00ed cho nh\u1eefng chi\u1ebfc b\u00e1nh xinh.<\/p>\n<p><strong>K\u1eb9o Socola\u00a0Socola vi\u00ean bi\u00a0<\/strong>v\u1edbi m\u00e0u s\u1eafc s\u1eb7c s\u1ee1 c\u00f9ng quy tr\u00ecnh s\u1ea3n xu\u1ea5t \u0111\u1ea3m b\u1ea3o an to\u00e0n h\u1ee9a h\u1eb9n s\u1ebd l\u00e0 m\u1ed9t m\u00f3n qu\u00e0 \u0111\u00e1ng l\u01b0u t\u00e2m cho c\u00e1c em nh\u1ecf d\u1ecbp gi\u00e1ng sinh s\u1eafp t\u1edbi.<\/p>\n<p><strong>K\u1eb9o Socola nh\u00e2n h\u01b0\u1edbng d\u01b0\u01a1ng<\/strong> c\u00f3 l\u1edbp ngo\u00e0i l\u00e0 socola v\u00e0 l\u1edbp trong l\u00e0 h\u1ea1t h\u01b0\u1edbng d\u01b0\u01a1ng \u0111\u00e3 t\u00e1ch v\u1ecf. H\u01b0\u01a1ng v\u1ecb ng\u1ecdt ngo\u00e0i c\u1ee7a socola k\u1ebft h\u1ee3p v\u1edbi v\u1ecb b\u00f9i ng\u1eady c\u1ee7a h\u1ea1t h\u01b0\u1edbng d\u01b0\u01a1ng \u0111em \u0111\u1ebfn h\u01b0\u01a1ng v\u1ecb \u0111\u1ed9c \u0111\u00e1o cho m\u00f3n k\u1eb9o.<\/p>\n<p><strong>K\u1eb9o\u00a0Socola Tr\u1ee9ng Kh\u1ee7ng Long H\u1ea1nh Nh\u00e2n<\/strong>\u00a0kh\u00f4ng ch\u1ec9 c\u00f3 h\u01b0\u01a1ng v\u1ecb ng\u1ecdt b\u00f9i \u0111\u1ed9c \u0111\u00e1o m\u00e0 c\u00e1ch t\u1ea1o h\u00ecnh gi\u1ed1ng h\u1ec7t\u00a0nh\u1eefng qu\u1ea3 tr\u1ee9ng chim c\u00fat ch\u1eafc ch\u1eafn s\u1ebd l\u00e0m c\u00e1c b\u1ea1n nh\u1ecf y\u00eau th\u00edch, ch\u1ee9a nhi\u1ec1u vitamin v\u00e0 c\u00e1c ch\u1ea5t dinh d\u01b0\u1ee1ng c\u1ea7n thi\u1ebft cho c\u01a1 th\u1ec3, cung c\u1ea5p n\u0103ng l\u01b0\u1ee3ng cho ho\u1ea1t \u0111\u1ed9ng h\u00e0ng ng\u00e0y.<\/p>\n<p><strong>Andes<\/strong>\u00a0mang \u0111\u1ebfn tay ng\u01b0\u1eddi ti\u00eau d\u00f9ng s\u1ea3n ph\u1ea9m s\u00f4 c\u00f4 la v\u1edbi h\u01b0\u01a1ng v\u1ecb ng\u1ecdt ng\u00e0o truy\u1ec1n th\u1ed1ng, ph\u00f9 h\u1ee3p v\u1edbi m\u1ecdi l\u1ee9a tu\u1ed5i.\u00a0Kh\u00f4ng ch\u1ec9 l\u00e0 m\u1ed9t m\u00f3n \u0103n v\u1eb7t \u0111\u01b0\u1ee3c \u01b0a th\u00edch, socola c\u00f2n \u0111\u01b0\u1ee3c bi\u1ebft t\u1edbi v\u1edbi nh\u1eefng c\u00f4ng d\u1ee5ng t\u1ed1t cho s\u1ee9c kh\u1ecfe.\u00a0<strong>K\u1eb9o socola Andes <\/strong>gi\u00fap\u00a0cung c\u1ea5p n\u0103ng l\u01b0\u1ee3ng cho m\u1ed9t s\u1ed1 ho\u1ea1t \u0111\u1ed9ng th\u01b0\u1eddng ng\u00e0y, cung c\u1ea5p vitamin v\u00e0 kho\u00e1ng ch\u1ea5t cho c\u01a1 th\u1ec3 c\u0169ng nh\u01b0 c\u00f3 t\u00e1c d\u1ee5ng t\u1ed1t trong vi\u1ec7c gi\u1ea3i t\u1ecfa stress v\u00e0 h\u1ed7 tr\u1ee3 h\u1ec7 tim m\u1ea1ch.<\/p>\n<h3><strong>\u0110\u1eb7c \u0111i\u1ec3m n\u1ed5i b\u1eadt c\u1ee7a s\u1ea3n ph\u1ea9m\u00a0<\/strong><\/h3>\n<p><img decoding=\"async\" class=\"wp-image-12812 aligncenter\" src=\"https:\/\/havamall.com\/wp-content\/uploads\/2019\/11\/2hop-300x291.png\" alt=\"\" width=\"481\" height=\"467\" \/><\/p>\n<p>\u2013 S\u1ea3n ph\u1ea9m \u0111\u01b0\u1ee3c nh\u1eadp kh\u1ea9u\u00a0ho\u00e0n to\u00e0n t\u1eeb H\u00e0n Qu\u1ed1c, \u0111\u01b0\u1ee3c\u00a0s\u1ea3n xu\u1ea5t tr\u00ean d\u00e2y truy\u1ec1n c\u00f4ng ngh\u1ec7 hi\u1ec7n \u0111\u1ea1i\u00a0v\u00e0\u00a0\u0111\u00f3ng g\u00f3i t\u1ea1i Vi\u1ec7t Nam theo quy tr\u00ecnh nghi\u00eam ng\u1eb7t, \u0111\u1ea3m b\u1ea3o\u00a0ch\u1ea5t l\u01b0\u1ee3ng, an to\u00e0n v\u1ec7 sinh th\u1ef1c ph\u1ea9m tuy\u1ec7t \u0111\u1ed1i cho ng\u01b0\u1eddi ti\u00eau d\u00f9ng.<\/p>\n<p>\u2013 K\u1eb9o <strong>Choco Rock v\u00e0 Andes<\/strong> ch\u1ee9a nhi\u1ec1u vitamin v\u00e0 c\u00e1c ch\u1ea5t dinh d\u01b0\u1ee1ng c\u1ea7n thi\u1ebft cho c\u01a1 th\u1ec3, cung c\u1ea5p n\u0103ng l\u01b0\u1ee3ng cho ho\u1ea1t \u0111\u1ed9ng h\u00e0ng ng\u00e0y.<\/p>\n<p>\u2013 K\u1eb9o c\u00f3 h\u01b0\u01a1ng v\u1ecb ng\u1ecdt ng\u00e0o \u0111\u1eb7c tr\u01b0ng c\u1ee7a socola, \u0111\u01b0\u1ee3c \u0111\u00f3ng g\u00f3i c\u1ea9n th\u1eadn, k\u0129 c\u00e0ng, th\u00f4ng tin r\u00f5 r\u00e0ng.<\/p>\n<p>\u2013 K\u1eb9o c\u00f3 c\u00e1ch t\u1ea1o h\u00ecnh \u0111\u1ed9c \u0111\u00e1o v\u1edbi \u0111\u1ea7y \u0111\u1ee7 m\u00e0u s\u1eafc, r\u1ea5t th\u00edch\u00a0h\u1ee3p l\u00e0m qu\u00e0 t\u1eb7ng cho ng\u01b0\u1eddi th\u00e2n, b\u1ea1n b\u00e8, \u0111\u1eb7c bi\u1ec7t c\u00e1c em nh\u1ecf. Ngo\u00e0i ra k\u1eb9o c\u00f3 th\u1ec3 s\u1eed d\u1ee5ng \u0111\u1ec3 trang tr\u00ed b\u00e1nh, t\u00f4 \u0111i\u1ec3m\u00a0cho kh\u00f4ng kh\u00ed b\u1eefa ti\u1ec7c\u00a0gi\u00e1ng sinh th\u00eam s\u1ed1ng \u0111\u1ed9ng, r\u1ef1c r\u1ee1.<\/p>\n<p>\u2013 H\u1ed9p \u0111\u00f3ng g\u00f3i sang ch\u1ea3nh c\u00f9ng nhi\u1ec1u lo\u1ea1i k\u1eb9o mix c\u00f9ng v\u1edbi nhau th\u00edch h\u1ee3p l\u00e0m qu\u00e0 t\u1eb7ng \u0111\u1eb7c bi\u1ec7t cho c\u00e1c d\u1ecbp l\u1ec5, t\u1ebft<\/p>\n<h3><strong>C\u00e1ch s\u1eed d\u1ee5ng v\u00e0 b\u1ea3o qu\u1ea3n k\u1eb9o:<\/strong><\/h3>\n<p>\u2013 C\u00e1ch s\u1eed d\u1ee5ng: K\u1eb9o s\u1eed d\u1ee5ng \u0111\u1ec3 \u0103n tr\u1ef1c ti\u1ebfp, trang tr\u00ed b\u00e1nh gato, cupcake, trang tr\u00ed sinh nh\u1eadt, b\u1eefa ti\u1ec7c gi\u00e1ng sinh,\u2026<\/p>\n<p>\u2013 B\u1ea3o qu\u1ea3n \u1edf n\u01a1i kh\u00f4 r\u00e1o, tho\u00e1ng m\u00e1t, tr\u00e1nh \u00e1nh n\u1eafng tr\u1ef1c ti\u1ebfp t\u1eeb m\u1eb7t tr\u1eddi.<\/p>\n<p><strong>QUY C\u00c1CH<\/strong>: B\u00ean trong l\u00e0 bao PE, gi\u1ea5y nh\u00f4m, b\u00ean ngo\u00e0i l\u00e0 h\u1ed9p gi\u1ea5y<\/p>\n<p><strong>XU\u1ea4T X\u1ee8<\/strong>: H\u00e0n Qu\u1ed1c v\u00e0 M\u1ef9, \u0111\u00f3ng g\u00f3i t\u1ea1i Vi\u1ec7t Nam<\/p>\n<p><strong>HSD<\/strong>: 1 n\u0103m<\/p>\n<p>&nbsp;<\/p>","protected":false},"excerpt":{"rendered":"<p>K\u1eb9o c\u00f3 c\u00e1ch t\u1ea1o h\u00ecnh \u0111\u1ed9c \u0111\u00e1o v\u1edbi \u0111\u1ea7y \u0111\u1ee7 m\u00e0u s\u1eafc, r\u1ea5t th\u00edch\u00a0h\u1ee3p l\u00e0m qu\u00e0 t\u1eb7ng cho ng\u01b0\u1eddi th\u00e2n, b\u1ea1n b\u00e8, \u0111\u1eb7c bi\u1ec7t c\u00e1c em nh\u1ecf. Ngo\u00e0i ra k\u1eb9o c\u00f3 th\u1ec3 s\u1eed d\u1ee5ng \u0111\u1ec3 trang tr\u00ed b\u00e1nh, t\u00f4 \u0111i\u1ec3m\u00a0cho kh\u00f4ng kh\u00ed b\u1eefa ti\u1ec7c\u00a0gi\u00e1ng sinh th\u00eam s\u1ed1ng \u0111\u1ed9ng, r\u1ef1c r\u1ee1.<\/p>\n<p>&nbsp;<\/p>\n<p>&nbsp;<\/p>","protected":false},"featured_media":12869,"comment_status":"open","ping_status":"closed","template":"","meta":[],"product_brand":[],"product_cat":[133],"product_tag":[],"class_list":{"0":"post-12817","1":"product","2":"type-product","3":"status-publish","4":"has-post-thumbnail","6":"product_cat-banh-keo-chocolate","8":"first","9":"outofstock","10":"sale","11":"shipping-taxable","12":"purchasable","13":"product-type-simple"},"_links":{"self":[{"href":"https:\/\/havamall.com\/en\/wp-json\/wp\/v2\/product\/12817","targetHints":{"allow":["GET"]}}],"collection":[{"href":"https:\/\/havamall.com\/en\/wp-json\/wp\/v2\/product"}],"about":[{"href":"https:\/\/havamall.com\/en\/wp-json\/wp\/v2\/types\/product"}],"replies":[{"embeddable":true,"href":"https:\/\/havamall.com\/en\/wp-json\/wp\/v2\/comments?post=12817"}],"version-history":[{"count":0,"href":"https:\/\/havamall.com\/en\/wp-json\/wp\/v2\/product\/12817\/revisions"}],"wp:featuredmedia":[{"embeddable":true,"href":"https:\/\/havamall.com\/en\/wp-json\/wp\/v2\/media\/12869"}],"wp:attachment":[{"href":"https:\/\/havamall.com\/en\/wp-json\/wp\/v2\/media?parent=12817"}],"wp:term":[{"taxonomy":"product_brand","embeddable":true,"href":"https:\/\/havamall.com\/en\/wp-json\/wp\/v2\/product_brand?post=12817"},{"taxonomy":"product_cat","embeddable":true,"href":"https:\/\/havamall.com\/en\/wp-json\/wp\/v2\/product_cat?post=12817"},{"taxonomy":"product_tag","embeddable":true,"href":"https:\/\/havamall.com\/en\/wp-json\/wp\/v2\/product_tag?post=12817"}],"curies":[{"name":"wp","href":"https:\/\/api.w.org\/{rel}","templated":true}]}}