{"id":12844,"date":"2019-11-28T17:00:02","date_gmt":"2019-11-28T10:00:02","guid":{"rendered":"https:\/\/havamall.com\/?post_type=product&#038;p=12844"},"modified":"2021-06-04T17:45:03","modified_gmt":"2021-06-04T10:45:03","slug":"cherry-say-kho-hop-250g-dried-cherries","status":"publish","type":"product","link":"https:\/\/havamall.com\/en\/shop\/cherry-say-kho-hop-250g-dried-cherries\/","title":{"rendered":"Cherry S\u1ea5y Kh\u00f4 h\u1ed9p 250g &#8211; Dried Cherries"},"content":{"rendered":"<h3><strong>TH\u00d4NG TIN S\u1ea2N PH\u1ea8M<\/strong><\/h3>\n<p>Cherry\u00a0c\u00f2n \u0111\u01b0\u1ee3c g\u1ecdi l\u00e0 qu\u1ea3 anh \u0111\u00e0o \u0111\u01b0\u1ee3c du nh\u1eadp v\u00e0o n\u01b0\u1edbc ta t\u1eeb M\u1ef9, \u00dac v\u00e0 n\u00f3 nhanh ch\u00f3ng tr\u1edf th\u00e0nh m\u00f4t\u00a0 trong nh\u1eefng lo\u1ea1i tr\u00e1i c\u00e2y c\u00f3 gi\u00e1 tr\u1ecb dinh d\u01b0\u1ee1ng cao v\u00e0 \u0111\u01b0\u1ee3c \u01b0a chu\u1ed9ng nh\u1ea5t tr\u00ean th\u1ecb tr\u01b0\u1eddng Vi\u1ec7t Nam hi\u1ec7n nay.<\/p>\n<p>C\u00e1c nh\u00e0 khoa h\u1ecdc t\u1ea1i M\u1ef9 \u0111\u00e3 nghi\u00ean c\u1ee9u th\u00e0nh ph\u1ea7n v\u00e0 c\u00f4ng d\u1ee5ng tuy\u1ec7t v\u1eddi c\u1ee7a qu\u1ea3 Cherry. Cherries \u0111\u01b0\u1ee3c m\u1ec7nh danh l\u00e0 \u201csi\u00eau tr\u00e1i c\u00e2y\u201d.<\/p>\n<p>Cherries c\u00f3 ch\u1ea5t n\u01b0\u1edbc m\u00e0u \u0111\u1ecf s\u1eabm ch\u1ee9a t\u1edbi 17 lo\u1ea1i ch\u1ea5t c\u00f3 l\u1ee3i cho s\u1ee9c kh\u1ecfe. m\u1ed9t trong s\u1ed1 \u0111\u00f3 l\u00e0 ch\u1ea5t ch\u1ee9a th\u00e0nh ph\u1ea7n ch\u1ed1ng oxy h\u00f3a r\u1ea5t m\u1ea1nh. Ngo\u00e0i ra, Cherries c\u00f2n cung c\u1ea5p m\u1ed9t l\u01b0\u1ee3ng\u00a0vitamin E,\u00a0A, C, s\u1eaft, magne, kali d\u1ed3i d\u00e0o, cung c\u1ea5p g\u1ea7n 19 l\u1ea7n l\u01b0\u1ee3ng vitamin A c\u00f3 trong c\u00e1c lo\u1ea1i tr\u00e1i c\u00e2y kh\u00e1c.<\/p>\n<p>B\u00ean c\u1ea1nh vi\u1ec7c b\u1ed5 sung c\u00e1c vitamin c\u00f3 l\u1ee3i cho s\u1ee9c kh\u1ecfe,\u00a0qu\u1ea3 anh \u0111\u00e0o\u00a0c\u0169ng c\u00f3 t\u00e1c d\u1ee5ng gi\u1ea3m r\u1ee7i ro v\u1ec1 tim m\u1ea1ch, gi\u1ea3m axit uric trong m\u00e1u, gi\u1ea3m c\u01a1n \u0111au \u1edf c\u00e1c b\u1ec7nh nh\u00e2n gout, ng\u0103n ng\u1eeba ung th\u01b0, gi\u1ea3m b\u1ec7nh ti\u1ec3u \u0111\u01b0\u1eddng, h\u1ed7 tr\u1ee3 tr\u00ed n\u00e3o, &#8230;<\/p>\n<p><img fetchpriority=\"high\" decoding=\"async\" class=\"wp-image-12848 aligncenter\" src=\"https:\/\/havamall.com\/wp-content\/uploads\/2019\/11\/cherry-300x193.png\" alt=\"\" width=\"609\" height=\"392\" \/><\/p>\n<h3><strong>Th\u00e0nh ph\u1ea7n dinh d\u01b0\u1ee1ng c\u1ee7a qu\u1ea3 cherry s\u1ea5y kh\u00f4<\/strong><\/h3>\n<p>C\u0169ng gi\u1ed1ng nh\u01b0 cherry t\u01b0\u01a1i, khi \u0111\u00e3 \u0111\u01b0\u1ee3c s\u1ea5y kh\u00f4 h\u00e0m l\u01b0\u1ee3ng c\u00e1c ch\u1ea5t dinh d\u01b0\u1ee1ng c\u00f3 trong lo\u1ea1i qu\u1ea3 n\u00e0y v\u1eabn kh\u00f4ng h\u1ec1 suy gi\u1ea3m. \u0110\u01b0\u1ee3c m\u1ec7nh danh l\u00e0 \u201csi\u00eau tr\u00e1i c\u00e2y\u201d, qu\u1ea3 cherry s\u1ea5y c\u00f3 ch\u1ee9a ch\u1ea5t ch\u1ed1ng oxi h\u00f3a m\u1ea1nh, c\u00e1c vitamin A, C, E, c\u00e1c nguy\u00ean t\u1ed1 vi l\u01b0\u1ee3ng nh\u01b0 s\u1eaft, kali, magie, canxi, k\u1ebdm,\u2026H\u01a1n th\u1ebf h\u00e0m l\u01b0\u1ee3ng c\u00e1c ch\u1ea5t n\u00e0y c\u00f2n r\u1ea5t cao n\u00ean b\u1ea1n ch\u1ec9 c\u1ea7n \u0103n v\u1edbi m\u1ed9t l\u01b0\u1ee3ng nh\u1ecf c\u0169ng \u0111\u1ee7 cung c\u1ea5p cho c\u01a1 th\u1ec3 m\u1ed7i ng\u00e0y.<\/p>\n<p>Ngo\u00e0i ra, cherry s\u1ea5y c\u00f2n l\u00e0 ngu\u1ed3n cung c\u1ea5p n\u0103ng l\u01b0\u1ee3ng tuy\u1ec7t v\u1eddi cho b\u1ea1n.Ngu\u1ed3n n\u0103ng l\u01b0\u1ee3ng n\u00e0y \u0111\u01b0\u1ee3c l\u1ea5y t\u1eeb c\u00e1c lo\u1ea1i \u0111\u01b0\u1eddng t\u1ef1 nhi\u00ean, gi\u00fap b\u1ea1n kh\u1ecfe m\u1ea1nh h\u01a1n, l\u00e0m vi\u1ec7c hi\u1ec7u qu\u1ea3 h\u01a1n v\u1edbi m\u1ed9t t\u00e2m tr\u1ea1ng vui v\u1ebb.<br \/>\nQu\u1ea3 cherry s\u1ea5y ph\u00f9 h\u1ee3p s\u1eed d\u1ee5ng cho m\u1ecdi l\u1ee9a tu\u1ed5i kh\u00e1c nhau, k\u1ec3 c\u1ea3 ng\u01b0\u1eddi l\u1edbn l\u1eabn tr\u1ebb nh\u1ecf, ng\u01b0\u1eddi \u1ed1m y\u1ebfu hay kh\u1ecfe m\u1ea1nh \u0111\u1ec1u n\u00ean \u0103n lo\u1ea1i tr\u00e1i c\u00e2y n\u00e0y. M\u1eb7c d\u00f9 \u0111\u1eaft \u0111\u1ecf h\u01a1n c\u00e1c lo\u1ea1i tr\u00e1i c\u00e2y s\u1ea5y kh\u00f4 kh\u00e1c nh\u01b0ng v\u1edbi nh\u1eefng gi\u00e1 tr\u1ecb dinh d\u01b0\u1ee1ng m\u00e0 n\u00f3 mang l\u1ea1i, ch\u1eafc ch\u1eafn m\u1ee9c gi\u00e1 \u0111\u00f3 l\u00e0 ho\u00e0n to\u00e0n ph\u00f9 h\u1ee3p.<\/p>\n<p><img decoding=\"async\" class=\"wp-image-12849 aligncenter\" src=\"https:\/\/havamall.com\/wp-content\/uploads\/2019\/11\/Dried-Cherries-Market-300x300.jpg\" alt=\"\" width=\"582\" height=\"582\" \/><\/p>\n<h3><strong>Nh\u1eefng t\u00e1c d\u1ee5ng c\u1ee7a qu\u1ea3 cherry s\u1ea5y kh\u00f4 v\u1edbi s\u1ee9c kh\u1ecfe<\/strong><\/h3>\n<p>Nh\u1eefng khi b\u1ea1n c\u1ea3m th\u1ea5y \u0111\u00f3i b\u1ee5ng ho\u1eb7c m\u1ec7t m\u1ecfi, thay v\u00ec \u0103n c\u00e1c lo\u1ea1i th\u1ee9c \u0103n nhanh, b\u00e1nh k\u1eb9o ng\u1ecdt th\u00ec b\u1ea1n h\u00e3y nh\u1edb \u0111\u1ebfn cherry s\u1ea5y. Lo\u1ea1i th\u1ef1c ph\u1ea9m n\u00e0y s\u1ebd nhanh ch\u00f3ng cung c\u1ea5p n\u0103ng l\u01b0\u1ee3ng gi\u00fap b\u1ea1n v\u01b0\u1ee3t qua m\u1ec7t m\u1ecfi, \u0111\u1ed3ng th\u1eddi gi\u00fap n\u00e3o b\u1ed9 \u0111\u01b0\u1ee3c th\u01b0 gi\u00e3n, gi\u1ea3m b\u1edbt c\u0103ng th\u1eb3ng v\u00e0 l\u00e0m vi\u1ec7c hi\u1ec7u qu\u1ea3 h\u01a1n.<\/p>\n<p>Nh\u1eefng ng\u01b0\u1eddi th\u01b0\u1eddng xuy\u00ean b\u1ecb m\u1ea5t ng\u1ee7 c\u00f3 th\u1ec3 d\u00f9ng qu\u1ea3 cherry s\u1ea5y \u0111\u1ec3 c\u1ea3i thi\u1ec7n t\u00ecnh tr\u1ea1ng n\u00e0y, ch\u1ee9 kh\u00f4ng n\u00ean v\u1ed9i v\u00e0ng s\u1eed d\u1ee5ng c\u00e1c lo\u1ea1i thu\u1ed1c an th\u1ea7n. Cherry c\u00f3 ch\u1ee9a ho\u1ea1t ch\u1ea5t melatonin, l\u00e0 y\u1ebfu t\u1ed1 t\u1ea1o n\u00ean m\u1ed9t gi\u1ea5c ng\u1ee7 s\u00e2u v\u00e0 ngon. Ch\u00ednh v\u00ec v\u1eady \u0111\u1eebng qu\u00ean \u0103n cherry s\u1ea5y kh\u00f4 m\u1ed7i ng\u00e0y.<\/p>\n<p>V\u1edbi h\u00e0m l\u01b0\u1ee3ng vitamin A kh\u00e1 cao, qu\u1ea3 cherry s\u1ea5y c\u00f2n c\u1ef1c k\u1ef3 t\u1ed1t cho m\u1eaft, gi\u00fap t\u0103ng c\u01b0\u1eddng th\u1ecb l\u1ef1c, ch\u1ed1ng kh\u00f4 m\u1eaft, m\u1ecfi m\u1eaft do l\u00e0m vi\u1ec7c nhi\u1ec1u v\u1edbi m\u00e0n h\u00ecnh c\u00e1c thi\u1ebft b\u1ecb \u0111i\u1ec7n t\u1eed.<\/p>\n<p><img decoding=\"async\" class=\"wp-image-12850 aligncenter\" src=\"https:\/\/havamall.com\/wp-content\/uploads\/2019\/11\/qua-cherry-say-kho-mon-an-300x220.jpg\" alt=\"\" width=\"580\" height=\"426\" \/><\/p>\n<p>Kh\u00f4ng th\u1ec3 k\u1ec3 \u0111\u1ebfn t\u00e1c d\u1ee5ng c\u1ee7a ch\u1ea5t ch\u1ed1ng oxi h\u00f3a m\u1ea1nh c\u00f3 trong qu\u1ea3 cherry, n\u00f3 ch\u00ednh l\u00e0 y\u1ebfu t\u1ed1 gi\u00fap ng\u0103n ng\u1eeba s\u1ea3n sinh v\u00e0 \u0111\u1ea9y l\u00f9i s\u1ef1 ph\u00e1t tri\u1ec3n c\u1ee7a g\u1ed1c t\u1ef1 do, nguy\u00ean nh\u00e2n g\u00e2y n\u00ean c\u00e1c b\u1ec7nh ung th\u01b0 nguy hi\u1ec3m.<\/p>\n<p>Qu\u1ea3 cherry r\u1ea5t t\u1ed1t cho tim m\u1ea1ch v\u00e0 n\u00e3o b\u1ed9 b\u1edfi n\u00f3 c\u1ea3i thi\u1ec7n ch\u1ee9c n\u0103ng c\u1ee7a h\u1ec7 tu\u1ea7n ho\u00e0n, ng\u0103n ng\u1eeba s\u1ef1 h\u00ecnh th\u00e0nh c\u00e1c t\u00e1c nh\u00e2n g\u00e2y ra b\u1ec7nh li\u00ean quan nh\u01b0 tim m\u1ea1ch, s\u01a1 v\u1eeba \u0111\u1ed9ng m\u1ea1ch, nh\u1ed3i m\u00e1u c\u01a1 tim,\u2026<\/p>\n<p>T\u00ednh kh\u00e1ng vi\u00eam cao c\u1ee7a ho\u1ea1t ch\u1ea5t c\u00f3 trong qu\u1ea3 cherry \u0111\u01b0\u1ee3c c\u00e1c nh\u00e0 khoa h\u1ecdc nghi\u00ean c\u1ee9u v\u00e0 \u0111\u01b0a v\u00e0o \u0111i\u1ec1u ch\u1ebf y h\u1ecdc. Ch\u00ednh v\u00ec v\u1eady \u0103n cherry h\u00e0ng ng\u00e0y s\u1ebd gi\u00fap b\u1ea1n ph\u00f2ng ng\u1eeba v\u00e0 h\u1ed7 tr\u1ee3 \u0111i\u1ec1u tr\u1ecb hi\u1ec7u qu\u1ea3 c\u00e1c b\u1ec7nh nh\u01b0 vi\u00eam kh\u1edbp, gout, gi\u1ea3m s\u01b0ng t\u1ea5y\u2026<\/p>\n<p>\u0110\u1eebng b\u1ecf qua lo\u1ea1i qu\u1ea3 v\u1eeba ngon, ti\u1ec7n l\u1ee3i cho vi\u1ec7c s\u1eed d\u1ee5ng m\u00e0 l\u1ea1i c\u1ef1c k\u1ef3 t\u1ed1t cho s\u1ee9c kh\u1ecfe nh\u01b0 qu\u1ea3 cherry s\u1ea5y kh\u00f4.<\/p>\n<ol>\n<li>S\u1ea5y kh\u00f4 b\u1eb1ng c\u00f4ng ngh\u1ec7 hi\u1ec7n \u0111\u1ea1i<\/li>\n<li>Bao b\u00ec \u0111\u1ea1t ti\u00eau chu\u1ea9n an to\u00e0n th\u1ef1c ph\u1ea9m<\/li>\n<li>Th\u1ecbt qu\u1ea3 m\u1ec1m d\u1ebbo v\u1edbi h\u01b0\u01a1ng th\u01a1m t\u1ef1 nhi\u00ean<\/li>\n<li>Kh\u00f4ng h\u1ec1 ch\u1ee9a ch\u1ea5t b\u1ea3o qu\u1ea3n<\/li>\n<li>Tuy\u1ec7t \u0111\u1ed1i an to\u00e0n cho s\u1ee9c kh\u1ecfe<\/li>\n<\/ol>\n<p><strong>TH\u00c0NH PH\u1ea6N:<\/strong>\u00a0Nam vi\u1ec7t qu\u1ea5t, \u0110\u01b0\u1eddng m\u00eda, D\u1ea7u h\u01b0\u1edbng d\u01b0\u01a1ng<\/p>\n<p><strong>HDSD<\/strong>: D\u00f9ng \u0103n tr\u1ef1c ti\u1ebfp ho\u1eb7c d\u00f9ng l\u00e0m nguy\u00ean li\u1ec7u ch\u1ebf bi\u1ebfn<\/p>\n<p><strong>HSD<\/strong>: 12 th\u00e1ng<\/p>\n<p><strong>Xu\u1ea5t x\u1ee9<\/strong>: M\u1ef9, s\u1ea3n ph\u1ea9m c\u1ee7a c\u00f4ng ty Meduri Farms Inc.<\/p>\n<p>&nbsp;<\/p>\n<p>&nbsp;<\/p>\n<p>&nbsp;<\/p>\n<p>&nbsp;<\/p>\n<p>&nbsp;<\/p>\n<p>&nbsp;<\/p>\n<p>&nbsp;<\/p>\n<p>&nbsp;<\/p>\n<p>&nbsp;<\/p>","protected":false},"excerpt":{"rendered":"<p>Qu\u1ea3 Cherries c\u00f3 h\u01b0\u01a1ng v\u1ecb th\u01a1m ngon \u0111\u1ed3ng th\u1eddi t\u1ed1t cho s\u1ee9c kh\u1ecfe nh\u01b0 b\u1ed5 sung vitamin, gi\u1ea3m r\u1ee7i ro v\u1ec1 tim m\u1ea1ch, ti\u1ec3u \u0111\u01b0\u1eddng, gi\u1ea3m \u0111au \u1edf c\u00e1c b\u1ec7nh nh\u00e2n gout&#8230;<\/p>\n<p>&nbsp;<\/p>","protected":false},"featured_media":12854,"comment_status":"open","ping_status":"closed","template":"","meta":[],"product_brand":[],"product_cat":[36,143,134],"product_tag":[],"class_list":{"0":"post-12844","1":"product","2":"type-product","3":"status-publish","4":"has-post-thumbnail","6":"product_cat-thuc-pham-tieu-dung","7":"product_cat-thuc-pham-dong-hop","8":"product_cat-thucpham-saykho","10":"first","11":"outofstock","12":"sale","13":"shipping-taxable","14":"purchasable","15":"product-type-simple"},"_links":{"self":[{"href":"https:\/\/havamall.com\/en\/wp-json\/wp\/v2\/product\/12844","targetHints":{"allow":["GET"]}}],"collection":[{"href":"https:\/\/havamall.com\/en\/wp-json\/wp\/v2\/product"}],"about":[{"href":"https:\/\/havamall.com\/en\/wp-json\/wp\/v2\/types\/product"}],"replies":[{"embeddable":true,"href":"https:\/\/havamall.com\/en\/wp-json\/wp\/v2\/comments?post=12844"}],"version-history":[{"count":0,"href":"https:\/\/havamall.com\/en\/wp-json\/wp\/v2\/product\/12844\/revisions"}],"wp:featuredmedia":[{"embeddable":true,"href":"https:\/\/havamall.com\/en\/wp-json\/wp\/v2\/media\/12854"}],"wp:attachment":[{"href":"https:\/\/havamall.com\/en\/wp-json\/wp\/v2\/media?parent=12844"}],"wp:term":[{"taxonomy":"product_brand","embeddable":true,"href":"https:\/\/havamall.com\/en\/wp-json\/wp\/v2\/product_brand?post=12844"},{"taxonomy":"product_cat","embeddable":true,"href":"https:\/\/havamall.com\/en\/wp-json\/wp\/v2\/product_cat?post=12844"},{"taxonomy":"product_tag","embeddable":true,"href":"https:\/\/havamall.com\/en\/wp-json\/wp\/v2\/product_tag?post=12844"}],"curies":[{"name":"wp","href":"https:\/\/api.w.org\/{rel}","templated":true}]}}