{"id":13063,"date":"2019-12-09T16:01:06","date_gmt":"2019-12-09T09:01:06","guid":{"rendered":"https:\/\/havamall.com\/?post_type=product&#038;p=13063"},"modified":"2021-06-09T10:37:46","modified_gmt":"2021-06-09T03:37:46","slug":"trai-phuc-bon-tu-do-dong-lanh-1kg-frozen-raspberry","status":"publish","type":"product","link":"https:\/\/havamall.com\/en\/shop\/trai-phuc-bon-tu-do-dong-lanh-1kg-frozen-raspberry\/","title":{"rendered":"Tr\u00e1i Ph\u00fac B\u1ed3n T\u1eed \u0110\u1ecf \u0110\u00f4ng L\u1ea1nh Firestone &#8211; Firestone Frozen Raspberries"},"content":{"rendered":"<blockquote>\n<div><em><strong>*L\u01b0u \u00fd: Do s\u1ea3n ph\u1ea9m \u0111\u00f4ng l\u1ea1nh n\u00ean ch\u1ec9 nh\u1eadn giao h\u00e0ng trong n\u1ed9i th\u00e0nh HCM. V\u1edbi c\u00e1c \u0111\u01a1n t\u1ec9nh v\u00e0 ph\u00eda B\u1eafc vui l\u00f2ng chuy\u1ec3n kho\u1ea3n thanh to\u00e1n tr\u01b0\u1edbc \u0111\u1ec3 x\u00e1c nh\u1eadn giao h\u00e0ng. Ph\u00ed ship t\u00ednh theo gi\u00e1 c\u1ee7a ch\u00e0nh xe ho\u1eb7c b\u01b0u \u0111i\u1ec7n.<\/strong><\/em><\/div>\n<\/blockquote>\n<h4><strong>TH\u00d4NG TIN C\u00d4NG TY<\/strong><\/h4>\n<div class=\"entry-image\">Firestone Pacific Foods \u0111\u01b0\u1ee3c \u0111\u00e1nh gi\u00e1 l\u00e0 m\u1ed9t trong nh\u1eefng nh\u00e0 ch\u1ebf bi\u1ebfn tr\u00e1i c\u00e2y \u0111\u00f4ng l\u1ea1nh h\u00e0ng \u0111\u1ea7u \u1edf v\u00f9ng T\u00e2y B\u1eafc<a href=\"https:\/\/havamall.com\/\">\u00a0Th\u00e1i B\u00ecnh D\u01b0\u01a1ng<\/a>. Tr\u00e1i c\u00e2y \u0111\u01b0\u1ee3c thu ho\u1ea1ch \u1edf \u0111\u1ec9nh \u0111\u1ed9 ch\u00edn, \u0111\u01b0\u1ee3c ch\u1ebf bi\u1ebfn t\u1ea1i c\u01a1 s\u1edf hi\u1ec7n \u0111\u1ea1i c\u1ee7a ch\u00fang t\u00f4i, v\u00e0 \u0111\u00f3ng g\u00f3i cho l\u00f4 h\u00e0ng theo c\u00e1ch hi\u1ec7n \u0111\u1ea1i nh\u1ea5t.<\/div>\n<div class=\"entry-content\">\n<p class=\"p1\">Firestone l\u00e0 m\u1ed9t ho\u1ea1t \u0111\u1ed9ng ch\u1ebf bi\u1ebfn cho ng\u01b0\u1eddi tr\u1ed3ng tr\u00e1i c\u00e2y trong n\u01b0\u1edbc v\u00e0 xu\u1ea5t kh\u1ea9u. K\u1ec3 t\u1eeb n\u0103m 1896, trang tr\u1ea1i c\u1ee7a Firestone Pacific Foods l\u00e0 m\u1ed9t ngu\u1ed3n tr\u00e1i c\u00e2y ch\u1ea5t l\u01b0\u1ee3ng cao \u0111\u01b0\u1ee3c t\u00f4n tr\u1ecdng. M\u1ed9t m\u1ea1ng l\u01b0\u1edbi nh\u1eefng ng\u01b0\u1eddi tr\u1ed3ng tr\u00e1i c\u00e2y \u0111\u1ec3 cung c\u1ea5p ph\u1ea3i \u0111\u00e1p \u1ee9ng c\u00e1c ti\u00eau chu\u1ea9n ch\u1ea5t l\u01b0\u1ee3ng nghi\u00eam ng\u1eb7t v\u1ec1 m\u1ee9c \u0111\u1ed9 b\u1ea3o hi\u1ec3m v\u00e0 tu\u00e2n th\u1ee7 c\u00e1c Quy \u0111\u1ecbnh N\u00f4ng nghi\u1ec7p hi\u1ec7n h\u00e0nh.<\/p>\n<p><img fetchpriority=\"high\" decoding=\"async\" class=\"wp-image-12443 aligncenter\" src=\"https:\/\/havamall.com\/wp-content\/uploads\/2018\/10\/BlueberryProcessing-1-300x225.jpg\" alt=\"\" width=\"502\" height=\"376\" \/><\/p>\n<p>&nbsp;<\/p>\n<p class=\"p1\">T\u1ea1i Firestone Pacific Foods, an to\u00e0n th\u1ef1c ph\u1ea9m l\u00e0 th\u1ef1c t\u1ebf quan tr\u1ecdng nh\u1ea5t m\u00e0 th\u1ef1c hi\u1ec7n t\u1eeb trang tr\u1ea1i \u0111\u1ebfn c\u01a1 s\u1edf ch\u1ebf bi\u1ebfn c\u1ee7a ch\u00fang t\u00f4i. Ng\u01b0\u1eddi ti\u00eau d\u00f9ng c\u00f3 th\u1ec3 y\u00ean t\u00e2m khi bi\u1ebft t\u1ea5t c\u1ea3 c\u00e1c lo\u1ea1i tr\u00e1i c\u00e2y \u0111\u00f3ng g\u00f3i d\u01b0\u1edbi nh\u00e3n hi\u1ec7u Firestone \u0111\u00e3 \u0111\u01b0\u1ee3c tr\u1ed3ng v\u00e0 ch\u1ebf bi\u1ebfn c\u1ea9n th\u1eadn v\u00e0 an to\u00e0n.<\/p>\n<p>Firestone Pacific Foods ch\u1ec9 ch\u1ea5p nh\u1eadn c\u00e1c lo\u1ea1i\u00a0<strong>tr\u00e1i c\u00e2y ch\u1ea5t l\u01b0\u1ee3ng cao<\/strong>, \u0111\u01b0\u1ee3c l\u1ef1a ch\u1ecdn v\u00e0 ch\u1ebf bi\u1ebfn chu \u0111\u00e1o, tuy\u1ec7t \u0111\u1ed1i kh\u00f4ng th\u00eam ch\u1ea5t b\u1ea3o qu\u1ea3n, ph\u1ea9m m\u00e0u hay c\u00e1c h\u01b0\u01a1ng v\u1ecb nh\u00e2n t\u1ea1o. V\u00ec th\u1ebf, c\u00e1c s\u1ea3n ph\u1ea9m c\u1ee7a Firestone lu\u00f4n gi\u1eef \u0111\u01b0\u1ee3c nh\u1eefng h\u01b0\u01a1ng v\u1ecb t\u01b0\u01a1i ngon gi\u00e0u vitamin. \u0110\u00e2y l\u00e0 l\u00fd do t\u1ea1i sao t\u1ea5t c\u1ea3 c\u00e1c s\u1ea3n ph\u1ea9m \u0111\u1ec1u\u00a0<strong>\u0111\u1ea3m b\u1ea3o cho s\u1ee9c kh\u1ecfe<\/strong>\u00a0c\u1ee7a ng\u01b0\u1eddi s\u1eed d\u1ee5ng.<\/p>\n<p><img id=\"alttext-image\" width=\"16\" height=\"16\" align=\"left\" \/><\/p>\n<p><strong>C\u00e1ch d\u00f9ng:<\/strong>\u00a0L\u1ea5y l\u01b0\u1ee3ng v\u1eeba \u0111\u1ee7 d\u00f9ng \u0111\u1ec3 ra ngo\u00e0i cho gi\u00e3 \u0111\u00f4ng r\u1ed3i d\u00f9ng ngay. Ho\u1eb7c c\u00f3 th\u1ec3 \u0111\u1ec3 xu\u1ed1ng ng\u0103n m\u00e1t t\u1ee7 l\u1ea1nh (kho\u1ea3ng 1-3 \u0111\u1ed9 C) r\u1ed3i d\u00f9ng d\u1ea7n trong v\u00f2ng 3 ng\u00e0y sau \u0111\u00f3.<br \/>\nB\u1ea1n c\u00f3 th\u1ec3 d\u00f9ng trong pha ch\u1ebf \u0111\u1ed3 u\u1ed1ng ho\u1eb7c k\u1ebft h\u1ee3p l\u00e0m b\u00e1nh c\u00e1c lo\u1ea1i.<\/p>\n<p><strong>L\u01b0u \u00fd:<\/strong>\u00a0D\u00f9ng \u0111\u1ebfn \u0111\u00e2u th\u00ec gi\u00e3 \u0111\u00f4ng \u0111\u1ebfn \u0111\u00f3, s\u1ea3n ph\u1ea9m \u0111\u00e3 gi\u00e3 \u0111\u00f4ng th\u00ec kh\u00f4ng quay l\u1ea1i c\u1ea5p \u0111\u00f4ng n\u1eefa.<\/p>\n<p><img decoding=\"async\" class=\"wp-image-13069 aligncenter\" src=\"https:\/\/havamall.com\/wp-content\/uploads\/2019\/12\/13935976-frozen-raspberries-isolated-on-white-1-300x213.jpg\" alt=\"\" width=\"524\" height=\"372\" \/><\/p>\n<h4><strong>L\u1ee3i \u00edch s\u1ee9c kh\u1ecfe c\u1ee7a Ph\u00fac B\u1ed3n T\u1eed<\/strong><\/h4>\n<p><span id=\"1_Rat_tot_cho_benh_nhan_tieu_duong\" class=\"ez-toc-section\"><strong>1.\u00a0R\u1ea5t t\u1ed1t cho b\u1ec7nh nh\u00e2n ti\u1ec3u \u0111\u01b0\u1eddng<\/strong><\/span><\/p>\n<p>C\u00f3 th\u1ec3 n\u00f3i ph\u00fac b\u1ed3n t\u1eed \u0111\u01b0\u1ee3c x\u1ebfp h\u00e0ng th\u01b0\u1ee3ng ph\u1ea9m trong bi\u1ec3u \u0111\u1ed3 \u0111\u00e1nh gi\u00e1 th\u1ef1c ph\u1ea9m, nhi\u1ec1u l\u1ee3i \u00edch h\u01a1n d\u00e2u t\u00e2y, vi\u1ec7t qu\u1ea5t (blueberry), nho \u0111en (black grape), anh \u0111\u00e0o (cherry)\u2026 v\u00ec ngo\u00e0i c\u00e1c vitamin, kho\u00e1ng t\u1ed1, n\u00f3 c\u00f2n l\u00e0 ngu\u1ed3n ch\u1ea5t x\u01a1 gi\u00fap \u1ed5n \u0111\u1ecbnh \u0111\u01b0\u1eddng huy\u1ebft n\u00ean r\u1ea5t t\u1ed1t cho b\u1ec7nh nh\u00e2n ti\u1ec3u \u0111\u01b0\u1eddng.<\/p>\n<p><span id=\"2_Chong_lao_hoa_ung_thu_tieu_duong_khang_khuan\" class=\"ez-toc-section\"><strong>2.\u00a0Ch\u1ed1ng l\u00e3o ho\u00e1, ung th\u01b0, ti\u1ec3u \u0111\u01b0\u1eddng, kh\u00e1ng khu\u1ea9n<\/strong><\/span><\/p>\n<p>Ellagitannin trong ph\u00fac b\u1ed3n t\u1eed \u0111\u01b0\u1ee3c ch\u1ee9ng minh c\u00f3 t\u00e1c d\u1ee5ng ch\u1ed1ng l\u00e3o ho\u00e1 50% m\u1ea1nh h\u01a1n d\u00e2u t\u00e2y, g\u1ea5p ba l\u1ea7n tr\u00e1i kiwi, g\u1ea5p m\u01b0\u1eddi l\u1ea7n c\u00e0 chua. V\u1edbi t\u00e1c d\u1ee5ng hi\u1ec7p l\u1ef1c c\u1ee7a vitamin C v\u00e0 anthocyanin, kh\u1ea3 n\u0103ng ch\u1ed1ng \u00f4xy ho\u00e1 v\u00e0 ng\u0103n ng\u1eeba ung th\u01b0 c\u1ee7a ph\u00fac b\u1ed3n t\u1eed \u0111\u01b0\u1ee3c gia t\u0103ng g\u1ea5p \u0111\u00f4i, lo\u1ea1i tr\u1eeb \u0111\u01b0\u1ee3c c\u00e1c g\u1ed1c t\u1ef1 do l\u00e0m thay \u0111\u1ed5i c\u1ea5u tr\u00fac ADN c\u1ee7a t\u1ebf b\u00e0o. Vitamin C v\u00e0 flavonoid c\u00f2n g\u00f3p ph\u1ea7n kh\u00e1ng vi\u00eam v\u00e0 kh\u00e1ng khu\u1ea9n m\u1ea1nh, v\u00e0 t\u00e1c d\u1ee5ng n\u00e0y kh\u00f4ng b\u1ecb gi\u1ea3m \u0111i khi s\u1eed d\u1ee5ng ph\u00fac b\u1ed3n t\u1eed \u0111\u00e3 \u0111\u01b0\u1ee3c \u0111\u00f4ng l\u1ea1nh.<\/p>\n<p><span id=\"3_Bao_ve_thi_luc\" class=\"ez-toc-section\"><strong>3.\u00a0B\u1ea3o v\u1ec7 th\u1ecb l\u1ef1c<\/strong><\/span><\/p>\n<p>Theo c\u00e1c s\u1ed1 li\u1ec7u \u0111\u01b0\u1ee3c c\u00f4ng b\u1ed1 trong Archives of Ophthalmology th\u00ec 36% ng\u01b0\u1eddi l\u1edbn sau 50 tu\u1ed5i th\u01b0\u1eddng b\u1ecb ch\u1ee9ng tho\u00e1i ho\u00e1 \u0111i\u1ec3m v\u00e0ng m\u00e0 nguy\u00ean nh\u00e2n ch\u00ednh l\u00e0 \u0103n kh\u00f4ng \u0111\u1ee7 l\u01b0\u1ee3ng tr\u00e1i c\u00e2y c\u1ea7n thi\u1ebft m\u1ed7i ng\u00e0y. Nghi\u00ean c\u1ee9u \u0111\u00e1nh gi\u00e1 tr\u00ean 110.000 ph\u1ee5 n\u1eef v\u00e0 nam gi\u1edbi cho th\u1ea5y m\u1ed9t nh\u00f3m c\u1ea7n ph\u1ea3i \u0103n ba kh\u1ea9u ph\u1ea7n g\u1ed3m rau c\u1ee7 v\u00e0 tr\u00e1i c\u00e2y m\u1ed7i ng\u00e0y m\u1edbi \u0111\u1ee7 ch\u1ea5t b\u1ea3o v\u1ec7 th\u1ecb l\u1ef1c, v\u00e0 m\u1ed9t nh\u00f3m ch\u1ec9 c\u1ea7n \u0103n m\u1ed9t mu\u1ed7ng b\u1ed9t ph\u00fac b\u1ed3n t\u1eed th\u00ec \u0111\u00e3 \u0111\u1ea7y \u0111\u1ee7 c\u00e1c carotenoid, vitamin A, C, E v\u00e0 c\u00e1c kho\u00e1ng t\u1ed1 vi l\u01b0\u1ee3ng nh\u01b0 Cu, Zn, l\u00e0 nh\u1eefng th\u00e0nh ph\u1ea7n gi\u00fap lo\u1ea1i tr\u1eeb c\u00e1c g\u1ed1c t\u1ef1 do g\u00e2y h\u1ea1i cho v\u00f5ng m\u1ea1c.<\/p>\n<p><span id=\"4_Chong_roi_loan_cuong_duong_chua_liet_duong\" class=\"ez-toc-section\"><strong>4.\u00a0Ch\u1ed1ng r\u1ed1i lo\u1ea1n c\u01b0\u01a1ng d\u01b0\u01a1ng, ch\u1eefa li\u1ec7t d\u01b0\u01a1ng<\/strong><\/span><\/p>\n<p>C\u00e1c nh\u00e0 nghi\u00ean c\u1ee9u \u1edf M\u1ef9 ch\u1ee9ng minh r\u1eb1ng ph\u00fac b\u1ed3n t\u1eed gi\u00fap c\u1ea3i thi\u1ec7n vi tu\u1ea7n ho\u00e0n \u1edf d\u01b0\u01a1ng v\u1eadt, gi\u00fap th\u1ea7n kinh h\u01b0ng ph\u1ea5n l\u00e0m d\u01b0\u01a1ng v\u1eadt m\u1ec1m y\u1ebfu s\u1ebd c\u01b0\u01a1ng tr\u1edf l\u1ea1i. Y h\u1ecdc c\u1ed5 truy\u1ec1n c\u0169ng s\u1eed d\u1ee5ng th\u1ea3o d\u01b0\u1ee3c n\u00e0y \u0111\u1ec3 l\u00e0m thu\u1ed1c b\u1ed5 can minh m\u1ee5c, \u00edch th\u1eadn tr\u1ee3 d\u01b0\u01a1ng, b\u1ed5 huy\u1ebft, ch\u1eefa li\u1ec7t d\u01b0\u01a1ng di tinh, xu\u1ea5t tinh s\u1edbm, m\u1eaft m\u1edd, ph\u1ee5 n\u1eef kinh nguy\u1ec7t kh\u00f4ng \u0111\u1ec1u, th\u1eadn suy, ti\u1ec3u ti\u1ec7n nhi\u1ec1u.<\/p>\n<p><span id=\"5_Giup_dep_da_den_toc\" class=\"ez-toc-section\"><strong>5.\u00a0Gi\u00fap \u0111\u1eb9p da, \u0111en t\u00f3c<\/strong><\/span><\/p>\n<p>Vitamin E, carotenoid v\u00e0 c\u00e1c ch\u1ea5t flavonoid trong ph\u00fac b\u1ed3n t\u1eed c\u00f3 t\u00e1c d\u1ee5ng gi\u1ea3i d\u1ecb \u1ee9ng, ti\u00eau vi\u00eam, th\u1ea3i \u0111\u1ed9c, b\u1ea3o v\u1ec7 da ch\u1ed1ng l\u1ea1i c\u00e1c tia c\u1ef1c t\u00edm l\u00e0m gi\u1ea3m c\u00e1c v\u1ebft th\u00e2m n\u00e1m tr\u00ean da, gi\u00fap da \u0111\u00e0n h\u1ed3i, t\u0103ng c\u01b0\u1eddng tu\u1ea7n ho\u00e0n \u1edf c\u00e1c mao m\u1ea1ch ngo\u1ea1i vi, th\u00fac \u0111\u1ea9y s\u1ef1 t\u00e1i t\u1ea1o c\u00e1c t\u1ebf b\u00e0o collagen m\u1edbi gi\u00fap da s\u00e1ng \u0111\u1eb9p. C\u00e1c ho\u1ea1t ch\u1ea5t n\u00e0y c\u00f2n ng\u0103n c\u1ea3n s\u1ef1 r\u1ee5ng t\u00f3c, ch\u1eadm b\u1ea1c t\u00f3c.<\/p>\n<p><span id=\"6_Cai_thien_tuan_hoan_nao_chong_roi_loan_tien_man_kinh\" class=\"ez-toc-section\"><strong>6.\u00a0C\u1ea3i thi\u1ec7n tu\u1ea7n ho\u00e0n n\u00e3o, ch\u1ed1ng r\u1ed1i lo\u1ea1n ti\u1ec1n m\u00e3n kinh<\/strong><\/span><\/p>\n<p>Nghi\u00ean c\u1ee9u c\u1ee7a m\u1ed9t s\u1ed1 nh\u00e0 khoa h\u1ecdc M\u1ef9 c\u00f2n cho th\u1ea5y ch\u1ea5t ch\u1ed1ng \u00f4xy ho\u00e1 trong ph\u00fac b\u1ed3n t\u1eed c\u00f3 t\u00e1c d\u1ee5ng ph\u00f2ng ng\u1eeba c\u00e1c g\u1ed1c t\u1ef1 do g\u00e2y t\u1ed5n h\u1ea1i \u0111\u1ebfn n\u00e3o, \u0111\u1ed3ng th\u1eddi t\u0103ng l\u01b0u l\u01b0\u1ee3ng m\u00e1u v\u00e0 \u00f4xy \u0111\u1ebfn n\u00e3o, t\u1eeb \u0111\u00f3 n\u00e2ng cao kh\u1ea3 n\u0103ng ph\u00e1n \u0111o\u00e1n, t\u0103ng tr\u00ed nh\u1edb, s\u1ee9c s\u00e1ng t\u1ea1o. \u0110\u1ed1i v\u1edbi ph\u1ee5 n\u1eef trong giai \u0111o\u1ea1n m\u00e3n kinh ho\u1eb7c r\u1ed1i lo\u1ea1n ti\u1ec1n m\u00e3n kinh, n\u00f3 gi\u00fap gi\u1ea3m stress, gi\u1ea3m c\u00e1c c\u01a1n b\u1ed1c ho\u1ea3 v\u00e0 ch\u00ednh nh\u1eefng ch\u1ea5t sinh h\u1ecdc n\u00e0y \u0111\u00f3ng vai tr\u00f2 hormon thay th\u1ebf g\u00f3p ph\u1ea7n \u0111i\u1ec1u ho\u00e0 l\u01b0\u1ee3ng estrogen b\u1ecb thi\u1ebfu h\u1ee5t trong giai \u0111o\u1ea1n n\u00e0y.<\/p>\n<p><img loading=\"lazy\" decoding=\"async\" class=\"wp-image-13065 aligncenter\" src=\"https:\/\/havamall.com\/wp-content\/uploads\/2019\/12\/organic-raspberry-frozen-300x238.jpg\" alt=\"\" width=\"530\" height=\"420\" \/><\/p>\n<p>&nbsp;<\/p>\n<\/div>","protected":false},"excerpt":{"rendered":"<p><strong>Ph\u00fac b\u1ed3n t\u1eed<\/strong>\u00a0hay c\u00f2n g\u1ecdi l\u00e0 Qu\u1ea3 m\u00e2m x\u00f4i l\u00e0 m\u1ed9t lo\u1ea1i c\u00e2y thu\u1ed9c h\u1ecd d\u00e2u, qu\u1ea3 c\u00f3 m\u00e0u \u0111\u1ecf s\u1eabm, c\u00f3 v\u1ecb ng\u1ecdt nh\u1ea1t v\u00e0 h\u01a1i chua. Trong qu\u1ea3 c\u00f3 ch\u1ee9a c\u00e1c acid h\u1eefu c\u01a1, ch\u1ee7 y\u1ebfu l\u00e0 acid citric, malic, salycilic v\u00e0 nhi\u1ec1u h\u1ee3p ch\u1ea5t, vitamin b\u1ed5 d\u01b0\u1ee1ng kh\u00e1c.<\/p>","protected":false},"featured_media":13067,"comment_status":"open","ping_status":"closed","template":"","meta":[],"product_brand":[],"product_cat":[36,275],"product_tag":[],"class_list":{"0":"post-13063","1":"product","2":"type-product","3":"status-publish","4":"has-post-thumbnail","6":"product_cat-thuc-pham-tieu-dung","7":"product_cat-thuc-pham-dong-lanh","8":"pa_brand-tmt","10":"first","11":"outofstock","12":"sale","13":"shipping-taxable","14":"purchasable","15":"product-type-variable","16":"has-default-attributes"},"_links":{"self":[{"href":"https:\/\/havamall.com\/en\/wp-json\/wp\/v2\/product\/13063","targetHints":{"allow":["GET"]}}],"collection":[{"href":"https:\/\/havamall.com\/en\/wp-json\/wp\/v2\/product"}],"about":[{"href":"https:\/\/havamall.com\/en\/wp-json\/wp\/v2\/types\/product"}],"replies":[{"embeddable":true,"href":"https:\/\/havamall.com\/en\/wp-json\/wp\/v2\/comments?post=13063"}],"version-history":[{"count":0,"href":"https:\/\/havamall.com\/en\/wp-json\/wp\/v2\/product\/13063\/revisions"}],"wp:featuredmedia":[{"embeddable":true,"href":"https:\/\/havamall.com\/en\/wp-json\/wp\/v2\/media\/13067"}],"wp:attachment":[{"href":"https:\/\/havamall.com\/en\/wp-json\/wp\/v2\/media?parent=13063"}],"wp:term":[{"taxonomy":"product_brand","embeddable":true,"href":"https:\/\/havamall.com\/en\/wp-json\/wp\/v2\/product_brand?post=13063"},{"taxonomy":"product_cat","embeddable":true,"href":"https:\/\/havamall.com\/en\/wp-json\/wp\/v2\/product_cat?post=13063"},{"taxonomy":"product_tag","embeddable":true,"href":"https:\/\/havamall.com\/en\/wp-json\/wp\/v2\/product_tag?post=13063"}],"curies":[{"name":"wp","href":"https:\/\/api.w.org\/{rel}","templated":true}]}}