{"id":13141,"date":"2019-12-16T13:55:42","date_gmt":"2019-12-16T06:55:42","guid":{"rendered":"https:\/\/havamall.com\/?post_type=product&#038;p=13141"},"modified":"2021-12-31T15:11:45","modified_gmt":"2021-12-31T08:11:45","slug":"set-qua-tet-an-nhien-hop-7-san-pham","status":"publish","type":"product","link":"https:\/\/havamall.com\/en\/shop\/set-qua-tet-an-nhien-hop-7-san-pham\/","title":{"rendered":"Set Qu\u00e0 T\u1ebft &#8220;An Nhi\u00ean&#8221; &#8211; H\u1ed9p 7 S\u1ea3n Ph\u1ea9m"},"content":{"rendered":"<p><strong>Set AN NHI\u00caN<\/strong>: H\u1ed9p qu\u00e0 t\u1eb7ng c\u1ee9ng c\u00e1p, ch\u1eafc ch\u1eafn v\u00e0 \u0111\u01b0\u1ee3c \u00e9p nh\u0169 sang tr\u1ecdng, trang nh\u00e3 v\u00e0 tinh t\u1ebf. B\u00ean tr\u00ean n\u1eafp h\u1ed9p \u0111\u01b0\u1ee3c v\u1ebd nh\u1eefng h\u1ecda ti\u1ebft m\u00f9a xu\u00e2n t\u01b0\u01a1i m\u1edbi v\u00e0 \u0111\u1eb9p m\u1eaft<\/p>\n<h4><strong>\u00a0Nh\u1eefng \u0111i\u1ec3m \u0111\u1ed9c \u0111\u00e1o c\u1ee7a s\u1ea3n ph\u1ea9m qu\u00e0 T\u1ebft shop HAVAMALL:<\/strong><\/h4>\n<p>&#8211; To\u00e0n b\u1ed9 h\u00e0ng h\u00f3a \u0111\u1ec1u l\u00e0 h\u00e0ng nh\u1eadp kh\u1ea9u nguy\u00ean \u0111ai nguy\u00ean ki\u1ec7n khi\u1ebfn ng\u01b0\u1eddi nh\u1eadn c\u1ea3m th\u1ea5y v\u00f4 c\u00f9ng \u1ea5n t\u01b0\u1ee3ng. H\u1ed9p qu\u00e0 c\u00f3 m\u00e0u s\u1eafc, ki\u1ec3u d\u00e1ng r\u1ea5t nh\u00e3 nh\u1eb7n, \u0111a d\u1ea1ng v\u00e0 \u0111\u1ed9c \u0111\u00e1o.<br \/>\n&#8211; N\u00f3i kh\u00f4ng v\u1edbi h\u00e0ng gi\u1ea3, h\u00e0ng k\u00e9m ch\u1ea5t l\u01b0\u1ee3ng. T\u1ea5t c\u1ea3 \u0111\u1ec1u \u0111\u01b0\u1ee3c ki\u1ec3m \u0111\u1ecbnh ch\u1eb7t ch\u1ebd, 100% s\u1ea3n ph\u1ea9m ch\u00ednh han<\/p>\n<p>&#8211; V\u00f4 c\u00f9ng ti\u1ec7n l\u1ee3i khi b\u1ea1n c\u00f3 th\u1ec3 ho\u00e0n to\u00e0n y\u00ean t\u00e2m d\u00f9 \u0111\u00f3ng g\u00f3i s\u1eb5n nh\u01b0ng c\u00e1c s\u1ea3n ph\u1ea9m trong gi\u1ecf qu\u00e0 v\u1eabn \u0111\u1ea1t ch\u1ea5t l\u01b0\u1ee3ng cao, \u0111\u1ea3m b\u1ea3o t\u00ednh \u0111\u1eb3ng c\u1ea5p, sang tr\u1ecdng.<\/p>\n<h4><strong>Nh\u1eefng s\u1ea3n ph\u1ea9m b\u00ean trong h\u1ed9p:<\/strong><\/h4>\n<h3 class=\"product_title entry-title\"><strong>\u25aa\ufe0f H\u1ea1t Quinoa 200gr<\/strong><\/h3>\n<p><span class=\"text_exposed_show\">H\u1ea1t Di\u00eam M\u1ea1ch \u0111\u01b0\u1ee3c m\u1ec7nh danh l\u00e0 superfood, c\u00f3 c\u00f9ng h\u1ecd v\u1edbi rau bina v\u00e0 c\u1ee7 c\u1ea3i \u0111\u01b0\u1eddng, c\u00f3 t\u00ean g\u1ecdi kh\u00e1c l\u00e0 h\u1ea1t Quinoa, l\u00e0 m\u1ed9t lo\u1ea1i h\u1ea1t c\u00f3 gi\u00e1 tr\u1ecb dinh d\u01b0\u1ee1ng r\u1ea5t cao.\u00a0H\u1ea1t di\u00eam m\u1ea1ch (quinoa) c\u00f3 th\u00e0nh ph\u1ea7n gi\u1ed1ng nh\u01b0 l\u00faa m\u00ec, ng\u0169 c\u1ed1c v\u00e0 m\u1ed9t \u0111i\u1ec1u \u0111\u1eb7c bi\u1ec7t l\u00e0 trong t\u1ea5t c\u1ea3 c\u00e1c lo\u1ea1i th\u1ef1c v\u1eadt th\u00ec duy nh\u1ea5t ch\u1ec9 c\u00f3 h\u1ea1t di\u00eam m\u1ea1ch (quinoa) l\u00e0 c\u00f3 c\u00e1c acid amin thi\u1ebft y\u1ebfu (c\u01a1 th\u1ec3 kh\u00f4ng t\u1ef1 t\u1ed5ng h\u1ee3p \u0111\u01b0\u1ee3c), t\u01b0\u01a1ng \u0111\u01b0\u01a1ng v\u1edbi c\u00e1c acid amin c\u00f3 trong s\u1eefa. N\u00ean v\u1ec1 m\u1eb7t gi\u00e1 tr\u1ecb dinh d\u01b0\u1ee1ng, h\u1ea1t di\u00eam m\u1ea1ch quinoa \u0111\u01b0\u1ee3c xem l\u00e0 \u201csi\u00eau th\u1ef1c ph\u1ea9m\u201d trong t\u01b0\u01a1ng lai<\/span><\/p>\n<ul>\n<li>Th\u1ef1c ph\u1ea9m \u0103n chay, \u0103n d\u1eb7m<\/li>\n<\/ul>\n<ul>\n<li>H\u1ed7 tr\u1ee3 tr\u1ecb ti\u1ec3u \u0111\u01b0\u1eddng<\/li>\n<\/ul>\n<ul>\n<li>H\u1ed7 tr\u1ee3 ph\u00f2ng ch\u1ed1ng ung th\u01b0<\/li>\n<\/ul>\n<ul>\n<li>Th\u1ef1c ph\u1ea9m dinh d\u01b0\u1ee1ng cho ph\u1ee5 n\u1eef mang thai v\u00e0 tr\u1ebb nh\u1ecf<\/li>\n<\/ul>\n<ul>\n<li>T\u0103ng s\u1ee9c \u0111\u1ec1 kh\u00e1ng<\/li>\n<\/ul>\n<ul>\n<li>T\u1ed1t cho c\u01a1, x\u01b0\u01a1ng<\/li>\n<\/ul>\n<ul>\n<li>H\u1ed7 tr\u1ee3 gi\u1ea3m c\u00e2n<\/li>\n<\/ul>\n<p><img fetchpriority=\"high\" decoding=\"async\" class=\"wp-image-13143 aligncenter\" src=\"https:\/\/havamall.com\/wp-content\/uploads\/2019\/12\/Red-Quinoa_-Nutrition-Benefits-and-How-to-Cook-It-300x157.jpg\" alt=\"\" width=\"491\" height=\"257\" \/><\/p>\n<h3 class=\"product_title entry-title\"><strong>\u25aa\ufe0f<span class=\"text_exposed_show\"> H\u1ea1t Lanh 200gr<\/span><\/strong><\/h3>\n<ul>\n<li>H\u1ea1t lanh r\u1ea5t gi\u00e0u Ligan, x\u01a1, omega3, vitamin v\u00e0 kho\u00e1ng ch\u1ea5t nh\u01b0 vitamin B1, \u0111\u1ed3ng, molybdenum, magie, ph\u1ed1t pho, gi\u00fap nhu\u1eadn tr\u00e0ng<\/li>\n<li>Ng\u0103n ng\u1eeba s\u1ef1 t\u0103ng tr\u01b0\u1edfng c\u1ee7a c\u00e1c t\u1ebf b\u00e0o ung th\u01b0 b\u1edfi v\u00ec acid b\u00e9o omega \u2013 3 c\u00f3 t\u00e1c d\u1ee5ng ph\u00e1 v\u1ee1 c\u00e1c t\u1ebf b\u00e0o \u00e1c t\u00ednh b\u00e1m v\u00e0o c\u00e1c t\u1ebf b\u00e0o kh\u00e1c c\u1ee7a c\u01a1 th\u1ec3.<\/li>\n<li>Lignan trong h\u1ea1t lanh c\u00f3 \u0111\u1eb7c t\u00ednh ch\u1ed1ng t\u1ea1o m\u1ea1ch \u2013 ng\u0103n ch\u1eb7n c\u00e1c kh\u1ed1i u t\u1eeb vi\u1ec7c h\u00ecnh th\u00e0nh c\u00e1c m\u1ea1ch m\u00e1u m\u1edbi.<\/li>\n<li>Ngo\u00e0i ra, h\u1ea1t lanh c\u00f3 nhi\u1ec1u gi\u00e1 tr\u1ecb trong cu\u1ed9c chi\u1ebfn ch\u1ed1ng l\u1ea1i c\u00e1c b\u1ec7nh ung th\u01b0 nh\u01b0 ung th\u01b0 v\u00fa, ung th\u01b0 tuy\u1ebfn ti\u1ec1n li\u1ec7t, ung th\u01b0 ru\u1ed9t k\u1ebft v\u00e0 ung th\u01b0 da.<\/li>\n<\/ul>\n<p><img decoding=\"async\" class=\"wp-image-13144 aligncenter\" src=\"https:\/\/havamall.com\/wp-content\/uploads\/2019\/12\/7b124c553797627cacc3f4d6dbb1efcc-300x300.jpg\" alt=\"\" width=\"498\" height=\"498\" \/><\/p>\n<h3 class=\"product_title entry-title\"><strong>\u25aa\ufe0f\u00a0<span class=\"text_exposed_show\">\u0110\u1eadu H\u00e0 Lan xanh 200gr<\/span><\/strong><\/h3>\n<p>\u0110\u1eadu h\u00e0 lan c\u00f3 ch\u1ee9a nhi\u1ec1u ch\u1ea5t dinh d\u01b0\u1ee1ng, vitamin, kho\u00e1ng ch\u1ea5t v\u00e0 c\u00e1c ch\u1ea5t ch\u1ed1ng oxy h\u00f3a h\u01a1n h\u1eb3n\u00a0c\u00e1c lo\u1ea1i h\u1ea1t kh\u00f4\u00a0kh\u00e1c\u00a0n\u00ean \u0111\u01b0\u1ee3c m\u1ec7nh danh l\u00e0 \u201cvi\u00ean kim c\u01b0\u01a1ng xanh\u201d. \u0110\u1eadu h\u00e0 lan c\u00f3 nhi\u1ec1u t\u00e1c d\u1ee5ng nh\u01b0 t\u0103ng c\u01b0\u1eddng h\u1ec7 mi\u1ec5n d\u1ecbch, t\u1ed1t cho h\u1ec7 ti\u00eau h\u00f3a, tim m\u1ea1ch, ng\u0103n ng\u1eeba ung th\u01b0, ch\u1ee9ng suy nh\u01b0\u1ee3c, ch\u00e1n \u0103n v\u00e0 t\u0103ng c\u01b0\u1eddng tr\u00ed nh\u1edb.<\/p>\n<p>\u0110\u1eadu kh\u00f4 1kg khi ng\u00e2m 8-12h ti\u1ebfng s\u1ebd l\u00e0 \u0111\u1eadu 2,2kg t\u01b0\u01a1i s\u1ed1ng. \u0110\u1eb7c bi\u1ec7t, h\u00e0m l\u01b0\u1ee3ng dinh d\u01b0\u1ee1ng c\u1ee7a \u0111\u1eadu h\u00e0 lan l\u00ean m\u1ea7m cao g\u1ea5p 5 l\u1ea7n so v\u1edbi \u0111\u1eadu h\u00e0 lan t\u01b0\u01a1i.<\/p>\n<p><img decoding=\"async\" class=\"wp-image-13145 aligncenter\" src=\"https:\/\/havamall.com\/wp-content\/uploads\/2019\/12\/7206992-fresh-green-peas-and-dried-peas-isolated-on-white-studio-shot-300x231.jpg\" alt=\"\" width=\"496\" height=\"382\" \/><\/p>\n<h3 class=\"product_title entry-title\"><strong>\u25aa\ufe0f<span class=\"text_exposed_show\"> Mu\u1ed1i Himalaya 200gr<\/span><\/strong><\/h3>\n<p><span class=\"text_exposed_show\">Mu\u1ed1i h\u1ed3ng Himalaya \u0111\u01b0\u1ee3c chi\u1ebft xu\u1ea5t t\u1eeb m\u1ecf mu\u1ed1i Khewra, n\u1eb1m g\u1ea7n d\u00e3y Himalaya \u1edf Pakistan. Mu\u1ed1i h\u1ed3ng Himalaya \u0111\u01b0\u1ee3c thu ho\u1ea1ch t\u1eeb m\u1ecf n\u00e0y \u0111\u01b0\u1ee3c cho l\u00e0 \u0111\u00e3 \u0111\u01b0\u1ee3c h\u00ecnh th\u00e0nh t\u1eeb h\u00e0ng tri\u1ec7u n\u0103m tr\u01b0\u1edbc t\u1eeb s\u1ef1 b\u1ed1c h\u01a1i c\u1ee7a c\u00e1c ngu\u1ed3n n\u01b0\u1edbc c\u1ed5 x\u01b0a. \u0110\u1eb7c bi\u1ec7t mu\u1ed1i ho\u00e0n to\u00e0n l\u00e0 100% t\u1ef1 nhi\u00ean v\u00e0 kh\u00f4ng h\u00f3a ch\u1ea5t, ph\u1ea9m nhu\u1ed9m.<\/span><\/p>\n<p>C\u1ea3 mu\u1ed1i \u0103n th\u00f4ng th\u01b0\u1eddng v\u00e0 mu\u1ed1i h\u1ed3ng Himalaya \u0111\u1ec1u ch\u1ee9a ch\u1ee7 y\u1ebfu l\u00e0 natri clorua, nh\u01b0ng mu\u1ed1i h\u1ed3ng Himalaya c\u00f3 t\u1edbi 84 kho\u00e1ng ch\u1ea5t v\u00e0 nguy\u00ean t\u1ed1 vi l\u01b0\u1ee3ng kh\u00e1c. Ngo\u00e0i ra, mu\u1ed1i Himalaya c\u00f2n m\u1ed9t s\u1ed1 l\u1ee3i \u00edch kh\u00e1c nh\u01b0:<\/p>\n<p>\u2705 H\u1ed7 tr\u1ee3 ch\u1ee9c n\u0103ng n\u00e3o, c\u1ea3i thi\u1ec7n r\u00f5 r\u1ec7t tinh th\u1ea7n th\u01b0 gi\u00e3n.<\/p>\n<p>\u2705 Ch\u1ed1ng l\u00e3o h\u00f3a; Th\u1ea3i \u0111\u1ed9c, \u0111\u00e0o th\u1ea3i c\u00e1c \u0111\u1ed9c t\u1ed1 g\u00e2y oxy ho\u00e1 c\u01a1 th\u1ec3. Gi\u1ea3i \u0111\u1ed9c b\u1edfi c\u00e1c kim lo\u1ea1i n\u1eb7ng.<\/p>\n<p>\u2705 Tr\u1ecb c\u0103ng c\u01a1, chu\u1ed9t r\u00fat. Gi\u1ea3m t\u00e1o b\u00f3n, r\u1ed1i lo\u1ea1n ti\u00eau h\u00f3a.<\/p>\n<p>\u2705 Gi\u1ea3i \u0111\u1ed9c m\u00e1u. T\u0103ng c\u01b0\u1eddng l\u01b0u th\u00f4ng m\u00e1u.<\/p>\n<p>\u2705 \u0110i\u1ec1u ch\u1ec9nh l\u01b0\u1ee3ng n\u01b0\u1edbc b\u00ean trong v\u00e0 b\u00ean ngo\u00e0i t\u1ebf b\u00e0o.<\/p>\n<p>\u2705 T\u0103ng ham mu\u1ed1n t\u00ecnh d\u1ee5c.<\/p>\n<p>\u2705 B\u1ed5 sung kho\u00e1ng ch\u1ea5t c\u1ea7n thi\u1ebft, b\u1ed5 sung d\u01b0\u1ee1ng ch\u1ea5t \u0111i\u1ec7n gi\u1ea3i quan tr\u1ecdng cho c\u01a1 th\u1ec3.<\/p>\n<p>\u2705 H\u1ed7 tr\u1ee3 c\u01a1 th\u1ec3 h\u1ea5p thu c\u00e1c ch\u1ea5t dinh d\u01b0\u1ee1ng khi d\u00f9ng trong n\u1ea5u \u0103n. Mu\u1ed1i Himalaya r\u1ea5t gi\u00e0u i-\u1ed1t.<\/p>\n<p><img loading=\"lazy\" decoding=\"async\" class=\"wp-image-13146 aligncenter\" src=\"https:\/\/havamall.com\/wp-content\/uploads\/2019\/12\/4-cach-tay-te-bao-chet-an-toan-cho-da-tai-nha-1-600x401-300x201.jpg\" alt=\"\" width=\"479\" height=\"321\" \/><\/p>\n<h3 class=\"product_title entry-title\"><strong>\u25aa\ufe0f\u00a0<span class=\"text_exposed_show\">\u0110\u1eadu L\u0103ng \u0111\u1ecf 200gr:<\/span><\/strong><\/h3>\n<p>\u0110\u1eadu l\u0103ng c\u00f3 h\u00ecnh tr\u00e1i tim , d\u1eb9t v\u00e0 k\u00edch th\u01b0\u1edbc kh\u00e1 nh\u1ecf . C\u00f3 l\u1ebd h\u00ecnh d\u00e1ng \u0111\u1eb7c bi\u1ec7t c\u1ee7a lo\u1ea1i \u0111\u1eadu n\u00e0y (h\u00ecnh tr\u00e1i tim) c\u0169ng ng\u1ee5 y n\u00f3i l\u00ean c\u00f4ng d\u1ee5ng c\u1ee7a n\u00f3 \u0111\u1ed1i v\u1edbi qu\u1ea3 tim c\u1ee7a ch\u00fang ta. Nhi\u1ec1u nghi\u00ean c\u1ee9u \u0111\u00e3 ch\u1ee9ng minh \u0110\u1eadu l\u0103ng \u0111\u01b0\u1ee3c xem l\u00e0 th\u1ef1c ph\u1ea9m \u201ch\u00e0ng \u0111\u1ea7u\u201d cho qu\u1ea3 tim c\u1ee7a b\u1ea1n.<\/p>\n<p><span class=\"text_exposed_show\">Cung c\u1ea5p \u0111\u1ea1m , ch\u1ea5t x\u01a1 axit folic, c\u00e1c vitamin nh\u00f3m B v\u00e0 7 lo\u1ea1i kho\u00e1ng ch\u1ea5t quan tr\u1ecdng: \u0111\u1ed3ng, k\u1ebdm, magi\u00ea ,kali, s\u1eaft v\u00e0 m\u0103ng gan. Ph\u00f9 h\u1ee3p v\u1edbi ng\u01b0\u1eddi t\u1eadp th\u1ec3 thao, ng\u01b0\u1eddi \u0103n ki\u00eang, \u0103n th\u1ef1c d\u01b0\u1ee1ng c\u1ea7n nhi\u1ec1u \u0111\u1ea1m v\u00e0 kho\u00e1ng ch\u1ea5t t\u1eeb th\u1ef1c v\u1eadt. \u0110\u1eadu l\u0103ng c\u00f2n gi\u00fap gi\u1ea3m cholesterol trong m\u00e1u, ng\u1eeba ung th\u01b0, gi\u00fap h\u1ed7 tr\u1ee3 h\u1ea1 \u0111\u01b0\u1eddng huy\u1ebft,\u2026<\/span><\/p>\n<h4><span class=\"text_exposed_show\"><img loading=\"lazy\" decoding=\"async\" class=\"wp-image-13147 aligncenter\" src=\"https:\/\/havamall.com\/wp-content\/uploads\/2019\/12\/\u0111o\u0309-1-600x450-300x225.jpg\" alt=\"\" width=\"491\" height=\"368\" \/><br \/>\n<\/span><\/h4>\n<h3 class=\"product_title entry-title\"><strong>\u25aa\ufe0f\u00a0\u0110\u1eadu G\u00e0 200gr:<\/strong><\/h3>\n<div class=\"thrv_wrapper thrv_text_element\">\n<p>\u0110\u1eadu g\u00e0 l\u00e0 m\u1ed9t lo\u1ea1i \u0111\u1eadu nhi\u1ec1u dinh d\u01b0\u1ee1ng, th\u00edch h\u1ee3p cho ng\u01b0\u1eddi \u0103n chay, \u0103n th\u1ef1c d\u01b0\u1ee1ng, \u0103n d\u01b0\u1ee1ng sinh, \u0103n ki\u00eang, t\u1ed1t cho ng\u01b0\u1eddi ti\u1ec3u \u0111\u01b0\u1eddng, ng\u0103n ng\u1eeba ung th\u01b0, gi\u00e0u ch\u1ea5t s\u01a1, c\u0169ng nh\u01b0 h\u1ed7 tr\u1ee3 cho tim m\u1ea1ch,.. S\u1eed d\u1ee5ng \u0111\u1eadu g\u00e0 c\u00f9ng ch\u1ebf \u0111\u1ed9 \u0103n u\u1ed1ng h\u1ee3p l\u00fd s\u1ebd gi\u00fap t\u0103ng c\u01b0\u1eddng s\u1ee9c kh\u1ecfe, ng\u0103n ng\u1eeba m\u1ed9t s\u1ed1 b\u1ec7nh, \u0111i\u1ec1u n\u00e0y \u0111\u00e3 \u0111\u01b0\u1ee3c c\u00e1c chuy\u00ean gia ch\u1ee9ng minh.<\/p>\n<p>&#8211; Gi\u00e0u Dinh D\u01b0\u1ee1ng<\/p>\n<p>&#8211; Ng\u0103n ng\u1eeba b\u1ec7nh Ti\u1ec3u \u0110\u01b0\u1eddng<\/p>\n<p>&#8211; T\u0103ng S\u1ee9c Kh\u1ecfe c\u1ee7a X\u01b0\u01a1ng<\/p>\n<p>&#8211; Gi\u1ea3m s\u1ef1 Th\u00e8m \u0102n<\/p>\n<p>&#8211; \u0110\u1eadu g\u00e0 Gi\u00e0u Protein Th\u1ef1c v\u1eadt<\/p>\n<p>&#8211; Gi\u00fap Ki\u1ec3m so\u00e1t C\u00e2n n\u1eb7ng<\/p>\n<p>&#8211; Ung Th\u01b0<\/p>\n<p><img loading=\"lazy\" decoding=\"async\" class=\"wp-image-13148 aligncenter\" src=\"https:\/\/havamall.com\/wp-content\/uploads\/2019\/12\/lifespa-image-garbanzo-beans-chickpeas-in-white-bowl-rosemary-200x300.jpg\" alt=\"\" width=\"501\" height=\"752\" \/><\/p>\n<h3 class=\"product_title entry-title\"><strong>\u25aa\ufe0f Tr\u00e0 Tess 36g<\/strong><\/h3>\n<\/div>\n<p>Tr\u00e0 TESS c\u00f3 m\u1eb7t tr\u00ean th\u1ecb tr\u01b0\u1eddng t\u1eeb n\u0103m 2007. H\u00e3ng s\u1ea3n xu\u1ea5t c\u00e1c lo\u1ea1i tr\u00e0 ch\u00ednh l\u00e0 tr\u00e0 \u0111en, tr\u00e0 xanh, tr\u00e0 th\u1ea3o m\u1ed9c v\u00e0 tr\u00e0 hoa qu\u1ea3 . S\u1ea3n ph\u1ea9m thu\u1ed9c s\u1edf h\u1eefu c\u1ee7a c\u00f4ng ty ORIMI TRADE . \u0110\u00e2y l\u00e0 th\u01b0\u01a1ng hi\u1ec7u b\u1ed5 xung sau khi th\u01b0\u01a1ng hi\u1ec7u Greenfield \u0111\u00e3 \u0111\u01b0\u1ee3c ORIMI TRADE ra m\u1eaft . M\u1ed7i n\u0103m c\u00f4ng ty \u0111\u1ec1u c\u1ed1 g\u1eafng t\u1ea1o ra h\u01b0\u01a1ng v\u1ecb ho\u1eb7c h\u01b0\u01a1ng th\u01a1m m\u1edbi v\u00e0 \u0111\u01b0\u1ee3c c\u00f4ng ch\u00fang \u0111\u00f3n nh\u1eadn r\u1ea5t n\u1ed3ng nhi\u1ec7t. \u0110\u1eb7c bi\u1ec7t l\u00e0 gi\u1edbi tr\u1ebb, nh\u1eefng ng\u01b0\u1eddi lu\u00f4n mu\u1ed1n t\u00ecm hi\u1ec3u v\u00e0 kh\u00e1m ph\u00e1 nh\u1eefng \u0111i\u1ec1u m\u1edbi m\u1ebb.<\/p>\n<p><img loading=\"lazy\" decoding=\"async\" class=\"wp-image-24199 aligncenter\" src=\"https:\/\/havamall.com\/wp-content\/uploads\/2021\/12\/c90962cd-45-300x186.png\" alt=\"\" width=\"507\" height=\"314\" \/><\/p>","protected":false},"excerpt":{"rendered":"<p>&#8211; H\u1ed9p qu\u00e0 t\u1eb7ng c\u1ee9ng c\u00e1p, ch\u1eafc ch\u1eafn v\u00e0 \u0111\u01b0\u1ee3c \u00e9p nh\u0169 sang tr\u1ecdng, trang nh\u00e3 v\u00e0 tinh t\u1ebf. B\u00ean tr\u00ean n\u1eafp h\u1ed9p \u0111\u01b0\u1ee3c v\u1ebd nh\u1eefng h\u1ecda ti\u1ebft m\u00f9a xu\u00e2n t\u01b0\u01a1i m\u1edbi v\u00e0 \u0111\u1eb9p m\u1eaft.<\/p>\n<p>&#8211; H\u1ed9p g\u1ed3m 7 lo\u1ea1i s\u1ea3n ph\u1ea9m:<\/p>\n<ul>\n<li>H\u1ea1t Quinoa 200gr<\/li>\n<li><span class=\"text_exposed_show\">H\u1ea1t Lanh 200gr<\/span><\/li>\n<li><span class=\"text_exposed_show\">\u0110\u1eadu H\u00e0 Lan xanh 200gr<\/span><\/li>\n<li><span class=\"text_exposed_show\">Mu\u1ed1i Himalaya 200gr<\/span><\/li>\n<li><span class=\"text_exposed_show\">\u0110\u1eadu L\u0103ng \u0111\u1ecf 200gr<\/span><\/li>\n<li><span class=\"text_exposed_show\">\u0110\u1eadu G\u00e0 200gr<\/span><\/li>\n<li><span class=\"text_exposed_show\">Tr\u00e0 Tess 36g<\/span><\/li>\n<\/ul>","protected":false},"featured_media":24698,"comment_status":"open","ping_status":"closed","template":"","meta":[],"product_brand":[],"product_cat":[409,40,36,143,134],"product_tag":[],"class_list":{"0":"post-13141","1":"product","2":"type-product","3":"status-publish","4":"has-post-thumbnail","6":"product_cat-hop-qua-set-qua","7":"product_cat-sieuthi-giasi","8":"product_cat-thuc-pham-tieu-dung","9":"product_cat-thuc-pham-dong-hop","10":"product_cat-thucpham-saykho","12":"first","13":"instock","14":"sale","15":"shipping-taxable","16":"purchasable","17":"product-type-simple"},"_links":{"self":[{"href":"https:\/\/havamall.com\/en\/wp-json\/wp\/v2\/product\/13141","targetHints":{"allow":["GET"]}}],"collection":[{"href":"https:\/\/havamall.com\/en\/wp-json\/wp\/v2\/product"}],"about":[{"href":"https:\/\/havamall.com\/en\/wp-json\/wp\/v2\/types\/product"}],"replies":[{"embeddable":true,"href":"https:\/\/havamall.com\/en\/wp-json\/wp\/v2\/comments?post=13141"}],"version-history":[{"count":0,"href":"https:\/\/havamall.com\/en\/wp-json\/wp\/v2\/product\/13141\/revisions"}],"wp:featuredmedia":[{"embeddable":true,"href":"https:\/\/havamall.com\/en\/wp-json\/wp\/v2\/media\/24698"}],"wp:attachment":[{"href":"https:\/\/havamall.com\/en\/wp-json\/wp\/v2\/media?parent=13141"}],"wp:term":[{"taxonomy":"product_brand","embeddable":true,"href":"https:\/\/havamall.com\/en\/wp-json\/wp\/v2\/product_brand?post=13141"},{"taxonomy":"product_cat","embeddable":true,"href":"https:\/\/havamall.com\/en\/wp-json\/wp\/v2\/product_cat?post=13141"},{"taxonomy":"product_tag","embeddable":true,"href":"https:\/\/havamall.com\/en\/wp-json\/wp\/v2\/product_tag?post=13141"}],"curies":[{"name":"wp","href":"https:\/\/api.w.org\/{rel}","templated":true}]}}