{"id":13685,"date":"2020-03-20T14:44:59","date_gmt":"2020-03-20T07:44:59","guid":{"rendered":"https:\/\/havamall.com\/?post_type=product&#038;p=13685"},"modified":"2021-06-24T15:34:45","modified_gmt":"2021-06-24T08:34:45","slug":"nuoc-cot-chanh-day-hany-dalat-500ml-passion-fruit-juice-hany-dalat-500ml","status":"publish","type":"product","link":"https:\/\/havamall.com\/en\/shop\/nuoc-cot-chanh-day-hany-dalat-500ml-passion-fruit-juice-hany-dalat-500ml\/","title":{"rendered":"N\u01b0\u1edbc C\u1ed1t Chanh D\u00e2y Hany Dalat 500ml &#8211; Passion Fruit Juice Hany Dalat 500ml"},"content":{"rendered":"<p>M\u00f9a h\u00e8, th\u1eddi ti\u1ebft n\u00f3ng b\u1ee9c m\u00e0 \u0111\u01b0\u1ee3c th\u01b0\u1edfng th\u1ee9c m\u1ed9t c\u1ed1c n\u01b0\u1edbc tr\u00e1i c\u00e2y th\u00ec th\u1eadt tuy\u1ec7t. N\u01b0\u1edbc c\u1ed1t tr\u00e1i c\u00e2y kh\u00f4ng nh\u1eefng mang \u0111\u1ebfn c\u1ea3m gi\u00e1c m\u00e1t m\u1ebb, s\u1ea3ng kho\u00e1i cho nh\u1eefng ng\u00e0y h\u00e8 m\u00e0 c\u00f2n c\u00f3\u00a0nhi\u1ec1u t\u00e1c d\u1ee5ng ch\u1eefa b\u1ec7nh. C\u00f3 th\u1ec3 \u0111i\u1ec3m qua nh\u1eefng c\u00f4ng d\u1ee5ng c\u1ee7a n\u01b0\u1edbc c\u1ed1t tr\u00e1i c\u00e2y:<\/p>\n<p>-B\u1ed5 th\u1eadn, d\u01b0\u1ee1ng huy\u1ebft, khu phong.<\/p>\n<p>-S\u00e1ng m\u1eaft, t\u0103ng l\u1ef1c, ch\u1eefa t\u00e1o b\u00f3n kinh ni\u00ean.<\/p>\n<p>Gi\u1ea3i \u0111\u01b0\u1ee3c \u0111\u1ed9c c\u1ee7a r\u01b0\u1ee3u, l\u1ee3i cho kh\u00ed v\u00e0 th\u00f9y trong c\u01a1 th\u1ec3.<\/p>\n<p>-Ng\u01b0\u1eddi hay \u0111\u1ed5 nhi\u1ec1u m\u1ed3 h\u00f4i, tr\u1ebb con m\u1ed3 h\u00f4i tr\u1ed9m.<\/p>\n<p>-Ch\u1eefa v\u00e1ng \u0111\u1ea7u, m\u1ea5t ng\u1ee7, \u00f9 tai, ti\u00eau kh\u00e1t, b\u1ec7nh tr\u00e0ng nh\u1ea1c, vi\u00eam kh\u1edbp d\u1ea1ng th\u1ea5p\u2026<\/p>\n<p>-Ph\u1ee5 n\u1eef b\u1ebf kinh<\/p>\n<p><img fetchpriority=\"high\" decoding=\"async\" class=\"wp-image-13693 aligncenter\" src=\"https:\/\/havamall.com\/wp-content\/uploads\/2020\/03\/5d7921fe7240a579298350-300x200.jpg\" alt=\"\" width=\"847\" height=\"564\" \/><\/p>\n<p>Theo c\u00e1c t\u00e0i li\u1ec7u Y h\u1ecdc C\u1ed5 truy\u1ec1n D\u00e2u t\u1eb1m l\u00e0 lo\u1ea1i qu\u1ea3 r\u1ea5t gi\u00e0u ch\u1ea5t dinh d\u01b0\u1ee1ng ,qu\u1ea3 chanh d\u00e2y \u0103n m\u1ec1m, chua ng\u1ecdt, nhi\u1ec1u n\u01b0\u1edbc, c\u00f3 th\u1ec3 \u0103n t\u01b0\u01a1i, ng\u00e2m r\u01b0\u1ee3u, l\u00e0m n\u01b0\u1edbc gi\u1ea3i kh\u00e1t, l\u00e0m m\u1ee9t, l\u00e0m v\u1ecb thu\u1ed1c\u2026Trong chanh d\u00e2y t\u1eb1m c\u00f3 ch\u1ee9a nhi\u1ec1u caroten, l\u01b0\u1ee3ng vitamin C kh\u00e1 cao v\u00e0 axit h\u1eefu c\u01a1\u2026 gi\u00fap t\u0103ng s\u1ee9c \u0111\u1ec1 kh\u00e1ng cho c\u01a1 th\u1ec3, l\u01b0u th\u00f4ng m\u00e1u huy\u1ebft, \u0111\u1eb9p da, r\u1ea5t t\u1ed1t cho s\u1ee9c kh\u1ecfe c\u1ee7a ph\u1ee5 n\u1eef.<\/p>\n<p>Chanh d\u00e2y thu\u1ed9c h\u1ecd d\u00e2y leo c\u00f3 nhi\u1ec1u ch\u1ea5t dinh d\u01b0\u1ee1ng c\u00f3 l\u1ee3i cho s\u1ee9c kh\u1ecfe.<\/p>\n<p>Cung c\u1ea5p l\u01b0\u1ee3ng vitamin C v\u00e0 A d\u1ed3i d\u00e0o.<\/p>\n<p>T\u1ed1t cho ti\u00eau h\u00f3a: H\u00e0m l\u01b0\u1ee3ng ch\u1ea5t x\u01a1 trong chanh d\u00e2y nh\u01b0 m\u1ed9t th\u1ee9 thu\u1ed1c thu\u1eadn tr\u00e0ng c\u00f3 t\u00e1c d\u1ee5ng gi\u1eef cho ti\u00eau h\u00f3a lu\u00f4n m\u1ea1nh kh\u1ecfe, c\u00e1c h\u1ea1t chanh d\u00e2y c\u1ea3i thi\u1ec7n ti\u00eau h\u00f3a ng\u0103n ng\u1eeba t\u00e1o b\u00f3n.<\/p>\n<p><img decoding=\"async\" class=\"wp-image-13691 aligncenter\" src=\"https:\/\/havamall.com\/wp-content\/uploads\/2020\/03\/5d7921fea95d2867800038-300x200.jpg\" alt=\"\" width=\"815\" height=\"543\" \/><\/p>\n<p>N\u01b0\u1edbc c\u1ed1t chanh d\u00e2y \u0110\u00e0 L\u1ea1t\u00a0n\u1ebfu l\u00e0 \u0111\u00fang th\u00ec n\u00f3 c\u00f4 \u0111\u1eb7c h\u01a1n n\u01b0\u1edbc \u00e9p, \u0111\u1ec3 \u0111\u01b0\u1ee3c l\u00e2u, m\u1ed7i l\u1ea7n u\u1ed1ng ch\u1ec9 pha th\u00eam n\u01b0\u1edbc l\u1ecdc (Nh\u01b0 pha n\u01b0\u1edbc m\u01a1, s\u1ea5u) ho\u1eb7c cho th\u00eam \u0111\u00e1. N\u01b0\u1edbc chanh d\u00e2y th\u00ec kh\u00f4ng c\u1ea7n cho \u0111\u01b0\u1eddng, v\u00ec b\u1ea3n th\u00e2n chanh d\u00e2y \u0111\u00e3 ng\u1ecdt, m\u00ecnh c\u0169ng \u0111\u00e3 cho \u0111\u01b0\u1eddng ng\u00e2m, v\u00ec v\u1eady \u0111\u1ed9 ng\u1ecdt l\u00e0 v\u1eeba ph\u1ea3i, kh\u00f4ng qu\u00e1 g\u1eaft.<\/p>\n<h3><strong>Th\u00e0nh ph\u1ea7n nguy\u00ean li\u1ec7u<\/strong><\/h3>\n<p>Qu\u1ea3 chanh d\u00e2y 50%, \u0111\u01b0\u1eddng, acid citric, natribenzoat<\/p>\n<h3><strong>L\u00e0m th\u1ebf n\u00e0o \u0111\u1ec3 u\u1ed1ng chanh d\u00e2y \u0111\u00fang c\u00e1ch<\/strong><\/h3>\n<p>N\u01b0\u1edbc chanh d\u00e2y th\u01b0\u1eddng \u0111\u01b0\u1ee3c ch\u1ebf bi\u1ebfn theo ki\u1ec3u \u00e9p l\u00e0m n\u01b0\u1edbc c\u1ed1t, siro ho\u1eb7c r\u01b0\u1ee3u, tuy nhi\u00ean, \u0111\u1ed1i v\u1edbi lo\u1ea1i n\u01b0\u1edbc n\u00e0o c\u0169ng v\u1eady, b\u1ea1n \u0111\u1ec1u ph\u1ea3i pha lo\u00e3ng n\u00f3 tr\u01b0\u1edbc khi u\u1ed1ng \u0111\u1ec3 kh\u00f4ng g\u00e2y t\u00ecnh tr\u1ea1ng say chanh d\u00e2y. B\u1ea1n c\u00f3 th\u1ec3 pha theo c\u00f4ng th\u1ee9c 1:2, t\u1ee9c l\u00e0 1 ph\u1ea7n n\u01b0\u1edbc chanh d\u00e2y s\u1ebd \u0111i k\u00e8m v\u1edbi 2 ph\u1ea7n n\u01b0\u1edbc l\u1ecdc, ho\u1eb7c n\u1ebfu b\u1ea1n l\u00e0 ng\u01b0\u1eddi th\u00edch u\u1ed1ng lo\u00e3ng, b\u1ea1n c\u00f3 th\u1ec3 pha \u0111\u1ebfn 4 ho\u1eb7c 5 ph\u1ea7n n\u01b0\u1edbc l\u1ecdc. M\u1ed7i ng\u00e0y, b\u1ea1n ch\u1ec9 c\u1ea7n u\u1ed1ng m\u1ed9t ho\u1eb7c hai c\u1ed1c n\u01b0\u1edbc chanh d\u00e2y l\u00e0 \u0111\u00e3 \u0111\u1ee7 \u0111\u1ec3 cung c\u1ea5p \u0111\u1ed9 dinh d\u01b0\u1ee1ng c\u1ea7n thi\u1ebft cho c\u01a1 th\u1ec3, \u0111\u1eebng n\u00ean l\u1ea1m d\u1ee5ng qu\u00e1 n\u1ebfu kh\u00f4ng mu\u1ed1n b\u1ecb ph\u1ea3n t\u00e1c d\u1ee5ng. L\u01b0u \u00fd: N\u1ebfu b\u1ea1n l\u00e0 m\u1ed9t ng\u01b0\u1eddi c\u00f3 l\u01b0\u1ee3ng men gan cao, b\u1ea1n kh\u00f4ng n\u00ean s\u1eed d\u1ee5ng c\u00e1c lo\u1ea1i th\u1ee9c u\u1ed1ng chanh d\u00e2y \u0111\u01b0\u1ee3c ch\u1ebf bi\u1ebfn th\u00e0nh r\u01b0\u1ee3u hay \u0111\u00e3 l\u00ean men, thay v\u00e0o \u0111\u00f3, lo\u1ea1i n\u01b0\u1edbc c\u1ed1t chanh d\u00e2y v\u1eeba l\u00e0m s\u1ebd l\u00e0 l\u1ef1a ch\u1ecdn ho\u00e0n h\u1ea3o cho b\u1ea1n.<\/p>\n<p><em>T\u1ef7 l\u1ec7 1:2 s\u1ebd l\u00e0 t\u1ef7 l\u1ec7 ho\u00e0n h\u1ea3o \u0111\u1ec3 mang \u0111\u1ebfn cho b\u1ea1n m\u1ed9t ly n\u01b0\u1edbc chanh d\u00e2y ch\u1ea5t l\u01b0\u1ee3ng<\/em><\/p>\n<p><img decoding=\"async\" class=\"wp-image-13690 aligncenter\" src=\"https:\/\/havamall.com\/wp-content\/uploads\/2020\/03\/5d7921fdd4b63386592987-300x200.jpg\" alt=\"\" width=\"902\" height=\"601\" \/><\/p>\n<h3><strong>C\u00f4ng d\u1ee5ng c\u1ee7a chanh d\u00e2y<\/strong><\/h3>\n<p>Chanh d\u00e2y hay c\u00f2n g\u1ecdi l\u00e0 chanh leo l\u00e0 lo\u1ea1i tr\u00e1i c\u00e2y nhi\u1ec7t \u0111\u1edbi r\u1ea5t gi\u00e0u ch\u1ea5t dinh d\u01b0\u1ee1ng, l\u1ea1i d\u1ec5 ch\u1ebf bi\u1ebfn th\u00e0nh n\u01b0\u1edbc u\u1ed1ng gi\u00fap thanh l\u1ecdc c\u01a1 th\u1ec3. M\u1ed9t tr\u00e1i chanh d\u00e2y tuy nh\u1ecf b\u00e9 nh\u01b0ng c\u00f3 ch\u1ee9a r\u1ea5t nhi\u1ec1u vitamin, kho\u00e1ng ch\u1ea5t, c\u00e1c ch\u1ea5t ch\u1ed1ng oxy h\u00f3a\u2026 c\u00f3 l\u1ee3i cho s\u1ee9c kh\u1ecfe c\u1ee7a b\u1ea1n. H\u00e3y c\u00f9ng Havamall \u0111i\u1ec3m qua 10 l\u1ee3i \u00edch s\u1ee9c kh\u1ecfe t\u1eeb chanh d\u00e2y qua b\u00e0i vi\u1ebft sau nh\u00e9.<\/p>\n<p>C\u00e1c nghi\u00ean c\u1ee9u cho th\u1ea5y chanh d\u00e2y c\u00f3 th\u1ec3 \u0111\u01b0\u1ee3c b\u1ed5 sung trong ch\u1ebf \u0111\u1ed9 \u0103n u\u1ed1ng \u0111\u1ec3 \u0111i\u1ec1u tr\u1ecb b\u1ec7nh ti\u1ec3u \u0111\u01b0\u1eddng do kh\u1ea3 n\u0103ng h\u1ea1 \u0111\u01b0\u1eddng huy\u1ebft. \u0110\u1ed3ng th\u1eddi, chanh d\u00e2y c\u0169ng c\u00f3 c\u00f4ng d\u1ee5ng l\u00e0m gi\u1ea3m cholesterol x\u1ea5u v\u00e0 c\u1ea3i thi\u1ec7n ch\u1ee9c n\u0103ng c\u1ee7a insulin.<\/p>\n<p>Trong chanh d\u00e2y c\u00f3 ch\u1ee9a r\u1ea5t nhi\u1ec1u ch\u1ea5t ch\u1ed1ng oxy h\u00f3a gi\u00fap ch\u1ed1ng l\u1ea1i c\u00e1c g\u1ed1c t\u1ef1 do g\u00e2y ung th\u01b0. Chanh d\u00e2y c\u0169ng l\u00e0 ngu\u1ed3n ch\u1ee9a vitamin A, flavonoid v\u00e0 c\u00e1c h\u1ee3p ch\u1ea5t phenolic kh\u00e1c gi\u00fap\u00a0ng\u0103n ng\u1eeba ung th\u01b0.\u00a0Piceatannol, m\u1ed9t h\u1ee3p ch\u1ea5t quan tr\u1ecdng kh\u00e1c \u0111\u01b0\u1ee3c t\u00ecm th\u1ea5y trong chanh d\u00e2y c\u0169ng c\u00f3 th\u1ec3 h\u1ed7 tr\u1ee3 ti\u00eau di\u1ec7t c\u00e1c t\u1ebf b\u00e0o ung th\u01b0 \u0111\u1ea1i tr\u1ef1c tr\u00e0ng.<\/p>\n<p><img loading=\"lazy\" decoding=\"async\" class=\"wp-image-13695 aligncenter\" src=\"https:\/\/havamall.com\/wp-content\/uploads\/2020\/03\/1_ahiy-300x217.jpg\" alt=\"\" width=\"798\" height=\"577\" \/><\/p>\n<p>Chanh d\u00e2y l\u00e0 lo\u1ea1i th\u1ef1c ph\u1ea9m h\u1ed7 tr\u1ee3 r\u1ea5t t\u1ed1t cho h\u1ec7 ti\u00eau h\u00f3a do c\u00f3 h\u00e0m l\u01b0\u1ee3ng ch\u1ea5t x\u01a1 l\u00fd t\u01b0\u1edfng. M\u1ed9t ly n\u01b0\u1edbc v\u1edbi 25g chanh d\u00e2y c\u00f3 ch\u1ee9a kho\u1ea3ng 2g ch\u1ea5t x\u01a1 v\u00e0 ph\u1ea7n l\u1edbn l\u00e0 ch\u1ea5t x\u01a1 h\u00f2a tan. Ch\u1ea5t x\u01a1 h\u00f2a tan trong ph\u1ea7n ru\u1ed9t v\u00e0 v\u1ecf chanh d\u00e2y c\u00f3 th\u1ec3 ho\u1ea1t \u0111\u1ed9ng nh\u01b0 m\u1ed9t lo\u1ea1i thu\u1ed1c nhu\u1eadn tr\u00e0ng, gi\u00fap c\u1ea3i thi\u1ec7n nhu \u0111\u1ed9ng ru\u1ed9t, ng\u0103n ng\u1eeba\u00a0t\u00e1o b\u00f3n\u00a0v\u00e0 gi\u1ea3m l\u01b0\u1ee3ng cholesterol b\u1eb1ng c\u00e1ch b\u00e0i ti\u1ebft qua ph\u00e2n.<\/p>\n<p>Ng\u00e0y nay, chanh d\u00e2y c\u00f3 th\u1ec3 xem l\u00e0 m\u1ed9t \u0111\u1eb7c s\u1ea3n \u0110\u00e0 L\u1ea1t kh\u00f4ng th\u1ec3 b\u1ecf qua c\u1ee7a du kh\u00e1ch m\u1ed7i khi gh\u00e9 du l\u1ecbch \u1edf x\u1ee9 \u0111\u1ed3i th\u00f4ng n\u00e0y.<\/p>\n<p>C\u00f4ng ty TNHH HANY \u0110\u00c0 L\u1ea0T s\u1ea3n xu\u1ea5t c\u00e1c s\u1ea3n ph\u1ea9m \u0111\u01b0\u1ee3c chi\u1ebft xu\u1ea5t t\u1eeb nh\u1eefng qu\u1ea3 chanh d\u00e2y t\u01b0\u01a1i ngon, nguy\u00ean ch\u1ea5t n\u1ea5u t\u1eeb \u0111\u01b0\u1eddng m\u00eda, kh\u00f4ng ph\u1ea9m m\u00e0u, kh\u00f4ng \u0111\u01b0\u1eddng h\u00f3a h\u1ecdc<\/p>\n<p>H\u00e3y c\u00f9ng gia \u0111\u00ecnh v\u00e0 b\u1ea1n b\u00e8 chia s\u1ebb nh\u1eefng s\u1ea3n ph\u1ea9m \u0111\u1eb7c s\u1ea3n \u0110\u00e0 L\u1ea1t \u0111\u01b0\u1ee3c s\u1ea3n xu\u1ea5t b\u1edfi C\u00d4NG TY TNHH HANY \u0110\u00c0 L\u1ea0T \u0111\u1ec3 \u0111\u01b0\u1ee3c c\u1ea3m nh\u1eadn h\u01b0\u01a1ng v\u1ecb tuy\u1ec7t v\u1eddi cung c\u1ea5p nhi\u1ec1u vitamin, \u0111\u1ea3m b\u1ea3o ngu\u1ed3n g\u1ed1c.<\/p>\n<p><strong>H\u01b0\u1edbng d\u1eabn s\u1eed d\u1ee5ng<\/strong><\/p>\n<p>D\u00f9ng l\u00e0m th\u1ee9c u\u1ed1ng gi\u1ea3i kh\u00e1t, pha v\u1edbi n\u01b0\u1edbc theo t\u1ec9 l\u1ec7 1:2, ngon h\u01a1n khi u\u1ed1ng v\u1edbi \u0111\u00e1, l\u1eafc \u0111\u1ec1u tr\u01b0\u1edbc khi s\u1eed d\u1ee5ng<\/p>\n<p><strong>B\u1ea3o qu\u1ea3n<\/strong><\/p>\n<p>\u0110\u1ec3 n\u01a1i kh\u00f4 r\u00e1o th\u00e1ng m\u00e1t, tr\u00e1nh \u00e1nh n\u1eafng tr\u1ef1c ti\u1ebfp<\/p>\n<p><strong>Ch\u1ec9 ti\u00eau ch\u1ea5t l\u01b0\u1ee3ng<\/strong><\/p>\n<p>H\u00e0m l\u01b0\u1ee3ng \u0111\u01b0\u1eddng t\u1ed5ng 80-100g\/l\u00edt<\/p>\n<p><strong>Th\u00f4ng tin c\u1ea3nh b\u00e1o<\/strong><\/p>\n<p>Kh\u00f4ng s\u1eed d\u1ee5ng khi s\u1ea3n ph\u1ea9m c\u00f3 hi\u1ec7n t\u01b0\u1ee3ng bi\u1ebfn m\u00e0u, c\u00f3 v\u1ecb l\u1ea1<\/p>\n<p>H\u00e3y mua ngay tr\u00ean Havamall \u0111\u1ec3 s\u1edf h\u1eefu s\u1ea3n ph\u1ea9m ch\u1ea5t l\u01b0\u1ee3ng m\u00e0 gi\u00e1 l\u1ea1i c\u1ef1c k\u00ec ph\u1ea3i ch\u0103ng nh\u00e9.<\/p>\n<p>&nbsp;<\/p>","protected":false},"excerpt":{"rendered":"<p>M\u00f9a h\u00e8, th\u1eddi ti\u1ebft n\u00f3ng b\u1ee9c m\u00e0 \u0111\u01b0\u1ee3c th\u01b0\u1edfng th\u1ee9c m\u1ed9t c\u1ed1c n\u01b0\u1edbc tr\u00e1i c\u00e2y th\u00ec th\u1eadt tuy\u1ec7t. N\u01b0\u1edbc c\u1ed1t<\/p>","protected":false},"featured_media":13863,"comment_status":"open","ping_status":"closed","template":"","meta":[],"product_brand":[],"product_cat":[135,143],"product_tag":[],"class_list":{"0":"post-13685","1":"product","2":"type-product","3":"status-publish","4":"has-post-thumbnail","6":"product_cat-sua-do-uong","7":"product_cat-thuc-pham-dong-hop","8":"pa_brand-hany","10":"first","11":"outofstock","12":"sale","13":"shipping-taxable","14":"purchasable","15":"product-type-simple"},"_links":{"self":[{"href":"https:\/\/havamall.com\/en\/wp-json\/wp\/v2\/product\/13685","targetHints":{"allow":["GET"]}}],"collection":[{"href":"https:\/\/havamall.com\/en\/wp-json\/wp\/v2\/product"}],"about":[{"href":"https:\/\/havamall.com\/en\/wp-json\/wp\/v2\/types\/product"}],"replies":[{"embeddable":true,"href":"https:\/\/havamall.com\/en\/wp-json\/wp\/v2\/comments?post=13685"}],"version-history":[{"count":0,"href":"https:\/\/havamall.com\/en\/wp-json\/wp\/v2\/product\/13685\/revisions"}],"wp:featuredmedia":[{"embeddable":true,"href":"https:\/\/havamall.com\/en\/wp-json\/wp\/v2\/media\/13863"}],"wp:attachment":[{"href":"https:\/\/havamall.com\/en\/wp-json\/wp\/v2\/media?parent=13685"}],"wp:term":[{"taxonomy":"product_brand","embeddable":true,"href":"https:\/\/havamall.com\/en\/wp-json\/wp\/v2\/product_brand?post=13685"},{"taxonomy":"product_cat","embeddable":true,"href":"https:\/\/havamall.com\/en\/wp-json\/wp\/v2\/product_cat?post=13685"},{"taxonomy":"product_tag","embeddable":true,"href":"https:\/\/havamall.com\/en\/wp-json\/wp\/v2\/product_tag?post=13685"}],"curies":[{"name":"wp","href":"https:\/\/api.w.org\/{rel}","templated":true}]}}