{"id":13704,"date":"2020-03-20T15:14:30","date_gmt":"2020-03-20T08:14:30","guid":{"rendered":"https:\/\/havamall.com\/?post_type=product&#038;p=13704"},"modified":"2021-06-24T15:34:27","modified_gmt":"2021-06-24T08:34:27","slug":"tra-diep-ha-chau-tui-loc-100g-phyllanthus-urinaria-tea-100g","status":"publish","type":"product","link":"https:\/\/havamall.com\/en\/shop\/tra-diep-ha-chau-tui-loc-100g-phyllanthus-urinaria-tea-100g\/","title":{"rendered":"Tr\u00e0 Di\u1ec7p H\u1ea1 Ch\u00e2u T\u00fai L\u1ecdc 100g &#8211; Phyllanthus Urinaria Tea 100g"},"content":{"rendered":"<p><span style=\"font-weight: 400\">Di\u1ec7p H\u1ea1 Ch\u00e2u c\u00f2n c\u00f3 t\u00ean &#8221; Ch\u00f3 \u0111\u1ebb r\u0103ng c\u01b0a&#8221;, \u0111\u00e2y l\u00e0 m\u1ed9t lo\u1ea1i thu\u1ed1c qu\u00fd, v\u1ecb \u0111\u1eafng, t\u00ednh m\u00e1t, c\u00f3 kh\u1ea3 n\u0103ng ch\u1eefa \u0111\u01b0\u1ee3c nhi\u1ec1u b\u1ec7nh nh\u01b0: \u0111i\u1ec1u h\u00f2a ch\u1ee9c n\u0103ng gan, l\u1ee3i m\u1eadt, m\u1ee5n nh\u1ecdt..<\/span><\/p>\n<ul>\n<li><span style=\"font-weight: 400\"> \u00a0 <\/span> <span style=\"font-weight: 400\">Th\u00e0nh Ph\u1ea7n:\u00a0<\/span>Di\u1ec7p h\u1ea1 ch\u00e2u 95%, c\u1ecf ng\u1ecdt 5%<\/li>\n<\/ul>\n<ul>\n<li><span style=\"font-weight: 400\"> \u00a0 <\/span> <span style=\"font-weight: 400\">H\u01b0\u1edbng d\u1eabn s\u1eed d\u1ee5ng:\u00a0<\/span>h\u00e3m tr\u00e0 b\u1eb1ng n\u01b0\u1edbc s\u00f4i, 1 t\u00fai tr\u00e0\/150-200ml n\u01b0\u1edbc (ch\u1edd 3 \u0111\u1ebfn 5 ph\u00fat). M\u1ed7i ng\u00e0y d\u00f9ng t\u1eeb 3-5 t\u00fai tr\u00e0. Di\u1ec7p h\u1ea1 ch\u00e2u t\u00fai l\u1ecdc h\u1ed7 tr\u1ee3 vi\u1ec7c ng\u0103n ng\u1eeba c\u00e0 \u0111i\u1ec1u tr\u1ecb c\u00e1c b\u1ec7nh v\u1ec1 gan, th\u00f4ng m\u1eadt, gi\u1ea3i \u0111\u1ed9c, thanh nhi\u1ec7t, ch\u1ed1ng d\u1ecb \u1ee9ng, gi\u1ea3m m\u1ee5n nh\u1ecdt<\/li>\n<\/ul>\n<ul>\n<li><span style=\"font-weight: 400\"> \u00a0 <\/span> <span style=\"font-weight: 400\">B\u1ea3o qu\u1ea3n:\u00a0<\/span>N\u01a1i kh\u00f4 r\u00e1o, tho\u00e1ng m\u00e1t, tr\u00e1nh \u00e1nh n\u1eafng tr\u1ef1c ti\u1ebfp.<\/li>\n<\/ul>\n<p><span style=\"font-weight: 400\">Tr\u00e0 Di\u1ec7p H\u1ea1 Ch\u00e2u t\u00fai l\u1ecdc h\u1ed7 tr\u1ee3 trong vi\u1ec7c ng\u0103n ng\u1eeba v\u00e0 \u0111i\u1ec1u tr\u1ecb c\u00e1c b\u1ec7nh v\u1ec1 gan, th\u00f4ng m\u1eadt, gi\u1ea3i \u0111\u1ed9c, thanh nhi\u1ec7t, ch\u1ed1ng d\u1ecb \u1ee9ng, gi\u1ea3m m\u1ee5n nh\u1ecdt&#8230;\u00a0<\/span><\/p>\n<p><img fetchpriority=\"high\" decoding=\"async\" class=\"wp-image-13710 aligncenter\" src=\"https:\/\/havamall.com\/wp-content\/uploads\/2020\/03\/die\u0323\u0302p-ha\u0323-cha\u0302u-300x225.jpg\" alt=\"\" width=\"612\" height=\"459\" \/><\/p>\n<h2><span style=\"font-weight: 400\">\u0110\u1eb7c t\u00ednh ch\u1ed1ng oxy h\u00f3a<\/span><\/h2>\n<p><span style=\"font-weight: 400\">Theo nghi\u00ean c\u1ee9u trong \u1ed1ng nghi\u1ec7m v\u00e0o n\u0103m 2014, m\u1ed9t m\u1eabu ch\u1ea5t chi\u1ebft xu\u1ea5t t\u1eeb l\u00e1 di\u1ec7p h\u1ea1 ch\u00e2u cho th\u1ea5y lo\u1ea1i th\u1ef1c v\u1eady n\u00e0y c\u00f3 t\u00ednh n\u0103ng ch\u1ed1ng oxy h\u00f3a m\u1ea1nh m\u1ebd. Ch\u1ea5t ch\u1ed1ng oxy h\u00f3a c\u00f3 nhi\u1ec7m v\u1ee5 v\u00f4 hi\u1ec7u h\u00f3a c\u00e1c g\u1ed1c t\u1ef1 do trong c\u01a1 th\u1ec3 c\u00f3 th\u1ec3 g\u00e2y t\u1ed5n th\u01b0\u01a1ng t\u1ebf b\u00e0o v\u00e0 b\u1ec7nh t\u1eadt.<\/span><\/p>\n<h2><span style=\"font-weight: 400\">\u0110\u1eb7c t\u00ednh kh\u00e1ng khu\u1ea9n<\/span><\/h2>\n<p><span style=\"font-weight: 400\">Theo m\u1ed9t nghi\u00ean c\u1ee9u n\u0103m 2012, chi\u1ebft xu\u1ea5t di\u1ec7p h\u1ea1 ch\u00e2u c\u00f3 kh\u1ea3 n\u0103ng kh\u00e1ng khu\u1ea9n ch\u1ed1ng l\u1ea1i H. pylori. Vi khu\u1ea9n H. pylori th\u01b0\u1eddng c\u00f3 trong \u0111\u01b0\u1eddng ti\u00eau h\u00f3a v\u00e0 ch\u00fang v\u00f4 h\u1ea1i. Tuy nhi\u00ean, trong m\u1ed9t s\u1ed1 tr\u01b0\u1eddng h\u1ee3p v\u1edbi s\u1ed1 l\u01b0\u1ee3ng vi khu\u1ea9n kh\u1ed5ng l\u1ed3, ch\u00fang c\u00f3 th\u1ec3 g\u00e2y lo\u00e9t d\u1ea1 d\u00e0y, \u0111au b\u1ee5ng v\u00e0 bu\u1ed3n n\u00f4n.<\/span><\/p>\n<p><span style=\"font-weight: 400\">C\u00e1c nh\u00e0 nghi\u00ean c\u1ee9u c\u0169ng ph\u00e1t hi\u1ec7n ra r\u1eb1ng di\u1ec7p h\u1ea1 ch\u00e2u kh\u00f4ng h\u1ec1 g\u00e2y t\u1ed5n h\u1ea1i \u0111\u1ebfn b\u1ea5t k\u1ef3 khu\u1ea9n l\u1ee3i n\u00e0o c\u00f3 trong c\u01a1 th\u1ec3 con ng\u01b0\u1eddi.<\/span><\/p>\n<h2><span style=\"font-weight: 400\">\u0110\u1eb7c t\u00ednh ch\u1ed1ng vi\u00eam<\/span><\/h2>\n<p><span style=\"font-weight: 400\">Vi\u00eam c\u00f3 nguy c\u01a1 g\u00e2y ra nhi\u1ec1u v\u1ea5n \u0111\u1ec1 tr\u00ean c\u01a1 th\u1ec3, bao g\u1ed3m c\u00e1c t\u00ecnh tr\u1ea1ng da nh\u01b0 b\u1ec7nh v\u1ea9y n\u1ebfn hay \u0111au m\u00e3n t\u00ednh. Theo m\u1ed9t nghi\u00ean c\u1ee9u tr\u00ean \u0111\u1ed9ng v\u1eadt n\u0103m 2017, di\u1ec7p h\u1ea1 ch\u00e2u c\u00f3 th\u1ec3 gi\u00fap gi\u1ea3m vi\u00eam.<\/span><\/p>\n<p style=\"text-align: center\"><img decoding=\"async\" class=\"alignnone wp-image-13709\" src=\"https:\/\/havamall.com\/wp-content\/uploads\/2020\/03\/ca\u0302y-die\u0323\u0302p-ha\u0323-cha\u0302u-300x200.jpg\" alt=\"\" width=\"597\" height=\"398\" \/><\/p>\n<h2><span style=\"font-weight: 400\">Ng\u0103n ng\u1eeba l\u1edf lo\u00e9t<\/span><\/h2>\n<p><span style=\"font-weight: 400\">Nh\u1eefng ph\u00e1t hi\u1ec7n t\u1eeb c\u00f9ng m\u1ed9t nghi\u00ean c\u1ee9u tr\u00ean \u0111\u1ed9ng v\u1eadt n\u0103m 2017 c\u0169ng cho th\u1ea5y r\u1eb1ng chi\u1ebft xu\u1ea5t di\u1ec7p h\u1ea1 ch\u00e2u c\u00f3 kh\u1ea3 n\u0103ng ng\u0103n ng\u1eeba l\u1edf lo\u00e9t. C\u00e1c chuy\u00ean gia cho r\u1eb1ng lo\u1ea1i th\u1ea3o d\u01b0\u1ee3c n\u00e0y c\u00f3 th\u1ec3 b\u1ea3o v\u1ec7 d\u1ea1 d\u00e0y b\u1eb1ng c\u00e1ch gi\u1ea3m li\u1ec1u l\u01b0\u1ee3ng axit ti\u1ebft ra. Ngo\u00e0i ra, n\u00f3 c\u00f2n c\u00f3 t\u00e1c d\u1ee5ng ch\u1ed1ng vi\u00eam m\u1ea1nh m\u1ebd, t\u1eeb \u0111\u00f3 ng\u0103n ng\u1eeba t\u00ecnh tr\u1ea1ng lo\u00e9t d\u1ea1 d\u00e0y.<\/span><\/p>\n<h2><span style=\"font-weight: 400\">H\u1ed7 tr\u1ee3 h\u1ea1 \u0111\u01b0\u1eddng huy\u1ebft<\/span><\/h2>\n<p><span style=\"font-weight: 400\">M\u1ed9t \u0111\u1eb7c t\u00ednh kh\u00e1c c\u1ee7a di\u1ec7p h\u1ea1 ch\u00e2u l\u00e0 \u0111i\u1ec1u tr\u1ecb \u0111\u00e1i th\u00e1o \u0111\u01b0\u1eddng. C\u00e1c chuy\u00ean gia cho bi\u1ebft, ph\u1ea7n th\u00e2n tr\u00ean c\u1ee7a th\u1ea3o d\u01b0\u1ee3c c\u00f3 th\u1ec3 h\u1ed7 tr\u1ee3 c\u01a1 th\u1ec3 h\u1ea1n ch\u1ebf l\u01b0\u1ee3ng \u0111\u01b0\u1eddng h\u1ea5p th\u1ee5 v\u00e0 c\u1ea3i thi\u1ec7n l\u01b0u tr\u1eef glucose. \u0110i\u1ec1u n\u00e0y r\u1ea5t c\u00f3 l\u1ee3i cho vi\u1ec7c duy tr\u00ec l\u01b0\u1ee3ng \u0111\u01b0\u1eddng trong m\u00e1u.<\/span><\/p>","protected":false},"excerpt":{"rendered":"<p><span style=\"font-weight: 400\">Di\u1ec7p H\u1ea1 Ch\u00e2u c\u00f2n c\u00f3 t\u00ean &#8221; Ch\u00f3 \u0111\u1ebb r\u0103ng c\u01b0a&#8221;, \u0111\u00e2y l\u00e0 m\u1ed9t lo\u1ea1i thu\u1ed1c qu\u00fd, v\u1ecb \u0111\u1eafng, t\u00ednh m\u00e1t, c\u00f3 kh\u1ea3 n\u0103ng ch\u1eefa \u0111\u01b0\u1ee3c nhi\u1ec1u b\u1ec7nh nh\u01b0: \u0111i\u1ec1u h\u00f2a ch\u1ee9c n\u0103ng gan, l\u1ee3i m\u1eadt, m\u1ee5n nh\u1ecdt..Tr\u00e0 Di\u1ec7p H\u1ea1 Ch\u00e2u t\u00fai l\u1ecdc h\u1ed7 tr\u1ee3 trong vi\u1ec7c ng\u0103n ng\u1eeba v\u00e0 \u0111i\u1ec1u tr\u1ecb c\u00e1c b\u1ec7nh v\u1ec1 gan, th\u00f4ng m\u1eadt, gi\u1ea3i \u0111\u1ed9c, thanh nhi\u1ec7t, ch\u1ed1ng d\u1ecb \u1ee9ng, gi\u1ea3m m\u1ee5n nh\u1ecdt&#8230;\u00a0<\/span><\/p>","protected":false},"featured_media":13816,"comment_status":"open","ping_status":"closed","template":"","meta":[],"product_brand":[],"product_cat":[135,36],"product_tag":[],"class_list":{"0":"post-13704","1":"product","2":"type-product","3":"status-publish","4":"has-post-thumbnail","6":"product_cat-sua-do-uong","7":"product_cat-thuc-pham-tieu-dung","8":"pa_brand-hany","10":"first","11":"outofstock","12":"sale","13":"shipping-taxable","14":"purchasable","15":"product-type-simple"},"_links":{"self":[{"href":"https:\/\/havamall.com\/en\/wp-json\/wp\/v2\/product\/13704","targetHints":{"allow":["GET"]}}],"collection":[{"href":"https:\/\/havamall.com\/en\/wp-json\/wp\/v2\/product"}],"about":[{"href":"https:\/\/havamall.com\/en\/wp-json\/wp\/v2\/types\/product"}],"replies":[{"embeddable":true,"href":"https:\/\/havamall.com\/en\/wp-json\/wp\/v2\/comments?post=13704"}],"version-history":[{"count":0,"href":"https:\/\/havamall.com\/en\/wp-json\/wp\/v2\/product\/13704\/revisions"}],"wp:featuredmedia":[{"embeddable":true,"href":"https:\/\/havamall.com\/en\/wp-json\/wp\/v2\/media\/13816"}],"wp:attachment":[{"href":"https:\/\/havamall.com\/en\/wp-json\/wp\/v2\/media?parent=13704"}],"wp:term":[{"taxonomy":"product_brand","embeddable":true,"href":"https:\/\/havamall.com\/en\/wp-json\/wp\/v2\/product_brand?post=13704"},{"taxonomy":"product_cat","embeddable":true,"href":"https:\/\/havamall.com\/en\/wp-json\/wp\/v2\/product_cat?post=13704"},{"taxonomy":"product_tag","embeddable":true,"href":"https:\/\/havamall.com\/en\/wp-json\/wp\/v2\/product_tag?post=13704"}],"curies":[{"name":"wp","href":"https:\/\/api.w.org\/{rel}","templated":true}]}}