{"id":13854,"date":"2020-03-24T15:57:12","date_gmt":"2020-03-24T08:57:12","guid":{"rendered":"https:\/\/havamall.com\/?post_type=product&#038;p=13854"},"modified":"2021-03-05T10:21:33","modified_gmt":"2021-03-05T03:21:33","slug":"cao-mem-atiso-hany-da-lat-500g-atiso-soft-jelly-500g","status":"publish","type":"product","link":"https:\/\/havamall.com\/en\/shop\/cao-mem-atiso-hany-da-lat-500g-atiso-soft-jelly-500g\/","title":{"rendered":"Cao M\u1ec1m Atiso Hany \u0110\u00e0 L\u1ea1t 500g &#8211; Atiso Soft Jelly 500g"},"content":{"rendered":"<p>\u0110\u01b0\u1ee3c l\u00e0m t\u1eeb 100% l\u00e1 Atiso nguy\u00ean ch\u1ea5t. Cao m\u1ec1m Atiso HANY c\u00f3 t\u00e1c d\u1ee5ng m\u00e1t gan, th\u00f4ng m\u1eadt, l\u1ee3i ti\u1ec3u, an th\u1ea7n, gi\u1ea3i nhi\u1ec7t, h\u1ea1 cholesterol, ure huy\u1ebft\u2026 T\u1ed1t cho ng\u01b0\u1eddi gan y\u1ebfu, \u0103n u\u1ed1ng kh\u00f3 ti\u00eau. S\u1ea3n ph\u1ea9m c\u00f3 th\u1ec3 u\u1ed1ng thay n\u01b0\u1edbc d\u00f9ng h\u00e0ng ng\u00e0y. L\u00e0 m\u1ed9t s\u1ea3n ph\u1ea9m c\u00f3 l\u1ee3i cho s\u1ee9c kh\u1ecfe t\u1eeb \u0110\u1eb7c S\u1ea3n \u0110\u00e0 L\u1ea1t \u2013 HaNy M\u00f3n Qu\u00e0 X\u1ee9 L\u1ea1nh.<\/p>\n<ul class=\"extrafields\">\n<li class=\"field-item field-thanh_phan field-type-text\">\n<div class=\"field-title font-weight-bold\">Th\u00e0nh Ph\u1ea7n<\/div>\n<div class=\"field-value\">100% l\u00e1 Atis\u00f4 \u0110\u00e0 L\u1ea1t<\/div>\n<\/li>\n<\/ul>\n<ul class=\"extrafields\">\n<li class=\"field-item field-hdsd field-type-textarea\">\n<div class=\"field-title font-weight-bold\">H\u01b0\u1edbng d\u1eabn s\u1eed d\u1ee5ng<\/div>\n<div class=\"field-value\">U\u1ed1ng thay n\u01b0\u1edbc gi\u1ea3i kh\u00e1t. L\u1ea5y 1\/4 mu\u1ed7ng c\u00e0 ph\u00ea h\u00f2a tan v\u1edbi 1 ly n\u01b0\u1edbc s\u00f4i (200ml). Ng\u00e0y u\u1ed1ng 3 l\u1ea7n tr\u01b0\u1edbc ho\u1eb7c sau b\u1eefa \u0103n<\/div>\n<\/li>\n<\/ul>\n<ul class=\"extrafields\">\n<li class=\"field-item field-bao_quan field-type-text\">\n<div class=\"field-title font-weight-bold\">B\u1ea3o qu\u1ea3n<\/div>\n<div class=\"field-value\">B\u1ea3o qu\u1ea3n n\u01a1i kh\u00f4 r\u00e1o, tho\u00e1ng m\u00e1t, s\u1ea1ch, \u0111\u1ea3m b\u1ea3o v\u1ec7 sinh<\/div>\n<\/li>\n<\/ul>\n<p><img fetchpriority=\"high\" decoding=\"async\" class=\"wp-image-13599 aligncenter\" src=\"https:\/\/havamall.com\/wp-content\/uploads\/2020\/03\/thumb_148_1200_800_0_0_crop-300x200.jpg\" alt=\"\" width=\"641\" height=\"427\" \/><\/p>\n<h3 id=\"tac-dung-tuyet-voi-cua-atiso\">T\u00e1c d\u1ee5ng tuy\u1ec7t v\u1eddi c\u1ee7a Atis\u00f4<\/h3>\n<h4 id=\"tot-cho-gan\">T\u1ed1t cho gan<\/h4>\n<p>Ch\u1ea5t ch\u1ed1ng \u00f4xy h\u00f3a cynarin v\u00e0 silymarin c\u00f3 trong atis\u00f4 r\u1ea5t c\u00f3 \u00edch cho gan. M\u1ed9t s\u1ed1 th\u00ed nghi\u1ec7m cho th\u1ea5y ch\u00fang c\u00f2n c\u00f3 t\u00e1c d\u1ee5ng ph\u1ee5c h\u1ed3i ch\u1ee9c n\u0103ng c\u1ee7a gan. Tr\u01b0\u1edbc \u0111\u00e2y, atis\u00f4 th\u01b0\u1eddng \u0111\u01b0\u1ee3c s\u1eed d\u1ee5ng trong kho\u1ea3ng th\u1eddi gian d\u00e0i nh\u01b0 l\u00e0 th\u1ea3o d\u01b0\u1ee3c thay th\u1ebf cho thu\u1ed1c trong vi\u1ec7c \u0111i\u1ec1u tr\u1ecb m\u1ed9t s\u1ed1 b\u1ec7nh v\u1ec1 gan.<\/p>\n<h4 id=\"chua-nhieu-chat-chong-oxy-hoa\">Ch\u1ee9a nhi\u1ec1u ch\u1ea5t ch\u1ed1ng \u00f4xy h\u00f3a<\/h4>\n<p>M\u1ed9t s\u1ed1 ch\u1ea5t ch\u1ed1ng \u00f4xy h\u00f3a c\u00f3 trong atis\u00f4 l\u00e0m cho th\u00e0nh m\u1ea1ch d\u1ebbo v\u00e0 \u0111\u00e0n h\u1ed3i h\u01a1n, t\u0103ng t\u00ednh th\u1ea9m th\u1ea5u, ph\u00f2ng ng\u1eeba nguy c\u01a1 gi\u00f2n \u0111\u1ee9t, v\u1ee1 m\u1ea1ch), anthocyanins (h\u1ee3p ch\u1ea5t h\u1eefu c\u01a1 thi\u00ean nhi\u00ean c\u00f3 kh\u1ea3 n\u0103ng gi\u00fap c\u01a1 th\u1ec3 ch\u1ed1ng tia t\u1eed ngo\u1ea1i, vi\u00eam nhi\u1ec5m v\u00e0 ung th\u01b0), cynarin (h\u1ee3p ch\u1ea5t c\u00f3 t\u00e1c d\u1ee5ng l\u1ee3i m\u1eadt), luteolin (h\u1ee3p ch\u1ea5t ch\u1ed1ng l\u00e3o h\u00f3a n\u00e3o v\u00e0 vi\u00eam n\u00e3o), silymarin (ch\u1ea5t ch\u1ed1ng \u00f4xy h\u00f3a m\u1ea1nh).<\/p>\n<p style=\"text-align: center\"><img decoding=\"async\" class=\"alignnone wp-image-13586\" src=\"https:\/\/havamall.com\/wp-content\/uploads\/2020\/03\/caoo-ati-300x200.jpg\" alt=\"\" width=\"614\" height=\"409\" \/><\/p>\n<h4 id=\"ngan-ngua-va-dieu-tri-benh-ung-thu\">Ng\u0103n ng\u1eeba v\u00e0 \u0111i\u1ec1u tr\u1ecb b\u1ec7nh ung th\u01b0<\/h4>\n<p>atis\u00f4 c\u00f3 th\u1ec3 lo\u1ea1i b\u1ecf c\u00e1c t\u1ebf b\u00e0o ch\u1ebft ra kh\u1ecfi m\u00f4 m\u00e0 kh\u00f4ng \u1ea3nh h\u01b0\u1edfng t\u1edbi c\u00e1c t\u1ebf b\u00e0o kh\u00e1c. N\u00f3 c\u00f2n h\u1ea1n ch\u1ebf s\u1ef1 n\u1ea3y n\u1edf c\u1ee7a t\u1ebf b\u00e0o th\u00e0nh nhi\u1ec1u d\u1ea1ng ung th\u01b0 kh\u00e1c nhau nh\u01b0 ung th\u01b0 tuy\u1ebfn ti\u1ec1n li\u1ec7t, b\u1ec7nh b\u1ea1ch c\u1ea7u v\u00e0 ung th\u01b0 v\u00fa. Th\u00ed nghi\u1ec7m \u1edf n\u01b0\u1edbc \u00dd cho bi\u1ebft m\u1ed9t ch\u1ebf \u0111\u1ed9 \u0103n u\u1ed1ng gi\u00e0u ch\u1ea5t ch\u1ed1ng \u00f4xy h\u00f3a c\u00f3 trong atis\u00f4 s\u1ebd l\u00e0m gi\u1ea3m nguy c\u01a1 m\u1eafc b\u1ec7nh ung th\u01b0 v\u00fa.<\/p>\n<h4 id=\"dieu-tiet-su-luu-thong-cua-mat\">\u0110i\u1ec1u ti\u1ebft s\u1ef1 l\u01b0u th\u00f4ng c\u1ee7a m\u1eadt<\/h4>\n<p>L\u00e1 atis\u00f4 ch\u1ee9a m\u1ed9t lo\u1ea1i ch\u1ea5t ch\u1ed1ng \u00f4xy h\u00f3a \u0111\u01b0\u1ee3c g\u1ecdi l\u00e0 cynarin c\u00f3 t\u00e1c d\u1ee5ng \u0111i\u1ec1u ti\u1ebft d\u00f2ng ch\u1ea3y c\u1ee7a m\u1eadt trong h\u1ec7 th\u1ed1ng d\u1eabn m\u1eadt.<\/p>\n<h4 id=\"cai-thien-kha-nang-tieu-hoa\">C\u1ea3i thi\u1ec7n kh\u1ea3 n\u0103ng ti\u00eau h\u00f3a<\/h4>\n<p>Atis\u00f4 gi\u00fap cho h\u1ec7 ti\u00eau h\u00f3a ho\u1ea1t \u0111\u1ed9ng t\u1ed1t h\u01a1n. Ch\u00fang l\u00e0 thu\u1ed1c l\u1ee3i ti\u1ec3u t\u1ef1 nhi\u00ean, h\u1ed7 tr\u1ee3 ch\u1ee9c n\u0103ng ti\u00eau h\u00f3a, c\u1ea3i thi\u1ec7n ch\u1ee9c n\u0103ng c\u1ee7a t\u00fai m\u1eadt v\u00e0 mang l\u1ea1i nhi\u1ec1u l\u1ee3i \u00edch thi\u1ebft th\u1ef1c \u0111\u1ed1i v\u1edbi gan.<\/p>\n<p style=\"text-align: center\"><img decoding=\"async\" class=\"alignnone wp-image-13591\" src=\"https:\/\/havamall.com\/wp-content\/uploads\/2020\/03\/atiso-300x225.jpg\" alt=\"\" width=\"613\" height=\"460\" \/><\/p>\n<h4 id=\"giam-cholesterol-xau\">Gi\u1ea3m cholesterol x\u1ea5u<\/h4>\n<p>C\u00e1c th\u00e0nh ph\u1ea7n h\u00f3a h\u1ecdc c\u00f3 trong l\u00e1 c\u1ee7a atis\u00f4 c\u00f3 th\u1ec3 l\u00e0m gi\u1ea3m l\u01b0\u1ee3ng cholesterol b\u1eb1ng c\u00e1ch ki\u1ec1m ch\u1ebf HMG-CoA reductase ( h\u1ee3p ch\u1ea5t t\u1ed5ng h\u1ee3p cholesterol). Ch\u00fang l\u00e0m gia t\u0103ng cholesterol t\u1ed1t HDL (b\u1ea3o v\u1ec7 v\u00e0 ch\u1ed1ng l\u1ea1i c\u01a1n \u0111au tim) v\u00e0 gi\u1ea3m thi\u1ec3u c\u00e1c cholesterol x\u1ea5u LDL (t\u1ea1o c\u00e1c m\u1ea3ng b\u00e1m tr\u00ean m\u1ea1ch m\u00e1u, g\u00e2y \u0111au tim v\u00e0 \u0111\u1ed9t qu\u1ef5).<\/p>","protected":false},"excerpt":{"rendered":"<p>\u0110\u01b0\u1ee3c l\u00e0m t\u1eeb 100% l\u00e1 Atiso nguy\u00ean ch\u1ea5t. Cao m\u1ec1m Atiso HANY c\u00f3 t\u00e1c d\u1ee5ng m\u00e1t gan, th\u00f4ng m\u1eadt, l\u1ee3i ti\u1ec3u, an th\u1ea7n, gi\u1ea3i nhi\u1ec7t, h\u1ea1 cholesterol, ure huy\u1ebft\u2026 T\u1ed1t cho ng\u01b0\u1eddi gan y\u1ebfu, \u0103n u\u1ed1ng kh\u00f3 ti\u00eau. S\u1ea3n ph\u1ea9m c\u00f3 th\u1ec3 u\u1ed1ng thay n\u01b0\u1edbc d\u00f9ng h\u00e0ng ng\u00e0y. L\u00e0 m\u1ed9t s\u1ea3n ph\u1ea9m c\u00f3 l\u1ee3i cho s\u1ee9c kh\u1ecfe t\u1eeb \u0110\u1eb7c S\u1ea3n \u0110\u00e0 L\u1ea1t \u2013 HaNy M\u00f3n Qu\u00e0 X\u1ee9 L\u1ea1nh.<\/p>","protected":false},"featured_media":13858,"comment_status":"open","ping_status":"closed","template":"","meta":[],"product_brand":[],"product_cat":[135,36,143],"product_tag":[],"class_list":{"0":"post-13854","1":"product","2":"type-product","3":"status-publish","4":"has-post-thumbnail","6":"product_cat-sua-do-uong","7":"product_cat-thuc-pham-tieu-dung","8":"product_cat-thuc-pham-dong-hop","9":"pa_brand-hany","11":"first","12":"outofstock","13":"sale","14":"shipping-taxable","15":"purchasable","16":"product-type-simple"},"_links":{"self":[{"href":"https:\/\/havamall.com\/en\/wp-json\/wp\/v2\/product\/13854","targetHints":{"allow":["GET"]}}],"collection":[{"href":"https:\/\/havamall.com\/en\/wp-json\/wp\/v2\/product"}],"about":[{"href":"https:\/\/havamall.com\/en\/wp-json\/wp\/v2\/types\/product"}],"replies":[{"embeddable":true,"href":"https:\/\/havamall.com\/en\/wp-json\/wp\/v2\/comments?post=13854"}],"version-history":[{"count":0,"href":"https:\/\/havamall.com\/en\/wp-json\/wp\/v2\/product\/13854\/revisions"}],"wp:featuredmedia":[{"embeddable":true,"href":"https:\/\/havamall.com\/en\/wp-json\/wp\/v2\/media\/13858"}],"wp:attachment":[{"href":"https:\/\/havamall.com\/en\/wp-json\/wp\/v2\/media?parent=13854"}],"wp:term":[{"taxonomy":"product_brand","embeddable":true,"href":"https:\/\/havamall.com\/en\/wp-json\/wp\/v2\/product_brand?post=13854"},{"taxonomy":"product_cat","embeddable":true,"href":"https:\/\/havamall.com\/en\/wp-json\/wp\/v2\/product_cat?post=13854"},{"taxonomy":"product_tag","embeddable":true,"href":"https:\/\/havamall.com\/en\/wp-json\/wp\/v2\/product_tag?post=13854"}],"curies":[{"name":"wp","href":"https:\/\/api.w.org\/{rel}","templated":true}]}}