{"id":14076,"date":"2020-04-24T16:46:22","date_gmt":"2020-04-24T09:46:22","guid":{"rendered":"https:\/\/havamall.com\/?post_type=product&#038;p=14076"},"modified":"2026-04-24T10:58:57","modified_gmt":"2026-04-24T03:58:57","slug":"dam-nho-den-balsamic-lasicilia-500ml-vinegar-balsamic-glaze-lasicilia-500ml","status":"publish","type":"product","link":"https:\/\/havamall.com\/en\/shop\/dam-nho-den-balsamic-lasicilia-500ml-vinegar-balsamic-glaze-lasicilia-500ml\/","title":{"rendered":"Men gi\u1ea5m Balsamic Modena La Sicilia 500ml &#8211; La Sicilia Cream with Balsamic Vinegar of Modena 500ml"},"content":{"rendered":"<p><strong>Gi\u1ea5m l\u00e0 lo\u1ea1i gia v\u1ecb ph\u1ed5 bi\u1ebfn v\u1edbi h\u1ea7u h\u1ebft m\u1ecdi ng\u01b0\u1eddi. Nh\u01b0ng v\u1edbi lo\u1ea1i\u00a0gi\u1ea5m balsamic (hay c\u00f2n g\u1ecdi l\u00e0 gi\u1ea5m nho \u0111en) tinh t\u00fay \u0111\u1ebfn t\u1eeb v\u00f9ng B\u1eafc \u00dd, th\u00ec ch\u1ec9 c\u00f3 gi\u1edbi qu\u00fd t\u1ed9c \u00dd ho\u1eb7c nh\u1eefng ng\u01b0\u1eddi nhi\u1ec1u ti\u1ec1n m\u1edbi \u0111\u1ee7 \u201ckh\u1ea3 n\u0103ng\u201d \u0111\u1ec3 th\u01b0\u1edfng th\u1ee9c.<\/strong><\/p>\n<h1><strong>\u0110\u1eb7c \u0111i\u1ec3m th\u01b0\u01a1ng hi\u1ec7u<\/strong><\/h1>\n<p>La Sicilia International Trading Ltd l\u00e0 nh\u00e0 ph\u00e2n ph\u1ed1i h\u00e0ng \u0111\u1ea7u v\u00e0 n\u0103ng \u0111\u1ed9ng c\u00e1c s\u1ea3n ph\u1ea9m th\u1ef1c ph\u1ea9m nh\u1eadp kh\u1ea9u t\u1ea1i Trung Qu\u1ed1c \u0111\u1ea1i l\u1ee5c, qu\u1ea3n l\u00fd chu\u1ed7i cung \u1ee9ng theo ti\u00eau chu\u1ea9n ch\u00e2u \u00c2u v\u00e0 c\u00f3 t\u1ea7m nh\u00ecn d\u00e0i h\u1ea1n v\u1ec1 ho\u1ea1t \u0111\u1ed9ng kinh doanh.<\/p>\n<p>La Sicilia International Trading Ltd l\u00e0 m\u1ed9t li\u00ean doanh \u00dd \u2013 Trung Qu\u1ed1c \u2013 Anh c\u00f3 tr\u1ee5 s\u1edf t\u1ea1i B\u1eafc Kinh v\u1edbi v\u0103n ph\u00f2ng v\u00e0 \u0111\u1ed1i t\u00e1c th\u01b0\u01a1ng m\u1ea1i t\u1ea1i \u00dd.\u00a0La Sicilia c\u0169ng s\u1edf h\u1eefu v\u00e0 qu\u1ea3n l\u00fd Brand Pizza Saporita, m\u1ed9t chu\u1ed7i c\u00e1c nh\u00e0 h\u00e0ng pizza ki\u1ec3u \u00dd al aliolio ki\u1ec3u \u00dd mang \u0111\u1ebfn nh\u1eefng s\u1ea3n ph\u1ea9m ch\u1ea5t l\u01b0\u1ee3ng xu\u1ea5t x\u1ee9 t\u1eeb \u00dd.<\/p>\n<p><img fetchpriority=\"high\" decoding=\"async\" class=\"aligncenter\" src=\"https:\/\/havamall.com\/wp-content\/uploads\/2020\/04\/9b0e054c1ea55f1c69fafc1ca3f67751-300x200.jpg\" width=\"806\" height=\"537\" \/><\/p>\n<h1><strong>\u0110\u1eb7c \u0111i\u1ec3m n\u1ed5i b\u1eadt c\u1ee7a s\u1ea3n ph\u1ea9m<\/strong><\/h1>\n<p>Men gi\u1ea5m Balsamic Modena\u00a0l\u00e0 m\u1ed9t lo\u1ea1i men gi\u1ea5m t\u1eeb \u00dd. Th\u01b0\u01a1ng hi\u1ec7u La Sicilia t\u1ea1i \u00dd s\u1ea3n xu\u1ea5t d\u1ef1a theo c\u00f4ng th\u1ee9c b\u00ed m\u1eadt (s\u1eed d\u1ee5ng gia v\u1ecb c\u00f3 t\u00ean l\u00e0 PGI) v\u1edbi quy \u0111\u1ecbnh s\u1ea3n xu\u1ea5t nghi\u00eam ng\u1eb7t, t\u1ed1n nhi\u1ec1u th\u1eddi gian. C\u00e1ch ch\u1ebf bi\u1ebfn \u0111\u1ec3 l\u00e0m Gi\u1ea5m R\u01b0\u1ee3u Vang truy\u1ec1n th\u1ed1ng kh\u00f4ng th\u1ec3 \u00e1p d\u1ee5ng \u0111\u1ed1i v\u1edbi Men Gi\u1ea5m nho \u0111en Modena. Do v\u1eady h\u00e3y th\u1eed so s\u00e1nh \u0111i\u1ec3m kh\u00e1c bi\u1ec7t gi\u1eefa lo\u1ea1i gi\u1ea5m r\u01b0\u1ee3u vang b\u00ecnh th\u01b0\u1eddng v\u00e0 men gi\u1ea5m Modena n\u00e0y nh\u00e9:<\/p>\n<p>Gi\u1ea5m R\u01b0\u1ee3u Vang truy\u1ec1n th\u1ed1ng: c\u00f3 th\u1ec3 s\u1eed d\u1ee5ng tr\u1ef1c ti\u1ebfp ho\u1eb7c ch\u1ebf bi\u1ebfn \u0111\u1ec3 \u0103n k\u00e8m v\u1edbi c\u00e1c m\u00f3n kh\u00e1c, quy tr\u00ecnh th\u1ef1c hi\u1ec7n \u0111\u01a1n gi\u1ea3n h\u01a1n.<\/p>\n<p>Men gi\u1ea5m Balsamic Modena: c\u00f3 th\u1ec3 d\u00f9ng \u0111\u1ec3 \u0103n tr\u1ef1c ti\u1ebfp \u1edf d\u1ea1ng l\u1ecfng y h\u1ec7t lo\u1ea1i gi\u1ea5m th\u00f4ng th\u01b0\u1eddng, h\u01a1n th\u1ebf n\u1eefa, ch\u00fang ta c\u00f3 th\u1ec3 s\u1eed d\u1ee5ng ch\u00fang \u0111\u1ec3 t\u1ea1o ra th\u00eam gi\u1ea5m r\u01b0\u1ee3u vang \u0111\u1ec3 s\u1eed d\u1ee5ng v\u00ec n\u00f3 c\u00f3 nhi\u1ec1u nh\u1eefng th\u1ef1c th\u1ec3 men gi\u1ea5m v\u00e0 con gi\u1ea5m \u2013 y\u1ebfu t\u1ed1 quan tr\u1ecdng \u0111\u1ec3 t\u1ea1o th\u00e0nh gi\u1ea5m ngon. Quy tr\u00ecnh th\u1ef1c hi\u1ec7n ph\u1ee9c t\u1ea1p h\u01a1n r\u1ea5t nhi\u1ec1u. \u0110\u1ec3 t\u1ea1o ra \u0111\u01b0\u1ee3c men gi\u1ea5m th\u00ec c\u00e1c th\u00e0nh ph\u1ea7n khi \u0111\u00e3 \u0111\u01b0\u1ee3c tr\u1ed9n \u0111\u1ec1u, ph\u1ea3i \u0111\u01b0\u1ee3c gi\u1eef trong c\u00e1c th\u00f9ng g\u1ed7 trong th\u1eddi gian \u00edt nh\u1ea5t l\u00e0 60 ng\u00e0y.<\/p>\n<p><img decoding=\"async\" class=\"aligncenter\" src=\"https:\/\/havamall.com\/wp-content\/uploads\/2020\/04\/Balsamic-la-gi-03-300x198.png\" width=\"788\" height=\"520\" \/><\/p>\n<p>Men Gi\u1ea5m Balsamic Modena La Sicilia \u0111\u01b0\u1ee3c h\u00ecnh th\u00e0nh t\u1eeb s\u1ef1 l\u00ean men t\u1ef1 nhi\u00ean c\u1ee7a r\u01b0\u1ee3u, c\u00f3 v\u1ecb chua. Th\u00e0nh ph\u1ea7n ch\u00ednh l\u00e0 acid acetic n\u1ed3ng \u0111\u1ed9 kho\u1ea3ng 5%. Tuy gi\u1ea5m b\u00ecnh th\u01b0\u1eddng r\u1ea5t th\u00e2n thu\u1ed9c \u0111\u1ebfn m\u1ee9c \u201cb\u00ecnh d\u00e2n\u201d trong m\u1eaft nhi\u1ec1u ng\u01b0\u1eddi v\u00ec\u00a0v\u1eeba ti\u1ec7n d\u1ee5ng v\u1eeba r\u1ebb. Nh\u01b0ng Men Gi\u1ea5m Balsamic Modena La Sicilia\u00a0\u0111\u01b0\u1ee3c gi\u1edbi s\u00e0nh \u0103n x\u01b0ng t\u1ee5ng\u00a0 l\u00e0 gi\u1ea5m \u201cvua\u201d\u00a0v\u00ec ch\u1ea5t l\u01b0\u1ee3ng, v\u1edbi qui tr\u00ecnh s\u1ea3n xu\u1ea5t c\u00f4ng phu, \u0111\u1ea3m b\u1ea3o an to\u00e0n v\u1ec7 sinh th\u1ef1c ph\u1ea9m c\u1ee7a th\u01b0\u01a1ng hi\u1ec7u La Sicilia<\/p>\n<p>C\u00e1ch l\u00e0m Men Gi\u1ea5m Balsamic Modena La Sicilia kh\u00f4ng gi\u1ed1ng c\u00e1ch l\u00e0m r\u01b0\u1ee3u vang, c\u00e0ng kh\u00e1c h\u01a1n v\u1edbi gi\u1ea5m nho \u0111en truy\u1ec1n th\u1ed1ng. Giai \u0111o\u1ea1n cho l\u00ean men k\u00e9o d\u00e0i t\u1eeb 2-4 n\u0103m. V\u00e0 \u0111\u1ec3 cho ra \u0111\u1eddi 1 l\u00edt gi\u1ea5m lo\u1ea1i truy\u1ec1n th\u1ed1ng ph\u1ea3i m\u1ea5t g\u1ea7n 100 l\u00edt n\u01b0\u1edbc \u00e9p nho, \u0111\u01b0\u1ee3c \u0111\u1ef1ng xuy\u00ean su\u1ed1t trong c\u00e1c th\u00f9ng g\u1ed7.<\/p>\n<p><img decoding=\"async\" class=\"wp-image-14182 aligncenter\" src=\"https:\/\/havamall.com\/wp-content\/uploads\/2020\/04\/Traditional-18-Year-Balsamic-Vinegar-300x199.jpg\" alt=\"\" width=\"817\" height=\"541\" \/><\/p>\n<p>H\u01b0\u01a1ng v\u1ecb c\u1ee7a gi\u1ea5m balsamic ch\u00ednh hi\u1ec7u ngo\u00e0i v\u1ecb chua \u0111\u1eb7c tr\u01b0ng \u0111\u1eadm \u0111\u00e0\u00a0c\u00f2n c\u00f3 v\u1ecb ng\u1ecdt r\u1ea5t \u0111\u1eb7c bi\u1ec7t\u00a0m\u00e0 nh\u1eefng ng\u01b0\u1eddi nh\u1ea1y v\u1ecb gi\u00e1c c\u00f3 th\u1ec3 ph\u00e1t hi\u1ec7n. M\u1ed9t s\u1ed1 n\u01a1i cho th\u00eam m\u1eadt ong v\u00e0o \u0111\u1ec3 t\u0103ng v\u1ecb ng\u1ecdt n\u00e0y, nh\u01b0ng n\u1ebfu s\u1ea3n xu\u1ea5t theo c\u00e1ch truy\u1ec1n th\u1ed1ng s\u1ebd kh\u00f4ng c\u1ea7n \u0111\u1ebfn v\u00ec v\u1ecb ng\u1ecdt \u0111\u1ebfn t\u1eeb ch\u1ea5t li\u1ec7u g\u1ed7 m\u00e0 gi\u1ea5m \u0111\u01b0\u1ee3c \u01b0\u1edbp v\u00e0o.<\/p>\n<h1><strong>C\u00e1ch s\u1eed d\u1ee5ng men gi\u1ea5m<\/strong><\/h1>\n<p>Men Gi\u1ea5m Balsamic Modena La Sicilia v\u1eabn c\u00f3 c\u00f4ng d\u1ee5ng t\u01b0\u01a1ng t\u1ef1 nh\u01b0 gi\u1ea5m Balsamic th\u00f4ng th\u01b0\u1eddng:<\/p>\n<p>Trong c\u00e1c Kh\u00e1ch s\u1ea1n \u2013 Nh\u00e0 h\u00e0ng, gi\u1ea5m Balsamic th\u01b0\u1eddng \u0111\u01b0\u1ee3c c\u00e1c \u0111\u1ea7u b\u1ebfp s\u1eed d\u1ee5ng trong ch\u1ebf bi\u1ebfn c\u00e1c m\u00f3n \u00c2u, \u0111\u1eb7c bi\u1ec7t l\u00e0 m\u00f3n \u00dd hay m\u00f3n n\u1ea5u theo phong c\u00e1ch \u0110\u1ecba Trung H\u1ea3i. Gi\u1ea5m nho \u0111en th\u01b0\u1eddng \u0111\u01b0\u1ee3c pha v\u1edbi d\u1ea7u oliu \u0111\u1ec3 ch\u1ea5m b\u00e1nh m\u00ec, l\u00e0m gia v\u1ecb \u01b0\u1edbp c\u00e1c m\u00f3n th\u1ecbt n\u01b0\u1edbng, pha s\u1ed1t tr\u1ed9n salad, l\u00e0m n\u01b0\u1edbc s\u1ed1t cho c\u00e1c m\u00f3n \u00e1p ch\u1ea3o \u2013 m\u00f3n x\u00e0o\u2026<\/p>\n<p><img decoding=\"async\" class=\"aligncenter\" src=\"https:\/\/havamall.com\/wp-content\/uploads\/2020\/04\/balsamic-vinegar-tomato-basil-salad.jpg\" alt=\"The Many Uses For Balsamic Vinegar\" \/><\/p>\n<p><strong>C\u00e1ch s\u1eed d\u1ee5ng:<\/strong><br \/>\n\u2013 R\u01b0\u1edbi l\u00ean m\u00f3n salad, s\u00fap, m\u00f3n h\u1ea7m v\u00e0 m\u1ef3<br \/>\n\u2013 Tr\u1ed9n x\u00e0 l\u00e1ch c\u00f9ng v\u1edbi d\u1ea7u \u00f4 liu<br \/>\n\u2013 Thay cho r\u01b0\u1ee3u vang \u0111\u1ecf khi l\u00e0m n\u01b0\u1edbc s\u1ed1t th\u1ecbt<\/p>\n<p>B\u1ea1n c\u0169ng c\u00f3 th\u1ec3 s\u1eed d\u1ee5ng\u00a0Men Gi\u1ea5m Balsamic Modena La Sicilia \u0111\u1ec3 nu\u00f4i c\u1ea5y v\u00e0 t\u1ea1o ra th\u00eam nhi\u1ec1u h\u0169 gi\u1ea5m \u0111en kh\u00e1c<\/p>\n<h1><strong>C\u00f4ng d\u1ee5ng c\u1ee7a gi\u1ea5m \u0111en<\/strong><\/h1>\n<p>-K\u00edch th\u00edch ti\u00eau h\u00f3a<\/p>\n<p>-H\u1ed7 tr\u1ee3 s\u00e1t khu\u1ea9n \u0111\u01b0\u1eddng ru\u1ed9t<\/p>\n<p>-T\u0103ng h\u1ea5p th\u1ee5 canxi<\/p>\n<p>-Gi\u1ea5m gi\u1eef l\u1ea1i vitamin C trong th\u1ee9c \u0103n<\/p>\n<p>-\u0110au b\u1ee5ng do giun<\/p>\n<p>-Gi\u00fap d\u1ec5 ng\u1ee7<\/p>\n<p>-H\u1ed7 tr\u1ee3 ch\u1eefa t\u00e1o b\u00f3n<\/p>\n<p>-Gi\u1ea5m t\u1ed1t cho ng\u01b0\u1eddi m\u1eafc b\u1ec7nh gan<\/p>\n<p>-Gi\u1ea3m b\u00e9o<\/p>\n<p><img loading=\"lazy\" decoding=\"async\" class=\"aligncenter\" src=\"https:\/\/havamall.com\/wp-content\/uploads\/2020\/04\/vka-salad-1015-jpg.jpg\" alt=\"Ask Eric: Balsamic\" width=\"837\" height=\"560\" \/><\/p>\n<p>H\u00e3y l\u1ef1a ch\u1ecdn Havamall l\u00e0m n\u01a1i &#8220;ch\u1ecdn m\u1eb7t g\u1eedi v\u00e0ng&#8221; khi mua c\u00e1c s\u1ea3n ph\u1ea9m \u0111\u01b0\u1ee3c nh\u1eadp kh\u1ea9u t\u1eeb n\u01b0\u1edbc ngo\u00e0i \u0111\u1ec3 \u0111\u1ea3m b\u1ea3o ch\u1ea5t l\u01b0\u1ee3ng ho\u00e0n h\u1ea3o nh\u00e9.<\/p>\n<p>&nbsp;<\/p>","protected":false},"excerpt":{"rendered":"<ul class=\"list\">\n<li>S\u1ea3n ph\u1ea9m \u0111\u01b0\u1ee3c chi\u1ebft xu\u1ea5t 100% nguy\u00ean ch\u1ea5t t\u1eeb t\u00e1o tuy\u1ec3n ch\u1ecdn t\u1eeb \u00dd.<\/li>\n<li>S\u1ea3n ph\u1ea9m \u0111\u01b0\u1ee3c \u0111\u00f3ng chai th\u1ee7y tinh ti\u1ec7n d\u1ee5ng, s\u1ea1ch s\u1ebd.<\/li>\n<li>Gi\u1ea5m nho \u0111en nguy\u00ean ch\u1ea5t Lasicilia \u0111\u01b0\u1ee3c s\u1ea3n xu\u1ea5t theo c\u00f4ng ngh\u1ec7 hi\u1ec7n \u0111\u1ea1i, kh\u00e9p k\u00edn.<\/li>\n<li>Gi\u1ea5m nho \u0111en Lasicilia \u0111\u01b0\u1ee3c nh\u1eadp kh\u1ea9u nguy\u00ean chai t\u1eeb \u00dd.<\/li>\n<\/ul>","protected":false},"featured_media":29100,"comment_status":"open","ping_status":"closed","template":"","meta":[],"product_brand":[],"product_cat":[724,36],"product_tag":[],"class_list":{"0":"post-14076","1":"product","2":"type-product","3":"status-publish","4":"has-post-thumbnail","6":"product_cat-nhap-khau-y","7":"product_cat-thuc-pham-tieu-dung","8":"pa_brand-lasicilia","10":"first","11":"instock","12":"sale","13":"shipping-taxable","14":"purchasable","15":"product-type-simple"},"_links":{"self":[{"href":"https:\/\/havamall.com\/en\/wp-json\/wp\/v2\/product\/14076","targetHints":{"allow":["GET"]}}],"collection":[{"href":"https:\/\/havamall.com\/en\/wp-json\/wp\/v2\/product"}],"about":[{"href":"https:\/\/havamall.com\/en\/wp-json\/wp\/v2\/types\/product"}],"replies":[{"embeddable":true,"href":"https:\/\/havamall.com\/en\/wp-json\/wp\/v2\/comments?post=14076"}],"version-history":[{"count":2,"href":"https:\/\/havamall.com\/en\/wp-json\/wp\/v2\/product\/14076\/revisions"}],"predecessor-version":[{"id":46067,"href":"https:\/\/havamall.com\/en\/wp-json\/wp\/v2\/product\/14076\/revisions\/46067"}],"wp:featuredmedia":[{"embeddable":true,"href":"https:\/\/havamall.com\/en\/wp-json\/wp\/v2\/media\/29100"}],"wp:attachment":[{"href":"https:\/\/havamall.com\/en\/wp-json\/wp\/v2\/media?parent=14076"}],"wp:term":[{"taxonomy":"product_brand","embeddable":true,"href":"https:\/\/havamall.com\/en\/wp-json\/wp\/v2\/product_brand?post=14076"},{"taxonomy":"product_cat","embeddable":true,"href":"https:\/\/havamall.com\/en\/wp-json\/wp\/v2\/product_cat?post=14076"},{"taxonomy":"product_tag","embeddable":true,"href":"https:\/\/havamall.com\/en\/wp-json\/wp\/v2\/product_tag?post=14076"}],"curies":[{"name":"wp","href":"https:\/\/api.w.org\/{rel}","templated":true}]}}