{"id":14081,"date":"2020-04-24T16:56:16","date_gmt":"2020-04-24T09:56:16","guid":{"rendered":"https:\/\/havamall.com\/?post_type=product&#038;p=14081"},"modified":"2024-11-11T11:55:20","modified_gmt":"2024-11-11T04:55:20","slug":"dau-olive-extra-virgin-1-lit-extra-virgin-olive-oil-1-liter","status":"publish","type":"product","link":"https:\/\/havamall.com\/en\/shop\/dau-olive-extra-virgin-1-lit-extra-virgin-olive-oil-1-liter\/","title":{"rendered":"D\u1ea7u Olive Extra Virgin La Sicilia 1 L\u00edt &#8211; Extra Virgin Olive Oil 1 Liter La Sicilia"},"content":{"rendered":"<p><span style=\"font-weight: 400;\">Spicy Sicilian l\u00e0 m\u1ed9t li\u00ean doanh c\u1ee7a Trung Qu\u1ed1c, \u00dd v\u00e0 V\u01b0\u01a1ng qu\u1ed1c Anh. C\u00f3 tr\u1ee5 s\u1edf t\u1ea1i B\u1eafc Kinh, n\u00f3 c\u0169ng c\u00f3 v\u0103n ph\u00f2ng mua s\u1eafm \u1edf \u00dd v\u00e0 V\u01b0\u01a1ng qu\u1ed1c Anh, v\u1edbi c\u00e1c ngu\u1ed3n l\u1ef1c \u0111\u1ed1i t\u00e1c kinh doanh m\u1ea1nh m\u1ebd.<\/span><\/p>\n<p><span style=\"font-weight: 400;\">Spicy Sicilian \u0111\u1ea7u t\u01b0 v\u00e0o nh\u00e0 h\u00e0ng pizza th\u1ee7 c\u00f4ng c\u1ee7a \u00dd \u201cPIZZA SAPORITA\u201d t\u1ea1i B\u1eafc Kinh. Th\u00f4ng qua pizza \u00dd v\u00e0 c\u00e1c m\u00f3n \u00dd \u0111\u00edch th\u1ef1c, nhi\u1ec1u ng\u01b0\u1eddi c\u00f3 th\u1ec3 n\u1ebfm h\u01b0\u01a1ng v\u1ecb \u00dd v\u00e0 tr\u1ea3i nghi\u1ec7m cu\u1ed9c s\u1ed1ng \u00dd!<\/span><\/p>\n<p><span style=\"font-weight: 400;\">N\u1eb1m \u1edf t\u1ec9nh Napoli, v\u00f9ng Campania c\u1ee7a \u00dd, c\u00f4ng ty Spicy Sicilian \u0111\u01b0\u1ee3c th\u00e0nh l\u1eadp v\u00e0o n\u0103m 1883. Trong t\u1ea5t c\u1ea3 nh\u1eefng n\u0103m n\u00e0y, c\u00f4ng ty lu\u00f4n ch\u00fa \u00fd \u0111\u1eb7c bi\u1ec7t \u0111\u1ebfn nhu c\u1ea7u c\u1ee7a ng\u01b0\u1eddi ti\u00eau d\u00f9ng v\u00e0 v\u1ec1 ch\u1ea5t l\u01b0\u1ee3ng s\u1ea3n ph\u1ea9m. Nh\u1edd s\u1ef1 ch\u00fa \u00fd c\u1ee7a m\u00ecnh, qua h\u01a1n 100 n\u0103m \u0111\u1ed5i m\u1edbi v\u00e0 nghi\u00ean c\u1ee9u c\u00f4ng ngh\u1ec7, danh ti\u1ebfng c\u1ee7a c\u00f4ng ty \u0111\u00e3 \u0111\u1ea1t \u0111\u1ebfn m\u1ee9c r\u1ea5t cao kh\u00f4ng ch\u1ec9 \u1edf \u00dd m\u00e0 c\u00f2n tr\u00ean to\u00e0n ch\u00e2u \u00c2u.<\/span><\/p>\n<p><img fetchpriority=\"high\" decoding=\"async\" class=\"wp-image-16084 aligncenter\" src=\"https:\/\/havamall.com\/wp-content\/uploads\/2020\/04\/9b0e054c1ea55f1c69fafc1ca3f67751-1-300x200.jpg\" alt=\"\" width=\"676\" height=\"451\" \/><\/p>\n<h2>Th\u00f4ng tin s\u1ea3n ph\u1ea9m<\/h2>\n<p>D\u1ea7u Olive Extra Virgin l\u00e0 d\u1ea7u ch\u01b0a tinh ch\u1ebf, \u0111\u01b0\u1ee3c l\u1ea5y t\u1eeb n\u01b0\u1edbc \u00e9p \u0111\u1ea7u ti\u00ean c\u1ee7a qu\u1ea3 \u00f4liu n\u00ean c\u00f3 h\u01b0\u01a1ng v\u1ecb tinh khi\u1ebft nh\u1ea5t. Lo\u1ea1i n\u00e0y thu \u0111\u01b0\u1ee3c b\u1eb1ng ph\u01b0\u01a1ng ph\u00e1p\u00a0c\u01a1 h\u1ecdc v\u00e0 v\u1eadt l\u00fd trong \u0111i\u1ec1u ki\u1ec7n nhi\u1ec7t \u0111\u1ed9 \u0111\u01b0\u1ee3c ki\u1ec3m so\u00e1t. C\u00e0ng \u00edt qua x\u1eed l\u00fd th\u00ec d\u1ea7u \u00f4liu c\u00e0ng \u0111\u1ea3m b\u1ea3o \u0111\u01b0\u1ee3c ch\u1ea5t l\u01b0\u1ee3ng c\u0169ng nh\u01b0 h\u01b0\u01a1ng v\u1ecb.<\/p>\n<p>S\u1ea3n ph\u1ea9m v\u1edbi thi\u1ebft k\u1ebf chai thu\u1ef7 tinh sang tr\u1ecdng v\u00e0 tinh t\u1ebf gi\u00fap b\u1ea3o qu\u1ea3n d\u1ea7u m\u1ed9t c\u00e1ch hi\u1ec7u qu\u1ea3 nh\u1ea5t. Chai thu\u1ef7 tinh c\u00f3 m\u00e0u \u0111en \u0111\u1ec3 h\u1ea1n ch\u1ebf \u00e1nh n\u1eafng ti\u1ebfp x\u00fac tr\u1ef1c ti\u1ebfp v\u1edbi s\u1ea3n ph\u1ea9m.<\/p>\n<p>H\u1ea1n s\u1eed d\u1ee5ng: 1 n\u0103m.<\/p>\n<p><span style=\"font-weight: 400;\">D\u1ea7u oliu l\u00e0 lo\u1ea1i d\u1ea7u thu \u0111\u01b0\u1ee3c t\u1eeb c\u00e2y oliu, Olea Europaea, thu\u1ed9c h\u1ecd Oleaceae, m\u1ed9t lo\u1ea1i c\u00e2y truy\u1ec1n th\u1ed1ng c\u1ee7a v\u00f9ng \u0110\u1ecba Trung H\u1ea3i. D\u1ea7u oliu c\u00f3 m\u00e0u v\u00e0ng s\u00e1nh \u0111\u1eb7c tr\u01b0ng, th\u01b0\u1eddng \u0111\u01b0\u1ee3c s\u1eed d\u1ee5ng trong n\u1ea5u \u0103n, m\u1ef9 ph\u1ea9m, d\u01b0\u1ee3c ph\u1ea9m, x\u00e0 ph\u00f2ng v\u00e0 l\u00e0m nhi\u00ean li\u1ec7u cho \u0111\u00e8n d\u1ea7u truy\u1ec1n th\u1ed1ng.<\/span><\/p>\n<p><span style=\"font-weight: 400;\">D\u1ea7u oliu l\u00e0 nguy\u00ean li\u1ec7u quen thu\u1ed9c \u0111\u01b0\u1ee3c tin d\u00f9ng v\u00ec c\u00f4ng d\u1ee5ng c\u1ee7a n\u00f3 \u0111\u1ed1i v\u1edbi s\u1ee9c kh\u1ecfe v\u00e0 l\u00e0m \u0111\u1eb9p. D\u1ea7u oliu c\u0169ng \u0111\u01b0\u1ee3c xem l\u00e0 lo\u1ea1i d\u1ea7u \u0103n t\u1ed1t h\u01a1n nhi\u1ec1u so v\u1edbi c\u00e1c lo\u1ea1i d\u1ea7u th\u1ef1c v\u1eadt kh\u00e1c. C\u00e1c m\u00f3n \u0103n s\u1eed d\u1ee5ng d\u1ea7u oliu s\u1ebd c\u00f3 h\u01b0\u01a1ng v\u1ecb th\u01a1m ngon, h\u1ea5p d\u1eabn h\u01a1n. \u0110\u1ec3 kh\u00e1m ph\u00e1 th\u00eam v\u1ec1 lo\u1ea1i d\u1ea7u r\u1ea5t h\u1eefu \u00edch n\u00e0y, ch\u00fang ta c\u00f9ng t\u00ecm hi\u1ec3u d\u1ea7u oliu l\u00e0 g\u00ec, c\u00f4ng d\u1ee5ng v\u00e0 c\u00e1ch s\u1eed d\u1ee5ng d\u1ea7u oliu ra sao \u0111\u1ec3 c\u00f3 th\u1ec3 s\u1eed d\u1ee5ng d\u1ea7u oliu hi\u1ec7u qu\u1ea3 nh\u1ea5t nh\u00e9. <\/span><\/p>\n<p><img decoding=\"async\" class=\"aligncenter\" src=\"https:\/\/havamall.com\/wp-content\/uploads\/2020\/04\/Dau-oliu-co-nhieu-cong-dung-tot-cho-suc-khoe-va-lam-dep.jpg\" alt=\"D\u1ea7u oliu c\u00f3 nhi\u1ec1u c\u00f4ng d\u1ee5ng t\u1ed1t cho s\u1ee9c kh\u1ecfe v\u00e0 l\u00e0m \u0111\u1eb9p \" \/><\/p>\n<h2><span style=\"font-weight: 400;\"><strong>C\u00f4ng d\u1ee5ng<\/strong><\/span><\/h2>\n<p><span style=\"font-weight: 400;\">D\u1ea7u oliu c\u00f3 nhi\u1ec1u c\u00f4ng d\u1ee5ng trong ch\u0103m s\u00f3c s\u1ee9c kh\u1ecfe v\u00e0 l\u00e0m \u0111\u1eb9p. Trong d\u1ea7u oliu c\u00f3 nhi\u1ec1u axit b\u00e9o c\u00f3 l\u1ee3i cho c\u01a1 th\u1ec3, ch\u1ee9a nhi\u1ec1u lo\u1ea1i vitamin A, D, F, K, gi\u00e0u ch\u1ea5t carotene, vitamin dung h\u00f2a ch\u1ea5t b\u00e9o v\u00e0 ch\u1ea5t ch\u1ed1ng oxy h\u00f3a nh\u01b0ng l\u1ea1i kh\u00f4ng c\u00f3 cholesterol n\u00ean kh\u1ea3 n\u0103ng h\u1ea5p th\u1ee5 v\u00e0 ti\u00eau h\u00f3a r\u1ea5t l\u1edbn. D\u1ea7u oliu c\u00f3 th\u1ec3 ph\u00f2ng ng\u1eeba c\u00e1c ch\u1ee9ng b\u1ec7nh nh\u01b0 x\u01a1 c\u1ee9ng \u0111\u1ed9ng m\u1ea1ch, cao huy\u1ebft \u00e1p, b\u1ec7nh tim, th\u1eadn suy y\u1ebfu th\u00f4ng qua vi\u1ec7c th\u00fac \u0111\u1ea9y tu\u1ea7n ho\u00e0n m\u00e1u.<\/span><\/p>\n<p><span style=\"font-weight: 400;\"><img decoding=\"async\" class=\"aligncenter\" src=\"https:\/\/havamall.com\/wp-content\/uploads\/2020\/04\/Dau-oliu-duoc-su-dung-nhieu-de-nau-an.jpg\" alt=\"D\u1ea7u oliu \u0111\u01b0\u1ee3c s\u1eed d\u1ee5ng nhi\u1ec1u \u0111\u1ec3 n\u1ea5u \u0103n \" \/>\u00a0<\/span><\/p>\n<p><span style=\"font-weight: 400;\">D\u1ea7u oliu c\u00f2n c\u00f3 ch\u1ee9c n\u0103ng ng\u0103n ch\u1eb7n g\u00e2y vi\u00eam d\u1ea1 d\u00e0y, vi\u00eam lo\u00e9t \u0111\u01b0\u1eddng ru\u1ed9t, \u0111\u1ed3ng th\u1eddi c\u00f3 th\u1ec3 k\u00edch th\u00edch d\u1ecbch m\u1eadt b\u00e0i ti\u1ebft, l\u00e0m cho ch\u1ea5t m\u1ee1 gi\u1ea3m th\u1ea5p v\u00e0 h\u00f2a tan, d\u1ec5 \u0111\u01b0\u1ee3c ni\u00eam m\u1ea1c \u0111\u01b0\u1eddng ru\u1ed9t h\u1ea5p th\u1ee5, tr\u00e1nh \u0111\u01b0\u1ee3c b\u1ec7nh vi\u00eam t\u00fai m\u1eadt v\u00e0 s\u1ecfi m\u1eadt. <\/span><\/p>\n<p><span style=\"font-weight: 400;\">D\u1ea7u oliu gi\u00fap t\u0103ng c\u01b0\u1eddng ch\u1ee9c n\u0103ng trao \u0111\u1ed5i ch\u1ea5t trong c\u01a1 th\u1ec3, th\u00fac \u0111\u1ea9y h\u1ec7 x\u01b0\u01a1ng ph\u00e1t tri\u1ec3n, duy tr\u00ec m\u1eadt \u0111\u1ed9 cho x\u01b0\u01a1ng, gi\u1ea3m b\u1edbt nguy c\u01a1 h\u00ecnh th\u00e0nh lo\u00e3ng x\u01b0\u01a1ng hay thi\u1ebfu x\u01b0\u01a1ng do c\u00e1c g\u1ed1c t\u1ef1 do g\u00e2y ra, c\u00f3 t\u00e1c d\u1ee5ng ch\u1ed1ng ung th\u01b0, ch\u1ed1ng tia ph\u00f3ng x\u1ea1 v\u00e0 ph\u00f2ng b\u1ec7nh tim m\u1ea1ch.<\/span><\/p>\n<p><span style=\"font-weight: 400;\">B\u00ean c\u1ea1nh nh\u1eefng c\u00f4ng d\u1ee5ng t\u1ed1t cho s\u1ee9c kh\u1ecfe, d\u1ea7u oliu c\u00f2n c\u00f3 r\u1ea5t t\u1ed1t trong vi\u1ec7c ch\u0103m s\u00f3c s\u1eafc \u0111\u1eb9p. <\/span><span style=\"font-weight: 400;\">D\u1ea7u oliu c\u00f3 t\u00e1c d\u1ee5ng d\u01b0\u1ee1ng da m\u1eb7t t\u1ed1t, cung c\u1ea5p \u0111\u1ed9 \u1ea9m ho\u00e0n h\u1ea3o cho da (nh\u1ea5t l\u00e0 da kh\u00f4), \u0111em l\u1ea1i l\u00e0n da m\u1ec1m m\u1ecbn, gi\u00fap da s\u0103n ch\u1eafc, t\u1ea9y t\u1ebf b\u00e0o ch\u1ebft cho da, ch\u1ed1ng l\u1ea1i qu\u00e1 tr\u00ecnh l\u00e3o h\u00f3a da, gi\u1ea3m n\u1ebfp nh\u0103n quanh v\u00f9ng m\u1eaft, ch\u1ed1ng r\u1ea1n da, t\u1ea9y trang hi\u1ec7u qu\u1ea3.<\/span><\/p>\n<h2><strong>C\u00e1ch s\u1eed d\u1ee5ng d\u1ea7u oliu<\/strong><\/h2>\n<p><span style=\"font-weight: 400;\">V\u1edbi nh\u1eefng c\u00f4ng d\u1ee5ng tuy\u1ec7t v\u1eddi cho s\u1ee9c kh\u1ecfe v\u00e0 ch\u0103m s\u00f3c s\u1eafc \u0111\u1eb9p, d\u1ea7u oliu \u0111\u01b0\u1ee3c s\u1eed d\u1ee5ng nhi\u1ec1u trong n\u1ea5u \u0103n v\u00e0 s\u1eed d\u1ee5ng nh\u01b0 m\u1ed9t lo\u1ea1i m\u1ef9 ph\u1ea9m t\u1ef1 nhi\u00ean.<\/span><\/p>\n<p><img decoding=\"async\" class=\"aligncenter\" src=\"https:\/\/havamall.com\/wp-content\/uploads\/2020\/04\/513983116-1024x782.jpg\" alt=\"C\u00f3 n\u00ean s\u1eed d\u1ee5ng d\u1ea7u oliu cho tr\u1ebb nh\u1ecf kh\u00f4ng? \u2022 Hello Bacsi\" \/><\/p>\n<p><span style=\"font-weight: 400;\">M\u1ed9t s\u1ed1 c\u00e1ch s\u1eed d\u1ee5ng d\u1ea7u oliu trong n\u1ea5u \u0103n:<\/span><\/p>\n<ul>\n<li style=\"font-weight: 400;\"><span style=\"font-weight: 400;\">D\u00f9ng l\u00e0m m\u1ed9t lo\u1ea1i d\u1ea7u chi\u00ean x\u00e0o thay cho m\u1ee1 \u0111\u1ed9ng v\u1eadt v\u00e0 c\u00e1c lo\u1ea1i d\u1ea7u kh\u00e1c. D\u1ea7u oliu c\u00f3 \u0111i\u1ec3m s\u00f4i th\u1ea5p n\u00ean \u0111\u01b0\u1ee3c khuy\u00ean tr\u00e1nh d\u00f9ng l\u00e0m nguy\u00ean li\u1ec7u trong nh\u1eefng tr\u01b0\u1eddng h\u1ee3p ch\u1ebf bi\u1ebfn c\u00e1c m\u00f3n \u0103n c\u1ea7n nhi\u1ec7t \u0111\u1ed9 cao nh\u01b0 chi\u00ean gi\u00f2n, \u00e1p ch\u1ea3o, x\u00e0o trong th\u1eddi gian d\u00e0i\u2026<\/span><\/li>\n<li style=\"font-weight: 400;\"><span style=\"font-weight: 400;\">D\u00f9ng r\u01b0\u1edbi l\u00ean m\u00f3n salad ho\u1eb7c l\u00e0m s\u1ed1t tr\u1ed9n salad<\/span><\/li>\n<li style=\"font-weight: 400;\"><span style=\"font-weight: 400;\">D\u00f9ng l\u00e0m nguy\u00ean li\u1ec7u \u01b0\u1edbp c\u00e1c lo\u1ea1i th\u1ecbt v\u00e0 rau c\u1ee7 s\u1ebd gi\u00fap t\u0103ng h\u01b0\u01a1ng v\u1ecb khi ch\u1ebf bi\u1ebfn<\/span><\/li>\n<li style=\"font-weight: 400;\"><span style=\"font-weight: 400;\">Th\u00eam v\u00e0o m\u00f3n \u0103n \u0111\u00e3 ch\u00edn nh\u01b0 m\u1ef3 \u00dd hay rau c\u1ee7 l\u00e0m t\u0103ng h\u01b0\u01a1ng v\u1ecb cho m\u00f3n \u0103n.<\/span><\/li>\n<li style=\"font-weight: 400;\"><span style=\"font-weight: 400;\">S\u1eed d\u1ee5ng thay cho b\u01a1 khi \u0103n v\u1edbi b\u00e1nh m\u00ec, tr\u1ed9n c\u00f9ng ch\u00fat d\u1ea5m balsamic, khi l\u00e0m b\u1ed9t b\u00e1nh gato chanh, l\u00e0m b\u00e1nh m\u00ec n\u01b0\u1edbng t\u1ecfi, trong l\u00fac ch\u1ebf bi\u1ebfn khoai t\u00e2y nghi\u1ec1n ho\u1eb7c khoai t\u00e2y n\u01b0\u1edbng.<\/span><\/li>\n<\/ul>\n<p><span style=\"font-weight: 400;\">D\u1ea7u oliu c\u00f3 th\u1ec3 d\u00f9ng ri\u00eang ho\u1eb7c k\u1ebft h\u1ee3p v\u1edbi m\u1eadt ong, tr\u1ee9ng g\u00e0 l\u00e0m m\u1eb7t n\u1ea1 \u0111\u1eafp da m\u1eb7t, da m\u1eaft, ch\u0103m s\u00f3c t\u1ed1t nh\u1ea5t cho da. Nh\u01b0 tr\u00ean ch\u00fang ta \u0111\u00e3 bi\u1ebft d\u1ea7u oliu l\u00e0 g\u00ec, c\u00f4ng d\u1ee5ng v\u00e0 c\u00e1ch s\u1eed d\u1ee5ng d\u1ea7u oliu. B\u1ea1n c\u00f3 th\u1ec3 s\u1eed d\u1ee5ng lo\u1ea1i d\u1ea7u tuy\u1ec7t v\u1eddi \u0111\u1ec3 n\u1ea5u nh\u1eefng m\u00f3n \u0103n h\u1ea5p d\u1eabn hay ch\u0103m s\u00f3c cho l\u00e0n da c\u1ee7a b\u1ea1n. D\u1ea7u oliu hi\u1ec7n c\u00f3 b\u1ea1n nhi\u1ec1u t\u1ea1i si\u00eau th\u1ecb v\u00e0 c\u1eeda h\u00e0ng b\u00e1n nguy\u00ean li\u1ec7u n\u1ea5u \u0103n. B\u1ea1n c\u00f3 th\u1ec3 d\u1ec5 d\u00e0ng mua \u0111\u1ec3 ch\u1ebf bi\u1ebfn nh\u1eefng m\u00f3n \u0103n tuy\u1ec7t v\u1eddi c\u1ee7a m\u00ecnh.<\/span><\/p>","protected":false},"excerpt":{"rendered":"<ul>\n<li>D\u1ea7u Olive Extra Virgin c\u1ee7a La Sicilia v\u1edbi thi\u1ebft k\u1ebf chai thu\u1ef7 tinh sang tr\u1ecdng v\u00e0 tinh t\u1ebf gi\u00fap b\u1ea3o qu\u1ea3n d\u1ea7u m\u1ed9t c\u00e1ch hi\u1ec7u qu\u1ea3 nh\u1ea5t. Chai thu\u1ef7 tinh c\u00f3 m\u00e0u \u0111en \u0111\u1ec3 h\u1ea1n ch\u1ebf \u00e1nh n\u1eafng ti\u1ebfp x\u00fac tr\u1ef1c ti\u1ebfp v\u1edbi s\u1ea3n ph\u1ea9m.<\/li>\n<li>D\u1ea7u Olive Extra Virgin l\u00e0 d\u1ea7u ch\u01b0a tinh ch\u1ebf, \u0111\u01b0\u1ee3c l\u1ea5y t\u1eeb n\u01b0\u1edbc \u00e9p \u0111\u1ea7u ti\u00ean c\u1ee7a qu\u1ea3 \u00f4liu n\u00ean c\u00f3 h\u01b0\u01a1ng v\u1ecb tinh khi\u1ebft nh\u1ea5t.<\/li>\n<li>Lo\u1ea1i n\u00e0y thu \u0111\u01b0\u1ee3c b\u1eb1ng ph\u01b0\u01a1ng ph\u00e1p\u00a0c\u01a1 h\u1ecdc v\u00e0 v\u1eadt l\u00fd trong \u0111i\u1ec1u ki\u1ec7n nhi\u1ec7t \u0111\u1ed9 \u0111\u01b0\u1ee3c ki\u1ec3m so\u00e1t. C\u00e0ng \u00edt qua x\u1eed l\u00fd th\u00ec d\u1ea7u \u00f4liu c\u00e0ng \u0111\u1ea3m b\u1ea3o \u0111\u01b0\u1ee3c ch\u1ea5t l\u01b0\u1ee3ng c\u0169ng nh\u01b0 h\u01b0\u01a1ng v\u1ecb.<\/li>\n<\/ul>\n<p>&nbsp;<\/p>","protected":false},"featured_media":24158,"comment_status":"open","ping_status":"closed","template":"","meta":[],"product_brand":[],"product_cat":[36],"product_tag":[],"class_list":{"0":"post-14081","1":"product","2":"type-product","3":"status-publish","4":"has-post-thumbnail","6":"product_cat-thuc-pham-tieu-dung","7":"pa_brand-lasicilia","9":"first","10":"outofstock","11":"sale","12":"shipping-taxable","13":"purchasable","14":"product-type-variable","15":"has-default-attributes"},"_links":{"self":[{"href":"https:\/\/havamall.com\/en\/wp-json\/wp\/v2\/product\/14081","targetHints":{"allow":["GET"]}}],"collection":[{"href":"https:\/\/havamall.com\/en\/wp-json\/wp\/v2\/product"}],"about":[{"href":"https:\/\/havamall.com\/en\/wp-json\/wp\/v2\/types\/product"}],"replies":[{"embeddable":true,"href":"https:\/\/havamall.com\/en\/wp-json\/wp\/v2\/comments?post=14081"}],"version-history":[{"count":0,"href":"https:\/\/havamall.com\/en\/wp-json\/wp\/v2\/product\/14081\/revisions"}],"wp:featuredmedia":[{"embeddable":true,"href":"https:\/\/havamall.com\/en\/wp-json\/wp\/v2\/media\/24158"}],"wp:attachment":[{"href":"https:\/\/havamall.com\/en\/wp-json\/wp\/v2\/media?parent=14081"}],"wp:term":[{"taxonomy":"product_brand","embeddable":true,"href":"https:\/\/havamall.com\/en\/wp-json\/wp\/v2\/product_brand?post=14081"},{"taxonomy":"product_cat","embeddable":true,"href":"https:\/\/havamall.com\/en\/wp-json\/wp\/v2\/product_cat?post=14081"},{"taxonomy":"product_tag","embeddable":true,"href":"https:\/\/havamall.com\/en\/wp-json\/wp\/v2\/product_tag?post=14081"}],"curies":[{"name":"wp","href":"https:\/\/api.w.org\/{rel}","templated":true}]}}