{"id":14478,"date":"2020-05-15T16:08:51","date_gmt":"2020-05-15T09:08:51","guid":{"rendered":"https:\/\/havamall.com\/?post_type=product&#038;p=14478"},"modified":"2023-10-24T16:36:18","modified_gmt":"2023-10-24T09:36:18","slug":"keo-icee-vi-dao-hop-145g-icee-candy-peach-flavor-145g","status":"publish","type":"product","link":"https:\/\/havamall.com\/en\/shop\/keo-icee-vi-dao-hop-145g-icee-candy-peach-flavor-145g\/","title":{"rendered":"K\u1eb9o Icee V\u1ecb \u0110\u00e0o H\u1ed9p 145g \u2013 Icee Candy Peach Flavor 145g"},"content":{"rendered":"<p><strong>K\u1eb9o The Ice (v\u1ecb \u0110\u00e0o)\u00a0<\/strong>nay \u0111\u00e3 c\u00f3 d\u1ea1ng g\u00f3i ti\u1ec7n d\u1ee5ng. V\u1edbi kho\u00e1 zipper, gi\u00fap b\u1ea1n d\u1ec5 d\u00e0ng b\u1ea3o qu\u1ea3n. M\u1ed9t h\u1ed9p g\u1ed3m 12 g\u00f3i nh\u1ecf.<\/p>\n<p><strong>K\u1eb9o The Ice (v\u1ecb \u0110\u00e0o)<\/strong>\u00a0v\u1edbi c\u00e1c th\u00e0nh ph\u1ea7n g\u1ed3m ch\u1ea5t t\u1ea1o ng\u1ecdt 97,999%, h\u01b0\u01a1ng cam t\u01b0\u01a1i m\u00e1t, tinh d\u1ea7u \u0111\u00e0o 0,8 %,\u2026 \u0111\u00e3 t\u1ea1o n\u00ean vi\u00ean k\u1eb9o th\u01a1m ngon, ng\u1ecdt thanh v\u00e0 the nh\u1eb9.<\/p>\n<p><img fetchpriority=\"high\" decoding=\"async\" class=\"wp-image-14482 aligncenter\" src=\"https:\/\/havamall.com\/wp-content\/uploads\/2020\/05\/ke__o_icee___a__o_hi__nh_go____c-800-300x300.png\" alt=\"\" width=\"475\" height=\"475\" \/><\/p>\n<p>L\u00e0m th\u01a1m mi\u1ec7ng v\u00e0 h\u01a1i th\u1edf c\u00f3 th\u1ec3 s\u1eed d\u1ee5ng sau khi \u0103n u\u1ed1ng, h\u00fat thu\u1ed1c,\u2026 \u0111\u1ec3 kh\u1eed m\u00f9i h\u00f4i. V\u1ecb the m\u00e1t gi\u00fap th\u00f4ng c\u1ed5 v\u00e0 t\u1ea1o c\u1ea3m gi\u00e1c s\u1ea3ng kho\u00e1i, t\u1ef1 tin, t\u1ec9nh t\u00e1o ngay t\u1ee9c th\u1eddi. K\u1eb9o 2 l\u1edbp m\u00e0u si\u00eau xinh k\u1ebft h\u1ee3p cho c\u1ea3m gi\u00e1c t\u01b0\u01a1i m\u1edbi kh\u00f4ng bao gi\u1edd qu\u00ean \u0111\u01b0\u1ee3c, \u0111\u00e2y l\u00e0 h\u01b0\u01a1ng v\u1ecb y\u00eau th\u00edch nh\u1ea5t hi\u1ec7n nay.<\/p>\n<p>S\u1ea3n ph\u1ea9m nh\u1eadp kh\u1ea9u t\u1eeb n\u01b0\u1edbc ngo\u00e0i, \u0111\u01b0\u1ee3c s\u1ea3n xu\u1ea5t theo c\u00f4ng ngh\u1ec7 ti\u00ean ti\u1ebfn v\u1edbi c\u00f4ng th\u1ee9c \u0111\u1ed9c quy\u1ec1n v\u00e0 \u0111\u00e1ng tinh c\u1eady t\u1eeb nh\u00e0 s\u1ea3n xu\u1ea5t. Thi\u1ebft k\u1ebf d\u1ea1ng b\u1ecbch nh\u1ecf ti\u1ec7n d\u1ee5ng khi mang theo b\u00ean ng\u01b0\u1eddi hay d\u00f9ng \u0111\u1ec3 t\u1eb7ng b\u1ea1n b\u00e8 v\u00e0 ng\u01b0\u1eddi th\u00e2n m\u1ed7i ng\u00e0y m\u1edbi.<\/p>\n<p><img decoding=\"async\" class=\"wp-image-14473 aligncenter\" src=\"https:\/\/havamall.com\/wp-content\/uploads\/2020\/05\/ke\u0323o-ice-\u0111a\u0300o-ho\u0323\u0302p-800-300x300.png\" alt=\"\" width=\"554\" height=\"554\" \/><\/p>\n<p>Hi\u1ec7n t\u1ea1i Havamall c\u00f3 7 m\u00f9i v\u1ecb kh\u00e1c nhau kh\u00e1ch h\u00e0ng c\u00f3 th\u1ec3 d\u1ec5 d\u00e0ng ch\u1ecdn l\u1ef1a:<\/p>\n<p><strong>-K\u1eb9o The Icee Passion Fruit (v\u1ecb Chanh D\u00e2y)<\/strong><\/p>\n<p><strong>-K\u1eb9o The Icee Blueberyy (v\u1ecb Vi\u1ec7t Qu\u1ea5t)<\/strong><\/p>\n<p><strong>-K\u1eb9o The Icee Mint (v\u1ecb B\u1ea1c H\u00e0)<\/strong><\/p>\n<p><strong>-K\u1eb9o The Icee Apple (v\u1ecb T\u00e1o)<\/strong><\/p>\n<p><strong>-K\u1eb9o The Icee Watermelon (v\u1ecb D\u01b0a H\u1ea5u)<\/strong><\/p>\n<p><strong>-K\u1eb9o The Icee Orange (v\u1ecb Cam)<\/strong><\/p>\n<p><strong>-K\u1eb9o The Icee Peach (v\u1ecb \u0110\u00e0o)<\/strong><\/p>\n<p><strong>H\u01b0\u1edbng d\u1eabn s\u1eed d\u1ee5ng:<\/strong>\u00a0\u0102n tr\u1ef1c ti\u1ebfp, \u0111\u00f3ng k\u00edn h\u1ed9p sau khi s\u1eed d\u1ee5ng.<\/p>","protected":false},"excerpt":{"rendered":"<p>K\u1eb9o The Ice (v\u1ecb \u0110\u00e0o)\u00a0nay \u0111\u00e3 c\u00f3 d\u1ea1ng g\u00f3i ti\u1ec7n d\u1ee5ng. V\u1edbi kho\u00e1 zipper, gi\u00fap b\u1ea1n d\u1ec5 d\u00e0ng b\u1ea3o qu\u1ea3n.<\/p>","protected":false},"featured_media":14481,"comment_status":"open","ping_status":"closed","template":"","meta":[],"product_brand":[],"product_cat":[133,36],"product_tag":[],"class_list":{"0":"post-14478","1":"product","2":"type-product","3":"status-publish","4":"has-post-thumbnail","6":"product_cat-banh-keo-chocolate","7":"product_cat-thuc-pham-tieu-dung","8":"pa_brand-icee","10":"first","11":"outofstock","12":"sale","13":"shipping-taxable","14":"purchasable","15":"product-type-simple"},"_links":{"self":[{"href":"https:\/\/havamall.com\/en\/wp-json\/wp\/v2\/product\/14478","targetHints":{"allow":["GET"]}}],"collection":[{"href":"https:\/\/havamall.com\/en\/wp-json\/wp\/v2\/product"}],"about":[{"href":"https:\/\/havamall.com\/en\/wp-json\/wp\/v2\/types\/product"}],"replies":[{"embeddable":true,"href":"https:\/\/havamall.com\/en\/wp-json\/wp\/v2\/comments?post=14478"}],"version-history":[{"count":0,"href":"https:\/\/havamall.com\/en\/wp-json\/wp\/v2\/product\/14478\/revisions"}],"wp:featuredmedia":[{"embeddable":true,"href":"https:\/\/havamall.com\/en\/wp-json\/wp\/v2\/media\/14481"}],"wp:attachment":[{"href":"https:\/\/havamall.com\/en\/wp-json\/wp\/v2\/media?parent=14478"}],"wp:term":[{"taxonomy":"product_brand","embeddable":true,"href":"https:\/\/havamall.com\/en\/wp-json\/wp\/v2\/product_brand?post=14478"},{"taxonomy":"product_cat","embeddable":true,"href":"https:\/\/havamall.com\/en\/wp-json\/wp\/v2\/product_cat?post=14478"},{"taxonomy":"product_tag","embeddable":true,"href":"https:\/\/havamall.com\/en\/wp-json\/wp\/v2\/product_tag?post=14478"}],"curies":[{"name":"wp","href":"https:\/\/api.w.org\/{rel}","templated":true}]}}