{"id":14548,"date":"2020-05-22T11:10:00","date_gmt":"2020-05-22T04:10:00","guid":{"rendered":"https:\/\/havamall.com\/?post_type=product&#038;p=14548"},"modified":"2023-06-09T11:10:08","modified_gmt":"2023-06-09T04:10:08","slug":"dau-ga-nguyen-hat-huu-co-tui-giay-500g-whole-chick-peas-paper-bag-500g","status":"publish","type":"product","link":"https:\/\/havamall.com\/en\/shop\/dau-ga-nguyen-hat-huu-co-tui-giay-500g-whole-chick-peas-paper-bag-500g\/","title":{"rendered":"\u0110\u1eadu G\u00e0 Nguy\u00ean H\u1ea1t H\u1eefu C\u01a1 T\u00fai Gi\u1ea5y 500g &#8211; Whole Chick Peas Paper Bag 500g"},"content":{"rendered":"<table class=\"table table-striped-odd specification\" style=\"height: 340px\" width=\"720\">\n<tbody>\n<tr>\n<th class=\"display-name\" colspan=\"1\" rowspan=\"1\">Quy c\u00e1ch \u0111\u00f3ng g\u00f3i (s\u1ec9)<\/th>\n<td colspan=\"1\" rowspan=\"1\">T\u00fai Gi\u1ea5y<\/td>\n<\/tr>\n<tr>\n<th class=\"display-name\" colspan=\"1\" rowspan=\"1\">Xu\u1ea5t x\u1ee9<\/th>\n<td colspan=\"1\" rowspan=\"1\">M\u1ef9<\/td>\n<\/tr>\n<tr>\n<th class=\"display-name\" colspan=\"1\" rowspan=\"1\">N\u01a1i \u0111\u00f3ng g\u00f3i<\/th>\n<td colspan=\"1\" rowspan=\"1\">Vi\u1ec7t Nam<\/td>\n<\/tr>\n<tr>\n<th class=\"display-name\" colspan=\"1\" rowspan=\"1\">H\u1ea1n s\u1eed d\u1ee5ng<\/th>\n<td colspan=\"1\" rowspan=\"1\">Xem tr\u00ean bao b\u00ec s\u1ea3n ph\u1ea9m<\/td>\n<\/tr>\n<tr>\n<th class=\"display-name\" colspan=\"1\" rowspan=\"1\">N\u0103ng l\u01b0\u1ee3ng \/ 100gr<\/th>\n<td colspan=\"1\" rowspan=\"1\">\u00a0268 Kcal<\/td>\n<\/tr>\n<tr>\n<th class=\"display-name\" colspan=\"1\" rowspan=\"1\">Net WT<\/th>\n<td colspan=\"1\" rowspan=\"1\">500gr<\/td>\n<\/tr>\n<\/tbody>\n<\/table>\n<p><strong>\u0110\u1eadu g\u00e0 (chickpeas)<\/strong>\u00a0c\u00f3 h\u1ea1t to, v\u1ecf d\u00e0y, c\u00f3 v\u1ecb ng\u1ecdt r\u1ea5t thanh, l\u1ea1i b\u1ed5 d\u01b0\u1ee1ng. \u0110\u00e2y l\u00e0 m\u1ed9t trong nh\u1eefng lo\u1ea1i th\u1ef1c ph\u1ea9m \u0111\u01b0\u1ee3c ti\u00eau th\u1ee5 t\u1eeb r\u1ea5t l\u00e2u tr\u00ean th\u1ebf gi\u1edbi v\u00e0 ph\u1ed5 bi\u1ebfn \u1edf kh\u1eafp m\u1ecdi l\u1ee5c \u0111\u1ecba.<\/p>\n<p><a class=\"lightview\" title=\"dau ga an do (2)\" href=\"https:\/\/havamall.com\/wp-content\/uploads\/2018\/06\/d3c7d8ce725c5b114c9ccf092adb4b86.jpg\" rel=\"lightbox\"><img fetchpriority=\"high\" decoding=\"async\" class=\"aligncenter\" src=\"https:\/\/havamall.com\/wp-content\/uploads\/2018\/06\/d3c7d8ce725c5b114c9ccf092adb4b86.jpg\" alt=\"dau ga an do (2)\" width=\"550\" height=\"397\" \/><\/a><\/p>\n<p><em>\u0110\u1eadu g\u00e0 th\u1ef1c ph\u1ea9m l\u00fd t\u01b0\u1edfng cho ng\u01b0\u1eddi \u0103n chay, \u0103n ki\u00eang, \u0103n th\u1ef1c d\u01b0\u1ee1ng<\/em><\/p>\n<p>C\u0169ng gi\u1ed1ng nh\u01b0 c\u00e1c c\u00e2y h\u1ecd \u0111\u1eadu, \u0111\u1eadu g\u00e0 cung c\u1ea5p nhi\u1ec1u l\u1ee3i \u00edch v\u1ec1 s\u1ee9c kho\u1ebb. N\u00f3 gi\u00fap t\u0103ng c\u01b0\u1eddng \u0111\u1ed9 no, t\u0103ng c\u01b0\u1eddng ti\u00eau h\u00f3a, gi\u1eef l\u01b0\u1ee3ng \u0111\u01b0\u1eddng trong m\u00e1u \u1ed5n \u0111\u1ecbnh, t\u0103ng c\u01b0\u1eddng s\u1ef1 b\u1ea3o v\u1ec7 ch\u1ed1ng l\u1ea1i b\u1ec7nh t\u1eadt. \u0110\u1eadu g\u00e0 gi\u00e0u protein, vitamin v\u00e0 kho\u00e1ng ch\u1ea5t, \u0111\u00f3 l\u00e0 l\u00fd do t\u1ea1i sao ch\u00fang th\u01b0\u1eddng \u0111\u01b0\u1ee3c \u0103n trong c\u00e1c th\u1ef1c \u0111\u01a1n ch\u1eefa b\u1ec7nh.<\/p>\n<p>S\u1ea3n ph\u1ea9m \u0111\u1eadu g\u00e0 do Havamall \u0111\u00f3ng g\u00f3i \u0111\u01b0\u1ee3c nh\u1eadp kh\u1ea9u t\u1eeb M\u1ef9, \u0111\u01b0\u1ee3c tr\u1ed3ng b\u1eb1ng c\u00f4ng ngh\u1ec7 thu\u1ea7n khi\u1ebft t\u1ef1 nhi\u00ean, sinh h\u1ecdc, kh\u00f4ng bi\u1ebfn \u0111\u1ed5i gien. Kh\u00f4ng s\u1eed d\u1ee5ng thu\u1ed1c b\u1ea3o qu\u1ea3n th\u1ef1c v\u1eadt, kh\u00f4ng s\u1eed d\u1ee5ng ph\u00e2n h\u00f3a h\u1ecdc v\u00e0 k\u00edch th\u00edch sinh tr\u01b0\u1edfng, \u0111\u1ea1t ti\u00eau chu\u1ea9n an to\u00e0n th\u1ef1c ph\u1ea9m.<\/p>\n<p><strong>2 \u2013 Th\u00e0nh ph\u1ea7n dinh d\u01b0\u1ee1ng<\/strong><\/p>\n<p>\u2013 1 cup \u0111\u1eadu g\u00e0 ch\u1ee9a 268 calo; 12,5 gam ch\u1ea5t x\u01a1; 14,5 gam protein; 4,2 g ch\u1ea5t b\u00e9o; 84% mangan; 71% folate; \u0110\u1ed3ng 29%; 28% ph\u1ed1t pho; S\u1eaft 26%; K\u1ebdm 17%.<\/p>\n<p><strong>3 \u2013 T\u00e1c d\u1ee5ng c\u1ee7a \u0111\u1eadu g\u00e0<\/strong><\/p>\n<p>\u2013 \u0110\u1eadu g\u00e0 cung c\u1ea5p nhi\u1ec1u vitamin v\u00e0 c\u00e1c kho\u00e1ng ch\u1ea5t nh\u01b0: ch\u1ea5t x\u01a1, protein, acid folic, s\u1eaft, \u0111\u1ed3ng, k\u1ebdm v\u00e0 magi\u00ea.<\/p>\n<p>\u2013 Gi\u1ea3m nguy c\u01a1 m\u1eafc m\u1ed9t s\u1ed1 b\u1ec7nh nh\u01b0 b\u1ec7nh tim, b\u1ec7nh b\u00e9o ph\u00ec , b\u1ec7nh ti\u1ec3u \u0111\u01b0\u1eddng v\u00e0 duy tr\u00ec m\u1ed9t s\u1ee9c kho\u1ebb l\u00e0nh m\u1ea1nh.<\/p>\n<p>\u2013 L\u00e0 m\u00f3n protein th\u1ef1c v\u1eadt n\u00ean th\u01b0\u1eddng d\u00f9ng trong ch\u1ebf \u0111\u1ed9 \u0103n \u0111\u1ec3 gi\u1ea3m c\u00e2n.<\/p>\n<p>\u2013 \u0110\u1eadu Chickpea c\u00f3 th\u00e0nh ph\u1ea7n dinh d\u01b0\u1ee1ng \u0111\u1eb7c bi\u1ec7t t\u1ed1t cho ph\u1ee5 n\u1eef c\u00f3 thai, \u0111ang cho con b\u00fa. Tr\u1ebb em trong giai \u0111o\u1ea1n ph\u00e1t tri\u1ec3n. Ng\u01b0\u1eddi m\u1eafc b\u1ec7nh ti\u1ec3u \u0111\u01b0\u1eddng, huy\u1ebft \u00e1p cao, m\u1ee1 m\u00e1u c\u1ea7n \u0103n ki\u00eang, ng\u01b0\u1eddi mu\u1ed1n gi\u1ea3m c\u00e2n v\u00e0 m\u1edbi \u1ed1m d\u1eady.<\/p>\n<p><img decoding=\"async\" class=\"aligncenter\" src=\"https:\/\/havamall.com\/wp-content\/uploads\/2018\/06\/%D9%81%D9%88%D9%84-%D8%A7%D9%84%D8%B5%D9%88%D9%8A%D8%A7-%D9%88%D9%81%D9%88%D8%A7%D8%A6%D8%AF%D8%A9-%D8%A7%D9%84%D8%B5%D8%AD%D9%8A%D8%A9-%D8%A7%D9%84%D8%B9%D8%AF%D9%8A%D8%AF%D8%A9.png\" alt=\"H\u00c3\u00acnh \u00e1\u00ba\u00a3nh c\u00c3\u00b3 li\u00c3\u00aan quan\" width=\"631\" height=\"368\" \/><\/p>\n<p><em>S\u1ea3n ph\u1ea9m \u0111\u01b0\u1ee3c \u0111\u00f3ng g\u00f3i t\u1ea1i Havamall, kh\u00f4ng s\u1eed d\u1ee5ng ch\u1ea5t b\u1ea3o qu\u1ea3n<\/em><\/p>\n<p>&nbsp;<\/p>\n<p><strong>4 \u2013 H\u01b0\u1edbng d\u1eabn s\u1eed d\u1ee5ng<\/strong><\/p>\n<p>\u2013 Ng\u00e2m \u0111\u1ed7 g\u00e0 v\u1edbi n\u01b0\u1edbc, \u0111\u1ec3 qua \u0111\u00eam r\u1ed3i v\u1edbt ra d\u00f9ng n\u1ea5u v\u1edbi c\u01a1m, ch\u00e1o, s\u00fap, l\u00e0m n\u01b0\u1edbc s\u1ed1t\u2026<\/p>\n<p>\u2013 Cho v\u00e0o n\u1ed3i \u00e1p su\u1ea5t h\u1ea7m nh\u1eeb r\u1ed3i n\u1ea5u v\u1edbi c\u01a1m, nghi\u1ec1n ra l\u00e0m b\u00e1nh.<\/p>\n<p><strong>L\u01b0u \u00fd:\u00a0<\/strong>\u0110\u1eadu kh\u00f4 1kg khi ng\u00e2m 8 \u2013 12h ti\u1ebfng s\u1ebd l\u00e0 \u0111\u1eadu 2,2kg t\u01b0\u01a1i s\u1ed1ng..<\/p>\n<p><img decoding=\"async\" class=\"aligncenter\" src=\"https:\/\/havamall.com\/wp-content\/uploads\/2018\/06\/Chickpea-Egg-Salad-1-4.jpg\" alt=\"K\u00e1\u00ba\u00bft qu\u00e1\u00ba\u00a3 h\u00c3\u00acnh \u00e1\u00ba\u00a3nh cho Chick Pea\" \/><\/p>\n<p><strong>5 \u2013 Th\u00f4ng tin chi ti\u1ebft<\/strong><\/p>\n<p>\u2013 Th\u00e0nh ph\u1ea7n:\u00a0\u0110\u1eadu Chickpea kh\u00f4 nguy\u00ean h\u1ea1t 100%<\/p>\n<p>\u2013 Xu\u1ea5t x\u1ee9: M\u1ef9<\/p>\n<p>\u2013 B\u1ea3o qu\u1ea3n: N\u01a1i kh\u00f4 r\u00e1o, tho\u00e1ng m\u00e1t, tr\u00e1nh \u00e1nh n\u1eafng m\u1eb7t tr\u1eddi<\/p>\n<p>&nbsp;<\/p>\n<p><em>** \u0110\u1eadu l\u00e0 s\u1ea3n ph\u1ea9m dinh d\u01b0\u1ee1ng, mang nhi\u1ec1u l\u1ee3i \u00edch cho s\u1ee9c kh\u1ecfe. V\u1edbi h\u01b0\u01a1ng v\u1ecb d\u1ec5 \u0103n v\u00e0 nh\u1eefng l\u1ee3i \u00edch tr\u00ean, \u0111\u00e2y l\u00e0 m\u1ed9t s\u1ea3n ph\u1ea9m b\u1ed5 d\u01b0\u1ee1ng khuy\u00ean d\u00f9ng cho c\u00e1c b\u1eefa \u0103n gia \u0111\u00ecnh. N\u1ebfu b\u1ea1n c\u00f3 nhu c\u1ea7u mua \u0111\u1eadu v\u1edbi s\u1ed1 l\u01b0\u1ee3ng l\u1edbn, vui l\u00f2ng li\u00ean h\u1ec7 ch\u00fang t\u00f4i \u0111\u1ec3 nh\u1eadn \u0111\u01b0\u1ee3c gi\u00e1 t\u1ed1t nh\u1ea5t.\u00a0<\/em><\/p>\n<p><img decoding=\"async\" class=\"aligncenter\" src=\"https:\/\/havamall.com\/wp-content\/uploads\/2018\/06\/NonGMOPledge.png\" \/><\/p>\n<p>T\u1ea1i\u00a0<strong>Havamall<\/strong>, ch\u00fang t\u00f4i hi\u1ec3u r\u1eb1ng kh\u00e1ch h\u00e0ng lu\u00f4n b\u0103n kho\u0103n v\u1ec1 th\u00e0nh ph\u1ea7n c\u1ee7a c\u00e1c s\u1ea3n ph\u1ea9m Vitamin &amp; Th\u1ef1c ph\u1ea9m ch\u1ee9c n\u0103ng h\u1ecd d\u00f9ng h\u00e0ng ng\u00e0y. H\u1ecd mu\u1ed1n c\u00f3 \u0111\u01b0\u1ee3c nh\u1eefng s\u1ea3n ph\u1ea9m m\u00e0 h\u1ecd c\u00f3 th\u1ec3 tin d\u00f9ng. S\u1ea3n ph\u1ea9m m\u00e0 h\u1ecd ch\u1eafc ch\u1eafn r\u1eb1ng ch\u00fang \u0111\u00e1p \u1ee9ng c\u00e1c ti\u00eau chu\u1ea9n c\u1ee5 th\u1ec3 v\u00e0 kh\u00f4ng s\u1eed d\u1ee5ng c\u00e1c th\u00e0nh ph\u1ea7n bi\u1ebfn \u0111\u1ed5i gen. \u1ede\u00a0<strong>Havamall<\/strong>, qu\u00fd kh\u00e1ch c\u00f3 th\u1ec3 tin t\u01b0\u1edfng v\u00e0o nh\u00e3n m\u00e1c s\u1ea3n ph\u1ea9m c\u1ee7a ch\u00fang t\u00f4i. Ch\u00fang t\u00f4i c\u00f3 c\u00e1c quy tr\u00ecnh nghi\u00eam ng\u1eb7t \u0111\u1ec3 \u0111\u1ea3m b\u1ea3o r\u1eb1ng t\u1ea5t c\u1ea3 c\u00e1c s\u1ea3n ph\u1ea9m trong danh m\u1ee5c s\u1ea3n ph\u1ea9m kh\u00f4ng s\u1eed d\u1ee5ng\u00a0<strong>GMO<\/strong>\u00a0\u0111\u1ec1u ch\u1ee9a c\u00e1c th\u00e0nh ph\u1ea7n gi\u1ed1ng nh\u01b0 \u0111\u01b0\u1ee3c ghi tr\u00ean nh\u00e3n m\u00e1c.<\/p>\n<p><strong>LI\u00caN H\u1ec6 MUA H\u00c0NG S\u1ec8:\u00a0<\/strong><\/p>\n<p><i class=\"fa fa-location-arrow\"><\/i>Phone: (028)665.00.660 \u2013 0946.229.642<br \/>\nEmail:\u00a0<a href=\"mailto:sale@havamall.com\">sale@havamall.com<\/a><\/p>","protected":false},"excerpt":{"rendered":"<ul>\n<li><strong>\u0110\u1eadu g\u00e0 (chickpeas)<\/strong>\u00a0c\u00f2n \u0111\u01b0\u1ee3c g\u1ecdi l\u00e0 \u0111\u1eadu r\u0103ng ng\u1ef1a, c\u00f3 h\u1ea1t to, v\u1ecf d\u00e0y<\/li>\n<li>\u0110\u1eadu g\u00e0 th\u1ef1c ph\u1ea9m l\u00fd t\u01b0\u1edfng cho ng\u01b0\u1eddi \u0103n chay, \u0103n ki\u00eang, \u0103n th\u1ef1c d\u01b0\u1ee1ng<\/li>\n<li>S\u1ea3n ph\u1ea9m \u0111\u1eadu g\u00e0 do Havamall \u0111\u00f3ng g\u00f3i \u0111\u01b0\u1ee3c nh\u1eadp kh\u1ea9u t\u1eeb \u1ea4n \u0110\u1ed9, \u0111\u01b0\u1ee3c tr\u1ed3ng b\u1eb1ng c\u00f4ng ngh\u1ec7 thu\u1ea7n khi\u1ebft t\u1ef1 nhi\u00ean, sinh h\u1ecdc<\/li>\n<li>\u0110\u1eadu g\u00e0 cung c\u1ea5p nhi\u1ec1u vitamin v\u00e0 c\u00e1c kho\u00e1ng ch\u1ea5t nh\u01b0: ch\u1ea5t x\u01a1, protein, acid folic, s\u1eaft, \u0111\u1ed3ng, k\u1ebdm v\u00e0 magi\u00ea.<\/li>\n<\/ul>","protected":false},"featured_media":14550,"comment_status":"open","ping_status":"closed","template":"","meta":[],"product_brand":[],"product_cat":[594,36,134],"product_tag":[],"class_list":{"0":"post-14548","1":"product","2":"type-product","3":"status-publish","4":"has-post-thumbnail","6":"product_cat-dau-cu-qua-kho","7":"product_cat-thuc-pham-tieu-dung","8":"product_cat-thucpham-saykho","10":"first","11":"instock","12":"sale","13":"shipping-taxable","14":"purchasable","15":"product-type-simple"},"_links":{"self":[{"href":"https:\/\/havamall.com\/en\/wp-json\/wp\/v2\/product\/14548","targetHints":{"allow":["GET"]}}],"collection":[{"href":"https:\/\/havamall.com\/en\/wp-json\/wp\/v2\/product"}],"about":[{"href":"https:\/\/havamall.com\/en\/wp-json\/wp\/v2\/types\/product"}],"replies":[{"embeddable":true,"href":"https:\/\/havamall.com\/en\/wp-json\/wp\/v2\/comments?post=14548"}],"version-history":[{"count":0,"href":"https:\/\/havamall.com\/en\/wp-json\/wp\/v2\/product\/14548\/revisions"}],"wp:featuredmedia":[{"embeddable":true,"href":"https:\/\/havamall.com\/en\/wp-json\/wp\/v2\/media\/14550"}],"wp:attachment":[{"href":"https:\/\/havamall.com\/en\/wp-json\/wp\/v2\/media?parent=14548"}],"wp:term":[{"taxonomy":"product_brand","embeddable":true,"href":"https:\/\/havamall.com\/en\/wp-json\/wp\/v2\/product_brand?post=14548"},{"taxonomy":"product_cat","embeddable":true,"href":"https:\/\/havamall.com\/en\/wp-json\/wp\/v2\/product_cat?post=14548"},{"taxonomy":"product_tag","embeddable":true,"href":"https:\/\/havamall.com\/en\/wp-json\/wp\/v2\/product_tag?post=14548"}],"curies":[{"name":"wp","href":"https:\/\/api.w.org\/{rel}","templated":true}]}}