{"id":14552,"date":"2020-05-26T14:23:46","date_gmt":"2020-05-26T07:23:46","guid":{"rendered":"https:\/\/havamall.com\/?post_type=product&#038;p=14552"},"modified":"2026-02-24T11:33:15","modified_gmt":"2026-02-24T04:33:15","slug":"socola-den-mr-viet-60g-dark-chocolate-mr-viet-60g","status":"publish","type":"product","link":"https:\/\/havamall.com\/en\/shop\/socola-den-mr-viet-60g-dark-chocolate-mr-viet-60g\/","title":{"rendered":"Socola \u0110en Mr.Viet 60g &#8211; Dark Chocolate Mr.Viet 60g"},"content":{"rendered":"<p><b>V\u1edbi mong mu\u1ed1n \u0111\u01b0\u1ee3c \u0111em \u0111\u1ebfn cho kh\u00e1ch h\u00e0ng nh\u1eefng s\u1ea3n ph\u1ea9m t\u1eeb c\u00e0 ph\u00ea s\u1ea1ch, t\u1ed1t cho s\u1ee9c kh\u1ecfe, Th\u01b0\u01a1ng hi\u1ec7u MR VI\u1ec6T COFFEE l\u00e0 m\u1ed9t trong nh\u1eefng doanh nghi\u1ec7p s\u1ea3n xu\u1ea5t v\u00e0 kinh doanh c\u00e1c lo\u1ea1i c\u00e0 ph\u00ea b\u1ed9t v\u00e0 c\u00e0 ph\u00ea h\u1ea1t \u0111\u00f3ng g\u00f3i nguy\u00ean ch\u1ea5t uy t\u00edn t\u1ea1i Vi\u1ec7t Nam.<\/b><\/p>\n<p><span style=\"font-weight: 400\">T\u1eeb khi th\u00e0nh l\u1eadp \u0111\u1ebfn nay, C\u00f4ng ty \u0111\u00e3 kh\u1eb3ng \u0111\u1ecbnh \u0111\u01b0\u1ee3c uy t\u00edn v\u1ec1 ch\u1ea5t l\u01b0\u1ee3ng s\u1ea3n ph\u1ea9m v\u00e0 gi\u00e1 c\u1ea3 h\u1ee3p l\u00fd. C\u00f4ng ty lu\u00f4n ch\u00fa tr\u1ecdng, \u0111\u1ea7u t\u01b0 \u0111\u00e1ng k\u1ec3 cho vi\u1ec7c nghi\u00ean c\u1ee9u s\u1ea3n ph\u1ea9m m\u1edbi, \u0111\u1ed5i m\u1edbi m\u1eabu m\u00e3, ki\u1ec3u d\u00e1ng cho c\u00e1c s\u1ea3n ph\u1ea9m c\u00e0 ph\u00ea. Cho ra nh\u1eefng s\u1ea3n ph\u1ea9m c\u00e0 ph\u00ea \u0111\u1eb7c bi\u1ec7t nh\u1ea5t \u0111\u01b0\u1ee3c ng\u01b0\u1eddi ti\u00eau d\u00f9ng y\u00eau th\u00edch, d\u01b0\u1edbi b\u00e0n tay ngh\u1ec7 nh\u00e2n \u0111\u1ea7y kinh nghi\u1ec7m MR VI\u1ec6T COFFEE \u0111ang d\u1ea7n h\u01b0\u1edbng t\u1edbi th\u01b0\u01a1ng hi\u1ec7u c\u00e0 ph\u00ea s\u1ea1ch t\u1ed1t nh\u1ea5t c\u1ee7a Vi\u1ec7t Nam. Hi\u1ec7n nay s\u1ea3n ph\u1ea9m c\u1ee7a c\u00f4ng ty \u0111\u01b0\u1ee3c ph\u00e1t tri\u1ec3n kh\u1eafp c\u00e1c t\u1ec9nh mi\u1ec1n Trung v\u00e0 h\u01b0\u1edbng t\u1edbi l\u00e0 ph\u00e2n ph\u1ed1i tr\u00e3i d\u00e0i kh\u1eafp c\u1ea3 n\u01b0\u1edbc. V\u1edbi mong mu\u1ed1n \u0111\u01b0\u1ee3c \u0111em \u0111\u1ebfn cho kh\u00e1ch h\u00e0ng nh\u1eefng s\u1ea3n ph\u1ea9m t\u1eeb c\u00e0 ph\u00ea s\u1ea1ch, t\u1ed1t cho s\u1ee9c kh\u1ecfe, h\u1ee3p nhu c\u1ea7u th\u01b0\u1edfng th\u1ee9c tinh t\u1ebf v\u00e0 phong ph\u00fa c\u1ee7a qu\u00fd kh\u00e1ch h\u00e0ng.<\/span><\/p>\n<p><img fetchpriority=\"high\" decoding=\"async\" class=\"wp-image-14626 aligncenter\" src=\"https:\/\/havamall.com\/wp-content\/uploads\/2020\/05\/\u0111en-su\u031b\u0303a-300x200.jpg\" alt=\"\" width=\"883\" height=\"589\" \/><\/p>\n<p><span style=\"font-weight: 400\">Ngo\u00e0i c\u00e0 ph\u00ea, Mr.Viet nay c\u00f2n c\u00f3 th\u00eam Socola Vi\u1ec7t Nam \u0111\u00edch th\u1ef1c. V\u1edbi nh\u1eefng nguy\u00ean li\u1ec7u Vi\u1ec7t Nam thu\u1ea7n khi\u1ebft, \u0111\u1ed9c \u0111\u00e1o trong t\u1eebng thanh socola v\u00e0 \u0111\u01b0\u1ee3c l\u00e0m th\u1ee7 c\u00f4ng \u0111em l\u1ea1i tr\u1ea3i nghi\u1ec7m m\u1edbi l\u1ea1 cho kh\u00e1ch h\u00e0ng.<\/span><\/p>\n<h2>\u0110\u1eb7c \u0111i\u1ec3m s\u1ea3n ph\u1ea9m<\/h2>\n<p><span style=\"font-weight: 400\">\u0110\u00fang nh\u01b0 t\u00ean g\u1ecdi cho m\u00e0u s\u1eafc c\u1ee7a ch\u00fang socola c\u00f3 m\u00e0u \u0111en l\u00e0 d\u1ea1ng tinh khi\u1ebft nh\u1ea5t, ch\u00fang \u0111\u01b0\u1ee3c c\u1ea5u t\u1ea1o ch\u1ee7 y\u1ebfu t\u1eeb b\u1ed9t ca cao, b\u01a1 ca cao v\u00e0 \u0111\u01b0\u1eddng. Ch\u00fang th\u01b0\u1eddng c\u00f3 t\u1ef7 l\u1ec7 cacao t\u1eeb 35-90%. B\u1edfi v\u00ec socola \u0111en ch\u1ee9a \u00edt ch\u1ea5t b\u00e9o, \u0111\u01b0\u1eddng v\u00e0 h\u1ea7u nh\u01b0 kh\u00f4ng c\u00f3 s\u1eefa, n\u00ean c\u00f3 v\u1ecb \u0111\u1eafng t\u1ef1 nhi\u00ean, \u00edt ho\u1eb7c kh\u00f4ng ng\u1ecdt. L\u01b0\u1ee3ng ca cao c\u00e0ng cao h\u01b0\u01a1ng v\u1ecb c\u00e0ng \u0111\u1eafng.<\/span><\/p>\n<p><img decoding=\"async\" class=\"wp-image-14624 aligncenter\" src=\"https:\/\/havamall.com\/wp-content\/uploads\/2020\/05\/\u0111enn-300x300.jpg\" alt=\"\" width=\"808\" height=\"808\" \/><\/p>\n<p><span style=\"font-weight: 400\">R\u1ea5t th\u00edch h\u1ee3p khi \u0111\u01b0\u1ee3c pha tr\u1ed9n v\u1edbi c\u00e1c c\u00f4ng th\u1ee9c c\u1ee7a m\u00f3n b\u00e1nh n\u01b0\u1edbng, l\u00e0m n\u01b0\u1edbc s\u1ed1t v\u00e0 \u0111\u1ed3 u\u1ed1ng socola\u2026<\/span><\/p>\n<p><span style=\"font-weight: 400\">\u0110\u01b0\u1ee3c xem l\u00e0 lo\u1ea1i c\u00f3 l\u1ee3i, ch\u00fang \u0111\u00f3ng g\u00f3i c\u1ea3 ch\u1ea5t x\u01a1, ch\u1ea5t ch\u1ed1ng oxy h\u00f3a v\u00e0 kho\u00e1ng ch\u1ea5t, gi\u00fap lo\u1ea1i b\u1ecf \u0111\u1ed9c t\u1ed1 kh\u1ecfi c\u01a1 th\u1ec3, c\u1ea3i thi\u1ec7n vi\u1ec7c l\u01b0u th\u00f4ng m\u00e1u, ng\u0103n ng\u1eeba ung th\u01b0, k\u00edch th\u00edch n\u00e3o, l\u00e0m d\u1ecbu c\u00e1c v\u1ea5n \u0111\u1ec1 v\u1ec1 ti\u00eau ho\u00e1\u2026<\/span><\/p>\n<p><span style=\"font-weight: 400\">T\u1eeb nh\u1eefng h\u1ea1t ca cao Trinitario \u1edf S\u00f3c Tr\u0103ng, \u0111\u01b0\u1ee3c l\u00e0m b\u1eb1ng c\u1ed1i \u0111\u00e1 v\u00e0 nh\u1eefng \u0111\u00f4i b\u00e0n tay t\u1ec9 m\u1ec9 c\u1ee7a nh\u1eefng ng\u01b0\u1eddi th\u1ee3. Socola Mr.Viet \u0111\u00e3 \u0111em l\u1ea1i nh\u1eefng thanh socola th\u01a1m ngon\u00a0<\/span><\/p>\n<p><span style=\"font-weight: 400\">Socola Mr.Viet \u0111\u01b0\u1ee3c s\u1ea3n xu\u1ea5t ho\u00e0n to\u00e0n th\u1ee7 c\u00f4ng, ch\u1ec9 s\u1eed d\u1ee5ng nh\u1eefng nguy\u00ean li\u1ec7u Vi\u1ec7t Nam thu\u1ea7n khi\u1ebft trong nh\u1eefng thanh socola t\u1ea1o n\u00ean n\u00e9t \u0111\u1eb7c tr\u01b0ng ri\u00eang c\u1ee7a s\u1ea3n ph\u1ea9m.<\/span><\/p>","protected":false},"excerpt":{"rendered":"<p>V\u1edbi mong mu\u1ed1n \u0111\u01b0\u1ee3c \u0111em \u0111\u1ebfn cho kh\u00e1ch h\u00e0ng nh\u1eefng s\u1ea3n ph\u1ea9m t\u1eeb c\u00e0 ph\u00ea s\u1ea1ch, t\u1ed1t cho s\u1ee9c kh\u1ecfe,<\/p>","protected":false},"featured_media":14597,"comment_status":"open","ping_status":"closed","template":"","meta":[],"product_brand":[],"product_cat":[133,36],"product_tag":[],"class_list":{"0":"post-14552","1":"product","2":"type-product","3":"status-publish","4":"has-post-thumbnail","6":"product_cat-banh-keo-chocolate","7":"product_cat-thuc-pham-tieu-dung","8":"pa_brand-mr-viet","10":"first","11":"outofstock","12":"sale","13":"shipping-taxable","14":"purchasable","15":"product-type-simple"},"_links":{"self":[{"href":"https:\/\/havamall.com\/en\/wp-json\/wp\/v2\/product\/14552","targetHints":{"allow":["GET"]}}],"collection":[{"href":"https:\/\/havamall.com\/en\/wp-json\/wp\/v2\/product"}],"about":[{"href":"https:\/\/havamall.com\/en\/wp-json\/wp\/v2\/types\/product"}],"replies":[{"embeddable":true,"href":"https:\/\/havamall.com\/en\/wp-json\/wp\/v2\/comments?post=14552"}],"version-history":[{"count":0,"href":"https:\/\/havamall.com\/en\/wp-json\/wp\/v2\/product\/14552\/revisions"}],"wp:featuredmedia":[{"embeddable":true,"href":"https:\/\/havamall.com\/en\/wp-json\/wp\/v2\/media\/14597"}],"wp:attachment":[{"href":"https:\/\/havamall.com\/en\/wp-json\/wp\/v2\/media?parent=14552"}],"wp:term":[{"taxonomy":"product_brand","embeddable":true,"href":"https:\/\/havamall.com\/en\/wp-json\/wp\/v2\/product_brand?post=14552"},{"taxonomy":"product_cat","embeddable":true,"href":"https:\/\/havamall.com\/en\/wp-json\/wp\/v2\/product_cat?post=14552"},{"taxonomy":"product_tag","embeddable":true,"href":"https:\/\/havamall.com\/en\/wp-json\/wp\/v2\/product_tag?post=14552"}],"curies":[{"name":"wp","href":"https:\/\/api.w.org\/{rel}","templated":true}]}}