{"id":14570,"date":"2020-05-25T17:36:00","date_gmt":"2020-05-25T10:36:00","guid":{"rendered":"https:\/\/havamall.com\/?post_type=product&#038;p=14570"},"modified":"2021-06-02T15:52:15","modified_gmt":"2021-06-02T08:52:15","slug":"14570","status":"publish","type":"product","link":"https:\/\/havamall.com\/en\/shop\/14570\/","title":{"rendered":"S\u1ea7u Ri\u00eang S\u1ea5y Gi\u00f2n V\u1ecb Kem Mr.Viet 45g &#8211; Mr.Viet Crunchy And Creamy Dried Durian 45g"},"content":{"rendered":"<p>Ch\u1ec9 nh\u1eafc \u0111\u1ebfn s\u1ea7u ri\u00eang th\u00ec nhi\u1ec1u ng\u01b0\u1eddi s\u1ee3 nh\u01b0ng c\u0169ng r\u1ea5t nhi\u1ec1u ng\u01b0\u1eddi nghi\u1ec7n m\u00f3n \u0103n n\u00e0y, m\u1ed9t m\u00f3n \u0103n tuy\u1ec7t v\u1eddi ch\u1ec9 c\u00f3 t\u1ea1i v\u00f9ng \u0111\u1ea5t Nam B\u1ed9. V\u1edbi \u00fd t\u01b0\u1edfng \u0111\u1ec3 nhi\u1ec1u ng\u01b0\u1eddi c\u00f3 th\u1ec3 th\u01b0\u01a1ng th\u1ee9c v\u00e0 mang \u0111i xa \u0111\u1ec3 l\u00e0m qu\u00e0, s\u1ea7u ri\u00eang s\u1ea5y \u0111\u00e3 ra \u0111\u1eddi t\u1eeb \u0111\u00e2y \u0111em l\u1ea1i cho m\u1ecdi ng\u01b0\u1eddi m\u1ed9t m\u00f3n \u0103n tuy\u1ec7t v\u1eddi v\u00e0 h\u1ea5p d\u1eabn, c\u00f3 th\u1ec3 d\u1ec5 d\u00e0ng th\u01b0\u1edfng th\u1ee9c m\u1ecdi n\u01a1i.<\/p>\n<p>S\u1ea7u ri\u00eang ch\u00edn c\u00e2y t\u00e1ch h\u1ea1t s\u1ea5y kh\u00f4, gi\u00f2n r\u1ee5m. M\u00f3n \u0103n kho\u00e1i kh\u1ea9u c\u1ee7a nhi\u1ec1u kh\u00e1ch trong n\u01b0\u1edbc v\u00e0 ngo\u00e0i n\u01b0\u1edbc.\u00a0S\u1ea7u ri\u00eang s\u1ea5y Mr.Viet\u00a0c\u1ee7a ch\u00fang t\u00f4i \u0111\u01b0\u1ee3c cung c\u1ea5p b\u1edfi c\u00f4ng ty ch\u1ebf bi\u00ean n\u00f4ng s\u1ea3n \u0111\u1ea1t ch\u1ea5t l\u01b0\u1ee3ng, s\u1eed d\u1ee5ng c\u00f4ng ngh\u00ea k\u1ef9 thu\u1eadt cao c\u1ee7a Nh\u1eadt B\u1ea3n b\u1eb1ng ph\u01b0\u01a1ng ph\u00e1p th\u0103ng hoa, s\u1ea3n ph\u1ea9m \u0111\u01b0\u1ee3c s\u1ea3n xu\u1ea5t t\u1ea1i Mi\u1ec1n Nam, n\u01a1i c\u00f3 nhi\u1ec1u tr\u00e1i c\u00e2y c\u1ee7a Vi\u1ec7t Nam.<\/p>\n<h1><strong>\u0110\u1eb7c \u0111i\u1ec3m th\u01b0\u01a1ng hi\u1ec7u<\/strong><\/h1>\n<p><strong>V\u1edbi mong mu\u1ed1n \u0111\u01b0\u1ee3c \u0111em \u0111\u1ebfn cho kh\u00e1ch h\u00e0ng nh\u1eefng s\u1ea3n ph\u1ea9m t\u1eeb c\u00e0 ph\u00ea s\u1ea1ch, t\u1ed1t cho s\u1ee9c kh\u1ecfe, Th\u01b0\u01a1ng hi\u1ec7u MR VI\u1ec6T COFFEE l\u00e0 m\u1ed9t trong nh\u1eefng doanh nghi\u1ec7p s\u1ea3n xu\u1ea5t v\u00e0 kinh doanh c\u00e1c lo\u1ea1i c\u00e0 ph\u00ea b\u1ed9t v\u00e0 c\u00e0 ph\u00ea h\u1ea1t \u0111\u00f3ng g\u00f3i nguy\u00ean ch\u1ea5t uy t\u00edn t\u1ea1i Vi\u1ec7t Nam.<\/strong><\/p>\n<p>T\u1eeb khi th\u00e0nh l\u1eadp \u0111\u1ebfn nay, C\u00f4ng ty \u0111\u00e3 kh\u1eb3ng \u0111\u1ecbnh \u0111\u01b0\u1ee3c uy t\u00edn v\u1ec1 ch\u1ea5t l\u01b0\u1ee3ng s\u1ea3n ph\u1ea9m v\u00e0 gi\u00e1 c\u1ea3 h\u1ee3p l\u00fd. C\u00f4ng ty lu\u00f4n ch\u00fa tr\u1ecdng, \u0111\u1ea7u t\u01b0 \u0111\u00e1ng k\u1ec3 cho vi\u1ec7c nghi\u00ean c\u1ee9u s\u1ea3n ph\u1ea9m m\u1edbi, \u0111\u1ed5i m\u1edbi m\u1eabu m\u00e3, ki\u1ec3u d\u00e1ng cho c\u00e1c s\u1ea3n ph\u1ea9m c\u00e0 ph\u00ea. Cho ra nh\u1eefng s\u1ea3n ph\u1ea9m c\u00e0 ph\u00ea \u0111\u1eb7c bi\u1ec7t nh\u1ea5t \u0111\u01b0\u1ee3c ng\u01b0\u1eddi ti\u00eau d\u00f9ng y\u00eau th\u00edch, d\u01b0\u1edbi b\u00e0n tay ngh\u1ec7 nh\u00e2n \u0111\u1ea7y kinh nghi\u1ec7m MR VI\u1ec6T COFFEE \u0111ang d\u1ea7n h\u01b0\u1edbng t\u1edbi th\u01b0\u01a1ng hi\u1ec7u c\u00e0 ph\u00ea s\u1ea1ch t\u1ed1t nh\u1ea5t c\u1ee7a Vi\u1ec7t Nam. Hi\u1ec7n nay s\u1ea3n ph\u1ea9m c\u1ee7a c\u00f4ng ty \u0111\u01b0\u1ee3c ph\u00e1t tri\u1ec3n kh\u1eafp c\u00e1c t\u1ec9nh mi\u1ec1n Trung v\u00e0 h\u01b0\u1edbng t\u1edbi l\u00e0 ph\u00e2n ph\u1ed1i tr\u00e3i d\u00e0i kh\u1eafp c\u1ea3 n\u01b0\u1edbc. V\u1edbi mong mu\u1ed1n \u0111\u01b0\u1ee3c \u0111em \u0111\u1ebfn cho kh\u00e1ch h\u00e0ng nh\u1eefng s\u1ea3n ph\u1ea9m t\u1eeb c\u00e0 ph\u00ea s\u1ea1ch, t\u1ed1t cho s\u1ee9c kh\u1ecfe, h\u1ee3p nhu c\u1ea7u th\u01b0\u1edfng th\u1ee9c tinh t\u1ebf v\u00e0 phong ph\u00fa c\u1ee7a qu\u00fd kh\u00e1ch h\u00e0ng.<\/p>\n<p><img fetchpriority=\"high\" decoding=\"async\" class=\"wp-image-14591 aligncenter\" src=\"https:\/\/havamall.com\/wp-content\/uploads\/2020\/05\/unnamed-3-300x185.jpg\" alt=\"\" width=\"495\" height=\"305\" \/><\/p>\n<p>&nbsp;<\/p>\n<h1><strong>\u0110\u1eb7c \u0111i\u1ec3m n\u1ed5i b\u1eadt s\u1ea3n ph\u1ea9m<\/strong><\/h1>\n<p>S\u1ea7u ri\u00eang s\u1ea5y Mr.Viet hay\u00a0s\u1ea7u ri\u00eang s\u1ea5y kh\u00f4\u00a0l\u00e0 s\u1ea7u ri\u00eang ch\u00edn c\u00e2y sau khi \u0111\u01b0\u1ee3c l\u1ef1a ch\u1ecdn k\u1ef9 l\u01b0\u1ee1ng \u0111\u01b0\u1ee3c c\u00f4ng nh\u00e2n t\u00e1ch b\u1ecf v\u1ecf v\u00e0 h\u1ea1t, sau \u0111\u00f3 t\u00e1ch ra t\u1eebng m\u00fai \u0111\u1ec3 d\u1ec5 d\u00e0ng \u0111em s\u1ea5y. S\u1ea7u ri\u00eang s\u1ea5y c\u1ee7a Mr.Viet l\u00e0m t\u1eeb nguy\u00ean li\u1ec7u l\u00e0 nh\u1eefng tr\u00e1i s\u1ea7u ri\u00eang ch\u00edn c\u00e2y, m\u00fai d\u00e0y, tr\u1ed3ng tr\u00ean \u0111\u1ea5t ph\u00f9 sa m\u00e0u m\u1ee1 c\u1ee7a mi\u1ec1n Nam Vi\u1ec7t Nam.\u00a0V\u1edbi s\u1ef1 ki\u1ec3m so\u00e1t nghi\u00eam ng\u1eb7t gi\u1eef 100% th\u00e0nh ph\u1ea7n dinh d\u01b0\u1eddng v\u00e0 m\u00f9i v\u1ecb t\u1ef1 nhi\u00ean c\u1ee7a s\u1ea7u ri\u00eang, s\u1ea7u ri\u00eang s\u1ea5y theo c\u00f4ng ngh\u1ec7 s\u1ea5y th\u0103ng hoa l\u00e0 l\u1ef1a ch\u1ecdn t\u1ed1t nh\u1ea5t \u0111\u1ec3 l\u00e0m qu\u00e0<\/p>\n<p><img decoding=\"async\" class=\"wp-image-14580 aligncenter\" src=\"https:\/\/havamall.com\/wp-content\/uploads\/2020\/05\/Untitled-1-9-300x300.jpg\" alt=\"\" width=\"668\" height=\"668\" \/><\/p>\n<p>V\u1edbi C\u00f4ng ngh\u1ec7 hi\u1ec7n \u0111\u1ea1i s\u1ea5y l\u1ea1nh c\u00f2n c\u00f3 t\u00ean l\u00e0 s\u1ea5y th\u0103ng hoa, c\u1ed9ng v\u1edbi quy tr\u00ecnh s\u1ea5y nghi\u00eam ng\u1eb7t theo ti\u00eau chu\u1ea9n qu\u1ed1c t\u1ebf n\u00ean gi\u1eef \u0111\u01b0\u1ee3c tr\u1ecdn v\u1eb9n h\u01b0\u01a1ng v\u1ecb t\u1ef1 nhi\u00ean v\u00e0 \u0111\u00fang ch\u1ea5t nh\u01b0 s\u1ea7u ri\u00eang t\u01b0\u01a1i.<\/p>\n<p>Bao b\u00ec sang tr\u1ecdng v\u00e0 \u0111\u1eb9p m\u1eaft: l\u00e0 \u0111\u1eb7c s\u1ea3n l\u00e0m qu\u00e0 r\u1ea5t tuy\u1ec7t v\u1eddi. b\u00ean trong t\u00fai c\u00f2n \u0111\u01b0\u1ee3c \u0111\u00f3ng g\u00f3i b\u1eb1ng 2 t\u00fai b\u1ea1c nh\u1ecf, b\u1ea3o qu\u1ea3n s\u1ea3n ph\u1ea9m lu\u00f4n gi\u1eef \u0111\u01b0\u1ee3c m\u00e0u s\u1eafc v\u00e0 h\u01b0\u01a1ng v\u1ecb.<\/p>\n<p><em><strong>\u0110\u1eb7c \u0111i\u1ec3m s\u1ea3n ph\u1ea9m<\/strong><\/em><\/p>\n<ul>\n<li><strong>Tr\u1ecdng l\u01b0\u1ee3ng:<\/strong>\u00a045gr\/ g\u00f3i<\/li>\n<li><strong>Th\u00e0nh ph\u1ea7n:\u00a0<\/strong>S\u1ea7u ri\u00eang t\u01b0\u01a1i<\/li>\n<li><strong>C\u00e1ch s\u1eed d\u1ee5ng:<\/strong>\u00a0\u0102n li\u1ec1n<\/li>\n<li><strong>H\u1ea1n s\u1eed d\u1ee5ng:<\/strong>\u00a01 n\u0103m k\u1ec3 t\u1eeb ng\u00e0y s\u1ea3n xu\u1ea5t \u2013 \u0110\u1ea3m b\u1ea3o uy t\u00edn, Date s\u1ea3n ph\u1ea9m lu\u00f4n lu\u00f4n m\u1edbi<\/li>\n<li><strong>\u0110\u00f3ng g\u00f3i<\/strong>: t\u00fai zip nh\u00f4m<\/li>\n<li><strong>B\u1ea3o qu\u1ea3n:<\/strong>\u00a0N\u01a1i kh\u00f4 r\u00e1o tho\u00e1ng m\u00e1t, b\u1ea3o qu\u1ea3n l\u00e2u h\u01a1n trong ng\u0103n m\u00e1t t\u1ee7 l\u1ea1nh<\/li>\n<li><strong>Xu\u1ea5t x\u1ee9:<\/strong>\u00a0Vi\u1ec7t Nam<\/li>\n<li><strong>H\u00ecnh th\u1ee9c<\/strong>: C\u00f3 d\u1ea1ng vi\u00ean vu\u00f4ng, kh\u00f4ng v\u1ee5n. Gi\u00f2n tan khi \u0103n.<\/li>\n<\/ul>\n<p>&nbsp;<\/p>\n<p>Cam k\u1ebft 100% s\u1ea7u ri\u00eang s\u1ea5y kh\u00f4; kh\u00f4ng ch\u1ea5t b\u1ea3o qu\u1ea3n. \u0110\u01b0\u1ee3c s\u1ea3n xu\u1ea5t theo d\u00e2y chuy\u1ec1n c\u00f4ng ngh\u1ec7 hi\u1ec7n \u0111\u1ea1i \u0111\u00e1p \u1ee9ng th\u1ecb tr\u01b0\u1eddng xu\u1ea5t kh\u1ea9u<\/p>\n<h2><em><strong>*C\u00f4ng ngh\u1ec7 s\u1ea5y l\u1ea1nh l\u00e0 g\u00ec?<\/strong><\/em><\/h2>\n<ul>\n<li>S\u1ea5y l\u1ea1nh l\u00e0 c\u00f4ng ngh\u1ec7 s\u1ea5y m\u1edbi c\u1ee7a Nh\u1eadt B\u1ea3n, cho ph\u00e9p gi\u1eef h\u01b0\u01a1ng v\u1ecb tr\u00e1i c\u00e2y sau khi s\u1ea5y gi\u1ed1ng l\u00fac t\u01b0\u01a1i nh\u1ea5t.<\/li>\n<li>Kh\u00f4ng s\u1ea5y b\u1eb1ng c\u00e1ch t\u0103ng nhi\u1ec7t n\u00f3ng l\u00ean, tr\u00e1i c\u00e2y s\u1ea5y l\u1ea1nh \u0111\u01b0\u1ee3c r\u00fat n\u01b0\u1edbc ra b\u1eb1ng c\u00e1ch \u0111\u01b0a nhi\u1ec7t \u0111\u1ed9 l\u00f2 s\u1ea5y v\u1ec1 \u00e2m \u0111\u1ed9 cho \u0111\u1ebfn khi kh\u00f4 ho\u00e0n to\u00e0n.<\/li>\n<li>S\u1ea3n ph\u1ea9m \u0111\u01b0\u1ee3c \u0111\u00f3ng g\u00f3i trong t\u00fai NH\u00d4M, c\u1ea3n 100% \u00e1nh s\u00e1ng v\u00e0 \u0111\u1ed9 \u1ea9m b\u00ean ngo\u00e0i.<br \/>\nB\u1edfi v\u1eady m\u00e0 s\u1ea7u ri\u00eang s\u1ea5y l\u1ea1nh c\u00f3 th\u1ec3 l\u00e0m qu\u00e0 \u0111i kh\u1eafp th\u1ebf gi\u1edbi.<\/li>\n<li>B\u1ea5t k\u1ef3 khi n\u00e0o th\u00e8m s\u1ea7u ri\u00eang, b\u1ea1n c\u0169ng c\u00f3 th\u1ec3 th\u01b0\u1edfng th\u1ee9c m\u00e0 kh\u00f4ng c\u1ea7n rung c\u00e2y ch\u1edd tr\u00e1i r\u1ee5ng.<\/li>\n<\/ul>\n<h1><strong>C\u00f4ng d\u1ee5ng c\u1ee7a s\u1ea7u ri\u00eang<\/strong><\/h1>\n<p>-H\u00e0m l\u01b0\u1ee3ng dinh d\u01b0\u1ee1ng v\u00e0 L\u1ee3i \u00edch s\u1ee9c kh\u1ecfe t\u1eeb tr\u00e1i S\u1ea7u Ri\u00eang<\/p>\n<p>-S\u1ea7u ri\u00eang kh\u00f4ng ch\u1ee9a cholesterol, nh\u01b0ng l\u1ea1i d\u1ed3i d\u00e0o ch\u1ea5t x\u01a1 v\u00e0 protein gi\u00fap c\u1ea3i thi\u1ec7n h\u1ec7 ti\u00eau h\u00f3a, tr\u00e1nh t\u00e1o b\u00f3n.<\/p>\n<p>-S\u1ea7u ri\u00eang gi\u00e0u vitamin nh\u00f3m B nh\u01b0 vitamin B6 c\u1ea7n thi\u1ebft cho vi\u1ec7c s\u1ea3n xu\u1ea5t serotonin \u0111\u1ec3 ch\u1ed1ng b\u1ec7nh tr\u1ea7m c\u1ea3m.<\/p>\n<p><img decoding=\"async\" class=\"wp-image-14781 aligncenter\" src=\"https:\/\/havamall.com\/wp-content\/uploads\/2020\/05\/unnamed-4-300x232.jpg\" alt=\"\" width=\"515\" height=\"398\" \/><\/p>\n<p>-S\u1ea7u ri\u00eang l\u00e0 ngu\u1ed3n cung c\u1ea5p axit folic, \u0111\u1ed3ng, s\u1eaft v\u00e0 folate r\u1ea5t phong ph\u00fa gi\u00fap b\u1ed5 m\u00e1u, t\u0103ng s\u1ed1 l\u01b0\u1ee3ng t\u1ebf b\u00e0o h\u1ed3ng c\u1ea7u trong c\u01a1 th\u1ec3.<\/p>\n<p>-\u0102n s\u1ea7u ri\u00eang gi\u00fap x\u01b0\u01a1ng v\u00e0 r\u0103ng ch\u1eafc kh\u1ecfe, \u1ed5n \u0111\u1ecbnh huy\u1ebft \u00e1p v\u00e0 l\u01b0\u1ee3ng \u0111\u01b0\u1eddng trong m\u00e1u, ng\u0103n ng\u1eeba b\u1ec7nh tim m\u1ea1ch, duy tr\u00ec ch\u1ee9c n\u0103ng tuy\u1ebfn gi\u00e1p.<\/p>\n<p>&nbsp;<\/p>","protected":false},"excerpt":{"rendered":"<ul>\n<li>100% s\u1ea7u ri\u00eang s\u1ea5y kh\u00f4; kh\u00f4ng ch\u1ea5t b\u1ea3o qu\u1ea3n.<\/li>\n<li>\u0110\u01b0\u1ee3c s\u1ea3n xu\u1ea5t theo d\u00e2y chuy\u1ec1n c\u00f4ng ngh\u1ec7 hi\u1ec7n \u0111\u1ea1i \u0111\u00e1p \u1ee9ng th\u1ecb tr\u01b0\u1eddng xu\u1ea5t kh\u1ea9u.<\/li>\n<li>C\u00f4ng ngh\u1ec7 hi\u1ec7n \u0111\u1ea1i s\u1ea5y l\u1ea1nh c\u00f2n c\u00f3 t\u00ean l\u00e0 s\u1ea5y th\u0103ng hoa, c\u1ed9ng v\u1edbi quy tr\u00ecnh s\u1ea5y nghi\u00eam ng\u1eb7t theo ti\u00eau chu\u1ea9n qu\u1ed1c t\u1ebf n\u00ean gi\u1eef \u0111\u01b0\u1ee3c tr\u1ecdn v\u1eb9n h\u01b0\u01a1ng v\u1ecb t\u1ef1 nhi\u00ean v\u00e0 \u0111\u00fang ch\u1ea5t nh\u01b0 s\u1ea7u ri\u00eang t\u01b0\u01a1i.<\/li>\n<li>Bao b\u00ec sang tr\u1ecdng v\u00e0 \u0111\u1eb9p m\u1eaft<\/li>\n<\/ul>","protected":false},"featured_media":14583,"comment_status":"open","ping_status":"closed","template":"","meta":[],"product_brand":[],"product_cat":[36,134],"product_tag":[],"class_list":{"0":"post-14570","1":"product","2":"type-product","3":"status-publish","4":"has-post-thumbnail","6":"product_cat-thuc-pham-tieu-dung","7":"product_cat-thucpham-saykho","8":"pa_brand-mr-viet","10":"first","11":"outofstock","12":"sale","13":"shipping-taxable","14":"purchasable","15":"product-type-simple"},"_links":{"self":[{"href":"https:\/\/havamall.com\/en\/wp-json\/wp\/v2\/product\/14570","targetHints":{"allow":["GET"]}}],"collection":[{"href":"https:\/\/havamall.com\/en\/wp-json\/wp\/v2\/product"}],"about":[{"href":"https:\/\/havamall.com\/en\/wp-json\/wp\/v2\/types\/product"}],"replies":[{"embeddable":true,"href":"https:\/\/havamall.com\/en\/wp-json\/wp\/v2\/comments?post=14570"}],"version-history":[{"count":0,"href":"https:\/\/havamall.com\/en\/wp-json\/wp\/v2\/product\/14570\/revisions"}],"wp:featuredmedia":[{"embeddable":true,"href":"https:\/\/havamall.com\/en\/wp-json\/wp\/v2\/media\/14583"}],"wp:attachment":[{"href":"https:\/\/havamall.com\/en\/wp-json\/wp\/v2\/media?parent=14570"}],"wp:term":[{"taxonomy":"product_brand","embeddable":true,"href":"https:\/\/havamall.com\/en\/wp-json\/wp\/v2\/product_brand?post=14570"},{"taxonomy":"product_cat","embeddable":true,"href":"https:\/\/havamall.com\/en\/wp-json\/wp\/v2\/product_cat?post=14570"},{"taxonomy":"product_tag","embeddable":true,"href":"https:\/\/havamall.com\/en\/wp-json\/wp\/v2\/product_tag?post=14570"}],"curies":[{"name":"wp","href":"https:\/\/api.w.org\/{rel}","templated":true}]}}