{"id":14603,"date":"2020-05-26T15:29:55","date_gmt":"2020-05-26T08:29:55","guid":{"rendered":"https:\/\/havamall.com\/?post_type=product&#038;p=14603"},"modified":"2021-06-04T13:48:43","modified_gmt":"2021-06-04T06:48:43","slug":"ca-phe-moka-mr-viet-250gr-mr-viet-moka-coffee-250gr","status":"publish","type":"product","link":"https:\/\/havamall.com\/en\/shop\/ca-phe-moka-mr-viet-250gr-mr-viet-moka-coffee-250gr\/","title":{"rendered":"C\u00e0 Ph\u00ea Moka Mr.Viet 250gr &#8211; Mr.Viet Moka Coffee 250gr"},"content":{"rendered":"<p><strong>C\u00e0 ph\u00ea Moka<\/strong>\u00a0l\u00e0 m\u1ed9t ch\u1ee7ng lo\u1ea1i thu\u1ed9c gi\u1ed1ng Arabica. Moka c\u00f9ng h\u1ecd v\u1edbi nh\u1eefng lo\u1ea1i c\u00e0 ph\u00ea n\u1ed5i ti\u1ebfng nh\u01b0: Typica, Bourbon, Icatu hay Mundo Novo.<\/p>\n<p><img fetchpriority=\"high\" decoding=\"async\" class=\"wp-image-14608 aligncenter\" src=\"https:\/\/havamall.com\/wp-content\/uploads\/2020\/05\/coffee-beans-525046_960_720-300x156.jpg\" alt=\"\" width=\"504\" height=\"262\" \/><\/p>\n<p>Moka \u0111\u01b0\u1ee3c t\u00ecm th\u1ea5y l\u1ea7n \u0111\u1ea7u ti\u00ean t\u1ea1i m\u1ed9t th\u00e0nh ph\u1ed1 c\u1ea3ng c\u00f3 t\u00ean Mocha thu\u1ed9c Yemen, V\u00ec v\u1eady, gi\u1ed1ng cafe n\u00e0y c\u00f2n c\u00f3 t\u00ean g\u1ecdi Mocha Coffee.\u00a0 Lo\u1ea1i c\u00e0 ph\u00ea n\u00e0y l\u1ea7n \u0111\u1ea7u \u0111\u01b0\u1ee3c \u0111\u01b0a ra ngo\u00e0i l\u00e3nh th\u1ed5 Yemen l\u00e0 v\u00e0o nh\u1eefng n\u0103m cu\u1ed1i c\u1ee7a th\u1ebf k\u1ef7 13, khi nh\u00e0 truy\u1ec1n gi\u00e1o Marco Polo \u0111\u1ebfn \u0111\u00e2y v\u00e0 mang h\u1ea1t Moka \u0111i b\u00e1n \u1edf ch\u00e2u \u00c2u.<\/p>\n<h1><strong>\u0110\u1eb7c \u0111i\u1ec3m th\u01b0\u01a1ng hi\u1ec7u<\/strong><\/h1>\n<p><strong>V\u1edbi mong mu\u1ed1n \u0111\u01b0\u1ee3c \u0111em \u0111\u1ebfn cho kh\u00e1ch h\u00e0ng nh\u1eefng s\u1ea3n ph\u1ea9m t\u1eeb c\u00e0 ph\u00ea s\u1ea1ch, t\u1ed1t cho s\u1ee9c kh\u1ecfe, Th\u01b0\u01a1ng hi\u1ec7u MR VI\u1ec6T COFFEE l\u00e0 m\u1ed9t trong nh\u1eefng doanh nghi\u1ec7p s\u1ea3n xu\u1ea5t v\u00e0 kinh doanh c\u00e1c lo\u1ea1i c\u00e0 ph\u00ea b\u1ed9t v\u00e0 c\u00e0 ph\u00ea h\u1ea1t \u0111\u00f3ng g\u00f3i nguy\u00ean ch\u1ea5t uy t\u00edn t\u1ea1i Vi\u1ec7t Nam.<\/strong><\/p>\n<p>T\u1eeb khi th\u00e0nh l\u1eadp \u0111\u1ebfn nay, C\u00f4ng ty \u0111\u00e3 kh\u1eb3ng \u0111\u1ecbnh \u0111\u01b0\u1ee3c uy t\u00edn v\u1ec1 ch\u1ea5t l\u01b0\u1ee3ng s\u1ea3n ph\u1ea9m v\u00e0 gi\u00e1 c\u1ea3 h\u1ee3p l\u00fd. C\u00f4ng ty lu\u00f4n ch\u00fa tr\u1ecdng, \u0111\u1ea7u t\u01b0 \u0111\u00e1ng k\u1ec3 cho vi\u1ec7c nghi\u00ean c\u1ee9u s\u1ea3n ph\u1ea9m m\u1edbi, \u0111\u1ed5i m\u1edbi m\u1eabu m\u00e3, ki\u1ec3u d\u00e1ng cho c\u00e1c s\u1ea3n ph\u1ea9m c\u00e0 ph\u00ea. Cho ra nh\u1eefng s\u1ea3n ph\u1ea9m c\u00e0 ph\u00ea \u0111\u1eb7c bi\u1ec7t nh\u1ea5t \u0111\u01b0\u1ee3c ng\u01b0\u1eddi ti\u00eau d\u00f9ng y\u00eau th\u00edch, d\u01b0\u1edbi b\u00e0n tay ngh\u1ec7 nh\u00e2n \u0111\u1ea7y kinh nghi\u1ec7m MR VI\u1ec6T COFFEE \u0111ang d\u1ea7n h\u01b0\u1edbng t\u1edbi th\u01b0\u01a1ng hi\u1ec7u c\u00e0 ph\u00ea s\u1ea1ch t\u1ed1t nh\u1ea5t c\u1ee7a Vi\u1ec7t Nam. Hi\u1ec7n nay s\u1ea3n ph\u1ea9m c\u1ee7a c\u00f4ng ty \u0111\u01b0\u1ee3c ph\u00e1t tri\u1ec3n kh\u1eafp c\u00e1c t\u1ec9nh mi\u1ec1n Trung v\u00e0 h\u01b0\u1edbng t\u1edbi l\u00e0 ph\u00e2n ph\u1ed1i tr\u00e3i d\u00e0i kh\u1eafp c\u1ea3 n\u01b0\u1edbc. V\u1edbi mong mu\u1ed1n \u0111\u01b0\u1ee3c \u0111em \u0111\u1ebfn cho kh\u00e1ch h\u00e0ng nh\u1eefng s\u1ea3n ph\u1ea9m t\u1eeb c\u00e0 ph\u00ea s\u1ea1ch, t\u1ed1t cho s\u1ee9c kh\u1ecfe, h\u1ee3p nhu c\u1ea7u th\u01b0\u1edfng th\u1ee9c tinh t\u1ebf v\u00e0 phong ph\u00fa c\u1ee7a qu\u00fd kh\u00e1ch h\u00e0ng.<\/p>\n<p><img decoding=\"async\" class=\"wp-image-14591 aligncenter\" src=\"https:\/\/havamall.com\/wp-content\/uploads\/2020\/05\/unnamed-3-300x185.jpg\" alt=\"\" width=\"658\" height=\"406\" \/><\/p>\n<h1><strong>\u0110\u1eb7c \u0111i\u1ec3m s\u1ea3n ph\u1ea9m<\/strong><\/h1>\n<p>T\u1eeb khi bi\u1ebft \u0111\u1ebfn Moka, ng\u01b0\u1eddi d\u00e2n Vi\u1ec7t Nam \u0111\u00e3 c\u1ed1 g\u1eafng ph\u00e1t tri\u1ec3n lo\u1ea1i c\u00e2y tr\u1ed3ng n\u00e0y t\u1eeb r\u1ea5t s\u1edbm. Tuy nhi\u00ean d\u00f9 c\u00f3 \u00e1p d\u1ee5ng b\u1ea5t c\u1ee9 bi\u1ec7n ph\u00e1p n\u00e0o th\u00ec kh\u00f4ng \u1edf \u0111\u00e2u mang l\u1ea1i h\u01b0\u01a1ng v\u1ecb c\u1ee7a Moka s\u00e1nh b\u1eb1ng \u0110\u00e0 L\u1ea1t. \u0110\u1eb7c bi\u1ec7t tr\u1ed3ng v\u00e0 ph\u00f9 h\u1ee3p v\u00f9ng C\u1ea7u \u0110\u1ea5t v\u1edbi t\u00ean g\u1ecdi Moka C\u1ea7u \u0111\u1ea5t n\u1ed5i ti\u1ebfng.<\/p>\n<p>Moka l\u00e0 m\u1ed9t lo\u1ea1i c\u00e0 ph\u00ea th\u01b0\u1ee3ng h\u1ea1ng mang h\u01b0\u01a1ng v\u1ecb c\u1ee7a b\u1ea1ch \u0111\u1eadu kh\u1ea9u c\u00f9ng v\u1edbi h\u1eadu v\u1ecb tr\u00e1i c\u00e2y c\u1ee7a xo\u00e0i v\u00e0 \u0111\u00e0o.<\/p>\n<p>Nh\u1eefng ly Moka nguy\u00ean nh\u1ea5t 100% s\u1ebd mang theo m\u00ecnh v\u1ecb \u0111\u1eafng nh\u1eb9, xem l\u1eabn trong \u0111\u00f3 l\u00e0 m\u1ed9t ch\u00fat chua thanh v\u00e0 c\u00f3 c\u1ea3 v\u1ecb b\u00e9o c\u1ee7a ph\u1ea7n d\u1ea7u b\u00ean trong h\u1ea1t. Khi u\u1ed1ng v\u00e0o, c\u00e1i \u0111\u1eafng lan t\u1ecfa trong mi\u1ec7ng r\u1ed3i xu\u1ed1ng cu\u1ed1ng h\u1ecdng, nh\u01b0ng ch\u1ec9 v\u00e0i gi\u00e2y sau m\u00f9i h\u01b0\u01a1ng n\u1ed3ng n\u00e0n v\u00e0 v\u1ecb ng\u1ecdt m\u1edbi xu\u1ea5t hi\u1ec7n g\u00e2y c\u1ea3m gi\u00e1c th\u01b0\u01a1ng nh\u1edb.<\/p>\n<p><img decoding=\"async\" class=\"wp-image-14609 aligncenter\" src=\"https:\/\/havamall.com\/wp-content\/uploads\/2020\/05\/image_720-300x182.png\" alt=\"\" width=\"695\" height=\"422\" \/><\/p>\n<p><strong>Ch\u1ec9 ti\u00eau ch\u1ea5t l\u01b0\u1ee3ng ch\u1ee7 y\u1ebfu<\/strong>: \u0111\u1ed9 \u1ea9m &lt;5%. H\u00e0m l\u01b0\u1ee3ng cafein &gt;1%<\/p>\n<p><strong>Kh\u1ed1i l\u01b0\u1ee3ng t\u1ecbnh<\/strong> : 250gram<\/p>\n<p><strong>Th\u00e0nh ph\u1ea7n<\/strong> : C\u00e0 ph\u00ea Arabica 100%<\/p>\n<p>&#8211; H\u01b0\u01a1ng v\u1ecb : 7\/10<\/p>\n<p>&#8211; \u0110\u1ed9 chua : 2\/10<\/p>\n<p>&#8211; \u0110\u1ed9 \u0111\u1eadm : 7\/10<\/p>\n<p>&#8211; \u0110\u1ed9 \u0111\u1eafng : 2\/10<\/p>\n<p>&#8211; H\u1eadu v\u1ecb : 7\/10<\/p>\n<h3><em>Mr.Viet<\/em> lu\u00f4n \u0111\u1ea3m b\u1ea3o:<\/h3>\n<ul>\n<li><strong>M\u00d4I TR\u01af\u1edcNG S\u1ea0CH<\/strong><\/li>\n<li>C\u00e0 ph\u00ea Vi\u1ec7t Nam \u0111\u01b0\u1ee3c tr\u1ed3ng \u1edf v\u00f9ng cao c\u1ee7a t\u1ec9nh Lamdong, n\u01a1i kh\u00f4ng c\u00f3 nh\u00e0 m\u00e1y v\u00e0 \u0111\u01b0\u1eddng cao t\u1ed1c xung quanh. V\u00ec n\u00f3 c\u00e1ch bi\u1ec3n kh\u00f4ng xa, v\u00f9ng \u0111\u1ea5t n\u00e0y r\u1ea5t gi\u00e0u kho\u00e1ng s\u1ea3n, v\u00ec v\u1eady n\u00f4ng d\u00e2n kh\u00f4ng s\u1eed d\u1ee5ng b\u1ea5t k\u1ef3 lo\u1ea1i ph\u00e2n b\u00f3n h\u00f3a h\u1ecdc n\u00e0o.<\/li>\n<\/ul>\n<ul>\n<li><strong>QUY TR\u00ccNH KH\u00c9P K\u00cdN<\/strong><br \/>\nCh\u00fang t\u00f4i ho\u00e0n to\u00e0n l\u00e0 m\u1ed9t quy tr\u00ecnh kh\u00e9p k\u00edn. Ch\u00fang t\u00f4i v\u00e0 mua h\u1ea1t c\u00e0 ph\u00ea t\u01b0\u01a1i tr\u1ef1c ti\u1ebfp t\u1eeb n\u00f4ng d\u00e2n \u0111\u1ecba ph\u01b0\u01a1ng. Sau \u0111\u00f3 ch\u00fang t\u00f4i rang xay, \u0111\u00f3ng g\u00f3i v\u00e0 g\u1eedi ch\u00fang \u0111\u1ebfn kho c\u1ee7a ch\u00fang t\u00f4i<br \/>\nb\u1eb1ng \u0111\u01b0\u1eddng h\u00e0ng kh\u00f4ng. B\u1ea1n nh\u1eadn \u0111\u01b0\u1ee3c s\u1ea3n ph\u1ea9m m\u1edbi nh\u1ea5t v\u00e0 nhanh ch\u00f3ng nh\u1ea5t.<\/li>\n<li><strong>S\u1ea2N PH\u1ea8M T\u01af\u01a0I 100%<\/strong><br \/>\nD\u00f9 b\u1ea1n ch\u1ecdn lo\u1ea1i c\u00e0 ph\u00ea n\u00e0o, b\u1ea1n c\u00f3 th\u1ec3 ch\u1eafc ch\u1eafn r\u1eb1ng b\u1ea1n s\u1ebd c\u00f3 \u0111\u01b0\u1ee3c s\u1ea3n ph\u1ea9m t\u01b0\u01a1i. Ch\u1ec9 m\u1ea5t ch\u01b0a \u0111\u1ea7y 24 gi\u1edd k\u1ec3 t\u1eeb th\u1eddi \u0111i\u1ec3m rang c\u00e0 ph\u00ea \u0111\u1ec3 \u0111\u00f3ng g\u00f3i. Ch\u00fang t\u00f4i kh\u00f4ng bao gi\u1edd rang c\u00e0 ph\u00ea \u0111\u1ec3 s\u1eed d\u1ee5ng trong t\u01b0\u01a1ng lai, ch\u00fang t\u00f4i ch\u1ec9 th\u1ef1c hi\u1ec7n s\u1ed1 l\u01b0\u1ee3ng c\u1ea7n thi\u1ebft \u0111\u1ec3 v\u1eadn chuy\u1ec3n.<\/li>\n<\/ul>\n<h1><strong>C\u00e1ch s\u1eed d\u1ee5ng<\/strong><\/h1>\n<p>\u0110\u1ec3 c\u00f3 m\u1ed9t ly Moka nguy\u00ean ch\u1ea5t \u0111\u00fang \u0111i\u1ec7u, b\u1ea1n n\u00ean s\u1eed d\u1ee5ng Moka Pot l\u00e0 d\u1ee5ng c\u1ee5 chuy\u00ean d\u00f9ng \u0111\u1ec3 pha c\u00e0 ph\u00ea. C\u00e1ch pha ch\u1ebf nh\u01b0 sau:<\/p>\n<p>Cho n\u01b0\u1edbc v\u00e0o \u00bd Moka Pot<\/p>\n<p>\u0110\u1eb7t n\u1eafp l\u1ecdc v\u00e0o l\u00ean tr\u00ean v\u00e0 cho b\u1ed9t Moka l\u00ean, d\u00f9ng tay g\u1ea1t \u0111\u1ec3 san ph\u1eb3ng b\u1ec1 m\u1eb7t n\u1eafp l\u1ecdc.<\/p>\n<p>L\u1eafp ph\u1ea7n tr\u00ean c\u1ee7a Moka Pot v\u00e0o v\u1eeba \u0111\u1ee7 ch\u1eb7t, sau \u0111\u00f3 \u0111em \u0111i \u0111un s\u00f4i tr\u00ean b\u1ebfp l\u1eeda<\/p>\n<p>Khi n\u01b0\u1edbc n\u00f3ng, h\u01a1i n\u01b0\u1edbc s\u1ebd b\u1ed1c l\u00ean th\u1ea5m v\u00e0o b\u1ed9t c\u00e0 ph\u00ea Moka, l\u1ea5y h\u1ebft h\u01b0\u01a1ng v\u1ecb v\u00e0 \u0111\u1ea9y ph\u1ea9n n\u01b0\u1edbc l\u00ean tr\u00ean. Do \u0111\u00f3 ch\u00fang ta s\u1ebd c\u00f3 \u0111\u01b0\u1ee3c m\u1ed9t ly Moka 100% nguy\u00ean ch\u1ea5t.<\/p>\n<p><img loading=\"lazy\" decoding=\"async\" class=\"wp-image-14605 aligncenter\" src=\"https:\/\/havamall.com\/wp-content\/uploads\/2020\/05\/pha-ca-phe-bang-binh-Moka-2-ogk5bq92etgm3ptagbqvl88fjwb95fu8f7g0e2wv9s-300x130.jpg\" alt=\"\" width=\"704\" height=\"305\" \/><\/p>\n<p><strong>Pha tr\u1ed9n v\u1edbi c\u00e1c lo\u1ea1i cafe kh\u00e1c<\/strong><\/p>\n<p>M\u1ed7i lo\u1ea1i c\u00e0 ph\u00ea \u0111\u1ec3u c\u00f3 1 v\u1ecb nh\u1ea5t \u0111\u1ecbnh, do \u0111\u00f3 \u0111\u1ec3 c\u00f3 th\u1ec3 c\u1ea3m nh\u1eadn h\u1ebft c\u00e1i ngon c\u1ee7a n\u00f3, ch\u00fang ta n\u00ean ph\u1ed1i tr\u1ed9n theo m\u1ed9t t\u1ef7 l\u1ec7 nh\u1ea5t \u0111\u1ecbnh.<\/p>\n<p>Th\u00f4ng th\u01b0\u1eddng s\u1ebd c\u00f3 50% Moka v\u00e0 50% c\u00f2n l\u1ea1i l\u00e0 Robusta v\u00e0 m\u1ed9t h\u1ee3p ch\u1ea5t trung h\u00f2a. C\u00f3 th\u1ec3 pha theo t\u1ef7 l\u1ec7 sau:<\/p>\n<p>50% Moka, 40% Robusta, 10% ca cao (*T\u1ea1i Havamall c\u00f3 b\u00e1n c\u00e0 ph\u00ea Robusta)<\/p>\n<p>Ho\u1eb7c c\u0169ng c\u00f3 th\u1ec3 pha theo t\u1ef7 l\u1ec7 30% Moka, 60% Robusta v\u00e0 10% ca cao. (*T\u1ea1i Havamall c\u00f3 b\u00e1n c\u00e0 ph\u00ea Robusta)<\/p>\n<p><em>Moka l\u00e0 m\u1ed9t s\u1ea3n ph\u1ea9m c\u00e0 ph\u00ea ngon c\u1ef1c ph\u1ea9m h\u00e0ng \u0111\u1ea7u, \u0111\u01b0\u1ee3c \u0111\u00e1nh gi\u00e1 \u0111\u1eb3ng c\u1ea5p kh\u00f4ng nh\u1eefng \u1edf Vi\u1ec7t Nam m\u00e0 c\u00f2n \u0111\u01b0\u1ee3c \u01b0a chu\u1ed9ng t\u1ea1i n\u01b0\u1edbc ngo\u00e0i. Tuy nhi\u00ean ch\u00fang l\u1ea1i r\u1ea5t k\u00e9n m\u00f4i tr\u01b0\u1eddng sinh tr\u01b0\u1edfng, kh\u00f3 tr\u1ed3ng, m\u1ea5t nhi\u1ec1u th\u1eddi gian ch\u0103m b\u00f3n, cho n\u00ean m\u1ee9c gi\u00e1 c\u1ee7a ch\u00fang cao h\u01a1n so v\u1edbi c\u00e1c gi\u1ed1ng c\u00e0 ph\u00ea kh\u00e1c.<\/em><br \/>\n<em>\u00d4ng b\u00e0 ta c\u00f3 c\u00e2u \u201cti\u1ec1n n\u00e0o c\u1ee7a \u1ea5y\u201d, n\u1ebfu \u0111am m\u00ea lo\u1ea1i c\u00e0 ph\u00ea Moka C\u1ea7u \u0110\u1ea5t<strong>\u00a0<\/strong>th\u01b0\u1ee3ng h\u1ea1ng n\u00e0y qu\u00fd kh\u00e1ch vui l\u00f2ng li\u00ean h\u1ec7 s\u01a1 s\u1edf chuy\u00ean s\u1ea3n xu\u1ea5t\u00a0<strong>Havamall<\/strong>\u00a0 \u0111\u1ec3 bi\u1ebft th\u00eam chi ti\u1ebft v\u1ec1 gi\u00e1 c\u1ea3 v\u00e0 h\u00ecnh th\u1ee9c thanh to\u00e1n, nh\u1eadn h\u00e0ng h\u1ee3p l\u00fd nh\u1ea5t.<\/em><\/p>","protected":false},"excerpt":{"rendered":"<ul>\n<li><strong>C\u00e0 ph\u00ea Moka<\/strong>\u00a0l\u00e0 m\u1ed9t ch\u1ee7ng lo\u1ea1i thu\u1ed9c gi\u1ed1ng Arabica.<\/li>\n<li>Moka l\u00e0 m\u1ed9t lo\u1ea1i c\u00e0 ph\u00ea th\u01b0\u1ee3ng h\u1ea1ng mang h\u01b0\u01a1ng v\u1ecb c\u1ee7a b\u1ea1ch \u0111\u1eadu kh\u1ea9u c\u00f9ng v\u1edbi h\u1eadu v\u1ecb tr\u00e1i c\u00e2y c\u1ee7a xo\u00e0i v\u00e0 \u0111\u00e0o<\/li>\n<li>\u0110\u1eb7c bi\u1ec7t tr\u1ed3ng v\u00e0 ph\u00f9 h\u1ee3p v\u00f9ng C\u1ea7u \u0110\u1ea5t v\u1edbi t\u00ean g\u1ecdi Moka C\u1ea7u \u0111\u1ea5t n\u1ed5i ti\u1ebfng.<\/li>\n<\/ul>","protected":false},"featured_media":14611,"comment_status":"open","ping_status":"closed","template":"","meta":[],"product_brand":[],"product_cat":[135,36],"product_tag":[],"class_list":{"0":"post-14603","1":"product","2":"type-product","3":"status-publish","4":"has-post-thumbnail","6":"product_cat-sua-do-uong","7":"product_cat-thuc-pham-tieu-dung","8":"pa_brand-mr-viet","10":"first","11":"outofstock","12":"sale","13":"shipping-taxable","14":"purchasable","15":"product-type-simple"},"_links":{"self":[{"href":"https:\/\/havamall.com\/en\/wp-json\/wp\/v2\/product\/14603","targetHints":{"allow":["GET"]}}],"collection":[{"href":"https:\/\/havamall.com\/en\/wp-json\/wp\/v2\/product"}],"about":[{"href":"https:\/\/havamall.com\/en\/wp-json\/wp\/v2\/types\/product"}],"replies":[{"embeddable":true,"href":"https:\/\/havamall.com\/en\/wp-json\/wp\/v2\/comments?post=14603"}],"version-history":[{"count":0,"href":"https:\/\/havamall.com\/en\/wp-json\/wp\/v2\/product\/14603\/revisions"}],"wp:featuredmedia":[{"embeddable":true,"href":"https:\/\/havamall.com\/en\/wp-json\/wp\/v2\/media\/14611"}],"wp:attachment":[{"href":"https:\/\/havamall.com\/en\/wp-json\/wp\/v2\/media?parent=14603"}],"wp:term":[{"taxonomy":"product_brand","embeddable":true,"href":"https:\/\/havamall.com\/en\/wp-json\/wp\/v2\/product_brand?post=14603"},{"taxonomy":"product_cat","embeddable":true,"href":"https:\/\/havamall.com\/en\/wp-json\/wp\/v2\/product_cat?post=14603"},{"taxonomy":"product_tag","embeddable":true,"href":"https:\/\/havamall.com\/en\/wp-json\/wp\/v2\/product_tag?post=14603"}],"curies":[{"name":"wp","href":"https:\/\/api.w.org\/{rel}","templated":true}]}}