{"id":14638,"date":"2020-05-27T12:06:43","date_gmt":"2020-05-27T05:06:43","guid":{"rendered":"https:\/\/havamall.com\/?post_type=product&#038;p=14638"},"modified":"2026-02-24T11:46:15","modified_gmt":"2026-02-24T04:46:15","slug":"socola-xoai-dua-mr-viet-60g-mango-coconut-chocolate-60g","status":"publish","type":"product","link":"https:\/\/havamall.com\/en\/shop\/socola-xoai-dua-mr-viet-60g-mango-coconut-chocolate-60g\/","title":{"rendered":"Socola Xo\u00e0i D\u1eeba Mr.Viet 60g &#8211; Mango Coconut Chocolate 60g"},"content":{"rendered":"<h1><b>\u0110\u1eb7c \u0111i\u1ec3m th\u01b0\u01a1ng hi\u1ec7u<\/b><\/h1>\n<p><b>V\u1edbi mong mu\u1ed1n \u0111\u01b0\u1ee3c \u0111em \u0111\u1ebfn cho kh\u00e1ch h\u00e0ng nh\u1eefng s\u1ea3n ph\u1ea9m t\u1eeb c\u00e0 ph\u00ea s\u1ea1ch, t\u1ed1t cho s\u1ee9c kh\u1ecfe, Th\u01b0\u01a1ng hi\u1ec7u MR VI\u1ec6T COFFEE l\u00e0 m\u1ed9t trong nh\u1eefng doanh nghi\u1ec7p s\u1ea3n xu\u1ea5t v\u00e0 kinh doanh c\u00e1c lo\u1ea1i c\u00e0 ph\u00ea b\u1ed9t v\u00e0 c\u00e0 ph\u00ea h\u1ea1t \u0111\u00f3ng g\u00f3i nguy\u00ean ch\u1ea5t uy t\u00edn t\u1ea1i Vi\u1ec7t Nam.<\/b><\/p>\n<p><span style=\"font-weight: 400\">T\u1eeb khi th\u00e0nh l\u1eadp \u0111\u1ebfn nay, C\u00f4ng ty \u0111\u00e3 kh\u1eb3ng \u0111\u1ecbnh \u0111\u01b0\u1ee3c uy t\u00edn v\u1ec1 ch\u1ea5t l\u01b0\u1ee3ng s\u1ea3n ph\u1ea9m v\u00e0 gi\u00e1 c\u1ea3 h\u1ee3p l\u00fd. C\u00f4ng ty lu\u00f4n ch\u00fa tr\u1ecdng, \u0111\u1ea7u t\u01b0 \u0111\u00e1ng k\u1ec3 cho vi\u1ec7c nghi\u00ean c\u1ee9u s\u1ea3n ph\u1ea9m m\u1edbi, \u0111\u1ed5i m\u1edbi m\u1eabu m\u00e3, ki\u1ec3u d\u00e1ng cho c\u00e1c s\u1ea3n ph\u1ea9m c\u00e0 ph\u00ea. Cho ra nh\u1eefng s\u1ea3n ph\u1ea9m c\u00e0 ph\u00ea \u0111\u1eb7c bi\u1ec7t nh\u1ea5t \u0111\u01b0\u1ee3c ng\u01b0\u1eddi ti\u00eau d\u00f9ng y\u00eau th\u00edch, d\u01b0\u1edbi b\u00e0n tay ngh\u1ec7 nh\u00e2n \u0111\u1ea7y kinh nghi\u1ec7m MR VI\u1ec6T COFFEE \u0111ang d\u1ea7n h\u01b0\u1edbng t\u1edbi th\u01b0\u01a1ng hi\u1ec7u c\u00e0 ph\u00ea s\u1ea1ch t\u1ed1t nh\u1ea5t c\u1ee7a Vi\u1ec7t Nam. Hi\u1ec7n nay s\u1ea3n ph\u1ea9m c\u1ee7a c\u00f4ng ty \u0111\u01b0\u1ee3c ph\u00e1t tri\u1ec3n kh\u1eafp c\u00e1c t\u1ec9nh mi\u1ec1n Trung v\u00e0 h\u01b0\u1edbng t\u1edbi l\u00e0 ph\u00e2n ph\u1ed1i tr\u00e3i d\u00e0i kh\u1eafp c\u1ea3 n\u01b0\u1edbc. V\u1edbi mong mu\u1ed1n \u0111\u01b0\u1ee3c \u0111em \u0111\u1ebfn cho kh\u00e1ch h\u00e0ng nh\u1eefng s\u1ea3n ph\u1ea9m t\u1eeb c\u00e0 ph\u00ea s\u1ea1ch, t\u1ed1t cho s\u1ee9c kh\u1ecfe, h\u1ee3p nhu c\u1ea7u th\u01b0\u1edfng th\u1ee9c tinh t\u1ebf v\u00e0 phong ph\u00fa c\u1ee7a qu\u00fd kh\u00e1ch h\u00e0ng.<\/span><\/p>\n<h1><b><img fetchpriority=\"high\" decoding=\"async\" class=\"wp-image-14634 aligncenter\" src=\"https:\/\/havamall.com\/wp-content\/uploads\/2020\/05\/4-vi\u0323-tra\u0301i-ca\u0302y-300x200.jpg\" alt=\"\" width=\"890\" height=\"593\" \/><\/b><\/h1>\n<p><span style=\"font-weight: 400\">Ngo\u00e0i c\u00e0 ph\u00ea, Mr.Viet nay c\u00f2n c\u00f3 th\u00eam Socola Vi\u1ec7t Nam \u0111\u00edch th\u1ef1c. V\u1edbi nh\u1eefng nguy\u00ean li\u1ec7u Vi\u1ec7t Nam thu\u1ea7n khi\u1ebft, \u0111\u1ed9c \u0111\u00e1o trong t\u1eebng thanh socola v\u00e0 \u0111\u01b0\u1ee3c l\u00e0m th\u1ee7 c\u00f4ng \u0111em l\u1ea1i tr\u1ea3i nghi\u1ec7m m\u1edbi l\u1ea1 cho kh\u00e1ch h\u00e0ng.<\/span><\/p>\n<h1><span style=\"font-weight: 400\">\u0110\u1eb7c \u0111i\u1ec3m s\u1ea3n ph\u1ea9m<\/span><\/h1>\n<p><span style=\"font-weight: 400\">Socola k\u1ebft h\u1ee3p c\u00f9ng d\u1eeba v\u00e0 xo\u00e0i \u0111\u1ed9c \u0111\u00e1o, l\u1ea1 mi\u1ec7ng. Thanh socola ng\u1ecdt ng\u00e0o k\u1ebft h\u1ee3p c\u00f9ng l\u1edbp d\u1eeba t\u01b0\u01a1i th\u01a1m b\u00f9i, \u0111i\u1ec3m th\u00eam ch\u00fat chua nh\u1eb9 c\u1ee7a v\u00e0i l\u00e1t xo\u00e0i t\u1ea1o n\u00ean h\u01b0\u01a1ng v\u1ecb \u0111\u1eb7c bi\u1ec7t, th\u01a1m ngon kh\u00f3 c\u01b0\u1ee1ng.<\/span><\/p>\n<ul>\n<li style=\"font-weight: 400\"><span style=\"font-weight: 400\">B\u1ea3o qu\u1ea3n n\u01a1i kh\u00f4 r\u00e1o, tho\u00e1ng m\u00e1t, tr\u00e1nh \u00e1nh s\u00e1ng m\u1eb7t tr\u1eddi<\/span><\/li>\n<li style=\"font-weight: 400\"><span style=\"font-weight: 400\">Th\u00e0nh ph\u1ea7n: \u0111\u01b0\u1eddng 28%, b\u01a1 ca cao 8%, h\u1ea1t ca cao 54%, xo\u00e0i 7%, d\u1eeba 3%<\/span><\/li>\n<li style=\"font-weight: 400\"><span style=\"font-weight: 400\">H\u01b0\u1edbng d\u1eabn s\u1eed d\u1ee5ng: d\u00f9ng tr\u1ef1c ti\u1ebfp sau khi m\u1edf h\u1ed9p<\/span><\/li>\n<\/ul>\n<p style=\"text-align: center\"><img decoding=\"async\" class=\"alignnone wp-image-14651\" src=\"https:\/\/havamall.com\/wp-content\/uploads\/2020\/05\/xoa\u0300i-du\u031b\u0300aa-300x200.jpg\" alt=\"\" width=\"806\" height=\"537\" \/><\/p>\n<p><span style=\"font-weight: 400\">S\u1ea3n ph\u1ea9m \u0111\u01b0\u1ee3c \u0111\u00f3ng g\u00f3i trong h\u1ed9p gi\u1ea5y ti\u1ec7n d\u1ee5ng, m\u00e0u s\u1eafc nh\u00e3 nh\u1eb7n, c\u00e1c h\u1ecda ti\u1ebft \u0111\u01b0\u1ee3c in n\u1ed5i tinh x\u1ea3o ph\u00f9 h\u1ee3p l\u00e0m qu\u00e0 t\u1eb7ng cho b\u1ea1n b\u00e8 v\u00e0 ng\u01b0\u1eddi th\u00e2n.<\/span><\/p>\n<p><span style=\"font-weight: 400\">Socola Mr.Viet \u0111\u01b0\u1ee3c s\u1ea3n xu\u1ea5t ho\u00e0n to\u00e0n th\u1ee7 c\u00f4ng, ch\u1ec9 s\u1eed d\u1ee5ng nh\u1eefng nguy\u00ean li\u1ec7u Vi\u1ec7t Nam thu\u1ea7n khi\u1ebft trong nh\u1eefng thanh socola t\u1ea1o n\u00ean n\u00e9t \u0111\u1eb7c tr\u01b0ng ri\u00eang c\u1ee7a s\u1ea3n ph\u1ea9m.\u00a0<\/span><\/p>","protected":false},"excerpt":{"rendered":"<ul>\n<li><span style=\"font-weight: 400\">Socola k\u1ebft h\u1ee3p c\u00f9ng d\u1eeba v\u00e0 xo\u00e0i \u0111\u1ed9c \u0111\u00e1o, l\u1ea1 mi\u1ec7ng. Thanh socola ng\u1ecdt ng\u00e0o k\u1ebft h\u1ee3p c\u00f9ng l\u1edbp d\u1eeba t\u01b0\u01a1i th\u01a1m b\u00f9i, \u0111i\u1ec3m th\u00eam ch\u00fat chua nh\u1eb9 c\u1ee7a v\u00e0i l\u00e1t xo\u00e0i t\u1ea1o n\u00ean h\u01b0\u01a1ng v\u1ecb \u0111\u1eb7c bi\u1ec7t, th\u01a1m ngon kh\u00f3 c\u01b0\u1ee1ng.<\/span><\/li>\n<li><span style=\"font-weight: 400\">S\u1ea3n ph\u1ea9m \u0111\u01b0\u1ee3c \u0111\u00f3ng g\u00f3i trong h\u1ed9p gi\u1ea5y ti\u1ec7n d\u1ee5ng, m\u00e0u s\u1eafc nh\u00e3 nh\u1eb7n, c\u00e1c h\u1ecda ti\u1ebft \u0111\u01b0\u1ee3c in n\u1ed5i tinh x\u1ea3o ph\u00f9 h\u1ee3p l\u00e0m qu\u00e0 t\u1eb7ng cho b\u1ea1n b\u00e8 v\u00e0 ng\u01b0\u1eddi th\u00e2n.<\/span><\/li>\n<\/ul>","protected":false},"featured_media":14596,"comment_status":"open","ping_status":"closed","template":"","meta":[],"product_brand":[],"product_cat":[133,36],"product_tag":[],"class_list":{"0":"post-14638","1":"product","2":"type-product","3":"status-publish","4":"has-post-thumbnail","6":"product_cat-banh-keo-chocolate","7":"product_cat-thuc-pham-tieu-dung","8":"pa_brand-mr-viet","10":"first","11":"outofstock","12":"sale","13":"shipping-taxable","14":"purchasable","15":"product-type-simple"},"_links":{"self":[{"href":"https:\/\/havamall.com\/en\/wp-json\/wp\/v2\/product\/14638","targetHints":{"allow":["GET"]}}],"collection":[{"href":"https:\/\/havamall.com\/en\/wp-json\/wp\/v2\/product"}],"about":[{"href":"https:\/\/havamall.com\/en\/wp-json\/wp\/v2\/types\/product"}],"replies":[{"embeddable":true,"href":"https:\/\/havamall.com\/en\/wp-json\/wp\/v2\/comments?post=14638"}],"version-history":[{"count":0,"href":"https:\/\/havamall.com\/en\/wp-json\/wp\/v2\/product\/14638\/revisions"}],"wp:featuredmedia":[{"embeddable":true,"href":"https:\/\/havamall.com\/en\/wp-json\/wp\/v2\/media\/14596"}],"wp:attachment":[{"href":"https:\/\/havamall.com\/en\/wp-json\/wp\/v2\/media?parent=14638"}],"wp:term":[{"taxonomy":"product_brand","embeddable":true,"href":"https:\/\/havamall.com\/en\/wp-json\/wp\/v2\/product_brand?post=14638"},{"taxonomy":"product_cat","embeddable":true,"href":"https:\/\/havamall.com\/en\/wp-json\/wp\/v2\/product_cat?post=14638"},{"taxonomy":"product_tag","embeddable":true,"href":"https:\/\/havamall.com\/en\/wp-json\/wp\/v2\/product_tag?post=14638"}],"curies":[{"name":"wp","href":"https:\/\/api.w.org\/{rel}","templated":true}]}}