{"id":14646,"date":"2020-05-27T11:13:09","date_gmt":"2020-05-27T04:13:09","guid":{"rendered":"https:\/\/havamall.com\/?post_type=product&#038;p=14646"},"modified":"2021-06-24T15:20:37","modified_gmt":"2021-06-24T08:20:37","slug":"ca-phe-culi-mr-viet-250g-mr-viet-culi-coffee-250g","status":"publish","type":"product","link":"https:\/\/havamall.com\/en\/shop\/ca-phe-culi-mr-viet-250g-mr-viet-culi-coffee-250g\/","title":{"rendered":"C\u00e0 Ph\u00ea Culi Mr.Viet 250g &#8211; Mr.Viet Culi Coffee 250g (10\/2021)"},"content":{"rendered":"<p>C\u00e0 ph\u00ea t\u1eeb l\u00e2u \u0111\u00e3 tr\u1edf th\u00e0nh th\u1ee9c u\u1ed1ng quen thu\u1ed9c c\u1ee7a r\u1ea5t nhi\u1ec1u ng\u01b0\u1eddi. Khi th\u01b0\u1edfng th\u1ee9c c\u00e0 ph\u00ea, ch\u00fang ta kh\u00f4ng ch\u1ec9 c\u1ea3m th\u1ea5y s\u1ea3ng kho\u00e1i, t\u1ec9nh t\u00e1o, m\u00e0 c\u00f2n c\u1ea3m nh\u1eadn \u0111\u01b0\u1ee3c v\u1ecb ngon, h\u01b0\u01a1ng th\u01a1m \u0111\u1eb7c tr\u01b0ng c\u1ee7a nh\u1eefng lo\u1ea1i c\u00e0 ph\u00ea kh\u00e1c nhau. Trong s\u1ed1 \u0111\u00f3,\u00a0<strong>c\u00e0 ph\u00ea Culi<\/strong>\u00a0\u0111\u01b0\u1ee3c \u0111\u00e1nh gi\u00e1 cao v\u00e0 y\u00eau th\u00edch h\u01a1n c\u1ea3.<\/p>\n<p><strong>C\u00e0 ph\u00ea culi (c\u00f2n g\u1ecdi l\u00e0 c\u00e0 ph\u00ea Bi hay Peaberry) l\u00e0 nh\u1eefng h\u1ea1t c\u00e0 ph\u00ea tr\u00f2n tr\u1ecba nh\u01b0 h\u1ea1t \u0111\u1eadu, c\u00f3 h\u00e0m l\u01b0\u1ee3ng cafein cao, m\u00f9i h\u01b0\u01a1ng th\u01a1m v\u00e0 v\u1ecb \u0111\u1eafng m\u1ea1nh m\u1ebd.<\/strong><\/p>\n<p>Trong m\u1ed9t \u0111\u1ee3t thu ho\u1ea1ch th\u00ec c\u00e0 ph\u00ea Culi ch\u1ec9 chi\u1ebfm kho\u1ea3ng 5% tr\u00ean t\u1ed5ng s\u1ed1 l\u01b0\u1ee3ng c\u00e0 ph\u00ea \u0111\u01b0\u1ee3c h\u00e1i. Sau \u0111\u00f3 \u0111\u01b0\u1ee3c t\u00e1ch ri\u00eang v\u00e0 rang ri\u00eang \u0111\u1ec3 \u0111\u1ea3m b\u1ea3o ch\u1ea5t l\u01b0\u1ee3ng c\u00e0 ph\u00ea sau khi rang \u0111\u01b0\u1ee3c ngon nh\u1ea5t.<\/p>\n<h1><strong>\u0110\u1eb7c \u0111i\u1ec3m th\u01b0\u01a1ng hi\u1ec7u<\/strong><\/h1>\n<p><strong>V\u1edbi mong mu\u1ed1n \u0111\u01b0\u1ee3c \u0111em \u0111\u1ebfn cho kh\u00e1ch h\u00e0ng nh\u1eefng s\u1ea3n ph\u1ea9m t\u1eeb c\u00e0 ph\u00ea s\u1ea1ch, t\u1ed1t cho s\u1ee9c kh\u1ecfe, Th\u01b0\u01a1ng hi\u1ec7u MR VI\u1ec6T COFFEE l\u00e0 m\u1ed9t trong nh\u1eefng doanh nghi\u1ec7p s\u1ea3n xu\u1ea5t v\u00e0 kinh doanh c\u00e1c lo\u1ea1i c\u00e0 ph\u00ea b\u1ed9t v\u00e0 c\u00e0 ph\u00ea h\u1ea1t \u0111\u00f3ng g\u00f3i nguy\u00ean ch\u1ea5t uy t\u00edn t\u1ea1i Vi\u1ec7t Nam.<\/strong><\/p>\n<p>T\u1eeb khi th\u00e0nh l\u1eadp \u0111\u1ebfn nay, C\u00f4ng ty \u0111\u00e3 kh\u1eb3ng \u0111\u1ecbnh \u0111\u01b0\u1ee3c uy t\u00edn v\u1ec1 ch\u1ea5t l\u01b0\u1ee3ng s\u1ea3n ph\u1ea9m v\u00e0 gi\u00e1 c\u1ea3 h\u1ee3p l\u00fd. C\u00f4ng ty lu\u00f4n ch\u00fa tr\u1ecdng, \u0111\u1ea7u t\u01b0 \u0111\u00e1ng k\u1ec3 cho vi\u1ec7c nghi\u00ean c\u1ee9u s\u1ea3n ph\u1ea9m m\u1edbi, \u0111\u1ed5i m\u1edbi m\u1eabu m\u00e3, ki\u1ec3u d\u00e1ng cho c\u00e1c s\u1ea3n ph\u1ea9m c\u00e0 ph\u00ea. Cho ra nh\u1eefng s\u1ea3n ph\u1ea9m c\u00e0 ph\u00ea \u0111\u1eb7c bi\u1ec7t nh\u1ea5t \u0111\u01b0\u1ee3c ng\u01b0\u1eddi ti\u00eau d\u00f9ng y\u00eau th\u00edch, d\u01b0\u1edbi b\u00e0n tay ngh\u1ec7 nh\u00e2n \u0111\u1ea7y kinh nghi\u1ec7m MR VI\u1ec6T COFFEE \u0111ang d\u1ea7n h\u01b0\u1edbng t\u1edbi th\u01b0\u01a1ng hi\u1ec7u c\u00e0 ph\u00ea s\u1ea1ch t\u1ed1t nh\u1ea5t c\u1ee7a Vi\u1ec7t Nam. Hi\u1ec7n nay s\u1ea3n ph\u1ea9m c\u1ee7a c\u00f4ng ty \u0111\u01b0\u1ee3c ph\u00e1t tri\u1ec3n kh\u1eafp c\u00e1c t\u1ec9nh mi\u1ec1n Trung v\u00e0 h\u01b0\u1edbng t\u1edbi l\u00e0 ph\u00e2n ph\u1ed1i tr\u00e3i d\u00e0i kh\u1eafp c\u1ea3 n\u01b0\u1edbc. V\u1edbi mong mu\u1ed1n \u0111\u01b0\u1ee3c \u0111em \u0111\u1ebfn cho kh\u00e1ch h\u00e0ng nh\u1eefng s\u1ea3n ph\u1ea9m t\u1eeb c\u00e0 ph\u00ea s\u1ea1ch, t\u1ed1t cho s\u1ee9c kh\u1ecfe, h\u1ee3p nhu c\u1ea7u th\u01b0\u1edfng th\u1ee9c tinh t\u1ebf v\u00e0 phong ph\u00fa c\u1ee7a qu\u00fd kh\u00e1ch h\u00e0ng.<\/p>\n<p><img fetchpriority=\"high\" decoding=\"async\" class=\"wp-image-14591 aligncenter\" src=\"https:\/\/havamall.com\/wp-content\/uploads\/2020\/05\/unnamed-3-300x185.jpg\" alt=\"\" width=\"658\" height=\"406\" \/><\/p>\n<h1><strong>\u0110\u1eb7c \u0111i\u1ec3m s\u1ea3n ph\u1ea9m<\/strong><\/h1>\n<p>C\u00e0 ph\u00ea Culi l\u00e0 nh\u1eefng tr\u00e1i c\u00e0 ph\u00ea \u0111\u1ed9t bi\u1ebfn t\u1eeb c\u00e1c ch\u1ee7ng lo\u1ea1i c\u00e0 ph\u00ea th\u00f4ng th\u01b0\u1eddng nh\u01b0 Arabica hay Robusta nh\u01b0ng thay v\u00ec trong tr\u00e1i c\u00e0 ph\u00ea c\u00f3 hai h\u1ea1t c\u00e0 ph\u00ea th\u00ec c\u00e0 ph\u00ea Culi ch\u1ec9 c\u00f3 duy nh\u1ea5t m\u1ed9t h\u1ea1t. C\u0169ng ch\u00ednh v\u00ec th\u1ebf n\u00ean h\u00e0m l\u01b0\u1ee3ng cafein trong c\u00e0 ph\u00ea Culi cao h\u01a1n b\u00ecnh th\u01b0\u1eddng.<\/p>\n<ul>\n<li>\u00a0H\u01b0\u01a1ng v\u1ecb c\u1ee7a c\u00e0 ph\u00ea Culi Mr.Viet \u0111\u1ed9c \u0111\u00e1o, tinh t\u1ebf, c\u00f3 h\u1eadu v\u1ecb, c\u00f3 chi\u1ec1u s\u00e2u, c\u00f3 \u201cc\u00e1 t\u00ednh\u201d, c\u00f3 n\u00e9t ri\u00eang v\u00e0 n\u1ed5i b\u1eadt h\u01a1n h\u1eb3n so v\u1edbi c\u00e1c h\u1ea1t c\u00e0 ph\u00ea th\u00f4ng th\u01b0\u1eddng kh\u00e1c trong c\u00f9ng v\u1ee5 m\u00f9a.<\/li>\n<li>\u00a0N\u1ed5i b\u1eadt l\u00e0 c\u00e0 ph\u00ea Culi c\u00f3 v\u1ecb \u0111\u1eafng g\u1eaft, h\u00e0m l\u01b0\u1ee3ng cafein cao, n\u01b0\u1edbc m\u00e0u \u0111en s\u00f3ng s\u00e1nh<\/li>\n<li>Do s\u1ea3n l\u01b0\u1ee3ng hi\u1ebfm hoi, v\u00e0 nh\u1ea5t l\u00e0 do h\u01b0\u01a1ng v\u1ecb qu\u00fd gi\u00e1, \u0111\u1ed9c \u0111\u00e1o, n\u00ean c\u00e0 ph\u00ea Culi \u0111\u01b0\u1ee3c nh\u1eefng t\u00edn \u0111\u1ed3 c\u00e0 ph\u00ea g\u1ecdi l\u00e0 h\u1ea1t \u201ctr\u00e2n ch\u00e2u\u201d trong v\u01b0\u01a1ng qu\u1ed1c c\u00e0 ph\u00ea<\/li>\n<li>C\u00e0 ph\u00ea \u0111\u1ed9t bi\u1ebfn Culi\u00a0t\u01b0\u01a1ng \u0111\u1ed1i hi\u1ebfm, chi\u1ebfm t\u1ef7 l\u1ec7 kho\u1ea3ng 2-4% trong v\u1ee5 m\u00f9a<\/li>\n<li>H\u1ea1t c\u00e0 ph\u00ea Culi\u00a0Mr.Viet l\u00e0 nh\u1eefng h\u1ea1t c\u00e0 ph\u00ea no tr\u00f2n, \u0111\u1eb7c bi\u1ec7t l\u00e0 trong m\u1ed9t tr\u00e1i ch\u1ec9 c\u00f3 duy nh\u1ea5t m\u1ed9t h\u1ea1t.<\/li>\n<\/ul>\n<p><img decoding=\"async\" class=\"wp-image-14647 aligncenter\" src=\"https:\/\/havamall.com\/wp-content\/uploads\/2020\/05\/image2-1-300x221.jpg\" alt=\"\" width=\"662\" height=\"489\" \/><\/p>\n<p><strong>Ch\u1ec9 ti\u00eau ch\u1ea5t l\u01b0\u1ee3ng ch\u1ee7 y\u1ebfu<\/strong>: \u0111\u1ed9 \u1ea9m &lt;5%. H\u00e0m l\u01b0\u1ee3ng cafein &gt;1%<\/p>\n<p><strong>Kh\u1ed1i l\u01b0\u1ee3ng t\u1ecbnh<\/strong>\u00a0: 250gram<\/p>\n<p><strong>Th\u00e0nh ph\u1ea7n:\u00a0<\/strong>C\u00e0 ph\u00ea Arabica 80% C\u00e0 ph\u00ea Robusta 20%<\/p>\n<p>-H\u01b0\u01a1ng v\u1ecb: 6\/10<\/p>\n<p>&#8211; \u0110\u1ed9 chua: 3\/10<\/p>\n<p>&#8211; \u0110\u1ed9 \u0111\u1eadm: 6\/10<\/p>\n<p>&#8211; \u0110\u1ed9 \u0111\u1eafng: 5\/10<\/p>\n<p>&#8211; H\u1eadu v\u1ecb: 6\/10<\/p>\n<p><strong>M\u00f9i v\u1ecb<\/strong> : \u0111\u1eb7c tr\u01b0ng t\u1eeb v\u1ecb \u0111\u1eadm v\u00e0 \u0111\u1eafng c\u1ee7a g\u1ed7 v\u00e0 m\u1ea1ch nha v\u1edbi h\u00e0m l\u01b0\u1ee3ng cafein nhi\u1ec1u h\u01a1n nh\u1eefng lo\u1ea1i h\u1ea1t c\u00e0 ph\u00ea kh\u00e1c.<\/p>\n<p><img decoding=\"async\" class=\"wp-image-14648 aligncenter\" src=\"https:\/\/havamall.com\/wp-content\/uploads\/2020\/05\/95703459_914537595674063_6121130774000304128_o-240x300.jpg\" alt=\"\" width=\"469\" height=\"587\" \/><\/p>\n<h3><em>Mr.Viet<\/em>\u00a0lu\u00f4n \u0111\u1ea3m b\u1ea3o:<\/h3>\n<ul>\n<li><strong>M\u00d4I TR\u01af\u1edcNG S\u1ea0CH<\/strong><\/li>\n<li>C\u00e0 ph\u00ea Vi\u1ec7t Nam \u0111\u01b0\u1ee3c tr\u1ed3ng \u1edf v\u00f9ng cao c\u1ee7a t\u1ec9nh Lamdong, n\u01a1i kh\u00f4ng c\u00f3 nh\u00e0 m\u00e1y v\u00e0 \u0111\u01b0\u1eddng cao t\u1ed1c xung quanh. V\u00ec n\u00f3 c\u00e1ch bi\u1ec3n kh\u00f4ng xa, v\u00f9ng \u0111\u1ea5t n\u00e0y r\u1ea5t gi\u00e0u kho\u00e1ng s\u1ea3n, v\u00ec v\u1eady n\u00f4ng d\u00e2n kh\u00f4ng s\u1eed d\u1ee5ng b\u1ea5t k\u1ef3 lo\u1ea1i ph\u00e2n b\u00f3n h\u00f3a h\u1ecdc n\u00e0o.<\/li>\n<\/ul>\n<ul>\n<li><strong>QUY TR\u00ccNH KH\u00c9P K\u00cdN<\/strong><br \/>\nCh\u00fang t\u00f4i ho\u00e0n to\u00e0n l\u00e0 m\u1ed9t quy tr\u00ecnh kh\u00e9p k\u00edn. Ch\u00fang t\u00f4i v\u00e0 mua h\u1ea1t c\u00e0 ph\u00ea t\u01b0\u01a1i tr\u1ef1c ti\u1ebfp t\u1eeb n\u00f4ng d\u00e2n \u0111\u1ecba ph\u01b0\u01a1ng. Sau \u0111\u00f3 ch\u00fang t\u00f4i rang xay, \u0111\u00f3ng g\u00f3i v\u00e0 g\u1eedi ch\u00fang \u0111\u1ebfn kho c\u1ee7a ch\u00fang t\u00f4i<br \/>\nb\u1eb1ng \u0111\u01b0\u1eddng h\u00e0ng kh\u00f4ng. B\u1ea1n nh\u1eadn \u0111\u01b0\u1ee3c s\u1ea3n ph\u1ea9m m\u1edbi nh\u1ea5t v\u00e0 nhanh ch\u00f3ng nh\u1ea5t.<\/li>\n<li><strong>S\u1ea2N PH\u1ea8M T\u01af\u01a0I 100%<\/strong><br \/>\nD\u00f9 b\u1ea1n ch\u1ecdn lo\u1ea1i c\u00e0 ph\u00ea n\u00e0o, b\u1ea1n c\u00f3 th\u1ec3 ch\u1eafc ch\u1eafn r\u1eb1ng b\u1ea1n s\u1ebd c\u00f3 \u0111\u01b0\u1ee3c s\u1ea3n ph\u1ea9m t\u01b0\u01a1i. Ch\u1ec9 m\u1ea5t ch\u01b0a \u0111\u1ea7y 24 gi\u1edd k\u1ec3 t\u1eeb th\u1eddi \u0111i\u1ec3m rang c\u00e0 ph\u00ea \u0111\u1ec3 \u0111\u00f3ng g\u00f3i. Ch\u00fang t\u00f4i kh\u00f4ng bao gi\u1edd rang c\u00e0 ph\u00ea \u0111\u1ec3 s\u1eed d\u1ee5ng trong t\u01b0\u01a1ng lai, ch\u00fang t\u00f4i ch\u1ec9 th\u1ef1c hi\u1ec7n s\u1ed1 l\u01b0\u1ee3ng c\u1ea7n thi\u1ebft \u0111\u1ec3 v\u1eadn chuy\u1ec3n.<\/li>\n<\/ul>\n<h1><strong>C\u00e1ch s\u1eed d\u1ee5ng<\/strong><\/h1>\n<p>\u0110\u1ec3 pha ch\u1ebf ra nh\u1eefng ly th\u1ee9c u\u1ed1ng th\u01a1m ngon, \u0111\u1ea7u ti\u00ean b\u1ea1n c\u1ea7n mua \u0111\u01b0\u1ee3c nh\u1eefng s\u1ea3n ph\u1ea9m h\u1ea1t nh\u00e2n, h\u1ea1t c\u00e0 ph\u00ea Culi rang xay nguy\u00ean ch\u1ea5t, kh\u00f4ng b\u1ecb pha tr\u1ed9n. B\u1ea1n c\u00f3 th\u1ec3 li\u00ean h\u1ec7 v\u1edbi nh\u1eefng \u0111\u01a1n v\u1ecb chuy\u00ean cung c\u1ea5p\u00a0d\u1ecbch v\u1ee5 rang xay c\u00e0 ph\u00ea uy t\u00edn nh\u01b0 Mr.Viet\u00a0\u0111\u1ec3 mua \u0111\u01b0\u1ee3c nh\u1eefng s\u1ea3n ph\u1ea9m \u0111\u1ea3m b\u1ea3o ch\u1ea5t l\u01b0\u1ee3ng. Ti\u1ebfp theo, b\u1ea1n c\u00f3 th\u1ec3 tham kh\u1ea3o v\u00e0 th\u1ef1c hi\u1ec7n theo c\u00e1c pha c\u00e0 ph\u00ea Culi nh\u01b0 sau:<\/p>\n<p>\u25ba\u00a0B\u01b0\u1edbc 1: L\u1ef1a ch\u1ecdn phin pha c\u00e0 ph\u00ea \u0111\u01b0\u1ee3c l\u00e0m b\u1eb1ng ch\u1ea5t li\u1ec7u inox kh\u00f4ng r\u1ec9 s\u00e9t, k\u00edch th\u01b0\u1edbc v\u1eeba ph\u1ea3i, c\u00e1c b\u1ed9 ph\u1eadn c\u1ee7a phin ph\u1ea3i ch\u1eafc ch\u1eafn v\u00e0 c\u1ee9ng.<\/p>\n<p>\u25ba\u00a0B\u01b0\u1edbc 2: Tr\u00e1ng qua phin b\u1eb1ng n\u01b0\u1edbc s\u00f4i \u0111\u1ec3 l\u00e0m s\u1ea1ch c\u00e1c b\u1ee5i b\u1ea9n. B\u00ean c\u1ea1nh \u0111\u00f3, vi\u1ec7c n\u00e0y c\u00f2n gi\u00fap gi\u1ea3m nhi\u1ec7t l\u01b0\u1ee3ng m\u00e0 phin h\u1ea5p th\u1ee5 \u0111\u1ec3 c\u00e0 ph\u00ea c\u00f3 th\u1ec3 h\u1ea5p th\u1ee5 nhi\u1ec7t l\u01b0\u1ee3ng \u0111\u1ea7y \u0111\u1ee7, t\u1ea1o ra nh\u1eefng ly c\u00e0 ph\u00ea \u0111\u1eadm \u0111\u00e0, th\u01a1m ngon.<\/p>\n<p>\u25ba\u00a0B\u01b0\u1edbc 3: \u0110\u1ed5 c\u00e0 ph\u00ea v\u00e0o phin sao l\u01b0\u1ee3ng l\u01b0\u1ee3ng c\u00e0 ph\u00ea n\u00e0y chi\u1ebfm kho\u1ea3ng 1\/3 th\u1ec3 t\u00edch phin.<\/p>\n<p>\u25ba\u00a0B\u01b0\u1edbc 4: \u0110\u1ed5 n\u01b0\u1edbc s\u00f4i v\u00e0o c\u00e0 ph\u00ea sao cho \u0111\u1ee7 ng\u1ea5m r\u1ed3i d\u00f9ng n\u1eafp g\u1ea1t \u00e9p l\u1ea1i. Tuy nhi\u00ean b\u1ea1n kh\u00f4ng n\u00ean \u00e9p ch\u1eb7t v\u00ec s\u1ebd l\u00e0m cho c\u00e0 ph\u00ea kh\u00f3 ch\u1ea3y c\u0169ng kh\u00f4ng n\u00ean \u00e9p nh\u1eb9 v\u00ec s\u1ebd l\u00e0m b\u1ecdt c\u00e0 ph\u00ea n\u1ed5i l\u00ean tr\u00ean.<\/p>\n<p>\u25ba\u00a0B\u01b0\u1edbc 5: Ti\u1ebfp t\u1ee5c ch\u1ebf th\u00eam kho\u1ea3ng 20% n\u01b0\u1edbc s\u00f4i \u0111\u1ec3 \u1ee7 c\u00e0 ph\u00ea trong 15-30 gi\u00e2y sau \u0111\u00f3 ch\u1ebf h\u1ebft 80% c\u00f2n l\u1ea1i.<\/p>\n<p>\u25ba\u00a0B\u01b0\u1edbc 6: Ch\u1edd c\u00e0 ph\u00ea ch\u1ea3y h\u1ebft, b\u1ea1n s\u1ebd pha th\u00eam \u0111\u01b0\u1eddng, s\u1eefa ho\u1eb7c \u0111\u00e1 \u0111\u1ec3 th\u01b0\u1edfng th\u1ee9c.<\/p>\n<p><img loading=\"lazy\" decoding=\"async\" class=\"\" src=\"https:\/\/havamall.com\/wp-content\/uploads\/2020\/05\/cach-pha-che-cafe-rang-xay-01-1-300x230.jpg\" width=\"700\" height=\"537\" \/><\/p>\n<p>Tr\u00ean \u0111\u00e2y l\u00e0\u00a0<strong>c\u00e1ch pha c\u00e0 ph\u00ea Culi th\u01a1m ngon<\/strong>\u00a0m\u00e0 b\u1ea1n c\u00f3 th\u1ec3 tham kh\u1ea3o v\u00e0 t\u1ef1 th\u1ef1c hi\u1ec7n t\u1ea1i nh\u00e0. C\u00e0 ph\u00ea kh\u00f4ng ch\u1ec9 c\u00f3 h\u01b0\u01a1ng th\u01a1m h\u1ea5p d\u1eabn, v\u1ecb ngon \u0111\u1eadm \u0111\u00e0 \u0111\u1eb7c bi\u1ec7t m\u00e0 c\u00f2n mang l\u1ea1i nhi\u1ec1u l\u1ee3i \u00edch cho s\u1ee9c kh\u1ecfe. V\u00ec v\u1eady b\u1ea1n c\u00f3 th\u1ec3 pha ch\u1ebf c\u00e0 ph\u00ea \u0111\u1ec3 u\u1ed1ng h\u00e0ng ng\u00e0y.<\/p>\n<p>&nbsp;<\/p>","protected":false},"excerpt":{"rendered":"<ul class=\"list\">\n<li>C\u00e0 ph\u00ea nguy\u00ean ch\u1ea5t 100%<\/li>\n<li>Tuy\u1ec3n ch\u1ecdn lo\u1ea1i h\u1ea1t to v\u00e0 \u0111\u1ed3ng \u0111\u1ec1u, kh\u00f4ng h\u01b0\u01a1ng li\u1ec7u<\/li>\n<li>\u0110\u01b0\u1ee3c rang c\u1ea9n th\u1eadn v\u00e0 t\u1ec9 m\u1ec9, quy tr\u00ecnh ki\u1ec3m so\u00e1t ch\u1eb7t ch\u1ebd<\/li>\n<li>\u0110em \u0111\u1ebfn cho ng\u01b0\u1eddi u\u1ed1ng s\u1ef1 tho\u1ea3i m\u00e1i, \u00eam d\u1ecbu, h\u00e0i h\u00f2a<\/li>\n<\/ul>","protected":false},"featured_media":14649,"comment_status":"open","ping_status":"closed","template":"","meta":[],"product_brand":[],"product_cat":[135,36],"product_tag":[],"class_list":{"0":"post-14646","1":"product","2":"type-product","3":"status-publish","4":"has-post-thumbnail","6":"product_cat-sua-do-uong","7":"product_cat-thuc-pham-tieu-dung","8":"pa_brand-mr-viet","10":"first","11":"outofstock","12":"sale","13":"shipping-taxable","14":"purchasable","15":"product-type-simple"},"_links":{"self":[{"href":"https:\/\/havamall.com\/en\/wp-json\/wp\/v2\/product\/14646","targetHints":{"allow":["GET"]}}],"collection":[{"href":"https:\/\/havamall.com\/en\/wp-json\/wp\/v2\/product"}],"about":[{"href":"https:\/\/havamall.com\/en\/wp-json\/wp\/v2\/types\/product"}],"replies":[{"embeddable":true,"href":"https:\/\/havamall.com\/en\/wp-json\/wp\/v2\/comments?post=14646"}],"version-history":[{"count":0,"href":"https:\/\/havamall.com\/en\/wp-json\/wp\/v2\/product\/14646\/revisions"}],"wp:featuredmedia":[{"embeddable":true,"href":"https:\/\/havamall.com\/en\/wp-json\/wp\/v2\/media\/14649"}],"wp:attachment":[{"href":"https:\/\/havamall.com\/en\/wp-json\/wp\/v2\/media?parent=14646"}],"wp:term":[{"taxonomy":"product_brand","embeddable":true,"href":"https:\/\/havamall.com\/en\/wp-json\/wp\/v2\/product_brand?post=14646"},{"taxonomy":"product_cat","embeddable":true,"href":"https:\/\/havamall.com\/en\/wp-json\/wp\/v2\/product_cat?post=14646"},{"taxonomy":"product_tag","embeddable":true,"href":"https:\/\/havamall.com\/en\/wp-json\/wp\/v2\/product_tag?post=14646"}],"curies":[{"name":"wp","href":"https:\/\/api.w.org\/{rel}","templated":true}]}}