{"id":14686,"date":"2020-05-27T16:54:35","date_gmt":"2020-05-27T09:54:35","guid":{"rendered":"https:\/\/havamall.com\/?post_type=product&#038;p=14686"},"modified":"2021-06-04T17:41:56","modified_gmt":"2021-06-04T10:41:56","slug":"ca-phe-caudat-kari-kari-caudat-coffee","status":"publish","type":"product","link":"https:\/\/havamall.com\/en\/shop\/ca-phe-caudat-kari-kari-caudat-coffee\/","title":{"rendered":"C\u00e0 Ph\u00ea CauDat Kar\u00ed 250gr \u2013 Kar\u00ed CauDat Coffee 250gr"},"content":{"rendered":"<p>Bu\u1ed5i s\u00e1ng l\u00e0 th\u1eddi gian \u0111\u1eb9p nh\u1ea5t, v\u00e0 ng\u01b0\u1eddi Vi\u1ec7t Nam bi\u1ebft c\u00e1ch t\u1eadn h\u01b0\u1edfng n\u00f3. T\u1eeb khi tr\u1eddi c\u00f2n t\u1edd m\u1edd s\u00e1ng v\u00e0 s\u01b0\u01a1ng m\u00f9 v\u1eabn c\u00f2n bao ph\u1ee7\u2026 ng\u01b0\u1eddi Vi\u1ec7t Nam \u0111ang t\u1eeb t\u1eeb ph\u1ee5c v\u1ee5 c\u00e0 ph\u00ea s\u1edbm, th\u01b0 gi\u00e3n v\u00e0 b\u1eaft \u0111\u1ea7u n\u00f3i v\u1ec1 m\u1ed9t ng\u00e0y m\u1edbi. T\u1eadn h\u01b0\u1edfng bu\u1ed5i s\u00e1ng m\u1ed9t t\u00e1ch c\u00e0 ph\u00ea ngon th\u1ef1c s\u1ef1. V\u1edbi ng\u1ee5m \u0111\u1ea7u ti\u00ean, ch\u00fang ta c\u1ea3m th\u1ea5y r\u00f5 r\u00e0ng \u2013\u00a0<em><strong>Kar\u00ed<\/strong><\/em>\u00a0bi\u1ebft m\u1ed9t \u0111i\u1ec1u v\u1ec1 c\u00e0 ph\u00ea tuy\u1ec7t v\u1eddi.<\/p>\n<p><img fetchpriority=\"high\" decoding=\"async\" class=\"wp-image-14614 aligncenter\" src=\"https:\/\/havamall.com\/wp-content\/uploads\/2020\/05\/f0fff18c64c35429afa19ae276828656-300x300.jpg\" alt=\"\" width=\"565\" height=\"565\" \/><\/p>\n<p>Khi th\u01b0\u1edfng th\u1ee9c c\u00e0 ph\u00ea, ch\u00fang ta kh\u00f4ng ch\u1ec9 c\u1ea3m th\u1ea5y s\u1ea3ng kho\u00e1i, t\u1ec9nh t\u00e1o, m\u00e0 c\u00f2n c\u1ea3m nh\u1eadn \u0111\u01b0\u1ee3c v\u1ecb ngon, h\u01b0\u01a1ng th\u01a1m \u0111\u1eb7c tr\u01b0ng c\u1ee7a nh\u1eefng lo\u1ea1i c\u00e0 ph\u00ea kh\u00e1c nhau. Trong s\u1ed1 \u0111\u00f3,\u00a0<strong>c\u00e0 ph\u00ea Kar\u00ed CauDat<\/strong>\u00a0\u0111\u01b0\u1ee3c \u0111\u00e1nh gi\u00e1 cao v\u00e0 y\u00eau th\u00edch h\u01a1n c\u1ea3.<\/p>\n<h1><strong>\u0110\u1eb7c \u0111i\u1ec3m th\u01b0\u01a1ng hi\u1ec7u<\/strong><\/h1>\n<p>Th\u01b0\u01a1ng hi\u1ec7u coffee\u00a0<b><i>Kar\u00ed<\/i><\/b>\u00a0l\u1ea5y \u00fd t\u01b0\u1edfng t\u1eeb m\u1ed9t t\u1eeb v\u1ef1ng ti\u1ebfng Ph\u00e1p, c\u00f3 \u00fd ngh\u0129a \u0111\u1eb7c bi\u1ec7t l\u00e0 \u201cc\u01a1n gi\u00f3 th\u1ed5i m\u1ea1nh\u201d, g\u1ee3i l\u00ean h\u00ecnh \u1ea3nh t\u01b0\u01a1i m\u1edbi v\u1ec1 ng\u1ecdn \u0111\u1ed3i l\u1ed9ng gi\u00f3 c\u1ee7a \u0111\u1ea5t tr\u1eddi x\u1ee9 s\u1edf L\u00e2m \u0110\u1ed3ng. Khi u\u1ed1ng c\u00e0 ph\u00ea\u00a0<b><i>Kar\u00ed,\u00a0<\/i><\/b>kh\u00e1ch h\u00e0ng s\u1ebd \u0111\u01b0\u1ee3c th\u1ecfa s\u1ee9c t\u01b0\u1edfng t\u01b0\u1ee3ng v\u1ec1 tr\u1ea3i nghi\u1ec7m c\u1ee7a m\u00ecnh \u1edf n\u01a1i v\u00f9ng n\u00fai \u0110\u00e0 L\u1ea1t, nh\u00e2m nhi t\u00e1ch c\u00e0 ph\u00ea n\u00f3ng h\u1ed5i hay m\u1ed9t ly c\u00e0 ph\u00ea s\u1eefa \u0111\u00e1 trong c\u00e1i l\u1ea1nh se m\u00e1t. U\u1ed1ng m\u1ed9t ng\u1ee5m c\u00e0 ph\u00ea\u00a0<b><i>Kar\u00ed\u00a0<\/i><\/b>s\u1ebd gi\u00fap b\u1ea1n c\u1ea3m th\u1ea5y tr\u00e0n tr\u1ec1 n\u0103ng l\u01b0\u1ee3ng \u0111\u1ec3 v\u01b0\u1ee3t qua nh\u1eefng th\u1eed th\u00e1ch h\u1eb1ng ng\u00e0y trong cu\u1ed9c s\u1ed1ng t\u1ef1a nh\u01b0 c\u00e2y c\u1ed5 th\u1ee5 \u0111\u1ee9ng v\u1eefng d\u00f9 cho nh\u1eefng \u201cc\u01a1n gi\u00f3 c\u00f3 th\u1ed5i m\u1ea1nh\u201d.<br \/>\n<b><i><\/i><\/b><\/p>\n<p><b><i>Kar\u00ed<\/i><\/b>\u00a0l\u00e0 th\u01b0\u01a1ng hi\u1ec7u coffee uy t\u00edn, \u0111\u01b0\u1ee3c ph\u00e2n ph\u1ed1i r\u1ed9ng r\u00e3i tr\u00ean to\u00e0n qu\u1ed1c, \u0111\u00e3 v\u00e0 \u0111ang \u0111\u01b0\u1ee3c r\u1ea5t nhi\u1ec1u kh\u00e1ch h\u00e0ng tin d\u00f9ng. Kar\u00ed c\u00f3 ngu\u1ed3n g\u1ed1c v\u00f9ng Di Linh, L\u00e2m \u0110\u1ed3ng, \u0110\u00e0 L\u1ea1t, v\u00f9ng \u0111\u1ea5t \u0111\u1ecf bazan m\u00e0u m\u1ee1 v\u00e0 kh\u00ed h\u1eadu m\u00e1t m\u1ebb quanh n\u0103m ph\u00f9 h\u1ee3p \u0111\u1ec3 tr\u1ed3ng nhi\u1ec1u lo\u1ea1i c\u00e0 ph\u00ea kh\u00e1c nhau. Th\u01b0\u01a1ng hi\u1ec7u Kar\u00ed v\u1edbi nh\u1eefng h\u1ea1t c\u00e0 ph\u00ea \u0111\u01b0\u1ee3c tuy\u1ec3n ch\u1ecdn v\u00e0 ch\u1eaft l\u1ecdc k\u1ef9 l\u01b0\u1ee1ng, ngu\u1ed3n c\u00e0 ph\u00ea \u0111a d\u1ea1ng nh\u01b0\u00a0<b><i>Robusta, Balanced, Arabica, Caudat,\u2026<\/i><\/b>\u00a0M\u1ed7i lo\u1ea1i c\u00e0 ph\u00ea tuy c\u00f3 h\u01b0\u01a1ng v\u1ecb kh\u00e1c nhau nh\u01b0ng l\u1ea1i d\u1ec5 d\u00e0ng pha ch\u1ebf v\u00e0 k\u1ebft h\u1ee3p \u0111\u1ec3 t\u1ea1o ra nhi\u1ec1u h\u01b0\u01a1ng v\u1ecb th\u1ee9c u\u1ed1ng th\u01a1m ngon th\u00fa v\u1ecb, ph\u00f9 h\u1ee3p v\u1edbi \u0111a s\u1ed1 ng\u01b0\u1eddi u\u1ed1ng.<\/p>\n<p>C\u00e0 ph\u00ea b\u1ed9t\u00a0<b><i>Kar\u00ed<\/i><\/b>\u00a0 kh\u00f4ng ch\u1ec9 \u0111\u01a1n thu\u1ea7n l\u00e0 s\u1ea3n c\u00e0 ph\u00ea ch\u1ea5t l\u01b0\u1ee3ng, m\u00e0 c\u00f2n l\u00e0 ni\u1ec1m \u0111am m\u00ea v\u00e0 t\u00e2m huy\u1ebft c\u1ee7a ch\u00fang t\u00f4i v\u1edbi h\u1ea1t c\u00e0 ph\u00ea Vi\u1ec7t Nam ch\u1ea5t l\u01b0\u1ee3ng cao. B\u1eb1ng c\u00e1ch \u0111i kh\u1eafp n\u01a1i \u0111\u1ec3 l\u1ef1a ch\u1ecdn nh\u1eefng h\u1ea1t c\u00e0 ph\u00ea t\u1ed1t nh\u1ea5t, d\u00e0y c\u00f4ng nghi\u00ean c\u1ee9u \u0111\u1ec3 khai th\u00e1c h\u01b0\u01a1ng v\u1ecb v\u00e0 ch\u0103m ch\u00fat chi ti\u1ebft t\u1eebng s\u1ea3n ph\u1ea9m, Kar\u00ed mong mu\u1ed1n truy\u1ec1n t\u1ea3i tr\u1ecdn v\u1eb9n gi\u00e1 tr\u1ecb \u0111\u00edch th\u1ef1c c\u1ee7a c\u00e0 ph\u00ea Vi\u1ec7t.<\/p>\n<p><img decoding=\"async\" class=\"wp-image-14689 aligncenter\" src=\"https:\/\/havamall.com\/wp-content\/uploads\/2020\/05\/kari-CauDatt-300x200.jpg\" alt=\"\" width=\"828\" height=\"552\" \/><\/p>\n<h1><strong>\u0110\u1eb7c \u0111i\u1ec3m n\u1ed5i b\u1eadt c\u1ee7a s\u1ea3n ph\u1ea9m<\/strong><\/h1>\n<p>Arabica nguy\u00ean ch\u1ea5t khi pha s\u1ebd c\u00f3 m\u00e0u n\u00e2u \u00f3ng \u00e1nh nh\u01b0 m\u00e0u h\u1ed5 ph\u00e1ch. \u0110\u1eadm v\u1ecb chocolate v\u00e0 caramel. C\u00e0 ph\u00ea CauDat m\u01b0\u1ee3t m\u00e0, tinh t\u1ebf ho\u00e0 quy\u1ec7n h\u01b0\u01a1ng th\u01a1m quy\u1ebfn r\u0169 c\u1ee7a tr\u00e1i c\u00e2y t\u01b0\u01a1i v\u00e0 m\u1eadt ong.<\/p>\n<p>D\u01b0 v\u1ecb chua thanh \u0111\u1ea7u ti\u00ean xu\u1ea5t hi\u1ec7n, sau \u0111\u00f3 \u0111\u1ebfn v\u1ecb \u0111\u1eafng nh\u1eb9 nh\u00e0ng v\u00e0 cu\u1ed1i c\u00f9ng h\u1eadu v\u1ecb l\u01b0u luy\u1ebfn chinh ph\u1ee5c c\u1ea3 nh\u1eefng v\u1ecb kh\u00e1ch kh\u00f3 t\u00ednh nh\u1ea5t.<\/p>\n<p>C\u00e0 ph\u00ea\u00a0<em><strong>Kari CauDat\u00a0<\/strong><\/em>\u0111\u01b0\u1ee3c s\u1ea3n xu\u1ea5t v\u00e0 \u0111\u00f3ng g\u00f3i t\u1ea1i Vi\u1ec7t Nam v\u1edbi kh\u1ed1i l\u01b0\u1ee3ng l\u00e0 250gr v\u00e0 500gr, thu\u1eadn l\u1ee3i cho c\u1ea3 m\u1ee5c \u0111\u00edch s\u1eed d\u1ee5ng t\u1ea1i gia \u0111\u00ecnh c\u0169ng nh\u01b0 nh\u1eefng h\u1ed9 kinh doanh nh\u1ecf v\u00e0 v\u1eeba.<\/p>\n<p><strong>\u0110\u00f3ng<\/strong><b>\u00a0g\u00f3i:<\/b><\/p>\n<p>-Bao b\u00ec gi\u1ea5y \u0111em l\u1ea1i c\u1ea3m gi\u00e1c th\u00e2n thi\u1ec7n m\u00f4i tr\u01b0\u1eddng, g\u1ecdn nh\u1eb9 v\u00e0 sang tr\u1ecdng.<\/p>\n<p>-L\u1edbp nh\u00f4m b\u00ean trong gi\u00fap b\u1ea3o qu\u1ea3n c\u00e0 ph\u00ea t\u1ed1t h\u01a1n kh\u1ecfi s\u1ef1 to\u1ea3 nhi\u1ec7t \u1edf m\u00f4i tr\u01b0\u1eddng ngo\u00e0i.<\/p>\n<p><img decoding=\"async\" class=\"wp-image-14694 aligncenter\" src=\"https:\/\/havamall.com\/wp-content\/uploads\/2020\/05\/kari-Caudaat-300x197.jpg\" alt=\"\" width=\"793\" height=\"521\" \/><\/p>\n<p><strong>M\u00f9i v\u1ecb<\/strong>: C\u00e0 ph\u00ea c\u00f3 \u00edt cafein, v\u1ecb nh\u1eb9, th\u01a1m v\u00e0 s\u00e1ng, th\u00edch h\u1ee3p v\u1edbi nh\u1eefng b\u1ea1n g\u00e1i hay ng\u01b0\u1eddi d\u1ec5 say c\u00e0 ph\u00ea.<\/p>\n<p><strong>-C\u00e1ch s\u1eed d\u1ee5ng:\u00a0<\/strong>L\u00e0 nguy\u00ean li\u1ec7u chuy\u00ean d\u1ee5ng d\u00f9ng trong pha ch\u1ebf c\u00e0 ph\u00ea (pha b\u1eb1ng phin, moka)<\/p>\n<p><strong>-B\u1ea3o qu\u1ea3n:<\/strong>\u00a0N\u01a1i kh\u00f4 r\u00e1o, tho\u00e1ng m\u00e1t v\u00e0 tr\u00e1nh \u00e1nh s\u00e1ng tr\u1ef1c ti\u1ebfp<\/p>\n<h1><strong>C\u00e1ch s\u1eed d\u1ee5ng<\/strong><\/h1>\n<p>Th\u01b0\u1edfng th\u1ee9c c\u00e0 ph\u00ea\u00a0<em><strong>Kari CauDat<\/strong><\/em>\u00a0nh\u01b0 \u0111\u01b0\u1ee3c u\u1ed1ng ly c\u00e0 ph\u00ea ngon nh\u1ea5t trong \u0111\u1eddi v\u00e0o m\u1ed9t bu\u1ed5i s\u00e1ng m\u00f9a \u0111\u00f4ng t\u1ea1i \u0110\u00e0 L\u1ea1t, trong kh\u00f4ng gian c\u1ee7a x\u01b0\u1edfng c\u00e0 ph\u00ea\u00a0<em><strong>Kar\u00ed<\/strong><\/em>. Ly c\u00e0 ph\u00ea th\u01a1m l\u1eebng, n\u00e2u trong nh\u01b0 h\u1ed5 ph\u00e1ch, m\u1ed9t m\u00f9i h\u01b0\u01a1ng tinh t\u1ebf, quy\u1ebfn r\u0169 nh\u01b0 h\u01b0\u01a1ng v\u1ecb nguy\u00ean s\u01a1 c\u1ee7a n\u00fai r\u1eebng.<\/p>\n<p>M\u1ed7i m\u1ed9t ly caf\u00e9 s\u1ebd c\u00f3 m\u1ed9t c\u00e1ch pha ch\u1ebf kh\u00e1c nhau t\u00f9y theo ng\u01b0\u1eddi pha ch\u1ebf \u0111\u1ec3 c\u00f3 nh\u1eefng li caf\u00e9 c\u00f3 h\u01b0\u01a1ng v\u1ecb \u0111\u1eb7c tr\u01b0ng kh\u00e1c nhau. Tuy nhi\u00ean, c\u00f3 m\u1ed9t \u0111i\u1ec1u c\u1ea7n l\u01b0u \u00fd v\u1edbi c\u00e1ch pha ch\u1ebf caf\u00e9 rang xay b\u1ea1n c\u1ea7n ph\u1ea3i n\u1eafm b\u1eaft r\u00f5 v\u1ec1 t\u1ec9 l\u1ec7 n\u01b0\u1edbc v\u00e0 t\u1ec9 l\u1ec7 caf\u00e9. Theo nghi\u00ean c\u1ee9u c\u1ee7a c\u00e1c chuy\u00ean gia caf\u00e9 t\u1ec9 l\u1ec7 c\u1ea7n pha ch\u1ebf 1:3 t\u1ee9c l\u00e0 caf\u00e9 chi\u1ebfm 1 ph\u1ea7n th\u00ec n\u01b0\u1edbc s\u1ebd chi\u1ebfm 3 ph\u1ea7n.<\/p>\n<p><img loading=\"lazy\" decoding=\"async\" class=\"aligncenter\" src=\"https:\/\/havamall.com\/wp-content\/uploads\/2020\/05\/cafe-sach-nguyen-chat.jpg\" alt=\"B\u00ed k\u00edp tuy\u1ec7t di\u1ec7u \u0111\u1ec3 c\u00f3 m\u1ed9t ly cafe rang xay ngon, nguy\u00ean ch\u1ea5t\" width=\"847\" height=\"530\" \/><\/p>\n<p>Mu\u1ed1n pha caf\u00e9 nhanh b\u1ea1n c\u1ea7n chu\u1ea9n b\u1ecb m\u1ed9t \u1ea5m si\u00eau t\u1ed1c \u0111\u1ec3 c\u00f3 th\u1ec3 c\u00f3 n\u01b0\u1edbc n\u00f3ng b\u1ea5t c\u1ee9 khi n\u00e0o. N\u01b0\u1edbc \u0111\u01b0\u1ee3c s\u1eed d\u1ee5ng cho caf\u00e9 l\u00e0 n\u01b0\u1edbc \u0111\u00e3 \u0111un s\u00f4i v\u00e0 \u0111\u01b0\u01a1c \u0111\u1ec3 ngu\u1ed9i \u1edf kho\u1ea3ng 80%.<\/p>\n<p>N\u1ebfu b\u1ea1n mu\u1ed1n u\u1ed1ng v\u1ecb ng\u1ecdt h\u00e3y cho th\u00eam m\u1ed9t ch\u00fat \u0111\u01b0\u1eddng ph\u00e8n ho\u1eb7c \u0111\u01b0\u1eddng t\u00e1n nh\u1ecf. N\u1ebfu th\u00eam s\u1eefa b\u1ea1n h\u00e3y khu\u1ea5y th\u1eadt \u0111\u1ec1u tr\u01b0\u1edbc khi u\u1ed1ng nh\u00e9.<\/p>\n<p>Ngo\u00e0i ra n\u1ebfu b\u1ea1n mu\u1ed1n c\u00f3 c\u00e1ch pha ch\u1ebf caf\u00e9 \u0111\u1ea1t hi\u1ec7u qu\u1ea3 cao h\u00e3y chu\u1ea9n b\u1ecb m\u1ed9t chi\u1ebfc phin t\u1ed1t nh\u00e9. N\u1ebfu b\u1ea1n pha ch\u1ebf caf\u00e9 tr\u1ef1c ti\u1ebfp b\u1eb1ng phin, caf\u00e9 b\u1ea1n s\u1ebd c\u00f3 m\u1ed9t li caf\u00e9 c\u00f3 m\u00f9i th\u01a1m ngon v\u00e0 c\u00f3 ti\u00eau chu\u1ea9n ch\u1ea5t l\u01b0\u1ee3ng t\u1ed1t nh\u1ea5t.<\/p>\n<p>Nh\u1eb1m \u0111\u1ea3m b\u1ea3o an to\u00e0n cho s\u1ee9c kh\u1ecfe,\u00a0b\u1ea1n n\u00ean d\u00f9ng \u0111\u00fang lo\u1ea1i coffee\u00a0nguy\u00ean ch\u1ea5t nh\u01b0\u00a0<em><strong>Kar\u00ed<\/strong>\u00a0<\/em>\u0111\u1ec3 v\u1ec1 t\u1ef1 pha u\u1ed1ng, b\u1edfi khi u\u1ed1ng c\u00e1c ly c\u00e0 ph\u00ea l\u1ec1 \u0111\u01b0\u1eddng kh\u00f4ng bi\u1ebft ngu\u1ed3n g\u1ed1c, d\u1ec5 u\u1ed1ng lo\u1ea1i b\u1ea9n, pha c\u00e1c t\u1ea1p ch\u1ea5t \u1ea3nh h\u01b0\u1edfng x\u1ea5u \u0111\u1ebfn s\u1ee9c kh\u1ecfe c\u1ee7a b\u1ea3n th\u00e2n v\u00e0 gia \u0111\u00ecnh nh\u00e9.<\/p>","protected":false},"excerpt":{"rendered":"<ul>\n<li>Arabica nguy\u00ean ch\u1ea5t khi pha s\u1ebd c\u00f3 m\u00e0u n\u00e2u \u00f3ng \u00e1nh nh\u01b0 m\u00e0u h\u1ed5 ph\u00e1ch. \u0110\u1eadm v\u1ecb chocolate v\u00e0 caramel. C\u00e0 ph\u00ea CauDat m\u01b0\u1ee3t m\u00e0, tinh t\u1ebf ho\u00e0 quy\u1ec7n h\u01b0\u01a1ng th\u01a1m quy\u1ebfn r\u0169 c\u1ee7a tr\u00e1i c\u00e2y t\u01b0\u01a1i v\u00e0 m\u1eadt ong.<\/li>\n<li>D\u01b0 v\u1ecb chua thanh \u0111\u1ea7u ti\u00ean xu\u1ea5t hi\u1ec7n, sau \u0111\u00f3 \u0111\u1ebfn v\u1ecb \u0111\u1eafng nh\u1eb9 nh\u00e0ng v\u00e0 cu\u1ed1i c\u00f9ng h\u1eadu v\u1ecb l\u01b0u luy\u1ebfn chinh ph\u1ee5c c\u1ea3 nh\u1eefng v\u1ecb kh\u00e1ch kh\u00f3 t\u00ednh nh\u1ea5t.<\/li>\n<li>C\u00e0 ph\u00ea\u00a0<em><strong>Kari CauDat\u00a0<\/strong><\/em>\u0111\u01b0\u1ee3c s\u1ea3n xu\u1ea5t v\u00e0 \u0111\u00f3ng g\u00f3i t\u1ea1i Vi\u1ec7t Nam v\u1edbi kh\u1ed1i l\u01b0\u1ee3ng l\u00e0 250gr v\u00e0 500gr, thu\u1eadn l\u1ee3i cho c\u1ea3 m\u1ee5c \u0111\u00edch s\u1eed d\u1ee5ng t\u1ea1i gia \u0111\u00ecnh c\u0169ng nh\u01b0 nh\u1eefng h\u1ed9 kinh doanh nh\u1ecf v\u00e0 v\u1eeba.<\/li>\n<\/ul>","protected":false},"featured_media":14697,"comment_status":"open","ping_status":"closed","template":"","meta":[],"product_brand":[],"product_cat":[135,36],"product_tag":[],"class_list":{"0":"post-14686","1":"product","2":"type-product","3":"status-publish","4":"has-post-thumbnail","6":"product_cat-sua-do-uong","7":"product_cat-thuc-pham-tieu-dung","8":"pa_brand-kari","10":"first","11":"instock","12":"sale","13":"shipping-taxable","14":"purchasable","15":"product-type-simple"},"_links":{"self":[{"href":"https:\/\/havamall.com\/en\/wp-json\/wp\/v2\/product\/14686","targetHints":{"allow":["GET"]}}],"collection":[{"href":"https:\/\/havamall.com\/en\/wp-json\/wp\/v2\/product"}],"about":[{"href":"https:\/\/havamall.com\/en\/wp-json\/wp\/v2\/types\/product"}],"replies":[{"embeddable":true,"href":"https:\/\/havamall.com\/en\/wp-json\/wp\/v2\/comments?post=14686"}],"version-history":[{"count":0,"href":"https:\/\/havamall.com\/en\/wp-json\/wp\/v2\/product\/14686\/revisions"}],"wp:featuredmedia":[{"embeddable":true,"href":"https:\/\/havamall.com\/en\/wp-json\/wp\/v2\/media\/14697"}],"wp:attachment":[{"href":"https:\/\/havamall.com\/en\/wp-json\/wp\/v2\/media?parent=14686"}],"wp:term":[{"taxonomy":"product_brand","embeddable":true,"href":"https:\/\/havamall.com\/en\/wp-json\/wp\/v2\/product_brand?post=14686"},{"taxonomy":"product_cat","embeddable":true,"href":"https:\/\/havamall.com\/en\/wp-json\/wp\/v2\/product_cat?post=14686"},{"taxonomy":"product_tag","embeddable":true,"href":"https:\/\/havamall.com\/en\/wp-json\/wp\/v2\/product_tag?post=14686"}],"curies":[{"name":"wp","href":"https:\/\/api.w.org\/{rel}","templated":true}]}}