{"id":14783,"date":"2020-06-11T10:20:36","date_gmt":"2020-06-11T03:20:36","guid":{"rendered":"https:\/\/havamall.com\/?post_type=product&#038;p=14783"},"modified":"2021-06-24T15:32:22","modified_gmt":"2021-06-24T08:32:22","slug":"banh-quy-trung-muoi-shengtian-dang-hop-290g-shengtian-salted-egg-yolk-biscuit-290g","status":"publish","type":"product","link":"https:\/\/havamall.com\/en\/shop\/banh-quy-trung-muoi-shengtian-dang-hop-290g-shengtian-salted-egg-yolk-biscuit-290g\/","title":{"rendered":"B\u00e1nh Quy Tr\u1ee9ng Mu\u1ed1i ShengTian D\u1ea1ng H\u1ed9p 290g &#8211; ShengTian Salted Egg Yolk Biscuit 290g"},"content":{"rendered":"<h1><strong>Th\u00f4ng tin chung<\/strong><\/h1>\n<table width=\"813\">\n<tbody>\n<tr>\n<td>Th\u01b0\u01a1ng hi\u1ec7u<\/td>\n<td><strong>Sheng Tian<\/strong><\/td>\n<\/tr>\n<tr>\n<td>Xu\u1ea5t x\u1ee9<\/td>\n<td><strong>\u0110\u00e0i Loan<\/strong><\/td>\n<\/tr>\n<tr>\n<td>Kh\u1ed1i l\u01b0\u1ee3ng t\u1ecbnh<\/td>\n<td><strong>290g<\/strong><\/td>\n<\/tr>\n<tr>\n<td>H\u1ea1n s\u1eed d\u1ee5ng<\/td>\n<td><strong>12 th\u00e1ng k\u1ec3 t\u1eeb ng\u00e0y s\u1ea3n xu\u1ea5t<\/strong><\/td>\n<\/tr>\n<\/tbody>\n<\/table>\n<p>B\u00e1nh quy tr\u1ee9ng mu\u1ed1i\u00a0 Sheng Tian Taiwan\u00a0l\u00e0 lo\u1ea1i b\u00e1nh \u0111\u1ecba ph\u01b0\u01a1ng \u1edf \u0110\u00e0i Loan, n\u1ed5i ti\u1ebfng kh\u1eafp khu v\u1ef1c \u00c1 \u0110\u00f4ng. B\u00e1nh mang h\u01b0\u01a1ng v\u1ecb \u0111\u1eb7c tr\u01b0ng kh\u00f3 t\u00ecm th\u1ea5y \u1edf m\u1ed9t lo\u1ea1i b\u00e1nh n\u00e0o kh\u00e1c, c\u0169ng r\u1ea5t d\u1ec5 g\u00e2y nghi\u1ec7n.<\/p>\n<p><img fetchpriority=\"high\" decoding=\"async\" class=\"wp-image-14787 aligncenter\" src=\"https:\/\/havamall.com\/wp-content\/uploads\/2020\/06\/\u674f\u4ec1-300x220.png\" alt=\"\" width=\"741\" height=\"543\" \/><\/p>\n<p>N\u1ebfu ch\u01b0a t\u1eebng \u0111\u01b0\u1ee3c th\u01b0\u1edfng th\u1ee9c lo\u1ea1i b\u00e1nh quy ngon n\u1ed5i ti\u1ebfng n\u00e0y th\u00ec nhanh ch\u00f3ng th\u1eed ngay nh\u00e9, ch\u1eafc ch\u1eafn s\u1ebd l\u00e0m b\u1ea1n h\u00e0i l\u00f2ng.<\/p>\n<h1><strong>\u0110\u1eb7c \u0111i\u1ec3m n\u1ed5i b\u1eadt c\u1ee7a s\u1ea3n ph\u1ea9m<\/strong><\/h1>\n<p>B\u00e1nh quy tr\u1ee9ng \u0110\u00e0i Loan 290g\u00a0c\u00f3 h\u01b0\u01a1ng v\u1ecb th\u01a1m ngon \u0111\u1eb7c bi\u1ec7t. Chi\u1ebfc b\u00e1nh quy th\u01a1m n\u1ee9c m\u00f9i\u00a0tr\u1ee9ng mu\u1ed1i\u00a0ngay t\u1eeb khi \u0103n, gi\u00f2n gi\u00f2n, m\u1eb7n m\u1eb7n, h\u1ea5p d\u1eabn v\u00f4 c\u00f9ng.<\/p>\n<p>B\u00e1nh tr\u1ee9ng mu\u1ed1i \u0110\u00e0i Loan\u00a0\u0111\u01b0\u1ee3c g\u00f3i ri\u00eang t\u1eeb c\u00e1i, nh\u1ecf nh\u1eafn, d\u1ec5 th\u01b0\u1edfng th\u1ee9c v\u00e0 b\u1ea3o qu\u1ea3n. Thi\u1ebft k\u1ebf bao b\u00ec \u0111\u1ef1ng trong h\u1ed9p \u0111\u1eb9p m\u1eaft, d\u1ec5 b\u1ea3o qu\u1ea3n v\u00e0 mang t\u00ednh th\u1ea9m m\u1ef9, th\u00edch h\u1ee3p d\u00f9ng l\u00e0m qu\u00e0 cho tr\u1ebb em ho\u1eb7c nh\u1eefng ng\u01b0\u1eddi th\u00e2n y\u00eau.<\/p>\n<p><img decoding=\"async\" class=\"wp-image-14818 aligncenter\" src=\"https:\/\/havamall.com\/wp-content\/uploads\/2020\/06\/trung-mui-3-300x300.jpg\" alt=\"\" width=\"563\" height=\"563\" \/><\/p>\n<p>M\u1ed9t trong nh\u1eefng th\u00e0nh ph\u1ea7n n\u1ed5i b\u1eadt c\u1ee7a chi\u1ebfc b\u00e1nh quy tr\u1ee9ng mu\u1ed1i n\u00e0y l\u00e0 ch\u00fang c\u00f3 ch\u1ee9a th\u00e0nh ph\u1ea7n d\u1ea7u c\u1ecd ch\u1ee9a Vitamin A t\u1ed1t cho s\u1ee9c kh\u1ecfe, l\u00e0m s\u00e1ng m\u1eaft. D\u1ea7u c\u1ecd gi\u1eef cho b\u00e1nh \u0111\u01b0\u1ee3c t\u01b0\u01a1i ngon v\u00e0 gi\u00f2n l\u00e2u h\u01a1n. Ngon n\u1ee9c v\u1edbi h\u01b0\u01a1ng v\u1ecb \u0111\u1eb7c tr\u01b0ng, \u0111\u01b0\u1ee3c kh\u00e1ch du l\u1ecbch \u01b0a chu\u1ed9ng mua v\u1ec1 bi\u1ebfu t\u1eb7ng m\u1ed7i d\u1ecbp gh\u00e9 \u0110\u00e0i Loan.<\/p>\n<p><strong>Th\u00e0nh ph\u1ea7n<\/strong>: B\u1ed9t m\u00ec, m\u1ea1ch nha pha s\u1eb5n, d\u1ea7u c\u1ecd, l\u00f2ng \u0111\u1ecf tr\u1ee9ng mu\u1ed1i, kem s\u1eefa, \u0111\u1eadu n\u00e0nh,\u2026<\/p>\n<p><strong><em>Th\u00e0nh ph\u1ea7n dinh d\u01b0\u1ee1ng c\u1ee7a m\u1ed7i kh\u1ea9u ph\u1ea7n 10g<\/em><\/strong><\/p>\n<p><strong>Ch\u1ea5t b\u00e9o chuy\u1ec3n h\u00f3a<\/strong>: 10g<\/p>\n<p><strong>Calories<\/strong> : 35g<\/p>\n<p><strong>Protein<\/strong>: 0.7g<\/p>\n<p><strong>Carbohydrate<\/strong>: 5.7g<\/p>\n<p><strong>Ch\u1ea5t b\u00e9o<\/strong>: 1,9g<\/p>\n<p><strong>Ch\u1ea5t b\u00e9o b\u00e3o h\u00f2a<\/strong>: 1.1h<\/p>\n<p><strong>Natri<\/strong>: 28g<\/p>\n<p><img decoding=\"async\" class=\"wp-image-14803 aligncenter\" src=\"https:\/\/havamall.com\/wp-content\/uploads\/2020\/06\/3b17d63126c7759e3176735283eb6ca6-1-300x300.jpg\" alt=\"\" width=\"648\" height=\"648\" \/><\/p>\n<p>L\u01afU \u00dd: S\u1ea3n ph\u1ea9m c\u00f3 ch\u1ee9a s\u1eefa v\u00e0 tr\u1ee9ng, tr\u00e1nh s\u1eed d\u1ee5ng khi b\u1ecb d\u1ecb \u1ee9ng v\u1edbi th\u00e0nh ph\u1ea7n tr\u00ean.<\/p>\n<h1><strong>C\u00e1ch s\u1eed d\u1ee5ng v\u00e0 b\u1ea3o qu\u1ea3n:<\/strong><\/h1>\n<ul>\n<li>B\u00e1nh quy tr\u1ee9ng \u0110\u00e0i Loan\u00a0c\u00f3 th\u1ec3 \u0103n trong c\u00e1c b\u1eefa ph\u1ee5, ch\u1ed1ng \u0111\u00f3i<\/li>\n<li>Th\u01b0\u1edfng th\u1ee9c\u00a0b\u00e1nh quy \u0110\u00e0i Loan\u00a0v\u1edbi 1 t\u00e1ch tr\u00e0 n\u00f3ng l\u00e0 tuy\u1ec7t v\u1eddi nh\u1ea5t, v\u1eeba t\u0103ng th\u00eam h\u01b0\u01a1ng v\u1ecb th\u01a1m ngon c\u1ee7a b\u00e1nh, v\u1eeba gi\u00fap \u0103n kh\u00f4ng b\u1ecb ng\u1ea5y.<\/li>\n<li>\u0102n b\u00e1nh v\u00e0o bu\u1ed5i s\u00e1ng c\u00f9ng 1 ly s\u1eefa n\u00f3ng cung c\u1ea5p n\u0103ng l\u01b0\u1ee3ng v\u00e0 dinh d\u01b0\u1ee1ng cho b\u00e9 \u0111\u1ebfn tr\u01b0\u1eddng.<\/li>\n<li>L\u00e0m qu\u00e0 bi\u1ebfu t\u1eb7ng trong nh\u1eefng d\u1ecbp \u0111\u1eb7c bi\u1ec7t.<\/li>\n<li>S\u1eed d\u1ee5ng b\u00e1nh tr\u1ee9ng mu\u1ed1i trong c\u00e1c bu\u1ed5i l\u1ec5, li\u00ean hoan, t\u1ee5 t\u1eadp b\u1ea1n b\u00e8 l\u00e0 \u0111i\u1ec1u v\u00f4 c\u00f9ng l\u00fd th\u00fa.<\/li>\n<li>B\u1ea3o qu\u1ea3n n\u01a1i kh\u00f4 r\u00e1o, tr\u00e1nh \u1ea9m, \u00e1nh n\u1eafng tr\u1ef1c ti\u1ebfp.<\/li>\n<\/ul>\n<p><img loading=\"lazy\" decoding=\"async\" class=\"wp-image-14790 aligncenter\" src=\"https:\/\/havamall.com\/wp-content\/uploads\/2020\/06\/trung-mui-2-1-300x300.jpg\" alt=\"\" width=\"618\" height=\"618\" \/><\/p>\n<p><strong><em>H\u00e3y t\u00ecm t\u1edbi Havamall \u0111\u1ec3 ch\u1ecdn cho m\u00ecnh nh\u1eefng m\u00f3n b\u00e1nh k\u1eb9o \u0103n v\u1eb7t ngon mi\u1ec7ng, \u0111\u1ea3m b\u1ea3o ch\u1ea5t l\u01b0\u1ee3ng m\u00e0 gi\u00e1 c\u1ea3 c\u00f2n c\u1ef1c k\u00ec ph\u1ea3i ch\u0103ng n\u1eefa nh\u00e9!!!<\/em><\/strong><\/p>\n<p>&nbsp;<\/p>\n<p>&nbsp;<\/p>","protected":false},"excerpt":{"rendered":"<ul>\n<li>B\u00e1nh quy tr\u1ee9ng mu\u1ed1i v\u1edbi v\u1ecb m\u1eb7n m\u1eb7n, gi\u00f2n gi\u00f2n c\u1ee7a l\u1edbp v\u1ecf b\u00e1nh th\u01a1m ngon.<\/li>\n<li>\u0110\u00e2y l\u00e0 s\u1ea3n ph\u1ea9m b\u00e1nh nh\u1eadp kh\u1ea9u cao c\u1ea5p tr\u1ef1c ti\u1ebfp t\u1eeb Taiwan.<\/li>\n<li>H\u1ed9p b\u00e1nh to 290g, ti\u1ec7n l\u1ee3i cho vi\u1ec7c s\u1eed d\u1ee5ng v\u00e0 b\u1ea3o qu\u1ea3n.<\/li>\n<li>B\u00e1nh Quy Tr\u1ee9ng Mu\u1ed1i \u0110\u00e0i Loan c\u00f3 ch\u1ee9a th\u00e0nh ph\u1ea7n d\u1ea7u c\u1ecd gi\u00fap b\u00e1nh gi\u1eef \u0111\u1ed9 gi\u00f2n r\u1ea5t l\u00e2u, h\u00e0m l\u01b0\u1ee3ng vitamin A cao trong d\u1ea7u c\u1ecd c\u00f2n t\u1ed1t cho s\u1ee9c kh\u1ecfe.<\/li>\n<\/ul>","protected":false},"featured_media":14817,"comment_status":"open","ping_status":"closed","template":"","meta":[],"product_brand":[],"product_cat":[133,36],"product_tag":[],"class_list":{"0":"post-14783","1":"product","2":"type-product","3":"status-publish","4":"has-post-thumbnail","6":"product_cat-banh-keo-chocolate","7":"product_cat-thuc-pham-tieu-dung","8":"pa_brand-shengtian","10":"first","11":"outofstock","12":"sale","13":"shipping-taxable","14":"purchasable","15":"product-type-simple"},"_links":{"self":[{"href":"https:\/\/havamall.com\/en\/wp-json\/wp\/v2\/product\/14783","targetHints":{"allow":["GET"]}}],"collection":[{"href":"https:\/\/havamall.com\/en\/wp-json\/wp\/v2\/product"}],"about":[{"href":"https:\/\/havamall.com\/en\/wp-json\/wp\/v2\/types\/product"}],"replies":[{"embeddable":true,"href":"https:\/\/havamall.com\/en\/wp-json\/wp\/v2\/comments?post=14783"}],"version-history":[{"count":0,"href":"https:\/\/havamall.com\/en\/wp-json\/wp\/v2\/product\/14783\/revisions"}],"wp:featuredmedia":[{"embeddable":true,"href":"https:\/\/havamall.com\/en\/wp-json\/wp\/v2\/media\/14817"}],"wp:attachment":[{"href":"https:\/\/havamall.com\/en\/wp-json\/wp\/v2\/media?parent=14783"}],"wp:term":[{"taxonomy":"product_brand","embeddable":true,"href":"https:\/\/havamall.com\/en\/wp-json\/wp\/v2\/product_brand?post=14783"},{"taxonomy":"product_cat","embeddable":true,"href":"https:\/\/havamall.com\/en\/wp-json\/wp\/v2\/product_cat?post=14783"},{"taxonomy":"product_tag","embeddable":true,"href":"https:\/\/havamall.com\/en\/wp-json\/wp\/v2\/product_tag?post=14783"}],"curies":[{"name":"wp","href":"https:\/\/api.w.org\/{rel}","templated":true}]}}