{"id":15302,"date":"2020-07-20T16:56:11","date_gmt":"2020-07-20T09:56:11","guid":{"rendered":"https:\/\/havamall.com\/?post_type=product&#038;p=15302"},"modified":"2022-01-28T14:04:30","modified_gmt":"2022-01-28T07:04:30","slug":"15302","status":"publish","type":"product","link":"https:\/\/havamall.com\/en\/shop\/15302\/","title":{"rendered":"Tr\u00e1i Nh\u00e3n Ng\u00e2m N\u01b0\u1edbc \u0110\u01b0\u1eddng Baan Mai 560g &#8211; Longan In Syrup"},"content":{"rendered":"<h1><strong>\u0110\u1eb7c \u0111i\u1ec3m th\u01b0\u01a1ng hi\u1ec7u<\/strong><\/h1>\n<p><strong>Baan Mai<\/strong>\u00a0l\u00e0 th\u01b0\u01a1ng hi\u1ec7u h\u00e0ng Vi\u1ec7t Nam ch\u1ea5t l\u01b0\u1ee3ng cao, v\u1edbi c\u00e1c m\u1eb7t h\u00e0ng thu\u1ed9c c\u00e2y nh\u00e0 l\u00e1 v\u01b0\u1eddn, v\u1edbi quy tr\u00ecnh gieo tr\u00f4ng v\u00e0 ch\u0103m s\u00f3c ch\u00ednh b\u1edfi ng\u01b0\u1eddi n\u00f4ng d\u00e2n ch\u1ea5t ph\u00e1c Vi\u1ec7t Nam, h\u1ecdc h\u1ecfi c\u00e1c k\u0129 thu\u1eadt t\u1eeb c\u00e1c n\u01b0\u1edbc ph\u00e1t tri\u1ec3n. Baan Mai cam k\u1ebft c\u00e1c s\u1ea3n ph\u1ea9m tr\u00e1i c\u00e2y \u0111\u00f3ng h\u1ed9p \u0111\u1ec1u kh\u00f4ng ch\u1ee9a ch\u1ea5t \u0111\u1ed9c h\u1ea1i, kh\u00f4ng ch\u1ee9a h\u00f3a ch\u1ea5t k\u00edch th\u00edch t\u0103ng tr\u01b0\u1edfng, \u0111em \u0111\u1ebfn cho qu\u00fd kh\u00e1ch nh\u1eefng s\u1ea3n ph\u1ea9m ch\u1ea5t l\u01b0\u1ee3ng theo \u0111\u00fang chu\u1ea9n v\u1edbi gi\u00e1 c\u1ea3 ph\u1ea3i ch\u0103ng. M\u1ee5c ti\u00eau v\u00e0 h\u01b0\u1edbng \u0111i d\u00e0i h\u1ea1n c\u1ee7a th\u01b0\u01a1ng hi\u1ec7u nh\u1eafm t\u1edbi k\u00edch c\u1ea7u xu h\u01b0\u1edbng mua h\u00e0ng th\u1ef1c ph\u1ea9m n\u1ed9i \u0111\u1ecba c\u1ee7a ng\u01b0\u1eddi Vi\u1ec7t Nam \u201cNg\u01b0\u1eddi Vi\u1ec7t x\u00e0i h\u00e0ng Vi\u1ec7t\u201d v\u1ed1n \u0111ang d\u1ea7n m\u1ea5t \u0111i.<\/p>\n<p><img fetchpriority=\"high\" decoding=\"async\" class=\"wp-image-25153 aligncenter\" src=\"https:\/\/havamall.com\/wp-content\/uploads\/2020\/07\/logan-dish-1-300x282.jpg\" alt=\"\" width=\"671\" height=\"631\" \/><\/p>\n<p>Sau m\u1ed9t th\u1eddi gian ho\u1ea1t \u0111\u1ed9ng, Baan Mai \u0111\u00e3 c\u00f3 nh\u1eefng b\u01b0\u1edbc ti\u1ebfn \u0111\u00e1ng k\u1ec3 c\u1ea3 v\u1ec1 ch\u1ea5t l\u01b0\u1ee3ng v\u00e0 h\u00ecnh th\u1ee9c. S\u1ed1 l\u01b0\u1ee3ng kh\u00e1ch h\u00e0ng th\u00e2n thi\u1ebft s\u1eed d\u1ee5ng s\u1ea3n ph\u1ea9m t\u0103ng l\u00ean \u0111\u00e1ng k\u1ec3.\u00a0Baan Mai h\u1ee9a h\u1eb9n s\u1ebd d\u1eabn \u0111\u1ea7u th\u1ecb tr\u01b0\u1eddng th\u01b0\u01a1ng hi\u1ec7u tr\u00e1i c\u00e2y \u0111\u00f3ng lon t\u1ea1i Vi\u1ec7t Nam n\u00f3i ri\u00eang v\u00e0 m\u1edf r\u1ed9ng th\u1ecb tr\u01b0\u1eddng ra Ch\u00e2u \u00c1 n\u00f3i chung.<\/p>\n<h1><strong>\u0110\u1eb7c \u0111i\u1ec3m n\u1ed5i b\u1eadt c\u1ee7a s\u1ea3n ph\u1ea9m<\/strong><\/h1>\n<p><span style=\"font-weight: 400\">\u0110\u01b0\u1ee3c ch\u1ecdn l\u1ecdc t\u1eeb nh\u1eefng qu\u1ea3 nh\u00e3n tr\u00f2n l\u1eb7t c\u00e0nh, tr\u1ee5i l\u00e1, qu\u1ea3 v\u1eeba ch\u00edn t\u1edbi, v\u1ecf qu\u1ea3 t\u01b0\u01a1i, kh\u00f4ng s\u00e2u, b\u1ec7nh, m\u00e0u l\u1ea1\u2026Thu ho\u1ea1ch \u0111\u00fang ng\u00e0y tu\u1ed5i 210 ng\u00e0y tu\u1ed5i t\u00ednh t\u1eeb l\u00fac tr\u1ed5 hoa..<\/span><\/p>\n<p><img decoding=\"async\" class=\"aligncenter\" src=\"https:\/\/havamall.com\/wp-content\/uploads\/2020\/07\/56914751_6118573832066_6872846554420477952_n_3bad088e3a02431bae9a43d6a3d7bb58_master.png\" alt=\"Nh\u00e3n \u2013 Nafoods Store\" width=\"672\" height=\"537\" \/><\/p>\n<p><span style=\"font-weight: 400\">Qu\u1ea3 Nh\u00e3n ch\u1ee9a l\u01b0\u1ee3ng Vitamin C phong ph\u00fa t\u01b0\u01a1ng \u0111\u01b0\u01a1ng v\u1edbi 80% nhu c\u1ea7u h\u00e0ng ng\u00e0y. Ch\u1ee9a c\u00e1c kho\u00e1ng ch\u1ea5t nh\u01b0 s\u1eaft, ph\u1ed1t pho, magi\u00ea v\u00e0 kali. Nh\u00e3n gi\u00e0u Vitamin A v\u00e0 c\u1ea7n thi\u1ebft trong vi\u1ec7c ch\u1ed1ng oxy h\u00f3a\u2026.<\/span><\/p>\n<p><span style=\"font-weight: 400\">Qu\u1ea3 Nh\u00e3n \u0111\u01b0\u1ee3c tr\u1ed3ng v\u00e0 ch\u0103m s\u00f3c theo TC Vietgap c\u1ee7a v\u00f9ng \u0111\u1ea5t Ch\u00e2u Th\u00e0nh \u2013 \u0110\u1ed3ng Th\u00e1p.<\/span><\/p>\n<ul>\n<li>Kh\u1ed1i l\u01b0\u1ee3ng t\u1ecbnh: 560g\/lon\u00b1 5g<\/li>\n<li>Kh\u1ed1i L\u01b0\u1ee3ng c\u00e1i: 250g\/lon \u00b1 2g<\/li>\n<li><span style=\"font-weight: 400\">M\u00e0u s\u1eafc: V\u00e0ng \u0111\u1ea5t t\u01b0\u01a1i<\/span><\/li>\n<li><span style=\"font-weight: 400\">S\u1ed1 tr\u00e1i: 35-40 tr\u00e1i\/lon<\/span><\/li>\n<li><span style=\"font-weight: 400\">\u0110\u01b0\u1eddng k\u00ednh qu\u1ea3 nh\u00e3n \u2265 24mm<\/span><\/li>\n<li><span style=\"font-weight: 400\">\u0110\u1ed9 d\u00e0y c\u01a1m \u2265 3mm<\/span><\/li>\n<li><span style=\"font-weight: 400\">M\u00f9i h\u01b0\u01a1ng t\u1ef1 nhi\u00ean v\u00e0 \u0111\u1eb7c tr\u01b0ng c\u1ee7a qu\u1ea3 Nh\u00e3n, kh\u00f4ng c\u00f3 m\u00f9i l\u1ea1 ( m\u1ed1c, ch\u00e1y, th\u1ed1i\u2026)<\/span><\/li>\n<li><span style=\"font-weight: 400\">T\u1ef7 l\u1ec7 tr\u00e1i kh\u00f4ng \u0111\u1ea1t &lt; 3%<\/span><\/li>\n<\/ul>\n<p><img decoding=\"async\" class=\"aligncenter\" src=\"https:\/\/havamall.com\/wp-content\/uploads\/2020\/07\/cach-lam-che-khuc-bach-thom-ngon-kho-cuong-1.jpg\" alt=\"C\u00e1ch l\u00e0m ch\u00e8 kh\u00fac b\u1ea1ch th\u01a1m ngon kh\u00f3 c\u01b0\u1ee1ng\" width=\"663\" height=\"663\" \/><\/p>\n<ul>\n<li><span style=\"font-weight: 400\">T\u1ea1p ch\u1ea5t 0%<\/span><\/li>\n<li><span style=\"font-weight: 400\">D\u01b0 l\u01b0\u1ee3ng thu\u1ed1c b\u1ea3o v\u1ec7 th\u1ef1c v\u1eadt 0%<\/span><\/li>\n<li>Ng\u00e0y SX: Xem Tr\u00ean bao b\u00ec s\u1ea3n ph\u1ea9m<\/li>\n<li>HSD: 24 th\u00e1ng k\u1ec3 t\u1eeb ng\u00e0y s\u1ea3n xu\u1ea5t<\/li>\n<\/ul>\n<h3><strong>\u1ee8ng D\u1ee5ng Ch\u1ebf Bi\u1ebfn\u00a0<\/strong><\/h3>\n<p><span style=\"font-weight: 400\">&gt; C\u00f3 th\u1ec3 \u0103n li\u1ec1n: th\u00eam \u0111\u00e1 ho\u1eb7c h\u00e2m n\u00f3ng \u0103n nh\u01b0 Ch\u00e8.<\/span><\/p>\n<p><span style=\"font-weight: 400\">&gt; Ch\u1ebf Bi\u1ebfn c\u00e1c m\u00f3n n\u01b0\u1edbc gi\u1ea3i kh\u00e1t: Tr\u00e0 Sen Nh\u00e3n, S\u1eefa Chua Nh\u00e3n L\u1ed3ng, Topping c\u00e1c m\u00f3n n\u01b0\u1edbc gi\u1ea3i kh\u00e1t, tr\u00e0 s\u1eefa, s\u1eefa t\u01b0\u01a1i, kem\u2026\u00a0<\/span><\/p>\n<p><span style=\"font-weight: 400\">&gt; D\u00f9ng ch\u1ebf bi\u1ebfn th\u1ef1c ph\u1ea9m: B\u00e1nh t\u01b0\u01a1i, n\u01b0\u1edbng\u2026<\/span><\/p>\n<p><span style=\"font-weight: 400\">&gt; D\u00f9ng l\u00e0m m\u1ee9t, nh\u00e2n b\u00e1nh ng\u1ecdt\u2026<\/span><\/p>\n<p><span style=\"font-weight: 400\">&gt; S\u1ea2N PH\u1ea8M CAM K\u1ebeT 100% KH\u00d4NG CH\u1ea4T B\u1ea2O QU\u1ea2N<\/span><\/p>","protected":false},"excerpt":{"rendered":"<ul>\n<li>Kh\u1ed1i l\u01b0\u1ee3ng t\u1ecbnh: 560g\/lon\u00b1 5g<\/li>\n<li>Kh\u1ed1i L\u01b0\u1ee3ng c\u00e1i: 250g\/lon \u00b1 2g<\/li>\n<li><span style=\"font-weight: 400\">M\u00e0u s\u1eafc: V\u00e0ng \u0111\u1ea5t t\u01b0\u01a1i<\/span><\/li>\n<li><span style=\"font-weight: 400\">S\u1ed1 tr\u00e1i: 35-40 tr\u00e1i\/lon<\/span><\/li>\n<li><span style=\"font-weight: 400\">\u0110\u01b0\u1eddng k\u00ednh qu\u1ea3 nh\u00e3n \u2265 24mm<\/span><\/li>\n<li><span style=\"font-weight: 400\">\u0110\u1ed9 d\u00e0y c\u01a1m \u2265 3mm<\/span><\/li>\n<li><span style=\"font-weight: 400\">M\u00f9i h\u01b0\u01a1ng t\u1ef1 nhi\u00ean v\u00e0 \u0111\u1eb7c tr\u01b0ng c\u1ee7a qu\u1ea3 Nh\u00e3n, kh\u00f4ng c\u00f3 m\u00f9i l\u1ea1 ( m\u1ed1c, ch\u00e1y, th\u1ed1i\u2026)<\/span><\/li>\n<li><span style=\"font-weight: 400\">T\u1ef7 l\u1ec7 tr\u00e1i kh\u00f4ng \u0111\u1ea1t &lt; 3%<\/span><\/li>\n<\/ul>","protected":false},"featured_media":15356,"comment_status":"open","ping_status":"closed","template":"","meta":[],"product_brand":[],"product_cat":[36,143],"product_tag":[],"class_list":{"0":"post-15302","1":"product","2":"type-product","3":"status-publish","4":"has-post-thumbnail","6":"product_cat-thuc-pham-tieu-dung","7":"product_cat-thuc-pham-dong-hop","8":"pa_brand-bann-mai","10":"first","11":"instock","12":"sale","13":"shipping-taxable","14":"purchasable","15":"product-type-simple"},"_links":{"self":[{"href":"https:\/\/havamall.com\/en\/wp-json\/wp\/v2\/product\/15302","targetHints":{"allow":["GET"]}}],"collection":[{"href":"https:\/\/havamall.com\/en\/wp-json\/wp\/v2\/product"}],"about":[{"href":"https:\/\/havamall.com\/en\/wp-json\/wp\/v2\/types\/product"}],"replies":[{"embeddable":true,"href":"https:\/\/havamall.com\/en\/wp-json\/wp\/v2\/comments?post=15302"}],"version-history":[{"count":0,"href":"https:\/\/havamall.com\/en\/wp-json\/wp\/v2\/product\/15302\/revisions"}],"wp:featuredmedia":[{"embeddable":true,"href":"https:\/\/havamall.com\/en\/wp-json\/wp\/v2\/media\/15356"}],"wp:attachment":[{"href":"https:\/\/havamall.com\/en\/wp-json\/wp\/v2\/media?parent=15302"}],"wp:term":[{"taxonomy":"product_brand","embeddable":true,"href":"https:\/\/havamall.com\/en\/wp-json\/wp\/v2\/product_brand?post=15302"},{"taxonomy":"product_cat","embeddable":true,"href":"https:\/\/havamall.com\/en\/wp-json\/wp\/v2\/product_cat?post=15302"},{"taxonomy":"product_tag","embeddable":true,"href":"https:\/\/havamall.com\/en\/wp-json\/wp\/v2\/product_tag?post=15302"}],"curies":[{"name":"wp","href":"https:\/\/api.w.org\/{rel}","templated":true}]}}