{"id":15319,"date":"2020-07-20T17:19:31","date_gmt":"2020-07-20T10:19:31","guid":{"rendered":"https:\/\/havamall.com\/?post_type=product&#038;p=15319"},"modified":"2022-02-22T14:04:26","modified_gmt":"2022-02-22T07:04:26","slug":"dua-nguyen-lat-dong-lon-baan-mai-565g-pineapple-in-light-syrup-565g","status":"publish","type":"product","link":"https:\/\/havamall.com\/en\/shop\/dua-nguyen-lat-dong-lon-baan-mai-565g-pineapple-in-light-syrup-565g\/","title":{"rendered":"D\u1ee9a Nguy\u00ean L\u00e1t \u0110\u00f3ng Lon Baan Mai 565g &#8211; Pineapple In Light Syrup 565g"},"content":{"rendered":"<h1><strong>\u0110\u1eb7c \u0111i\u1ec3m th\u01b0\u01a1ng hi\u1ec7u<\/strong><\/h1>\n<p><strong>Baan Mai<\/strong>\u00a0l\u00e0 th\u01b0\u01a1ng hi\u1ec7u h\u00e0ng Vi\u1ec7t Nam ch\u1ea5t l\u01b0\u1ee3ng cao, v\u1edbi c\u00e1c m\u1eb7t h\u00e0ng thu\u1ed9c c\u00e2y nh\u00e0 l\u00e1 v\u01b0\u1eddn, v\u1edbi quy tr\u00ecnh gieo tr\u00f4ng v\u00e0 ch\u0103m s\u00f3c ch\u00ednh b\u1edfi ng\u01b0\u1eddi n\u00f4ng d\u00e2n ch\u1ea5t ph\u00e1c Vi\u1ec7t Nam, h\u1ecdc h\u1ecfi c\u00e1c k\u0129 thu\u1eadt t\u1eeb c\u00e1c n\u01b0\u1edbc ph\u00e1t tri\u1ec3n. Baan Mai cam k\u1ebft c\u00e1c s\u1ea3n ph\u1ea9m tr\u00e1i c\u00e2y \u0111\u00f3ng h\u1ed9p \u0111\u1ec1u kh\u00f4ng ch\u1ee9a ch\u1ea5t \u0111\u1ed9c h\u1ea1i, kh\u00f4ng ch\u1ee9a h\u00f3a ch\u1ea5t k\u00edch th\u00edch t\u0103ng tr\u01b0\u1edfng, \u0111em \u0111\u1ebfn cho qu\u00fd kh\u00e1ch nh\u1eefng s\u1ea3n ph\u1ea9m ch\u1ea5t l\u01b0\u1ee3ng theo \u0111\u00fang chu\u1ea9n v\u1edbi gi\u00e1 c\u1ea3 ph\u1ea3i ch\u0103ng. M\u1ee5c ti\u00eau v\u00e0 h\u01b0\u1edbng \u0111i d\u00e0i h\u1ea1n c\u1ee7a th\u01b0\u01a1ng hi\u1ec7u nh\u1eafm t\u1edbi k\u00edch c\u1ea7u xu h\u01b0\u1edbng mua h\u00e0ng th\u1ef1c ph\u1ea9m n\u1ed9i \u0111\u1ecba c\u1ee7a ng\u01b0\u1eddi Vi\u1ec7t Nam \u201cNg\u01b0\u1eddi Vi\u1ec7t x\u00e0i h\u00e0ng Vi\u1ec7t\u201d v\u1ed1n \u0111ang d\u1ea7n m\u1ea5t \u0111i.<\/p>\n<p><img decoding=\"async\" class=\"aligncenter\" src=\"https:\/\/scontent.fsgn2-2.fna.fbcdn.net\/v\/t1.0-9\/13406840_484717295060131_8022529457637249720_n.jpg?_nc_cat=103&amp;_nc_sid=7aed08&amp;_nc_ohc=HJfDUis5r7gAX91hUNs&amp;_nc_ht=scontent.fsgn2-2.fna&amp;oh=50267355f7d642514c71a02b890e84b3&amp;oe=5F3A404A\" alt=\"Trong h\u00ecnh \u1ea3nh c\u00f3 th\u1ec3 c\u00f3: v\u0103n b\u1ea3n\" \/><\/p>\n<p>Sau m\u1ed9t th\u1eddi gian ho\u1ea1t \u0111\u1ed9ng, Baan Mai \u0111\u00e3 c\u00f3 nh\u1eefng b\u01b0\u1edbc ti\u1ebfn \u0111\u00e1ng k\u1ec3 c\u1ea3 v\u1ec1 ch\u1ea5t l\u01b0\u1ee3ng v\u00e0 h\u00ecnh th\u1ee9c. S\u1ed1 l\u01b0\u1ee3ng kh\u00e1ch h\u00e0ng th\u00e2n thi\u1ebft s\u1eed d\u1ee5ng s\u1ea3n ph\u1ea9m t\u0103ng l\u00ean \u0111\u00e1ng k\u1ec3.\u00a0Baan Mai h\u1ee9a h\u1eb9n s\u1ebd d\u1eabn \u0111\u1ea7u th\u1ecb tr\u01b0\u1eddng th\u01b0\u01a1ng hi\u1ec7u tr\u00e1i c\u00e2y \u0111\u00f3ng lon t\u1ea1i Vi\u1ec7t Nam n\u00f3i ri\u00eang v\u00e0 m\u1edf r\u1ed9ng th\u1ecb tr\u01b0\u1eddng ra Ch\u00e2u \u00c1 n\u00f3i chung.<\/p>\n<h1><strong>\u0110\u1eb7c \u0111i\u1ec3m n\u1ed5i b\u1eadt c\u1ee7a s\u1ea3n ph\u1ea9m<\/strong><\/h1>\n<p><span style=\"font-weight: 400\">D\u1ee9a l\u00e0 lo\u1ea1i tr\u00e1i c\u00e2y r\u1ea5t t\u1ed1t cho s\u1ee9c kh\u1ecfe. Trong th\u00e0nh ph\u1ea7n c\u1ee7a d\u1ee9a ch\u1ee9a nhi\u1ec1u d\u01b0\u1ee1ng ch\u1ea5t: gi\u00e0u vitamin C, mangan, \u0111\u1ed3ng v\u00e0 folate,\u2026l\u00e0 ngu\u1ed3n ch\u1ee9a h\u1ee3p ch\u1ea5t th\u1ef1c v\u1eadt bromelain duy nh\u1ea5t, c\u1ef1c k\u1ef3 c\u00f3 l\u1ee3i cho s\u1ee9c kh\u1ecfe, nh\u01b0 gi\u00fap t\u0103ng c\u01b0\u1eddng ch\u1ee9c n\u0103ng mi\u1ec5n d\u1ecbch, ph\u00f2ng ch\u1ed1ng ung th\u01b0, l\u00e0m l\u00e0nh v\u1ebft th\u01b0\u01a1ng v\u00e0 t\u1ed1t cho \u0111\u01b0\u1eddng ru\u1ed9t,\u2026S\u1eed d\u1ee5ng l\u01b0\u1ee3ng d\u1ee9a v\u1eeba \u0111\u1ee7 trong kh\u1ea9u ph\u1ea7n \u0103n s\u1ebd gi\u00fap b\u1ea3o v\u1ec7 s\u1ee9c kh\u1ecfe gia \u0111\u00ecnh b\u1ea1n m\u1ed7i ng\u00e0y.\u00a0<\/span><\/p>\n<p><span style=\"font-weight: 400\">Nay v\u1edbi D\u1ee9a T\u01b0\u01a1i Nguy\u00ean L\u00e1t Baan Mai ch\u1ee9a th\u00e0nh ph\u1ea7n d\u1ee9a t\u01b0\u01a1i \u0111\u01b0\u1ee3c c\u1eaft th\u00e0nh nh\u1eefng khoanh tr\u00f2n, mang \u0111\u1ebfn cho b\u1ea1n s\u1ef1 ti\u1ec7n l\u1ee3i trong s\u1eed d\u1ee5ng. S\u1ea3n ph\u1ea9m th\u00edch h\u1ee3p \u0103n tr\u1ef1c ti\u1ebfp (d\u1eb1m \u0111\u00e1 nhuy\u1ec5n), ho\u1eb7c d\u00f9ng l\u00e0m sinh t\u1ed1, n\u01b0\u1edbc m\u00e1t, cocktail, m\u1ee9t b\u00e1nh, salad,\u2026\u0111\u1ed3ng th\u1eddi gi\u00fap cung c\u1ea5p vitamin, d\u01b0\u1ee1ng ch\u1ea5t c\u1ea7n thi\u1ebft cho c\u01a1 th\u1ec3 gia \u0111\u00ecnh b\u1ea1n m\u1ed7i ng\u00e0y.<\/span><\/p>\n<p><img decoding=\"async\" class=\"aligncenter\" src=\"https:\/\/havamall.com\/wp-content\/uploads\/2020\/07\/cach-lam-mut-dua-deo-1_1.jpg\" alt=\"Hai c\u00e1ch l\u00e0m m\u1ee9t d\u1ee9a d\u1ebbo \u0111\u01a1n gi\u1ea3n \u0111\u1ec3 \u0111\u00e3i kh\u00e1ch ng\u00e0y t\u1ebft | Eva\" \/><\/p>\n<p><span style=\"font-weight: 400\">D\u1ee9a l\u00e1t ng\u00e2m Baan Mai \u0111\u01b0\u1ee3c l\u00e0m t\u1eeb d\u1ee9a t\u01b0\u01a1i v\u00e0 ch\u1ecdn l\u1ef1a k\u1ef9 c\u00e0ng t\u1eeb c\u00e1c n\u00f4ng tr\u1ea1i, k\u1ebft h\u1ee3p c\u00f9ng c\u00e1c lo\u1ea1i gia v\u1ecb h\u1ea3o h\u1ea1ng. Nh\u1eefng qu\u1ea3 d\u1ee9a t\u01b0\u01a1i ngon nh\u1ea5t \u0111\u01b0\u1ee3c s\u00e0ng l\u1ecdc, ch\u1ecdn l\u1ef1a k\u1ef9 c\u00e0ng, mang \u0111\u1ebfn s\u1ea3n ph\u1ea9m ch\u1ea5t l\u01b0\u1ee3ng nh\u1ea5t. D\u1ee9a l\u00e1t ng\u00e2m kh\u00f4ng s\u1eed d\u1ee5ng ch\u1ea5t b\u1ea3o qu\u1ea3n, \u0111\u1ea3m b\u1ea3o an to\u00e0n tuy\u1ec7t \u0111\u1ed1i cho s\u1ee9c kh\u1ecfe c\u1ee7a b\u1ea1n v\u00e0 gia \u0111\u00ecnh. Ch\u1ea5t x\u01a1 c\u00f3 trong d\u1ee9a s\u1ebd kh\u00f4ng b\u1ecb \u1ea3nh h\u01b0\u1edfng b\u1edfi qu\u00e1 tr\u00ecnh \u0111\u00f3ng h\u1ed9p. Th\u1eadm ch\u00ed, c\u00e1c nh\u00e0 nghi\u00ean c\u1ee9u c\u00f2n th\u1ea5y r\u1eb1ng, vitamin A trong m\u1ed9t s\u1ed1 lo\u1ea1i tr\u00e1i c\u00e2y \u0111\u00f3ng h\u1ed9p c\u00f2n cao h\u01a1n b\u00ecnh th\u01b0\u1eddng.<\/span><\/p>\n<p><span style=\"font-weight: 400\">\u0110\u01b0\u1ee3c \u0111\u00f3ng h\u1ed9p ti\u1ec7n d\u1ee5ng, b\u1ea1n c\u00f3 th\u1ec3 mang theo trong nh\u1eefng chuy\u1ebfn \u0111i ch\u01a1i hay c\u1eafm tr\u1ea1i c\u00f9ng gia \u0111\u00ecnh v\u00e0 b\u1ea1n b\u00e8.\u00a0<\/span><\/p>\n<h3><strong>\u1ee8ng D\u1ee5ng Ch\u1ebf Bi\u1ebfn\u00a0<\/strong><\/h3>\n<ul>\n<li><span style=\"font-weight: 400\">C\u00f3 th\u1ec3 \u0103n li\u1ec1n : th\u00eam \u0111\u00e1 ho\u1eb7c h\u00e2m n\u00f3ng \u0103n nh\u01b0 Ch\u00e8.<\/span><\/li>\n<li><span style=\"font-weight: 400\">Ch\u1ebf Bi\u1ebfn c\u00e1c m\u00f3n n\u01b0\u1edbc gi\u1ea3i kh\u00e1t: Tr\u00e0 D\u1ee9a, s\u1ed1t D\u1ee9a, Topping c\u00e1c m\u00f3n n\u01b0\u1edbc gi\u1ea3i kh\u00e1t, tr\u00e0 s\u1eefa, s\u1eefa t\u01b0\u01a1i, kem\u2026\u00a0<\/span><\/li>\n<li><span style=\"font-weight: 400\">D\u00f9ng ch\u1ebf bi\u1ebfn th\u1ef1c ph\u1ea9m: N\u1ea5u canh, B\u00e1nh t\u01b0\u01a1i, n\u01b0\u1edbng\u2026<\/span><\/li>\n<li><span style=\"font-weight: 400\">D\u00f9ng l\u00e0m m\u1ee9t, nh\u00e2n b\u00e1nh ng\u1ecdt\u2026\u00a0<\/span><\/li>\n<\/ul>\n<p><img decoding=\"async\" class=\"aligncenter\" src=\"https:\/\/havamall.com\/wp-content\/uploads\/2020\/07\/n\u01b0\u1edbc-\u00e9p-d\u1ee9a-t\u00e1c-d\u1ee5ng-g\u00ec.jpg\" alt=\"U\u1ed1ng n\u01b0\u1edbc \u00e9p d\u1ee9a t\u00e1c d\u1ee5ng g\u00ec? Bao nhi\u00eau calo? C\u00f3 Gi\u1ea3m c\u00e2n kh\u00f4ng ...\" \/><\/p>\n<ul>\n<li><span style=\"font-weight: 400\">Nh\u1eefng l\u1ee3i \u00edch kh\u00f4ng ng\u1edd t\u1eeb qu\u1ea3 D\u1ee9a.\u00a0<\/span><\/li>\n<li><span style=\"font-weight: 400\">\u0102n nhi\u1ec1u d\u1ee9a gi\u00fap ch\u1eafc x\u01b0\u01a1ng, gi\u1ea3m vi\u00eam kh\u1edbp v\u00e0 gi\u1ea3m c\u00e2n, ch\u1ed1ng ung th\u01b0.<\/span><\/li>\n<\/ul>\n<p><span style=\"font-weight: 400\">Theo c\u00e1c chuy\u00ean gia, D\u1ee9a l\u00e0 lo\u1ea1i tr\u00e1i c\u00e2y nhi\u1ec1u n\u01b0\u1edbc, t\u00ednh b\u00ecnh, nhi\u1ec1u vitamin C, l\u1ee3i cho h\u1ec7 ti\u00eau h\u00f3a nh\u1edd c\u00f3 th\u00e0nh ph\u1ea7n men l\u00e0m th\u1ee9c \u0103n d\u1ec5 ti\u00eau, gi\u00fap d\u1ea1 d\u00e0y ph\u00e2n h\u1ee7y protein\u2026<\/span><\/p>\n<h4><span style=\"font-weight: 400\">V\u00f9ng Nguy\u00ean Li\u1ec7u &amp; ti\u00eau chu\u1ea9n \u0111\u1ea7u v\u00e0o\u00a0<\/span><\/h4>\n<ul>\n<li><span style=\"font-weight: 400\">T\u1eeb nh\u1eefng qu\u1ea3 D\u1ee9a L\u1ee5c Nam m\u1eabu m\u00e3 \u0111\u1eb9p, qu\u1ea3 to \u0111\u1ec1u, m\u00e0u v\u00e0ng c\u00f3 v\u1ecb ng\u1ecdt s\u1eafc v\u00e0 th\u01a1m \u0111\u01b0\u1ee3c tuy\u1ec3n ch\u1ecdn t\u1eeb v\u00f9ng nguy\u00ean li\u1ec7u huy\u1ec7n L\u1ee5c Nam, t\u1ec9nh B\u1eafc Giang.<\/span><\/li>\n<li><span style=\"font-weight: 400\">M\u00e0u s\u1eafc: V\u00e0ng T\u01b0\u01a1i<\/span><\/li>\n<li><span style=\"font-weight: 400\">S\u1ed1 l\u00e1t : 8-9 l\u00e1t\/lon<\/span><\/li>\n<\/ul>\n<p><img fetchpriority=\"high\" decoding=\"async\" class=\"aligncenter\" src=\"https:\/\/havamall.com\/wp-content\/uploads\/2020\/07\/2308_dua.jpg\" alt=\"H\u01b0\u1edbng d\u1eabn c\u00e1ch l\u00e0m m\u00f3n c\u00e1 b\u1ed1ng t\u01b0\u1ee3ng kho d\u1ee9a h\u1ea5p d\u1eabn\" width=\"686\" height=\"646\" \/><\/p>\n<ul>\n<li><span style=\"font-weight: 400\">\u0110\u01b0\u1eddng k\u00ednh ngo\u00e0i 73 &#8211; 80 mm \u0110\u01b0\u1eddng k\u00ednh trong: 19-21 mm<\/span><\/li>\n<li><span style=\"font-weight: 400\">\u0110\u1ed9 d\u00e0y c\u01a1m 8 &#8211; 10 mmv M\u00f9i h\u01b0\u01a1ng t\u1ef1 nhi\u00ean v\u00e0 \u0111\u1eb7c tr\u01b0ng c\u1ee7a qu\u1ea3 D\u1ee9a,kh\u00f4ng c\u00f3 m\u00f9i l\u1ea1 (m\u1ed1c, ch\u00e1y, th\u1ed1i\u2026)<\/span><\/li>\n<li><span style=\"font-weight: 400\">T\u1ef7 l\u1ec7 l\u00e1t kh\u00f4ng \u0111\u1ea1t &lt; 3%<\/span><\/li>\n<\/ul>","protected":false},"excerpt":{"rendered":"<ul>\n<li><span style=\"font-weight: 400\">T\u1eeb nh\u1eefng qu\u1ea3 D\u1ee9a L\u1ee5c Nam m\u1eabu m\u00e3 \u0111\u1eb9p, qu\u1ea3 to \u0111\u1ec1u, m\u00e0u v\u00e0ng c\u00f3 v\u1ecb ng\u1ecdt s\u1eafc v\u00e0 th\u01a1m \u0111\u01b0\u1ee3c tuy\u1ec3n ch\u1ecdn t\u1eeb v\u00f9ng nguy\u00ean li\u1ec7u huy\u1ec7n L\u1ee5c Nam, t\u1ec9nh B\u1eafc Giang.<\/span><\/li>\n<li><span style=\"font-weight: 400\">M\u00e0u s\u1eafc: V\u00e0ng T\u01b0\u01a1i<\/span><\/li>\n<li><span style=\"font-weight: 400\">S\u1ed1 l\u00e1t : 8-9 l\u00e1t\/lon<\/span><\/li>\n<li><span style=\"font-weight: 400\">\u0110\u01b0\u1eddng k\u00ednh ngo\u00e0i 73 &#8211; 80 mm \u0110\u01b0\u1eddng k\u00ednh trong: 19-21 mm<\/span><\/li>\n<li><span style=\"font-weight: 400\">\u0110\u1ed9 d\u00e0y c\u01a1m 8 &#8211; 10 mmv M\u00f9i h\u01b0\u01a1ng t\u1ef1 nhi\u00ean v\u00e0 \u0111\u1eb7c tr\u01b0ng c\u1ee7a qu\u1ea3 D\u1ee9a,kh\u00f4ng c\u00f3 m\u00f9i l\u1ea1 (m\u1ed1c, ch\u00e1y, th\u1ed1i\u2026)<\/span><\/li>\n<li><span style=\"font-weight: 400\">T\u1ef7 l\u1ec7 l\u00e1t kh\u00f4ng \u0111\u1ea1t &lt; 3%<\/span><\/li>\n<li><\/li>\n<\/ul>","protected":false},"featured_media":15345,"comment_status":"open","ping_status":"closed","template":"","meta":[],"product_brand":[],"product_cat":[36,143],"product_tag":[],"class_list":{"0":"post-15319","1":"product","2":"type-product","3":"status-publish","4":"has-post-thumbnail","6":"product_cat-thuc-pham-tieu-dung","7":"product_cat-thuc-pham-dong-hop","8":"pa_brand-bann-mai","10":"first","11":"outofstock","12":"sale","13":"shipping-taxable","14":"purchasable","15":"product-type-simple"},"_links":{"self":[{"href":"https:\/\/havamall.com\/en\/wp-json\/wp\/v2\/product\/15319","targetHints":{"allow":["GET"]}}],"collection":[{"href":"https:\/\/havamall.com\/en\/wp-json\/wp\/v2\/product"}],"about":[{"href":"https:\/\/havamall.com\/en\/wp-json\/wp\/v2\/types\/product"}],"replies":[{"embeddable":true,"href":"https:\/\/havamall.com\/en\/wp-json\/wp\/v2\/comments?post=15319"}],"version-history":[{"count":0,"href":"https:\/\/havamall.com\/en\/wp-json\/wp\/v2\/product\/15319\/revisions"}],"wp:featuredmedia":[{"embeddable":true,"href":"https:\/\/havamall.com\/en\/wp-json\/wp\/v2\/media\/15345"}],"wp:attachment":[{"href":"https:\/\/havamall.com\/en\/wp-json\/wp\/v2\/media?parent=15319"}],"wp:term":[{"taxonomy":"product_brand","embeddable":true,"href":"https:\/\/havamall.com\/en\/wp-json\/wp\/v2\/product_brand?post=15319"},{"taxonomy":"product_cat","embeddable":true,"href":"https:\/\/havamall.com\/en\/wp-json\/wp\/v2\/product_cat?post=15319"},{"taxonomy":"product_tag","embeddable":true,"href":"https:\/\/havamall.com\/en\/wp-json\/wp\/v2\/product_tag?post=15319"}],"curies":[{"name":"wp","href":"https:\/\/api.w.org\/{rel}","templated":true}]}}