{"id":15340,"date":"2020-07-21T13:54:30","date_gmt":"2020-07-21T06:54:30","guid":{"rendered":"https:\/\/havamall.com\/?post_type=product&#038;p=15340"},"modified":"2022-03-08T16:12:04","modified_gmt":"2022-03-08T09:12:04","slug":"cu-nang-cat-hat-luu-dong-hop-baan-mai-560g-water-chesnuts-in-syrup-2","status":"publish","type":"product","link":"https:\/\/havamall.com\/en\/shop\/cu-nang-cat-hat-luu-dong-hop-baan-mai-560g-water-chesnuts-in-syrup-2\/","title":{"rendered":"C\u1ee7 N\u0103ng C\u1eaft H\u1ea1t L\u1ef1u \u0110\u00f3ng H\u1ed9p Baan Mai 560g &#8211; Water Chesnuts In Syrup"},"content":{"rendered":"<h1><strong>\u0110\u1eb7c \u0111i\u1ec3m th\u01b0\u01a1ng hi\u1ec7u<\/strong><\/h1>\n<p><strong>Baan Mai<\/strong>\u00a0l\u00e0 th\u01b0\u01a1ng hi\u1ec7u h\u00e0ng Vi\u1ec7t Nam ch\u1ea5t l\u01b0\u1ee3ng cao, v\u1edbi c\u00e1c m\u1eb7t h\u00e0ng thu\u1ed9c c\u00e2y nh\u00e0 l\u00e1 v\u01b0\u1eddn, v\u1edbi quy tr\u00ecnh gieo tr\u00f4ng v\u00e0 ch\u0103m s\u00f3c ch\u00ednh b\u1edfi ng\u01b0\u1eddi n\u00f4ng d\u00e2n ch\u1ea5t ph\u00e1c Vi\u1ec7t Nam, h\u1ecdc h\u1ecfi c\u00e1c k\u0129 thu\u1eadt t\u1eeb c\u00e1c n\u01b0\u1edbc ph\u00e1t tri\u1ec3n. Baan Mai cam k\u1ebft c\u00e1c s\u1ea3n ph\u1ea9m tr\u00e1i c\u00e2y \u0111\u00f3ng h\u1ed9p \u0111\u1ec1u kh\u00f4ng ch\u1ee9a ch\u1ea5t \u0111\u1ed9c h\u1ea1i, kh\u00f4ng ch\u1ee9a h\u00f3a ch\u1ea5t k\u00edch th\u00edch t\u0103ng tr\u01b0\u1edfng, \u0111em \u0111\u1ebfn cho qu\u00fd kh\u00e1ch nh\u1eefng s\u1ea3n ph\u1ea9m ch\u1ea5t l\u01b0\u1ee3ng theo \u0111\u00fang chu\u1ea9n v\u1edbi gi\u00e1 c\u1ea3 ph\u1ea3i ch\u0103ng. M\u1ee5c ti\u00eau v\u00e0 h\u01b0\u1edbng \u0111i d\u00e0i h\u1ea1n c\u1ee7a th\u01b0\u01a1ng hi\u1ec7u nh\u1eafm t\u1edbi k\u00edch c\u1ea7u xu h\u01b0\u1edbng mua h\u00e0ng th\u1ef1c ph\u1ea9m n\u1ed9i \u0111\u1ecba c\u1ee7a ng\u01b0\u1eddi Vi\u1ec7t Nam \u201cNg\u01b0\u1eddi Vi\u1ec7t x\u00e0i h\u00e0ng Vi\u1ec7t\u201d v\u1ed1n \u0111ang d\u1ea7n m\u1ea5t \u0111i.<\/p>\n<p><img decoding=\"async\" class=\"aligncenter\" src=\"https:\/\/scontent.fsgn2-2.fna.fbcdn.net\/v\/t1.0-9\/13406840_484717295060131_8022529457637249720_n.jpg?_nc_cat=103&amp;_nc_sid=7aed08&amp;_nc_ohc=HJfDUis5r7gAX91hUNs&amp;_nc_ht=scontent.fsgn2-2.fna&amp;oh=50267355f7d642514c71a02b890e84b3&amp;oe=5F3A404A\" alt=\"Trong h\u00ecnh \u1ea3nh c\u00f3 th\u1ec3 c\u00f3: v\u0103n b\u1ea3n\" \/><\/p>\n<p>Sau m\u1ed9t th\u1eddi gian ho\u1ea1t \u0111\u1ed9ng, Baan Mai \u0111\u00e3 c\u00f3 nh\u1eefng b\u01b0\u1edbc ti\u1ebfn \u0111\u00e1ng k\u1ec3 c\u1ea3 v\u1ec1 ch\u1ea5t l\u01b0\u1ee3ng v\u00e0 h\u00ecnh th\u1ee9c. S\u1ed1 l\u01b0\u1ee3ng kh\u00e1ch h\u00e0ng th\u00e2n thi\u1ebft s\u1eed d\u1ee5ng s\u1ea3n ph\u1ea9m t\u0103ng l\u00ean \u0111\u00e1ng k\u1ec3.\u00a0Baan Mai h\u1ee9a h\u1eb9n s\u1ebd d\u1eabn \u0111\u1ea7u th\u1ecb tr\u01b0\u1eddng th\u01b0\u01a1ng hi\u1ec7u tr\u00e1i c\u00e2y \u0111\u00f3ng lon t\u1ea1i Vi\u1ec7t Nam n\u00f3i ri\u00eang v\u00e0 m\u1edf r\u1ed9ng th\u1ecb tr\u01b0\u1eddng ra Ch\u00e2u \u00c1 n\u00f3i chung.<\/p>\n<h1><strong>\u0110\u1eb7c \u0111i\u1ec3m n\u1ed5i b\u1eadt c\u1ee7a s\u1ea3n ph\u1ea9m<\/strong><\/h1>\n<p><span style=\"font-weight: 400\">Ch\u1ec9 c\u1ea7n l\u1ea5y c\u1ee7 n\u0103ng t\u1eeb trong h\u1ed9p, cho th\u00eam \u00edt \u0111\u00e1 xay (\u0111\u1eadp) nhuy\u1ec5n l\u00e0 b\u1ea1n c\u00f3 th\u1ec3 th\u01b0\u1edfng th\u1ee9c r\u1ed3i. L\u00e0m th\u1ea1ch c\u1ee7 n\u0103ng v\u00e0 l\u00e0m topping tr\u00e0 s\u1eefa.<\/span><\/p>\n<p><span style=\"font-weight: 400\">C\u1ee7 n\u0103ng \u0111\u00f3ng h\u1ed9p Baan Mai gi\u00f2n dai mang \u0111\u1ebfn h\u01b0\u01a1ng v\u1ecb ng\u1ecdt b\u00e9o th\u01a1m ngon v\u00e0 l\u00e0 m\u1ed9t m\u00f3n \u0103n m\u00f3n gi\u1ea3i kh\u00e1t gi\u00e0u dinh d\u01b0\u1ee1ng. \u0110\u00e2y l\u00e0 m\u1ed9t lo\u1ea1i th\u1ef1c ph\u1ea9m b\u1ed5 d\u01b0\u1ee1ng c\u00f3 kh\u1ea3 n\u0103ng h\u1ed7 tr\u1ee3 tr\u1ecb li\u1ec7u \u0111\u1ed1i v\u1edbi c\u00e1c b\u1ec7nh tim m\u1ea1ch, \u0111\u00e1i th\u00e1o \u0111\u01b0\u1eddng, gi\u1ea3m nguy c\u01a1 s\u1ecfi th\u1eadn, ph\u1ee5c h\u1ed3i nhanh s\u1ee9c kh\u1ecfe \u0111\u01b0\u1eddng ru\u1ed9t b\u1edfi ch\u1ea5t x\u01a1 v\u00e0 tinh b\u1ed9t c\u1ee7 n\u0103ng thu\u1ed9c lo\u1ea1i ti\u00eau h\u00f3a ch\u1eadm.<\/span><\/p>\n<p><img fetchpriority=\"high\" decoding=\"async\" class=\"aligncenter\" src=\"https:\/\/havamall.com\/wp-content\/uploads\/2020\/07\/cu-nang.jpg\" alt=\"C\u1ee7 N\u0103ng L\u00e0 G\u00ec? C\u1ee7 N\u0103ng C\u00f3 T\u00e1c D\u1ee5ng Nh\u01b0 Th\u1ebf N\u00e0o?\" width=\"769\" height=\"496\" \/><\/p>\n<p><span style=\"font-weight: 400\">C\u1ee7 n\u0103ng c\u1eaft h\u1ea1t l\u1ef1u \u0111\u00f3ng h\u1ed9p Ban Mai r\u1ea5t ti\u1ec7n d\u1ee5ng, \u0111\u01a1n gi\u1ea3n kh\u00f4ng t\u1ed1n qu\u00e1 nhi\u1ec1u th\u1eddi gian \u0111\u1ec3 g\u1ecdt r\u1eeda v\u00e0 c\u1eaft, c\u00f3 th\u1ec3 s\u1eed d\u1ee5ng ngay sau khi m\u1edf h\u1ed9p.<\/span><\/p>\n<ul>\n<li><span style=\"font-weight: 400\">Xu\u1ea5t x\u1ee9: Vi\u1ec7t Nam<\/span><\/li>\n<li><span style=\"font-weight: 400\">Kh\u1ed1i l\u01b0\u1ee3ng t\u1ecbnh: 560g<\/span><\/li>\n<li><span style=\"font-weight: 400\">Kh\u1ed1i l\u01b0\u1ee3ng c\u00e1i: 250g<\/span><\/li>\n<li><span style=\"font-weight: 400\">H\u1ea1n s\u1eed d\u1ee5ng: 24 th\u00e1ng<\/span><\/li>\n<li><span style=\"font-weight: 400\">H\u01b0\u1edbng d\u1eabn s\u1eed d\u1ee5ng: S\u1ea3n ph\u1ea9m c\u00f3 th\u1ec3 d\u00f9ng \u0103n ngay ho\u1eb7c ch\u1ebf bi\u1ebfn th\u00e0nh c\u00e1c m\u00f3n \u0103n kh\u00e1c t\u00f9y \u00fd<\/span><\/li>\n<li><span style=\"font-weight: 400\">B\u1ea3o qu\u1ea3n: B\u1ea3o qu\u1ea3n s\u1ea3n ph\u1ea9m n\u01a1i kh\u00f4 r\u00e1o, tho\u00e1ng, nhi\u1ec7t \u0111\u1ed9 th\u01b0\u1eddng. B\u1ea3o qu\u1ea3n l\u1ea1nh sau khi m\u1edf n\u1eafp<\/span><\/li>\n<\/ul>\n<p><img decoding=\"async\" class=\"aligncenter\" src=\"https:\/\/havamall.com\/wp-content\/uploads\/2020\/07\/maxresdefault.jpg\" alt=\"C\u00e1ch l\u00e0m ch\u00e8 s\u01b0\u01a1ng sa h\u1ea1t l\u1ef1u - Savoury Days\" \/><\/p>\n<ul>\n<li><span style=\"font-weight: 400\">M\u00e0u s\u1eafc: Tr\u1eafng s\u00e1ng t\u1ef1 nhi\u00ean kh\u00f4ng ph\u1ea9m m\u00e0u<\/span><\/li>\n<li><span style=\"font-weight: 400\">C\u1ee7 N\u0103ng \u0111\u01b0\u1ee3c tuy\u1ec3n ch\u1ecdn v\u1eeba size, ph\u00e2n lo\u1ea1i c\u1ee7 ngay t\u1eeb v\u00f9ng nguy\u00ean li\u1ec7u huy\u1ec7n \u0110\u01a1n D\u01b0\u01a1ng, t\u1ec9nh L\u00e2m \u0110\u1ed3ng<\/span><\/li>\n<li><span style=\"font-weight: 400\">M\u00f9i h\u01b0\u01a1ng thanh d\u1ecbu \u0111\u1ebfn t\u1eeb t\u1ef1 nhi\u00ean, cam k\u1ebft kh\u00f4ng s\u1eed d\u1ee5ng h\u01b0\u01a1ng li\u1ec7u<\/span><\/li>\n<\/ul>\n<h3><strong>Nh\u1eefng l\u1ee3i \u00edch c\u1ee7a c\u1ee7 n\u0103ng<\/strong><\/h3>\n<p><span style=\"font-weight: 400\">C\u1ee7 n\u0103ng r\u1ea5t b\u1ed5 d\u01b0\u1ee1ng nh\u01b0ng \u00edt calo. Ch\u1ee9a m\u1ed9t s\u1ed1 ch\u1ea5t ch\u1ed1ng oxy h\u00f3a cao gi\u00fap gi\u1ea3m huy\u1ebft \u00e1p v\u00e0 gi\u1ea3m nguy c\u01a1 m\u1eafc b\u1ec7nh tim, gi\u00fap b\u1ea1n no l\u00e2u h\u01a1n, gi\u1ea3m nguy c\u01a1 b\u1ecb stress oxy h\u00f3a v\u00e0 ch\u1ed1ng l\u1ea1i s\u1ef1 ph\u00e1t tri\u1ec3n c\u1ee7a ung th\u01b0.<\/span><\/p>\n<p><span style=\"font-weight: 400\">H\u00e0m l\u01b0\u1ee3ng \u0111\u01b0\u1eddng trong C\u1ee7 N\u0103ng Th\u1ea5p 17% l\u00e0m b\u1eb1ng \u0111\u01b0\u1eddng c\u00e1t t\u1ef1 nhi\u00ean.<\/span><\/p>\n<p><span style=\"font-weight: 400\">C\u1ee7 n\u0103ng c\u00f3 kh\u1ea3 n\u0103ng thanh nhi\u1ec7t gi\u1ea3i \u0111\u1ed9c cho c\u01a1 th\u1ec3 v\u00f4 c\u00f9ng hi\u1ec7u qu\u1ea3. B\u1ea1n c\u00f3 th\u1ec3 ch\u1ebf bi\u1ebfn th\u00e0nh nh\u1eefng m\u00f3n \u0103n nh\u01b0: l\u1ea5y c\u1ee7 th\u00e1i nh\u1ecf, n\u1ea5u v\u1edbi b\u1ed9t \u0111\u1eadu xanh l\u00e0m ch\u00e8 l\u1ee5c t\u00e0u x\u00e1 ho\u1eb7c h\u1ea7m v\u1edbi d\u1ea1 d\u00e0y l\u1ee3n \u0111\u1ec3 thanh nhi\u1ec7t, b\u1ed5 d\u01b0\u1ee1ng, ti\u00eau t\u00edch, gi\u1ea3i \u0111\u1ed9c v\u00e0 d\u00f9ng d\u1ea1ng b\u1ed9t v\u1edbi t\u00e1c d\u1ee5ng m\u00e1t gan, d\u1ea1 d\u00e0y v\u00e0 ru\u1ed9t.<\/span><\/p>\n<p><img decoding=\"async\" class=\"aligncenter\" src=\"https:\/\/havamall.com\/wp-content\/uploads\/-000\/\/1\/8(8).png\" alt=\"Ph\u00e1t s\u1ed1t TI\u1ec6C KHAI TR\u01af\u01a0NG h\u00e0ng T\u00c0U H\u0168 - TR\u00c0 S\u1eeeA TH\u1ea0CH T\u00c1 L\u1ea2 | B\u00e0i ...\" \/><\/p>\n<p><span style=\"font-weight: 400\">C\u00f3 kh\u1ea3 n\u0103ng gi\u1ea3i r\u01b0\u1ee3u, v\u1edbi nh\u1eefng ng\u01b0\u1eddi s\u1eed d\u1ee5ng qu\u00e1 nhi\u1ec1u r\u01b0\u1ee3u bia, th\u00ec th\u01b0\u1eddng g\u1eb7p ph\u1ea3i t\u00ecnh tr\u1ea1ng n\u00f3ng b\u1ee5ng, n\u00ean r\u1ea5t kh\u00f3 ch\u1ecbu. V\u00e0 l\u00fac n\u00e0y, c\u1ee7 n\u0103ng ch\u00ednh l\u00e0 ph\u01b0\u01a1ng ph\u00e1p tuy\u1ec7t v\u1eddi nh\u1ea5t m\u00e0 b\u1ea1n n\u00ean l\u1ef1a ch\u1ecdn. C\u00e1ch l\u00e0m h\u1ebft s\u1ee9c \u0111\u01a1n gi\u1ea3n, ch\u1ec9 c\u1ea7n ti\u1ebfn h\u00e0nh \u00e9p l\u1ea5y ph\u1ea7n n\u01b0\u1edbc cho th\u00eam \u00edt chanh v\u00e0 m\u1ed9t ch\u00fat mu\u1ed1i gi\u00fap h\u1ea1n ch\u1ebf ch\u1ea5t \u0111\u1ed9c c\u1ee7a r\u01b0\u1ee3u v\u00e0o c\u01a1 th\u1ec3 v\u00e0 ch\u1ed1ng n\u00f3ng trong ng\u01b0\u1eddi.<\/span><\/p>\n<p><span style=\"font-weight: 400\">Ng\u1eeba b\u1ec7nh tim m\u1ea1ch: C\u1ee7 n\u0103ng ch\u1ee9a nhi\u1ec1u acid b\u00e9o thi\u1ebft y\u1ebfu nh\u01b0 linoleic acid, t\u1ed1t cho s\u1ee9c kh\u1ecfe tim m\u1ea1ch v\u00e0 ph\u00e1t tri\u1ec3n th\u1ea7n kinh \u1edf tr\u1ebb nh\u1ecf.<\/span><\/p>\n<p><span style=\"font-weight: 400\">T\u1ed1t cho \u0111\u01b0\u1eddng ru\u1ed9t: Ch\u1ea5t x\u01a1 v\u00e0 tinh b\u1ed9t c\u1ee7a c\u1ee7 n\u0103ng thu\u1ed9c lo\u1ea1i ti\u00eau h\u00f3a ch\u1eadm, gi\u00fap t\u0103ng c\u01b0\u1eddng s\u1ee9c kh\u1ecfe \u0111\u01b0\u1eddng ru\u1ed9t, c\u1ea3i thi\u1ec7n c\u00e1c v\u1ea5n \u0111\u1ec1 v\u1ec1 ti\u00eau h\u00f3a.<\/span><\/p>","protected":false},"excerpt":{"rendered":"<ul>\n<li><span style=\"font-weight: 400\">Xu\u1ea5t x\u1ee9: Vi\u1ec7t Nam<\/span><\/li>\n<li><span style=\"font-weight: 400\">Kh\u1ed1i l\u01b0\u1ee3ng t\u1ecbnh: 560g<\/span><\/li>\n<li><span style=\"font-weight: 400\">Kh\u1ed1i l\u01b0\u1ee3ng c\u00e1i: 250g<\/span><\/li>\n<li><span style=\"font-weight: 400\">H\u1ea1n s\u1eed d\u1ee5ng: 24 th\u00e1ng<\/span><\/li>\n<li><span style=\"font-weight: 400\">H\u01b0\u1edbng d\u1eabn s\u1eed d\u1ee5ng: S\u1ea3n ph\u1ea9m c\u00f3 th\u1ec3 d\u00f9ng \u0103n ngay ho\u1eb7c ch\u1ebf bi\u1ebfn th\u00e0nh c\u00e1c m\u00f3n \u0103n kh\u00e1c t\u00f9y \u00fd<\/span><\/li>\n<li><span style=\"font-weight: 400\">B\u1ea3o qu\u1ea3n: B\u1ea3o qu\u1ea3n s\u1ea3n ph\u1ea9m n\u01a1i kh\u00f4 r\u00e1o, tho\u00e1ng, nhi\u1ec7t \u0111\u1ed9 th\u01b0\u1eddng. B\u1ea3o qu\u1ea3n l\u1ea1nh sau khi m\u1edf n\u1eafp<\/span><\/li>\n<\/ul>","protected":false},"featured_media":15354,"comment_status":"open","ping_status":"closed","template":"","meta":[],"product_brand":[],"product_cat":[36,143],"product_tag":[],"class_list":{"0":"post-15340","1":"product","2":"type-product","3":"status-publish","4":"has-post-thumbnail","6":"product_cat-thuc-pham-tieu-dung","7":"product_cat-thuc-pham-dong-hop","8":"pa_brand-bann-mai","10":"first","11":"outofstock","12":"sale","13":"shipping-taxable","14":"purchasable","15":"product-type-simple"},"_links":{"self":[{"href":"https:\/\/havamall.com\/en\/wp-json\/wp\/v2\/product\/15340","targetHints":{"allow":["GET"]}}],"collection":[{"href":"https:\/\/havamall.com\/en\/wp-json\/wp\/v2\/product"}],"about":[{"href":"https:\/\/havamall.com\/en\/wp-json\/wp\/v2\/types\/product"}],"replies":[{"embeddable":true,"href":"https:\/\/havamall.com\/en\/wp-json\/wp\/v2\/comments?post=15340"}],"version-history":[{"count":0,"href":"https:\/\/havamall.com\/en\/wp-json\/wp\/v2\/product\/15340\/revisions"}],"wp:featuredmedia":[{"embeddable":true,"href":"https:\/\/havamall.com\/en\/wp-json\/wp\/v2\/media\/15354"}],"wp:attachment":[{"href":"https:\/\/havamall.com\/en\/wp-json\/wp\/v2\/media?parent=15340"}],"wp:term":[{"taxonomy":"product_brand","embeddable":true,"href":"https:\/\/havamall.com\/en\/wp-json\/wp\/v2\/product_brand?post=15340"},{"taxonomy":"product_cat","embeddable":true,"href":"https:\/\/havamall.com\/en\/wp-json\/wp\/v2\/product_cat?post=15340"},{"taxonomy":"product_tag","embeddable":true,"href":"https:\/\/havamall.com\/en\/wp-json\/wp\/v2\/product_tag?post=15340"}],"curies":[{"name":"wp","href":"https:\/\/api.w.org\/{rel}","templated":true}]}}