{"id":15386,"date":"2020-07-22T17:05:29","date_gmt":"2020-07-22T10:05:29","guid":{"rendered":"https:\/\/havamall.com\/?post_type=product&#038;p=15386"},"modified":"2025-03-24T09:58:27","modified_gmt":"2025-03-24T02:58:27","slug":"sup-lo-xanh-say-gion-dja-33g-dja-crispy-broccoli-florets-33g","status":"publish","type":"product","link":"https:\/\/havamall.com\/en\/shop\/sup-lo-xanh-say-gion-dja-33g-dja-crispy-broccoli-florets-33g\/","title":{"rendered":"S\u00fap L\u01a1 Xanh S\u1ea5y Gi\u00f2n DJ&amp;A 25g &#8211; DJ&amp;A Crispy Broccoli Florets 25g"},"content":{"rendered":"<h2><strong>\u0110\u1eb7c \u0111i\u1ec3m s\u1ea3n ph\u1ea9m<\/strong><\/h2>\n<p><span style=\"font-weight: 400\">S\u00fap L\u01a1 Xanh S\u1ea5y Gi\u00f2n DJ&amp;A G\u00f3i 25g l\u00e0 s\u1ea3n ph\u1ea9m ho\u00e0n to\u00e0n t\u1ef1 nhi\u00ean v\u00e0 thu\u1ea7n chay th\u00e2n thi\u1ec7n, kh\u00f4ng ch\u1ee9a b\u1ed9t ng\u1ecdt, kh\u00f4ng c\u00f3 rau bi\u1ebfn \u0111\u1ed5i gen, kh\u00f4ng c\u00f3 m\u00e0u nh\u00e2n t\u1ea1o, h\u01b0\u01a1ng v\u1ecb ho\u1eb7c ch\u1ea5t b\u1ea3o qu\u1ea3n.<\/span><\/p>\n<p><span style=\"font-weight: 400\">Nh\u1edd c\u00f4ng ngh\u1ec7 s\u1ea5y hi\u1ec7n \u0111\u1ea1i c\u1ee7a Australia m\u00e0 m\u00f9i v\u1ecb, h\u01b0\u01a1ng v\u1ecb v\u00e0 dinh d\u01b0\u1ee1ng h\u1ea7u nh\u01b0 \u0111\u01b0\u1ee3c gi\u1eef nguy\u00ean so v\u1edbi s\u1ea3n ph\u1ea9m t\u01b0\u01a1i&#8230;<\/span><\/p>\n<ul>\n<li style=\"font-weight: 400\"><span style=\"font-weight: 400\">Xu\u1ea5t x\u1ee9: \u00dac<\/span><\/li>\n<li style=\"font-weight: 400\"><span style=\"font-weight: 400\">Kh\u1ed1i l\u01b0\u1ee3ng t\u1ecbnh: 25g<\/span><\/li>\n<li style=\"font-weight: 400\"><span style=\"font-weight: 400\">Th\u00e0nh ph\u1ea7n: 100% s\u00fap l\u01a1 xanh<\/span><\/li>\n<li style=\"font-weight: 400\"><span style=\"font-weight: 400\">HDSD: D\u00f9ng ngay sau khi m\u1edf bao b\u00ec, h\u1ea1n s\u1eed d\u1ee5ng coi tr\u00ean bao b\u00ec s\u1ea3n ph\u1ea9m<\/span><\/li>\n<li style=\"font-weight: 400\"><span style=\"font-weight: 400\">HDBQ: B\u1ea3o qu\u1ea3n n\u01a1i kh\u00f4 r\u00e1o, tho\u00e1ng m\u00e1t, tr\u00e1nh \u00e1nh n\u1eafng tr\u1ef1c ti\u1ebfp<\/span><\/li>\n<\/ul>\n<p><img fetchpriority=\"high\" decoding=\"async\" class=\"aligncenter\" src=\"https:\/\/scontent.fvca1-1.fna.fbcdn.net\/v\/t1.6435-9\/147926917_248971016931663_3537687903805338559_n.jpg?_nc_cat=105&amp;ccb=1-3&amp;_nc_sid=a26aad&amp;_nc_ohc=KZ8jsJ0Hc_UAX8xHl_M&amp;_nc_ht=scontent.fvca1-1.fna&amp;oh=7633e66710f4ebaf42376a742a71da77&amp;oe=6092317B\" alt=\"C\u00f3 th\u1ec3 l\u00e0 h\u00ecnh \u1ea3nh v\u1ec1 th\u1ef1c ph\u1ea9m v\u00e0 v\u0103n b\u1ea3n cho bi\u1ebft 'DJ&amp;A CRISPY BROCCOLI FLORETS LIGHTLY COOKED LIGHTLYCOOKED&amp;SEASONED &amp; SEASONED LOW TEMPERATUR COOKED URAL SNACK NO ADDEDMSG MSC TARY FIBRE OPR'\" width=\"694\" height=\"694\" \/><\/p>\n<p><span style=\"font-weight: 400\">S\u00fap l\u01a1 xanh thu\u1ed9c h\u1ecd rau c\u1ea3i. Nh\u00f3m th\u1ef1c v\u1eadt n\u00e0y cung c\u1ea5p m\u1ed9t l\u01b0\u1ee3ng l\u1edbn c\u00e1c ch\u1ea5t dinh d\u01b0\u1ee1ng v\u1edbi m\u1ed9t l\u01b0\u1ee3ng calo kh\u00e1 th\u1ea5p. Trong s\u00fap l\u01a1 xanh c\u00f2n ch\u1ee9a nhi\u1ec1u vitamin v\u00e0 kho\u00e1ng ch\u1ea5t bao g\u1ed3m vitamin C, vitamin K1, folate (B9), kali, mangan, s\u1eaft\u2026 v\u00e0 c\u00e1c h\u1ee3p ch\u1ea5t ch\u1ed1ng oxy h\u00f3a nh\u01b0: sulforaphane, carotenoid, kaempferol, quercetin.V\u00ec v\u1eady n\u1ebfu nh\u01b0 b\u1ea1n \u0111ang l\u00ean m\u1ed9t th\u1ef1c \u0111\u01a1n l\u00e0nh m\u1ea1nh, ho\u1eb7c c\u1ed1 g\u1eafng \u0103n ki\u00eang th\u00ec s\u00fap l\u01a1 xanh s\u1ebd l\u00e0 m\u1ed9t l\u1ef1a ch\u1ecdn h\u1ee3p l\u00fd cho ch\u1ebf \u0111\u1ed9 \u0103n c\u1ee7a b\u1ea1n.<\/span><\/p>\n<ul>\n<li><span style=\"font-weight: 400\">S\u00fap l\u01a1 xanh s\u1ea5y th\u01a1m ngon, gi\u00f2n r\u1ee5m, \u0103n ho\u00e0i kh\u00f4ng ng\u00e1n<\/span><\/li>\n<li><span style=\"font-weight: 400\">S\u00fap l\u01a1 xanh gi\u00fap c\u1ea3i thi\u1ec7n \u0111\u00e1ng k\u1ec3 huy\u1ebft \u00e1p v\u00e0 ch\u1ee9c n\u0103ng th\u1eadn<\/span><\/li>\n<li><span style=\"font-weight: 400\">Ch\u1ed1ng oxy h\u00f3a m\u1ea1nh m\u1ebd<\/span><\/li>\n<li><span style=\"font-weight: 400\">Ti\u00eau di\u1ec7t t\u1ebf b\u00e0o ung th\u01b0<\/span><\/li>\n<li><span style=\"font-weight: 400\">Gi\u1ea3m c\u0103ng th\u1eb3ng<\/span><\/li>\n<li><span style=\"font-weight: 400\">L\u00e0m ch\u1eadm s\u1ef1 suy gi\u1ea3m h\u1ec7 th\u1ed1ng mi\u1ec5n d\u1ecbch c\u1ee7a c\u01a1 th\u1ec3<\/span><\/li>\n<li><span style=\"font-weight: 400\">Tr\u00e1i c\u00e2y c\u00e2y rau c\u1ee7 s\u1ea5y gi\u00f2n r\u1ee5m, th\u01a1m, \u0111\u1eadm v\u1ecb, ho\u00e0n to\u00e0n t\u1ef1 nhi\u00ean<\/span><\/li>\n<li><span style=\"font-weight: 400\">Kh\u00f4ng ch\u1ee9a Gluten, \u0111\u01b0\u1eddng, r\u1ea5t \u00edt mu\u1ed1i<\/span><\/li>\n<li><span style=\"font-weight: 400\">S\u1ea3n ph\u1ea9m ho\u00e0n to\u00e0n t\u1ef1 nhi\u00ean, ph\u00f9 h\u1ee3p c\u1ea3 v\u1edbi ng\u01b0\u1eddi \u0103n chay\u00a0<\/span><\/li>\n<li><span style=\"font-weight: 400\">S\u1ea3n ph\u1ea9m kh\u00f4ng ch\u1ee9a b\u1ed9t ng\u1ecdt, th\u1ef1c ph\u1ea9m bi\u1ebfn \u0111\u1ed5i gen, m\u00e0u nh\u00e2n t\u1ea1o v\u00e0 ch\u1ea5t b\u1ea3o qu\u1ea3n<\/span><\/li>\n<\/ul>\n<p><img decoding=\"async\" class=\"aligncenter\" src=\"https:\/\/scontent.fvca1-1.fna.fbcdn.net\/v\/t1.6435-9\/72983517_481782865767520_9020921378898968576_n.jpg?_nc_cat=102&amp;ccb=1-3&amp;_nc_sid=730e14&amp;_nc_ohc=zQOGHEi1HIAAX_pTuv0&amp;_nc_ht=scontent.fvca1-1.fna&amp;oh=813f234a531328450b6817cf3cf2930a&amp;oe=608FF92E\" alt=\"Kh\u00f4ng c\u00f3 m\u00f4 t\u1ea3 \u1ea3nh.\" width=\"685\" height=\"685\" \/><\/p>\n<h2><strong>C\u00e1c c\u00f4ng d\u1ee5ng c\u1ee7a m\u1ea7m s\u00fap l\u01a1 xanh\u00a0<\/strong><\/h2>\n<p><span style=\"font-weight: 400\">&#8211; Ch\u1ed1ng ung th\u01b0: Trong Rau m\u1ea7m s\u00fap l\u01a1 xanh ch\u1ee9a Sulforaphane, h\u1ee3p ch\u1ea5t n\u00e0y \u0111\u00e3 \u0111\u01b0\u1ee3c ch\u1ee9ng minh c\u00f3 kh\u1ea3 n\u0103ng ti\u00eau di\u1ec7t t\u1ebf b\u00e0o ung th\u01b0, l\u00e0m ch\u1eadm s\u1ef1 ph\u00e1t tri\u1ec3n c\u1ee7a kh\u1ed1i u.<\/span><\/p>\n<p><span style=\"font-weight: 400\">&#8211; Gi\u1ea3m \u0111au d\u1ea1 d\u00e0y: H\u1ee3p ch\u1ea5t Sulforaphane trong m\u1ea7m s\u00fap l\u01a1 xanh c\u0169ng c\u00f3 t\u00e1c d\u1ee5ng l\u00e0m gi\u1ea3m s\u1ef1 ph\u00e1t tri\u1ec3n qu\u00e1 m\u1ee9c c\u1ee7a Helicobacter pylori trong d\u1ea1 d\u00e0y v\u00e0 ng\u0103n ch\u1eb7n s\u1ef1 g\u1eafn k\u1ebft c\u1ee7a c\u00e1c vi khu\u1ea9n n\u00e0y v\u1edbi th\u00e0nh d\u1ea1 d\u00e0y. \u0110\u1ed3ng th\u1eddi, n\u00f3 c\u00f3 kh\u1ea3 n\u0103ng ch\u1ed1ng vi\u00eam, th\u00fac \u0111\u1ea9y nhanh qu\u00e1 tr\u00ecnh l\u00e0m l\u00e0nh v\u1ebft lo\u00e9t. Ngo\u00e0i ra, c\u00e1c ch\u1ea5t dinh d\u01b0\u1ee1ng kh\u00e1c Rau m\u1ea7m s\u00fap l\u01a1 xanh nh\u01b0 ch\u1ea5t x\u01a1, c\u00e1c lo\u1ea1i vitamin A,B,C,E,\u2026 c\u0169ng gi\u00fap h\u1ec7 ti\u00eau h\u00f3a kh\u1ecfe h\u01a1n, gi\u1ea3m t\u00e1o b\u00f3n, \u0111\u1ea7y b\u1ee5ng, kh\u00f3 ti\u00eau.<\/span><\/p>\n<p><img decoding=\"async\" class=\"aligncenter\" src=\"https:\/\/scontent.fvca1-1.fna.fbcdn.net\/v\/t1.6435-9\/116313414_647293585883113_4835150043155376140_n.jpg?_nc_cat=108&amp;ccb=1-3&amp;_nc_sid=8bfeb9&amp;_nc_ohc=aFpRb12rj5MAX-rrq6U&amp;_nc_ht=scontent.fvca1-1.fna&amp;oh=e7722056ab97b187f3675e968316b735&amp;oe=60930283\" alt=\"C\u00f3 th\u1ec3 l\u00e0 h\u00ecnh \u1ea3nh v\u1ec1 v\u0103n b\u1ea3n cho bi\u1ebft 'DJ&amp;A'\" width=\"690\" height=\"690\" \/><\/p>\n<p><span style=\"font-weight: 400\">&#8211; L\u00e0m \u0111\u1eb9p da, gi\u1ea3m c\u00e2n: H\u00e0m l\u01b0\u1ee3ng ch\u1ea5t x\u01a1 trong Rau m\u1ea7m r\u1ea5t cao, khi \u0103n nhanh ch\u00f3ng mang l\u1ea1i c\u1ea3m gi\u00e1c no, l\u00e0m gi\u1ea3m \u0103n c\u00e1c m\u00f3n \u0103n kh\u00e1c. H\u01a1n n\u1eefa, Rau m\u1ea7m s\u00fap l\u01a1 xanh ch\u1ee9a r\u1ea5t nhi\u1ec1u ch\u1ea5t dinh d\u01b0\u1ee1ng kh\u00e1c \u1edf h\u00e0m l\u01b0\u1ee3ng cao nh\u01b0 vitamin A,B,C,E, protein, thiamine, riboflavin, niacin, magie, ph\u1ed1t pho, ch\u1ea5t x\u01a1, vitamin B6, axit folic, axit pantothenic, kali v\u00e0 mangan n\u00ean b\u1ea1n s\u1ebd kh\u00f4ng c\u1ea7n lo l\u1eafng vi\u1ec7c thi\u1ebfu ch\u1ea5t n\u1ebfu gi\u1ea3m c\u00e2n b\u1eb1ng lo\u1ea1i rau n\u00e0y.<\/span><\/p>\n<p><span style=\"font-weight: 400\">&#8211; C\u00e1c ch\u1ea5t ch\u1ed1ng oxy h\u00f3a, c\u00e1c lo\u1ea1i vitamin nh\u01b0 vitamin C, K, axit folic trong rau m\u1ea7m s\u00fap l\u01a1 xanh gi\u00fap duy tr\u00ec l\u00e0n da kh\u1ecfe m\u1ea1nh, t\u0103ng kh\u1ea3 n\u0103ng \u0111\u00e0n h\u1ed3i cho da, gi\u1ea3m th\u00e2m n\u00e1m.<\/span><\/p>\n<p><span style=\"font-weight: 400\">&#8211; T\u1ed1t cho tim: H\u1ee3p ch\u1ea5t Sulforaphane trong m\u1ea7m s\u00fap l\u01a1 xanh c\u00f3 t\u00ednh kh\u00e1ng vi\u00eam m\u1ea1nh, gi\u00fap s\u1eeda ch\u1eefa c\u00e1c t\u1ed5n th\u01b0\u01a1ng v\u00e0 b\u1ea3o v\u1ec7 th\u00e0nh m\u1ea1ch. C\u1ee5 th\u1ec3 n\u00f3 ch\u1ee9a nhi\u1ec1u ch\u1ea5t x\u01a1 h\u00f2a tan, axit b\u00e9o ch\u01b0a no v\u00e0 c\u00e1c vitamin gi\u00fap \u0111i\u1ec1u ch\u1ec9nh huy\u1ebft \u00e1p, gi\u1ea3m cholesterol x\u1ea5u, duy tr\u00ec m\u1ed9t tr\u00e1i tim kh\u1ecfe m\u1ea1nh.<\/span><\/p>\n<p><span style=\"font-weight: 400\">&#8211; T\u1ed1t cho m\u1eaft: Vitamin A, vitamin C, vitamin E, beta-caroten, c\u00e1c lo\u1ea1i vitamin nh\u00f3m B trong S\u00fap l\u01a1 xanh l\u00e0m ng\u0103n c\u1ea3n \u0111\u1ee5c th\u1ec3 tinh th\u1ec3, tho\u00e1i h\u00f3a \u0111i\u1ec3m v\u00e0ng, \u0111\u1eb7c bi\u1ec7t n\u00f3 c\u00f2n gi\u00fap ph\u1ee5c h\u1ed3i c\u00e1c t\u1ed5n th\u01b0\u01a1ng m\u1eaft do nh\u00ecn qu\u00e1 nhi\u1ec1u v\u00e0o m\u00e0n h\u00ecnh \u0111i\u1ec7n tho\u1ea1i v\u00e0 m\u00e1y t\u00ednh.<\/span><\/p>\n<p><img loading=\"lazy\" decoding=\"async\" class=\"aligncenter\" src=\"https:\/\/havamall.com\/wp-content\/uploads\/2020\/07\/0010070_bong-cai-xanh-baby-sup-lo-con.jpeg\" alt=\"V\u01b0\u1eddn ch\u00fang m\u00ecnh l\u00e0 m\u1ed9t g\u00f3c nh\u1ecf g\u1ed3m rau c\u1ee7 qu\u1ea3, tr\u00e1i c\u00e2y \u0111\u01b0\u1ee3c tr\u1ed3ng ...\" width=\"691\" height=\"517\" \/><\/p>","protected":false},"excerpt":{"rendered":"<ul>\n<li style=\"font-weight: 400\"><span style=\"font-weight: 400\">Xu\u1ea5t x\u1ee9: \u00dac<\/span><\/li>\n<li style=\"font-weight: 400\"><span style=\"font-weight: 400\">Kh\u1ed1i l\u01b0\u1ee3ng t\u1ecbnh: 25g<\/span><\/li>\n<li style=\"font-weight: 400\"><span style=\"font-weight: 400\">Th\u00e0nh ph\u1ea7n: 100% s\u00fap l\u01a1 xanh<\/span><\/li>\n<li style=\"font-weight: 400\"><span style=\"font-weight: 400\">HDSD: D\u00f9ng ngay sau khi m\u1edf bao b\u00ec, h\u1ea1n s\u1eed d\u1ee5ng coi tr\u00ean bao b\u00ec s\u1ea3n ph\u1ea9m<\/span><\/li>\n<li style=\"font-weight: 400\"><span style=\"font-weight: 400\">HDBQ: B\u1ea3o qu\u1ea3n n\u01a1i kh\u00f4 r\u00e1o, tho\u00e1ng m\u00e1t, tr\u00e1nh \u00e1nh n\u1eafng tr\u1ef1c ti\u1ebfp<\/span><\/li>\n<\/ul>","protected":false},"featured_media":15391,"comment_status":"open","ping_status":"closed","template":"","meta":[],"product_brand":[],"product_cat":[734,36,134],"product_tag":[],"class_list":{"0":"post-15386","1":"product","2":"type-product","3":"status-publish","4":"has-post-thumbnail","6":"product_cat-nhap-khau-uc","7":"product_cat-thuc-pham-tieu-dung","8":"product_cat-thucpham-saykho","9":"pa_brand-dja","11":"first","12":"instock","13":"sale","14":"shipping-taxable","15":"purchasable","16":"product-type-simple"},"_links":{"self":[{"href":"https:\/\/havamall.com\/en\/wp-json\/wp\/v2\/product\/15386","targetHints":{"allow":["GET"]}}],"collection":[{"href":"https:\/\/havamall.com\/en\/wp-json\/wp\/v2\/product"}],"about":[{"href":"https:\/\/havamall.com\/en\/wp-json\/wp\/v2\/types\/product"}],"replies":[{"embeddable":true,"href":"https:\/\/havamall.com\/en\/wp-json\/wp\/v2\/comments?post=15386"}],"version-history":[{"count":0,"href":"https:\/\/havamall.com\/en\/wp-json\/wp\/v2\/product\/15386\/revisions"}],"wp:featuredmedia":[{"embeddable":true,"href":"https:\/\/havamall.com\/en\/wp-json\/wp\/v2\/media\/15391"}],"wp:attachment":[{"href":"https:\/\/havamall.com\/en\/wp-json\/wp\/v2\/media?parent=15386"}],"wp:term":[{"taxonomy":"product_brand","embeddable":true,"href":"https:\/\/havamall.com\/en\/wp-json\/wp\/v2\/product_brand?post=15386"},{"taxonomy":"product_cat","embeddable":true,"href":"https:\/\/havamall.com\/en\/wp-json\/wp\/v2\/product_cat?post=15386"},{"taxonomy":"product_tag","embeddable":true,"href":"https:\/\/havamall.com\/en\/wp-json\/wp\/v2\/product_tag?post=15386"}],"curies":[{"name":"wp","href":"https:\/\/api.w.org\/{rel}","templated":true}]}}