{"id":15396,"date":"2020-07-22T17:25:29","date_gmt":"2020-07-22T10:25:29","guid":{"rendered":"https:\/\/havamall.com\/?post_type=product&#038;p=15396"},"modified":"2021-04-02T11:08:08","modified_gmt":"2021-04-02T04:08:08","slug":"dau-nanh-say-gion-dja-52g-dja-young-soy-bean-snack","status":"publish","type":"product","link":"https:\/\/havamall.com\/en\/shop\/dau-nanh-say-gion-dja-52g-dja-young-soy-bean-snack\/","title":{"rendered":"\u0110\u1eadu N\u00e0nh S\u1ea5y Gi\u00f2n DJ&amp;A 52g &#8211; DJ&amp;A Young Soy Bean Snack"},"content":{"rendered":"<h2><strong>\u0110\u1eb7c \u0111i\u1ec3m s\u1ea3n ph\u1ea9m<\/strong><\/h2>\n<p><span style=\"font-weight: 400\">\u0110\u1eadu n\u00e0nh l\u00e0 m\u1ed9t trong nh\u1eefng th\u1ef1c ph\u1ea9m kh\u00f4ng ch\u1ee9a gluten v\u00e0 \u00edt calo n\u00ean r\u1ea5t c\u00f3 l\u1ee3i cho nh\u1eefng ng\u01b0\u1eddi mu\u1ed1n gi\u1ea3m c\u00e2n ho\u1eb7c duy tr\u00ec tr\u1ecdng l\u01b0\u1ee3ng.<\/span><\/p>\n<p><span style=\"font-weight: 400\">Ngo\u00e0i ra, \u0111\u1eadu n\u00e0nh c\u00f2n kh\u00f4ng ch\u1ee9a cholesterol v\u00e0 l\u00e0 m\u1ed9t ngu\u1ed3n tuy\u1ec7t v\u1eddi c\u1ee7a protein, s\u1eaft, canxi n\u00ean r\u1ea5t t\u1ed1t cho s\u1ee9c kh\u1ecfe. N\u1ebfu b\u1ea1n \u0111ang theo ch\u1ebf \u0111\u1ed9 \u0103n chay, \u0111\u00e2y s\u1ebd l\u00e0 ngu\u1ed3n th\u1ef1c ph\u1ea9m cung c\u1ea5p protein r\u1ea5t quan tr\u1ecdng cho b\u1ea1n. Ngu\u1ed3n protein trong \u0111\u1eadu t\u01b0\u01a1ng s\u1ebd cung c\u1ea5p c\u00e1c axit amin thi\u1ebft y\u1ebfu gi\u1ed1ng nh\u01b0 \u1edf th\u1ecbt v\u00e0 s\u1eefa.<\/span><\/p>\n<p><img decoding=\"async\" class=\"aligncenter\" src=\"https:\/\/files.slack.com\/files-pri\/TRP6N3ZMF-F017FFGT6RY\/75610601_505931000134312_2333055634238341120_n.jpg\" \/><\/p>\n<ul>\n<li style=\"font-weight: 400\"><span style=\"font-weight: 400\">Quy c\u00e1ch: 52g<\/span><\/li>\n<li style=\"font-weight: 400\"><span style=\"font-weight: 400\">Xu\u1ea5t x\u1ee9: \u00dac<\/span><\/li>\n<li style=\"font-weight: 400\"><span style=\"font-weight: 400\">100% nguy\u00ean li\u1ec7u t\u1eeb \u0111\u1eadu n\u00e0nh non, t\u01b0\u01a1i xanh t\u1ea1i Australia<\/span><\/li>\n<li style=\"font-weight: 400\"><span style=\"font-weight: 400\">S\u1ea3n xu\u1ea5t theo c\u00f4ng ngh\u1ec7 hi\u1ec7n \u0111\u1ea1i c\u1ee7a DJ&amp;A<\/span><\/li>\n<li style=\"font-weight: 400\"><span style=\"font-weight: 400\">\u0110\u1eadu n\u00e0nh s\u1ea5y gi\u00f2n DJ&amp;A l\u00e0 s\u1ea3n ph\u1ea9m ho\u00e0n to\u00e0n t\u1ef1 nhi\u00ean cung c\u1ea5p m\u1ed9t ngu\u1ed3n protein v\u00e0 ch\u1ea5t x\u01a1 tuy\u1ec7t v\u1eddi.<\/span><\/li>\n<li style=\"font-weight: 400\"><span style=\"font-weight: 400\">S\u1ea3n xu\u1ea5t theo quy tr\u00ecnh kh\u00e9p k\u00edn gi\u00fap s\u1ea3n ph\u1ea9m gi\u1eef \u0111\u01b0\u1ee3c h\u01b0\u01a1ng v\u1ecb \u0111\u1eb7c tr\u01b0ng v\u00e0 th\u00e0nh ph\u1ea7n dinh d\u01b0\u1ee1ng c\u1ee7a h\u1ea1t.<\/span><\/li>\n<li style=\"font-weight: 400\"><span style=\"font-weight: 400\">H\u01b0\u01a1ng v\u1ecb \u0111\u1eadu n\u00e0nh non l\u00e0m th\u00e0nh Snack v\u00f4 c\u00f9ng \u0111\u1ed9c \u0111\u00e1o<\/span><\/li>\n<li style=\"font-weight: 400\"><span style=\"font-weight: 400\">KH\u00d4NG ch\u1ee9a b\u1ed9t ng\u1ecdt<\/span><\/li>\n<li style=\"font-weight: 400\"><span style=\"font-weight: 400\">KH\u00d4NG bi\u1ebfn \u0111\u1ed5i gen<\/span><\/li>\n<li style=\"font-weight: 400\"><span style=\"font-weight: 400\">KH\u00d4NG m\u00e0u nh\u00e2n t\u1ea1o, h\u01b0\u01a1ng v\u1ecb v\u00e0 ch\u1ea5t b\u1ea3o qu\u1ea3n.<\/span><\/li>\n<li style=\"font-weight: 400\"><span style=\"font-weight: 400\">HSD: 12 th\u00e1ng k\u1ec3 t\u1eeb NSX<\/span><\/li>\n<\/ul>\n<h2><strong>L\u1ee3i \u00edch c\u1ee7a \u0111\u1eadu n\u00e0nh<\/strong><\/h2>\n<ol>\n<li>\n<h3><span style=\"font-weight: 400\"> H\u1ea1t \u0111\u1eadu n\u00e0nh c\u00f3 th\u1ec3 t\u0103ng c\u01b0\u1eddng s\u1ee9c kh\u1ecfe cho tim<\/span><\/h3>\n<\/li>\n<\/ol>\n<p><span style=\"font-weight: 400\">C\u00f4ng d\u1ee5ng c\u1ee7a \u0111\u1eadu n\u00e0nh \u0111\u1ea7u ti\u00ean ph\u1ea3i k\u1ec3 \u0111\u1ebfn \u0111\u00f3 l\u00e0 c\u00f3 th\u1ec3 gi\u00fap gi\u1ea3m m\u1ee9c cholesterol v\u00e0 c\u1ea3i thi\u1ec7n c\u00e1c y\u1ebfu t\u1ed1 nguy c\u01a1 kh\u00e1c cho b\u1ec7nh tim. M\u1eb7c d\u00f9, c\u01a1 ch\u1ebf ho\u1ea1t \u0111\u1ed9ng ch\u00ednh x\u00e1c c\u1ee7a h\u1ea1t \u0111\u1eadu n\u00e0nh v\u1eabn ch\u01b0a ho\u00e0n to\u00e0n \u0111\u01b0\u1ee3c hi\u1ec3u r\u00f5, nh\u01b0ng ch\u1ea5t x\u01a1, protein v\u00e0 axit alpha-linolenic (ALA) trong \u0111\u1eadu n\u00e0nh c\u00f3 th\u1ec3 \u0111\u00f3ng m\u1ed9t vai tr\u00f2 nh\u1ea5t \u0111\u1ecbnh \u0111\u1ed1i v\u1edbi c\u01a1 th\u1ec3.<\/span><\/p>\n<p><img decoding=\"async\" class=\"aligncenter\" src=\"https:\/\/cf.shopee.vn\/file\/ab1cc76bd55d95eea6c32bf82b4936ad\" alt=\"\u0110\u1eadu n\u00e0nh s\u1ea5y gi\u00f2n DJ&amp;A \u00dac | Shopee Vi\u1ec7t Nam\" \/><\/p>\n<p><span style=\"font-weight: 400\">\u0110\u1eadu n\u00e0nh c\u0169ng ch\u1ee9a isoflavone, v\u00e0 h\u1ee3p ch\u1ea5t n\u00e0y b\u1eaft ch\u01b0\u1edbc estrogen \u0111\u1ed3ng th\u1eddi ho\u1ea1t \u0111\u1ed9ng nh\u01b0 ch\u1ea5t ch\u1ed1ng oxy h\u00f3a trong c\u01a1 th\u1ec3. Trong m\u1ed9t \u0111\u00e1nh gi\u00e1 c\u1ee7a 35 nghi\u00ean c\u1ee9u v\u1ec1 m\u1ed1i li\u00ean quan n\u00e0y cho th\u1ea5y r\u1eb1ng, \u0103n c\u00e1c s\u1ea3n ph\u1ea9m \u0111\u1eadu n\u00e0nh l\u00e0m gi\u1ea3m \u0111\u00e1ng k\u1ec3 m\u1ee9c cholesterol LDL &#8211; l\u00e0 cholesterol c\u00f3 h\u1ea1i \u0111\u1ed3ng th\u1eddi t\u0103ng m\u1ee9c cholesterol HDL &#8211; l\u00e0 cholesterol c\u00f3 l\u1ee3i. H\u01a1n n\u1eefa, n\u00f3 c\u00f2n \u0111\u01b0\u1ee3c bi\u1ebft l\u00e0 c\u00f3 t\u00e1c d\u1ee5ng \u0111\u1eb7c bi\u1ec7t \u1edf nh\u1eefng c\u00f3 l\u01b0\u1ee3ng cholesterol cao.<\/span><\/p>\n<ol start=\"2\">\n<li>\n<h3><span style=\"font-weight: 400\"> H\u1ea1t \u0111\u1eadu n\u00e0nh c\u00f3 th\u1ec3 h\u1ed7 tr\u1ee3 gi\u1ea3m c\u00e2n<\/span><\/h3>\n<\/li>\n<\/ol>\n<p><span style=\"font-weight: 400\">H\u1ea1t \u0111\u1eadu n\u00e0nh rang c\u00f3 th\u1ec3 h\u1ed7 tr\u1ee3 gi\u1ea3m c\u00e2n do h\u00e0m l\u01b0\u1ee3ng protein cao. S\u1eed d\u1ee5ng nhi\u1ec1u protein c\u00f3 th\u1ec3 t\u0103ng c\u01b0\u1eddng trao \u0111\u1ed5i ch\u1ea5t v\u00e0 t\u0103ng c\u1ea3m gi\u00e1c no, do \u0111\u00f3 s\u1ebd gi\u00fap h\u1ed7 tr\u1ee3 gi\u1ea3m c\u00e2n r\u1ea5t t\u1ed1t.<\/span><\/p>\n<p><span style=\"font-weight: 400\">Protein trong \u0111\u1eadu n\u00e0nh c\u00f3 th\u1ec3 ho\u1ea1t \u0111\u1ed9ng v\u1edbi ch\u1ea5t x\u01a1 \u0111\u1ed3ng th\u1eddi isoflavone c\u0169ng cung c\u1ea5p th\u00eam l\u1ee3i \u00edch cho qu\u00e1 tr\u00ecnh chuy\u1ec3n h\u00f3a ch\u1ea5t b\u00e9o v\u00e0 gi\u1ea3m c\u00e2n.<\/span><\/p>\n<p><img decoding=\"async\" class=\"aligncenter\" src=\"https:\/\/havamall.com\/wp-content\/uploads\/2020\/07\/edamame.jpg\" alt=\"7 l\u1ee3i \u00edch kh\u00f4ng n\u00ean b\u1ecf qua c\u1ee7a \u0111\u1eadu n\u00e0nh non Edamame - S\u00e0i G\u00f2n Ti\u1ebfp Th\u1ecb\" \/><\/p>\n<ol start=\"3\">\n<li>\n<h3><span style=\"font-weight: 400\"> H\u1ea1t \u0111\u1eadu n\u00e0nh c\u00f3 th\u1ec3 t\u0103ng c\u01b0\u1eddng s\u1ee9c kho\u1ebb x\u01b0\u01a1ng<\/span><\/h3>\n<\/li>\n<\/ol>\n<p><span style=\"font-weight: 400\">Isoflavone trong h\u1ea1t \u0111\u1eadu n\u00e0nh c\u00f3 th\u1ec3 t\u0103ng c\u01b0\u1eddng s\u1ee9c m\u1ea1nh c\u1ee7a x\u01b0\u01a1ng v\u00e0 gi\u00fap ng\u0103n ng\u1eeba lo\u00e3ng x\u01b0\u01a1ng. \u0110\u00e2y l\u00e0 m\u1ed9t c\u0103n b\u1ec7nh \u0111\u1eb7c tr\u01b0ng b\u1edfi x\u01b0\u01a1ng m\u1ecfng v\u00e0 t\u0103ng nguy c\u01a1 g\u00e3y x\u01b0\u01a1ng.<\/span><\/p>\n<p><span style=\"font-weight: 400\">H\u01a1n n\u1eefa, trong h\u1ea1t \u0111\u1eadu n\u00e0nh c\u00f2n c\u00f3 c\u00e1c genistein v\u00e0 c\u00e1c isoflavone kh\u00e1c \u0111\u00e3 \u0111\u01b0\u1ee3c ch\u1ee9ng minh l\u00e0 l\u00e0m t\u0103ng m\u1eadt \u0111\u1ed9 kho\u00e1ng x\u01b0\u01a1ng \u1edf ph\u1ee5 n\u1eef m\u00e3n kinh. \u0110i\u1ec1u n\u00e0y c\u00f3 th\u1ec3 l\u00e0 do ch\u00fang c\u00f3 l\u1ee3i cho c\u00e1c d\u1ea5u hi\u1ec7u ki\u1ec3m so\u00e1t s\u1ef1 h\u00ecnh th\u00e0nh x\u01b0\u01a1ng trong c\u01a1 th\u1ec3.<\/span><\/p>","protected":false},"excerpt":{"rendered":"<ul>\n<li style=\"font-weight: 400\"><span style=\"font-weight: 400\">Quy c\u00e1ch: 52g<\/span><\/li>\n<li style=\"font-weight: 400\"><span style=\"font-weight: 400\">Xu\u1ea5t x\u1ee9: \u00dac<\/span><\/li>\n<li style=\"font-weight: 400\"><span style=\"font-weight: 400\">100% nguy\u00ean li\u1ec7u t\u1eeb \u0111\u1eadu n\u00e0nh non, t\u01b0\u01a1i xanh t\u1ea1i Australia<\/span><\/li>\n<li style=\"font-weight: 400\"><span style=\"font-weight: 400\">S\u1ea3n xu\u1ea5t theo c\u00f4ng ngh\u1ec7 hi\u1ec7n \u0111\u1ea1i c\u1ee7a DJ&amp;A<\/span><\/li>\n<li style=\"font-weight: 400\"><span style=\"font-weight: 400\">\u0110\u1eadu n\u00e0nh s\u1ea5y gi\u00f2n DJ&amp;A l\u00e0 s\u1ea3n ph\u1ea9m ho\u00e0n to\u00e0n t\u1ef1 nhi\u00ean cung c\u1ea5p m\u1ed9t ngu\u1ed3n protein v\u00e0 ch\u1ea5t x\u01a1 tuy\u1ec7t v\u1eddi.<\/span><\/li>\n<li style=\"font-weight: 400\"><span style=\"font-weight: 400\">S\u1ea3n xu\u1ea5t theo quy tr\u00ecnh kh\u00e9p k\u00edn gi\u00fap s\u1ea3n ph\u1ea9m gi\u1eef \u0111\u01b0\u1ee3c h\u01b0\u01a1ng v\u1ecb \u0111\u1eb7c tr\u01b0ng v\u00e0 th\u00e0nh ph\u1ea7n dinh d\u01b0\u1ee1ng c\u1ee7a h\u1ea1t.<\/span><\/li>\n<li style=\"font-weight: 400\"><span style=\"font-weight: 400\">H\u01b0\u01a1ng v\u1ecb \u0111\u1eadu n\u00e0nh non l\u00e0m th\u00e0nh Snack v\u00f4 c\u00f9ng \u0111\u1ed9c \u0111\u00e1o<\/span><\/li>\n<li style=\"font-weight: 400\"><span style=\"font-weight: 400\">KH\u00d4NG ch\u1ee9a b\u1ed9t ng\u1ecdt<\/span><\/li>\n<li style=\"font-weight: 400\"><span style=\"font-weight: 400\">KH\u00d4NG bi\u1ebfn \u0111\u1ed5i gen<\/span><\/li>\n<li style=\"font-weight: 400\"><span style=\"font-weight: 400\">KH\u00d4NG m\u00e0u nh\u00e2n t\u1ea1o, h\u01b0\u01a1ng v\u1ecb v\u00e0 ch\u1ea5t b\u1ea3o qu\u1ea3n.<\/span><\/li>\n<li style=\"font-weight: 400\"><span style=\"font-weight: 400\">HSD: 12 th\u00e1ng k\u1ec3 t\u1eeb NSX<\/span><\/li>\n<\/ul>","protected":false},"featured_media":15401,"comment_status":"open","ping_status":"closed","template":"","meta":[],"product_brand":[],"product_cat":[36,134],"product_tag":[],"class_list":{"0":"post-15396","1":"product","2":"type-product","3":"status-publish","4":"has-post-thumbnail","6":"product_cat-thuc-pham-tieu-dung","7":"product_cat-thucpham-saykho","8":"pa_brand-dja","10":"first","11":"outofstock","12":"sale","13":"shipping-taxable","14":"purchasable","15":"product-type-simple"},"_links":{"self":[{"href":"https:\/\/havamall.com\/en\/wp-json\/wp\/v2\/product\/15396","targetHints":{"allow":["GET"]}}],"collection":[{"href":"https:\/\/havamall.com\/en\/wp-json\/wp\/v2\/product"}],"about":[{"href":"https:\/\/havamall.com\/en\/wp-json\/wp\/v2\/types\/product"}],"replies":[{"embeddable":true,"href":"https:\/\/havamall.com\/en\/wp-json\/wp\/v2\/comments?post=15396"}],"version-history":[{"count":0,"href":"https:\/\/havamall.com\/en\/wp-json\/wp\/v2\/product\/15396\/revisions"}],"wp:featuredmedia":[{"embeddable":true,"href":"https:\/\/havamall.com\/en\/wp-json\/wp\/v2\/media\/15401"}],"wp:attachment":[{"href":"https:\/\/havamall.com\/en\/wp-json\/wp\/v2\/media?parent=15396"}],"wp:term":[{"taxonomy":"product_brand","embeddable":true,"href":"https:\/\/havamall.com\/en\/wp-json\/wp\/v2\/product_brand?post=15396"},{"taxonomy":"product_cat","embeddable":true,"href":"https:\/\/havamall.com\/en\/wp-json\/wp\/v2\/product_cat?post=15396"},{"taxonomy":"product_tag","embeddable":true,"href":"https:\/\/havamall.com\/en\/wp-json\/wp\/v2\/product_tag?post=15396"}],"curies":[{"name":"wp","href":"https:\/\/api.w.org\/{rel}","templated":true}]}}