{"id":15404,"date":"2020-07-23T11:36:21","date_gmt":"2020-07-23T04:36:21","guid":{"rendered":"https:\/\/havamall.com\/?post_type=product&#038;p=15404"},"modified":"2025-03-24T09:54:56","modified_gmt":"2025-03-24T02:54:56","slug":"duong-mat-hoa-dua-huu-co-pt-coco-hop-4g-x-50-goi-organic-granulated-coconut-flower-blossom-nectar","status":"publish","type":"product","link":"https:\/\/havamall.com\/en\/shop\/duong-mat-hoa-dua-huu-co-pt-coco-hop-4g-x-50-goi-organic-granulated-coconut-flower-blossom-nectar\/","title":{"rendered":"\u0110\u01b0\u1eddng M\u1eadt Hoa D\u1eeba H\u1eefu C\u01a1 PT Coco H\u1ed9p 4g x 50 g\u00f3i &#8211; Organic Granulated Coconut Flower Blossom Nectar"},"content":{"rendered":"<table>\n<tbody>\n<tr>\n<td>Xu\u1ea5t x\u1ee9<\/td>\n<td>Indonesia<\/td>\n<\/tr>\n<tr>\n<td>Kh\u1ed1i l\u01b0\u1ee3ng<\/td>\n<td>4g x 50 g\u00f3i<\/td>\n<\/tr>\n<tr>\n<td>Ch\u1ea5t l\u01b0\u1ee3ng<\/td>\n<td>\u0110\u1ea3m b\u1ea3o VSATTP, \u0111\u1ea1t ch\u1ee9ng nh\u1eadn h\u1eefu c\u01a1 qu\u1ed1c t\u1ebf<\/td>\n<\/tr>\n<tr>\n<td>C\u00e1ch d\u00f9ng<\/td>\n<td>D\u00f9ng tr\u1ef1c ti\u1ebfp<\/td>\n<\/tr>\n<tr>\n<td>B\u1ea3o qu\u1ea3n<\/td>\n<td>N\u01a1i kh\u00f4 r\u00e1o, 24 th\u00e1ng<\/td>\n<\/tr>\n<\/tbody>\n<\/table>\n<p><span style=\"font-weight: 400\">C\u00f3 l\u1ebd b\u1ea1n ch\u01b0a t\u1eebng nghe \u0111\u1ebfn m\u1ed9t lo\u1ea1i \u0111\u01b0\u1eddng \u0111\u01b0\u1ee3c l\u00e0m t\u1eeb m\u1eadt hoa d\u1eeba? V\u00e2ng n\u1ebfu nh\u01b0 \u0111\u01b0\u1eddng th\u1ed1t n\u1ed1t v\u1ed1n \u0111\u01b0\u1ee3c l\u00e0m t\u1eeb m\u1eadt hoa c\u1ee7a c\u00e2y th\u1ed1t n\u1ed1t th\u00ec \u0111\u01b0\u1eddng m\u1eadt hoa d\u1eeba h\u1eefu c\u01a1 PT Coco l\u00e0 \u0111\u01b0\u1ee3c l\u00e0m t\u1eeb m\u1eadt hoa c\u1ee7a d\u1eeba. \u0110\u01b0\u1eddng m\u1eadt hoa d\u1eeba \u0111\u01b0\u1ee3c s\u1ea3n xu\u1ea5t ho\u00e0n to\u00e0n t\u1ef1 nhi\u00ean kh\u00f4ng qua kh\u00f4ng tinh luy\u1ec7n hay t\u1ea9y tr\u1eafng, l\u00e0 m\u1ed9t s\u1ea3n ph\u1ea9m \u0111\u01b0\u1eddng h\u1eefu c\u01a1 s\u1ea1ch an to\u00e0n c\u00f3 s\u1ee9c kh\u1ecfe c\u00f3 th\u1ec3 thay th\u1ebf \u0111\u01b0\u1eddng tinh luy\u1ec7n. Hi\u1ec7n s\u1ea3n ph\u1ea9m \u0111\u00e3 \u0111\u1ea1t \u0111\u01b0\u1ee3c c\u00e1c ch\u1ee9ng nh\u1eadn l\u00e0 s\u1ea3n ph\u1ea9m h\u1eefu c\u01a1 b\u1edfi c\u00e1c t\u1ed5 ch\u1ee9c USDA (M\u1ef9), JAS (Nh\u1eadt) v\u00e0 EU (Ch\u00e2u \u00c2u).<\/span><\/p>\n<p><img decoding=\"async\" class=\"aligncenter\" src=\"https:\/\/havamall.com\/wp-content\/uploads\/2020\/07\/coconut-sugar.jpg\" alt=\"Coconut Sugar \u2014 A Healthy Sugar Alternative With Essential ...\" \/><\/p>\n<h2><strong>\u0110\u1eb7c \u0111i\u1ec3m s\u1ea3n ph\u1ea9m \u0111\u01b0\u1eddng m\u1eadt hoa d\u1eeba h\u1eefu c\u01a1 PT Coco<\/strong><\/h2>\n<p><span style=\"font-weight: 400\">Hi\u1ec7n nay, v\u00ec n\u1ed7i lo v\u1ec1 c\u00e1c v\u1ea5n \u0111\u1ec1 an ninh th\u1ef1c ph\u1ea9m, s\u1ee9c kh\u1ecfe c\u1ee7a con ng\u01b0\u1eddi \u0111\u01b0\u1ee3c \u0111\u1eb7t l\u00ean h\u00e0ng \u0111\u1ea7u n\u00ean vi\u1ec7c l\u1ef1a ch\u1ecdn th\u1ef1c ph\u1ea9m s\u1ea1ch, th\u1ef1c ph\u1ea9m h\u1eefu c\u01a1, th\u1ef1c ph\u1ea9m t\u1ef1 nhi\u00ean \u0111ang l\u00e0 xu h\u01b0\u1edbng t\u1ea5t y\u1ebfu. \u0110\u01b0\u1eddng v\u1ed1n l\u00e0 gia v\u1ecb thi\u1ebft y\u1ebfu trong cu\u1ed9c s\u1ed1ng h\u00e0ng ng\u00e0y. Ngo\u00e0i \u0111\u01b0\u1eddng \u0111\u01b0\u1ee3c l\u00e0m t\u1eeb c\u00e2y m\u00eda th\u00ec c\u00f2n c\u00f3 nhi\u1ec1u lo\u1ea1i \u0111\u01b0\u1eddng t\u1ef1 nhi\u00ean \u0111\u01b0\u1ee3c l\u00e0m t\u1eeb m\u1eadt hoa th\u1ed1t n\u1ed1t, m\u1eadt hoa d\u1eeba th\u1eadm ch\u00ed l\u00e0 \u0111\u01b0\u1ee3c l\u00e0m t\u1eeb c\u1ecd d\u1eeba hay nh\u1ef1a d\u1eeba.<\/span><\/p>\n<p><span style=\"font-weight: 400\">T\u1eeb x\u01b0a ng\u01b0\u1eddi d\u00e2n \u1edf c\u00e1c ch\u00e2u l\u1ee5c: M\u1ef9, \u00c1, Phi \u0111\u00e3 bi\u1ebft c\u00e1ch l\u00e0m \u0111\u01b0\u1eddng t\u1eeb c\u00e2y d\u1eeba, c\u1ee5 th\u1ec3 l\u00e0 t\u1eeb m\u1eadt hoa d\u1eeba. H\u1ecd tr\u00e8o l\u00ean c\u00e2y d\u1eeba r\u1ed3i d\u00f9ng dao kh\u1ee9a nh\u1eb9 l\u00ean nh\u00e1nh hoa d\u1eeba t\u01b0\u01a1i \u0111\u1ec3 m\u1eadt hoa ch\u1ea3y v\u00e0o th\u00f9ng ch\u1ee9a. M\u1eadt hoa d\u1eeba l\u00fac n\u00e0y l\u00e0 m\u1ed9t lo\u1ea1i dung d\u1ecbch trong v\u1eaft c\u00f3 v\u1ecb ng\u1ecdt, ch\u1ee9a kho\u1ea3ng 80% l\u00e0 n\u01b0\u1edbc. Sau \u0111\u00f3, dung d\u1ecbch m\u1eadt hoa d\u1eeba \u0111\u01b0\u1ee3c n\u1ea5u\u00a0 l\u00ean cho th\u1eadt s\u00f4i \u0111\u1ec3 n\u01b0\u1edbc b\u1ed1c h\u01a1i \u0111i h\u1ebft v\u00e0 ph\u1ea7n s\u1ea3n ph\u1ea9m c\u00f4 \u0111\u1eb7c c\u00f2n l\u1ea1i cu\u1ed1i c\u00f9ng ch\u00ednh l\u00e0 \u0111\u01b0\u1eddng m\u1eadt hoa d\u1eeba.<\/span><\/p>\n<p><span style=\"font-weight: 400\">So v\u1edbi c\u00e1c lo\u1ea1i \u0111\u01b0\u1eddng m\u00eda tinh luy\u1ec7n, th\u00ec \u0111\u01b0\u1eddng m\u1eadt hoa d\u1eeba c\u1ee5 th\u1ec3 l\u00e0 s\u1ea3n ph\u1ea9m \u0110\u01b0\u1eddng m\u1eadt hoa d\u1eeba h\u1eefu c\u01a1 PT Coco c\u00f3 v\u1ecb ng\u1ecdt d\u1ecbu, thanh thanh, m\u1ecbn, c\u00f3 m\u00e0u n\u00e2u nh\u1ea1t v\u00e0 m\u00f9i th\u01a1m g\u1ea7n gi\u1ed1ng v\u1edbi caramel. Ngo\u00e0i ra, kh\u00e2u ch\u1ebf bi\u1ebfn \u0111\u01b0\u1eddng d\u1eeba c\u0169ng kh\u00f4ng ph\u1ee9c t\u1ea1p v\u00e0 ho\u00e0n to\u00e0n kh\u00f4ng s\u1eed d\u1ee5ng c\u00e1c lo\u1ea1i h\u00f3a ch\u1ea5t nh\u01b0 \u0111\u01b0\u1eddng m\u00eda tinh luy\u1ec7n n\u00ean \u0111\u01b0\u1eddng d\u1eeba \u0111\u01b0\u1ee3c xem s\u1ea3n ph\u1ea9m h\u1eefu c\u01a1\u00a0 an to\u00e0n cho s\u1ee9c kh\u1ecfe con ng\u01b0\u1eddi.<\/span><\/p>\n<p><img decoding=\"async\" class=\"aligncenter\" src=\"https:\/\/havamall.com\/wp-content\/uploads\/2020\/07\/c\u00e2y-d\u1eeba-5.jpg\" alt=\"C\u00e2y d\u1eeba - C\u00e2y c\u00f3 c\u1ea3 ng\u00e0n c\u00f4ng d\u1ee5ng - Tin T\u1ee9c VNShop\" \/><\/p>\n<p><span style=\"font-weight: 400\">\u0110\u01b0\u1eddng m\u1eadt hoa d\u1eeba h\u1eefu c\u01a1 PT Coco l\u00e0 s\u1ea3n ph\u1ea9m nh\u1eadp kh\u1ea9u t\u1eeb Indonesia, \u0111\u01b0\u1ee3c s\u1ea3n xu\u1ea5t t\u1ef1 nhi\u00ean t\u1eeb m\u1eadt hoa d\u1eeba kh\u00f4 l\u1ea5y c\u00e2y d\u1eeba \u0111\u01b0\u1ee3c tr\u1ed3ng v\u1edbi gi\u1ed1ng d\u1eeba kh\u00f4ng bi\u1ebfn \u0111\u1ed5i gen (NON-GMO) \u0111\u01b0\u1ee3c canh t\u00e1c ho\u00e0n to\u00e0n theo ph\u01b0\u01a1ng ph\u00e1p h\u1eefu c\u01a1 (kh\u00f4ng s\u1eed d\u1ee5ng thu\u1ed1c b\u1ea3o v\u1ec7 th\u1ef1c v\u1eadt, thu\u1ed1c k\u00edch th\u00edch, ph\u00e2n b\u00f3n h\u00f3a h\u1ecdc\u2026).<\/span><\/p>\n<p><span style=\"font-weight: 400\">Trong qu\u00e1 tr\u00ecnh ch\u1ebf bi\u1ebfn s\u1ea3n ph\u1ea9m, ho\u00e0n to\u00e0n kh\u00f4ng s\u1eed d\u1ee5ng c\u00e1c lo\u1ea1i h\u00f3a ch\u1ea5t v\u00e0 kh\u00f4ng th\u1ef1c hi\u1ec7n c\u00f4ng \u0111o\u1ea1n tinh luy\u1ec7n, kh\u00f4ng t\u1ea9y tr\u1eafng v\u00e0 s\u1ea3n ph\u1ea9m c\u0169ng kh\u00f4ng c\u00f3 ch\u1ea5t b\u1ea3o qu\u1ea3n. \u0110\u01b0\u1eddng m\u1eadt hoa d\u1eeba h\u1eefu c\u01a1 PT Coco l\u00e0 s\u1ea3n ph\u1ea9m \u0111\u01b0\u1ee3c ch\u1ee9ng nh\u1eadn \u0111\u1ea1t ti\u00eau chu\u1ea9n h\u1eefu c\u01a1 qu\u1ed1c t\u1ebf c\u1ee7a USDA (M\u1ef9), EU (Ch\u00e2u \u00c2u) v\u00e0 JAS (Nh\u1eadt B\u1ea3n). \u0110\u00e2y \u0111\u1ec1u nh\u1eefng t\u1ed5 ch\u1ee9c c\u00f3 quy\u1ec1n h\u1ea1n \u0111\u00e1nh gi\u00e1 v\u00e0 c\u1ea5p ch\u1ee9ng nh\u1eadn h\u1eefu c\u01a1 cho c\u00e1c s\u1ea3n ph\u1ea9m \u0111\u01b0\u1ee3c s\u1ea3n xu\u1ea5t \u0111\u1ea3m b\u1ea3o c\u00e1c ti\u00eau ch\u00ed \u201ch\u1eefu c\u01a1\u201d r\u1ea5t nghi\u00eam ng\u1eb7t nh\u1eb1m kh\u1eb3ng \u0111\u1ecbnh \u0111\u00f3 l\u00e0 nh\u1eefng s\u1ea3n ph\u1ea9m h\u1eefu c\u01a1 \u0111\u00fang ngh\u0129a, an to\u00e0n cho s\u1ee9c kh\u1ecfe v\u00e0 ng\u01b0\u1eddi ti\u00eau d\u00f9ng tin t\u01b0\u1edfng, an t\u00e2m s\u1eed d\u1ee5ng.<\/span><\/p>\n<h2><strong>\u0110\u01b0\u1eddng m\u1eadt hoa d\u1eeba h\u1eefu c\u01a1 PT Coco t\u1ed1t s\u1ee9c kh\u1ecfe th\u00edch h\u1ee3p cho b\u1ec7nh nh\u00e2n ti\u1ec3u \u0111\u01b0\u1eddng v\u00e0 b\u00e9o ph\u00ec<\/strong><\/h2>\n<p><span style=\"font-weight: 400\">Kh\u00f4ng ch\u1ec9 l\u00e0 s\u1ea3n ph\u1ea9m h\u1eefu c\u01a1 th\u00e2n thi\u1ec7n v\u1edbi m\u00f4i tr\u01b0\u1eddng m\u00e0 \u0111\u01b0\u1eddng m\u1eadt hoa d\u1eeba h\u1eefu c\u01a1 l\u00e0 lo\u1ea1i \u0111\u01b0\u1eddng c\u00f3 ch\u1ee9a nhi\u1ec1u d\u01b0\u1ee1ng ch\u1ea5t t\u1ed1t cho s\u1ee9c kh\u1ecfe c\u1ee7a ch\u00fang ta. V\u00ec kh\u00f4ng qua c\u00f4ng \u0111o\u1ea1n ch\u1ebf bi\u1ebfn ph\u1ee9c t\u1ea1p n\u00e0o n\u00ean trong \u0111\u01b0\u1eddng d\u1eeba c\u00f2n gi\u1eef l\u1ea1i nhi\u1ec1u th\u00e0nh ph\u1ea7n dinh d\u01b0\u1ee1ng c\u1ee7a m\u1eadt hoa d\u1eeba \u0111\u1eb7c bi\u1ec7t r\u1ea5t th\u00edch h\u1ee3p v\u1edbi ng\u01b0\u1eddi b\u1ecb ti\u1ec3u \u0111\u01b0\u1eddng, b\u00e9o ph\u00ec<\/span><\/p>\n<p><img decoding=\"async\" class=\"aligncenter\" src=\"https:\/\/havamall.com\/wp-content\/uploads\/2020\/07\/iStock-487655901.jpg\" alt=\"Nh\u1eefng l\u1ee3i \u00edch khi thay th\u1ebf \u0111\u01b0\u1eddng tinh luy\u1ec7n b\u1eb1ng \u0111\u01b0\u1eddng d\u1eeba - S\u00e0i ...\" \/><\/p>\n<p><span style=\"font-weight: 400\">&#8211; \u0110\u01b0\u1eddng m\u1eadt hoa d\u1eeba c\u00f3 ch\u1ec9 s\u1ed1 GI = 35 l\u00e0 lo\u1ea1i \u0111\u01b0\u1eddng c\u00f3 ch\u1ec9 s\u1ed1 \u0111\u01b0\u1eddng huy\u1ebft d\u1ea1ng th\u1ea5p, trong khi \u0111\u01b0\u1eddng \u0103n b\u00ecnh th\u01b0\u1eddng t\u1ee9c l\u00e0 \u0111\u01b0\u1eddng tinh luy\u1ec7n l\u1ea1i c\u00f3 ch\u1ec9 s\u1ed1 GI t\u1eeb 60 &#8211;\u00a0 75\u00a0 l\u00e0 \u0111\u01b0\u1eddng c\u00f3 ch\u1ec9 s\u1ed1 \u0111\u01b0\u1eddng huy\u1ebft cao. Do v\u1eady khi s\u1eed d\u1ee5ng \u0111\u01b0\u1eddng d\u1eeba s\u1ebd kh\u00f4ng l\u00e0m cho l\u01b0\u1ee3ng \u0111\u01b0\u1eddng trong m\u00e1u c\u1ee7a b\u1ea1n t\u0103ng \u0111\u1ed9t bi\u1ebfn tr\u00e1nh \u0111\u01b0\u1ee3c nh\u1eefng bi\u1ebfn ch\u1ee9ng nghi\u00eam tr\u1ecdng cho s\u1ee9c kh\u1ecfe\u2026<\/span><\/p>\n<p><span style=\"font-weight: 400\">&#8211; V\u1edbi nh\u1eefng ng\u01b0\u1eddi b\u1ecb b\u1ec7nh b\u00e9o ph\u00ec l\u1ea1i r\u1ea5t h\u1ea3o ng\u1ecdt n\u00ean h\u1ecd th\u00edch \u0111\u01b0\u1eddng, nh\u01b0ng v\u1edbi \u0111\u01b0\u1eddng tinh luy\u1ec7n ngo\u00e0i ch\u1ea5t ng\u1ecdt ra th\u00ec h\u1ea7u h\u1ebft c\u00e1c d\u01b0\u1ee1ng ch\u1ea5t kh\u00e1c kh\u00f4ng c\u00f2n n\u1eefa. C\u00f2n v\u1edbi \u0111\u01b0\u1eddng d\u1eeba h\u00e0m l\u01b0\u1ee3ng calo kh\u00e1 th\u1ea5p l\u1ea1i gi\u00e0u ch\u1ea5t x\u01a1 n\u00ean r\u1ea5t t\u1ed1t cho h\u1ec7 ti\u00eau h\u00f3a \u0111\u1ed3ng th\u1eddi c\u00f3 t\u00e1c d\u1ee5ng h\u1ed7 tr\u1ee3 gi\u1ea3m c\u00e2n. \u0110\u1eb7c bi\u1ec7t trong \u0111\u01b0\u1eddng d\u1eeba c\u00f3 ch\u1ee9a inulin c\u0169ng l\u00e0 ch\u1ea5t x\u01a1 l\u00e0nh m\u1ea1nh c\u00f3 t\u00e1c d\u1ee5ng gi\u1ea3m h\u1ea5p thu \u0111\u01b0\u1eddng glucose gi\u00fap ng\u01b0\u1eddi b\u00e9o ph\u00ec kh\u00f4ng b\u1ecb t\u0103ng c\u00e2n.<\/span><\/p>\n<p><span style=\"font-weight: 400\">C\u00f3 th\u1ec3 n\u00f3i \u0111\u01b0\u1eddng m\u1eadt hoa d\u1eeba l\u00e0 s\u1ea3n ph\u1ea9m tinh t\u00fay c\u1ee7a thi\u00ean nhi\u00ean. \u0110\u01b0\u1eddng d\u1eeba c\u00f3 ch\u1ee9a nhi\u1ec1u lo\u1ea1i vitamin v\u00e0 kho\u00e1ng ch\u1ea5t nh\u01b0: Vitamin C, photpho, kali, magie, canxi, k\u1ebdm, s\u1eaft v\u00e0 \u0111\u1ed3ng,.. H\u01a1n n\u1eefa, trong \u0111\u01b0\u1eddng d\u1eeba r\u1ea5t gi\u00e0u ch\u1ea5t ch\u1ed1ng oxy h\u00f3a, gi\u00fap lo\u1ea1i b\u1ecf c\u00e1c g\u1ed1c t\u1ef1 do ra kh\u1ecfi c\u01a1 th\u1ec3 v\u00e0 gi\u00fap ng\u0103n ng\u1eeba ung th\u01b0 v\u00e0 c\u00e1c d\u01b0\u1ee1ng ch\u1ea5t th\u1ef1c v\u1eadt nh\u01b0: Polyphenols, flavonoids, anthocyanin c\u00f3 t\u00e1c d\u1ee5ng kh\u1ed1ng kh\u00e1ng vi\u00eam v\u00e0 b\u1ea3o v\u1ec7 \u0111\u01b0\u1eddng h\u00f4 h\u1ea5p.<\/span><\/p>\n<p><img decoding=\"async\" class=\"aligncenter\" src=\"https:\/\/havamall.com\/wp-content\/uploads\/2020\/07\/article_36280.jpg\" alt=\"What is Coconut Sugar? | Nourished Life Australia\" \/><\/p>\n<p><span style=\"font-weight: 400\">\u0110\u01b0\u1eddng d\u1eeba c\u0169ng l\u00e0 gia v\u1ecb t\u1ef1 nhi\u00ean r\u1ea5t gi\u00e0u c\u00e1c vitamin B1, B2, B3, B6 v\u00e0 axit amin. C\u00e1c nghi\u00ean c\u1ee9u c\u0169ng cho th\u1ea5y trong \u0111\u01b0\u1eddng d\u1eeba c\u00f2n c\u00f3 m\u1ed9t lo\u1ea1i vitamin B8 (inositol) c\u00f3\u00a0 t\u00e1c d\u1ee5ng ch\u1ea5t c\u1ea3i thi\u1ec7n t\u00e2m tr\u1ea1ng c\u1ee7a ng\u01b0\u1eddi s\u1eed d\u1ee5ng.<\/span><\/p>\n<p><span style=\"font-weight: 400\">Ch\u00ednh v\u00ec l\u1ebd \u0111\u00f3 m\u00e0 ch\u00fang ta c\u00f3 th\u1ec3 d\u00f9ng \u0111\u01b0\u1eddng d\u1eeba \u0111\u1ec3 thay th\u1ebf \u0111\u01b0\u1eddng m\u00eda tinh luy\u1ec7n m\u00e0 kh\u00f4ng ph\u1ea3i thay \u0111\u1ed5i b\u1ea5t k\u00ec c\u00f4ng th\u1ee9c ch\u1ebf bi\u1ebfn, n\u1ea5u n\u01b0\u1edbng n\u00e0o c\u1ea3 r\u1ea5t thu\u1eadn ti\u1ec7n!<\/span><\/p>","protected":false},"excerpt":{"rendered":"<ul>\n<li><span style=\"font-weight: 400\">Xu\u1ea5t x\u1ee9:\u00a0Indonesia<\/span><\/li>\n<li><span style=\"font-weight: 400\">Kh\u1ed1i l\u01b0\u1ee3ng:\u00a04g x 50g\u00f3i<\/span><\/li>\n<li><span style=\"font-weight: 400\">Ch\u1ea5t l\u01b0\u1ee3ng:\u00a0\u0110\u1ea3m b\u1ea3o VSATTP, \u0111\u1ea1t ch\u1ee9ng nh\u1eadn h\u1eefu c\u01a1 qu\u1ed1c t\u1ebf<\/span><\/li>\n<li><span style=\"font-weight: 400\">C\u00e1ch d\u00f9ng:\u00a0D\u00f9ng tr\u1ef1c ti\u1ebfp<\/span><\/li>\n<li><span style=\"font-weight: 400\">B\u1ea3o qu\u1ea3n:\u00a0N\u01a1i kh\u00f4 r\u00e1o, 24 th\u00e1ng<\/span><\/li>\n<\/ul>","protected":false},"featured_media":15407,"comment_status":"open","ping_status":"closed","template":"","meta":[],"product_brand":[],"product_cat":[730,36,134],"product_tag":[],"class_list":{"0":"post-15404","1":"product","2":"type-product","3":"status-publish","4":"has-post-thumbnail","6":"product_cat-cac-nuoc-khac","7":"product_cat-thuc-pham-tieu-dung","8":"product_cat-thucpham-saykho","9":"pa_brand-coco-sugar","11":"first","12":"outofstock","13":"sale","14":"shipping-taxable","15":"purchasable","16":"product-type-simple"},"_links":{"self":[{"href":"https:\/\/havamall.com\/en\/wp-json\/wp\/v2\/product\/15404","targetHints":{"allow":["GET"]}}],"collection":[{"href":"https:\/\/havamall.com\/en\/wp-json\/wp\/v2\/product"}],"about":[{"href":"https:\/\/havamall.com\/en\/wp-json\/wp\/v2\/types\/product"}],"replies":[{"embeddable":true,"href":"https:\/\/havamall.com\/en\/wp-json\/wp\/v2\/comments?post=15404"}],"version-history":[{"count":0,"href":"https:\/\/havamall.com\/en\/wp-json\/wp\/v2\/product\/15404\/revisions"}],"wp:featuredmedia":[{"embeddable":true,"href":"https:\/\/havamall.com\/en\/wp-json\/wp\/v2\/media\/15407"}],"wp:attachment":[{"href":"https:\/\/havamall.com\/en\/wp-json\/wp\/v2\/media?parent=15404"}],"wp:term":[{"taxonomy":"product_brand","embeddable":true,"href":"https:\/\/havamall.com\/en\/wp-json\/wp\/v2\/product_brand?post=15404"},{"taxonomy":"product_cat","embeddable":true,"href":"https:\/\/havamall.com\/en\/wp-json\/wp\/v2\/product_cat?post=15404"},{"taxonomy":"product_tag","embeddable":true,"href":"https:\/\/havamall.com\/en\/wp-json\/wp\/v2\/product_tag?post=15404"}],"curies":[{"name":"wp","href":"https:\/\/api.w.org\/{rel}","templated":true}]}}