{"id":15417,"date":"2020-07-23T14:44:21","date_gmt":"2020-07-23T07:44:21","guid":{"rendered":"https:\/\/havamall.com\/?post_type=product&#038;p=15417"},"modified":"2021-12-08T11:31:25","modified_gmt":"2021-12-08T04:31:25","slug":"vai-tuoi-dong-lon-el-greco-lychee-in-light-syrup","status":"publish","type":"product","link":"https:\/\/havamall.com\/en\/shop\/vai-tuoi-dong-lon-el-greco-lychee-in-light-syrup\/","title":{"rendered":"V\u1ea3i T\u01b0\u01a1i \u0110\u00f3ng Lon El Greco &#8211; Lychee In Light Syrup"},"content":{"rendered":"<p>M\u00f9a h\u00e8 n\u00f3ng n\u1ef1c, c\u00f3 m\u1ed9t ly n\u01b0\u1edbc gi\u1ea3i kh\u00e1t m\u00e1t l\u1ea1nh t\u1eeb tr\u00e1i c\u00e2y th\u00ec th\u1eadt tuy\u1ec7t ph\u1ea3i kh\u00f4ng? C\u00e1c m\u00f3n n\u01b0\u1edbc\u00a0t\u1eeb tr\u00e1i c\u00e2y n\u00e0y kh\u00f4ng ch\u1ec9 ngon, b\u1ed5, r\u1ebb m\u00e0 c\u00f2n th\u1ef1c s\u1ef1 gi\u00fap b\u1ea1n thanh nhi\u1ec7t gi\u1ea3i \u0111\u1ed9c hi\u1ec7u qu\u1ea3 trong ng\u00e0y\u00a0h\u00e8\u00a0n\u1eafng n\u00f3ng. M\u00f9a h\u00e8 l\u00e0 m\u00f9a c\u1ee7a r\u1ea5t nhi\u1ec1u tr\u00e1i c\u00e2y th\u01a1m ngon nh\u01b0 nh\u00e3n, ch\u00f4m ch\u00f4m, v\u1ea3i,&#8230;h\u00e3y th\u1eed \u0111\u1ed5i v\u1ecb cho gia \u0111\u00ecnh v\u1edbi tr\u00e0 v\u1ea3i xem sao n\u00e8! M\u1ed9t ly tr\u00e0 v\u1ea3i th\u01a1m m\u00e1t, ng\u1ecdt ng\u1ecdt chua chua s\u1ebd khi\u1ebfn d\u1ecbu \u0111i c\u00e1i n\u1eafng gay g\u1eaft, \u0111em l\u1ea1i cho b\u1ea1n m\u1ed9t c\u1ea3m gi\u00e1c s\u1ea3ng kho\u00e1i gi\u1eefa nh\u1eefng ng\u00e0y h\u00e8 oi n\u00f3ng. V\u1edbi v\u1ea3i \u0111\u00f3ng lon, b\u1ea1n c\u00f3 th\u1ec3 d\u1ec5 d\u00e0ng pha m\u1ed9t ly tr\u00e0 v\u1ea3i th\u01a1m ngon m\u00e0 kh\u00f4ng c\u1ea7n t\u1ed1n qu\u00e1 nhi\u1ec1u c\u00f4ng s\u1ee9c nh\u00e9.<\/p>\n<p><img decoding=\"async\" class=\"aligncenter\" src=\"https:\/\/havamall.com\/wp-content\/uploads\/2020\/07\/dao-el-greco.jpg\" alt=\"V\u1ea3i Ng\u00e2m El Greco 565Gr | Kho nguy\u00ean li\u1ec7u pha ch\u1ebf\" \/><\/p>\n<h1><strong>C\u00f4ng d\u1ee5ng c\u1ee7a qu\u1ea3 v\u1ea3i<\/strong><\/h1>\n<ul>\n<li>T\u0103ng c\u01b0\u1eddng mi\u1ec5n d\u1ecbch<\/li>\n<li>Ph\u00f2ng ch\u1ed1ng ung th\u01b0<\/li>\n<li>H\u1ed7 tr\u1ee3 ti\u00eau h\u00f3a<\/li>\n<li>Gi\u1ea3m n\u1ebfp nh\u0103n v\u00e0 t\u00e0n nhang<\/li>\n<li>Duy tr\u00ec m\u00e1i t\u00f3c kh\u1ecfe m\u1ea1nh<\/li>\n<\/ul>\n<h1><strong>H\u01b0\u1edbng d\u1eabn s\u1eed d\u1ee5ng v\u00e0 b\u1ea3o qu\u1ea3n<\/strong><\/h1>\n<ul>\n<li>C\u00f3 th\u1ec3 \u0103n li\u1ec1n (th\u00eam \u0111\u00e1).<\/li>\n<li>Ch\u1ebf Bi\u1ebfn c\u00e1c m\u00f3n n\u01b0\u1edbc gi\u1ea3i kh\u00e1t: Tr\u00e0 V\u1ea3i, Sinh t\u1ed1 v\u1ea3i<\/li>\n<li>Topping c\u00e1c m\u00f3n n\u01b0\u1edbc gi\u1ea3i kh\u00e1t, tr\u00e0 s\u1eefa, s\u1eefa t\u01b0\u01a1i, kem\u2026<\/li>\n<li>D\u00f9ng ch\u1ebf bi\u1ebfn th\u1ef1c ph\u1ea9m:\u00a0 B\u00e1nh t\u01b0\u01a1i, n\u01b0\u1edbng\u2026<\/li>\n<\/ul>\n<p><img decoding=\"async\" class=\"aligncenter\" src=\"https:\/\/havamall.com\/wp-content\/uploads\/2020\/07\/coconut-pudding-with-lychee-and-mango-salad-72137-1.jpeg\" alt=\"Coconut pudding with lychee and mango salad\" \/><\/p>\n<ul>\n<li>D\u00f9ng l\u00e0m m\u1ee9t, nh\u00e2n b\u00e1nh ng\u1ecdt\u2026<\/li>\n<li>C\u00e1ch b\u1ea3o qu\u1ea3n H\u1ed9p V\u1ea3i: \u0110\u00f3ng h\u1ed9p ch\u1eafc ch\u1eafn n\u00ean c\u00f3 th\u1ec3 b\u1ea3o qu\u1ea3n b\u1ea5t c\u1ee9 \u0111\u00e2u. Tr\u00e1nh \u00e1nh n\u1eafng chi\u1ebfu tr\u1ef1c ti\u1ebfp v\u00e0o h\u1ed9p \u0111\u00e0o s\u1ebd l\u00e0m h\u1ed9p n\u00f3ng l\u00ean v\u00e0 c\u00f3 th\u1ec3 b\u1ecb h\u01b0.<\/li>\n<li>H\u1ed9p \u0111\u00e3 m\u1edf ra b\u1ea3o qu\u1ea3n t\u1ee7 m\u00e1t n\u1ebfu \u0111\u1ec3 s\u1eed d\u1ee5ng tr\u00ean 24h<\/li>\n<li>Khui n\u1eafp ra l\u00e0 c\u00f3 th\u1ec3 s\u1eed d\u1ee5ng \u0111\u01b0\u1ee3c ngay<\/li>\n<\/ul>\n<p>&nbsp;<\/p>\n<p><img decoding=\"async\" class=\"aligncenter\" src=\"https:\/\/havamall.com\/wp-content\/uploads\/2020\/07\/lychee-martini-with-homemade-liqueur-recipe-761097-hero-01-ff2e0a6cb6804876a978bdb8b5d1aa06.jpg\" alt=\"Lychee martini with homemade liqueur recipe\" \/><\/p>\n<h2><strong>H\u01b0\u1edbng d\u1eabn l\u00e0m th\u1ea1ch v\u1ea3i \u0111\u01a1n gi\u1ea3n t\u1ea1i nh\u00e0<\/strong><\/h2>\n<ul>\n<li>2 lon v\u1ea3i t\u01b0\u01a1i b\u1ea1n khui n\u1eafp v\u00e0 l\u1ea5y\u00a0tr\u00e1i v\u1ea3i v\u00e0 n\u01b0\u1edbc v\u1ea3i ra ri\u00eang. N\u01b0\u1edbc v\u1ea3i: 350ml l\u00e0m th\u1ea1ch<\/li>\n<li>Cho 3g b\u1ed9t rau c\u00e2u gi\u00f2n v\u00e0o t\u00f4 ho\u1eb7c n\u1ed3i, cho th\u00eam v\u00e0o t\u00f4 100ml n\u01b0\u1edbc l\u1ecdc, 350ml n\u01b0\u1edbc v\u1ea3i t\u01b0\u01a1i \u0111\u00e3 t\u00e1ch \u1edf tr\u00ean.\u00a0Khu\u1ea5y \u0111\u1ec1u v\u00e0 ng\u00e2m trong 30 ph\u00fat.<\/li>\n<li>Cho h\u1ed7n h\u1ee3p b\u1ed9t rau c\u00e2u v\u00e0 n\u01b0\u1edbc v\u1ea3i \u1edf tr\u00ean v\u00e0o n\u1ed3i. \u0110un s\u00f4i tr\u00ean\u00a0l\u1eeda v\u1eeba, th\u00eam 75g \u0111\u01b0\u1eddng v\u00e0o n\u1ed3i,\u00a0khu\u1ea5y \u0111\u1ec1u r\u1ed3i t\u1eaft b\u1ebfp, cho 100ml s\u1eefa t\u01b0\u01a1i kh\u00f4ng \u0111\u01b0\u1eddng v\u00e0o khu\u1ea5y \u0111\u1ec1u m\u1ed9t l\u1ea7n n\u1eefa r\u1ed3i\u00a0\u0111\u1ed5 ra khu\u00f4n, \u0111\u1ec3 ngu\u1ed9i.<\/li>\n<li>Cho h\u1ed9p rau c\u00e2u v\u00e0o ng\u0103n m\u00e1t t\u1ee7 l\u1ea1nh\u00a0kho\u1ea3ng 1 ti\u1ebfng\u00a0cho th\u1ea1ch\u00a0\u0111\u00f4ng l\u1ea1i ho\u00e0n to\u00e0n.<\/li>\n<li>Sau khi th\u1ea1ch \u0111\u00f4ng, b\u1ea1n l\u1ea5y th\u1ea1ch ra kh\u1ecfi khu\u00f4n, c\u1eaft th\u00e0nh\u00a0nh\u1eefng mi\u1ebfng ch\u1eef nh\u1eadt nh\u1ecf v\u1eeba \u0103n\u00a0r\u1ed3i cho v\u00e0o\u00a0ng\u0103n m\u00e1t gi\u1eef l\u1ea1nh\u00a0\u0111\u1ebfn khi d\u00f9ng.<\/li>\n<\/ul>\n<p><img decoding=\"async\" class=\"aligncenter\" src=\"https:\/\/havamall.com\/wp-content\/uploads\/2020\/07\/3db5cfe5cf7237d199f106d07f22eed7.jpg\" alt=\"Deliciously Easy Almond Jelly with Lychees | Recipe | Almond jelly ...\" \/><\/p>\n<div class=\"site-content col-sm-12 content-with-products\" role=\"main\">\n<div id=\"product-15222\" class=\"single-product-page single-product-content product-design-default tabs-location-standard tabs-type-tabs meta-location-add_to_cart reviews-location-tabs product-no-bg product-with-attachments post-15222 product type-product status-publish has-post-thumbnail product_cat-khuyen-mai product_cat-thuc-pham-tieu-dung product_cat-thuc-pham-dong-hop first instock sale shipping-taxable purchasable product-type-simple\">\n<div class=\"product-tabs-wrapper\">\n<div class=\"container\">\n<div class=\"row\">\n<div class=\"col-sm-12 poduct-tabs-inner\">\n<div class=\"woocommerce-tabs wc-tabs-wrapper tabs-layout-tabs\">\n<div class=\"woodmart-tab-wrapper\">\n<div id=\"tab-description\" class=\"woocommerce-Tabs-panel woocommerce-Tabs-panel--description panel entry-content wc-tab\">\n<div class=\"wc-tab-inner\">\n<div class=\"\">\n<p>H\u00e3y l\u1ef1a ch\u1ecdn Havamall l\u00e0m n\u01a1i mua h\u00e0ng uy t\u00edn c\u1ee7a b\u1ea1n \u0111\u1ec3 \u0111\u1ea3m b\u1ea3o gi\u00e1 th\u00e0nh ph\u1ea3i ch\u0103ng v\u00e0 ch\u1ea5t l\u01b0\u1ee3ng tuy\u1ec7t v\u1eddi!!!<\/p>\n<\/div>\n<\/div>\n<\/div>\n<\/div>\n<\/div>\n<\/div>\n<\/div>\n<\/div>\n<\/div>\n<\/div>\n<\/div>","protected":false},"excerpt":{"rendered":"<ul>\n<li>\u0110\u01b0\u1ee3c ch\u1ebf bi\u1ebfn t\u1eeb nh\u1eefng tr\u00e1i v\u1ea3i t\u01b0\u01a1i ngon \u0111\u01b0\u1ee3c ch\u1ecdn l\u1ecdc k\u1ef9 l\u01b0\u1ee1ng lu\u00f4n \u0111\u1ea3m b\u1ea3o \u0111\u01b0\u1ee3c s\u1ef1 an to\u00e0n v\u00e0 v\u1ec7 sinh th\u1ef1c ph\u1ea9m cho ng\u01b0\u1eddi s\u1eed d\u1ee5ng.<\/li>\n<li>C\u00f3 th\u1ec3 \u0103n li\u1ec1n (th\u00eam \u0111\u00e1).<\/li>\n<li>Ch\u1ebf Bi\u1ebfn c\u00e1c m\u00f3n n\u01b0\u1edbc gi\u1ea3i kh\u00e1t: Tr\u00e0 V\u1ea3i, Sinh t\u1ed1 v\u1ea3i\u00a0 Topping c\u00e1c m\u00f3n n\u01b0\u1edbc gi\u1ea3i kh\u00e1t, tr\u00e0 s\u1eefa, s\u1eefa t\u01b0\u01a1i, kem\u2026<\/li>\n<li>D\u00f9ng ch\u1ebf bi\u1ebfn th\u1ef1c ph\u1ea9m:\u00a0 B\u00e1nh t\u01b0\u01a1i, n\u01b0\u1edbng\u2026<\/li>\n<li>D\u00f9ng l\u00e0m m\u1ee9t, nh\u00e2n b\u00e1nh ng\u1ecdt\u2026<\/li>\n<\/ul>","protected":false},"featured_media":15421,"comment_status":"open","ping_status":"closed","template":"","meta":[],"product_brand":[],"product_cat":[36,143],"product_tag":[],"class_list":{"0":"post-15417","1":"product","2":"type-product","3":"status-publish","4":"has-post-thumbnail","6":"product_cat-thuc-pham-tieu-dung","7":"product_cat-thuc-pham-dong-hop","9":"first","10":"outofstock","11":"sale","12":"shipping-taxable","13":"purchasable","14":"product-type-simple"},"_links":{"self":[{"href":"https:\/\/havamall.com\/en\/wp-json\/wp\/v2\/product\/15417","targetHints":{"allow":["GET"]}}],"collection":[{"href":"https:\/\/havamall.com\/en\/wp-json\/wp\/v2\/product"}],"about":[{"href":"https:\/\/havamall.com\/en\/wp-json\/wp\/v2\/types\/product"}],"replies":[{"embeddable":true,"href":"https:\/\/havamall.com\/en\/wp-json\/wp\/v2\/comments?post=15417"}],"version-history":[{"count":0,"href":"https:\/\/havamall.com\/en\/wp-json\/wp\/v2\/product\/15417\/revisions"}],"wp:featuredmedia":[{"embeddable":true,"href":"https:\/\/havamall.com\/en\/wp-json\/wp\/v2\/media\/15421"}],"wp:attachment":[{"href":"https:\/\/havamall.com\/en\/wp-json\/wp\/v2\/media?parent=15417"}],"wp:term":[{"taxonomy":"product_brand","embeddable":true,"href":"https:\/\/havamall.com\/en\/wp-json\/wp\/v2\/product_brand?post=15417"},{"taxonomy":"product_cat","embeddable":true,"href":"https:\/\/havamall.com\/en\/wp-json\/wp\/v2\/product_cat?post=15417"},{"taxonomy":"product_tag","embeddable":true,"href":"https:\/\/havamall.com\/en\/wp-json\/wp\/v2\/product_tag?post=15417"}],"curies":[{"name":"wp","href":"https:\/\/api.w.org\/{rel}","templated":true}]}}