{"id":15425,"date":"2020-07-23T16:27:57","date_gmt":"2020-07-23T09:27:57","guid":{"rendered":"https:\/\/havamall.com\/?post_type=product&#038;p=15425"},"modified":"2021-09-10T10:33:24","modified_gmt":"2021-09-10T03:33:24","slug":"pate-gan-bo-hame-105g-hame-beef-liver-pate-105g","status":"publish","type":"product","link":"https:\/\/havamall.com\/en\/shop\/pate-gan-bo-hame-105g-hame-beef-liver-pate-105g\/","title":{"rendered":"Pate Gan B\u00f2 Ham\u00e9 105g &#8211; Ham\u00e9 Beef Liver Pate 105g"},"content":{"rendered":"<p>Kh\u00f4ng ch\u1ec9 l\u00e0 m\u00f3n \u0103n n\u1ed5i ti\u1ebfng v\u1ec1 \u0111\u1ed9 th\u01a1m ngon, h\u1ea5p d\u1eabn, pate gan \u0111\u1eb7c bi\u1ec7t l\u00e0 pate gan b\u00f2 c\u00f2n l\u00e0 m\u00f3n \u0103n gi\u00e0u ch\u1ea5t dinh d\u01b0\u1ee1ng b\u1eadc nh\u1ea5t trong s\u1ed1 nh\u1eefng lo\u1ea1i th\u1ef1c ph\u1ea9m t\u1eeb \u0111\u1ed9ng v\u1eadt. V\u1edbi h\u00e0m l\u01b0\u1ee3ng \u0111\u1ea1m cao, cung c\u1ea5p nhi\u1ec1u ch\u1ea5t s\u1eaft, acid folic v\u00e0 \u0111\u1eb7c bi\u1ec7t l\u00e0 vitamin A, axit b\u00e9o kh\u00f4ng b\u00e3o h\u00f2a&#8230; gi\u00fap ng\u0103n ch\u1eb7n b\u1ec7nh tim m\u1ea1ch, h\u1ea1 t\u1ef7 l\u1ec7 cholesterol x\u1ea5u&#8230; trong c\u01a1 th\u1ec3.<\/p>\n<p><img fetchpriority=\"high\" decoding=\"async\" class=\"wp-image-15431 aligncenter\" src=\"https:\/\/havamall.com\/wp-content\/uploads\/2020\/07\/pashtet-iz-svinoj-pecheni-s-morkovyu-i-maslom-1-e1583405445453-300x186.jpg\" alt=\"\" width=\"1002\" height=\"622\" \/><\/p>\n<p>Th\u01b0\u1edfng th\u1ee9c Pate B\u00f2 ph\u1ea3i t\u1eeb t\u1ed1n \u0111\u1ec3 c\u1ea3m nh\u1eadn v\u1ecb b\u00e9o v\u00e0 m\u00f9i th\u01a1m c\u1ee7a gan nh\u01b0 tan d\u1ea7n tr\u00ean \u0111\u1ea7u l\u01b0\u1ee1i m\u1ed9t c\u00e1ch nh\u1eb9 nh\u00e0ng, quy\u1ebfn r\u0169 \u0111\u1ebfn l\u1ea1 l\u00f9ng. M\u1ed9t v\u1ecb b\u00e9o nh\u1eb9 ph\u1ea3ng ph\u1ea5t, kh\u00f4ng g\u1eaft, kh\u00f4ng h\u0103ng, tr\u00f4i l\u1eefng l\u1edd xu\u1ed1ng c\u1ed5 m\u00e0 kh\u00f4ng c\u00f3 c\u1ea3m gi\u00e1c ng\u1eady.<\/p>\n<p>C\u00e1c m\u00f3n \u0103n \u0111\u01b0\u1ee3c d\u00f9ng k\u00e8m v\u1edbi pate thay \u0111\u1ed5i b\u1eefa \u0103n ngon mi\u1ec7ng v\u00e0 b\u1ed5 d\u01b0\u1ee1ng cho b\u00e9 nh\u01b0 ch\u00e1o, c\u01a1m nghi\u1ec1n n\u00e1t, b\u00e1nh m\u1ef3. M\u00f3n pate n\u00e0y c\u00f2n c\u00f3 th\u1ec3 d\u00f9ng cho gia \u0111\u00ecnh v\u00e0o b\u1eefa s\u00e1ng, c\u00e1c bu\u1ed5i \u0111i d\u00e3 ngo\u1ea1i, h\u1ee3p m\u1eb7t gia \u0111\u00ecnh v\u00e0 b\u1ea1n b\u00e8. Havamall hi\u1ec7n nay l\u00e0 \u0111\u1ea1i l\u00fd ph\u00e2n ph\u1ed1i c\u00e1c s\u1ea3n ph\u1ea9m Pate gan Ham\u00e9 uy t\u00edn c\u1ee7a Nga.<\/p>\n<h1><strong>\u0110\u1eb7c \u0111i\u1ec3m n\u1ed5i b\u1eadt c\u1ee7a s\u1ea3n ph\u1ea9m<\/strong><\/h1>\n<p>Pate gan b\u00f2 c\u1ee7a Nga l\u00e0 m\u1ed9t trong nh\u1eefng m\u00f3n \u0103n \u0111\u1eb7c s\u1eafc c\u1ee7a \u1ea9m th\u1ef1c th\u1ebf gi\u1edbi, l\u00e0 m\u00f3n \u0103n c\u00f3 ngu\u1ed3n g\u1ed1c t\u1eeb n\u1ed9i t\u1ea1ng \u0111\u1ed9ng v\u1eadt \u0111\u01b0\u1ee3c xu\u1ea5t hi\u1ec7n tr\u00ean nh\u1eefng b\u00e0n ti\u1ec7c v\u01b0\u01a1ng gi\u1ea3. Pate gan b\u00f2 Ham\u00e9 \u0111\u01b0\u1ee3c s\u1ea3n xu\u1ea5t v\u00e0 nh\u1eadp kh\u1ea9u tr\u1ef1c ti\u1ebfp t\u1eeb Nga, h\u01b0\u01a1ng v\u1ecb th\u01a1m ngon, b\u1ed5 d\u01b0\u1ee1ng. S\u1ea3n ph\u1ea9m \u0111\u01b0\u1ee3c \u0111\u00f3ng g\u00f3i nh\u1ecf g\u1ecdn, ph\u00f9 h\u1ee3p d\u00f9ng trong gia \u0111\u00ecnh c\u0169ng nh\u01b0 trong c\u00e1c chuy\u1ebfn d\u00e3 ngo\u1ea1i.<\/p>\n<p><img decoding=\"async\" class=\"wp-image-15432 aligncenter\" src=\"https:\/\/havamall.com\/wp-content\/uploads\/2020\/07\/9fee2fe70da0f2c4ceacadac0605bf8e-300x171.jpg\" alt=\"\" width=\"895\" height=\"510\" \/><\/p>\n<p>L\u00e0 m\u00f3n \u0103n tuy\u1ec7t h\u1ea3o th\u01b0\u1eddng xu\u1ea5t hi\u1ec7n trong nh\u1eefng nh\u00e0 h\u00e0ng \u0111\u1eb3ng c\u1ea5p th\u1ebf gi\u1edbi. V\u1ecb thanh tao, kh\u00f4ng ng\u1ea5y, \u00a0th\u01a1m b\u00f9i, kh\u00f4ng ng\u00e1n, k\u1ebft c\u1ea5u m\u1ec1m m\u1ea1i nh\u01b0 l\u1ee5a.<\/p>\n<p>Pate gan b\u00f2 mang m\u00e0u n\u00e2u s\u1eabm v\u00e0 c\u00f3 ph\u1ea7n m\u1ee1 m\u00e0ng h\u01a1n so v\u1edbi c\u00e1c lo\u1ea1i Pate kh\u00e1c. Pat\u00ea gan b\u00f2 ng\u1ecdt, thanh tao ch\u1ee9 kh\u00f4ng m\u1eb7n, kh\u00f4ng qu\u00e1 h\u0103ng m\u0169i. V\u1eabn l\u00e0 v\u1ecb \u1ea5m v\u00e0 n\u1ed3ng n\u00e0n \u0111\u1eb7c tr\u01b0ng c\u1ee7a gan \u0111\u1ed9ng v\u1eadt (ng\u1ed7ng) nh\u01b0ng kh\u00f4ng ng\u1eady nh\u01b0 c\u00e1c lo\u1ea1i pat\u00ea gan heo, pat\u00ea th\u1ecf, pat\u00ea ti\u00eau xanh\u2026<\/p>\n<p><img decoding=\"async\" class=\"wp-image-15437 aligncenter\" src=\"https:\/\/havamall.com\/wp-content\/uploads\/2020\/07\/66172-2-300x300.jpg\" alt=\"\" width=\"577\" height=\"577\" \/><\/p>\n<table>\n<tbody>\n<tr>\n<td class=\"specs-table__property\"><strong>H\u1ea1n s\u1eed d\u1ee5ng<\/strong><\/td>\n<td class=\"specs-table__value\">24 th\u00e1ng<\/td>\n<\/tr>\n<tr>\n<td class=\"specs-table__property\"><strong>Quy c\u00e1ch \u0111\u00f3ng g\u00f3i\u00a0<\/strong><\/td>\n<td class=\"specs-table__value\">H\u1ed9p nh\u00f4m ch\u1eafc ch\u1eafn 105g, bao b\u00ec \u0111\u1eb9p<\/td>\n<\/tr>\n<tr>\n<td class=\"specs-table__property\"><strong>Gi\u00e1 tr\u1ecb dinh d\u01b0\u1ee1ng<\/strong><\/td>\n<td class=\"specs-table__value\">Gi\u00e1 tr\u1ecb dinh d\u01b0\u1ee1ng trong 100g: protein-12,1g, ch\u1ea5t b\u00e9o -12,5g, carbohydrate-3 4g.<br \/>\nGi\u00e1 tr\u1ecb n\u0103ng l\u01b0\u1ee3ng: 177kkal<\/td>\n<\/tr>\n<tr>\n<td class=\"specs-table__property\"><strong>H\u01b0\u1edbng d\u1eabn s\u1eed d\u1ee5ng<\/strong><\/td>\n<td class=\"specs-table__value\">D\u00f9ng l\u00e0m th\u1ef1c ph\u1ea9m \u0103n li\u1ec1n ho\u1eb7c ch\u1ebf bi\u1ebfn th\u00e0nh c\u00e1c m\u00f3n \u0103n t\u00f9y th\u00edch.<\/td>\n<\/tr>\n<tr>\n<td class=\"specs-table__property\"><strong>Th\u00e0nh ph\u1ea7n nguy\u00ean li\u1ec7u<\/strong><\/td>\n<td class=\"specs-table__value\">Th\u1ecbt b\u00f2, gan b\u00f2, n\u01b0\u1edbc, th\u1ecbt b\u00f2 lo\u1ea1i b\u1ecf g\u00e2n, th\u1ecbt b\u00f2 m\u1ee1, da th\u1ecbt l\u1ee3n, mu\u1ed1i nitrit (mu\u1ed1i, ch\u1ea5t b\u1ea3o qu\u1ea3n E250), tinh b\u1ed9t khoai t\u00e2y v\u00e0 c\u00e1c lo\u1ea1i gia v\u1ecb.<\/td>\n<\/tr>\n<tr>\n<td class=\"specs-table__property\"><strong>H\u01b0\u1edbng d\u1eabn b\u1ea3o qu\u1ea3n<\/strong><\/td>\n<td class=\"specs-table__value\">Sau khi m\u1edf n\u00ean b\u1ea3o qu\u1ea3n l\u1ea1nh \u1edf nhi\u1ec7t \u0111\u1ed9 t\u1eeb +2 \u00b0C \u0111\u1ebfn +6 \u00b0C v\u00e0 s\u1eed d\u1ee5ng trong v\u00f2ng 24 gi\u1edd sau khi m\u1edf n\u1eafp. B\u1ea3o qu\u1ea3n n\u01a1i kh\u00f4 r\u00e1o, tho\u00e1ng m\u00e1t, tr\u00e1nh \u00e1nh n\u1eafng chi\u1ebfu tr\u1ef1c ti\u1ebfp.<\/td>\n<\/tr>\n<tr>\n<td class=\"specs-table__property\"><strong>Xu\u1ea5t x\u1ee9<\/strong><\/td>\n<td class=\"specs-table__value\">Nga<\/td>\n<\/tr>\n<\/tbody>\n<\/table>\n<h1><img loading=\"lazy\" decoding=\"async\" class=\"wp-image-15434 aligncenter\" src=\"https:\/\/havamall.com\/wp-content\/uploads\/2020\/07\/6df676e36cd4edcb2bd6069528ec8648-300x167.jpg\" alt=\"\" width=\"678\" height=\"377\" \/><\/h1>\n<h1><strong>C\u00f4ng d\u1ee5ng c\u1ee7a Pate Gan B\u00f2<\/strong><\/h1>\n<h2><strong><em>C\u00e1ch th\u01b0\u1edfng th\u1ee9c:<\/em><\/strong><\/h2>\n<ul>\n<li>M\u00f3n \u0103n n\u00e0y ngon nh\u1ea5t ch\u1ec9 \u0111\u01a1n gi\u1ea3n l\u00e0 d\u00f9ng k\u00e8m v\u1edbi lo\u1ea1i b\u00e1nh m\u00ec \u0111\u1eb7c ru\u1ed9t, \u0111\u01b0\u1ee3c n\u01b0\u1edbng qua \u0111\u1ec3 l\u1edbp m\u1eb7t se l\u1ea1i, ph\u00eda ngo\u00e0i c\u00f3 \u0111\u1ed9 gi\u00f2n nh\u1eb9 nh\u01b0ng kh\u00f4ng c\u1ee9ng, ph\u1ea7n ru\u1ed9t v\u1eabn x\u1ed1p m\u1ec1m. C\u0169ng c\u00f3 th\u1ec3 d\u00f9ng b\u00e1nh m\u00ec sandwich n\u01b0\u1edbng v\u00e0ng hai m\u1eb7t r\u1ed3i ph\u1ebft Pate Gan B\u00f2 Ham\u00e9.<\/li>\n<li>\u0102n ke\u0300m v\u01a1\u0301i x\u00f4i\u00a0ho\u0103\u0323c la\u0300m mo\u0301n rau lu\u00f4\u0323c ch\u00e2\u0301m s\u00f4\u0301t pate cu\u0303ng r\u00e2\u0301t tuy\u00ea\u0323t v\u01a1\u0300i,<\/li>\n<li>Pate th\u01b0\u1eddng \u0111\u01b0\u1ee3c d\u00f9ng k\u00e8m v\u1edbi b\u00e1nh m\u1ef3 ho\u1eb7c sandwich, r\u1ea5t d\u1ec5 \u0103n v\u00e0o bu\u1ed5i s\u00e1ng. B\u1ea1n c\u00f3 th\u1ec3 mua d\u00f9ng cho b\u1eefa s\u00e1ng \u1edf nh\u00e0 hay d\u00f9ng trong khi \u0111i du l\u1ecbch c\u00f9ng v\u1edbi b\u1ea1n b\u00e8, ng\u01b0\u1eddi th\u00e2n.<\/li>\n<\/ul>\n<p><img loading=\"lazy\" decoding=\"async\" class=\"wp-image-15435 aligncenter\" src=\"https:\/\/havamall.com\/wp-content\/uploads\/2020\/07\/pashtet-300x200.jpg\" alt=\"\" width=\"842\" height=\"561\" \/><\/p>\n<h2><em><strong>L\u1ee3i \u00edch v\u1ec1 s\u1ee9c kh\u1ecfe<\/strong><\/em><\/h2>\n<ul>\n<li>Kh\u00e1c v\u1edbi c\u00e1c d\u00f2ng s\u1ea3n ph\u1ea9m c\u00f9ng lo\u1ea1i th\u00f4ng th\u01b0\u1eddng, pate gan b\u00f2 Ham\u00e9 c\u00f3 c\u00f4ng d\u1ee5ng gi\u1ea3m c\u00e2n, ph\u00f9 h\u1ee3p v\u1edbi nh\u1eefng ng\u01b0\u1eddi \u0103n ki\u00eang nh\u01b0ng v\u1eabn \u0111\u1ea3m b\u1ea3o cung c\u1ea5p l\u01b0\u1ee3ng dinh d\u01b0\u1ee1ng c\u1ea7n thi\u1ebft v\u00e0 l\u00e0 s\u1ef1 ph\u1ed1i h\u1ee3p tuy\u1ec7t v\u1eddi cho nh\u1eefng m\u00f3n ngon h\u1eb1ng ng\u00e0y.<\/li>\n<li>C\u00f3 h\u00e0m l\u01b0\u1ee3ng \u0111\u1ea1m cao , cung c\u1ea5p nhi\u1ec1u ch\u1ea5t s\u1eaft<\/li>\n<li>T\u0103ng c\u01b0\u1eddng tr\u00ed nh\u1edb<\/li>\n<li>Ng\u0103n ch\u1eb7n b\u1ec7nh tim do ch\u1ee9a axit b\u00e9o kh\u00f4ng b\u00e3o h\u00f2a<\/li>\n<li>Gi\u00fap h\u1ea1 t\u1ef7 l\u1ec7 cholesterol x\u1ea5u trong c\u01a1 th\u1ec3<\/li>\n<li>T\u0103ng h\u1ec7 mi\u1ec5n d\u1ecbch<\/li>\n<\/ul>\n<p>&nbsp;<\/p>\n<p>&nbsp;<\/p>","protected":false},"excerpt":{"rendered":"<ul>\n<li>Pate gan b\u00f2 Hame \u0111\u01b0\u1ee3c s\u1ea3n xu\u1ea5t v\u00e0 nh\u1eadp kh\u1ea9u tr\u1ef1c ti\u1ebfp t\u1eeb Nga, h\u01b0\u01a1ng v\u1ecb th\u01a1m ngon, b\u1ed5 d\u01b0\u1ee1ng.<\/li>\n<li>S\u1ea3n ph\u1ea9m \u0111\u01b0\u1ee3c \u0111\u00f3ng g\u00f3i nh\u1ecf g\u1ecdn, ph\u00f9 h\u1ee3p d\u00f9ng trong gia \u0111\u00ecnh c\u0169ng nh\u01b0 trong c\u00e1c chuy\u1ebfn d\u00e3 ngo\u1ea1i.<\/li>\n<li>D\u00f9ng l\u00e0m th\u1ef1c ph\u1ea9m \u0103n li\u1ec1n ho\u1eb7c ch\u1ebf bi\u1ebfn th\u00e0nh c\u00e1c m\u00f3n \u0103n t\u00f9y th\u00edch.<\/li>\n<li>B\u1ea3o qu\u1ea3n n\u01a1i kh\u00f4 r\u00e1o, tho\u00e1ng m\u00e1t, tr\u00e1nh \u00e1nh n\u1eafng chi\u1ebfu tr\u1ef1c ti\u1ebfp.<\/li>\n<li>Sau khi m\u1edf n\u00ean b\u1ea3o qu\u1ea3n l\u1ea1nh \u1edf nhi\u1ec7t \u0111\u1ed9 t\u1eeb +2 \u00b0C \u0111\u1ebfn +6 \u00b0C v\u00e0 s\u1eed d\u1ee5ng trong v\u00f2ng 24 gi\u1edd sau khi m\u1edf n\u1eafp.<\/li>\n<\/ul>","protected":false},"featured_media":15441,"comment_status":"open","ping_status":"closed","template":"","meta":[],"product_brand":[],"product_cat":[36,143],"product_tag":[],"class_list":{"0":"post-15425","1":"product","2":"type-product","3":"status-publish","4":"has-post-thumbnail","6":"product_cat-thuc-pham-tieu-dung","7":"product_cat-thuc-pham-dong-hop","9":"first","10":"outofstock","11":"sale","12":"shipping-taxable","13":"purchasable","14":"product-type-simple"},"_links":{"self":[{"href":"https:\/\/havamall.com\/en\/wp-json\/wp\/v2\/product\/15425","targetHints":{"allow":["GET"]}}],"collection":[{"href":"https:\/\/havamall.com\/en\/wp-json\/wp\/v2\/product"}],"about":[{"href":"https:\/\/havamall.com\/en\/wp-json\/wp\/v2\/types\/product"}],"replies":[{"embeddable":true,"href":"https:\/\/havamall.com\/en\/wp-json\/wp\/v2\/comments?post=15425"}],"version-history":[{"count":0,"href":"https:\/\/havamall.com\/en\/wp-json\/wp\/v2\/product\/15425\/revisions"}],"wp:featuredmedia":[{"embeddable":true,"href":"https:\/\/havamall.com\/en\/wp-json\/wp\/v2\/media\/15441"}],"wp:attachment":[{"href":"https:\/\/havamall.com\/en\/wp-json\/wp\/v2\/media?parent=15425"}],"wp:term":[{"taxonomy":"product_brand","embeddable":true,"href":"https:\/\/havamall.com\/en\/wp-json\/wp\/v2\/product_brand?post=15425"},{"taxonomy":"product_cat","embeddable":true,"href":"https:\/\/havamall.com\/en\/wp-json\/wp\/v2\/product_cat?post=15425"},{"taxonomy":"product_tag","embeddable":true,"href":"https:\/\/havamall.com\/en\/wp-json\/wp\/v2\/product_tag?post=15425"}],"curies":[{"name":"wp","href":"https:\/\/api.w.org\/{rel}","templated":true}]}}