{"id":15464,"date":"2020-07-24T11:57:06","date_gmt":"2020-07-24T04:57:06","guid":{"rendered":"https:\/\/havamall.com\/?post_type=product&#038;p=15464"},"modified":"2022-01-09T23:32:19","modified_gmt":"2022-01-09T16:32:19","slug":"pate-gan-ga-hame-105gr-chicken-liver-pate","status":"publish","type":"product","link":"https:\/\/havamall.com\/en\/shop\/pate-gan-ga-hame-105gr-chicken-liver-pate\/","title":{"rendered":"Pate Gan G\u00e0 Ham\u00e9 105gr &#8211;  Chicken Liver Pate"},"content":{"rendered":"<p><span style=\"font-weight: 400;\">Pa t\u00ea th\u01b0\u1eddng d\u00f9ng k\u1eb9p v\u1edbi b\u00e1nh m\u00ec ho\u1eb7c sandwich, r\u1ea5t d\u1ec5 \u0103n. L\u00e0 m\u00f3n r\u1ea5t d\u1ec5 \u0103n v\u00e0 thu\u1eadn ti\u1ec7n trong c\u00e1c b\u1eefa s\u00e1ng cho nh\u1eefng ng\u01b0\u1eddi v\u1ed9i v\u00e3 \u0111i l\u00e0m ho\u1eb7c th\u1ea3nh th\u01a1i \u0111i du l\u1ecbch. \u1ede Vi\u1ec7t Nam pate \u0111\u00e3 \u0111\u01b0\u1ee3c ch\u1ebf bi\u1ebfn theo phong c\u00e1ch Vi\u1ec7t \u0111\u00f3 l\u00e0 ng\u01b0\u1eddi ta th\u01b0\u1eddng d\u00f9ng ph\u1ea7n gan c\u1ee7a \u0111\u1ed9ng v\u1eadt (th\u01b0\u1eddng l\u00e0 gan heo) v\u00ec v\u1eady \u1edf Vi\u1ec7t Nam \u0111\u00f4i khi ng\u01b0\u1eddi ta g\u1ecdi pate v\u1edbi c\u00e1i t\u00ean thu\u1ea7n Vi\u1ec7t l\u00e0 gan xay. Ng\u01b0\u1eddi ta c\u0169ng s\u1ea3n xu\u1ea5t m\u1ed9t s\u1ed1 lo\u1ea1i pate d\u00e0nh cho ng\u01b0\u1eddi \u0103n ki\u00eang.<\/span><\/p>\n<p><span style=\"font-weight: 400;\">Pate gan c\u1ee7a Nga \u0111\u01b0\u1ee3c m\u1ec7nh danh l\u00e0 tinh hoa th\u1ef1c ph\u1ea9m nga \u0111\u1ebfn t\u1eeb \u0111\u1ea5t n\u01b0\u1edbc B\u1ea1ch D\u01b0\u01a1ng. T\u1ea1i Nga, m\u00f3n \u0103n n\u00e0y \u0111\u01b0\u1ee3c ng\u01b0\u1eddi d\u00e2n c\u1ef1c k\u00ec \u01b0a chu\u1ed9ng. B\u1ea5t k\u00ec ai \u0111\u00e3 t\u1eebng th\u01b0\u1edfng th\u1ee9c qua d\u00f9 ch\u1ec9 m\u1ed9t l\u1ea7n s\u1ebd kh\u00f4ng th\u1ec3 n\u00e0o qu\u00ean h\u01b0\u01a1ng v\u1ecb th\u01a1m ngon, b\u00e9o ng\u1eady nh\u01b0ng v\u00f4 c\u00f9ng thanh m\u00e1t c\u1ee7a lo\u1ea1i pate n\u00e0y.<\/span><\/p>\n<p><img decoding=\"async\" class=\"aligncenter\" src=\"https:\/\/havamall.com\/wp-content\/uploads\/2020\/07\/rabbit-pate-bruschetta-wooden-board-dark-background-rabbit-pate-bruschetta-wooden-board-dark-background-176911175.jpg\" alt=\"Rabbit Pate With Bruschetta On A Wooden Board. On Dark Background ...\" \/><\/p>\n<p><span style=\"font-weight: 400;\">Pate gan g\u00e0 mang m\u00e0u n\u00e2u s\u00e1ng v\u00e0 c\u00f3 ph\u1ea7n m\u1ee1 m\u00e0ng h\u01a1n so v\u1edbi c\u00e1c lo\u1ea1i pate kh\u00e1c nh\u1edd m\u1ed9t l\u1edbp vi\u1ec1n m\u1ee1 v\u00e0ng \u01b0\u01a1m \u00f3ng \u00e1nh. Pate ng\u1ecdt, m\u00e1t v\u00e0 thanh tao ch\u1ee9 kh\u00f4ng m\u1eb7n, kh\u00f4ng h\u0103ng m\u0169i. V\u1eabn l\u00e0 v\u1ecb \u1ea5m v\u00e0 n\u1ed3ng n\u00e0n \u0111\u1eb7c tr\u01b0ng c\u1ee7a gan \u0111\u1ed9ng v\u1eadt nh\u01b0ng kh\u00f4ng ng\u1eady nh\u01b0 c\u00e1c lo\u1ea1i pate gan heo, pate th\u1ecf, pate ti\u00eau xanh\u2026<\/span><\/p>\n<p><span style=\"font-weight: 400;\">Pate Ham\u00e9 kh\u00f4ng s\u1eed d\u1ee5ng ph\u1ee5 gia, ch\u1ea5t b\u1ea3o qu\u1ea3n \u0111\u1ed9c h\u1ea1i, \u0111\u1ea3m b\u1ea3o an to\u00e0n cho s\u1ee9c kh\u1ecfe ng\u01b0\u1eddi ti\u00eau d\u00f9ng. H\u1ed9p \u0111\u1ef1ng s\u1ea3n ph\u1ea9m l\u00e0m t\u1eeb nguy\u00ean li\u1ec7u s\u1ea1ch, kh\u00f4ng l\u1eabn t\u1ea1p ch\u1ea5t h\u00f3a h\u1ecdc \u0111\u1ed9c h\u1ea1i.<\/span><\/p>\n<p><span style=\"font-weight: 400;\">M\u00f3n n\u00e0y th\u01b0\u1eddng \u0111\u01b0\u1ee3c \u0103n k\u00e8m v\u1edbi b\u00e1nh m\u00ec, x\u00f4i n\u00f3ng cho b\u1eefa s\u00e1ng ho\u1eb7c nh\u1eefng b\u1eefa \u0103n nh\u1eb9 \u0111\u1ec3 l\u1ea5y l\u1ea1i s\u1ee9c kh\u1ecfe cho c\u00f4ng vi\u1ec7c, h\u1ecdc t\u1eadp.<\/span><\/p>\n<p><span style=\"font-weight: 400;\">Pate gan g\u00e0 hi\u1ec7u Ham\u00e9, nguy\u00ean li\u1ec7u kh\u00f4ng th\u1ec3 thi\u1ebfu \u0111\u1ec3 n\u1ea5u m\u00f3n pate v\u1edbi th\u1ecbt heo\/th\u1ecbt b\u00f2\/th\u1ecbt g\u00e0. V\u1ecb b\u00e9o c\u1ee7a gan, \u0111\u1eadm \u0111\u00e0 c\u1ee7a th\u1ecbt, h\u01b0\u01a1ng v\u1ecb th\u01a1m ngon c\u1ee7a pate Ph\u00e1p gi\u00fap m\u00f3n \u0103n kh\u00f4ng ch\u00ea v\u00e0o \u0111\u00e2u \u0111\u01b0\u1ee3c. H\u01b0\u01a1ng v\u1ecb nh\u1edb m\u00e3i kh\u00f4ng qu\u00ean!<\/span><\/p>\n<p><img fetchpriority=\"high\" decoding=\"async\" class=\"aligncenter\" src=\"https:\/\/havamall.com\/wp-content\/uploads\/2020\/07\/c\u00e1ch-l\u00e0m-pate-gan-heo-\u0103n-banh-mi-e1536550690602.jpg\" alt=\"C\u00e1ch l\u00e0m pate gan heo \u0103n b\u00e1nh m\u00ec c\u1ef1c d\u1ec5 l\u00e0m m\u00e0 ngon kh\u00f4ng t\u01b0\u1edfng\" width=\"653\" height=\"434\" \/><\/p>\n<ul>\n<li style=\"font-weight: 400;\"><span style=\"font-weight: 400;\">H\u01b0\u1edbng d\u1eabn s\u1eed d\u1ee5ng: d\u00f9ng \u0103n tr\u1ef1c ti\u1ebfp sau khi m\u1edf h\u1ed9p.<\/span><\/li>\n<li style=\"font-weight: 400;\"><span style=\"font-weight: 400;\">H\u01b0\u1edbng d\u1eabn b\u1ea3o qu\u1ea3n: b\u1ea3o qu\u1ea3n n\u01a1i kh\u00f4 r\u00e1o v\u00e0 tho\u00e1ng m\u00e1t, s\u1eed d\u1ee5ng nhanh v\u00e0 b\u1ea3o qu\u1ea3n l\u1ea1nh, t\u1eeb 0 &#8211; 4 \u0111\u1ed9 C<\/span><\/li>\n<li style=\"font-weight: 400;\"><span style=\"font-weight: 400;\">Kh\u1ed1i l\u01b0\u1ee3ng t\u1ecbnh: 105gr<\/span><\/li>\n<li style=\"font-weight: 400;\"><span style=\"font-weight: 400;\">Xu\u1ea5t x\u1ee9: Nga<\/span><\/li>\n<li style=\"font-weight: 400;\"><span style=\"font-weight: 400;\">Ng\u00e0y s\u1ea3n xu\u1ea5t: In tr\u00ean bao b\u00ec s\u1ea3n ph\u1ea9m<\/span><\/li>\n<li>H\u1ea1n s\u1eed d\u1ee5ng: 24 th\u00e1ng<\/li>\n<\/ul>\n<h2><i><span style=\"font-weight: 400;\">C\u00e1ch th\u01b0\u1edfng th\u1ee9c:<\/span><\/i><\/h2>\n<ul>\n<li style=\"font-weight: 400;\"><span style=\"font-weight: 400;\">M\u00f3n \u0103n n\u00e0y ngon nh\u1ea5t ch\u1ec9 \u0111\u01a1n gi\u1ea3n l\u00e0 d\u00f9ng k\u00e8m v\u1edbi lo\u1ea1i b\u00e1nh m\u00ec \u0111\u1eb7c ru\u1ed9t, \u0111\u01b0\u1ee3c n\u01b0\u1edbng qua \u0111\u1ec3 l\u1edbp m\u1eb7t se l\u1ea1i, ph\u00eda ngo\u00e0i c\u00f3 \u0111\u1ed9 gi\u00f2n nh\u1eb9 nh\u01b0ng kh\u00f4ng c\u1ee9ng, ph\u1ea7n ru\u1ed9t v\u1eabn x\u1ed1p m\u1ec1m. C\u0169ng c\u00f3 th\u1ec3 d\u00f9ng b\u00e1nh m\u00ec sandwich n\u01b0\u1edbng v\u00e0ng hai m\u1eb7t r\u1ed3i ph\u1ebft Pate Gan B\u00f2 Ham\u00e9.<\/span><\/li>\n<li style=\"font-weight: 400;\"><span style=\"font-weight: 400;\">\u0102n ke\u0300m v\u01a1\u0301i x\u00f4i ho\u0103\u0323c la\u0300m mo\u0301n rau lu\u00f4\u0323c ch\u00e2\u0301m s\u00f4\u0301t pate cu\u0303ng r\u00e2\u0301t tuy\u00ea\u0323t v\u01a1\u0300i,<\/span><\/li>\n<li style=\"font-weight: 400;\"><span style=\"font-weight: 400;\">Pate th\u01b0\u1eddng \u0111\u01b0\u1ee3c d\u00f9ng k\u00e8m v\u1edbi b\u00e1nh m\u00ec ho\u1eb7c sandwich, r\u1ea5t d\u1ec5 \u0103n v\u00e0o bu\u1ed5i s\u00e1ng. B\u1ea1n c\u00f3 th\u1ec3 mua d\u00f9ng cho b\u1eefa s\u00e1ng \u1edf nh\u00e0 hay d\u00f9ng trong khi \u0111i du l\u1ecbch c\u00f9ng v\u1edbi b\u1ea1n b\u00e8, ng\u01b0\u1eddi th\u00e2n.<\/span><\/li>\n<\/ul>\n<p><img decoding=\"async\" class=\"aligncenter\" src=\"https:\/\/lh3.googleusercontent.com\/proxy\/WOG0IyD_yjAx9au572GgB0B5nhLPQ5KlNbNoPU2xTpP_1qhGKVKigu_PFK7wmNpsMR6EVYy2z_OZhKGoTWphVylH_tFZjGYxckCWu3JumxVsNJ5rmesfNmo4tiJA2Vs4\" alt=\"Sandwich c\u00e1 ng\u1eeb x\u1ed1t Thousand Island | Kewpie\" width=\"747\" height=\"398\" \/><\/p>\n<h2><i><span style=\"font-weight: 400;\">L\u1ee3i \u00edch v\u1ec1 s\u1ee9c kh\u1ecfe<\/span><\/i><\/h2>\n<ul>\n<li style=\"font-weight: 400;\"><span style=\"font-weight: 400;\">Kh\u00e1c v\u1edbi c\u00e1c d\u00f2ng s\u1ea3n ph\u1ea9m c\u00f9ng lo\u1ea1i th\u00f4ng th\u01b0\u1eddng, pate gan b\u00f2 Ham\u00e9 c\u00f3 c\u00f4ng d\u1ee5ng gi\u1ea3m c\u00e2n, ph\u00f9 h\u1ee3p v\u1edbi nh\u1eefng ng\u01b0\u1eddi \u0103n ki\u00eang nh\u01b0ng v\u1eabn \u0111\u1ea3m b\u1ea3o cung c\u1ea5p l\u01b0\u1ee3ng dinh d\u01b0\u1ee1ng c\u1ea7n thi\u1ebft v\u00e0 l\u00e0 s\u1ef1 ph\u1ed1i h\u1ee3p tuy\u1ec7t v\u1eddi cho nh\u1eefng m\u00f3n ngon h\u1eb1ng ng\u00e0y.<\/span><\/li>\n<li style=\"font-weight: 400;\"><span style=\"font-weight: 400;\">C\u00f3 h\u00e0m l\u01b0\u1ee3ng \u0111\u1ea1m cao , cung c\u1ea5p nhi\u1ec1u ch\u1ea5t s\u1eaft<\/span><\/li>\n<li style=\"font-weight: 400;\"><span style=\"font-weight: 400;\">T\u0103ng c\u01b0\u1eddng tr\u00ed nh\u1edb<\/span><\/li>\n<li style=\"font-weight: 400;\"><span style=\"font-weight: 400;\">Ng\u0103n ch\u1eb7n b\u1ec7nh tim do ch\u1ee9a axit b\u00e9o kh\u00f4ng b\u00e3o h\u00f2a<\/span><\/li>\n<li style=\"font-weight: 400;\"><span style=\"font-weight: 400;\">Gi\u00fap h\u1ea1 t\u1ef7 l\u1ec7 cholesterol x\u1ea5u trong c\u01a1 th\u1ec3<\/span><\/li>\n<li style=\"font-weight: 400;\"><span style=\"font-weight: 400;\">T\u0103ng h\u1ec7 mi\u1ec5n d\u1ecbch<\/span><\/li>\n<\/ul>","protected":false},"excerpt":{"rendered":"<ul>\n<li style=\"font-weight: 400;\"><span style=\"font-weight: 400;\">H\u01b0\u1edbng d\u1eabn s\u1eed d\u1ee5ng: d\u00f9ng \u0103n tr\u1ef1c ti\u1ebfp sau khi m\u1edf h\u1ed9p.<\/span><\/li>\n<li style=\"font-weight: 400;\"><span style=\"font-weight: 400;\">H\u01b0\u1edbng d\u1eabn b\u1ea3o qu\u1ea3n: b\u1ea3o qu\u1ea3n n\u01a1i kh\u00f4 r\u00e1o v\u00e0 tho\u00e1ng m\u00e1t, s\u1eed d\u1ee5ng nhanh v\u00e0 b\u1ea3o qu\u1ea3n l\u1ea1nh, t\u1eeb 0 &#8211; 4 \u0111\u1ed9 C<\/span><\/li>\n<li style=\"font-weight: 400;\"><span style=\"font-weight: 400;\">Kh\u1ed1i l\u01b0\u1ee3ng t\u1ecbnh: 105gr<\/span><\/li>\n<li style=\"font-weight: 400;\"><span style=\"font-weight: 400;\">Xu\u1ea5t x\u1ee9: Ph\u00e1p<\/span><\/li>\n<li style=\"font-weight: 400;\"><span style=\"font-weight: 400;\">Ng\u00e0y s\u1ea3n xu\u1ea5t: In tr\u00ean bao b\u00ec s\u1ea3n ph\u1ea9m<\/span><\/li>\n<li>H\u1ea1n s\u1eed d\u1ee5ng: 24 th\u00e1ng<\/li>\n<\/ul>","protected":false},"featured_media":15465,"comment_status":"open","ping_status":"closed","template":"","meta":[],"product_brand":[],"product_cat":[36,143],"product_tag":[],"class_list":{"0":"post-15464","1":"product","2":"type-product","3":"status-publish","4":"has-post-thumbnail","6":"product_cat-thuc-pham-tieu-dung","7":"product_cat-thuc-pham-dong-hop","8":"pa_brand-hame","10":"first","11":"outofstock","12":"sale","13":"shipping-taxable","14":"purchasable","15":"product-type-simple"},"_links":{"self":[{"href":"https:\/\/havamall.com\/en\/wp-json\/wp\/v2\/product\/15464","targetHints":{"allow":["GET"]}}],"collection":[{"href":"https:\/\/havamall.com\/en\/wp-json\/wp\/v2\/product"}],"about":[{"href":"https:\/\/havamall.com\/en\/wp-json\/wp\/v2\/types\/product"}],"replies":[{"embeddable":true,"href":"https:\/\/havamall.com\/en\/wp-json\/wp\/v2\/comments?post=15464"}],"version-history":[{"count":0,"href":"https:\/\/havamall.com\/en\/wp-json\/wp\/v2\/product\/15464\/revisions"}],"wp:featuredmedia":[{"embeddable":true,"href":"https:\/\/havamall.com\/en\/wp-json\/wp\/v2\/media\/15465"}],"wp:attachment":[{"href":"https:\/\/havamall.com\/en\/wp-json\/wp\/v2\/media?parent=15464"}],"wp:term":[{"taxonomy":"product_brand","embeddable":true,"href":"https:\/\/havamall.com\/en\/wp-json\/wp\/v2\/product_brand?post=15464"},{"taxonomy":"product_cat","embeddable":true,"href":"https:\/\/havamall.com\/en\/wp-json\/wp\/v2\/product_cat?post=15464"},{"taxonomy":"product_tag","embeddable":true,"href":"https:\/\/havamall.com\/en\/wp-json\/wp\/v2\/product_tag?post=15464"}],"curies":[{"name":"wp","href":"https:\/\/api.w.org\/{rel}","templated":true}]}}