{"id":15475,"date":"2020-07-24T13:51:28","date_gmt":"2020-07-24T06:51:28","guid":{"rendered":"https:\/\/havamall.com\/?post_type=product&#038;p=15475"},"modified":"2025-12-03T04:15:18","modified_gmt":"2025-12-02T21:15:18","slug":"gia-vi-uop-nuong-bbq-sieu-cay-sutharos-40g-sutharos-thai-seasoned-herbs-bbq-hot-spice-40g","status":"publish","type":"product","link":"https:\/\/havamall.com\/en\/shop\/gia-vi-uop-nuong-bbq-sieu-cay-sutharos-40g-sutharos-thai-seasoned-herbs-bbq-hot-spice-40g\/","title":{"rendered":"Gia V\u1ecb \u01af\u1edbp N\u01b0\u1edbng BBQ Si\u00eau Cay Sutharos 40g &#8211; Sutharos Thai Seasoned Herbs BBQ Hot &amp; Spice 40g"},"content":{"rendered":"<p>Hi\u1ec7n nay, BBQ l\u00e0 m\u00f3n n\u01b0\u1edbng h\u1ea5p d\u1eabn \u0111\u01b0\u1ee3c ch\u1ecdn l\u1ef1a nhi\u1ec1u cho nh\u1eefng b\u1eefa ti\u1ec7c t\u1ea1i nh\u00e0 h\u00e0ng sang tr\u1ecdng v\u00e0 c\u1ea3 b\u1eefa ti\u1ec7c t\u1ea1i nh\u00e0. V\u1edbi c\u00e1ch ch\u1ebf bi\u1ebfn \u0111\u1eb7c tr\u01b0ng, t\u1ea9m \u01b0\u1edbp gia v\u1ecb theo nh\u1eefng c\u00f4ng th\u1ee9c ri\u00eang, th\u1ecbt n\u01b0\u1edbng BBQ l\u00e0 m\u00f3n \u0103n h\u1ea5p d\u1eabn \u0111\u01b0\u1ee3c nhi\u1ec1u ng\u01b0\u1eddi y\u00eau th\u00edch.<\/p>\n<p><img decoding=\"async\" class=\"aligncenter\" src=\"https:\/\/havamall.com\/wp-content\/uploads\/2020\/07\/bbq_700x700.jpg\" alt=\"BBQ Meat Pack \u2014 Valley Direct Foods\" \/><\/p>\n<p>BBQ \u0111\u01b0\u1ee3c k\u1ebft h\u1ee3p nguy\u00ean li\u1ec7u, gia v\u1ecb v\u00e0 c\u00e1ch \u01b0\u1edbp th\u1ecbt, t\u1ea1o n\u00ean m\u1ed9t th\u1ef1c \u0111\u01a1n phong ph\u00fa v\u1edbi nhi\u1ec1u m\u00f3n \u0103n \u0111\u01b0\u1ee3c ch\u1ebf bi\u1ebfn kh\u00e1c nhau, \u0111\u00e1p \u1ee9ng kh\u1ea9u v\u1ecb v\u00e0 s\u1edf th\u00edch c\u1ee7a t\u1ea5t c\u1ea3 m\u1ecdi ng\u01b0\u1eddi. Trong \u0111\u00f3, c\u00e1ch \u01b0\u1edbp th\u1ecbt \u0111\u01b0\u1ee3c xem l\u00e0 thao t\u00e1c quan tr\u1ecdng nh\u1ea5t, quy\u1ebft \u0111\u1ecbnh s\u1ef1 th\u00e0nh c\u00f4ng c\u1ee7a m\u00f3n n\u01b0\u1edbng BBQ. V\u1edbi\u00a0Gia V\u1ecb \u01af\u1edbp N\u01b0\u1edbng BBQ Si\u00eau Cay Sutharos, b\u1ea1n c\u00f3 th\u1ec3 ho\u00e0n to\u00e0n t\u1ef1 tin \u0111em m\u00f3n th\u1ecbt m\u00ecnh \u01b0\u1edbp ra chi\u00eau \u0111\u00e3i b\u1ea1n b\u00e8 ho\u1eb7c gia \u0111\u00ecnh v\u00e0o nh\u1eefng d\u1ecbp cu\u1ed1i tu\u1ea7n, b\u1edfi s\u1ef1 \u0111\u1ea7m \u0111\u00e0, th\u01a1m ngon t\u1edbi t\u1eeb th\u01b0\u01a1ng hi\u1ec7u Sutharos v\u1ed1n \u0111\u00e3 n\u1ee9c ti\u1ebfng v\u00e0 l\u00e2u \u0111\u1eddi \u1edf x\u1ee9 s\u1edf Ch\u00f9a V\u00e0ng. H\u00e3y l\u1ef1a ch\u1ecdn Havamall l\u00e0 n\u01a1i &#8220;ch\u1ecdn m\u1eb7t g\u1eedi v\u00e0ng&#8221; khi mua c\u00e1c s\u1ea3n ph\u1ea9m nh\u1eadp kh\u1ea9u t\u1eeb Th\u00e1i Lan nh\u00e9<\/p>\n<h1><strong>\u0110\u1eb7c \u0111i\u1ec3m th\u01b0\u01a1ng hi\u1ec7u<\/strong><\/h1>\n<p><strong>Sutharos<\/strong>\u00a0l\u00e0 th\u01b0\u01a1ng hi\u1ec7u cao c\u1ea5p c\u1ee7a Th\u00e1i Lan, t\u00ean th\u01b0\u01a1ng hi\u1ec7u \u0111\u01b0\u1ee3c t\u1ea1o n\u00ean b\u1edfi 2 t\u1eeb mang \u00fd ngh\u0129a l\u00e0:<br \/>\nSutha: Ngh\u0129a l\u00e0 \u0110\u1ea5t \u2013 N\u01a1i nu\u00f4i d\u01b0\u1ee1ng c\u00e1c m\u1ea7m c\u00e2y, cung c\u1ea5p cho con ng\u01b0\u1eddi ngu\u1ed3n t\u00e0i nguy\u00ean, kho\u00e1ng s\u1ea3n v\u00e0 c\u0169ng l\u00e0 n\u01a1i nguy\u00ean li\u1ec7u, th\u1ea3o m\u1ed9c c\u00f3 trong c\u00e1c s\u1ea3n ph\u1ea9m gia v\u1ecb c\u1ee7a th\u01b0\u01a1ng hi\u1ec7u Sutharos \u0111\u01b0\u1ee3c tr\u1ed3ng, ch\u0103m s\u00f3c v\u00e0 l\u1edbn l\u00ean h\u1eb1ng ng\u00e0y.<\/p>\n<p>Ros: Ngh\u0129a l\u00e0 h\u01b0\u01a1ng v\u1ecb ho\u1eb7c l\u00e0 vi\u1ec7c b\u1ea1n n\u1ebfm, b\u1ea1n c\u1ea3m nh\u1eadn m\u1ed9t m\u00f3n \u0103n n\u00e0o \u0111\u00f3.<br \/>\n<strong>Sutharos<\/strong>\u00a0\u0111\u00fang v\u1edbi c\u00e2u slogan \u201cThe taste of Thailand\u201d \u2013 H\u01b0\u01a1ng v\u1ecb c\u1ee7a Th\u00e1i Lan.<\/p>\n<p><strong>Sutharos<\/strong>\u00a0v\u1edbi h\u01a1n 100 lo\u1ea1i gia v\u1ecb nh\u01b0: B\u1ed9 n\u1ea5u Th\u00e1i (Gia v\u1ecb n\u1ea5u s\u00fap Tom Yum, gia v\u1ecb n\u1ea5u s\u00fap Tom Kha, g\u00f3i gia v\u1ecb n\u1ea5u l\u1ea9u Th\u00e1i), b\u1ed9t gia v\u1ecb t\u1ecfi, ti\u00eau, gia v\u1ecb n\u01b0\u1edbng truy\u1ec1n th\u1ed1ng, n\u01b0\u1edbng BBQ cay n\u00f3ng, n\u01b0\u1edbng mala, gia v\u1ecb c\u00e0 ri \u2026 \u0111\u00e3 c\u00f3 m\u1eb7t t\u1ea1i nhi\u1ec1u qu\u1ed1c gia tr\u00ean th\u1ebf gi\u1edbi nh\u01b0: Th\u00e1i Lan, Vi\u1ec7t Nam, M\u1ef9, Nh\u1eadt B\u1ea3n, H\u00e0n Qu\u1ed1c, \u00dac, \u2026<\/p>\n<p><img fetchpriority=\"high\" decoding=\"async\" class=\"wp-image-15478 aligncenter\" src=\"https:\/\/havamall.com\/wp-content\/uploads\/2020\/07\/33490039_1435018833271413_1366958378009493504_n-300x114.jpg\" alt=\"\" width=\"825\" height=\"314\" \/><\/p>\n<h1><strong>\u0110\u1eb7c \u0111i\u1ec3m n\u1ed5i b\u1eadt c\u1ee7a s\u1ea3n ph\u1ea9m<\/strong><\/h1>\n<p>\u1ea8m th\u1ef1c Th\u00e1i Lan c\u00f3 th\u1ec3 n\u00f3i l\u00e0 m\u1ed9t s\u1ef1 h\u00f2a tr\u1ed9n tinh t\u1ebf c\u1ee7a th\u1ea3o d\u01b0\u1ee3c, gia v\u1ecb v\u00e0 th\u1ef1c ph\u1ea9m t\u01b0\u01a1i s\u1ed1ng. M\u1ed7i m\u00f3n \u0103n nh\u01b0 m\u1ed9t tinh t\u1ebf gi\u1eefa v\u1ecb cay, chua, ng\u1ecdt v\u00e0 \u0111\u1eafng. C\u0169ng nh\u01b0 t\u1ea5t c\u1ea3 c\u00e1c n\u01b0\u1edbc kh\u00e1c, n\u1ec1n \u1ea9m th\u1ef1c Th\u00e1i Lan g\u00f3i g\u1ecdn trong t\u1eebng mu\u1ed7ng canh, \u0111\u0169a g\u1eafp, h\u00f2a quy\u1ec7n v\u00e0 bi\u1ebfn \u0111\u1ed5i phong ph\u00fa trong c\u1ea3m nh\u1eadn c\u1ee7a t\u1eebng ng\u01b0\u1eddi kh\u00e1ch xa x\u1ee9<\/p>\n<p><img decoding=\"async\" class=\"wp-image-15480 aligncenter\" src=\"https:\/\/havamall.com\/wp-content\/uploads\/2020\/07\/26230705_1320933108013320_3895008048793866212_n-300x214.jpg\" alt=\"\" width=\"709\" height=\"506\" \/><\/p>\n<p><strong>Gia V\u1ecb \u01af\u1edbp N\u01b0\u1edbng BBQ Hot &amp; Spice Sutharos\u00a0<\/strong>mang tinh hoa c\u1ee7a n\u1ec1n \u1ea9m th\u1ef1c x\u1ee9 s\u1edf ch\u00f9a V\u00e0ng, l\u00e0 s\u1ef1 k\u1ebft h\u1ee3p h\u00e0i h\u00f2a c\u1ee7a c\u00e1c gia v\u1ecb truy\u1ec1n th\u1ed1ng c\u1ee7a ng\u01b0\u1eddi Th\u00e1i. H\u01b0\u01a1ng v\u1ecb \u0111\u1eadm \u0111\u00e0 v\u00e0 k\u00edch th\u00edch c\u1ea3m gi\u00e1c mu\u1ed1n \u0103n.<\/p>\n<p><strong>Gia V\u1ecb \u01af\u1edbp N\u01b0\u1edbng BBQ Hot &amp; Spice Sutharos l<\/strong>\u00e0 s\u1ef1 k\u1ebft h\u1ee3p gi\u1eefa v\u1ecb cay \u0111\u1eadm \u0111\u00e0, v\u1ecb ng\u1ecdt t\u1ef1 nhi\u00ean, v\u1ecb chua nh\u1eb9 d\u1ecbu. M\u00f3n n\u01b0\u1edbng c\u1ee7a gia \u0111\u00ecnh b\u1ea1n ch\u01b0a bao gi\u1edd ngon \u0111\u1ebfn th\u1ebf nh\u1edd v\u00e0o b\u1ed9 gia v\u1ecb \u01b0\u1edbp n\u01b0\u1edbng BBQ Hot &amp; Spice Sutharos.<\/p>\n<p><strong>\u0110\u00f3ng g\u00f3i:<\/strong>\u00a0H\u1ed9p th\u1ee7y tinh ch\u1eafc ch\u1eafn 40g.<\/p>\n<p><strong>C\u00f4ng d\u1ee5ng:\u00a0<\/strong>\u00a0d\u00f9ng \u0111\u1ec3 \u01b0\u1edbp th\u1ecbt b\u00f2, th\u1ecbt g\u00e0, th\u1ecbt heo, &#8230; n\u01b0\u1edbng BBQ<\/p>\n<p><strong>B\u1ea3o qu\u1ea3n:<\/strong>\u00a0N\u01a1i kh\u00f4 r\u00e1o tho\u00e1ng m\u00e1t.<\/p>\n<p><strong>Xu\u1ea5t x\u1ee9:<\/strong>\u00a0Th\u00e1i Lan<\/p>\n<p><img decoding=\"async\" class=\"aligncenter\" src=\"https:\/\/havamall.com\/wp-content\/uploads\/2020\/07\/sriracha-beef-skewers.jpg\" alt=\"Sriracha Beef Skewers - Life\" \/><\/p>\n<p><em><strong>Quy tr\u00ecnh kh\u00e9p k\u00edn, \u0111\u1ea1t chu\u1ea9n qu\u1ed1c t\u1ebf:<\/strong><\/em><\/p>\n<p>+ Nguy\u00ean li\u1ec7u t\u1eeb th\u1ea3o m\u1ed9c s\u1ea1ch r\u1ea5t t\u1ed1t cho s\u1ee9c kh\u1ecfe v\u00e0 \u0111\u1ea3m b\u1ea3o an to\u00e0n dinh d\u01b0\u1ee1ng<\/p>\n<p>+ H\u01b0\u01a1ng v\u1ecb ph\u00f9 h\u1ee3p v\u1edbi kh\u1ea9u v\u1ecb m\u1ecdi nh\u00e0<\/p>\n<p>+ Ch\u1ebf bi\u1ebfn ti\u1ec7n l\u1ee3i ch\u1ec9 trong v\u00f2ng 5 ph\u00fat c\u00f3 ngay lo\u1ea1i th\u1ecbt \u01b0\u1edbp nh\u01b0 ngo\u00e0i ti\u1ec7m.<\/p>\n<p><strong>Ng\u00e0y s\u1ea3n xu\u1ea5t v\u00e0 h\u1ea1n s\u1eed d\u1ee5ng<\/strong>: Xem tr\u00ean bao b\u00ec<\/p>\n<h1><strong>C\u00e1ch s\u1eed d\u1ee5ng gia v\u1ecb \u01b0\u1edbp<\/strong><\/h1>\n<h4><em><strong>B\u01b0\u1edbc<\/strong> 1: Chu\u1ea9n b\u1ecb\u00a0th\u1ecbt<\/em><\/h4>\n<ul>\n<li>Th\u1ecbt ba ch\u1ec9 1kg r\u1eeda s\u1ea1ch b\u1eb1ng n\u01b0\u1edbc l\u1ea1nh, sau \u0111\u00f3 th\u00e1i th\u00e0nh t\u1eebng l\u00e1t m\u1ecfng v\u1eeba \u0103n l\u00e0 \u0111\u01b0\u1ee3c. Ch\u00fa \u00fd kh\u00f4ng n\u00ean th\u00e1i mi\u1ebfng qu\u00e1 d\u00e0y v\u00ec th\u1ecbt c\u00f3 th\u1ec3 kh\u00f4ng ng\u1ea5m \u0111\u01b0\u1ee3c s\u00e2u gia v\u1ecb v\u00e0 khi n\u01b0\u1edbng s\u1ebd l\u00e2u ch\u00edn v\u00e0 \u201cn\u1eeda ch\u00edn n\u1eeda s\u1ed1ng\u201d nh\u00e9 .<\/li>\n<\/ul>\n<h4><em><strong>B\u01b0\u1edbc 2: \u01af\u1edbp th\u1ecbt<\/strong><\/em><\/h4>\n<ul>\n<li>\u0110\u1ed5 to\u00e0n b\u1ed9 th\u1ecbt v\u00e0o m\u1ed9t chi\u1ebfc t\u00f4 l\u1edbn. Cho th\u00eam 17g gia v\u1ecb v\u00e0 \u01b0\u1edbp th\u1ecbt trong v\u00f2ng 30 ph\u00fat, c\u00f3 th\u1ec3 cho th\u00eam h\u00e0nh t\u00e2y xay nhuy\u1ec5n, t\u1ecfi, g\u1eebng b\u0103m nhuy\u1ec5n v\u00e0o t\u00f4 th\u1ecbt b\u00ean tr\u00ean n\u1ebfu th\u00edch, tr\u1ed9n \u0111\u1ec1u v\u00e0 \u01b0\u1edbp th\u1ecbt trong ng\u0103n m\u00e1t t\u1ee7 l\u1ea1nh ch\u1eebng 30 ph\u00fat cho th\u1ecbt ng\u1ea5m \u0111\u1ec1u gia v\u1ecb l\u00e0 \u0111\u01b0\u1ee3c.<\/li>\n<\/ul>\n<p><img decoding=\"async\" class=\"aligncenter\" src=\"https:\/\/havamall.com\/wp-content\/uploads\/2020\/07\/BBQ-chicken-wings.jpg\" alt=\"Spicy Thai BBQ Chicken Wings\" \/><\/p>\n<h4><em><strong>B\u01b0\u1edbc 3: Cho v\u00e0o l\u00f2 n\u01b0\u1edbng ho\u1eb7c n\u01b0\u1edbc BBQ ngo\u00e0i tr\u1eddi.<\/strong><\/em><\/h4>\n<p><em><strong>M\u1eb9o nh\u1ecf:<\/strong><\/em><\/p>\n<p>-C\u00f3 th\u1ec3 cho th\u00eam<strong><em>\u00a0\u1edat kh\u00f4 xay<\/em><\/strong>\u00a0v\u00e0o n\u1ebfu mu\u1ed1n v\u1ecb cay \u0111\u1eb7c bi\u1ec7t.<\/p>\n<p>-N\u00eam n\u1ebfm l\u1ea1i, t\u00f9y v\u00e0o kh\u1ea9u v\u1ecb c\u00f3 th\u1ec3 cho th\u00eam h\u1ea1t n\u00eam, mu\u1ed1i ho\u1eb7c \u0111\u01b0\u1eddng. \u0102n k\u00e8m th\u1ecbt v\u1edbi b\u00f9n, m\u00ec ho\u1eb7c c\u01a1m.<\/p>\n<div class=\"btn-viewmore\"><\/div>\n<p>&nbsp;<\/p>","protected":false},"excerpt":{"rendered":"<ul>\n<li><strong>Gia V\u1ecb \u01af\u1edbp N\u01b0\u1edbng BBQ Hot &amp; Spice Sutharos\u00a0<\/strong>mang tinh hoa c\u1ee7a n\u1ec1n \u1ea9m th\u1ef1c x\u1ee9 s\u1edf ch\u00f9a V\u00e0ng, l\u00e0 s\u1ef1 k\u1ebft h\u1ee3p h\u00e0i h\u00f2a c\u1ee7a c\u00e1c gia v\u1ecb truy\u1ec1n th\u1ed1ng c\u1ee7a ng\u01b0\u1eddi Th\u00e1i. H\u01b0\u01a1ng v\u1ecb \u0111\u1eadm \u0111\u00e0 v\u00e0 k\u00edch th\u00edch c\u1ea3m gi\u00e1c mu\u1ed1n \u0103n.<\/li>\n<li><strong>Gia V\u1ecb \u01af\u1edbp N\u01b0\u1edbng BBQ Hot &amp; Spice Sutharos l<\/strong>\u00e0 s\u1ef1 k\u1ebft h\u1ee3p gi\u1eefa v\u1ecb cay \u0111\u1eadm \u0111\u00e0, v\u1ecb ng\u1ecdt t\u1ef1 nhi\u00ean, v\u1ecb chua nh\u1eb9 d\u1ecbu. M\u00f3n n\u01b0\u1edbng c\u1ee7a gia \u0111\u00ecnh b\u1ea1n ch\u01b0a bao gi\u1edd ngon \u0111\u1ebfn th\u1ebf nh\u1edd v\u00e0o b\u1ed9 gia v\u1ecb \u01b0\u1edbp n\u01b0\u1edbng BBQ Hot &amp; Spice Sutharos.<\/li>\n<li><strong>\u0110\u00f3ng g\u00f3i:<\/strong>\u00a0H\u1ed9p th\u1ee7y tinh ch\u1eafc ch\u1eafn 40g.<\/li>\n<li><strong>C\u00f4ng d\u1ee5ng:\u00a0<\/strong>\u00a0d\u00f9ng \u0111\u1ec3 \u01b0\u1edbp th\u1ecbt b\u00f2, th\u1ecbt g\u00e0, th\u1ecbt heo, &#8230; n\u01b0\u1edbng BBQ<\/li>\n<li><strong>B\u1ea3o qu\u1ea3n:<\/strong>\u00a0N\u01a1i kh\u00f4 r\u00e1o tho\u00e1ng m\u00e1t.<\/li>\n<\/ul>","protected":false},"featured_media":15482,"comment_status":"open","ping_status":"closed","template":"","meta":[],"product_brand":[],"product_cat":[36,143],"product_tag":[],"class_list":{"0":"post-15475","1":"product","2":"type-product","3":"status-publish","4":"has-post-thumbnail","6":"product_cat-thuc-pham-tieu-dung","7":"product_cat-thuc-pham-dong-hop","9":"first","10":"outofstock","11":"sale","12":"shipping-taxable","13":"purchasable","14":"product-type-simple"},"_links":{"self":[{"href":"https:\/\/havamall.com\/en\/wp-json\/wp\/v2\/product\/15475","targetHints":{"allow":["GET"]}}],"collection":[{"href":"https:\/\/havamall.com\/en\/wp-json\/wp\/v2\/product"}],"about":[{"href":"https:\/\/havamall.com\/en\/wp-json\/wp\/v2\/types\/product"}],"replies":[{"embeddable":true,"href":"https:\/\/havamall.com\/en\/wp-json\/wp\/v2\/comments?post=15475"}],"version-history":[{"count":0,"href":"https:\/\/havamall.com\/en\/wp-json\/wp\/v2\/product\/15475\/revisions"}],"wp:featuredmedia":[{"embeddable":true,"href":"https:\/\/havamall.com\/en\/wp-json\/wp\/v2\/media\/15482"}],"wp:attachment":[{"href":"https:\/\/havamall.com\/en\/wp-json\/wp\/v2\/media?parent=15475"}],"wp:term":[{"taxonomy":"product_brand","embeddable":true,"href":"https:\/\/havamall.com\/en\/wp-json\/wp\/v2\/product_brand?post=15475"},{"taxonomy":"product_cat","embeddable":true,"href":"https:\/\/havamall.com\/en\/wp-json\/wp\/v2\/product_cat?post=15475"},{"taxonomy":"product_tag","embeddable":true,"href":"https:\/\/havamall.com\/en\/wp-json\/wp\/v2\/product_tag?post=15475"}],"curies":[{"name":"wp","href":"https:\/\/api.w.org\/{rel}","templated":true}]}}