{"id":15490,"date":"2020-07-24T16:01:22","date_gmt":"2020-07-24T09:01:22","guid":{"rendered":"https:\/\/havamall.com\/?post_type=product&#038;p=15490"},"modified":"2021-03-03T15:09:00","modified_gmt":"2021-03-03T08:09:00","slug":"sot-sate-toi-ot-sutharos-90g-chili-garlic-in-sesame-oil","status":"publish","type":"product","link":"https:\/\/havamall.com\/en\/shop\/sot-sate-toi-ot-sutharos-90g-chili-garlic-in-sesame-oil\/","title":{"rendered":"S\u1ed1t Sate T\u1ecfi \u1edat Sutharos 90g &#8211; Chili &amp; Garlic In Sesame Oil"},"content":{"rendered":"<h2><strong>\u0110\u1eb7c \u0111i\u1ec3m th\u01b0\u01a1ng hi\u1ec7u<\/strong><\/h2>\n<p><span style=\"font-weight: 400\">Sutharos l\u00e0 th\u01b0\u01a1ng hi\u1ec7u cao c\u1ea5p c\u1ee7a Th\u00e1i Lan, t\u00ean th\u01b0\u01a1ng hi\u1ec7u \u0111\u01b0\u1ee3c t\u1ea1o n\u00ean b\u1edfi 2 t\u1eeb mang \u00fd ngh\u0129a l\u00e0:<\/span><\/p>\n<p><span style=\"font-weight: 400\">Sutha: Ngh\u0129a l\u00e0 \u0110\u1ea5t \u2013 N\u01a1i nu\u00f4i d\u01b0\u1ee1ng c\u00e1c m\u1ea7m c\u00e2y, cung c\u1ea5p cho con ng\u01b0\u1eddi ngu\u1ed3n t\u00e0i nguy\u00ean, kho\u00e1ng s\u1ea3n v\u00e0 c\u0169ng l\u00e0 n\u01a1i nguy\u00ean li\u1ec7u, th\u1ea3o m\u1ed9c c\u00f3 trong c\u00e1c s\u1ea3n ph\u1ea9m gia v\u1ecb c\u1ee7a th\u01b0\u01a1ng hi\u1ec7u Sutharos \u0111\u01b0\u1ee3c tr\u1ed3ng, ch\u0103m s\u00f3c v\u00e0 l\u1edbn l\u00ean h\u1eb1ng ng\u00e0y.<\/span><\/p>\n<p><span style=\"font-weight: 400\">Ros: Ngh\u0129a l\u00e0 h\u01b0\u01a1ng v\u1ecb ho\u1eb7c l\u00e0 vi\u1ec7c b\u1ea1n n\u1ebfm, b\u1ea1n c\u1ea3m nh\u1eadn m\u1ed9t m\u00f3n \u0103n n\u00e0o \u0111\u00f3.<\/span><\/p>\n<p><span style=\"font-weight: 400\">Sutharos \u0111\u00fang v\u1edbi c\u00e2u slogan \u201cThe taste of Thailand\u201d \u2013 H\u01b0\u01a1ng v\u1ecb c\u1ee7a Th\u00e1i Lan.<\/span><\/p>\n<p><span style=\"font-weight: 400\">Sutharos v\u1edbi h\u01a1n 100 lo\u1ea1i gia v\u1ecb nh\u01b0: B\u1ed9 n\u1ea5u Th\u00e1i (Gia v\u1ecb n\u1ea5u s\u00fap Tom Yum, gia v\u1ecb n\u1ea5u s\u00fap Tom Kha, g\u00f3i gia v\u1ecb n\u1ea5u l\u1ea9u Th\u00e1i), b\u1ed9t gia v\u1ecb t\u1ecfi, ti\u00eau, gia v\u1ecb n\u01b0\u1edbng truy\u1ec1n th\u1ed1ng, n\u01b0\u1edbng BBQ cay n\u00f3ng, n\u01b0\u1edbng mala, gia v\u1ecb c\u00e0 ri \u2026 \u0111\u00e3 c\u00f3 m\u1eb7t t\u1ea1i nhi\u1ec1u qu\u1ed1c gia tr\u00ean th\u1ebf gi\u1edbi nh\u01b0: Th\u00e1i Lan, Vi\u1ec7t Nam, M\u1ef9, Nh\u1eadt B\u1ea3n, H\u00e0n Qu\u1ed1c, \u00dac, \u2026<\/span><\/p>\n<p><img decoding=\"async\" src=\"https:\/\/havamall.com\/wp-content\/uploads\/2020\/07\/page_1.jpg\" alt=\"Catalog qp by sutharos - issuu\" \/><\/p>\n<p>&nbsp;<\/p>\n<p><b>Th\u00f4ng tin chung<\/b><\/p>\n<table>\n<tbody>\n<tr>\n<td><span style=\"font-weight: 400\">Th\u01b0\u01a1ng hi\u1ec7u<\/span><\/td>\n<td><span style=\"font-weight: 400\">Sutharos<\/span><\/td>\n<\/tr>\n<tr>\n<td><span style=\"font-weight: 400\">Xu\u1ea5t x\u1ee9<\/span><\/td>\n<td><span style=\"font-weight: 400\">Th\u00e1i Lan<\/span><\/td>\n<\/tr>\n<tr>\n<td><span style=\"font-weight: 400\">Th\u00e0nh ph\u1ea7n<\/span><\/td>\n<td><span style=\"font-weight: 400\">D\u1ea7u m\u00e8, t\u1ecfi, \u1edbt, h\u00e0nh, mu\u1ed1i<\/span><\/td>\n<\/tr>\n<tr>\n<td><span style=\"font-weight: 400\">H\u1ea1n s\u1eed d\u1ee5ng<\/span><\/td>\n<td><span style=\"font-weight: 400\">Xem tr\u00ean bao b\u00ec<\/span><\/td>\n<\/tr>\n<tr>\n<td><span style=\"font-weight: 400\">H\u01b0\u1edbng d\u1eabn s\u1eed d\u1ee5ng<\/span><\/td>\n<td><span style=\"font-weight: 400\">D\u00f9ng l\u00e0m gia v\u1ecb cho c\u00e1c m\u00f3n \u0103n v\u00e0 \u0111\u1ec3 t\u1ea9m \u01b0\u1edbp th\u1ef1c ph\u1ea9m khi ch\u1ebf bi\u1ebfn<\/span><\/td>\n<\/tr>\n<tr>\n<td><span style=\"font-weight: 400\">B\u1ea3o qu\u1ea3n<\/span><\/td>\n<td><span style=\"font-weight: 400\">N\u01a1i kh\u00f4 r\u00e1o, tho\u00e1ng m\u00e1t, tr\u00e1nh \u00e1nh s\u00e1ng tr\u1ef1c ti\u1ebfp t\u1eeb m\u1eb7t tr\u1eddi<\/span><\/td>\n<\/tr>\n<\/tbody>\n<\/table>\n<p><b>Th\u00f4ng tin chi ti\u1ebft<\/b><\/p>\n<p>&#8211; S\u1ed1t sate t\u1ecfi \u1edbt Sutharos h\u0169 90g<span style=\"font-weight: 400\"> \u0111\u01b0\u1ee3c \u0111\u00f3ng g\u00f3i d\u1ea1ng h\u0169 th\u1ee7y tinh \u0111\u1eb9p m\u1eaft, gi\u00fap gi\u1eef h\u01b0\u01a1ng v\u1ecb t\u1ed1t h\u01a1n.<\/span><\/p>\n<p><span style=\"font-weight: 400\">&#8211; S\u1ed1t sa t\u1ebf v\u1edbi th\u00e0nh ph\u1ea7n t\u1eeb , \u1edbt v\u00e0 c\u00e1c gia v\u1ecb, cho ra v\u1ecb sa t\u1ebf th\u01a1m ngon h\u1ea3o h\u1ea1ng, cay x\u00e8 v\u00e0 ho\u00e0n to\u00e0n an to\u00e0n v\u1ec1 ch\u1ea5t l\u01b0\u1ee3ng l\u1eabn v\u1ec7 sinh th\u1ef1c ph\u1ea9m.<\/span><\/p>\n<p><span style=\"font-weight: 400\">&#8211; M\u00e0u s\u1eafc \u0111\u1ecf t\u1ef1 nhi\u00ean, k\u00e8m theo s\u1ef1 \u0111\u1eb7c s\u1ec7t c\u1ee7a d\u1ea7u, gi\u00fap t\u1ea9m \u01b0\u1edbp gia v\u1ecb d\u1ec5 th\u1ea5m v\u00e0 c\u00f3 m\u00e0u \u0111\u1eb9p m\u1eaft.<\/span><\/p>\n<p><span style=\"font-weight: 400\">&#8211; Quy tr\u00ecnh kh\u00e9p k\u00edn, \u0111\u1ea1t chu\u1ea9n qu\u1ed1c t\u1ebf:<\/span><\/p>\n<p><span style=\"font-weight: 400\">+ Nguy\u00ean li\u1ec7u t\u1eeb th\u1ea3o m\u1ed9c s\u1ea1ch r\u1ea5t t\u1ed1t cho s\u1ee9c kh\u1ecfe v\u00e0 \u0111\u1ea3m b\u1ea3o an to\u00e0n dinh d\u01b0\u1ee1ng<\/span><\/p>\n<p><span style=\"font-weight: 400\">+ H\u01b0\u01a1ng v\u1ecb ph\u00f9 h\u1ee3p v\u1edbi kh\u1ea9u v\u1ecb m\u1ecdi nh\u00e0<\/span><\/p>\n<p><span style=\"font-weight: 400\">+ Ch\u1ebf bi\u1ebfn ti\u1ec7n l\u1ee3i\u00a0<\/span><\/p>\n<p><img decoding=\"async\" class=\"aligncenter\" src=\"https:\/\/havamall.com\/wp-content\/uploads\/2020\/07\/how-to-make-vegan-satay-chili-oil-vietnamese-inspired-condiment-with-lemongrass-garlic-shallots-thumb.jpg\" alt=\"How to Make Sate - Full of Plants\" \/><\/p>\n<h2><b>H\u01b0\u1edbng d\u1eabn \u01b0\u1edbp th\u1ecbt ba ch\u1ec9 n\u01b0\u1edbng sa t\u1ebf th\u01a1m ngon\u00a0<\/b><\/h2>\n<p><span style=\"font-weight: 400\">Nguy\u00ean li\u1ec7u: Th\u1ecbt ba ch\u1ec9, S\u1ed1t sa t\u1ebf t\u1ecfi \u1edbt Sutharos, h\u00e0nh t\u00edm, ti\u00eau, n\u01b0\u1edbc m\u1eafm, h\u00e0nh l\u00e1, \u0111\u1eadu b\u1eafp, b\u00ed ng\u00f2i, c\u00e0 t\u00edm, \u0111\u01b0\u1eddng tr\u1eafng.\u00a0<\/span><\/p>\n<h3><b>H\u01b0\u1edbng d\u1eabn th\u1ef1c hi\u1ec7n<\/b><\/h3>\n<p><em><span style=\"font-weight: 400\">B\u01b0\u1edbc 1<\/span><\/em><\/p>\n<p><span style=\"font-weight: 400\">Th\u1ecbt mua v\u1ec1 r\u1eeda s\u1ea1ch c\u1eaft mi\u1ebfng m\u1ecfng v\u1eeba \u0103n.\u00a0<\/span><\/p>\n<p><em><span style=\"font-weight: 400\">B\u01b0\u1edbc 2<\/span><\/em><\/p>\n<p><span style=\"font-weight: 400\">Tr\u1ed9n 1 mu\u1ed7ng canh n\u01b0\u1edbc m\u1eafm, h\u00e0nh t\u00edm b\u0103m, h\u00e0nh l\u00e1 v\u00e0o v\u1edbi nhau v\u00e0 s\u1eed d\u1ee5ng \u0111\u1ec3 \u01b0\u1edbp th\u1ecbt ba ch\u1ec9 v\u1eeba c\u1eaft mi\u1ebfng, tr\u1ed9n th\u00eam 2 mu\u1ed7ng canh s\u1ed1t sa t\u1ebf Sutharos . Th\u00eam v\u00e0o th\u1ecbt 1\/2 mu\u1ed7ng c\u00e0 ph\u00ea ti\u00eau v\u00e0 tr\u1ed9n \u0111\u1ec1u, \u0111\u1ec3 kho\u1ea3ng 30 ph\u00fat tr\u01b0\u1edbc khi \u0111em th\u1ecbt \u0111i n\u01b0\u1edbng.<\/span><\/p>\n<p><em><span style=\"font-weight: 400\">B\u01b0\u1edbc 3<\/span><\/em><\/p>\n<p><span style=\"font-weight: 400\">H\u00e0nh kh\u00f4 b\u00f3c v\u1ecf b\u0103m nh\u1ecf, h\u00e0nh l\u00e1 c\u1eaft nh\u1ecf. C\u00e1c lo\u1ea1i rau c\u1ee7 \u0103n k\u00e8m nh\u01b0 \u0111\u1eadu b\u1eafp, c\u00e0 t\u00edm\u2026 r\u1eeda s\u1ea1ch c\u1eaft l\u00e1t v\u1eeba \u0103n.<\/span><\/p>\n<p><img decoding=\"async\" class=\"aligncenter\" src=\"https:\/\/havamall.com\/wp-content\/uploads\/2020\/07\/Ba-ch\u1ec9-n\u01b0\u1edbng-chum-1.jpg\" alt=\"T\u1ed4NG H\u1ee2P 33+ c\u00e1c m\u00f3n n\u01b0\u1edbng ngon nh\u1ea5t cho ti\u1ec7c BBQ ngo\u00e0i tr\u1eddi v\u00e0 ...\" \/><\/p>\n<p><em><span style=\"font-weight: 400\">B\u01b0\u1edbc 4<\/span><\/em><\/p>\n<p><span style=\"font-weight: 400\">\u0110\u1eb7t th\u1ecbt ba ch\u1ec9 l\u00ean v\u1ec9 v\u00e0 \u0111\u1eb7t l\u00ean b\u1ebfp than h\u1ed3ng, trong qu\u00e1 tr\u00ecnh n\u01b0\u1edbng ph\u1ea3i l\u1eadp v\u00e0 tr\u1edf \u0111\u1ec1u tay \u0111\u1ec3 th\u1ecbt ch\u00edn \u0111\u1ec1u, kh\u00f4ng b\u1ecb ch\u00e1y. C\u0169ng n\u01b0\u1edbng lu\u00f4n \u0111\u1eadu b\u1eafp, c\u00e0 t\u00edm \u0111\u1ec3 \u0103n k\u00e8m v\u1edbi th\u1ecbt.<\/span><\/p>\n<p><em><span style=\"font-weight: 400\">B\u01b0\u1edbc 5<\/span><\/em><\/p>\n<p><span style=\"font-weight: 400\">Pha 2 mu\u1ed7ng canh n\u01b0\u1edbc m\u1eafm, 1 mu\u1ed7ng canh \u0111\u01b0\u1eddng v\u00e0 1 mu\u1ed7ng canh s\u1ed1t sa t\u1ebf \u0111\u1ec3 l\u00e0m n\u01b0\u1edbc ch\u1ea5m cho m\u00f3n th\u1ecbt ba ch\u1ec9 n\u01b0\u1edbng.<\/span><\/p>\n<p><em><span style=\"font-weight: 400\">B\u01b0\u1edbc 6<\/span><\/em><\/p>\n<p><span style=\"font-weight: 400\">B\u00e0y th\u1ecbt ba ch\u1ec9 n\u01b0\u1edbng sa t\u1ebf ra \u0111\u0129a c\u00f9ng v\u1edbi rau s\u1ed1ng, rau c\u1ee7 n\u01b0\u1edbng, ch\u1ea5m n\u01b0\u1edbc ch\u1ea5m \u0111\u00e3 pha \u1edf tr\u00ean v\u00e0 th\u01b0\u1edfng th\u1ee9c.<\/span><\/p>","protected":false},"excerpt":{"rendered":"<p>&#8211; S\u1ed1t sate t\u1ecfi \u1edbt Sutharos h\u0169 90g<span style=\"font-weight: 400\"> \u0111\u01b0\u1ee3c \u0111\u00f3ng g\u00f3i d\u1ea1ng h\u0169 th\u1ee7y tinh \u0111\u1eb9p m\u1eaft, gi\u00fap gi\u1eef h\u01b0\u01a1ng v\u1ecb t\u1ed1t h\u01a1n.<\/span><\/p>\n<p><span style=\"font-weight: 400\">&#8211; S\u1ed1t sa t\u1ebf v\u1edbi th\u00e0nh ph\u1ea7n t\u1eeb , \u1edbt v\u00e0 c\u00e1c gia v\u1ecb, cho ra v\u1ecb sa t\u1ebf th\u01a1m ngon h\u1ea3o h\u1ea1ng, cay x\u00e8 v\u00e0 ho\u00e0n to\u00e0n an to\u00e0n v\u1ec1 ch\u1ea5t l\u01b0\u1ee3ng l\u1eabn v\u1ec7 sinh th\u1ef1c ph\u1ea9m.<\/span><\/p>\n<p><span style=\"font-weight: 400\">&#8211; M\u00e0u s\u1eafc \u0111\u1ecf t\u1ef1 nhi\u00ean, k\u00e8m theo s\u1ef1 \u0111\u1eb7c s\u1ec7t c\u1ee7a d\u1ea7u, gi\u00fap t\u1ea9m \u01b0\u1edbp gia v\u1ecb d\u1ec5 th\u1ea5m v\u00e0 c\u00f3 m\u00e0u \u0111\u1eb9p m\u1eaft.<\/span><\/p>\n<p><span style=\"font-weight: 400\">&#8211; Quy tr\u00ecnh kh\u00e9p k\u00edn, \u0111\u1ea1t chu\u1ea9n qu\u1ed1c t\u1ebf:<\/span><\/p>\n<p><span style=\"font-weight: 400\">+ Nguy\u00ean li\u1ec7u t\u1eeb th\u1ea3o m\u1ed9c s\u1ea1ch r\u1ea5t t\u1ed1t cho s\u1ee9c kh\u1ecfe v\u00e0 \u0111\u1ea3m b\u1ea3o an to\u00e0n dinh d\u01b0\u1ee1ng<\/span><\/p>\n<p><span style=\"font-weight: 400\">+ H\u01b0\u01a1ng v\u1ecb ph\u00f9 h\u1ee3p v\u1edbi kh\u1ea9u v\u1ecb m\u1ecdi nh\u00e0<\/span><\/p>\n<p><span style=\"font-weight: 400\">+ Ch\u1ebf bi\u1ebfn ti\u1ec7n l\u1ee3i ch\u1ec9<\/span><\/p>\n<p>&nbsp;<\/p>","protected":false},"featured_media":15491,"comment_status":"open","ping_status":"closed","template":"","meta":[],"product_brand":[],"product_cat":[36,143],"product_tag":[],"class_list":{"0":"post-15490","1":"product","2":"type-product","3":"status-publish","4":"has-post-thumbnail","6":"product_cat-thuc-pham-tieu-dung","7":"product_cat-thuc-pham-dong-hop","9":"first","10":"outofstock","11":"sale","12":"shipping-taxable","13":"purchasable","14":"product-type-simple"},"_links":{"self":[{"href":"https:\/\/havamall.com\/en\/wp-json\/wp\/v2\/product\/15490","targetHints":{"allow":["GET"]}}],"collection":[{"href":"https:\/\/havamall.com\/en\/wp-json\/wp\/v2\/product"}],"about":[{"href":"https:\/\/havamall.com\/en\/wp-json\/wp\/v2\/types\/product"}],"replies":[{"embeddable":true,"href":"https:\/\/havamall.com\/en\/wp-json\/wp\/v2\/comments?post=15490"}],"version-history":[{"count":0,"href":"https:\/\/havamall.com\/en\/wp-json\/wp\/v2\/product\/15490\/revisions"}],"wp:featuredmedia":[{"embeddable":true,"href":"https:\/\/havamall.com\/en\/wp-json\/wp\/v2\/media\/15491"}],"wp:attachment":[{"href":"https:\/\/havamall.com\/en\/wp-json\/wp\/v2\/media?parent=15490"}],"wp:term":[{"taxonomy":"product_brand","embeddable":true,"href":"https:\/\/havamall.com\/en\/wp-json\/wp\/v2\/product_brand?post=15490"},{"taxonomy":"product_cat","embeddable":true,"href":"https:\/\/havamall.com\/en\/wp-json\/wp\/v2\/product_cat?post=15490"},{"taxonomy":"product_tag","embeddable":true,"href":"https:\/\/havamall.com\/en\/wp-json\/wp\/v2\/product_tag?post=15490"}],"curies":[{"name":"wp","href":"https:\/\/api.w.org\/{rel}","templated":true}]}}